{"id":1412,"date":"2018-02-27T12:43:13","date_gmt":"2018-02-27T12:43:13","guid":{"rendered":"http:\/\/escort-technology.com\/?page_id=1412"},"modified":"2022-08-16T11:01:46","modified_gmt":"2022-08-16T09:01:46","slug":"hydroakustyka-specjalistyczna","status":"publish","type":"page","link":"http:\/\/escort-technology.com\/en\/hydroakustyka-specjalistyczna\/","title":{"rendered":"Hydroacoustics Devices"},"content":{"rendered":"<p><img decoding=\"async\" src=\"\/wp-content\/uploads\/hydroakustyka.png\" alt=\"\"><\/p>\n<h1>\n<h2>Hydroakustyka specjalistyczna<\/h2>\n<\/h1>\n<div>\n<p>W naszej ofercie elektroniki morskiej posiadamy tak\u017ce szeroki asortyment urz\u0105dze\u0144 z zakresu hydroakustyki specjalistycznej. S\u0105 to urz\u0105dzenia i systemy, wykorzystuj\u0105ce fizyczne w\u0142a\u015bciwo\u015bci fal ultrad\u017awi\u0119kowych do wykrywania, pomiar\u00f3w i lokalizacji r\u00f3\u017cnych obiekt\u00f3w statycznych lub znajduj\u0105cych si\u0119 w ruchu na dnie lub w toni wodnej, a tak\u017ce do zdalnej, bezpiecznej oceny stanu technicznego konstrukcji i budowli hydrotechnicznych. W\u015br\u00f3d naszego sprz\u0119tu hydroakustycznego znajd\u0105 Pa\u0144stwo sonary skanuj\u0105ce, kamery akustyczne, pojazdy podwodne (ROV, AUV) i inne urz\u0105dzenia wymienione szczeg\u00f3\u0142owo poni\u017cej.<\/p>\n<\/div>\n<ul>\n<li>\n<h3>Kamery akustyczne do prezentacji obrazu pod wod\u0105<\/h3>\n<div>\n<ol>\n<li><a style=\"color: #000080;\" https:=\"\" escort-technology=\"\" com=\"\" kamery-akustyczne-aris=\"\" href=\"https:\/\/escort-technology.com\/pl\/kamery-akustyczne-aris\/\"><span>Kamery akustyczne ARIS<\/span><\/a><\/li>\n<\/ol>\n<\/div>\n<\/li>\n<li>\n<h3>Sonary skanuj\u0105ce i wielowi\u0105zkowe<\/h3>\n<div>\n<ol>\n<li><span style=\"color: #000080;\"><a style=\"color: #000080;\" href=\"http:\/\/escort-technology.com\/sonar-kongsberg-mesotech-ms1000\/\">Sonar Kongsberg Mesotech MS1000 <\/a><\/span><\/li>\n<li><span style=\"color: #000080;\"><a style=\"color: #000080;\" href=\"http:\/\/escort-technology.com\/wykorzystanie-sonarow-do-wykrywania-ofiar-utoniec\/\">Wykorzystanie sonar\u00f3w do wykrywania ofiar utoni\u0119\u0107<\/a><\/span><\/li>\n<li><span style=\"color: #000080;\"><a style=\"color: #000080;\" href=\"http:\/\/escort-technology.com\/akustyka-pomaga-w-inspekcji-budowli-wodnych\/\">Akustyka pomaga w inspekcji budowli wodnych<\/a><\/span><\/li>\n<\/ol>\n<\/div>\n<\/li>\n<li>\n<h3>Podwodny GPS<\/h3>\n<div>\n<ol>\n<li><span style=\"color: #333399;\"><a style=\"color: #333399;\" href=\"http:\/\/escort-technology.com\/system-pozycjonowania-podwodnego-spp1\/\">System Pozycjonowania Podwodnego SPP1<\/a><\/span><\/li>\n<li><a href=\"http:\/\/escort-technology.com\/podwodny-gps-gib-lite\/\"><span style=\"color: #333399;\">Podwodny GPS GIB LITE<\/span><\/a><\/li>\n<\/ol>\n<\/div>\n<\/li>\n<\/ul>\n<ul>\n<li>\n<h3>Pojazdy podwodne (ROV, AUV)<\/h3>\n<div>\n<ol>\n<li><a style=\"color: #000080;\" href=\"https:\/\/escort-technology.com\/pojazdy-podwodne-marki-kongsberg\/\">Pojazdy marki Kongsberg<\/a><\/li>\n<li><a style=\"color: #000080;\" href=\"https:\/\/escort-technology.com\/pl\/przenosne-pojazdy-pomiarowe-seafloor-usv\/\">Bezza\u0142ogowe pojazdy pomiarowe USV Seafloor<\/a><\/li>\n<li><a style=\"color: #000080;\" href=\"https:\/\/escort-technology.com\/pojazdy-podwodne-marki-subsea-tech\/\">Pojazdy podwodne marki Subsea Tech<\/a><\/li>\n<li><a style=\"color: #000080;\" href=\"https:\/\/escort-technology.com\/pojazdy-podwodne-jw-fishers\/\">Pojazdy podwodne JW FISHERS<\/a><\/li>\n<li><a style=\"color: #000080;\" href=\"https:\/\/escort-technology.com\/pojazdy-podwodne-saab-seaeye\/\">Pojazdy podwodne Saab Seaeye<\/a><\/li>\n<\/ol>\n<\/div>\n<\/li>\n<li>\n<h3>Sonary do wykrywania przeszk\u00f3d w wodzie<\/h3>\n<div>\n<ol>\n<li><span style=\"color: #000080;\"><a style=\"color: #000080;\" href=\"http:\/\/escort-technology.com\/farsounder-nowe-spojrzenie-na-sytuacje-pod-woda\/\">Farsounder &#8211; nowe spojrzenie na sytuacj\u0119 pod wod\u0105<\/a><\/span><\/li>\n<li><span style=\"color: #000080;\"><a style=\"color: #000080;\" href=\"http:\/\/escort-technology.com\/sonarowy-system-antykolizyjny-3d-do-nawigacji-morskiej-firmy-farsounder\/\">Sonarowy System Antykolizyjny 3D do nawigacji morskiej firmy FarSounder<\/a><\/span><\/li>\n<\/ol>\n<\/div>\n<\/li>\n<\/ul>\n<p><!--more--><br \/>\n<!-- {\"name\":\"\",\"type\":\"layout\",\"children\":[{\"name\":\"opis elektroniki\",\"type\":\"section\",\"props\":{\"width\":\"large\",\"padding\":\"none\",\"style\":\"default\",\"media\":\"\",\"height_viewport\":false,\"header_overlay\":\"light\",\"animation\":\"slide-top-medium\",\"padding_remove_top\":false,\"image_size\":\"cover\",\"image\":\"\",\"image_position\":\"bottom-center\",\"image_fixed\":false,\"class\":\"\",\"overlap\":true,\"vertical_align\":\"middle\",\"title_position\":\"top-left\",\"title_rotation\":\"left\",\"title_breakpoint\":\"xl\"},\"children\":[{\"name\":\"\",\"type\":\"row\",\"children\":[{\"name\":\"\",\"type\":\"column\",\"props\":{\"image_position\":\"center-center\",\"width_medium\":\"1-1\",\"media_overlay_gradient\":\"\"},\"children\":[{\"name\":\"\",\"type\":\"image\",\"props\":{\"margin\":\"default\",\"image\":\"wp-content\\\/uploads\\\/hydroakustyka.png\",\"image_border\":\"rounded\",\"image_box_shadow\":\"small\",\"text_align\":\"center\",\"image_width\":\"1500\",\"image_svg_color\":\"emphasis\"}}]}]},{\"name\":\"\",\"type\":\"row\",\"children\":[{\"name\":\"\",\"type\":\"column\",\"props\":{\"image_position\":\"center-center\",\"width_medium\":\"1-1\",\"media_overlay_gradient\":\"\"},\"children\":[{\"name\":\"\",\"type\":\"headline\",\"props\":{\"title_element\":\"h1\",\"content\":\"\n\n<h2>Hydroakustyka specjalistyczna<\\\/h2>\"}},{\"name\":\"\",\"type\":\"text\",\"props\":{\"margin\":\"default\",\"column_breakpoint\":\"m\",\"content\":\"\n\n<p>W naszej ofercie elektroniki morskiej posiadamy tak\\u017ce szeroki asortyment urz\\u0105dze\\u0144 z zakresu hydroakustyki specjalistycznej. S\\u0105 to urz\\u0105dzenia i systemy, wykorzystuj\\u0105ce fizyczne w\\u0142a\\u015bciwo\\u015bci fal ultrad\\u017awi\\u0119kowych do wykrywania, pomiar\\u00f3w i lokalizacji r\\u00f3\\u017cnych obiekt\\u00f3w statycznych lub znajduj\\u0105cych si\\u0119 w ruchu na dnie lub w toni wodnej, a tak\\u017ce do zdalnej, bezpiecznej oceny stanu technicznego konstrukcji i budowli hydrotechnicznych. W\\u015br\\u00f3d naszego sprz\\u0119tu hydroakustycznego znajd\\u0105 Pa\\u0144stwo sonary skanuj\\u0105ce, kamery akustyczne, pojazdy podwodne (ROV, AUV) i inne urz\\u0105dzenia wymienione szczeg\\u00f3\\u0142owo poni\\u017cej.<\\\/p>\",\"text_align\":\"justify\"}}]}]},{\"name\":\"\",\"type\":\"row\",\"props\":{\"layout\":\"1-2,1-2\",\"margin\":\"medium\"},\"children\":[{\"name\":\"\",\"type\":\"column\",\"props\":{\"image_position\":\"center-center\",\"width_medium\":\"1-2\",\"media_overlay_gradient\":\"\"},\"children\":[{\"name\":\"\",\"type\":\"accordion\",\"props\":{\"show_image\":true,\"show_link\":true,\"collapsible\":true,\"image_align\":\"top\",\"image_grid_width\":\"1-2\",\"link_text\":\"Read more\",\"link_style\":\"default\",\"maxwidth\":\"large\",\"image_grid_breakpoint\":\"m\",\"content_column_breakpoint\":\"m\",\"image_svg_color\":\"emphasis\"},\"children\":[{\"name\":\"\",\"type\":\"accordion_item\",\"props\":{\"title\":\"Kamery akustyczne do prezentacji obrazu pod wod\\u0105\",\"content\":\"\n\n<ol>\\n\n\n<li><a style=\\\"color: #000080;\\\" https:=\\\"\\\" escort-technology=\\\"\\\" com=\\\"\\\" kamery-akustyczne-aris=\\\"\\\" href=\\\"https:\\\/\\\/escort-technology.com\\\/pl\\\/kamery-akustyczne-aris\\\/\\\"><span>Kamery akustyczne ARIS<\\\/span><\\\/a><\\\/li>\\n<\\\/ol>\"}},{\"name\":\"\",\"type\":\"accordion_item\",\"props\":{\"title\":\"Sonary skanuj\\u0105ce i wielowi\\u0105zkowe\",\"content\":\"\n\n<ol>\\n\n\n<li><span style=\\\"color: #000080;\\\"><a style=\\\"color: #000080;\\\" href=\\\"http:\\\/\\\/escort-technology.com\\\/sonar-kongsberg-mesotech-ms1000\\\/\\\">Sonar Kongsberg Mesotech MS1000 <\\\/a><\\\/span><\\\/li>\\n\n\n<li><span style=\\\"color: #000080;\\\"><a style=\\\"color: #000080;\\\" href=\\\"http:\\\/\\\/escort-technology.com\\\/wykorzystanie-sonarow-do-wykrywania-ofiar-utoniec\\\/\\\">Wykorzystanie sonar\\u00f3w do wykrywania ofiar utoni\\u0119\\u0107<\\\/a><\\\/span><\\\/li>\\n\n\n<li><span style=\\\"color: #000080;\\\"><a style=\\\"color: #000080;\\\" href=\\\"http:\\\/\\\/escort-technology.com\\\/akustyka-pomaga-w-inspekcji-budowli-wodnych\\\/\\\">Akustyka pomaga w inspekcji budowli wodnych<\\\/a><\\\/span><\\\/li>\\n<\\\/ol>\"}},{\"name\":\"\",\"type\":\"accordion_item\",\"props\":{\"title\":\"Podwodny GPS\",\"content\":\"\n\n<ol>\\n\n\n<li><span style=\\\"color: #333399;\\\"><a style=\\\"color: #333399;\\\" href=\\\"http:\\\/\\\/escort-technology.com\\\/system-pozycjonowania-podwodnego-spp1\\\/\\\">System Pozycjonowania Podwodnego SPP1<\\\/a><\\\/span><\\\/li>\\n\n\n<li><a href=\\\"http:\\\/\\\/escort-technology.com\\\/podwodny-gps-gib-lite\\\/\\\"><span style=\\\"color: #333399;\\\">Podwodny GPS GIB LITE<\\\/span><\\\/a><\\\/li>\\n<\\\/ol>\"}}]}]},{\"name\":\"\",\"type\":\"column\",\"props\":{\"image_position\":\"center-center\",\"width_medium\":\"1-2\",\"media_overlay_gradient\":\"\"},\"children\":[{\"name\":\"\",\"type\":\"accordion\",\"props\":{\"show_image\":true,\"show_link\":true,\"collapsible\":true,\"image_align\":\"top\",\"image_grid_width\":\"1-2\",\"link_text\":\"Read more\",\"link_style\":\"default\",\"image_grid_breakpoint\":\"m\",\"content_column_breakpoint\":\"m\",\"image_svg_color\":\"emphasis\"},\"children\":[{\"name\":\"\",\"type\":\"accordion_item\",\"props\":{\"title\":\"Pojazdy podwodne (ROV, AUV)\",\"content\":\"\n\n<ol>\\n\n\n<li><a style=\\\"color: #000080;\\\" href=\\\"https:\\\/\\\/escort-technology.com\\\/pojazdy-podwodne-marki-kongsberg\\\/\\\">Pojazdy marki Kongsberg<\\\/a><\\\/li>\\n\n\n<li><a style=\\\"color: #000080;\\\" href=\\\"https:\\\/\\\/escort-technology.com\\\/pl\\\/przenosne-pojazdy-pomiarowe-seafloor-usv\\\/\\\">Bezza\\u0142ogowe pojazdy pomiarowe USV Seafloor<\\\/a><\\\/li>\\n\n\n<li><a style=\\\"color: #000080;\\\" href=\\\"https:\\\/\\\/escort-technology.com\\\/pojazdy-podwodne-marki-subsea-tech\\\/\\\">Pojazdy podwodne marki Subsea Tech<\\\/a><\\\/li>\\n\n\n<li><a style=\\\"color: #000080;\\\" href=\\\"https:\\\/\\\/escort-technology.com\\\/pojazdy-podwodne-jw-fishers\\\/\\\">Pojazdy podwodne JW FISHERS<\\\/a><\\\/li>\\n\n\n<li><a style=\\\"color: #000080;\\\" href=\\\"https:\\\/\\\/escort-technology.com\\\/pojazdy-podwodne-saab-seaeye\\\/\\\">Pojazdy podwodne Saab Seaeye<\\\/a><\\\/li>\\n<\\\/ol>\"}},{\"name\":\"\",\"type\":\"accordion_item\",\"props\":{\"title\":\"Sonary do wykrywania przeszk\\u00f3d w wodzie\",\"content\":\"\n\n<ol>\\n\n\n<li><span style=\\\"color: #000080;\\\"><a style=\\\"color: #000080;\\\" href=\\\"http:\\\/\\\/escort-technology.com\\\/farsounder-nowe-spojrzenie-na-sytuacje-pod-woda\\\/\\\">Farsounder - nowe spojrzenie na sytuacj\\u0119 pod wod\\u0105<\\\/a><\\\/span><\\\/li>\\n\n\n<li><span style=\\\"color: #000080;\\\"><a style=\\\"color: #000080;\\\" href=\\\"http:\\\/\\\/escort-technology.com\\\/sonarowy-system-antykolizyjny-3d-do-nawigacji-morskiej-firmy-farsounder\\\/\\\">Sonarowy System Antykolizyjny 3D do nawigacji morskiej firmy FarSounder<\\\/a><\\\/span><\\\/li>\\n<\\\/ol>\"}}]}]}]}]}],\"version\":\"2.6.7\"} --><\/p>\n","protected":false},"excerpt":{"rendered":"<p>Hydroakustyka specjalistyczna W naszej ofercie elektroniki morskiej posiadamy tak\u017ce szeroki asortyment urz\u0105dze\u0144 z zakresu hydroakustyki specjalistycznej. S\u0105 to urz\u0105dzenia i systemy, wykorzystuj\u0105ce fizyczne w\u0142a\u015bciwo\u015bci fal ultrad\u017awi\u0119kowych do wykrywania, pomiar\u00f3w i lokalizacji r\u00f3\u017cnych obiekt\u00f3w statycznych lub znajduj\u0105cych si\u0119 w ruchu na dnie lub w toni wodnej, a tak\u017ce do zdalnej, bezpiecznej oceny stanu technicznego konstrukcji i [&hellip;]<\/p>\n","protected":false},"author":1,"featured_media":0,"parent":0,"menu_order":0,"comment_status":"closed","ping_status":"closed","template":"","meta":{"footnotes":""},"class_list":["post-1412","page","type-page","status-publish","hentry"],"yoast_head":"<!-- This site is optimized with the Yoast SEO plugin v27.5 - https:\/\/yoast.com\/product\/yoast-seo-wordpress\/ -->\n<title>Hydroakustyka specjalistyczna - oferta firmy Escort \u01c0 Szczecin<\/title>\n<meta name=\"description\" content=\"Oferujemy szeroki wyb\u00f3r urz\u0105dze\u0144 z zakresu hydroakustyki specjalistycznej. Zajmujemy si\u0119 r\u00f3wnie\u017c dostarczaniem pojazd\u00f3w podwodnych AUV i ROV. Oto szczeg\u00f3\u0142y oferty!\" \/>\n<meta name=\"robots\" content=\"index, follow, max-snippet:-1, max-image-preview:large, max-video-preview:-1\" \/>\n<link rel=\"canonical\" href=\"http:\/\/escort-technology.com\/en\/hydroakustyka-specjalistyczna\/\" \/>\n<meta property=\"og:locale\" content=\"en_US\" \/>\n<meta property=\"og:type\" content=\"article\" \/>\n<meta property=\"og:title\" content=\"Hydroakustyka specjalistyczna - oferta firmy Escort \u01c0 Szczecin\" \/>\n<meta property=\"og:description\" content=\"Oferujemy szeroki wyb\u00f3r urz\u0105dze\u0144 z zakresu hydroakustyki specjalistycznej. Zajmujemy si\u0119 r\u00f3wnie\u017c dostarczaniem pojazd\u00f3w podwodnych AUV i ROV. Oto szczeg\u00f3\u0142y oferty!\" \/>\n<meta property=\"og:url\" content=\"http:\/\/escort-technology.com\/en\/hydroakustyka-specjalistyczna\/\" \/>\n<meta property=\"og:site_name\" content=\"ESCORT TECHNOLOGY\" \/>\n<meta property=\"article:publisher\" content=\"https:\/\/www.facebook.com\/elektronika.morska\/\" \/>\n<meta property=\"article:modified_time\" content=\"2022-08-16T09:01:46+00:00\" \/>\n<meta property=\"og:image\" content=\"http:\/\/escort-technology.com\/wp-content\/uploads\/hydroakustyka.png\" \/>\n<meta name=\"twitter:card\" content=\"summary_large_image\" \/>\n<meta name=\"twitter:label1\" content=\"Est. reading time\" \/>\n\t<meta name=\"twitter:data1\" content=\"1 minute\" \/>\n<script type=\"application\/ld+json\" class=\"yoast-schema-graph\">{\"@context\":\"https:\\\/\\\/schema.org\",\"@graph\":[{\"@type\":\"WebPage\",\"@id\":\"http:\\\/\\\/escort-technology.com\\\/pl\\\/hydroakustyka-specjalistyczna\\\/\",\"url\":\"http:\\\/\\\/escort-technology.com\\\/pl\\\/hydroakustyka-specjalistyczna\\\/\",\"name\":\"Hydroakustyka specjalistyczna - oferta firmy Escort \u01c0 Szczecin\",\"isPartOf\":{\"@id\":\"http:\\\/\\\/escort-technology.com\\\/de\\\/#website\"},\"datePublished\":\"2018-02-27T12:43:13+00:00\",\"dateModified\":\"2022-08-16T09:01:46+00:00\",\"description\":\"Oferujemy szeroki wyb\u00f3r urz\u0105dze\u0144 z zakresu hydroakustyki specjalistycznej. Zajmujemy si\u0119 r\u00f3wnie\u017c dostarczaniem pojazd\u00f3w podwodnych AUV i ROV. Oto szczeg\u00f3\u0142y oferty!\",\"breadcrumb\":{\"@id\":\"http:\\\/\\\/escort-technology.com\\\/pl\\\/hydroakustyka-specjalistyczna\\\/#breadcrumb\"},\"inLanguage\":\"en-US\",\"potentialAction\":[{\"@type\":\"ReadAction\",\"target\":[\"http:\\\/\\\/escort-technology.com\\\/pl\\\/hydroakustyka-specjalistyczna\\\/\"]}]},{\"@type\":\"BreadcrumbList\",\"@id\":\"http:\\\/\\\/escort-technology.com\\\/pl\\\/hydroakustyka-specjalistyczna\\\/#breadcrumb\",\"itemListElement\":[{\"@type\":\"ListItem\",\"position\":1,\"name\":\"Strona g\u0142\u00f3wna\",\"item\":\"https:\\\/\\\/escort-technology.com\\\/\"},{\"@type\":\"ListItem\",\"position\":2,\"name\":\"Hydroakustyka specjalistyczna\"}]},{\"@type\":\"WebSite\",\"@id\":\"http:\\\/\\\/escort-technology.com\\\/de\\\/#website\",\"url\":\"http:\\\/\\\/escort-technology.com\\\/de\\\/\",\"name\":\"ESCORT TECHNOLOGY\",\"description\":\"Elektronika morska i l\u0105dowa\",\"publisher\":{\"@id\":\"http:\\\/\\\/escort-technology.com\\\/de\\\/#organization\"},\"potentialAction\":[{\"@type\":\"SearchAction\",\"target\":{\"@type\":\"EntryPoint\",\"urlTemplate\":\"http:\\\/\\\/escort-technology.com\\\/de\\\/?s={search_term_string}\"},\"query-input\":{\"@type\":\"PropertyValueSpecification\",\"valueRequired\":true,\"valueName\":\"search_term_string\"}}],\"inLanguage\":\"en-US\"},{\"@type\":\"Organization\",\"@id\":\"http:\\\/\\\/escort-technology.com\\\/de\\\/#organization\",\"name\":\"ESCORT TECHNOLOGY\",\"url\":\"http:\\\/\\\/escort-technology.com\\\/de\\\/\",\"logo\":{\"@type\":\"ImageObject\",\"inLanguage\":\"en-US\",\"@id\":\"http:\\\/\\\/escort-technology.com\\\/de\\\/#\\\/schema\\\/logo\\\/image\\\/\",\"url\":\"https:\\\/\\\/escort-technology.com\\\/wp-content\\\/uploads\\\/logo-1.jpg\",\"contentUrl\":\"https:\\\/\\\/escort-technology.com\\\/wp-content\\\/uploads\\\/logo-1.jpg\",\"width\":600,\"height\":165,\"caption\":\"ESCORT TECHNOLOGY\"},\"image\":{\"@id\":\"http:\\\/\\\/escort-technology.com\\\/de\\\/#\\\/schema\\\/logo\\\/image\\\/\"},\"sameAs\":[\"https:\\\/\\\/www.facebook.com\\\/elektronika.morska\\\/\",\"https:\\\/\\\/www.linkedin.com\\\/company\\\/escort-sp-z-o-o-\\\/\"]}]}<\/script>\n<!-- \/ Yoast SEO plugin. -->","yoast_head_json":{"title":"Hydroakustyka specjalistyczna - oferta firmy Escort \u01c0 Szczecin","description":"Oferujemy szeroki wyb\u00f3r urz\u0105dze\u0144 z zakresu hydroakustyki specjalistycznej. Zajmujemy si\u0119 r\u00f3wnie\u017c dostarczaniem pojazd\u00f3w podwodnych AUV i ROV. Oto szczeg\u00f3\u0142y oferty!","robots":{"index":"index","follow":"follow","max-snippet":"max-snippet:-1","max-image-preview":"max-image-preview:large","max-video-preview":"max-video-preview:-1"},"canonical":"http:\/\/escort-technology.com\/en\/hydroakustyka-specjalistyczna\/","og_locale":"en_US","og_type":"article","og_title":"Hydroakustyka specjalistyczna - oferta firmy Escort \u01c0 Szczecin","og_description":"Oferujemy szeroki wyb\u00f3r urz\u0105dze\u0144 z zakresu hydroakustyki specjalistycznej. Zajmujemy si\u0119 r\u00f3wnie\u017c dostarczaniem pojazd\u00f3w podwodnych AUV i ROV. Oto szczeg\u00f3\u0142y oferty!","og_url":"http:\/\/escort-technology.com\/en\/hydroakustyka-specjalistyczna\/","og_site_name":"ESCORT TECHNOLOGY","article_publisher":"https:\/\/www.facebook.com\/elektronika.morska\/","article_modified_time":"2022-08-16T09:01:46+00:00","og_image":[{"url":"http:\/\/escort-technology.com\/wp-content\/uploads\/hydroakustyka.png","type":"","width":"","height":""}],"twitter_card":"summary_large_image","twitter_misc":{"Est. reading time":"1 minute"},"schema":{"@context":"https:\/\/schema.org","@graph":[{"@type":"WebPage","@id":"http:\/\/escort-technology.com\/pl\/hydroakustyka-specjalistyczna\/","url":"http:\/\/escort-technology.com\/pl\/hydroakustyka-specjalistyczna\/","name":"Hydroakustyka specjalistyczna - oferta firmy Escort \u01c0 Szczecin","isPartOf":{"@id":"http:\/\/escort-technology.com\/de\/#website"},"datePublished":"2018-02-27T12:43:13+00:00","dateModified":"2022-08-16T09:01:46+00:00","description":"Oferujemy szeroki wyb\u00f3r urz\u0105dze\u0144 z zakresu hydroakustyki specjalistycznej. Zajmujemy si\u0119 r\u00f3wnie\u017c dostarczaniem pojazd\u00f3w podwodnych AUV i ROV. Oto szczeg\u00f3\u0142y oferty!","breadcrumb":{"@id":"http:\/\/escort-technology.com\/pl\/hydroakustyka-specjalistyczna\/#breadcrumb"},"inLanguage":"en-US","potentialAction":[{"@type":"ReadAction","target":["http:\/\/escort-technology.com\/pl\/hydroakustyka-specjalistyczna\/"]}]},{"@type":"BreadcrumbList","@id":"http:\/\/escort-technology.com\/pl\/hydroakustyka-specjalistyczna\/#breadcrumb","itemListElement":[{"@type":"ListItem","position":1,"name":"Strona g\u0142\u00f3wna","item":"https:\/\/escort-technology.com\/"},{"@type":"ListItem","position":2,"name":"Hydroakustyka specjalistyczna"}]},{"@type":"WebSite","@id":"http:\/\/escort-technology.com\/de\/#website","url":"http:\/\/escort-technology.com\/de\/","name":"ESCORT TECHNOLOGY","description":"Onshore and offshore electronics","publisher":{"@id":"http:\/\/escort-technology.com\/de\/#organization"},"potentialAction":[{"@type":"SearchAction","target":{"@type":"EntryPoint","urlTemplate":"http:\/\/escort-technology.com\/de\/?s={search_term_string}"},"query-input":{"@type":"PropertyValueSpecification","valueRequired":true,"valueName":"search_term_string"}}],"inLanguage":"en-US"},{"@type":"Organization","@id":"http:\/\/escort-technology.com\/de\/#organization","name":"ESCORT TECHNOLOGY","url":"http:\/\/escort-technology.com\/de\/","logo":{"@type":"ImageObject","inLanguage":"en-US","@id":"http:\/\/escort-technology.com\/de\/#\/schema\/logo\/image\/","url":"https:\/\/escort-technology.com\/wp-content\/uploads\/logo-1.jpg","contentUrl":"https:\/\/escort-technology.com\/wp-content\/uploads\/logo-1.jpg","width":600,"height":165,"caption":"ESCORT TECHNOLOGY"},"image":{"@id":"http:\/\/escort-technology.com\/de\/#\/schema\/logo\/image\/"},"sameAs":["https:\/\/www.facebook.com\/elektronika.morska\/","https:\/\/www.linkedin.com\/company\/escort-sp-z-o-o-\/"]}]}},"_links":{"self":[{"href":"http:\/\/escort-technology.com\/en\/wp-json\/wp\/v2\/pages\/1412","targetHints":{"allow":["GET"]}}],"collection":[{"href":"http:\/\/escort-technology.com\/en\/wp-json\/wp\/v2\/pages"}],"about":[{"href":"http:\/\/escort-technology.com\/en\/wp-json\/wp\/v2\/types\/page"}],"author":[{"embeddable":true,"href":"http:\/\/escort-technology.com\/en\/wp-json\/wp\/v2\/users\/1"}],"replies":[{"embeddable":true,"href":"http:\/\/escort-technology.com\/en\/wp-json\/wp\/v2\/comments?post=1412"}],"version-history":[{"count":18,"href":"http:\/\/escort-technology.com\/en\/wp-json\/wp\/v2\/pages\/1412\/revisions"}],"predecessor-version":[{"id":11445,"href":"http:\/\/escort-technology.com\/en\/wp-json\/wp\/v2\/pages\/1412\/revisions\/11445"}],"wp:attachment":[{"href":"http:\/\/escort-technology.com\/en\/wp-json\/wp\/v2\/media?parent=1412"}],"curies":[{"name":"wp","href":"https:\/\/api.w.org\/{rel}","templated":true}]}}