{"id":1416,"date":"2018-02-27T12:44:06","date_gmt":"2018-02-27T12:44:06","guid":{"rendered":"http:\/\/escort-technology.com\/?page_id=1416"},"modified":"2020-02-12T13:43:46","modified_gmt":"2020-02-12T12:43:46","slug":"system-podwodnej-ochrony-portow-i-obiektow","status":"publish","type":"page","link":"http:\/\/escort-technology.com\/en\/system-podwodnej-ochrony-portow-i-obiektow\/","title":{"rendered":"Systems of underwater protection of ports and facilities"},"content":{"rendered":"<p>System podwodnej ochrony port\u00f3w i obiekt\u00f3w<\/p>\n<p>Zach\u0119camy Pa\u0144stwa do zapoznania si\u0119 z nasz\u0105 ofert\u0105 hydroakustycznych system\u00f3w nadzoru i wykrywania p\u0142etwonurk\u00f3w i ruchomych obiekt\u00f3w podwodnych w ograniczonym rejonie. Pe\u0142ni\u0105 one funkcje wspomagaj\u0105ce dla ochrony port\u00f3w, jednostek p\u0142ywaj\u0105cych i rejon\u00f3w zastrze\u017conych przed dywersj\u0105. Poni\u017cej szczeg\u00f3\u0142y dotycz\u0105ce naszych urz\u0105dze\u0144. Prowadzimy r\u00f3wnie\u017c monitoring obiekt\u00f3w hydrotechnicznych.<\/p>\n<p>\nSystemy wykrywania zagro\u017ce\u0144 firmy Kongsberg Mesotech<br \/>\nKongsberg Mesotech DDS 9000T\n<\/p>\n<p><!-- {\"name\":\"\",\"type\":\"layout\",\"children\":[{\"name\":\"opis elektroniki\",\"type\":\"section\",\"props\":{\"width\":\"default\",\"padding\":\"none\",\"style\":\"default\",\"text_color\":\"\",\"media\":\"\",\"height_viewport\":false,\"header_overlay\":\"light\",\"animation\":\"slide-top-medium\",\"padding_remove_top\":false,\"image_size\":\"cover\",\"image\":\"\",\"image_position\":\"bottom-center\",\"image_fixed\":false,\"class\":\"\",\"overlap\":true,\"vertical_align\":\"middle\",\"title_position\":\"top-left\",\"title_rotation\":\"left\",\"title_breakpoint\":\"xl\"},\"children\":[{\"name\":\"\",\"type\":\"row\",\"props\":{\"fixed_width\":\"large\",\"breakpoint\":\"m\",\"layout\":\"1-1\"},\"children\":[{\"name\":\"\",\"type\":\"column\",\"props\":{\"widths\":[\"1-1\"],\"image_position\":\"center-center\"},\"children\":[{\"name\":\"\",\"type\":\"image\",\"props\":{\"margin\":\"default\",\"image\":\"wp-content\\\/uploads\\\/ochrona.png\",\"image_border\":\"rounded\",\"image_box_shadow\":\"small\",\"text_align\":\"center\",\"image_width\":\"1500\"}}]}]},{\"name\":\"\",\"type\":\"row\",\"props\":{\"fixed_width\":\"large\",\"breakpoint\":\"m\",\"layout\":\"1-1\"},\"children\":[{\"name\":\"\",\"type\":\"column\",\"props\":{\"widths\":[\"1-1\"],\"image_position\":\"center-center\"},\"children\":[{\"name\":\"\",\"type\":\"headline\",\"props\":{\"title_element\":\"h1\",\"content\":\"\n\n<h2>System podwodnej ochrony port\\u00f3w i obiekt\\u00f3w<\\\/h2>\"}},{\"name\":\"\",\"type\":\"text\",\"props\":{\"margin\":\"default\",\"column_breakpoint\":\"m\",\"content\":\"\n\n<p>Zach\\u0119camy Pa\\u0144stwa do zapoznania si\\u0119 z nasz\\u0105 ofert\\u0105 hydroakustycznych system\\u00f3w nadzoru i wykrywania p\\u0142etwonurk\\u00f3w i ruchomych obiekt\\u00f3w podwodnych w ograniczonym rejonie. Pe\\u0142ni\\u0105 one funkcje wspomagaj\\u0105ce dla ochrony port\\u00f3w, jednostek p\\u0142ywaj\\u0105cych i rejon\\u00f3w zastrze\\u017conych przed dywersj\\u0105. Poni\\u017cej szczeg\\u00f3\\u0142y dotycz\\u0105ce naszych urz\\u0105dze\\u0144. Prowadzimy r\\u00f3wnie\\u017c monitoring obiekt\\u00f3w hydrotechnicznych.<\\\/p>\",\"text_align\":\"justify\"}}]}]},{\"name\":\"\",\"type\":\"row\",\"props\":{\"fixed_width\":\"large\",\"breakpoint\":\"m\",\"layout\":\",\",\"margin\":\"medium\"},\"children\":[{\"name\":\"\",\"type\":\"column\",\"props\":{\"widths\":[\"\"],\"image_position\":\"center-center\"},\"children\":[{\"name\":\"\",\"type\":\"accordion\",\"props\":{\"show_image\":true,\"show_link\":true,\"collapsible\":true,\"image_align\":\"top\",\"image_grid_width\":\"1-2\",\"image_breakpoint\":\"m\",\"link_text\":\"Read more\",\"link_style\":\"default\"},\"children\":[{\"name\":\"\",\"type\":\"accordion_item\",\"props\":{\"title\":\"Systemy oparte o hydroakust. g\\u0142owice wielowi\\u0105zkowe\",\"content\":\"\n\n<ol>\\n\n\n<li><span style=\\\"color: #000080;\\\"><a style=\\\"color: #000080;\\\" href=\\\"http:\\\/\\\/escort-technology.com\\\/systemy-wykrywania-zagrozen-firmy-kongsberg-mesotech\\\/\\\">Systemy wykrywania zagro\\u017ce\\u0144 firmy Kongsberg Mesotech<\\\/a><\\\/span><\\\/li>\\n\n\n<li><span style=\\\"color: #000080;\\\"><a style=\\\"color: #000080;\\\" href=\\\"http:\\\/\\\/escort-technology.com\\\/kongsberg-mesotech-dds-9000t\\\/\\\">Kongsberg Mesotech DDS 9000T<\\\/a><\\\/span><\\\/li>\\n<\\\/ol>\"}}]}]},{\"name\":\"\",\"type\":\"column\",\"props\":{\"widths\":[\"\"],\"image_position\":\"center-center\"}}]}]}]} --><\/p>\n","protected":false},"excerpt":{"rendered":"<p>System podwodnej ochrony port\u00f3w i obiekt\u00f3w Zach\u0119camy Pa\u0144stwa do zapoznania si\u0119 z nasz\u0105 ofert\u0105 hydroakustycznych system\u00f3w nadzoru i wykrywania p\u0142etwonurk\u00f3w i ruchomych obiekt\u00f3w podwodnych w ograniczonym rejonie. Pe\u0142ni\u0105 one funkcje wspomagaj\u0105ce dla ochrony port\u00f3w, jednostek p\u0142ywaj\u0105cych i rejon\u00f3w zastrze\u017conych przed dywersj\u0105. Poni\u017cej szczeg\u00f3\u0142y dotycz\u0105ce naszych urz\u0105dze\u0144. Prowadzimy r\u00f3wnie\u017c monitoring obiekt\u00f3w hydrotechnicznych. Systemy wykrywania zagro\u017ce\u0144 firmy [&hellip;]<\/p>\n","protected":false},"author":1,"featured_media":0,"parent":0,"menu_order":0,"comment_status":"closed","ping_status":"closed","template":"","meta":{"footnotes":""},"class_list":["post-1416","page","type-page","status-publish","hentry"],"yoast_head":"<!-- This site is optimized with the Yoast SEO plugin v27.6 - https:\/\/yoast.com\/product\/yoast-seo-wordpress\/ -->\n<title>System podwodnej ochrony port\u00f3w i obiekt\u00f3w - firma Escort<\/title>\n<meta name=\"description\" content=\"Specjalizujemy si\u0119 w dostarczaniu system\u00f3w podwodnej ochrony port\u00f3w i obiekt\u00f3w. W naszej ofercie znajd\u0105 Pa\u0144stwo r\u00f3wnie\u017c nowoczesny sprz\u0119t radiokomunikacyjny.\" \/>\n<meta name=\"robots\" content=\"index, follow, max-snippet:-1, max-image-preview:large, max-video-preview:-1\" \/>\n<link rel=\"canonical\" href=\"https:\/\/escort-technology.com\/en\/system-podwodnej-ochrony-portow-i-obiektow\/\" \/>\n<meta property=\"og:locale\" content=\"en_US\" \/>\n<meta property=\"og:type\" content=\"article\" \/>\n<meta property=\"og:title\" content=\"System podwodnej ochrony port\u00f3w i obiekt\u00f3w - firma Escort\" \/>\n<meta property=\"og:description\" content=\"Specjalizujemy si\u0119 w dostarczaniu system\u00f3w podwodnej ochrony port\u00f3w i obiekt\u00f3w. W naszej ofercie znajd\u0105 Pa\u0144stwo r\u00f3wnie\u017c nowoczesny sprz\u0119t radiokomunikacyjny.\" \/>\n<meta property=\"og:url\" content=\"https:\/\/escort-technology.com\/en\/system-podwodnej-ochrony-portow-i-obiektow\/\" \/>\n<meta property=\"og:site_name\" content=\"ESCORT TECHNOLOGY\" \/>\n<meta property=\"article:publisher\" content=\"https:\/\/www.facebook.com\/elektronika.morska\/\" \/>\n<meta property=\"article:modified_time\" content=\"2020-02-12T12:43:46+00:00\" \/>\n<meta name=\"twitter:card\" content=\"summary_large_image\" \/>\n<script type=\"application\/ld+json\" class=\"yoast-schema-graph\">{\"@context\":\"https:\\\/\\\/schema.org\",\"@graph\":[{\"@type\":\"WebPage\",\"@id\":\"https:\\\/\\\/escort-technology.com\\\/pl\\\/system-podwodnej-ochrony-portow-i-obiektow\\\/\",\"url\":\"https:\\\/\\\/escort-technology.com\\\/pl\\\/system-podwodnej-ochrony-portow-i-obiektow\\\/\",\"name\":\"System podwodnej ochrony port\u00f3w i obiekt\u00f3w - firma Escort\",\"isPartOf\":{\"@id\":\"http:\\\/\\\/escort-technology.com\\\/de\\\/#website\"},\"datePublished\":\"2018-02-27T12:44:06+00:00\",\"dateModified\":\"2020-02-12T12:43:46+00:00\",\"description\":\"Specjalizujemy si\u0119 w dostarczaniu system\u00f3w podwodnej ochrony port\u00f3w i obiekt\u00f3w. W naszej ofercie znajd\u0105 Pa\u0144stwo r\u00f3wnie\u017c nowoczesny sprz\u0119t radiokomunikacyjny.\",\"breadcrumb\":{\"@id\":\"https:\\\/\\\/escort-technology.com\\\/pl\\\/system-podwodnej-ochrony-portow-i-obiektow\\\/#breadcrumb\"},\"inLanguage\":\"en-US\",\"potentialAction\":[{\"@type\":\"ReadAction\",\"target\":[\"https:\\\/\\\/escort-technology.com\\\/pl\\\/system-podwodnej-ochrony-portow-i-obiektow\\\/\"]}]},{\"@type\":\"BreadcrumbList\",\"@id\":\"https:\\\/\\\/escort-technology.com\\\/pl\\\/system-podwodnej-ochrony-portow-i-obiektow\\\/#breadcrumb\",\"itemListElement\":[{\"@type\":\"ListItem\",\"position\":1,\"name\":\"Strona g\u0142\u00f3wna\",\"item\":\"https:\\\/\\\/escort-technology.com\\\/\"},{\"@type\":\"ListItem\",\"position\":2,\"name\":\"System podwodnej ochrony port\u00f3w i obiekt\u00f3w\"}]},{\"@type\":\"WebSite\",\"@id\":\"http:\\\/\\\/escort-technology.com\\\/de\\\/#website\",\"url\":\"http:\\\/\\\/escort-technology.com\\\/de\\\/\",\"name\":\"ESCORT TECHNOLOGY\",\"description\":\"Elektronika morska i l\u0105dowa\",\"publisher\":{\"@id\":\"http:\\\/\\\/escort-technology.com\\\/de\\\/#organization\"},\"potentialAction\":[{\"@type\":\"SearchAction\",\"target\":{\"@type\":\"EntryPoint\",\"urlTemplate\":\"http:\\\/\\\/escort-technology.com\\\/de\\\/?s={search_term_string}\"},\"query-input\":{\"@type\":\"PropertyValueSpecification\",\"valueRequired\":true,\"valueName\":\"search_term_string\"}}],\"inLanguage\":\"en-US\"},{\"@type\":\"Organization\",\"@id\":\"http:\\\/\\\/escort-technology.com\\\/de\\\/#organization\",\"name\":\"ESCORT TECHNOLOGY\",\"url\":\"http:\\\/\\\/escort-technology.com\\\/de\\\/\",\"logo\":{\"@type\":\"ImageObject\",\"inLanguage\":\"en-US\",\"@id\":\"http:\\\/\\\/escort-technology.com\\\/de\\\/#\\\/schema\\\/logo\\\/image\\\/\",\"url\":\"https:\\\/\\\/escort-technology.com\\\/wp-content\\\/uploads\\\/logo-1.jpg\",\"contentUrl\":\"https:\\\/\\\/escort-technology.com\\\/wp-content\\\/uploads\\\/logo-1.jpg\",\"width\":600,\"height\":165,\"caption\":\"ESCORT TECHNOLOGY\"},\"image\":{\"@id\":\"http:\\\/\\\/escort-technology.com\\\/de\\\/#\\\/schema\\\/logo\\\/image\\\/\"},\"sameAs\":[\"https:\\\/\\\/www.facebook.com\\\/elektronika.morska\\\/\",\"https:\\\/\\\/www.linkedin.com\\\/company\\\/escort-sp-z-o-o-\\\/\"]}]}<\/script>\n<!-- \/ Yoast SEO plugin. -->","yoast_head_json":{"title":"System podwodnej ochrony port\u00f3w i obiekt\u00f3w - firma Escort","description":"Specjalizujemy si\u0119 w dostarczaniu system\u00f3w podwodnej ochrony port\u00f3w i obiekt\u00f3w. W naszej ofercie znajd\u0105 Pa\u0144stwo r\u00f3wnie\u017c nowoczesny sprz\u0119t radiokomunikacyjny.","robots":{"index":"index","follow":"follow","max-snippet":"max-snippet:-1","max-image-preview":"max-image-preview:large","max-video-preview":"max-video-preview:-1"},"canonical":"https:\/\/escort-technology.com\/en\/system-podwodnej-ochrony-portow-i-obiektow\/","og_locale":"en_US","og_type":"article","og_title":"System podwodnej ochrony port\u00f3w i obiekt\u00f3w - firma Escort","og_description":"Specjalizujemy si\u0119 w dostarczaniu system\u00f3w podwodnej ochrony port\u00f3w i obiekt\u00f3w. W naszej ofercie znajd\u0105 Pa\u0144stwo r\u00f3wnie\u017c nowoczesny sprz\u0119t radiokomunikacyjny.","og_url":"https:\/\/escort-technology.com\/en\/system-podwodnej-ochrony-portow-i-obiektow\/","og_site_name":"ESCORT TECHNOLOGY","article_publisher":"https:\/\/www.facebook.com\/elektronika.morska\/","article_modified_time":"2020-02-12T12:43:46+00:00","twitter_card":"summary_large_image","schema":{"@context":"https:\/\/schema.org","@graph":[{"@type":"WebPage","@id":"https:\/\/escort-technology.com\/pl\/system-podwodnej-ochrony-portow-i-obiektow\/","url":"https:\/\/escort-technology.com\/pl\/system-podwodnej-ochrony-portow-i-obiektow\/","name":"System podwodnej ochrony port\u00f3w i obiekt\u00f3w - firma Escort","isPartOf":{"@id":"http:\/\/escort-technology.com\/de\/#website"},"datePublished":"2018-02-27T12:44:06+00:00","dateModified":"2020-02-12T12:43:46+00:00","description":"Specjalizujemy si\u0119 w dostarczaniu system\u00f3w podwodnej ochrony port\u00f3w i obiekt\u00f3w. W naszej ofercie znajd\u0105 Pa\u0144stwo r\u00f3wnie\u017c nowoczesny sprz\u0119t radiokomunikacyjny.","breadcrumb":{"@id":"https:\/\/escort-technology.com\/pl\/system-podwodnej-ochrony-portow-i-obiektow\/#breadcrumb"},"inLanguage":"en-US","potentialAction":[{"@type":"ReadAction","target":["https:\/\/escort-technology.com\/pl\/system-podwodnej-ochrony-portow-i-obiektow\/"]}]},{"@type":"BreadcrumbList","@id":"https:\/\/escort-technology.com\/pl\/system-podwodnej-ochrony-portow-i-obiektow\/#breadcrumb","itemListElement":[{"@type":"ListItem","position":1,"name":"Strona g\u0142\u00f3wna","item":"https:\/\/escort-technology.com\/"},{"@type":"ListItem","position":2,"name":"System podwodnej ochrony port\u00f3w i obiekt\u00f3w"}]},{"@type":"WebSite","@id":"http:\/\/escort-technology.com\/de\/#website","url":"http:\/\/escort-technology.com\/de\/","name":"ESCORT TECHNOLOGY","description":"Onshore and offshore electronics","publisher":{"@id":"http:\/\/escort-technology.com\/de\/#organization"},"potentialAction":[{"@type":"SearchAction","target":{"@type":"EntryPoint","urlTemplate":"http:\/\/escort-technology.com\/de\/?s={search_term_string}"},"query-input":{"@type":"PropertyValueSpecification","valueRequired":true,"valueName":"search_term_string"}}],"inLanguage":"en-US"},{"@type":"Organization","@id":"http:\/\/escort-technology.com\/de\/#organization","name":"ESCORT TECHNOLOGY","url":"http:\/\/escort-technology.com\/de\/","logo":{"@type":"ImageObject","inLanguage":"en-US","@id":"http:\/\/escort-technology.com\/de\/#\/schema\/logo\/image\/","url":"https:\/\/escort-technology.com\/wp-content\/uploads\/logo-1.jpg","contentUrl":"https:\/\/escort-technology.com\/wp-content\/uploads\/logo-1.jpg","width":600,"height":165,"caption":"ESCORT TECHNOLOGY"},"image":{"@id":"http:\/\/escort-technology.com\/de\/#\/schema\/logo\/image\/"},"sameAs":["https:\/\/www.facebook.com\/elektronika.morska\/","https:\/\/www.linkedin.com\/company\/escort-sp-z-o-o-\/"]}]}},"_links":{"self":[{"href":"http:\/\/escort-technology.com\/en\/wp-json\/wp\/v2\/pages\/1416","targetHints":{"allow":["GET"]}}],"collection":[{"href":"http:\/\/escort-technology.com\/en\/wp-json\/wp\/v2\/pages"}],"about":[{"href":"http:\/\/escort-technology.com\/en\/wp-json\/wp\/v2\/types\/page"}],"author":[{"embeddable":true,"href":"http:\/\/escort-technology.com\/en\/wp-json\/wp\/v2\/users\/1"}],"replies":[{"embeddable":true,"href":"http:\/\/escort-technology.com\/en\/wp-json\/wp\/v2\/comments?post=1416"}],"version-history":[{"count":6,"href":"http:\/\/escort-technology.com\/en\/wp-json\/wp\/v2\/pages\/1416\/revisions"}],"predecessor-version":[{"id":5487,"href":"http:\/\/escort-technology.com\/en\/wp-json\/wp\/v2\/pages\/1416\/revisions\/5487"}],"wp:attachment":[{"href":"http:\/\/escort-technology.com\/en\/wp-json\/wp\/v2\/media?parent=1416"}],"curies":[{"name":"wp","href":"https:\/\/api.w.org\/{rel}","templated":true}]}}