{"id":14768,"date":"2026-01-28T09:41:26","date_gmt":"2026-01-28T08:41:26","guid":{"rendered":"https:\/\/escort-technology.com\/?page_id=14768"},"modified":"2026-01-28T12:27:21","modified_gmt":"2026-01-28T11:27:21","slug":"serwis-oswietlenia-nawigacyjnego","status":"publish","type":"page","link":"http:\/\/escort-technology.com\/en\/serwis-oswietlenia-nawigacyjnego\/","title":{"rendered":"Serwis O\u015bwietlenia Nawigacyjnego"},"content":{"rendered":"<h1>\n<h1 style=\"text-align: center;\"><strong>NAPRAWA I SERWIS O\u015aWIETLENIA NAWIGACYJNEGO<\/strong><o:p><\/o:p><\/h1>\n<\/h1>\n<div>\n<p>Firma <strong>ESCORT Technology<\/strong> oferuje specjalistyczne us\u0142ugi w zakresie <strong>naprawy i serwisu system\u00f3w o\u015bwietlenia nawigacyjnego<\/strong> stosowanego na jednostkach p\u0142ywaj\u0105cych oraz instalacjach stacjonarnych.<\/p>\n<h3><strong>Zakres obs\u0142ugi:<\/strong><\/h3>\n<ul>\n<li><strong>Diagnostyka i lokalizacja usterek<\/strong> w instalacjach o\u015bwietlenia nawigacyjnego<\/li>\n<li><strong>Naprawa i wymiana <\/strong>modu\u0142\u00f3w LED, lamp halogenowych, sterownik\u00f3w, z\u0142\u0105czy i okablowania<\/li>\n<li><strong>Regeneracja i uszczelnianie<\/strong> opraw o\u015bwietleniowych<\/li>\n<li><strong>Kalibracja<\/strong> system\u00f3w \u015bwietlnych zgodnie z normami technicznymi i przepisami<\/li>\n<li><strong>Monta\u017c<\/strong> nowych punkt\u00f3w \u015bwietlnych oraz <strong>modernizacja<\/strong> istniej\u0105cych system\u00f3w<\/li>\n<li>Kontrola sprawno\u015bci i zgodno\u015bci z wymogami bezpiecze\u0144stwa (np. IMO, CE, PN)<\/li>\n<\/ul>\n<\/div>\n<div>\n<h3 data-start=\"1816\" data-end=\"1851\" class=\"\"><strong data-start=\"1820\" data-end=\"1851\">Dlaczego ESCORT Technology?<\/strong><\/h3>\n<ul>\n<li>Znajomo\u015b\u0107 przepis\u00f3w bran\u017cowych i norm technicznych<\/li>\n<li>Dost\u0119p do wysokiej jako\u015bci cz\u0119\u015bci zamiennych i podzespo\u0142\u00f3w<\/li>\n<li>Mo\u017cliwo\u015b\u0107 realizacji prac w terenie \u2013 serwis mobilny<\/li>\n<li>Dokumentacja serwisowa i protoko\u0142y odbioru technicznego<\/li>\n<li>Kr\u00f3tkie terminy realizacji\u00a0<\/li>\n<li>Indywidualne podej\u015bcie do klienta i pe\u0142na dokumentacja serwisowa<\/li>\n<\/ul>\n<p><img decoding=\"async\" draggable=\"false\" role=\"img\" class=\"emoji\" alt=\"&#x260e;\" src=\"https:\/\/s.w.org\/images\/core\/emoji\/17.0.2\/svg\/260e.svg\" \/><span>\u00a0<\/span><strong data-start=\"3775\" data-end=\"3787\">Telefon:<\/strong><span>\u00a0+48 603 659 295<\/span><br data-start=\"3804\" data-end=\"3807\" \/><img decoding=\"async\" draggable=\"false\" role=\"img\" class=\"emoji\" alt=\"&#x1f4e7;\" src=\"https:\/\/s.w.org\/images\/core\/emoji\/17.0.2\/svg\/1f4e7.svg\" \/><span>\u00a0<\/span><strong data-start=\"3810\" data-end=\"3821\">E-mail:<\/strong><span>\u00a0<\/span><em data-start=\"3822\" data-end=\"3849\"><span id=\"eeb-25935-712470\"><span id=\"eeb-598475-709653\">service@escort.com.pl<\/span><\/span><\/em><br data-start=\"3849\" data-end=\"3852\" \/><img decoding=\"async\" draggable=\"false\" role=\"img\" class=\"emoji\" alt=\"&#x1f4cd;\" src=\"https:\/\/s.w.org\/images\/core\/emoji\/17.0.2\/svg\/1f4cd.svg\" \/><span>\u00a0<\/span><strong data-start=\"3855\" data-end=\"3868\">Siedziba:<\/strong><span>\u00a0Szczecin, Gda\u0144sk<\/span><\/p>\n<ul data-start=\"2242\" data-end=\"2505\"><\/ul>\n<\/div>\n<p><img decoding=\"async\" src=\"\/wp-content\/uploads\/2026\/01\/naprawa-oswietlenia.png\" alt=\"naprawa oswietlenia\"><\/p>\n<p><!--more--><br \/>\n<!-- {\"type\":\"layout\",\"children\":[{\"type\":\"section\",\"props\":{\"image\":\"wp-content\\\/uploads\\\/2024\\\/12\\\/jeremy-bishop-G9i_plbfDgk-unsplash-scaled.jpg\",\"image_position\":\"center-center\",\"style\":\"secondary\",\"title_breakpoint\":\"xl\",\"title_position\":\"top-left\",\"title_rotation\":\"left\",\"vertical_align\":\"middle\",\"width\":\"default\"},\"children\":[{\"type\":\"row\",\"children\":[{\"type\":\"column\",\"props\":{\"image_position\":\"center-center\",\"position_sticky_breakpoint\":\"m\"},\"children\":[{\"type\":\"headline\",\"props\":{\"content\":\"\n\n<h1 style=\\\"text-align: center;\\\"><strong>NAPRAWA I SERWIS O\\u015aWIETLENIA NAWIGACYJNEGO<\\\/strong><o:p><\\\/o:p><\\\/h1>\",\"title_element\":\"h1\"}}]}]}]},{\"type\":\"section\",\"props\":{\"image_position\":\"center-center\",\"style\":\"default\",\"title_breakpoint\":\"xl\",\"title_position\":\"top-left\",\"title_rotation\":\"left\",\"vertical_align\":\"middle\",\"width\":\"default\"},\"children\":[{\"type\":\"row\",\"children\":[{\"type\":\"column\",\"props\":{\"image_position\":\"center-center\",\"position_sticky_breakpoint\":\"m\",\"width_medium\":\"1-2\"},\"children\":[{\"type\":\"text\",\"props\":{\"column_breakpoint\":\"m\",\"content\":\"\n\n<p>Firma <strong>ESCORT Technology<\\\/strong> oferuje specjalistyczne us\\u0142ugi w zakresie <strong>naprawy i serwisu system\\u00f3w o\\u015bwietlenia nawigacyjnego<\\\/strong> stosowanego na jednostkach p\\u0142ywaj\\u0105cych oraz instalacjach stacjonarnych.<\\\/p>\\n\n\n<h3><strong>Zakres obs\\u0142ugi:<\\\/strong><\\\/h3>\\n\n\n<ul>\\n\n\n<li><strong>Diagnostyka i lokalizacja usterek<\\\/strong> w instalacjach o\\u015bwietlenia nawigacyjnego<\\\/li>\\n\n\n<li><strong>Naprawa i wymiana <\\\/strong>modu\\u0142\\u00f3w LED, lamp halogenowych, sterownik\\u00f3w, z\\u0142\\u0105czy i okablowania<\\\/li>\\n\n\n<li><strong>Regeneracja i uszczelnianie<\\\/strong> opraw o\\u015bwietleniowych<\\\/li>\\n\n\n<li><strong>Kalibracja<\\\/strong> system\\u00f3w \\u015bwietlnych zgodnie z normami technicznymi i przepisami<\\\/li>\\n\n\n<li><strong>Monta\\u017c<\\\/strong> nowych punkt\\u00f3w \\u015bwietlnych oraz <strong>modernizacja<\\\/strong> istniej\\u0105cych system\\u00f3w<\\\/li>\\n\n\n<li>Kontrola sprawno\\u015bci i zgodno\\u015bci z wymogami bezpiecze\\u0144stwa (np. IMO, CE, PN)<\\\/li>\\n<\\\/ul>\",\"margin\":\"default\"}},{\"type\":\"text\",\"props\":{\"column_breakpoint\":\"m\",\"content\":\"\n\n<h3 data-start=\\\"1816\\\" data-end=\\\"1851\\\" class=\\\"\\\"><strong data-start=\\\"1820\\\" data-end=\\\"1851\\\">Dlaczego ESCORT Technology?<\\\/strong><\\\/h3>\\n\n\n<ul>\\n\n\n<li>Znajomo\\u015b\\u0107 przepis\\u00f3w bran\\u017cowych i norm technicznych<\\\/li>\\n\n\n<li>Dost\\u0119p do wysokiej jako\\u015bci cz\\u0119\\u015bci zamiennych i podzespo\\u0142\\u00f3w<\\\/li>\\n\n\n<li>Mo\\u017cliwo\\u015b\\u0107 realizacji prac w terenie \\u2013 serwis mobilny<\\\/li>\\n\n\n<li>Dokumentacja serwisowa i protoko\\u0142y odbioru technicznego<\\\/li>\\n\n\n<li>Kr\\u00f3tkie terminy realizacji\\u00a0<\\\/li>\\n\n\n<li>Indywidualne podej\\u015bcie do klienta i pe\\u0142na dokumentacja serwisowa<\\\/li>\\n<\\\/ul>\\n\n\n<p><img decoding=\\\"async\\\" draggable=\\\"false\\\" role=\\\"img\\\" class=\\\"emoji\\\" alt=\\\"\\u260e\\\" src=\\\"https:\\\/\\\/s.w.org\\\/images\\\/core\\\/emoji\\\/17.0.2\\\/svg\\\/260e.svg\\\" \\\/><span>\\u00a0<\\\/span><strong data-start=\\\"3775\\\" data-end=\\\"3787\\\">Telefon:<\\\/strong><span>\\u00a0+48 603 659 295<\\\/span><br data-start=\\\"3804\\\" data-end=\\\"3807\\\" \\\/><img decoding=\\\"async\\\" draggable=\\\"false\\\" role=\\\"img\\\" class=\\\"emoji\\\" alt=\\\"\\ud83d\\udce7\\\" src=\\\"https:\\\/\\\/s.w.org\\\/images\\\/core\\\/emoji\\\/17.0.2\\\/svg\\\/1f4e7.svg\\\" \\\/><span>\\u00a0<\\\/span><strong data-start=\\\"3810\\\" data-end=\\\"3821\\\">E-mail:<\\\/strong><span>\\u00a0<\\\/span><em data-start=\\\"3822\\\" data-end=\\\"3849\\\"><span id=\\\"eeb-25935-712470\\\"><span id=\\\"eeb-598475-709653\\\">service@escort.com.pl<\\\/span><\\\/span><\\\/em><br data-start=\\\"3849\\\" data-end=\\\"3852\\\" \\\/><img decoding=\\\"async\\\" draggable=\\\"false\\\" role=\\\"img\\\" class=\\\"emoji\\\" alt=\\\"\\ud83d\\udccd\\\" src=\\\"https:\\\/\\\/s.w.org\\\/images\\\/core\\\/emoji\\\/17.0.2\\\/svg\\\/1f4cd.svg\\\" \\\/><span>\\u00a0<\\\/span><strong data-start=\\\"3855\\\" data-end=\\\"3868\\\">Siedziba:<\\\/strong><span>\\u00a0Szczecin, Gda\\u0144sk<\\\/span><\\\/p>\\n\n\n<ul data-start=\\\"2242\\\" data-end=\\\"2505\\\"><\\\/ul>\",\"margin\":\"default\"}}]},{\"type\":\"column\",\"props\":{\"image_position\":\"center-center\",\"position_sticky_breakpoint\":\"m\",\"width_medium\":\"1-2\"},\"children\":[{\"type\":\"image\",\"props\":{\"image\":\"wp-content\\\/uploads\\\/2026\\\/01\\\/naprawa-oswietlenia.png\",\"image_alt\":\"naprawa oswietlenia\",\"image_svg_color\":\"emphasis\",\"margin\":\"default\"}}]}],\"props\":{\"layout\":\"1-2,1-2\"}}]}],\"version\":\"4.0.13\"} --><\/p>\n","protected":false},"excerpt":{"rendered":"<p>NAPRAWA I SERWIS O\u015aWIETLENIA NAWIGACYJNEGO Firma ESCORT Technology oferuje specjalistyczne us\u0142ugi w zakresie naprawy i serwisu system\u00f3w o\u015bwietlenia nawigacyjnego stosowanego na jednostkach p\u0142ywaj\u0105cych oraz instalacjach stacjonarnych. Zakres obs\u0142ugi: Diagnostyka i lokalizacja usterek w instalacjach o\u015bwietlenia nawigacyjnego Naprawa i wymiana modu\u0142\u00f3w LED, lamp halogenowych, sterownik\u00f3w, z\u0142\u0105czy i okablowania Regeneracja i uszczelnianie opraw o\u015bwietleniowych Kalibracja system\u00f3w \u015bwietlnych [&hellip;]<\/p>\n","protected":false},"author":6,"featured_media":0,"parent":0,"menu_order":0,"comment_status":"closed","ping_status":"closed","template":"","meta":{"footnotes":""},"class_list":["post-14768","page","type-page","status-publish","hentry"],"yoast_head":"<!-- This site is optimized with the Yoast SEO plugin v27.4 - https:\/\/yoast.com\/product\/yoast-seo-wordpress\/ -->\n<title>Serwis O\u015bwietlenia Nawigacyjnego - ESCORT TECHNOLOGY<\/title>\n<meta name=\"robots\" content=\"index, follow, max-snippet:-1, max-image-preview:large, max-video-preview:-1\" \/>\n<link rel=\"canonical\" href=\"https:\/\/escort-technology.com\/en\/serwis-oswietlenia-nawigacyjnego\/\" \/>\n<meta property=\"og:locale\" content=\"en_US\" \/>\n<meta property=\"og:type\" content=\"article\" \/>\n<meta property=\"og:title\" content=\"Serwis O\u015bwietlenia Nawigacyjnego - ESCORT TECHNOLOGY\" \/>\n<meta property=\"og:description\" content=\"NAPRAWA I SERWIS O\u015aWIETLENIA NAWIGACYJNEGO Firma ESCORT Technology oferuje specjalistyczne us\u0142ugi w zakresie naprawy i serwisu system\u00f3w o\u015bwietlenia nawigacyjnego stosowanego na jednostkach p\u0142ywaj\u0105cych oraz instalacjach stacjonarnych. Zakres obs\u0142ugi: Diagnostyka i lokalizacja usterek w instalacjach o\u015bwietlenia nawigacyjnego Naprawa i wymiana modu\u0142\u00f3w LED, lamp halogenowych, sterownik\u00f3w, z\u0142\u0105czy i okablowania Regeneracja i uszczelnianie opraw o\u015bwietleniowych Kalibracja system\u00f3w \u015bwietlnych [&hellip;]\" \/>\n<meta property=\"og:url\" content=\"https:\/\/escort-technology.com\/en\/serwis-oswietlenia-nawigacyjnego\/\" \/>\n<meta property=\"og:site_name\" content=\"ESCORT TECHNOLOGY\" \/>\n<meta property=\"article:publisher\" content=\"https:\/\/www.facebook.com\/elektronika.morska\/\" \/>\n<meta property=\"article:modified_time\" content=\"2026-01-28T11:27:21+00:00\" \/>\n<meta property=\"og:image\" content=\"https:\/\/s.w.org\/images\/core\/emoji\/17.0.2\/svg\/260e.svg\" \/>\n<meta name=\"twitter:card\" content=\"summary_large_image\" \/>\n<script type=\"application\/ld+json\" class=\"yoast-schema-graph\">{\"@context\":\"https:\\\/\\\/schema.org\",\"@graph\":[{\"@type\":\"WebPage\",\"@id\":\"https:\\\/\\\/escort-technology.com\\\/serwis-oswietlenia-nawigacyjnego\\\/\",\"url\":\"https:\\\/\\\/escort-technology.com\\\/serwis-oswietlenia-nawigacyjnego\\\/\",\"name\":\"Serwis O\u015bwietlenia Nawigacyjnego - ESCORT TECHNOLOGY\",\"isPartOf\":{\"@id\":\"http:\\\/\\\/escort-technology.com\\\/de\\\/#website\"},\"primaryImageOfPage\":{\"@id\":\"https:\\\/\\\/escort-technology.com\\\/serwis-oswietlenia-nawigacyjnego\\\/#primaryimage\"},\"image\":{\"@id\":\"https:\\\/\\\/escort-technology.com\\\/serwis-oswietlenia-nawigacyjnego\\\/#primaryimage\"},\"thumbnailUrl\":\"https:\\\/\\\/s.w.org\\\/images\\\/core\\\/emoji\\\/17.0.2\\\/svg\\\/260e.svg\",\"datePublished\":\"2026-01-28T08:41:26+00:00\",\"dateModified\":\"2026-01-28T11:27:21+00:00\",\"breadcrumb\":{\"@id\":\"https:\\\/\\\/escort-technology.com\\\/serwis-oswietlenia-nawigacyjnego\\\/#breadcrumb\"},\"inLanguage\":\"en-US\",\"potentialAction\":[{\"@type\":\"ReadAction\",\"target\":[\"https:\\\/\\\/escort-technology.com\\\/serwis-oswietlenia-nawigacyjnego\\\/\"]}]},{\"@type\":\"ImageObject\",\"inLanguage\":\"en-US\",\"@id\":\"https:\\\/\\\/escort-technology.com\\\/serwis-oswietlenia-nawigacyjnego\\\/#primaryimage\",\"url\":\"https:\\\/\\\/s.w.org\\\/images\\\/core\\\/emoji\\\/17.0.2\\\/svg\\\/260e.svg\",\"contentUrl\":\"https:\\\/\\\/s.w.org\\\/images\\\/core\\\/emoji\\\/17.0.2\\\/svg\\\/260e.svg\"},{\"@type\":\"BreadcrumbList\",\"@id\":\"https:\\\/\\\/escort-technology.com\\\/serwis-oswietlenia-nawigacyjnego\\\/#breadcrumb\",\"itemListElement\":[{\"@type\":\"ListItem\",\"position\":1,\"name\":\"Strona g\u0142\u00f3wna\",\"item\":\"https:\\\/\\\/escort-technology.com\\\/\"},{\"@type\":\"ListItem\",\"position\":2,\"name\":\"Serwis O\u015bwietlenia Nawigacyjnego\"}]},{\"@type\":\"WebSite\",\"@id\":\"http:\\\/\\\/escort-technology.com\\\/de\\\/#website\",\"url\":\"http:\\\/\\\/escort-technology.com\\\/de\\\/\",\"name\":\"ESCORT TECHNOLOGY\",\"description\":\"Elektronika morska i l\u0105dowa\",\"publisher\":{\"@id\":\"http:\\\/\\\/escort-technology.com\\\/de\\\/#organization\"},\"potentialAction\":[{\"@type\":\"SearchAction\",\"target\":{\"@type\":\"EntryPoint\",\"urlTemplate\":\"http:\\\/\\\/escort-technology.com\\\/de\\\/?s={search_term_string}\"},\"query-input\":{\"@type\":\"PropertyValueSpecification\",\"valueRequired\":true,\"valueName\":\"search_term_string\"}}],\"inLanguage\":\"en-US\"},{\"@type\":\"Organization\",\"@id\":\"http:\\\/\\\/escort-technology.com\\\/de\\\/#organization\",\"name\":\"ESCORT TECHNOLOGY\",\"url\":\"http:\\\/\\\/escort-technology.com\\\/de\\\/\",\"logo\":{\"@type\":\"ImageObject\",\"inLanguage\":\"en-US\",\"@id\":\"http:\\\/\\\/escort-technology.com\\\/de\\\/#\\\/schema\\\/logo\\\/image\\\/\",\"url\":\"https:\\\/\\\/escort-technology.com\\\/wp-content\\\/uploads\\\/logo-1.jpg\",\"contentUrl\":\"https:\\\/\\\/escort-technology.com\\\/wp-content\\\/uploads\\\/logo-1.jpg\",\"width\":600,\"height\":165,\"caption\":\"ESCORT TECHNOLOGY\"},\"image\":{\"@id\":\"http:\\\/\\\/escort-technology.com\\\/de\\\/#\\\/schema\\\/logo\\\/image\\\/\"},\"sameAs\":[\"https:\\\/\\\/www.facebook.com\\\/elektronika.morska\\\/\",\"https:\\\/\\\/www.linkedin.com\\\/company\\\/escort-sp-z-o-o-\\\/\"]}]}<\/script>\n<!-- \/ Yoast SEO plugin. -->","yoast_head_json":{"title":"Serwis O\u015bwietlenia Nawigacyjnego - ESCORT TECHNOLOGY","robots":{"index":"index","follow":"follow","max-snippet":"max-snippet:-1","max-image-preview":"max-image-preview:large","max-video-preview":"max-video-preview:-1"},"canonical":"https:\/\/escort-technology.com\/en\/serwis-oswietlenia-nawigacyjnego\/","og_locale":"en_US","og_type":"article","og_title":"Serwis O\u015bwietlenia Nawigacyjnego - ESCORT TECHNOLOGY","og_description":"NAPRAWA I SERWIS O\u015aWIETLENIA NAWIGACYJNEGO Firma ESCORT Technology oferuje specjalistyczne us\u0142ugi w zakresie naprawy i serwisu system\u00f3w o\u015bwietlenia nawigacyjnego stosowanego na jednostkach p\u0142ywaj\u0105cych oraz instalacjach stacjonarnych. Zakres obs\u0142ugi: Diagnostyka i lokalizacja usterek w instalacjach o\u015bwietlenia nawigacyjnego Naprawa i wymiana modu\u0142\u00f3w LED, lamp halogenowych, sterownik\u00f3w, z\u0142\u0105czy i okablowania Regeneracja i uszczelnianie opraw o\u015bwietleniowych Kalibracja system\u00f3w \u015bwietlnych [&hellip;]","og_url":"https:\/\/escort-technology.com\/en\/serwis-oswietlenia-nawigacyjnego\/","og_site_name":"ESCORT TECHNOLOGY","article_publisher":"https:\/\/www.facebook.com\/elektronika.morska\/","article_modified_time":"2026-01-28T11:27:21+00:00","og_image":[{"url":"https:\/\/s.w.org\/images\/core\/emoji\/17.0.2\/svg\/260e.svg","type":"","width":"","height":""}],"twitter_card":"summary_large_image","schema":{"@context":"https:\/\/schema.org","@graph":[{"@type":"WebPage","@id":"https:\/\/escort-technology.com\/serwis-oswietlenia-nawigacyjnego\/","url":"https:\/\/escort-technology.com\/serwis-oswietlenia-nawigacyjnego\/","name":"Serwis O\u015bwietlenia Nawigacyjnego - ESCORT TECHNOLOGY","isPartOf":{"@id":"http:\/\/escort-technology.com\/de\/#website"},"primaryImageOfPage":{"@id":"https:\/\/escort-technology.com\/serwis-oswietlenia-nawigacyjnego\/#primaryimage"},"image":{"@id":"https:\/\/escort-technology.com\/serwis-oswietlenia-nawigacyjnego\/#primaryimage"},"thumbnailUrl":"https:\/\/s.w.org\/images\/core\/emoji\/17.0.2\/svg\/260e.svg","datePublished":"2026-01-28T08:41:26+00:00","dateModified":"2026-01-28T11:27:21+00:00","breadcrumb":{"@id":"https:\/\/escort-technology.com\/serwis-oswietlenia-nawigacyjnego\/#breadcrumb"},"inLanguage":"en-US","potentialAction":[{"@type":"ReadAction","target":["https:\/\/escort-technology.com\/serwis-oswietlenia-nawigacyjnego\/"]}]},{"@type":"ImageObject","inLanguage":"en-US","@id":"https:\/\/escort-technology.com\/serwis-oswietlenia-nawigacyjnego\/#primaryimage","url":"https:\/\/s.w.org\/images\/core\/emoji\/17.0.2\/svg\/260e.svg","contentUrl":"https:\/\/s.w.org\/images\/core\/emoji\/17.0.2\/svg\/260e.svg"},{"@type":"BreadcrumbList","@id":"https:\/\/escort-technology.com\/serwis-oswietlenia-nawigacyjnego\/#breadcrumb","itemListElement":[{"@type":"ListItem","position":1,"name":"Strona g\u0142\u00f3wna","item":"https:\/\/escort-technology.com\/"},{"@type":"ListItem","position":2,"name":"Serwis O\u015bwietlenia Nawigacyjnego"}]},{"@type":"WebSite","@id":"http:\/\/escort-technology.com\/de\/#website","url":"http:\/\/escort-technology.com\/de\/","name":"ESCORT TECHNOLOGY","description":"Onshore and offshore electronics","publisher":{"@id":"http:\/\/escort-technology.com\/de\/#organization"},"potentialAction":[{"@type":"SearchAction","target":{"@type":"EntryPoint","urlTemplate":"http:\/\/escort-technology.com\/de\/?s={search_term_string}"},"query-input":{"@type":"PropertyValueSpecification","valueRequired":true,"valueName":"search_term_string"}}],"inLanguage":"en-US"},{"@type":"Organization","@id":"http:\/\/escort-technology.com\/de\/#organization","name":"ESCORT TECHNOLOGY","url":"http:\/\/escort-technology.com\/de\/","logo":{"@type":"ImageObject","inLanguage":"en-US","@id":"http:\/\/escort-technology.com\/de\/#\/schema\/logo\/image\/","url":"https:\/\/escort-technology.com\/wp-content\/uploads\/logo-1.jpg","contentUrl":"https:\/\/escort-technology.com\/wp-content\/uploads\/logo-1.jpg","width":600,"height":165,"caption":"ESCORT TECHNOLOGY"},"image":{"@id":"http:\/\/escort-technology.com\/de\/#\/schema\/logo\/image\/"},"sameAs":["https:\/\/www.facebook.com\/elektronika.morska\/","https:\/\/www.linkedin.com\/company\/escort-sp-z-o-o-\/"]}]}},"_links":{"self":[{"href":"http:\/\/escort-technology.com\/en\/wp-json\/wp\/v2\/pages\/14768","targetHints":{"allow":["GET"]}}],"collection":[{"href":"http:\/\/escort-technology.com\/en\/wp-json\/wp\/v2\/pages"}],"about":[{"href":"http:\/\/escort-technology.com\/en\/wp-json\/wp\/v2\/types\/page"}],"author":[{"embeddable":true,"href":"http:\/\/escort-technology.com\/en\/wp-json\/wp\/v2\/users\/6"}],"replies":[{"embeddable":true,"href":"http:\/\/escort-technology.com\/en\/wp-json\/wp\/v2\/comments?post=14768"}],"version-history":[{"count":6,"href":"http:\/\/escort-technology.com\/en\/wp-json\/wp\/v2\/pages\/14768\/revisions"}],"predecessor-version":[{"id":14819,"href":"http:\/\/escort-technology.com\/en\/wp-json\/wp\/v2\/pages\/14768\/revisions\/14819"}],"wp:attachment":[{"href":"http:\/\/escort-technology.com\/en\/wp-json\/wp\/v2\/media?parent=14768"}],"curies":[{"name":"wp","href":"https:\/\/api.w.org\/{rel}","templated":true}]}}