{"id":1508,"date":"2018-02-28T08:43:58","date_gmt":"2018-02-28T08:43:58","guid":{"rendered":"http:\/\/escort-technology.com\/?page_id=1508"},"modified":"2019-07-18T12:50:12","modified_gmt":"2019-07-18T10:50:12","slug":"obchody-swiatowego-dnia-hydrografii-2017","status":"publish","type":"page","link":"http:\/\/escort-technology.com\/en\/obchody-swiatowego-dnia-hydrografii-2017\/","title":{"rendered":"Obchody \u015awiatowego Dnia Hydrografii 2017"},"content":{"rendered":"<p>Krajowe obchody \u015awiatowego Dnia Hydrografii<\/p>\n<p>W dniu 21 czerwca 2017r. w Ko\u0142obrzegu obchodzili\u015bmy \u015awiatowy Dzie\u0144 Hydrografii. Tematem przewodnim by\u0142o has\u0142o okre\u015blone przez Mi\u0119dzynarodow\u0105 Organizacj\u0119 Hydrograficzn\u0105 (IHO): &#8222;Kartowanie m\u00f3rz, ocean\u00f3w i szlak\u00f3w \u017ceglugowych &#8211; wa\u017cniejsze ni\u017c kiedykolwiek&#8221;.<br \/>\nO godzinie 09:00 nast\u0105pi\u0142o oficjalne rozpocz\u0119cie obchod\u00f3w oraz prezentacja sprz\u0119tu hydrograficznego. Dodatkowo mo\u017cna by\u0142o zwiedza\u0107 okr\u0119t hydrograficzny ORP Heweliusz z dywizjonu Zabezpieczenia Hydrograficznego Marynarki Wojennej oraz tra\u0142owiec ORP Nak\u0142o.<br \/>\nO godzinie 10:00 rozpocz\u0119\u0142a si\u0119 konferencja o tematyce zwi\u0105zanej z has\u0142em przewodnim WHD 2017. Zosta\u0142y poruszone m.in. tematy dotycz\u0105ce znaczenia wsp\u00f3\u0142czesnej kartografii morskiej i jej wp\u0142yw\u00a0 na wypadki morskie. Firma ESCORT przygotowa\u0142a prezentacj\u0119 dotycz\u0105c\u0105 &#8222;Wsp\u00f3\u0142pracy pojazdu podwodnego z sonarem wysokiej rozdzielczo\u015bci&#8221;.<br \/>\n\u00a0<\/p>\n<p><!-- {\"name\":\"\",\"type\":\"layout\",\"children\":[{\"name\":\"opis elektroniki\",\"type\":\"section\",\"props\":{\"width\":\"default\",\"padding\":\"none\",\"style\":\"default\",\"text_color\":\"\",\"media\":\"\",\"height_viewport\":false,\"header_overlay\":\"light\",\"animation\":\"slide-top-medium\",\"padding_remove_top\":false,\"image_size\":\"cover\",\"image\":\"\",\"image_position\":\"bottom-center\",\"image_fixed\":false,\"class\":\"\",\"overlap\":true,\"vertical_align\":\"middle\",\"title_position\":\"top-left\",\"title_rotation\":\"left\",\"title_breakpoint\":\"xl\"},\"children\":[{\"name\":\"\",\"type\":\"row\",\"props\":{\"fixed_width\":\"large\",\"breakpoint\":\"m\",\"layout\":\"1-1\"},\"children\":[{\"name\":\"\",\"type\":\"column\",\"props\":{\"widths\":[\"1-1\"],\"image_position\":\"center-center\"},\"children\":[{\"name\":\"\",\"type\":\"headline\",\"props\":{\"title_element\":\"h1\",\"content\":\"\n\n<h2>Krajowe obchody \\u015awiatowego Dnia Hydrografii<\\\/h2>\",\"title_decoration\":\"\"}},{\"name\":\"\",\"type\":\"divider\",\"props\":{\"divider_element\":\"hr\"}},{\"name\":\"\",\"type\":\"text\",\"props\":{\"margin\":\"large\",\"column_breakpoint\":\"m\",\"content\":\"\n\n<p align=\\\"justify\\\">W dniu 21 czerwca 2017r. w Ko\\u0142obrzegu obchodzili\\u015bmy \\u015awiatowy Dzie\\u0144 Hydrografii. Tematem przewodnim by\\u0142o has\\u0142o okre\\u015blone przez Mi\\u0119dzynarodow\\u0105 Organizacj\\u0119 Hydrograficzn\\u0105 (IHO): \\\"Kartowanie m\\u00f3rz, ocean\\u00f3w i szlak\\u00f3w \\u017ceglugowych - wa\\u017cniejsze ni\\u017c kiedykolwiek\\\".<\\\/p>\\n\n\n<p align=\\\"justify\\\">O godzinie 09:00 nast\\u0105pi\\u0142o oficjalne rozpocz\\u0119cie obchod\\u00f3w oraz prezentacja sprz\\u0119tu hydrograficznego. Dodatkowo mo\\u017cna by\\u0142o zwiedza\\u0107 okr\\u0119t hydrograficzny ORP Heweliusz z dywizjonu Zabezpieczenia Hydrograficznego Marynarki Wojennej oraz tra\\u0142owiec ORP Nak\\u0142o.<\\\/p>\\n\n\n<p align=\\\"justify\\\">O godzinie 10:00 rozpocz\\u0119\\u0142a si\\u0119 konferencja o tematyce zwi\\u0105zanej z has\\u0142em przewodnim WHD 2017. Zosta\\u0142y poruszone m.in. tematy dotycz\\u0105ce znaczenia wsp\\u00f3\\u0142czesnej kartografii morskiej i jej wp\\u0142yw\\u00a0 na wypadki morskie. Firma ESCORT przygotowa\\u0142a prezentacj\\u0119 dotycz\\u0105c\\u0105 \\\"<b>Wsp\\u00f3\\u0142pracy pojazdu podwodnego z sonarem wysokiej rozdzielczo\\u015bci\\\".<\\\/b><\\\/p>\\n\n\n<p align=\\\"justify\\\">\\u00a0<\\\/p>\",\"text_align\":\"justify\"}}]}]},{\"name\":\"\",\"type\":\"row\",\"props\":{\"fixed_width\":\"large\",\"breakpoint\":\"m\",\"layout\":\",,\",\"margin\":\"remove-vertical\"},\"children\":[{\"name\":\"\",\"type\":\"column\",\"props\":{\"widths\":[\"\"],\"image_position\":\"center-center\"},\"children\":[{\"name\":\"\",\"type\":\"slideshow\",\"props\":{\"show_title\":true,\"show_meta\":true,\"show_content\":true,\"show_link\":true,\"show_thumbnail\":true,\"slideshow_min_height\":250,\"slideshow_autoplay_pause\":false,\"nav\":\"dotnav\",\"nav_position\":\"bottom-center\",\"nav_position_margin\":\"medium\",\"nav_align\":\"center\",\"nav_breakpoint\":\"s\",\"thumbnav_width\":\"100\",\"thumbnav_height\":\"75\",\"slidenav\":\"default\",\"slidenav_margin\":\"medium\",\"slidenav_breakpoint\":\"s\",\"slidenav_outside_breakpoint\":\"xl\",\"overlay_position\":\"center-left\",\"overlay_animation\":\"parallax\",\"title_element\":\"h3\",\"meta_style\":\"meta\",\"meta_align\":\"bottom\",\"link_text\":\"Read more\",\"link_style\":\"default\",\"margin\":\"default\",\"slideshow_velocity\":0.2,\"slideshow_autoplay\":true,\"slideshow_autoplay_interval\":6},\"children\":[{\"name\":\"\",\"type\":\"slideshow_item\",\"props\":{\"image\":\"wp-content\\\/uploads\\\/20170621_094847.jpg\"}},{\"name\":\"\",\"type\":\"slideshow_item\",\"props\":{\"image\":\"wp-content\\\/uploads\\\/20170621_095135.jpg\"}},{\"name\":\"\",\"type\":\"slideshow_item\",\"props\":{\"image\":\"wp-content\\\/uploads\\\/20170621_114812.jpg\"}}]}]},{\"name\":\"\",\"type\":\"column\",\"props\":{\"widths\":[\"\"],\"image_position\":\"center-center\"},\"children\":[{\"name\":\"\",\"type\":\"slideshow\",\"props\":{\"show_title\":true,\"show_meta\":true,\"show_content\":true,\"show_link\":true,\"show_thumbnail\":true,\"slideshow_min_height\":250,\"slideshow_autoplay_pause\":false,\"nav\":\"dotnav\",\"nav_position\":\"bottom-center\",\"nav_position_margin\":\"medium\",\"nav_align\":\"center\",\"nav_breakpoint\":\"s\",\"thumbnav_width\":\"100\",\"thumbnav_height\":\"75\",\"slidenav\":\"default\",\"slidenav_margin\":\"medium\",\"slidenav_breakpoint\":\"s\",\"slidenav_outside_breakpoint\":\"xl\",\"overlay_position\":\"center-left\",\"overlay_animation\":\"parallax\",\"title_element\":\"h3\",\"meta_style\":\"meta\",\"meta_align\":\"bottom\",\"link_text\":\"Read more\",\"link_style\":\"default\",\"margin\":\"default\",\"slideshow_autoplay\":true,\"slideshow_velocity\":0.2,\"slideshow_autoplay_interval\":5},\"children\":[{\"name\":\"\",\"type\":\"slideshow_item\",\"props\":{\"image\":\"wp-content\\\/uploads\\\/20170621_130248.jpg\"}},{\"name\":\"\",\"type\":\"slideshow_item\",\"props\":{\"image\":\"wp-content\\\/uploads\\\/20170621_114634.jpg\"}},{\"name\":\"\",\"type\":\"slideshow_item\",\"props\":{\"image\":\"wp-content\\\/uploads\\\/20170621_123133.jpg\"}}]}]},{\"name\":\"\",\"type\":\"column\",\"props\":{\"widths\":[\"\"],\"image_position\":\"center-center\"},\"children\":[{\"name\":\"\",\"type\":\"slideshow\",\"props\":{\"show_title\":true,\"show_meta\":true,\"show_content\":true,\"show_link\":true,\"show_thumbnail\":true,\"slideshow_min_height\":250,\"slideshow_autoplay_pause\":false,\"nav\":\"dotnav\",\"nav_position\":\"bottom-center\",\"nav_position_margin\":\"medium\",\"nav_align\":\"center\",\"nav_breakpoint\":\"s\",\"thumbnav_width\":\"100\",\"thumbnav_height\":\"75\",\"slidenav\":\"default\",\"slidenav_margin\":\"medium\",\"slidenav_breakpoint\":\"s\",\"slidenav_outside_breakpoint\":\"xl\",\"overlay_position\":\"center-left\",\"overlay_animation\":\"parallax\",\"title_element\":\"h3\",\"meta_style\":\"meta\",\"meta_align\":\"bottom\",\"link_text\":\"Read more\",\"link_style\":\"default\",\"margin\":\"default\",\"slideshow_max_height\":1000,\"slideshow_velocity\":0.2,\"slideshow_autoplay\":true},\"children\":[{\"name\":\"\",\"type\":\"slideshow_item\",\"props\":{\"image\":\"wp-content\\\/uploads\\\/20170621_114740.jpg\"}},{\"name\":\"\",\"type\":\"slideshow_item\",\"props\":{\"image\":\"wp-content\\\/uploads\\\/20170621_125452.jpg\"}},{\"name\":\"\",\"type\":\"slideshow_item\",\"props\":{\"image\":\"wp-content\\\/uploads\\\/20170621_133956.jpg\"}}]}]}]}]}]} --><\/p>\n","protected":false},"excerpt":{"rendered":"<p>Krajowe obchody \u015awiatowego Dnia Hydrografii W dniu 21 czerwca 2017r. w Ko\u0142obrzegu obchodzili\u015bmy \u015awiatowy Dzie\u0144 Hydrografii. Tematem przewodnim by\u0142o has\u0142o okre\u015blone przez Mi\u0119dzynarodow\u0105 Organizacj\u0119 Hydrograficzn\u0105 (IHO): &#8222;Kartowanie m\u00f3rz, ocean\u00f3w i szlak\u00f3w \u017ceglugowych &#8211; wa\u017cniejsze ni\u017c kiedykolwiek&#8221;. O godzinie 09:00 nast\u0105pi\u0142o oficjalne rozpocz\u0119cie obchod\u00f3w oraz prezentacja sprz\u0119tu hydrograficznego. Dodatkowo mo\u017cna by\u0142o zwiedza\u0107 okr\u0119t hydrograficzny ORP Heweliusz [&hellip;]<\/p>\n","protected":false},"author":1,"featured_media":0,"parent":0,"menu_order":0,"comment_status":"closed","ping_status":"closed","template":"","meta":{"footnotes":""},"class_list":["post-1508","page","type-page","status-publish","hentry"],"yoast_head":"<!-- This site is optimized with the Yoast SEO plugin v27.6 - https:\/\/yoast.com\/product\/yoast-seo-wordpress\/ -->\n<title>Obchody \u015awiatowego Dnia Hydrografii 2017 - ESCORT TECHNOLOGY<\/title>\n<meta name=\"robots\" content=\"index, follow, max-snippet:-1, max-image-preview:large, max-video-preview:-1\" \/>\n<link rel=\"canonical\" href=\"https:\/\/escort-technology.com\/en\/obchody-swiatowego-dnia-hydrografii-2017\/\" \/>\n<meta property=\"og:locale\" content=\"en_US\" \/>\n<meta property=\"og:type\" content=\"article\" \/>\n<meta property=\"og:title\" content=\"Obchody \u015awiatowego Dnia Hydrografii 2017 - ESCORT TECHNOLOGY\" \/>\n<meta property=\"og:description\" content=\"Krajowe obchody \u015awiatowego Dnia Hydrografii W dniu 21 czerwca 2017r. w Ko\u0142obrzegu obchodzili\u015bmy \u015awiatowy Dzie\u0144 Hydrografii. Tematem przewodnim by\u0142o has\u0142o okre\u015blone przez Mi\u0119dzynarodow\u0105 Organizacj\u0119 Hydrograficzn\u0105 (IHO): &#8222;Kartowanie m\u00f3rz, ocean\u00f3w i szlak\u00f3w \u017ceglugowych &#8211; wa\u017cniejsze ni\u017c kiedykolwiek&#8221;. O godzinie 09:00 nast\u0105pi\u0142o oficjalne rozpocz\u0119cie obchod\u00f3w oraz prezentacja sprz\u0119tu hydrograficznego. Dodatkowo mo\u017cna by\u0142o zwiedza\u0107 okr\u0119t hydrograficzny ORP Heweliusz [&hellip;]\" \/>\n<meta property=\"og:url\" content=\"https:\/\/escort-technology.com\/en\/obchody-swiatowego-dnia-hydrografii-2017\/\" \/>\n<meta property=\"og:site_name\" content=\"ESCORT TECHNOLOGY\" \/>\n<meta property=\"article:publisher\" content=\"https:\/\/www.facebook.com\/elektronika.morska\/\" \/>\n<meta property=\"article:modified_time\" content=\"2019-07-18T10:50:12+00:00\" \/>\n<meta name=\"twitter:card\" content=\"summary_large_image\" \/>\n<meta name=\"twitter:label1\" content=\"Est. reading time\" \/>\n\t<meta name=\"twitter:data1\" content=\"1 minute\" \/>\n<script type=\"application\/ld+json\" class=\"yoast-schema-graph\">{\"@context\":\"https:\\\/\\\/schema.org\",\"@graph\":[{\"@type\":\"WebPage\",\"@id\":\"https:\\\/\\\/escort-technology.com\\\/en\\\/obchody-swiatowego-dnia-hydrografii-2017\\\/\",\"url\":\"https:\\\/\\\/escort-technology.com\\\/en\\\/obchody-swiatowego-dnia-hydrografii-2017\\\/\",\"name\":\"Obchody \u015awiatowego Dnia Hydrografii 2017 - ESCORT TECHNOLOGY\",\"isPartOf\":{\"@id\":\"http:\\\/\\\/escort-technology.com\\\/de\\\/#website\"},\"datePublished\":\"2018-02-28T08:43:58+00:00\",\"dateModified\":\"2019-07-18T10:50:12+00:00\",\"breadcrumb\":{\"@id\":\"https:\\\/\\\/escort-technology.com\\\/en\\\/obchody-swiatowego-dnia-hydrografii-2017\\\/#breadcrumb\"},\"inLanguage\":\"en-US\",\"potentialAction\":[{\"@type\":\"ReadAction\",\"target\":[\"https:\\\/\\\/escort-technology.com\\\/en\\\/obchody-swiatowego-dnia-hydrografii-2017\\\/\"]}]},{\"@type\":\"BreadcrumbList\",\"@id\":\"https:\\\/\\\/escort-technology.com\\\/en\\\/obchody-swiatowego-dnia-hydrografii-2017\\\/#breadcrumb\",\"itemListElement\":[{\"@type\":\"ListItem\",\"position\":1,\"name\":\"Strona g\u0142\u00f3wna\",\"item\":\"https:\\\/\\\/escort-technology.com\\\/\"},{\"@type\":\"ListItem\",\"position\":2,\"name\":\"Obchody \u015awiatowego Dnia Hydrografii 2017\"}]},{\"@type\":\"WebSite\",\"@id\":\"http:\\\/\\\/escort-technology.com\\\/de\\\/#website\",\"url\":\"http:\\\/\\\/escort-technology.com\\\/de\\\/\",\"name\":\"ESCORT TECHNOLOGY\",\"description\":\"Elektronika morska i l\u0105dowa\",\"publisher\":{\"@id\":\"http:\\\/\\\/escort-technology.com\\\/de\\\/#organization\"},\"potentialAction\":[{\"@type\":\"SearchAction\",\"target\":{\"@type\":\"EntryPoint\",\"urlTemplate\":\"http:\\\/\\\/escort-technology.com\\\/de\\\/?s={search_term_string}\"},\"query-input\":{\"@type\":\"PropertyValueSpecification\",\"valueRequired\":true,\"valueName\":\"search_term_string\"}}],\"inLanguage\":\"en-US\"},{\"@type\":\"Organization\",\"@id\":\"http:\\\/\\\/escort-technology.com\\\/de\\\/#organization\",\"name\":\"ESCORT TECHNOLOGY\",\"url\":\"http:\\\/\\\/escort-technology.com\\\/de\\\/\",\"logo\":{\"@type\":\"ImageObject\",\"inLanguage\":\"en-US\",\"@id\":\"http:\\\/\\\/escort-technology.com\\\/de\\\/#\\\/schema\\\/logo\\\/image\\\/\",\"url\":\"https:\\\/\\\/escort-technology.com\\\/wp-content\\\/uploads\\\/logo-1.jpg\",\"contentUrl\":\"https:\\\/\\\/escort-technology.com\\\/wp-content\\\/uploads\\\/logo-1.jpg\",\"width\":600,\"height\":165,\"caption\":\"ESCORT TECHNOLOGY\"},\"image\":{\"@id\":\"http:\\\/\\\/escort-technology.com\\\/de\\\/#\\\/schema\\\/logo\\\/image\\\/\"},\"sameAs\":[\"https:\\\/\\\/www.facebook.com\\\/elektronika.morska\\\/\",\"https:\\\/\\\/www.linkedin.com\\\/company\\\/escort-sp-z-o-o-\\\/\"]}]}<\/script>\n<!-- \/ Yoast SEO plugin. -->","yoast_head_json":{"title":"Obchody \u015awiatowego Dnia Hydrografii 2017 - ESCORT TECHNOLOGY","robots":{"index":"index","follow":"follow","max-snippet":"max-snippet:-1","max-image-preview":"max-image-preview:large","max-video-preview":"max-video-preview:-1"},"canonical":"https:\/\/escort-technology.com\/en\/obchody-swiatowego-dnia-hydrografii-2017\/","og_locale":"en_US","og_type":"article","og_title":"Obchody \u015awiatowego Dnia Hydrografii 2017 - ESCORT TECHNOLOGY","og_description":"Krajowe obchody \u015awiatowego Dnia Hydrografii W dniu 21 czerwca 2017r. w Ko\u0142obrzegu obchodzili\u015bmy \u015awiatowy Dzie\u0144 Hydrografii. Tematem przewodnim by\u0142o has\u0142o okre\u015blone przez Mi\u0119dzynarodow\u0105 Organizacj\u0119 Hydrograficzn\u0105 (IHO): &#8222;Kartowanie m\u00f3rz, ocean\u00f3w i szlak\u00f3w \u017ceglugowych &#8211; wa\u017cniejsze ni\u017c kiedykolwiek&#8221;. O godzinie 09:00 nast\u0105pi\u0142o oficjalne rozpocz\u0119cie obchod\u00f3w oraz prezentacja sprz\u0119tu hydrograficznego. Dodatkowo mo\u017cna by\u0142o zwiedza\u0107 okr\u0119t hydrograficzny ORP Heweliusz [&hellip;]","og_url":"https:\/\/escort-technology.com\/en\/obchody-swiatowego-dnia-hydrografii-2017\/","og_site_name":"ESCORT TECHNOLOGY","article_publisher":"https:\/\/www.facebook.com\/elektronika.morska\/","article_modified_time":"2019-07-18T10:50:12+00:00","twitter_card":"summary_large_image","twitter_misc":{"Est. reading time":"1 minute"},"schema":{"@context":"https:\/\/schema.org","@graph":[{"@type":"WebPage","@id":"https:\/\/escort-technology.com\/en\/obchody-swiatowego-dnia-hydrografii-2017\/","url":"https:\/\/escort-technology.com\/en\/obchody-swiatowego-dnia-hydrografii-2017\/","name":"Obchody \u015awiatowego Dnia Hydrografii 2017 - ESCORT TECHNOLOGY","isPartOf":{"@id":"http:\/\/escort-technology.com\/de\/#website"},"datePublished":"2018-02-28T08:43:58+00:00","dateModified":"2019-07-18T10:50:12+00:00","breadcrumb":{"@id":"https:\/\/escort-technology.com\/en\/obchody-swiatowego-dnia-hydrografii-2017\/#breadcrumb"},"inLanguage":"en-US","potentialAction":[{"@type":"ReadAction","target":["https:\/\/escort-technology.com\/en\/obchody-swiatowego-dnia-hydrografii-2017\/"]}]},{"@type":"BreadcrumbList","@id":"https:\/\/escort-technology.com\/en\/obchody-swiatowego-dnia-hydrografii-2017\/#breadcrumb","itemListElement":[{"@type":"ListItem","position":1,"name":"Strona g\u0142\u00f3wna","item":"https:\/\/escort-technology.com\/"},{"@type":"ListItem","position":2,"name":"Obchody \u015awiatowego Dnia Hydrografii 2017"}]},{"@type":"WebSite","@id":"http:\/\/escort-technology.com\/de\/#website","url":"http:\/\/escort-technology.com\/de\/","name":"ESCORT TECHNOLOGY","description":"Onshore and offshore electronics","publisher":{"@id":"http:\/\/escort-technology.com\/de\/#organization"},"potentialAction":[{"@type":"SearchAction","target":{"@type":"EntryPoint","urlTemplate":"http:\/\/escort-technology.com\/de\/?s={search_term_string}"},"query-input":{"@type":"PropertyValueSpecification","valueRequired":true,"valueName":"search_term_string"}}],"inLanguage":"en-US"},{"@type":"Organization","@id":"http:\/\/escort-technology.com\/de\/#organization","name":"ESCORT TECHNOLOGY","url":"http:\/\/escort-technology.com\/de\/","logo":{"@type":"ImageObject","inLanguage":"en-US","@id":"http:\/\/escort-technology.com\/de\/#\/schema\/logo\/image\/","url":"https:\/\/escort-technology.com\/wp-content\/uploads\/logo-1.jpg","contentUrl":"https:\/\/escort-technology.com\/wp-content\/uploads\/logo-1.jpg","width":600,"height":165,"caption":"ESCORT TECHNOLOGY"},"image":{"@id":"http:\/\/escort-technology.com\/de\/#\/schema\/logo\/image\/"},"sameAs":["https:\/\/www.facebook.com\/elektronika.morska\/","https:\/\/www.linkedin.com\/company\/escort-sp-z-o-o-\/"]}]}},"_links":{"self":[{"href":"http:\/\/escort-technology.com\/en\/wp-json\/wp\/v2\/pages\/1508","targetHints":{"allow":["GET"]}}],"collection":[{"href":"http:\/\/escort-technology.com\/en\/wp-json\/wp\/v2\/pages"}],"about":[{"href":"http:\/\/escort-technology.com\/en\/wp-json\/wp\/v2\/types\/page"}],"author":[{"embeddable":true,"href":"http:\/\/escort-technology.com\/en\/wp-json\/wp\/v2\/users\/1"}],"replies":[{"embeddable":true,"href":"http:\/\/escort-technology.com\/en\/wp-json\/wp\/v2\/comments?post=1508"}],"version-history":[{"count":9,"href":"http:\/\/escort-technology.com\/en\/wp-json\/wp\/v2\/pages\/1508\/revisions"}],"predecessor-version":[{"id":5098,"href":"http:\/\/escort-technology.com\/en\/wp-json\/wp\/v2\/pages\/1508\/revisions\/5098"}],"wp:attachment":[{"href":"http:\/\/escort-technology.com\/en\/wp-json\/wp\/v2\/media?parent=1508"}],"curies":[{"name":"wp","href":"https:\/\/api.w.org\/{rel}","templated":true}]}}