{"id":191,"date":"2017-12-20T22:11:19","date_gmt":"2017-12-20T22:11:19","guid":{"rendered":"http:\/\/escort-technology.com\/?page_id=191"},"modified":"2026-04-03T15:01:30","modified_gmt":"2026-04-03T13:01:30","slug":"produkty","status":"publish","type":"page","link":"http:\/\/escort-technology.com\/en\/produkty\/","title":{"rendered":"Products"},"content":{"rendered":"<h1>\n<h1>Sprzeda\u017c<\/h1>\n<\/h1>\n<p><a href=\"http:\/\/escort-technology.com\/elektronika-okretowa\/\"><img decoding=\"async\" src=\"\/wp-content\/uploads\/2023\/06\/39.png\" alt=\"\"><\/a><\/p>\n<div>\n<p><span style=\"color: #000000;\">| <a style=\"color: #000000;\" href=\"http:\/\/escort-technology.com\/elektronika-okretowa\/\">Elektronika okr\u0119towa<\/a><\/span><\/p>\n<\/div>\n<p><a href=\"http:\/\/escort-technology.com\/elektronika-jachtowa\/\"><img decoding=\"async\" src=\"\/wp-content\/uploads\/2023\/06\/41.png\" alt=\"\"><\/a><\/p>\n<div>\n<p><span style=\"color: #000000;\"><a style=\"color: #000000;\" href=\"http:\/\/escort-technology.com\/elektronika-jachtowa\/\">| Elektronika jachtowa<\/a><\/span><\/p>\n<\/div>\n<p><a href=\"http:\/\/escort-technology.com\/elektronika-w-hydrografii\/\"><img decoding=\"async\" src=\"\/wp-content\/uploads\/2023\/06\/45.png\" alt=\"\"><\/a><\/p>\n<div>\n<p>|<span style=\"color: #000000;\"><a style=\"color: #000000;\" href=\"http:\/\/escort-technology.com\/elektronika-w-hydrografii\/\"> Elektronika w hydrografii<\/a><\/span><\/p>\n<\/div>\n<p><a href=\"http:\/\/escort-technology.com\/elektronika-w-rybolowstwie\/\"><img decoding=\"async\" src=\"\/wp-content\/uploads\/2023\/06\/40.png\" alt=\"\"><\/a><\/p>\n<div>\n<p><span style=\"color: #000000;\"><a style=\"color: #000000;\" href=\"http:\/\/escort-technology.com\/elektronika-w-rybolowstwie\/\">| Elektronika w rybo\u0142\u00f3wstwie<\/a><\/span><\/p>\n<\/div>\n<p><a href=\"http:\/\/escort-technology.com\/hydroakustyka-specjalistyczna\/\"><img decoding=\"async\" src=\"\/wp-content\/uploads\/2023\/06\/43.png\" alt=\"\"><\/a><\/p>\n<div>\n<p align=\"justify\"><span style=\"color: #000000;\">\u00a0<a style=\"color: #000000;\" href=\"http:\/\/escort-technology.com\/hydroakustyka-specjalistyczna\/\">| Hydroakustyka specjalistyczna<\/a><\/span><\/p>\n<\/div>\n<p><a href=\"http:\/\/escort-technology.com\/systemy-komunikacji-na-morzu-i-ladzie\/\"><img decoding=\"async\" src=\"\/wp-content\/uploads\/2023\/06\/38.png\" alt=\"\"><\/a><\/p>\n<div>\n<p style=\"text-align: justify;\"><span style=\"color: #000000;\"><a style=\"color: #000000;\" href=\"http:\/\/escort-technology.com\/systemy-komunikacji-na-morzu-i-ladzie\/\">| Systemy komunikacji na morzu i l\u0105dzie<\/a><\/span><\/p>\n<\/div>\n<p><a href=\"http:\/\/escort-technology.com\/system-podwodnej-ochrony-portow-i-obiektow\/\"><img decoding=\"async\" src=\"\/wp-content\/uploads\/2023\/06\/Urban-in-Motion-LinkedIn-Post-Header-10.png\" alt=\"\"><\/a><\/p>\n<div>\n<p><span style=\"color: #000000;\"><a style=\"color: #000000;\" href=\"http:\/\/escort-technology.com\/system-podwodnej-ochrony-portow-i-obiektow\/\">| System ochrony port\u00f3w i obiekt\u00f3w<\/a><\/span><\/p>\n<\/div>\n<p><a href=\"https:\/\/escort-technology.com\/?page_id=5261&#038;preview=true\"><img decoding=\"async\" src=\"\/wp-content\/uploads\/2023\/06\/42.png\" alt=\"\"><\/a><\/p>\n<div>\n<p><a href=\"https:\/\/escort-technology.com\/?page_id=5261&amp;preview=true\"><span style=\"color: #000000;\">| Rozwi\u0105zania w zakresie energii odnawialnej<\/span><\/a><\/p>\n<\/div>\n<div>\n<h3 data-start=\"335\" data-end=\"399\">Nowoczesne rozwi\u0105zania technologiczne dla wymagaj\u0105cych bran\u017c<\/h3>\n<p data-start=\"318\" data-end=\"649\">W ESCORT Technology projektujemy i dostarczamy zaawansowane rozwi\u0105zania techniczne, kt\u00f3re odpowiadaj\u0105 na realne potrzeby przemys\u0142u, gospodarki morskiej oraz sektora offshore. Nasze produkty powstaj\u0105 na styku in\u017cynierii, innowacji i wieloletniego do\u015bwiadczenia zespo\u0142u R&amp;D. Wszystkie projekty s\u0105 tworzone z my\u015bl\u0105 o pracy w \u015brodowiskach wysokiego ryzyka \u2013 tam, gdzie kluczowe znaczenie maj\u0105 niezawodno\u015b\u0107, odporno\u015b\u0107 na warunki zewn\u0119trzne oraz ci\u0105g\u0142o\u015b\u0107 dzia\u0142ania system\u00f3w.<\/p>\n<h3 data-start=\"844\" data-end=\"900\">Integracja system\u00f3w \u2013 od projektu po pe\u0142ne wdro\u017cenie<\/h3>\n<p data-start=\"902\" data-end=\"1138\">Specjalizujemy si\u0119 w integracji system\u00f3w pomiarowych, monitoringu oraz bada\u0144 podwodnych. \u0141\u0105czymy r\u00f3\u017cne technologie w sp\u00f3jne, skalowalne i \u0142atwe w zarz\u0105dzaniu rozwi\u0105zania, dostosowane do specyfiki obiekt\u00f3w offshore i przemys\u0142owych.<\/p>\n<h3 data-start=\"1497\" data-end=\"1535\">Niezawodno\u015b\u0107 w \u015brodowisku offshore<\/h3>\n<p data-start=\"1537\" data-end=\"1737\">Projektowane przez nas rozwi\u0105zania spe\u0142niaj\u0105 wymagania pracy w \u015brodowisku morskim i offshore, gdzie urz\u0105dzenia s\u0105 nara\u017cone na ekstremalne warunki: wilgo\u0107, zasolenie, wibracje oraz zmienne temperatury. Stawiamy na:<\/p>\n<ul data-start=\"1752\" data-end=\"1934\">\n<li data-start=\"1752\" data-end=\"1797\">wysok\u0105 odporno\u015b\u0107 \u015brodowiskow\u0105 komponent\u00f3w<\/li>\n<li data-start=\"1798\" data-end=\"1835\">redundantne architektury system\u00f3w<\/li>\n<li data-start=\"1836\" data-end=\"1886\">ci\u0105g\u0142o\u015b\u0107 dzia\u0142ania i bezpiecze\u0144stwo operacyjne<\/li>\n<li data-start=\"1887\" data-end=\"1934\">zgodno\u015b\u0107 z wymaganiami bran\u017cowymi i normami<\/li>\n<\/ul>\n<h3 data-start=\"1936\" data-end=\"1981\">In\u017cynieria dopasowana do realnych potrzeb<\/h3>\n<p data-start=\"1983\" data-end=\"2207\">Ka\u017cdy projekt rozpoczynamy od analizy ryzyka i potrzeb operacyjnych klienta. Dzi\u0119ki temu dostarczamy rozwi\u0105zania nie tylko technologicznie zaawansowane, ale przede wszystkim funkcjonalne i efektywne w codziennym u\u017cytkowaniu.<\/p>\n<h3 data-start=\"2209\" data-end=\"2255\">Partner technologiczny, nie tylko dostawca<\/h3>\n<p data-start=\"2257\" data-end=\"2465\">ESCORT Technology to zesp\u00f3\u0142 in\u017cynier\u00f3w i specjalist\u00f3w R&amp;D, kt\u00f3rzy wspieraj\u0105 klient\u00f3w na ka\u017cdym etapie inwestycji \u2014 od koncepcji i projektowania, przez integracj\u0119 system\u00f3w, a\u017c po uruchomienie, serwis i rozw\u00f3j. Tworzymy rozwi\u0105zania, kt\u00f3re zwi\u0119kszaj\u0105 poziom bezpiecze\u0144stwa, optymalizuj\u0105 operacje i zapewniaj\u0105 realn\u0105 przewag\u0119 technologiczn\u0105 w sektorze offshore i przemys\u0142owym.<\/p>\n<p>Zapraszamy do zapoznania si\u0119 z produktami w <a href=\"https:\/\/shop.escort-technology.com\/\"><strong>sklepie internetowym<\/strong><\/a>.<\/p>\n<\/div>\n<p><!--more--><br \/>\n<!-- {\"type\":\"layout\",\"children\":[{\"name\":\"2\",\"type\":\"section\",\"props\":{\"animation\":\"slide-top-medium\",\"header_overlay\":\"light\",\"height_viewport\":false,\"image_fixed\":false,\"image_position\":\"bottom-center\",\"image_size\":\"contain\",\"overlap\":true,\"padding\":\"small\",\"padding_remove_top\":false,\"style\":\"default\",\"title_breakpoint\":\"xl\",\"title_position\":\"top-left\",\"title_rotation\":\"left\",\"vertical_align\":\"middle\",\"width\":\"large\"},\"children\":[{\"type\":\"row\",\"children\":[{\"type\":\"column\",\"props\":{\"image_position\":\"center-center\",\"position_sticky_breakpoint\":\"m\",\"width_medium\":\"1-1\"},\"children\":[{\"type\":\"headline\",\"props\":{\"content\":\"\n\n<h1>Sprzeda\\u017c<\\\/h1>\",\"title_decoration\":\"line\",\"title_element\":\"h1\"}}]}]},{\"type\":\"row\",\"props\":{\"layout\":\"1-4,1-4,1-4,1-4|1-2,1-2,1-2,1-2\"},\"children\":[{\"type\":\"column\",\"props\":{\"image_position\":\"center-center\",\"position_sticky_breakpoint\":\"m\",\"width_medium\":\"1-4\",\"width_small\":\"1-2\"},\"children\":[{\"type\":\"image\",\"props\":{\"image\":\"wp-content\\\/uploads\\\/2023\\\/06\\\/39.png\",\"image_svg_color\":\"emphasis\",\"image_width\":\"300\",\"link\":\"http:\\\/\\\/escort-technology.com\\\/elektronika-okretowa\\\/\",\"margin\":\"default\"}},{\"type\":\"text\",\"props\":{\"column_breakpoint\":\"m\",\"content\":\"\n\n<p><span style=\\\"color: #000000;\\\">| <a style=\\\"color: #000000;\\\" href=\\\"http:\\\/\\\/escort-technology.com\\\/elektronika-okretowa\\\/\\\">Elektronika okr\\u0119towa<\\\/a><\\\/span><\\\/p>\",\"margin\":\"default\"}}]},{\"type\":\"column\",\"props\":{\"image_position\":\"center-center\",\"position_sticky_breakpoint\":\"m\",\"width_medium\":\"1-4\",\"width_small\":\"1-2\"},\"children\":[{\"type\":\"image\",\"props\":{\"image\":\"wp-content\\\/uploads\\\/2023\\\/06\\\/41.png\",\"image_svg_color\":\"emphasis\",\"image_width\":\"300\",\"link\":\"http:\\\/\\\/escort-technology.com\\\/elektronika-jachtowa\\\/\",\"margin\":\"default\"}},{\"type\":\"text\",\"props\":{\"column_breakpoint\":\"m\",\"content\":\"\n\n<p><span style=\\\"color: #000000;\\\"><a style=\\\"color: #000000;\\\" href=\\\"http:\\\/\\\/escort-technology.com\\\/elektronika-jachtowa\\\/\\\">| Elektronika jachtowa<\\\/a><\\\/span><\\\/p>\",\"margin\":\"default\"}}]},{\"type\":\"column\",\"props\":{\"image_position\":\"center-center\",\"position_sticky_breakpoint\":\"m\",\"width_medium\":\"1-4\",\"width_small\":\"1-2\"},\"children\":[{\"type\":\"image\",\"props\":{\"image\":\"wp-content\\\/uploads\\\/2023\\\/06\\\/45.png\",\"image_svg_color\":\"emphasis\",\"image_width\":\"300\",\"link\":\"http:\\\/\\\/escort-technology.com\\\/elektronika-w-hydrografii\\\/\",\"margin\":\"default\"}},{\"type\":\"text\",\"props\":{\"column_breakpoint\":\"m\",\"content\":\"\n\n<p>|<span style=\\\"color: #000000;\\\"><a style=\\\"color: #000000;\\\" href=\\\"http:\\\/\\\/escort-technology.com\\\/elektronika-w-hydrografii\\\/\\\"> Elektronika w hydrografii<\\\/a><\\\/span><\\\/p>\",\"margin\":\"default\"}}]},{\"type\":\"column\",\"props\":{\"image_position\":\"center-center\",\"position_sticky_breakpoint\":\"m\",\"width_medium\":\"1-4\",\"width_small\":\"1-2\"},\"children\":[{\"type\":\"image\",\"props\":{\"image\":\"wp-content\\\/uploads\\\/2023\\\/06\\\/40.png\",\"image_svg_color\":\"emphasis\",\"image_width\":\"300\",\"link\":\"http:\\\/\\\/escort-technology.com\\\/elektronika-w-rybolowstwie\\\/\",\"margin\":\"default\"}},{\"type\":\"text\",\"props\":{\"column_breakpoint\":\"m\",\"content\":\"\n\n<p><span style=\\\"color: #000000;\\\"><a style=\\\"color: #000000;\\\" href=\\\"http:\\\/\\\/escort-technology.com\\\/elektronika-w-rybolowstwie\\\/\\\">| Elektronika w rybo\\u0142\\u00f3wstwie<\\\/a><\\\/span><\\\/p>\",\"margin\":\"default\"}}]}]},{\"type\":\"row\",\"props\":{\"layout\":\"1-4,1-4,1-4,1-4|1-2,1-2,1-2,1-2\"},\"children\":[{\"type\":\"column\",\"props\":{\"image_position\":\"center-center\",\"position_sticky_breakpoint\":\"m\",\"width_medium\":\"1-4\",\"width_small\":\"1-2\"},\"children\":[{\"type\":\"image\",\"props\":{\"image\":\"wp-content\\\/uploads\\\/2023\\\/06\\\/43.png\",\"image_svg_color\":\"emphasis\",\"link\":\"http:\\\/\\\/escort-technology.com\\\/hydroakustyka-specjalistyczna\\\/\",\"margin\":\"default\"}},{\"type\":\"text\",\"props\":{\"column_breakpoint\":\"m\",\"content\":\"\n\n<p align=\\\"justify\\\"><span style=\\\"color: #000000;\\\">\\u00a0<a style=\\\"color: #000000;\\\" href=\\\"http:\\\/\\\/escort-technology.com\\\/hydroakustyka-specjalistyczna\\\/\\\">| Hydroakustyka specjalistyczna<\\\/a><\\\/span><\\\/p>\",\"margin\":\"default\",\"text_align\":\"right\"}}]},{\"type\":\"column\",\"props\":{\"image_position\":\"center-center\",\"position_sticky_breakpoint\":\"m\",\"width_medium\":\"1-4\",\"width_small\":\"1-2\"},\"children\":[{\"type\":\"image\",\"props\":{\"image\":\"wp-content\\\/uploads\\\/2023\\\/06\\\/38.png\",\"image_border\":\"rounded\",\"image_svg_color\":\"emphasis\",\"link\":\"http:\\\/\\\/escort-technology.com\\\/systemy-komunikacji-na-morzu-i-ladzie\\\/\",\"margin\":\"default\"}},{\"type\":\"text\",\"props\":{\"column_breakpoint\":\"m\",\"content\":\"\n\n<p style=\\\"text-align: justify;\\\"><span style=\\\"color: #000000;\\\"><a style=\\\"color: #000000;\\\" href=\\\"http:\\\/\\\/escort-technology.com\\\/systemy-komunikacji-na-morzu-i-ladzie\\\/\\\">| Systemy komunikacji na morzu i l\\u0105dzie<\\\/a><\\\/span><\\\/p>\",\"margin\":\"default\"}}]},{\"type\":\"column\",\"props\":{\"image_position\":\"center-center\",\"position_sticky_breakpoint\":\"m\",\"width_medium\":\"1-4\",\"width_small\":\"1-2\"},\"children\":[{\"type\":\"image\",\"props\":{\"image\":\"wp-content\\\/uploads\\\/2023\\\/06\\\/Urban-in-Motion-LinkedIn-Post-Header-10.png\",\"image_border\":\"rounded\",\"image_svg_color\":\"emphasis\",\"link\":\"http:\\\/\\\/escort-technology.com\\\/system-podwodnej-ochrony-portow-i-obiektow\\\/\",\"margin\":\"default\",\"text_align\":\"left\"}},{\"type\":\"text\",\"props\":{\"column_breakpoint\":\"m\",\"content\":\"\n\n<p><span style=\\\"color: #000000;\\\"><a style=\\\"color: #000000;\\\" href=\\\"http:\\\/\\\/escort-technology.com\\\/system-podwodnej-ochrony-portow-i-obiektow\\\/\\\">| System ochrony port\\u00f3w i obiekt\\u00f3w<\\\/a><\\\/span><\\\/p>\",\"margin\":\"default\"}}]},{\"type\":\"column\",\"props\":{\"image_position\":\"center-center\",\"position_sticky_breakpoint\":\"m\",\"width_medium\":\"1-4\",\"width_small\":\"1-2\"},\"children\":[{\"type\":\"image\",\"props\":{\"image\":\"wp-content\\\/uploads\\\/2023\\\/06\\\/42.png\",\"image_border\":\"rounded\",\"image_svg_color\":\"emphasis\",\"image_width\":\"300\",\"link\":\"https:\\\/\\\/escort-technology.com\\\/?page_id=5261&preview=true\",\"margin\":\"default\"}},{\"type\":\"text\",\"props\":{\"column_breakpoint\":\"m\",\"content\":\"\n\n<p><a href=\\\"https:\\\/\\\/escort-technology.com\\\/?page_id=5261&amp;preview=true\\\"><span style=\\\"color: #000000;\\\">| Rozwi\\u0105zania w zakresie energii odnawialnej<\\\/span><\\\/a><\\\/p>\",\"margin\":\"default\"}}]}]},{\"type\":\"row\",\"children\":[{\"type\":\"column\",\"props\":{\"image_position\":\"center-center\",\"position_sticky_breakpoint\":\"m\",\"width_medium\":\"1-1\"},\"children\":[{\"type\":\"text\",\"props\":{\"column_breakpoint\":\"m\",\"content\":\"\n\n<h3 data-start=\\\"335\\\" data-end=\\\"399\\\">Nowoczesne rozwi\\u0105zania technologiczne dla wymagaj\\u0105cych bran\\u017c<\\\/h3>\\n\n\n<p data-start=\\\"318\\\" data-end=\\\"649\\\">W ESCORT Technology projektujemy i dostarczamy zaawansowane rozwi\\u0105zania techniczne, kt\\u00f3re odpowiadaj\\u0105 na realne potrzeby przemys\\u0142u, gospodarki morskiej oraz sektora offshore. Nasze produkty powstaj\\u0105 na styku in\\u017cynierii, innowacji i wieloletniego do\\u015bwiadczenia zespo\\u0142u R&amp;D. Wszystkie projekty s\\u0105 tworzone z my\\u015bl\\u0105 o pracy w \\u015brodowiskach wysokiego ryzyka \\u2013 tam, gdzie kluczowe znaczenie maj\\u0105 niezawodno\\u015b\\u0107, odporno\\u015b\\u0107 na warunki zewn\\u0119trzne oraz ci\\u0105g\\u0142o\\u015b\\u0107 dzia\\u0142ania system\\u00f3w.<\\\/p>\\n\n\n<h3 data-start=\\\"844\\\" data-end=\\\"900\\\">Integracja system\\u00f3w \\u2013 od projektu po pe\\u0142ne wdro\\u017cenie<\\\/h3>\\n\n\n<p data-start=\\\"902\\\" data-end=\\\"1138\\\">Specjalizujemy si\\u0119 w integracji system\\u00f3w pomiarowych, monitoringu oraz bada\\u0144 podwodnych. \\u0141\\u0105czymy r\\u00f3\\u017cne technologie w sp\\u00f3jne, skalowalne i \\u0142atwe w zarz\\u0105dzaniu rozwi\\u0105zania, dostosowane do specyfiki obiekt\\u00f3w offshore i przemys\\u0142owych.<\\\/p>\\n\n\n<h3 data-start=\\\"1497\\\" data-end=\\\"1535\\\">Niezawodno\\u015b\\u0107 w \\u015brodowisku offshore<\\\/h3>\\n\n\n<p data-start=\\\"1537\\\" data-end=\\\"1737\\\">Projektowane przez nas rozwi\\u0105zania spe\\u0142niaj\\u0105 wymagania pracy w \\u015brodowisku morskim i offshore, gdzie urz\\u0105dzenia s\\u0105 nara\\u017cone na ekstremalne warunki: wilgo\\u0107, zasolenie, wibracje oraz zmienne temperatury. Stawiamy na:<\\\/p>\\n\n\n<ul data-start=\\\"1752\\\" data-end=\\\"1934\\\">\\n\n\n<li data-start=\\\"1752\\\" data-end=\\\"1797\\\">wysok\\u0105 odporno\\u015b\\u0107 \\u015brodowiskow\\u0105 komponent\\u00f3w<\\\/li>\\n\n\n<li data-start=\\\"1798\\\" data-end=\\\"1835\\\">redundantne architektury system\\u00f3w<\\\/li>\\n\n\n<li data-start=\\\"1836\\\" data-end=\\\"1886\\\">ci\\u0105g\\u0142o\\u015b\\u0107 dzia\\u0142ania i bezpiecze\\u0144stwo operacyjne<\\\/li>\\n\n\n<li data-start=\\\"1887\\\" data-end=\\\"1934\\\">zgodno\\u015b\\u0107 z wymaganiami bran\\u017cowymi i normami<\\\/li>\\n<\\\/ul>\\n\n\n<h3 data-start=\\\"1936\\\" data-end=\\\"1981\\\">In\\u017cynieria dopasowana do realnych potrzeb<\\\/h3>\\n\n\n<p data-start=\\\"1983\\\" data-end=\\\"2207\\\">Ka\\u017cdy projekt rozpoczynamy od analizy ryzyka i potrzeb operacyjnych klienta. Dzi\\u0119ki temu dostarczamy rozwi\\u0105zania nie tylko technologicznie zaawansowane, ale przede wszystkim funkcjonalne i efektywne w codziennym u\\u017cytkowaniu.<\\\/p>\\n\n\n<h3 data-start=\\\"2209\\\" data-end=\\\"2255\\\">Partner technologiczny, nie tylko dostawca<\\\/h3>\\n\n\n<p data-start=\\\"2257\\\" data-end=\\\"2465\\\">ESCORT Technology to zesp\\u00f3\\u0142 in\\u017cynier\\u00f3w i specjalist\\u00f3w R&amp;D, kt\\u00f3rzy wspieraj\\u0105 klient\\u00f3w na ka\\u017cdym etapie inwestycji \\u2014 od koncepcji i projektowania, przez integracj\\u0119 system\\u00f3w, a\\u017c po uruchomienie, serwis i rozw\\u00f3j. Tworzymy rozwi\\u0105zania, kt\\u00f3re zwi\\u0119kszaj\\u0105 poziom bezpiecze\\u0144stwa, optymalizuj\\u0105 operacje i zapewniaj\\u0105 realn\\u0105 przewag\\u0119 technologiczn\\u0105 w sektorze offshore i przemys\\u0142owym.<\\\/p>\\n\n\n<p>Zapraszamy do zapoznania si\\u0119 z produktami w <a href=\\\"https:\\\/\\\/shop.escort-technology.com\\\/\\\"><strong>sklepie internetowym<\\\/strong><\\\/a>.<\\\/p>\",\"margin\":\"default\",\"text_align\":\"justify\"}}]}]}]}],\"version\":\"4.0.13\"} --><\/p>\n","protected":false},"excerpt":{"rendered":"<p>Sprzeda\u017c | Elektronika okr\u0119towa | Elektronika jachtowa | Elektronika w hydrografii | Elektronika w rybo\u0142\u00f3wstwie \u00a0| Hydroakustyka specjalistyczna | Systemy komunikacji na morzu i l\u0105dzie | System ochrony port\u00f3w i obiekt\u00f3w | Rozwi\u0105zania w zakresie energii odnawialnej Nowoczesne rozwi\u0105zania technologiczne dla wymagaj\u0105cych bran\u017c W ESCORT Technology projektujemy i dostarczamy zaawansowane rozwi\u0105zania techniczne, kt\u00f3re odpowiadaj\u0105 na [&hellip;]<\/p>\n","protected":false},"author":1,"featured_media":0,"parent":0,"menu_order":0,"comment_status":"closed","ping_status":"closed","template":"","meta":{"footnotes":""},"class_list":["post-191","page","type-page","status-publish","hentry"],"yoast_head":"<!-- This site is optimized with the Yoast SEO plugin v27.5 - https:\/\/yoast.com\/product\/yoast-seo-wordpress\/ -->\n<title>Elektronika morska - sprzeda\u017c i dostawa sprz\u0119tu \u01c0 firma Escort<\/title>\n<meta name=\"description\" content=\"Oferujemy szerok\u0105 gam\u0119 produkt\u00f3w z zakresu elektroniki morskiej, a w\u015br\u00f3d nich elektronik\u0119 okr\u0119tow\u0105 oraz hydrograficzn\u0105. Wysoka jako\u015b\u0107 i b\u0142yskawiczna dostawa!\" \/>\n<meta name=\"robots\" content=\"index, follow, max-snippet:-1, max-image-preview:large, max-video-preview:-1\" \/>\n<link rel=\"canonical\" href=\"https:\/\/escort-technology.com\/en\/produkty\/\" \/>\n<meta property=\"og:locale\" content=\"en_US\" \/>\n<meta property=\"og:type\" content=\"article\" \/>\n<meta property=\"og:title\" content=\"Elektronika morska - sprzeda\u017c i dostawa sprz\u0119tu \u01c0 firma Escort\" \/>\n<meta property=\"og:description\" content=\"Oferujemy szerok\u0105 gam\u0119 produkt\u00f3w z zakresu elektroniki morskiej, a w\u015br\u00f3d nich elektronik\u0119 okr\u0119tow\u0105 oraz hydrograficzn\u0105. Wysoka jako\u015b\u0107 i b\u0142yskawiczna dostawa!\" \/>\n<meta property=\"og:url\" content=\"https:\/\/escort-technology.com\/en\/produkty\/\" \/>\n<meta property=\"og:site_name\" content=\"ESCORT TECHNOLOGY\" \/>\n<meta property=\"article:publisher\" content=\"https:\/\/www.facebook.com\/elektronika.morska\/\" \/>\n<meta property=\"article:modified_time\" content=\"2026-04-03T13:01:30+00:00\" \/>\n<meta name=\"twitter:card\" content=\"summary_large_image\" \/>\n<meta name=\"twitter:label1\" content=\"Est. reading time\" \/>\n\t<meta name=\"twitter:data1\" content=\"2 minutes\" \/>\n<script type=\"application\/ld+json\" class=\"yoast-schema-graph\">{\"@context\":\"https:\\\/\\\/schema.org\",\"@graph\":[{\"@type\":\"WebPage\",\"@id\":\"https:\\\/\\\/escort-technology.com\\\/produkty\\\/\",\"url\":\"https:\\\/\\\/escort-technology.com\\\/produkty\\\/\",\"name\":\"Elektronika morska - sprzeda\u017c i dostawa sprz\u0119tu \u01c0 firma Escort\",\"isPartOf\":{\"@id\":\"http:\\\/\\\/escort-technology.com\\\/de\\\/#website\"},\"datePublished\":\"2017-12-20T22:11:19+00:00\",\"dateModified\":\"2026-04-03T13:01:30+00:00\",\"description\":\"Oferujemy szerok\u0105 gam\u0119 produkt\u00f3w z zakresu elektroniki morskiej, a w\u015br\u00f3d nich elektronik\u0119 okr\u0119tow\u0105 oraz hydrograficzn\u0105. Wysoka jako\u015b\u0107 i b\u0142yskawiczna dostawa!\",\"breadcrumb\":{\"@id\":\"https:\\\/\\\/escort-technology.com\\\/produkty\\\/#breadcrumb\"},\"inLanguage\":\"en-US\",\"potentialAction\":[{\"@type\":\"ReadAction\",\"target\":[\"https:\\\/\\\/escort-technology.com\\\/produkty\\\/\"]}]},{\"@type\":\"BreadcrumbList\",\"@id\":\"https:\\\/\\\/escort-technology.com\\\/produkty\\\/#breadcrumb\",\"itemListElement\":[{\"@type\":\"ListItem\",\"position\":1,\"name\":\"Strona g\u0142\u00f3wna\",\"item\":\"https:\\\/\\\/escort-technology.com\\\/\"},{\"@type\":\"ListItem\",\"position\":2,\"name\":\"Produkty\"}]},{\"@type\":\"WebSite\",\"@id\":\"http:\\\/\\\/escort-technology.com\\\/de\\\/#website\",\"url\":\"http:\\\/\\\/escort-technology.com\\\/de\\\/\",\"name\":\"ESCORT TECHNOLOGY\",\"description\":\"Elektronika morska i l\u0105dowa\",\"publisher\":{\"@id\":\"http:\\\/\\\/escort-technology.com\\\/de\\\/#organization\"},\"potentialAction\":[{\"@type\":\"SearchAction\",\"target\":{\"@type\":\"EntryPoint\",\"urlTemplate\":\"http:\\\/\\\/escort-technology.com\\\/de\\\/?s={search_term_string}\"},\"query-input\":{\"@type\":\"PropertyValueSpecification\",\"valueRequired\":true,\"valueName\":\"search_term_string\"}}],\"inLanguage\":\"en-US\"},{\"@type\":\"Organization\",\"@id\":\"http:\\\/\\\/escort-technology.com\\\/de\\\/#organization\",\"name\":\"ESCORT TECHNOLOGY\",\"url\":\"http:\\\/\\\/escort-technology.com\\\/de\\\/\",\"logo\":{\"@type\":\"ImageObject\",\"inLanguage\":\"en-US\",\"@id\":\"http:\\\/\\\/escort-technology.com\\\/de\\\/#\\\/schema\\\/logo\\\/image\\\/\",\"url\":\"https:\\\/\\\/escort-technology.com\\\/wp-content\\\/uploads\\\/logo-1.jpg\",\"contentUrl\":\"https:\\\/\\\/escort-technology.com\\\/wp-content\\\/uploads\\\/logo-1.jpg\",\"width\":600,\"height\":165,\"caption\":\"ESCORT TECHNOLOGY\"},\"image\":{\"@id\":\"http:\\\/\\\/escort-technology.com\\\/de\\\/#\\\/schema\\\/logo\\\/image\\\/\"},\"sameAs\":[\"https:\\\/\\\/www.facebook.com\\\/elektronika.morska\\\/\",\"https:\\\/\\\/www.linkedin.com\\\/company\\\/escort-sp-z-o-o-\\\/\"]}]}<\/script>\n<!-- \/ Yoast SEO plugin. -->","yoast_head_json":{"title":"Elektronika morska - sprzeda\u017c i dostawa sprz\u0119tu \u01c0 firma Escort","description":"Oferujemy szerok\u0105 gam\u0119 produkt\u00f3w z zakresu elektroniki morskiej, a w\u015br\u00f3d nich elektronik\u0119 okr\u0119tow\u0105 oraz hydrograficzn\u0105. Wysoka jako\u015b\u0107 i b\u0142yskawiczna dostawa!","robots":{"index":"index","follow":"follow","max-snippet":"max-snippet:-1","max-image-preview":"max-image-preview:large","max-video-preview":"max-video-preview:-1"},"canonical":"https:\/\/escort-technology.com\/en\/produkty\/","og_locale":"en_US","og_type":"article","og_title":"Elektronika morska - sprzeda\u017c i dostawa sprz\u0119tu \u01c0 firma Escort","og_description":"Oferujemy szerok\u0105 gam\u0119 produkt\u00f3w z zakresu elektroniki morskiej, a w\u015br\u00f3d nich elektronik\u0119 okr\u0119tow\u0105 oraz hydrograficzn\u0105. Wysoka jako\u015b\u0107 i b\u0142yskawiczna dostawa!","og_url":"https:\/\/escort-technology.com\/en\/produkty\/","og_site_name":"ESCORT TECHNOLOGY","article_publisher":"https:\/\/www.facebook.com\/elektronika.morska\/","article_modified_time":"2026-04-03T13:01:30+00:00","twitter_card":"summary_large_image","twitter_misc":{"Est. reading time":"2 minutes"},"schema":{"@context":"https:\/\/schema.org","@graph":[{"@type":"WebPage","@id":"https:\/\/escort-technology.com\/produkty\/","url":"https:\/\/escort-technology.com\/produkty\/","name":"Elektronika morska - sprzeda\u017c i dostawa sprz\u0119tu \u01c0 firma Escort","isPartOf":{"@id":"http:\/\/escort-technology.com\/de\/#website"},"datePublished":"2017-12-20T22:11:19+00:00","dateModified":"2026-04-03T13:01:30+00:00","description":"Oferujemy szerok\u0105 gam\u0119 produkt\u00f3w z zakresu elektroniki morskiej, a w\u015br\u00f3d nich elektronik\u0119 okr\u0119tow\u0105 oraz hydrograficzn\u0105. Wysoka jako\u015b\u0107 i b\u0142yskawiczna dostawa!","breadcrumb":{"@id":"https:\/\/escort-technology.com\/produkty\/#breadcrumb"},"inLanguage":"en-US","potentialAction":[{"@type":"ReadAction","target":["https:\/\/escort-technology.com\/produkty\/"]}]},{"@type":"BreadcrumbList","@id":"https:\/\/escort-technology.com\/produkty\/#breadcrumb","itemListElement":[{"@type":"ListItem","position":1,"name":"Strona g\u0142\u00f3wna","item":"https:\/\/escort-technology.com\/"},{"@type":"ListItem","position":2,"name":"Produkty"}]},{"@type":"WebSite","@id":"http:\/\/escort-technology.com\/de\/#website","url":"http:\/\/escort-technology.com\/de\/","name":"ESCORT TECHNOLOGY","description":"Onshore and offshore electronics","publisher":{"@id":"http:\/\/escort-technology.com\/de\/#organization"},"potentialAction":[{"@type":"SearchAction","target":{"@type":"EntryPoint","urlTemplate":"http:\/\/escort-technology.com\/de\/?s={search_term_string}"},"query-input":{"@type":"PropertyValueSpecification","valueRequired":true,"valueName":"search_term_string"}}],"inLanguage":"en-US"},{"@type":"Organization","@id":"http:\/\/escort-technology.com\/de\/#organization","name":"ESCORT TECHNOLOGY","url":"http:\/\/escort-technology.com\/de\/","logo":{"@type":"ImageObject","inLanguage":"en-US","@id":"http:\/\/escort-technology.com\/de\/#\/schema\/logo\/image\/","url":"https:\/\/escort-technology.com\/wp-content\/uploads\/logo-1.jpg","contentUrl":"https:\/\/escort-technology.com\/wp-content\/uploads\/logo-1.jpg","width":600,"height":165,"caption":"ESCORT TECHNOLOGY"},"image":{"@id":"http:\/\/escort-technology.com\/de\/#\/schema\/logo\/image\/"},"sameAs":["https:\/\/www.facebook.com\/elektronika.morska\/","https:\/\/www.linkedin.com\/company\/escort-sp-z-o-o-\/"]}]}},"_links":{"self":[{"href":"http:\/\/escort-technology.com\/en\/wp-json\/wp\/v2\/pages\/191","targetHints":{"allow":["GET"]}}],"collection":[{"href":"http:\/\/escort-technology.com\/en\/wp-json\/wp\/v2\/pages"}],"about":[{"href":"http:\/\/escort-technology.com\/en\/wp-json\/wp\/v2\/types\/page"}],"author":[{"embeddable":true,"href":"http:\/\/escort-technology.com\/en\/wp-json\/wp\/v2\/users\/1"}],"replies":[{"embeddable":true,"href":"http:\/\/escort-technology.com\/en\/wp-json\/wp\/v2\/comments?post=191"}],"version-history":[{"count":88,"href":"http:\/\/escort-technology.com\/en\/wp-json\/wp\/v2\/pages\/191\/revisions"}],"predecessor-version":[{"id":15139,"href":"http:\/\/escort-technology.com\/en\/wp-json\/wp\/v2\/pages\/191\/revisions\/15139"}],"wp:attachment":[{"href":"http:\/\/escort-technology.com\/en\/wp-json\/wp\/v2\/media?parent=191"}],"curies":[{"name":"wp","href":"https:\/\/api.w.org\/{rel}","templated":true}]}}