{"id":2439,"date":"2018-03-19T13:26:02","date_gmt":"2018-03-19T13:26:02","guid":{"rendered":"http:\/\/escort-technology.com\/?page_id=2439"},"modified":"2018-03-19T14:42:41","modified_gmt":"2018-03-19T14:42:41","slug":"antena-gps-simrad-gs70","status":"publish","type":"page","link":"http:\/\/escort-technology.com\/en\/antena-gps-simrad-gs70\/","title":{"rendered":"SIMRAD GS70 GPS antenna"},"content":{"rendered":"<p>Antena GPS SIMRAD GS70<\/p>\n<p>Antena NMEA2000 Simrad GS70, wsp\u00f3\u0142pracuje z sytsemem nawigacji \u00a0Simrad GN70.<\/p>\n<p>\u0141atwa instalacja z interfejsem NMEA 2000<br \/>\nOdbi\u00f3r poprawek DGPS z satelit\u00f3w SBAS (WAAS, EGNOS, MSAS)<br \/>\nOdbi\u00f3r poprawek RTCM z sieci NMEA 2000 ze skrzynk\u0105 przy\u0142\u0105czeniow\u0105 MX610<br \/>\n32 kana\u0142owy odbiorniki GNSS<br \/>\nCz\u0119stotliwo\u015b\u0107 aktualizacji pozycji \u00a01, 5 lub 10 Hz<br \/>\nDok\u0142adno\u015b\u0107 pozycji GPS (2DRMS) \u00a05m i dok\u0142adno\u015bci pozycji DGPS (SBAS) \u00a02m.\n<\/p>\n<p>BROSZURA<\/p>\n<p><!-- {\"name\":\"\",\"type\":\"layout\",\"children\":[{\"name\":\"ANTENA\",\"type\":\"section\",\"props\":{\"width\":\"default\",\"padding\":\"xsmall\",\"style\":\"default\",\"text_color\":\"\",\"media\":\"\",\"height_viewport\":false,\"header_overlay\":\"light\",\"animation\":\"slide-top-medium\",\"padding_remove_top\":false,\"image_size\":\"cover\",\"image\":\"\",\"image_position\":\"bottom-center\",\"image_fixed\":false,\"class\":\"\",\"overlap\":true,\"vertical_align\":\"middle\",\"title_position\":\"top-left\",\"title_rotation\":\"left\",\"title_breakpoint\":\"xl\"},\"children\":[{\"name\":\"\",\"type\":\"row\",\"props\":{\"layout\":\"1-1\",\"breakpoint\":\"m\",\"margin\":\"\",\"fixed_width\":\"large\"},\"children\":[{\"name\":\"\",\"type\":\"column\",\"props\":{\"image_position\":\"center-center\",\"widths\":[\"1-1\"]},\"children\":[{\"name\":\"\",\"type\":\"headline\",\"props\":{\"title_element\":\"h2\",\"content\":\"Antena GPS SIMRAD GS70\",\"text_align\":\"center\",\"text_align_fallback\":\"center\",\"maxwidth_align\":\"center\",\"maxwidth\":\"\",\"title_style\":\"h2\",\"title_decoration\":\"\",\"margin\":\"\"}},{\"name\":\"\",\"type\":\"divider\",\"props\":{\"divider_element\":\"hr\"}}]}]},{\"name\":\"\",\"type\":\"row\",\"props\":{\"fixed_width\":\"large\",\"breakpoint\":\"m\",\"layout\":\",2-3\",\"margin\":\"medium\"},\"children\":[{\"name\":\"\",\"type\":\"column\",\"props\":{\"widths\":[\"\"],\"image_position\":\"center-center\"},\"children\":[{\"name\":\"\",\"type\":\"image\",\"props\":{\"margin\":\"default\",\"image\":\"wp-content\\\/uploads\\\/GS25_md.jpg\",\"image_width\":\"300\",\"image_box_shadow\":\"\",\"image_border\":\"rounded\",\"text_align\":\"center\"}}]},{\"name\":\"\",\"type\":\"column\",\"props\":{\"widths\":[\"2-3\"],\"image_position\":\"center-center\"},\"children\":[{\"name\":\"\",\"type\":\"text\",\"props\":{\"column_breakpoint\":\"m\",\"margin\":\"medium\",\"content\":\"\n\n<p>Antena NMEA2000 Simrad GS70, wsp\\u00f3\\u0142pracuje z sytsemem nawigacji \\u00a0Simrad GN70.<\\\/p>\\n\n\n<ul>\\n\n\n<li>\\u0141atwa instalacja z interfejsem NMEA 2000<\\\/li>\\n\n\n<li>Odbi\\u00f3r poprawek DGPS z satelit\\u00f3w SBAS (WAAS, EGNOS, MSAS)<\\\/li>\\n\n\n<li>Odbi\\u00f3r poprawek RTCM z sieci NMEA 2000 ze skrzynk\\u0105 przy\\u0142\\u0105czeniow\\u0105 MX610<\\\/li>\\n\n\n<li>32 kana\\u0142owy odbiorniki GNSS<\\\/li>\\n\n\n<li>Cz\\u0119stotliwo\\u015b\\u0107 aktualizacji pozycji \\u00a01, 5 lub 10 Hz<\\\/li>\\n\n\n<li>Dok\\u0142adno\\u015b\\u0107 pozycji GPS (2DRMS) \\u00a05m i dok\\u0142adno\\u015bci pozycji DGPS (SBAS) \\u00a02m.<\\\/li>\\n<\\\/ul>\",\"animation\":\"slide-left-medium\",\"text_align\":\"justify\",\"text_align_breakpoint\":\"m\",\"text_align_fallback\":\"center\",\"text_size\":\"\",\"maxwidth\":\"xxlarge\"}}]}]},{\"name\":\"\",\"type\":\"row\",\"props\":{\"fixed_width\":\"large\",\"breakpoint\":\"m\",\"layout\":\"1-1\",\"margin\":\"large\"},\"children\":[{\"name\":\"\",\"type\":\"column\",\"props\":{\"image_position\":\"center-center\",\"widths\":[\"1-1\"]},\"children\":[{\"name\":\"\",\"type\":\"button\",\"props\":{\"gutter\":\"small\",\"inline_align\":\"center\",\"margin\":\"\",\"text_align\":\"center\",\"button_size\":\"large\",\"animation\":\"slide-bottom-medium\"},\"children\":[{\"name\":\"\",\"type\":\"button_item\",\"props\":{\"button_style\":\"secondary\",\"content\":\"BROSZURA\",\"link\":\"wp-content\\\/uploads\\\/SIMRAD_GS70-1.pdf\",\"link_title\":\"Explore More\",\"icon_align\":\"left\",\"link_target\":\"blank\"}}]}]}]}]}]} --><\/p>\n","protected":false},"excerpt":{"rendered":"<p>Antena GPS SIMRAD GS70 Antena NMEA2000 Simrad GS70, wsp\u00f3\u0142pracuje z sytsemem nawigacji \u00a0Simrad GN70. \u0141atwa instalacja z interfejsem NMEA 2000 Odbi\u00f3r poprawek DGPS z satelit\u00f3w SBAS (WAAS, EGNOS, MSAS) Odbi\u00f3r poprawek RTCM z sieci NMEA 2000 ze skrzynk\u0105 przy\u0142\u0105czeniow\u0105 MX610 32 kana\u0142owy odbiorniki GNSS Cz\u0119stotliwo\u015b\u0107 aktualizacji pozycji \u00a01, 5 lub 10 Hz Dok\u0142adno\u015b\u0107 pozycji GPS [&hellip;]<\/p>\n","protected":false},"author":6,"featured_media":0,"parent":0,"menu_order":0,"comment_status":"closed","ping_status":"closed","template":"","meta":{"footnotes":""},"class_list":["post-2439","page","type-page","status-publish","hentry"],"yoast_head":"<!-- This site is optimized with the Yoast SEO plugin v27.6 - https:\/\/yoast.com\/product\/yoast-seo-wordpress\/ -->\n<title>Antena GPS SIMRAD GS70 - ESCORT TECHNOLOGY<\/title>\n<meta name=\"robots\" content=\"index, follow, max-snippet:-1, max-image-preview:large, max-video-preview:-1\" \/>\n<link rel=\"canonical\" href=\"https:\/\/escort-technology.com\/en\/antena-gps-simrad-gs70\/\" \/>\n<meta property=\"og:locale\" content=\"en_US\" \/>\n<meta property=\"og:type\" content=\"article\" \/>\n<meta property=\"og:title\" content=\"Antena GPS SIMRAD GS70 - ESCORT TECHNOLOGY\" \/>\n<meta property=\"og:description\" content=\"Antena GPS SIMRAD GS70 Antena NMEA2000 Simrad GS70, wsp\u00f3\u0142pracuje z sytsemem nawigacji \u00a0Simrad GN70. \u0141atwa instalacja z interfejsem NMEA 2000 Odbi\u00f3r poprawek DGPS z satelit\u00f3w SBAS (WAAS, EGNOS, MSAS) Odbi\u00f3r poprawek RTCM z sieci NMEA 2000 ze skrzynk\u0105 przy\u0142\u0105czeniow\u0105 MX610 32 kana\u0142owy odbiorniki GNSS Cz\u0119stotliwo\u015b\u0107 aktualizacji pozycji \u00a01, 5 lub 10 Hz Dok\u0142adno\u015b\u0107 pozycji GPS [&hellip;]\" \/>\n<meta property=\"og:url\" content=\"https:\/\/escort-technology.com\/en\/antena-gps-simrad-gs70\/\" \/>\n<meta property=\"og:site_name\" content=\"ESCORT TECHNOLOGY\" \/>\n<meta property=\"article:publisher\" content=\"https:\/\/www.facebook.com\/elektronika.morska\/\" \/>\n<meta property=\"article:modified_time\" content=\"2018-03-19T14:42:41+00:00\" \/>\n<meta name=\"twitter:card\" content=\"summary_large_image\" \/>\n<script type=\"application\/ld+json\" class=\"yoast-schema-graph\">{\"@context\":\"https:\\\/\\\/schema.org\",\"@graph\":[{\"@type\":\"WebPage\",\"@id\":\"https:\\\/\\\/escort-technology.com\\\/antena-gps-simrad-gs70\\\/\",\"url\":\"https:\\\/\\\/escort-technology.com\\\/antena-gps-simrad-gs70\\\/\",\"name\":\"Antena GPS SIMRAD GS70 - ESCORT TECHNOLOGY\",\"isPartOf\":{\"@id\":\"http:\\\/\\\/escort-technology.com\\\/de\\\/#website\"},\"datePublished\":\"2018-03-19T13:26:02+00:00\",\"dateModified\":\"2018-03-19T14:42:41+00:00\",\"breadcrumb\":{\"@id\":\"https:\\\/\\\/escort-technology.com\\\/antena-gps-simrad-gs70\\\/#breadcrumb\"},\"inLanguage\":\"en-US\",\"potentialAction\":[{\"@type\":\"ReadAction\",\"target\":[\"https:\\\/\\\/escort-technology.com\\\/antena-gps-simrad-gs70\\\/\"]}]},{\"@type\":\"BreadcrumbList\",\"@id\":\"https:\\\/\\\/escort-technology.com\\\/antena-gps-simrad-gs70\\\/#breadcrumb\",\"itemListElement\":[{\"@type\":\"ListItem\",\"position\":1,\"name\":\"Strona g\u0142\u00f3wna\",\"item\":\"https:\\\/\\\/escort-technology.com\\\/\"},{\"@type\":\"ListItem\",\"position\":2,\"name\":\"Antena GPS SIMRAD GS70\"}]},{\"@type\":\"WebSite\",\"@id\":\"http:\\\/\\\/escort-technology.com\\\/de\\\/#website\",\"url\":\"http:\\\/\\\/escort-technology.com\\\/de\\\/\",\"name\":\"ESCORT TECHNOLOGY\",\"description\":\"Elektronika morska i l\u0105dowa\",\"publisher\":{\"@id\":\"http:\\\/\\\/escort-technology.com\\\/de\\\/#organization\"},\"potentialAction\":[{\"@type\":\"SearchAction\",\"target\":{\"@type\":\"EntryPoint\",\"urlTemplate\":\"http:\\\/\\\/escort-technology.com\\\/de\\\/?s={search_term_string}\"},\"query-input\":{\"@type\":\"PropertyValueSpecification\",\"valueRequired\":true,\"valueName\":\"search_term_string\"}}],\"inLanguage\":\"en-US\"},{\"@type\":\"Organization\",\"@id\":\"http:\\\/\\\/escort-technology.com\\\/de\\\/#organization\",\"name\":\"ESCORT TECHNOLOGY\",\"url\":\"http:\\\/\\\/escort-technology.com\\\/de\\\/\",\"logo\":{\"@type\":\"ImageObject\",\"inLanguage\":\"en-US\",\"@id\":\"http:\\\/\\\/escort-technology.com\\\/de\\\/#\\\/schema\\\/logo\\\/image\\\/\",\"url\":\"https:\\\/\\\/escort-technology.com\\\/wp-content\\\/uploads\\\/logo-1.jpg\",\"contentUrl\":\"https:\\\/\\\/escort-technology.com\\\/wp-content\\\/uploads\\\/logo-1.jpg\",\"width\":600,\"height\":165,\"caption\":\"ESCORT TECHNOLOGY\"},\"image\":{\"@id\":\"http:\\\/\\\/escort-technology.com\\\/de\\\/#\\\/schema\\\/logo\\\/image\\\/\"},\"sameAs\":[\"https:\\\/\\\/www.facebook.com\\\/elektronika.morska\\\/\",\"https:\\\/\\\/www.linkedin.com\\\/company\\\/escort-sp-z-o-o-\\\/\"]}]}<\/script>\n<!-- \/ Yoast SEO plugin. -->","yoast_head_json":{"title":"Antena GPS SIMRAD GS70 - ESCORT TECHNOLOGY","robots":{"index":"index","follow":"follow","max-snippet":"max-snippet:-1","max-image-preview":"max-image-preview:large","max-video-preview":"max-video-preview:-1"},"canonical":"https:\/\/escort-technology.com\/en\/antena-gps-simrad-gs70\/","og_locale":"en_US","og_type":"article","og_title":"Antena GPS SIMRAD GS70 - ESCORT TECHNOLOGY","og_description":"Antena GPS SIMRAD GS70 Antena NMEA2000 Simrad GS70, wsp\u00f3\u0142pracuje z sytsemem nawigacji \u00a0Simrad GN70. \u0141atwa instalacja z interfejsem NMEA 2000 Odbi\u00f3r poprawek DGPS z satelit\u00f3w SBAS (WAAS, EGNOS, MSAS) Odbi\u00f3r poprawek RTCM z sieci NMEA 2000 ze skrzynk\u0105 przy\u0142\u0105czeniow\u0105 MX610 32 kana\u0142owy odbiorniki GNSS Cz\u0119stotliwo\u015b\u0107 aktualizacji pozycji \u00a01, 5 lub 10 Hz Dok\u0142adno\u015b\u0107 pozycji GPS [&hellip;]","og_url":"https:\/\/escort-technology.com\/en\/antena-gps-simrad-gs70\/","og_site_name":"ESCORT TECHNOLOGY","article_publisher":"https:\/\/www.facebook.com\/elektronika.morska\/","article_modified_time":"2018-03-19T14:42:41+00:00","twitter_card":"summary_large_image","schema":{"@context":"https:\/\/schema.org","@graph":[{"@type":"WebPage","@id":"https:\/\/escort-technology.com\/antena-gps-simrad-gs70\/","url":"https:\/\/escort-technology.com\/antena-gps-simrad-gs70\/","name":"Antena GPS SIMRAD GS70 - ESCORT TECHNOLOGY","isPartOf":{"@id":"http:\/\/escort-technology.com\/de\/#website"},"datePublished":"2018-03-19T13:26:02+00:00","dateModified":"2018-03-19T14:42:41+00:00","breadcrumb":{"@id":"https:\/\/escort-technology.com\/antena-gps-simrad-gs70\/#breadcrumb"},"inLanguage":"en-US","potentialAction":[{"@type":"ReadAction","target":["https:\/\/escort-technology.com\/antena-gps-simrad-gs70\/"]}]},{"@type":"BreadcrumbList","@id":"https:\/\/escort-technology.com\/antena-gps-simrad-gs70\/#breadcrumb","itemListElement":[{"@type":"ListItem","position":1,"name":"Strona g\u0142\u00f3wna","item":"https:\/\/escort-technology.com\/"},{"@type":"ListItem","position":2,"name":"Antena GPS SIMRAD GS70"}]},{"@type":"WebSite","@id":"http:\/\/escort-technology.com\/de\/#website","url":"http:\/\/escort-technology.com\/de\/","name":"ESCORT TECHNOLOGY","description":"Onshore and offshore electronics","publisher":{"@id":"http:\/\/escort-technology.com\/de\/#organization"},"potentialAction":[{"@type":"SearchAction","target":{"@type":"EntryPoint","urlTemplate":"http:\/\/escort-technology.com\/de\/?s={search_term_string}"},"query-input":{"@type":"PropertyValueSpecification","valueRequired":true,"valueName":"search_term_string"}}],"inLanguage":"en-US"},{"@type":"Organization","@id":"http:\/\/escort-technology.com\/de\/#organization","name":"ESCORT TECHNOLOGY","url":"http:\/\/escort-technology.com\/de\/","logo":{"@type":"ImageObject","inLanguage":"en-US","@id":"http:\/\/escort-technology.com\/de\/#\/schema\/logo\/image\/","url":"https:\/\/escort-technology.com\/wp-content\/uploads\/logo-1.jpg","contentUrl":"https:\/\/escort-technology.com\/wp-content\/uploads\/logo-1.jpg","width":600,"height":165,"caption":"ESCORT TECHNOLOGY"},"image":{"@id":"http:\/\/escort-technology.com\/de\/#\/schema\/logo\/image\/"},"sameAs":["https:\/\/www.facebook.com\/elektronika.morska\/","https:\/\/www.linkedin.com\/company\/escort-sp-z-o-o-\/"]}]}},"_links":{"self":[{"href":"http:\/\/escort-technology.com\/en\/wp-json\/wp\/v2\/pages\/2439","targetHints":{"allow":["GET"]}}],"collection":[{"href":"http:\/\/escort-technology.com\/en\/wp-json\/wp\/v2\/pages"}],"about":[{"href":"http:\/\/escort-technology.com\/en\/wp-json\/wp\/v2\/types\/page"}],"author":[{"embeddable":true,"href":"http:\/\/escort-technology.com\/en\/wp-json\/wp\/v2\/users\/6"}],"replies":[{"embeddable":true,"href":"http:\/\/escort-technology.com\/en\/wp-json\/wp\/v2\/comments?post=2439"}],"version-history":[{"count":2,"href":"http:\/\/escort-technology.com\/en\/wp-json\/wp\/v2\/pages\/2439\/revisions"}],"predecessor-version":[{"id":2484,"href":"http:\/\/escort-technology.com\/en\/wp-json\/wp\/v2\/pages\/2439\/revisions\/2484"}],"wp:attachment":[{"href":"http:\/\/escort-technology.com\/en\/wp-json\/wp\/v2\/media?parent=2439"}],"curies":[{"name":"wp","href":"https:\/\/api.w.org\/{rel}","templated":true}]}}