{"id":2849,"date":"2018-03-22T07:33:28","date_gmt":"2018-03-22T07:33:28","guid":{"rendered":"http:\/\/escort-technology.com\/?page_id=2849"},"modified":"2018-03-22T07:50:35","modified_gmt":"2018-03-22T07:50:35","slug":"radiotelefon-vhf-icom-gm600-gmdss-2","status":"publish","type":"page","link":"http:\/\/escort-technology.com\/en\/radiotelefon-vhf-icom-gm600-gmdss-2\/","title":{"rendered":"ICOM GM600 VHF GMDSS"},"content":{"rendered":"<p>Radiotelefon VHF ICOM GM600 GMDSS<\/p>\n<p>\nRadiotelefon VHF GMDSS z DSC klasy A <\/p>\n<p>Radiotelefon GM600 spe\u0142nia wymagania GMDSS. Global Maritime Distress and Safety System) dla\u00a0 radiotelefon\u00f3w VHF i mo\u017ce by\u0107 elementem systemu u\u017cywanego na statku zgodnie z morskimi rezolucjami.<br \/>\nW po\u0142\u0105czeniu z radiotelefonem GM800, stanowi kompletn\u0105 radiostacj\u0119 MF\/HF i VHF.\u00a0<\/p>\n<p>Spe\u0142nia wymagania MED \u201cWheel Mark\u201d <\/p>\n<p>Radiotelefon GM600 spe\u0142nia wszystkie wymagania zgodnie z Europejsk\u0105 Dyrektyw\u0105 2014\/90\/EU.<br \/>\nPrzechodz\u0105c rygorystyczne testy\u00a0 sprawno\u015bciowe oraz procesy zapewnienia jako\u015bci.  Radiotelefon zosta\u0142 zaprojektowany, aby zapewni\u0107 prawid\u0142ow\u0105 prac\u0119 w trudnych warunkach. Posiada klas\u0119 wodoszczelno\u015bci IPX7 oraz tylni panel zosta\u0142 pokryty antykorozyjn\u0105 pow\u0142ok\u0105.<\/p>\n<p>Spe\u0142nia wymogi ITU-R M.493-13 DSC<\/p>\n<p>\u00a0Wbudowany modu\u0142 DSC zapewnia automatyczn\u0105 komunikacj\u0119 w niebezpiecze\u0144stwie.<br \/>\nDedykowany\u00a0 odbiornik DSC w ci\u0105g\u0142y spos\u00f3b monitoruje \u0142\u0105czno\u015b\u0107 DSC na kanale 70.<br \/>\nDo 100 numer\u00f3w MMSI mo\u017ce by\u0107 przechowywanych w pami\u0119ci urz\u0105dzenia ( Indywidualnych: 75, grupowych: 25).<\/p>\n<p>Ekran 4.3 \u00a0calowy TFT LCD<\/p>\n<p>Ekran 4.3 cala TFT LCD zapewnia szeroki k\u0105t obserwacji. Przedstawiaj\u0105c bardzo czytelne symbole oraz ikony funkcji. Tryb nocny pozwala u\u017cytkownikowi\u00a0 na dobry odbi\u00f3r wy\u015bwietlanych informacji podczas ograniczonych warunk\u00f3w o\u015bwietlenia.<br \/>\nKonwerter DC-DC PS-31<br \/>\nOpcjonalny konwerter DC-DC zapewnia stabilne zasilanie 12.6V ze \u017ar\u00f3d\u0142a 12V lub 24V .\u00a0PS-310 ochrania radiotelefon przed chwilowymi spadkami mocy. Konwerter musi by\u0107 u\u017cyty, aby spe\u0142ni\u0107 wymagania MED.<\/p>\n<p>BROSZURA<\/p>\n<p><!-- {\"name\":\"\",\"type\":\"layout\",\"children\":[{\"name\":\"ANTENA\",\"type\":\"section\",\"props\":{\"width\":\"default\",\"padding\":\"xsmall\",\"style\":\"default\",\"text_color\":\"\",\"media\":\"\",\"height_viewport\":false,\"header_overlay\":\"light\",\"animation\":\"slide-top-medium\",\"padding_remove_top\":false,\"image_size\":\"cover\",\"image\":\"\",\"image_position\":\"bottom-center\",\"image_fixed\":false,\"class\":\"\",\"overlap\":true,\"vertical_align\":\"middle\",\"title_position\":\"top-left\",\"title_rotation\":\"left\",\"title_breakpoint\":\"xl\"},\"children\":[{\"name\":\"\",\"type\":\"row\",\"props\":{\"layout\":\"1-1\",\"breakpoint\":\"m\",\"margin\":\"\",\"fixed_width\":\"large\"},\"children\":[{\"name\":\"\",\"type\":\"column\",\"props\":{\"image_position\":\"center-center\",\"widths\":[\"1-1\"]},\"children\":[{\"name\":\"\",\"type\":\"headline\",\"props\":{\"title_element\":\"h2\",\"content\":\"Radiotelefon VHF ICOM GM600 GMDSS\",\"text_align\":\"center\",\"text_align_fallback\":\"center\",\"maxwidth_align\":\"center\",\"maxwidth\":\"\",\"title_style\":\"h2\",\"title_decoration\":\"\",\"margin\":\"\"}},{\"name\":\"\",\"type\":\"divider\",\"props\":{\"divider_element\":\"hr\"}}]}]},{\"name\":\"\",\"type\":\"row\",\"props\":{\"fixed_width\":\"large\",\"breakpoint\":\"m\",\"layout\":\",2-3\",\"margin\":\"medium\"},\"children\":[{\"name\":\"\",\"type\":\"column\",\"props\":{\"widths\":[\"\"],\"image_position\":\"center-center\"},\"children\":[{\"name\":\"\",\"type\":\"image\",\"props\":{\"margin\":\"default\",\"image\":\"wp-content\\\/uploads\\\/GM600_1-1.jpg\",\"image_width\":\"400\",\"image_box_shadow\":\"\",\"image_border\":\"rounded\",\"text_align\":\"center\"}},{\"name\":\"\",\"type\":\"image\",\"props\":{\"margin\":\"default\",\"image\":\"wp-content\\\/uploads\\\/GM600-_6-1.jpg\",\"image_width\":\"400\",\"image_box_shadow\":\"\",\"image_border\":\"rounded\",\"text_align\":\"center\"}},{\"name\":\"\",\"type\":\"image\",\"props\":{\"margin\":\"default\",\"image\":\"wp-content\\\/uploads\\\/GM600_5-1.jpg\",\"image_width\":\"400\",\"image_box_shadow\":\"\",\"image_border\":\"rounded\",\"text_align\":\"center\"}},{\"name\":\"\",\"type\":\"image\",\"props\":{\"margin\":\"default\",\"image\":\"wp-content\\\/uploads\\\/GM600_3-1.jpg\",\"image_width\":\"400\",\"image_box_shadow\":\"\",\"image_border\":\"rounded\",\"text_align\":\"center\"}}]},{\"name\":\"\",\"type\":\"column\",\"props\":{\"widths\":[\"2-3\"],\"image_position\":\"center-center\"},\"children\":[{\"name\":\"\",\"type\":\"text\",\"props\":{\"column_breakpoint\":\"m\",\"margin\":\"medium\",\"content\":\"\n\n<div>\\n\n\n<p><strong>Radiotelefon VHF GMDSS z DSC klasy A <\\\/strong><\\\/p>\\n<\\\/div>\\n\n\n<p>Radiotelefon GM600 spe\\u0142nia wymagania GMDSS. Global Maritime Distress and Safety System) dla\\u00a0 radiotelefon\\u00f3w VHF i mo\\u017ce by\\u0107 elementem systemu u\\u017cywanego na statku zgodnie z morskimi rezolucjami.<\\\/p>\\n\n\n<p>W po\\u0142\\u0105czeniu z radiotelefonem GM800, stanowi kompletn\\u0105 radiostacj\\u0119 MF\\\/HF i VHF.\\u00a0<\\\/p>\\n\n\n<div>\\n\n\n<p><strong>Spe\\u0142nia wymagania MED \\u201cWheel Mark\\u201d <\\\/strong><\\\/p>\\n<\\\/div>\\n\n\n<p>Radiotelefon GM600 spe\\u0142nia wszystkie wymagania zgodnie z Europejsk\\u0105 Dyrektyw\\u0105 2014\\\/90\\\/EU.<\\\/p>\\n\n\n<p>Przechodz\\u0105c rygorystyczne testy\\u00a0 sprawno\\u015bciowe oraz procesy zapewnienia jako\\u015bci. <br \\\/> Radiotelefon zosta\\u0142 zaprojektowany, aby zapewni\\u0107 prawid\\u0142ow\\u0105 prac\\u0119 w trudnych warunkach. Posiada klas\\u0119 wodoszczelno\\u015bci IPX7 oraz tylni panel zosta\\u0142 pokryty antykorozyjn\\u0105 pow\\u0142ok\\u0105.<\\\/p>\\n\n\n<div>\\n\n\n<p><strong>Spe\\u0142nia wymogi ITU-R M.493-13 DSC<\\\/strong><\\\/p>\\n<\\\/div>\\n\n\n<p>\\u00a0Wbudowany modu\\u0142 DSC zapewnia automatyczn\\u0105 komunikacj\\u0119 w niebezpiecze\\u0144stwie.<\\\/p>\\n\n\n<p>Dedykowany\\u00a0 odbiornik DSC w ci\\u0105g\\u0142y spos\\u00f3b monitoruje \\u0142\\u0105czno\\u015b\\u0107 DSC na kanale 70.<\\\/p>\\n\n\n<p>Do 100 numer\\u00f3w MMSI mo\\u017ce by\\u0107 przechowywanych w pami\\u0119ci urz\\u0105dzenia ( Indywidualnych: 75, grupowych: 25).<\\\/p>\\n\n\n<div>\\n\n\n<p><strong>Ekran 4.3 \\u00a0calowy TFT LCD<\\\/strong><\\\/p>\\n<\\\/div>\\n\n\n<p>Ekran 4.3 cala TFT LCD zapewnia szeroki k\\u0105t obserwacji. Przedstawiaj\\u0105c bardzo czytelne symbole oraz ikony funkcji. Tryb nocny pozwala u\\u017cytkownikowi\\u00a0 na dobry odbi\\u00f3r wy\\u015bwietlanych informacji podczas ograniczonych warunk\\u00f3w o\\u015bwietlenia.<\\\/p>\\n\n\n<p><strong>Konwerter DC-DC PS-31<\\\/strong><\\\/p>\\n\n\n<p>Opcjonalny konwerter DC-DC zapewnia stabilne zasilanie 12.6V ze \\u017ar\\u00f3d\\u0142a 12V lub 24V .\\u00a0PS-310 ochrania radiotelefon przed chwilowymi spadkami mocy. Konwerter musi by\\u0107 u\\u017cyty, aby spe\\u0142ni\\u0107 wymagania MED<strong>.<\\\/strong><\\\/p>\",\"animation\":\"slide-left-medium\",\"text_align\":\"justify\",\"text_align_breakpoint\":\"m\",\"text_align_fallback\":\"center\",\"text_size\":\"\",\"maxwidth\":\"xlarge\",\"maxwidth_align\":\"center\"}}]}]},{\"name\":\"\",\"type\":\"row\",\"props\":{\"fixed_width\":\"large\",\"breakpoint\":\"m\",\"layout\":\"1-1\",\"margin\":\"large\"},\"children\":[{\"name\":\"\",\"type\":\"column\",\"props\":{\"image_position\":\"center-center\",\"widths\":[\"1-1\"]},\"children\":[{\"name\":\"\",\"type\":\"button\",\"props\":{\"gutter\":\"small\",\"inline_align\":\"center\",\"margin\":\"\",\"text_align\":\"center\",\"button_size\":\"large\",\"animation\":\"slide-bottom-medium\"},\"children\":[{\"name\":\"\",\"type\":\"button_item\",\"props\":{\"button_style\":\"secondary\",\"content\":\"BROSZURA\",\"link\":\"wp-content\\\/uploads\\\/Radiotelefon_VHF_ICOM_GM600-min1.pdf\",\"link_title\":\"Explore More\",\"icon_align\":\"left\",\"link_target\":\"blank\"}}]}]}]}]}]} --><\/p>\n","protected":false},"excerpt":{"rendered":"<p>Radiotelefon VHF ICOM GM600 GMDSS Radiotelefon VHF GMDSS z DSC klasy A Radiotelefon GM600 spe\u0142nia wymagania GMDSS. Global Maritime Distress and Safety System) dla\u00a0 radiotelefon\u00f3w VHF i mo\u017ce by\u0107 elementem systemu u\u017cywanego na statku zgodnie z morskimi rezolucjami. W po\u0142\u0105czeniu z radiotelefonem GM800, stanowi kompletn\u0105 radiostacj\u0119 MF\/HF i VHF.\u00a0 Spe\u0142nia wymagania MED \u201cWheel Mark\u201d Radiotelefon [&hellip;]<\/p>\n","protected":false},"author":6,"featured_media":0,"parent":0,"menu_order":0,"comment_status":"closed","ping_status":"closed","template":"","meta":{"footnotes":""},"class_list":["post-2849","page","type-page","status-publish","hentry"],"yoast_head":"<!-- This site is optimized with the Yoast SEO plugin v27.6 - https:\/\/yoast.com\/product\/yoast-seo-wordpress\/ -->\n<title>Radiotelefon VHF ICOM GM600 GMDSS - ESCORT TECHNOLOGY<\/title>\n<meta name=\"robots\" content=\"index, follow, max-snippet:-1, max-image-preview:large, max-video-preview:-1\" \/>\n<link rel=\"canonical\" href=\"http:\/\/escort-technology.com\/en\/radiotelefon-vhf-icom-gm600-gmdss-2\/\" \/>\n<meta property=\"og:locale\" content=\"en_US\" \/>\n<meta property=\"og:type\" content=\"article\" \/>\n<meta property=\"og:title\" content=\"Radiotelefon VHF ICOM GM600 GMDSS - ESCORT TECHNOLOGY\" \/>\n<meta property=\"og:description\" content=\"Radiotelefon VHF ICOM GM600 GMDSS Radiotelefon VHF GMDSS z DSC klasy A Radiotelefon GM600 spe\u0142nia wymagania GMDSS. Global Maritime Distress and Safety System) dla\u00a0 radiotelefon\u00f3w VHF i mo\u017ce by\u0107 elementem systemu u\u017cywanego na statku zgodnie z morskimi rezolucjami. W po\u0142\u0105czeniu z radiotelefonem GM800, stanowi kompletn\u0105 radiostacj\u0119 MF\/HF i VHF.\u00a0 Spe\u0142nia wymagania MED \u201cWheel Mark\u201d Radiotelefon [&hellip;]\" \/>\n<meta property=\"og:url\" content=\"http:\/\/escort-technology.com\/en\/radiotelefon-vhf-icom-gm600-gmdss-2\/\" \/>\n<meta property=\"og:site_name\" content=\"ESCORT TECHNOLOGY\" \/>\n<meta property=\"article:publisher\" content=\"https:\/\/www.facebook.com\/elektronika.morska\/\" \/>\n<meta property=\"article:modified_time\" content=\"2018-03-22T07:50:35+00:00\" \/>\n<meta name=\"twitter:card\" content=\"summary_large_image\" \/>\n<meta name=\"twitter:label1\" content=\"Est. reading time\" \/>\n\t<meta name=\"twitter:data1\" content=\"1 minute\" \/>\n<script type=\"application\/ld+json\" class=\"yoast-schema-graph\">{\"@context\":\"https:\\\/\\\/schema.org\",\"@graph\":[{\"@type\":\"WebPage\",\"@id\":\"http:\\\/\\\/escort-technology.com\\\/pl\\\/radiotelefon-vhf-icom-gm600-gmdss-2\\\/\",\"url\":\"http:\\\/\\\/escort-technology.com\\\/pl\\\/radiotelefon-vhf-icom-gm600-gmdss-2\\\/\",\"name\":\"Radiotelefon VHF ICOM GM600 GMDSS - ESCORT TECHNOLOGY\",\"isPartOf\":{\"@id\":\"http:\\\/\\\/escort-technology.com\\\/de\\\/#website\"},\"datePublished\":\"2018-03-22T07:33:28+00:00\",\"dateModified\":\"2018-03-22T07:50:35+00:00\",\"breadcrumb\":{\"@id\":\"http:\\\/\\\/escort-technology.com\\\/pl\\\/radiotelefon-vhf-icom-gm600-gmdss-2\\\/#breadcrumb\"},\"inLanguage\":\"en-US\",\"potentialAction\":[{\"@type\":\"ReadAction\",\"target\":[\"http:\\\/\\\/escort-technology.com\\\/pl\\\/radiotelefon-vhf-icom-gm600-gmdss-2\\\/\"]}]},{\"@type\":\"BreadcrumbList\",\"@id\":\"http:\\\/\\\/escort-technology.com\\\/pl\\\/radiotelefon-vhf-icom-gm600-gmdss-2\\\/#breadcrumb\",\"itemListElement\":[{\"@type\":\"ListItem\",\"position\":1,\"name\":\"Strona g\u0142\u00f3wna\",\"item\":\"https:\\\/\\\/escort-technology.com\\\/\"},{\"@type\":\"ListItem\",\"position\":2,\"name\":\"Radiotelefon VHF ICOM GM600 GMDSS\"}]},{\"@type\":\"WebSite\",\"@id\":\"http:\\\/\\\/escort-technology.com\\\/de\\\/#website\",\"url\":\"http:\\\/\\\/escort-technology.com\\\/de\\\/\",\"name\":\"ESCORT TECHNOLOGY\",\"description\":\"Elektronika morska i l\u0105dowa\",\"publisher\":{\"@id\":\"http:\\\/\\\/escort-technology.com\\\/de\\\/#organization\"},\"potentialAction\":[{\"@type\":\"SearchAction\",\"target\":{\"@type\":\"EntryPoint\",\"urlTemplate\":\"http:\\\/\\\/escort-technology.com\\\/de\\\/?s={search_term_string}\"},\"query-input\":{\"@type\":\"PropertyValueSpecification\",\"valueRequired\":true,\"valueName\":\"search_term_string\"}}],\"inLanguage\":\"en-US\"},{\"@type\":\"Organization\",\"@id\":\"http:\\\/\\\/escort-technology.com\\\/de\\\/#organization\",\"name\":\"ESCORT TECHNOLOGY\",\"url\":\"http:\\\/\\\/escort-technology.com\\\/de\\\/\",\"logo\":{\"@type\":\"ImageObject\",\"inLanguage\":\"en-US\",\"@id\":\"http:\\\/\\\/escort-technology.com\\\/de\\\/#\\\/schema\\\/logo\\\/image\\\/\",\"url\":\"https:\\\/\\\/escort-technology.com\\\/wp-content\\\/uploads\\\/logo-1.jpg\",\"contentUrl\":\"https:\\\/\\\/escort-technology.com\\\/wp-content\\\/uploads\\\/logo-1.jpg\",\"width\":600,\"height\":165,\"caption\":\"ESCORT TECHNOLOGY\"},\"image\":{\"@id\":\"http:\\\/\\\/escort-technology.com\\\/de\\\/#\\\/schema\\\/logo\\\/image\\\/\"},\"sameAs\":[\"https:\\\/\\\/www.facebook.com\\\/elektronika.morska\\\/\",\"https:\\\/\\\/www.linkedin.com\\\/company\\\/escort-sp-z-o-o-\\\/\"]}]}<\/script>\n<!-- \/ Yoast SEO plugin. -->","yoast_head_json":{"title":"Radiotelefon VHF ICOM GM600 GMDSS - ESCORT TECHNOLOGY","robots":{"index":"index","follow":"follow","max-snippet":"max-snippet:-1","max-image-preview":"max-image-preview:large","max-video-preview":"max-video-preview:-1"},"canonical":"http:\/\/escort-technology.com\/en\/radiotelefon-vhf-icom-gm600-gmdss-2\/","og_locale":"en_US","og_type":"article","og_title":"Radiotelefon VHF ICOM GM600 GMDSS - ESCORT TECHNOLOGY","og_description":"Radiotelefon VHF ICOM GM600 GMDSS Radiotelefon VHF GMDSS z DSC klasy A Radiotelefon GM600 spe\u0142nia wymagania GMDSS. Global Maritime Distress and Safety System) dla\u00a0 radiotelefon\u00f3w VHF i mo\u017ce by\u0107 elementem systemu u\u017cywanego na statku zgodnie z morskimi rezolucjami. W po\u0142\u0105czeniu z radiotelefonem GM800, stanowi kompletn\u0105 radiostacj\u0119 MF\/HF i VHF.\u00a0 Spe\u0142nia wymagania MED \u201cWheel Mark\u201d Radiotelefon [&hellip;]","og_url":"http:\/\/escort-technology.com\/en\/radiotelefon-vhf-icom-gm600-gmdss-2\/","og_site_name":"ESCORT TECHNOLOGY","article_publisher":"https:\/\/www.facebook.com\/elektronika.morska\/","article_modified_time":"2018-03-22T07:50:35+00:00","twitter_card":"summary_large_image","twitter_misc":{"Est. reading time":"1 minute"},"schema":{"@context":"https:\/\/schema.org","@graph":[{"@type":"WebPage","@id":"http:\/\/escort-technology.com\/pl\/radiotelefon-vhf-icom-gm600-gmdss-2\/","url":"http:\/\/escort-technology.com\/pl\/radiotelefon-vhf-icom-gm600-gmdss-2\/","name":"Radiotelefon VHF ICOM GM600 GMDSS - ESCORT TECHNOLOGY","isPartOf":{"@id":"http:\/\/escort-technology.com\/de\/#website"},"datePublished":"2018-03-22T07:33:28+00:00","dateModified":"2018-03-22T07:50:35+00:00","breadcrumb":{"@id":"http:\/\/escort-technology.com\/pl\/radiotelefon-vhf-icom-gm600-gmdss-2\/#breadcrumb"},"inLanguage":"en-US","potentialAction":[{"@type":"ReadAction","target":["http:\/\/escort-technology.com\/pl\/radiotelefon-vhf-icom-gm600-gmdss-2\/"]}]},{"@type":"BreadcrumbList","@id":"http:\/\/escort-technology.com\/pl\/radiotelefon-vhf-icom-gm600-gmdss-2\/#breadcrumb","itemListElement":[{"@type":"ListItem","position":1,"name":"Strona g\u0142\u00f3wna","item":"https:\/\/escort-technology.com\/"},{"@type":"ListItem","position":2,"name":"Radiotelefon VHF ICOM GM600 GMDSS"}]},{"@type":"WebSite","@id":"http:\/\/escort-technology.com\/de\/#website","url":"http:\/\/escort-technology.com\/de\/","name":"ESCORT TECHNOLOGY","description":"Onshore and offshore electronics","publisher":{"@id":"http:\/\/escort-technology.com\/de\/#organization"},"potentialAction":[{"@type":"SearchAction","target":{"@type":"EntryPoint","urlTemplate":"http:\/\/escort-technology.com\/de\/?s={search_term_string}"},"query-input":{"@type":"PropertyValueSpecification","valueRequired":true,"valueName":"search_term_string"}}],"inLanguage":"en-US"},{"@type":"Organization","@id":"http:\/\/escort-technology.com\/de\/#organization","name":"ESCORT TECHNOLOGY","url":"http:\/\/escort-technology.com\/de\/","logo":{"@type":"ImageObject","inLanguage":"en-US","@id":"http:\/\/escort-technology.com\/de\/#\/schema\/logo\/image\/","url":"https:\/\/escort-technology.com\/wp-content\/uploads\/logo-1.jpg","contentUrl":"https:\/\/escort-technology.com\/wp-content\/uploads\/logo-1.jpg","width":600,"height":165,"caption":"ESCORT TECHNOLOGY"},"image":{"@id":"http:\/\/escort-technology.com\/de\/#\/schema\/logo\/image\/"},"sameAs":["https:\/\/www.facebook.com\/elektronika.morska\/","https:\/\/www.linkedin.com\/company\/escort-sp-z-o-o-\/"]}]}},"_links":{"self":[{"href":"http:\/\/escort-technology.com\/en\/wp-json\/wp\/v2\/pages\/2849","targetHints":{"allow":["GET"]}}],"collection":[{"href":"http:\/\/escort-technology.com\/en\/wp-json\/wp\/v2\/pages"}],"about":[{"href":"http:\/\/escort-technology.com\/en\/wp-json\/wp\/v2\/types\/page"}],"author":[{"embeddable":true,"href":"http:\/\/escort-technology.com\/en\/wp-json\/wp\/v2\/users\/6"}],"replies":[{"embeddable":true,"href":"http:\/\/escort-technology.com\/en\/wp-json\/wp\/v2\/comments?post=2849"}],"version-history":[{"count":2,"href":"http:\/\/escort-technology.com\/en\/wp-json\/wp\/v2\/pages\/2849\/revisions"}],"predecessor-version":[{"id":2867,"href":"http:\/\/escort-technology.com\/en\/wp-json\/wp\/v2\/pages\/2849\/revisions\/2867"}],"wp:attachment":[{"href":"http:\/\/escort-technology.com\/en\/wp-json\/wp\/v2\/media?parent=2849"}],"curies":[{"name":"wp","href":"https:\/\/api.w.org\/{rel}","templated":true}]}}