{"id":2942,"date":"2018-03-22T11:47:07","date_gmt":"2018-03-22T11:47:07","guid":{"rendered":"http:\/\/escort-technology.com\/?page_id=2942"},"modified":"2020-06-22T11:13:39","modified_gmt":"2020-06-22T09:13:39","slug":"plany-taryfowe-w-satelitarnej-sieci-globalstar","status":"publish","type":"page","link":"http:\/\/escort-technology.com\/en\/plany-taryfowe-w-satelitarnej-sieci-globalstar\/","title":{"rendered":"Plany taryfowe w satelitarnej sieci GLOBALSTAR"},"content":{"rendered":"<h2>Plany taryfowe w satelitarnej sieci GLOBALSTAR<\/h2>\n<hr>\n<div>\n<p><strong>1.Plany Voice &amp; Data (Po\u0142\u0105czenia g\u0142osowe i internetowe<\/strong>) \u2013 Plany dla os\u00f3b wykonuj\u0105cych zar\u00f3wno po\u0142\u0105czenia g\u0142osowe jak i internetowe. W zale\u017cno\u015bci od potrzeb mo\u017cna dobra\u0107 odpowiedni pakiet minut wliczonych w cen\u0119 abonamentu.<\/p>\n<\/div>\n<p><img decoding=\"async\" src=\"wp-content\/uploads\/tab1.jpg\" alt=\"\"><\/p>\n<div>\n<p><strong>We wszystkich planach dla po\u0142\u0105cze\u0144 internetowych oraz g\u0142osowych obowi\u0105zuje naliczanie 15 sekundowe.<\/strong><\/p>\n<p><strong>2. Plany DATA \u2013 tylko dla po\u0142\u0105cze\u0144 internetowych. <\/strong>Plany przeznaczone dla os\u00f3b g\u0142ownie korzystaj\u0105cych z internetu. W ramach plan\u00f3w Data ka\u017cde po\u0142\u0105czenie g\u0142osowe wykonane w strefie HOME ZONE (za wyj\u0105tkiem po\u0142\u0105cze\u0144 z telefonami innych operator\u00f3w satelitarnych) wynosi 0,60 euro za ka\u017cd\u0105 minut\u0119.<\/p>\n<\/div>\n<p><img decoding=\"async\" src=\"wp-content\/uploads\/tab2.jpg\" alt=\"\"><\/p>\n<div>\n<p><strong>Istotna zmian\u0105 dla os\u00f3b cz\u0119sto przemieszczaj\u0105cych si\u0119 po Europie i nie tylko jest powi\u0119kszenie strefy HOME ZONE o nowe kraje, kt\u00f3re wcze\u015bniej by\u0142y obj\u0119te roamingiem (pogl\u0105dow\u0105 mapka poni\u017cej). <\/strong><\/p>\n<p><strong>Do kraj\u00f3w strefy HOME ZONE nale\u017c\u0105 obecnie:<\/strong><\/p>\n<p>Alaska, Albania, Aleuty, Algieria, Andora, Anguilla, Antigua i Barbuda, Ocean Arktyczny (cz\u0119\u015bciowo), Aruba, Ocean Atlantycki (cz\u0119\u015bciowo), Australia, Bahamy, Bahrajn, Morze Ba\u0142tyckie, Barbados, Bia\u0142oru\u015b, Belgia, Bermudy, Morze Czarne, Boliwia, Bonaire, Bo\u015bnia i Hercegowina, Brazylia, Brytyjskie Wyspy Dziewicze, Bu\u0142garia, Kanada, Morze Karaibskie (cz\u0119\u015bciowo), Kajmany, Kolumbia, Chorwacja, Curacao, Republika Czeska, Dania, Dominika, Dominikana, Ekwador, Egipt, Estonia, Wyspy Owcze, Finlandia, Francja, Guana Francuska, Niemcy, Gibraltar, Grecja, Grenlandia (cz\u0119\u015bciowo), Grenada, Gwadelupa, Zatoka Guantanamo, Zatoka Alaski, Gujana, Haiti, W\u0119gry, Islandia, Irak, Irlandia, Izrael, W\u0142ochy, Jamajka, Jordania, Kosowo, Kuwejt, Litwa, Liban, Libia, Lichtenstein, \u0141otwa, Luksemburg, Macedonia, Malta, Martynika, Mauretania, Morze \u015ar\u00f3dziemne, Mo\u0142dawia, Czarnog\u00f3ra, Montserrat, Maroko, Navassa, Holandia, Antyle Holenderskie, Norwegia, Morze Norweskie (cz\u0119\u015bciowo), Ocena Spokojny (cz\u0119\u015bciowo), Palestyna, Peru, Polska, Portugalia, Puerto Rico, Katar, Morze Czerwone, Rumunia, Saint-Barthelemy i Saint Martin, Sint Eustatius, Saint Maarten, Saint Kitts i Nevis, Santa Lucia, Saint Vincent i Grenady, Arabia Saudyjska, Serbia, S\u0142owenia, S\u0142owacja, Hiszpania, Surinam, \u00a0Svalbard, Szwecja, Szwajcaria, Trinidad i Tobago, Tunezja, Turcja, Turks i Caicos, Ukraina, Zjednoczone Emiraty Arabskie, Wielka Brytania, Stany Zjednoczone, Wyspy Dziewicze, Wenezuela, Sahara Zachodnia.<\/p>\n<\/div>\n<p><img decoding=\"async\" src=\"wp-content\/uploads\/Globalstar-Coverage-Voice-and-Data-Gen1-2048x1434-1.png\" alt=\"\"><\/p>\n<div>\n<table>\n<tbody>\n<tr>\n<td class=\"has-text-align-center\" data-align=\"center\"><strong>Pomara\u0144czowy<\/strong><\/td>\n<td>Obszar najlepszego pokrycia sieci Globalstar\u00a0<\/td>\n<\/tr>\n<tr>\n<td class=\"has-text-align-center\" data-align=\"center\"><strong>Kreskowane pole<\/strong><\/td>\n<td>Obszar s\u0142abszego pokrycia sieci Globalstar\u00a0<br \/>(Mo\u017ce wyst\u0105pi\u0107 s\u0142abszy sygna\u0142)<\/td>\n<\/tr>\n<tr>\n<td class=\"has-text-align-center\" data-align=\"center\"><strong>Zielona linia<\/strong><\/td>\n<td>Strefa Home Zone<\/td>\n<\/tr>\n<tr>\n<td class=\"has-text-align-center\" data-align=\"center\"><strong>Niebieska linia<\/strong><\/td>\n<td>Klienci, kt\u00f3rzy zakupili telefon satelitarny poza tym obszarem:\u00a0\u00a0Roaming\u00a0 nie jest aktualnie dost\u0119pny podczas podr\u00f3\u017cy do nast\u0119puj\u0105cych kraj\u00f3w : Argentyna, Chile, Urugwaj, Paragwaj i Antarktyda. Telefon nie b\u0119dzie dzia\u0142a\u0107 w tym obszarze, trwaj\u0105 w tym kierunku prace.<\/td>\n<\/tr>\n<\/tbody>\n<\/table>\n<\/div>\n<p><!-- {\"name\":\"\",\"type\":\"layout\",\"children\":[{\"name\":\"ANTENA\",\"type\":\"section\",\"props\":{\"width\":\"default\",\"padding\":\"xsmall\",\"style\":\"default\",\"text_color\":\"\",\"media\":\"\",\"height_viewport\":false,\"header_overlay\":\"light\",\"animation\":\"slide-top-medium\",\"padding_remove_top\":false,\"image_size\":\"cover\",\"image\":\"\",\"image_position\":\"bottom-center\",\"image_fixed\":false,\"class\":\"\",\"overlap\":true,\"vertical_align\":\"middle\",\"title_position\":\"top-left\",\"title_rotation\":\"left\",\"title_breakpoint\":\"xl\",\"image_effect\":\"\"},\"children\":[{\"name\":\"\",\"type\":\"row\",\"props\":{\"layout\":\"1-1\",\"breakpoint\":\"m\",\"margin\":\"\",\"fixed_width\":\"large\"},\"children\":[{\"name\":\"\",\"type\":\"column\",\"props\":{\"image_position\":\"center-center\",\"widths\":[\"1-1\"]},\"children\":[{\"name\":\"\",\"type\":\"headline\",\"props\":{\"title_element\":\"h2\",\"content\":\"Plany taryfowe w satelitarnej sieci GLOBALSTAR\",\"text_align\":\"center\",\"text_align_fallback\":\"center\",\"maxwidth_align\":\"center\",\"maxwidth\":\"\",\"title_style\":\"h2\",\"title_decoration\":\"\",\"margin\":\"\"}},{\"name\":\"\",\"type\":\"divider\",\"props\":{\"divider_element\":\"hr\"}},{\"name\":\"\",\"type\":\"text\",\"props\":{\"column_breakpoint\":\"m\",\"margin\":\"medium\",\"content\":\"\n\n<p><strong>1.Plany Voice &amp; Data (Po\\u0142\\u0105czenia g\\u0142osowe i internetowe<\\\/strong>) \\u2013 Plany dla os\\u00f3b wykonuj\\u0105cych zar\\u00f3wno po\\u0142\\u0105czenia g\\u0142osowe jak i internetowe. W zale\\u017cno\\u015bci od potrzeb mo\\u017cna dobra\\u0107 odpowiedni pakiet minut wliczonych w cen\\u0119 abonamentu.<\\\/p>\",\"animation\":\"slide-left-medium\",\"text_align\":\"justify\",\"text_align_breakpoint\":\"m\",\"text_align_fallback\":\"center\",\"text_size\":\"\",\"maxwidth\":\"\"}},{\"name\":\"\",\"type\":\"image\",\"props\":{\"margin\":\"default\",\"image\":\"wp-content\\\/uploads\\\/tab1.jpg\",\"image_width\":\"\",\"image_box_shadow\":\"\",\"image_border\":\"rounded\",\"text_align\":\"center\"}},{\"name\":\"\",\"type\":\"text\",\"props\":{\"column_breakpoint\":\"m\",\"margin\":\"medium\",\"content\":\"\n\n<p><strong>We wszystkich planach dla po\\u0142\\u0105cze\\u0144 internetowych oraz g\\u0142osowych obowi\\u0105zuje naliczanie 15 sekundowe.<\\\/strong><\\\/p>\\n\n\n<p><strong>2. Plany DATA \\u2013 tylko dla po\\u0142\\u0105cze\\u0144 internetowych. <\\\/strong>Plany przeznaczone dla os\\u00f3b g\\u0142ownie korzystaj\\u0105cych z internetu. W ramach plan\\u00f3w Data ka\\u017cde po\\u0142\\u0105czenie g\\u0142osowe wykonane w strefie HOME ZONE (za wyj\\u0105tkiem po\\u0142\\u0105cze\\u0144 z telefonami innych operator\\u00f3w satelitarnych) wynosi 0,60 euro za ka\\u017cd\\u0105 minut\\u0119.<\\\/p>\",\"animation\":\"slide-left-medium\",\"text_align\":\"justify\",\"text_align_breakpoint\":\"m\",\"text_align_fallback\":\"center\",\"text_size\":\"\",\"maxwidth\":\"\"}},{\"name\":\"\",\"type\":\"image\",\"props\":{\"margin\":\"default\",\"image\":\"wp-content\\\/uploads\\\/tab2.jpg\",\"image_width\":\"\",\"image_box_shadow\":\"\",\"image_border\":\"rounded\",\"text_align\":\"center\"}},{\"name\":\"\",\"type\":\"text\",\"props\":{\"column_breakpoint\":\"m\",\"margin\":\"medium\",\"content\":\"\n\n<p><strong>Istotna zmian\\u0105 dla os\\u00f3b cz\\u0119sto przemieszczaj\\u0105cych si\\u0119 po Europie i nie tylko jest powi\\u0119kszenie strefy HOME ZONE o nowe kraje, kt\\u00f3re wcze\\u015bniej by\\u0142y obj\\u0119te roamingiem (pogl\\u0105dow\\u0105 mapka poni\\u017cej). <\\\/strong><\\\/p>\\n\n\n<p><strong>Do kraj\\u00f3w strefy HOME ZONE nale\\u017c\\u0105 obecnie:<\\\/strong><\\\/p>\\n\n\n<p>Alaska, Albania, Aleuty, Algieria, Andora, Anguilla, Antigua i Barbuda, Ocean Arktyczny (cz\\u0119\\u015bciowo), Aruba, Ocean Atlantycki (cz\\u0119\\u015bciowo), Australia, Bahamy, Bahrajn, Morze Ba\\u0142tyckie, Barbados, Bia\\u0142oru\\u015b, Belgia, Bermudy, Morze Czarne, Boliwia, Bonaire, Bo\\u015bnia i Hercegowina, Brazylia, Brytyjskie Wyspy Dziewicze, Bu\\u0142garia, Kanada, Morze Karaibskie (cz\\u0119\\u015bciowo), Kajmany, Kolumbia, Chorwacja, Curacao, Republika Czeska, Dania, Dominika, Dominikana, Ekwador, Egipt, Estonia, Wyspy Owcze, Finlandia, Francja, Guana Francuska, Niemcy, Gibraltar, Grecja, Grenlandia (cz\\u0119\\u015bciowo), Grenada, Gwadelupa, Zatoka Guantanamo, Zatoka Alaski, Gujana, Haiti, W\\u0119gry, Islandia, Irak, Irlandia, Izrael, W\\u0142ochy, Jamajka, Jordania, Kosowo, Kuwejt, Litwa, Liban, Libia, Lichtenstein, \\u0141otwa, Luksemburg, Macedonia, Malta, Martynika, Mauretania, Morze \\u015ar\\u00f3dziemne, Mo\\u0142dawia, Czarnog\\u00f3ra, Montserrat, Maroko, Navassa, Holandia, Antyle Holenderskie, Norwegia, Morze Norweskie (cz\\u0119\\u015bciowo), Ocena Spokojny (cz\\u0119\\u015bciowo), Palestyna, Peru, Polska, Portugalia, Puerto Rico, Katar, Morze Czerwone, Rumunia, Saint-Barthelemy i Saint Martin, Sint Eustatius, Saint Maarten, Saint Kitts i Nevis, Santa Lucia, Saint Vincent i Grenady, Arabia Saudyjska, Serbia, S\\u0142owenia, S\\u0142owacja, Hiszpania, Surinam, \\u00a0Svalbard, Szwecja, Szwajcaria, Trinidad i Tobago, Tunezja, Turcja, Turks i Caicos, Ukraina, Zjednoczone Emiraty Arabskie, Wielka Brytania, Stany Zjednoczone, Wyspy Dziewicze, Wenezuela, Sahara Zachodnia.<\\\/p>\",\"animation\":\"slide-left-medium\",\"text_align\":\"justify\",\"text_align_breakpoint\":\"m\",\"text_align_fallback\":\"center\",\"text_size\":\"\",\"maxwidth\":\"\"}},{\"name\":\"\",\"type\":\"image\",\"props\":{\"margin\":\"default\",\"image\":\"wp-content\\\/uploads\\\/Globalstar-Coverage-Voice-and-Data-Gen1-2048x1434-1.png\",\"image_width\":\"\",\"image_box_shadow\":\"\",\"image_border\":\"rounded\",\"text_align\":\"center\",\"link_target\":\"\",\"image_hover_box_shadow\":\"\",\"image_box_decoration\":\"\",\"text_align_breakpoint\":\"\",\"text_align_fallback\":\"\",\"maxwidth\":\"\",\"maxwidth_align\":\"\",\"maxwidth_breakpoint\":\"\",\"animation\":\"\",\"visibility\":\"\"}},{\"type\":\"text\",\"props\":{\"margin\":\"default\",\"column_breakpoint\":\"m\",\"text_style\":\"\",\"text_color\":\"\",\"text_size\":\"\",\"column\":\"\",\"text_align\":\"\",\"text_align_breakpoint\":\"\",\"text_align_fallback\":\"\",\"maxwidth\":\"\",\"maxwidth_align\":\"\",\"maxwidth_breakpoint\":\"\",\"animation\":\"\",\"visibility\":\"\",\"content\":\"\n\n<table>\\n\n\n<tbody>\\n\n\n<tr>\\n\n\n<td class=\\\"has-text-align-center\\\" data-align=\\\"center\\\"><strong>Pomara\\u0144czowy<\\\/strong><\\\/td>\\n\n\n<td>Obszar najlepszego pokrycia sieci Globalstar\\u00a0<\\\/td>\\n<\\\/tr>\\n\n\n<tr>\\n\n\n<td class=\\\"has-text-align-center\\\" data-align=\\\"center\\\"><strong>Kreskowane pole<\\\/strong><\\\/td>\\n\n\n<td>Obszar s\\u0142abszego pokrycia sieci Globalstar\\u00a0<br \\\/>(Mo\\u017ce wyst\\u0105pi\\u0107 s\\u0142abszy sygna\\u0142)<\\\/td>\\n<\\\/tr>\\n\n\n<tr>\\n\n\n<td class=\\\"has-text-align-center\\\" data-align=\\\"center\\\"><strong>Zielona linia<\\\/strong><\\\/td>\\n\n\n<td>Strefa Home Zone<\\\/td>\\n<\\\/tr>\\n\n\n<tr>\\n\n\n<td class=\\\"has-text-align-center\\\" data-align=\\\"center\\\"><strong>Niebieska linia<\\\/strong><\\\/td>\\n\n\n<td>Klienci, kt\\u00f3rzy zakupili telefon satelitarny poza tym obszarem:\\u00a0\\u00a0Roaming\\u00a0 nie jest aktualnie dost\\u0119pny podczas podr\\u00f3\\u017cy do nast\\u0119puj\\u0105cych kraj\\u00f3w : Argentyna, Chile, Urugwaj, Paragwaj i Antarktyda. Telefon nie b\\u0119dzie dzia\\u0142a\\u0107 w tym obszarze, trwaj\\u0105 w tym kierunku prace.<\\\/td>\\n<\\\/tr>\\n<\\\/tbody>\\n<\\\/table>\"}}]}]},{\"name\":\"\",\"type\":\"row\",\"props\":{\"fixed_width\":\"large\",\"breakpoint\":\"m\"},\"children\":[{\"name\":\"\",\"type\":\"column\",\"props\":{\"widths\":[\"\"],\"image_position\":\"center-center\"}}]}]}],\"props\":[],\"version\":\"1.18.0\"} --><\/p>\n","protected":false},"excerpt":{"rendered":"<p>Plany taryfowe w satelitarnej sieci GLOBALSTAR 1.Plany Voice &amp; Data (Po\u0142\u0105czenia g\u0142osowe i internetowe) \u2013 Plany dla os\u00f3b wykonuj\u0105cych zar\u00f3wno po\u0142\u0105czenia g\u0142osowe jak i internetowe. W zale\u017cno\u015bci od potrzeb mo\u017cna dobra\u0107 odpowiedni pakiet minut wliczonych w cen\u0119 abonamentu. We wszystkich planach dla po\u0142\u0105cze\u0144 internetowych oraz g\u0142osowych obowi\u0105zuje naliczanie 15 sekundowe. 2. Plany DATA \u2013 tylko [&hellip;]<\/p>\n","protected":false},"author":6,"featured_media":0,"parent":0,"menu_order":0,"comment_status":"closed","ping_status":"closed","template":"","meta":{"footnotes":""},"class_list":["post-2942","page","type-page","status-publish","hentry"],"yoast_head":"<!-- This site is optimized with the Yoast SEO plugin v27.6 - https:\/\/yoast.com\/product\/yoast-seo-wordpress\/ -->\n<title>Plany taryfowe w satelitarnej sieci GLOBALSTAR - ESCORT TECHNOLOGY<\/title>\n<meta name=\"robots\" content=\"index, follow, max-snippet:-1, max-image-preview:large, max-video-preview:-1\" \/>\n<link rel=\"canonical\" href=\"http:\/\/escort-technology.com\/en\/plany-taryfowe-w-satelitarnej-sieci-globalstar\/\" \/>\n<meta property=\"og:locale\" content=\"en_US\" \/>\n<meta property=\"og:type\" content=\"article\" \/>\n<meta property=\"og:title\" content=\"Plany taryfowe w satelitarnej sieci GLOBALSTAR - ESCORT TECHNOLOGY\" \/>\n<meta property=\"og:description\" content=\"Plany taryfowe w satelitarnej sieci GLOBALSTAR 1.Plany Voice &amp; Data (Po\u0142\u0105czenia g\u0142osowe i internetowe) \u2013 Plany dla os\u00f3b wykonuj\u0105cych zar\u00f3wno po\u0142\u0105czenia g\u0142osowe jak i internetowe. W zale\u017cno\u015bci od potrzeb mo\u017cna dobra\u0107 odpowiedni pakiet minut wliczonych w cen\u0119 abonamentu. We wszystkich planach dla po\u0142\u0105cze\u0144 internetowych oraz g\u0142osowych obowi\u0105zuje naliczanie 15 sekundowe. 2. Plany DATA \u2013 tylko [&hellip;]\" \/>\n<meta property=\"og:url\" content=\"http:\/\/escort-technology.com\/en\/plany-taryfowe-w-satelitarnej-sieci-globalstar\/\" \/>\n<meta property=\"og:site_name\" content=\"ESCORT TECHNOLOGY\" \/>\n<meta property=\"article:publisher\" content=\"https:\/\/www.facebook.com\/elektronika.morska\/\" \/>\n<meta property=\"article:modified_time\" content=\"2020-06-22T09:13:39+00:00\" \/>\n<meta property=\"og:image\" content=\"http:\/\/wp-content\/uploads\/tab1.jpg\" \/>\n<meta name=\"twitter:card\" content=\"summary_large_image\" \/>\n<meta name=\"twitter:label1\" content=\"Est. reading time\" \/>\n\t<meta name=\"twitter:data1\" content=\"2 minutes\" \/>\n<script type=\"application\/ld+json\" class=\"yoast-schema-graph\">{\"@context\":\"https:\\\/\\\/schema.org\",\"@graph\":[{\"@type\":\"WebPage\",\"@id\":\"http:\\\/\\\/escort-technology.com\\\/pl\\\/plany-taryfowe-w-satelitarnej-sieci-globalstar\\\/\",\"url\":\"http:\\\/\\\/escort-technology.com\\\/pl\\\/plany-taryfowe-w-satelitarnej-sieci-globalstar\\\/\",\"name\":\"Plany taryfowe w satelitarnej sieci GLOBALSTAR - ESCORT TECHNOLOGY\",\"isPartOf\":{\"@id\":\"http:\\\/\\\/escort-technology.com\\\/de\\\/#website\"},\"datePublished\":\"2018-03-22T11:47:07+00:00\",\"dateModified\":\"2020-06-22T09:13:39+00:00\",\"breadcrumb\":{\"@id\":\"http:\\\/\\\/escort-technology.com\\\/pl\\\/plany-taryfowe-w-satelitarnej-sieci-globalstar\\\/#breadcrumb\"},\"inLanguage\":\"en-US\",\"potentialAction\":[{\"@type\":\"ReadAction\",\"target\":[\"http:\\\/\\\/escort-technology.com\\\/pl\\\/plany-taryfowe-w-satelitarnej-sieci-globalstar\\\/\"]}]},{\"@type\":\"BreadcrumbList\",\"@id\":\"http:\\\/\\\/escort-technology.com\\\/pl\\\/plany-taryfowe-w-satelitarnej-sieci-globalstar\\\/#breadcrumb\",\"itemListElement\":[{\"@type\":\"ListItem\",\"position\":1,\"name\":\"Strona g\u0142\u00f3wna\",\"item\":\"https:\\\/\\\/escort-technology.com\\\/\"},{\"@type\":\"ListItem\",\"position\":2,\"name\":\"Plany taryfowe w satelitarnej sieci GLOBALSTAR\"}]},{\"@type\":\"WebSite\",\"@id\":\"http:\\\/\\\/escort-technology.com\\\/de\\\/#website\",\"url\":\"http:\\\/\\\/escort-technology.com\\\/de\\\/\",\"name\":\"ESCORT TECHNOLOGY\",\"description\":\"Elektronika morska i l\u0105dowa\",\"publisher\":{\"@id\":\"http:\\\/\\\/escort-technology.com\\\/de\\\/#organization\"},\"potentialAction\":[{\"@type\":\"SearchAction\",\"target\":{\"@type\":\"EntryPoint\",\"urlTemplate\":\"http:\\\/\\\/escort-technology.com\\\/de\\\/?s={search_term_string}\"},\"query-input\":{\"@type\":\"PropertyValueSpecification\",\"valueRequired\":true,\"valueName\":\"search_term_string\"}}],\"inLanguage\":\"en-US\"},{\"@type\":\"Organization\",\"@id\":\"http:\\\/\\\/escort-technology.com\\\/de\\\/#organization\",\"name\":\"ESCORT TECHNOLOGY\",\"url\":\"http:\\\/\\\/escort-technology.com\\\/de\\\/\",\"logo\":{\"@type\":\"ImageObject\",\"inLanguage\":\"en-US\",\"@id\":\"http:\\\/\\\/escort-technology.com\\\/de\\\/#\\\/schema\\\/logo\\\/image\\\/\",\"url\":\"https:\\\/\\\/escort-technology.com\\\/wp-content\\\/uploads\\\/logo-1.jpg\",\"contentUrl\":\"https:\\\/\\\/escort-technology.com\\\/wp-content\\\/uploads\\\/logo-1.jpg\",\"width\":600,\"height\":165,\"caption\":\"ESCORT TECHNOLOGY\"},\"image\":{\"@id\":\"http:\\\/\\\/escort-technology.com\\\/de\\\/#\\\/schema\\\/logo\\\/image\\\/\"},\"sameAs\":[\"https:\\\/\\\/www.facebook.com\\\/elektronika.morska\\\/\",\"https:\\\/\\\/www.linkedin.com\\\/company\\\/escort-sp-z-o-o-\\\/\"]}]}<\/script>\n<!-- \/ Yoast SEO plugin. -->","yoast_head_json":{"title":"Plany taryfowe w satelitarnej sieci GLOBALSTAR - ESCORT TECHNOLOGY","robots":{"index":"index","follow":"follow","max-snippet":"max-snippet:-1","max-image-preview":"max-image-preview:large","max-video-preview":"max-video-preview:-1"},"canonical":"http:\/\/escort-technology.com\/en\/plany-taryfowe-w-satelitarnej-sieci-globalstar\/","og_locale":"en_US","og_type":"article","og_title":"Plany taryfowe w satelitarnej sieci GLOBALSTAR - ESCORT TECHNOLOGY","og_description":"Plany taryfowe w satelitarnej sieci GLOBALSTAR 1.Plany Voice &amp; Data (Po\u0142\u0105czenia g\u0142osowe i internetowe) \u2013 Plany dla os\u00f3b wykonuj\u0105cych zar\u00f3wno po\u0142\u0105czenia g\u0142osowe jak i internetowe. W zale\u017cno\u015bci od potrzeb mo\u017cna dobra\u0107 odpowiedni pakiet minut wliczonych w cen\u0119 abonamentu. We wszystkich planach dla po\u0142\u0105cze\u0144 internetowych oraz g\u0142osowych obowi\u0105zuje naliczanie 15 sekundowe. 2. Plany DATA \u2013 tylko [&hellip;]","og_url":"http:\/\/escort-technology.com\/en\/plany-taryfowe-w-satelitarnej-sieci-globalstar\/","og_site_name":"ESCORT TECHNOLOGY","article_publisher":"https:\/\/www.facebook.com\/elektronika.morska\/","article_modified_time":"2020-06-22T09:13:39+00:00","og_image":[{"url":"wp-content\/uploads\/tab1.jpg","type":"","width":"","height":""}],"twitter_card":"summary_large_image","twitter_misc":{"Est. reading time":"2 minutes"},"schema":{"@context":"https:\/\/schema.org","@graph":[{"@type":"WebPage","@id":"http:\/\/escort-technology.com\/pl\/plany-taryfowe-w-satelitarnej-sieci-globalstar\/","url":"http:\/\/escort-technology.com\/pl\/plany-taryfowe-w-satelitarnej-sieci-globalstar\/","name":"Plany taryfowe w satelitarnej sieci GLOBALSTAR - ESCORT TECHNOLOGY","isPartOf":{"@id":"http:\/\/escort-technology.com\/de\/#website"},"datePublished":"2018-03-22T11:47:07+00:00","dateModified":"2020-06-22T09:13:39+00:00","breadcrumb":{"@id":"http:\/\/escort-technology.com\/pl\/plany-taryfowe-w-satelitarnej-sieci-globalstar\/#breadcrumb"},"inLanguage":"en-US","potentialAction":[{"@type":"ReadAction","target":["http:\/\/escort-technology.com\/pl\/plany-taryfowe-w-satelitarnej-sieci-globalstar\/"]}]},{"@type":"BreadcrumbList","@id":"http:\/\/escort-technology.com\/pl\/plany-taryfowe-w-satelitarnej-sieci-globalstar\/#breadcrumb","itemListElement":[{"@type":"ListItem","position":1,"name":"Strona g\u0142\u00f3wna","item":"https:\/\/escort-technology.com\/"},{"@type":"ListItem","position":2,"name":"Plany taryfowe w satelitarnej sieci GLOBALSTAR"}]},{"@type":"WebSite","@id":"http:\/\/escort-technology.com\/de\/#website","url":"http:\/\/escort-technology.com\/de\/","name":"ESCORT TECHNOLOGY","description":"Onshore and offshore electronics","publisher":{"@id":"http:\/\/escort-technology.com\/de\/#organization"},"potentialAction":[{"@type":"SearchAction","target":{"@type":"EntryPoint","urlTemplate":"http:\/\/escort-technology.com\/de\/?s={search_term_string}"},"query-input":{"@type":"PropertyValueSpecification","valueRequired":true,"valueName":"search_term_string"}}],"inLanguage":"en-US"},{"@type":"Organization","@id":"http:\/\/escort-technology.com\/de\/#organization","name":"ESCORT TECHNOLOGY","url":"http:\/\/escort-technology.com\/de\/","logo":{"@type":"ImageObject","inLanguage":"en-US","@id":"http:\/\/escort-technology.com\/de\/#\/schema\/logo\/image\/","url":"https:\/\/escort-technology.com\/wp-content\/uploads\/logo-1.jpg","contentUrl":"https:\/\/escort-technology.com\/wp-content\/uploads\/logo-1.jpg","width":600,"height":165,"caption":"ESCORT TECHNOLOGY"},"image":{"@id":"http:\/\/escort-technology.com\/de\/#\/schema\/logo\/image\/"},"sameAs":["https:\/\/www.facebook.com\/elektronika.morska\/","https:\/\/www.linkedin.com\/company\/escort-sp-z-o-o-\/"]}]}},"_links":{"self":[{"href":"http:\/\/escort-technology.com\/en\/wp-json\/wp\/v2\/pages\/2942","targetHints":{"allow":["GET"]}}],"collection":[{"href":"http:\/\/escort-technology.com\/en\/wp-json\/wp\/v2\/pages"}],"about":[{"href":"http:\/\/escort-technology.com\/en\/wp-json\/wp\/v2\/types\/page"}],"author":[{"embeddable":true,"href":"http:\/\/escort-technology.com\/en\/wp-json\/wp\/v2\/users\/6"}],"replies":[{"embeddable":true,"href":"http:\/\/escort-technology.com\/en\/wp-json\/wp\/v2\/comments?post=2942"}],"version-history":[{"count":7,"href":"http:\/\/escort-technology.com\/en\/wp-json\/wp\/v2\/pages\/2942\/revisions"}],"predecessor-version":[{"id":6210,"href":"http:\/\/escort-technology.com\/en\/wp-json\/wp\/v2\/pages\/2942\/revisions\/6210"}],"wp:attachment":[{"href":"http:\/\/escort-technology.com\/en\/wp-json\/wp\/v2\/media?parent=2942"}],"curies":[{"name":"wp","href":"https:\/\/api.w.org\/{rel}","templated":true}]}}