{"id":2948,"date":"2018-03-22T11:48:32","date_gmt":"2018-03-22T11:48:32","guid":{"rendered":"http:\/\/escort-technology.com\/?page_id=2948"},"modified":"2020-06-22T11:20:28","modified_gmt":"2020-06-22T09:20:28","slug":"usluga-na-karte-globalstar-prepaid","status":"publish","type":"page","link":"http:\/\/escort-technology.com\/en\/usluga-na-karte-globalstar-prepaid\/","title":{"rendered":"Us\u0142uga na kart\u0119 GLOBALSTAR PREPAID"},"content":{"rendered":"<h2>Us\u0142uga na kart\u0119 GLOBALSTAR PREPAID<\/h2>\n<hr>\n<p><img decoding=\"async\" src=\"wp-content\/uploads\/Pre-Paid_Euro_lander_banner-1.jpg\" alt=\"\"><\/p>\n<div>\n<div>\n<p>Operator sieci telefonii satelitarnej wprowadzi\u0142 mo\u017cliwo\u015b\u0107 korzystania z jego us\u0142ug przy pomocy <strong>kart prepaid<\/strong>. Bez konieczno\u015bci podpisywania um\u00f3w i op\u0142acania sta\u0142ych abonament\u00f3w. Zaletami systemu s\u0105:<\/p>\n<\/div>\n<ul>\n<li>konkurencyjne ceny w stosunku do innych system\u00f3w dost\u0119pnych na rynku<\/li>\n<li>szeroki wyb\u00f3r poziom\u00f3w do\u0142adowania\u00a0<\/li>\n<li>czysta jako\u015b\u0107 d\u017awi\u0119ku, bez pog\u0142osu<\/li>\n<li>wyb\u00f3r karty\u00a0<strong>Personal<\/strong>\u00a0lub\u00a0<strong>Shared<\/strong><\/li>\n<\/ul>\n<\/div>\n<p><img decoding=\"async\" src=\"wp-content\/uploads\/tab3.jpg\" alt=\"\"><\/p>\n<div>\n<p style=\"text-align: justify;\"><strong>Mapa Zasi\u0119gu Prepaid<\/strong><\/p>\n<\/div>\n<p><img decoding=\"async\" src=\"wp-content\/uploads\/Globalstar-Coverage-Voice-and-Data-Gen1-2048x1434-1.png\" alt=\"\"><\/p>\n<div>\n<table border=\"0\" cellspacing=\"0 \" cellpadding=\"5 \">\n<tbody>\n<tr>\n<td valign=\"top\">\u00a0<\/td>\n<td>\u00a0<\/td>\n<\/tr>\n<tr>\n<td valign=\"top\">\u00a0<\/td>\n<td>\u00a0<\/td>\n<\/tr>\n<tr>\n<td valign=\"top\">\u00a0<\/td>\n<td>\u00a0<\/td>\n<\/tr>\n<\/tbody>\n<\/table>\n<table>\n<tbody>\n<tr>\n<td class=\"has-text-align-center\" data-align=\"center\"><strong>Pomara\u0144czowy<\/strong><\/td>\n<td>Obszar najlepszego pokrycia sieci Globalstar\u00a0<\/td>\n<\/tr>\n<tr>\n<td class=\"has-text-align-center\" data-align=\"center\"><strong>Kreskowane pole<\/strong><\/td>\n<td>Obszar s\u0142abszego pokrycia sieci Globalstar\u00a0<br \/>(Mo\u017ce wyst\u0105pi\u0107 s\u0142abszy sygna\u0142)<\/td>\n<\/tr>\n<tr>\n<td class=\"has-text-align-center\" data-align=\"center\"><strong>Zielona linia<\/strong><\/td>\n<td>Strefa Home Zone<\/td>\n<\/tr>\n<tr>\n<td class=\"has-text-align-center\" data-align=\"center\"><strong>Niebieska linia<\/strong><\/td>\n<td>Klienci, kt\u00f3rzy zakupili telefon satelitarny poza tym obszarem:\u00a0\u00a0Roaming\u00a0 nie jest aktualnie dost\u0119pny podczas podr\u00f3\u017cy do nast\u0119puj\u0105cych kraj\u00f3w : Argentyna, Chile, Urugwaj, Paragwaj i Antarktyda. Telefon nie b\u0119dzie dzia\u0142a\u0107 w tym obszarze, trwaj\u0105 w tym kierunku prace.<\/td>\n<\/tr>\n<\/tbody>\n<\/table>\n<\/div>\n<p><!-- {\"name\":\"\",\"type\":\"layout\",\"children\":[{\"name\":\"ANTENA\",\"type\":\"section\",\"props\":{\"width\":\"default\",\"padding\":\"xsmall\",\"style\":\"default\",\"text_color\":\"\",\"media\":\"\",\"height_viewport\":false,\"header_overlay\":\"light\",\"animation\":\"slide-top-medium\",\"padding_remove_top\":false,\"image_size\":\"cover\",\"image\":\"\",\"image_position\":\"bottom-center\",\"image_fixed\":false,\"class\":\"\",\"overlap\":true,\"vertical_align\":\"middle\",\"title_position\":\"top-left\",\"title_rotation\":\"left\",\"title_breakpoint\":\"xl\",\"image_effect\":\"\"},\"children\":[{\"name\":\"\",\"type\":\"row\",\"props\":{\"layout\":\"1-1\",\"breakpoint\":\"m\",\"margin\":\"\",\"fixed_width\":\"large\"},\"children\":[{\"name\":\"\",\"type\":\"column\",\"props\":{\"image_position\":\"center-center\",\"widths\":[\"1-1\"]},\"children\":[{\"name\":\"\",\"type\":\"headline\",\"props\":{\"title_element\":\"h2\",\"content\":\"Us\\u0142uga na kart\\u0119 GLOBALSTAR PREPAID\",\"text_align\":\"center\",\"text_align_fallback\":\"center\",\"maxwidth_align\":\"center\",\"maxwidth\":\"\",\"title_style\":\"h2\",\"title_decoration\":\"\",\"margin\":\"\"}},{\"name\":\"\",\"type\":\"divider\",\"props\":{\"divider_element\":\"hr\",\"divider_style\":\"\",\"divider_align\":\"\",\"divider_align_breakpoint\":\"\",\"divider_align_fallback\":\"\",\"maxwidth\":\"\",\"maxwidth_align\":\"\",\"maxwidth_breakpoint\":\"\",\"margin\":\"\",\"animation\":\"\",\"visibility\":\"\"}},{\"name\":\"\",\"type\":\"image\",\"props\":{\"margin\":\"default\",\"image\":\"wp-content\\\/uploads\\\/Pre-Paid_Euro_lander_banner-1.jpg\",\"image_width\":\"800\",\"text_align\":\"center\",\"link_target\":\"\",\"image_border\":\"\",\"image_box_shadow\":\"\",\"image_hover_box_shadow\":\"\",\"image_box_decoration\":\"\",\"text_align_breakpoint\":\"\",\"text_align_fallback\":\"\",\"maxwidth\":\"\",\"maxwidth_align\":\"\",\"maxwidth_breakpoint\":\"\",\"animation\":\"\",\"visibility\":\"\"}},{\"name\":\"\",\"type\":\"text\",\"props\":{\"column_breakpoint\":\"m\",\"margin\":\"medium\",\"content\":\"\n\n<div>\\n\n\n<p>Operator sieci telefonii satelitarnej wprowadzi\\u0142 mo\\u017cliwo\\u015b\\u0107 korzystania z jego us\\u0142ug przy pomocy <strong>kart prepaid<\\\/strong>. Bez konieczno\\u015bci podpisywania um\\u00f3w i op\\u0142acania sta\\u0142ych abonament\\u00f3w. Zaletami systemu s\\u0105:<\\\/p>\\n<\\\/div>\\n\n\n<ul>\\n\n\n<li>konkurencyjne ceny w stosunku do innych system\\u00f3w dost\\u0119pnych na rynku<\\\/li>\\n\n\n<li>szeroki wyb\\u00f3r poziom\\u00f3w do\\u0142adowania\\u00a0<\\\/li>\\n\n\n<li>czysta jako\\u015b\\u0107 d\\u017awi\\u0119ku, bez pog\\u0142osu<\\\/li>\\n\n\n<li>wyb\\u00f3r karty\\u00a0<strong>Personal<\\\/strong>\\u00a0lub\\u00a0<strong>Shared<\\\/strong><\\\/li>\\n<\\\/ul>\",\"animation\":\"slide-left-medium\",\"text_align\":\"justify\",\"text_align_breakpoint\":\"m\",\"text_align_fallback\":\"center\",\"text_size\":\"\",\"maxwidth\":\"xxlarge\",\"maxwidth_align\":\"center\"}},{\"name\":\"\",\"type\":\"image\",\"props\":{\"margin\":\"default\",\"image\":\"wp-content\\\/uploads\\\/tab3.jpg\",\"text_align\":\"center\",\"image_width\":\"700\"}},{\"name\":\"\",\"type\":\"text\",\"props\":{\"margin\":\"default\",\"column_breakpoint\":\"m\",\"content\":\"\n\n<p style=\\\"text-align: justify;\\\"><strong>Mapa Zasi\\u0119gu Prepaid<\\\/strong><\\\/p>\",\"text_align\":\"center\",\"maxwidth\":\"xxlarge\",\"maxwidth_align\":\"center\"}},{\"name\":\"\",\"type\":\"image\",\"props\":{\"margin\":\"default\",\"image\":\"wp-content\\\/uploads\\\/Globalstar-Coverage-Voice-and-Data-Gen1-2048x1434-1.png\",\"text_align\":\"center\",\"image_width\":\"700\",\"link_target\":\"\",\"image_border\":\"\",\"image_box_shadow\":\"\",\"image_hover_box_shadow\":\"\",\"image_box_decoration\":\"\",\"text_align_breakpoint\":\"\",\"text_align_fallback\":\"\",\"maxwidth\":\"\",\"maxwidth_align\":\"\",\"maxwidth_breakpoint\":\"\",\"animation\":\"\",\"visibility\":\"\"}},{\"name\":\"\",\"type\":\"text\",\"props\":{\"margin\":\"default\",\"column_breakpoint\":\"m\",\"content\":\"\n\n<table border=\\\"0\\\" cellspacing=\\\"0 \\\" cellpadding=\\\"5 \\\">\\n\n\n<tbody>\\n\n\n<tr>\\n\n\n<td valign=\\\"top\\\">\\u00a0<\\\/td>\\n\n\n<td>\\u00a0<\\\/td>\\n<\\\/tr>\\n\n\n<tr>\\n\n\n<td valign=\\\"top\\\">\\u00a0<\\\/td>\\n\n\n<td>\\u00a0<\\\/td>\\n<\\\/tr>\\n\n\n<tr>\\n\n\n<td valign=\\\"top\\\">\\u00a0<\\\/td>\\n\n\n<td>\\u00a0<\\\/td>\\n<\\\/tr>\\n<\\\/tbody>\\n<\\\/table>\\n\n\n<table>\\n\n\n<tbody>\\n\n\n<tr>\\n\n\n<td class=\\\"has-text-align-center\\\" data-align=\\\"center\\\"><strong>Pomara\\u0144czowy<\\\/strong><\\\/td>\\n\n\n<td>Obszar najlepszego pokrycia sieci Globalstar\\u00a0<\\\/td>\\n<\\\/tr>\\n\n\n<tr>\\n\n\n<td class=\\\"has-text-align-center\\\" data-align=\\\"center\\\"><strong>Kreskowane pole<\\\/strong><\\\/td>\\n\n\n<td>Obszar s\\u0142abszego pokrycia sieci Globalstar\\u00a0<br \\\/>(Mo\\u017ce wyst\\u0105pi\\u0107 s\\u0142abszy sygna\\u0142)<\\\/td>\\n<\\\/tr>\\n\n\n<tr>\\n\n\n<td class=\\\"has-text-align-center\\\" data-align=\\\"center\\\"><strong>Zielona linia<\\\/strong><\\\/td>\\n\n\n<td>Strefa Home Zone<\\\/td>\\n<\\\/tr>\\n\n\n<tr>\\n\n\n<td class=\\\"has-text-align-center\\\" data-align=\\\"center\\\"><strong>Niebieska linia<\\\/strong><\\\/td>\\n\n\n<td>Klienci, kt\\u00f3rzy zakupili telefon satelitarny poza tym obszarem:\\u00a0\\u00a0Roaming\\u00a0 nie jest aktualnie dost\\u0119pny podczas podr\\u00f3\\u017cy do nast\\u0119puj\\u0105cych kraj\\u00f3w : Argentyna, Chile, Urugwaj, Paragwaj i Antarktyda. Telefon nie b\\u0119dzie dzia\\u0142a\\u0107 w tym obszarze, trwaj\\u0105 w tym kierunku prace.<\\\/td>\\n<\\\/tr>\\n<\\\/tbody>\\n<\\\/table>\",\"maxwidth\":\"xxlarge\",\"maxwidth_align\":\"center\",\"text_style\":\"\",\"text_color\":\"\",\"text_size\":\"\",\"column\":\"\",\"text_align\":\"\",\"text_align_breakpoint\":\"\",\"text_align_fallback\":\"\",\"maxwidth_breakpoint\":\"\",\"animation\":\"\",\"visibility\":\"\"}}]}]}]}],\"props\":[],\"version\":\"1.18.0\"} --><\/p>\n","protected":false},"excerpt":{"rendered":"<p>Us\u0142uga na kart\u0119 GLOBALSTAR PREPAID Operator sieci telefonii satelitarnej wprowadzi\u0142 mo\u017cliwo\u015b\u0107 korzystania z jego us\u0142ug przy pomocy kart prepaid. Bez konieczno\u015bci podpisywania um\u00f3w i op\u0142acania sta\u0142ych abonament\u00f3w. Zaletami systemu s\u0105: konkurencyjne ceny w stosunku do innych system\u00f3w dost\u0119pnych na rynku szeroki wyb\u00f3r poziom\u00f3w do\u0142adowania\u00a0 czysta jako\u015b\u0107 d\u017awi\u0119ku, bez pog\u0142osu wyb\u00f3r karty\u00a0Personal\u00a0lub\u00a0Shared Mapa Zasi\u0119gu Prepaid \u00a0 [&hellip;]<\/p>\n","protected":false},"author":6,"featured_media":0,"parent":0,"menu_order":0,"comment_status":"closed","ping_status":"closed","template":"","meta":{"footnotes":""},"class_list":["post-2948","page","type-page","status-publish","hentry"],"yoast_head":"<!-- This site is optimized with the Yoast SEO plugin v27.6 - https:\/\/yoast.com\/product\/yoast-seo-wordpress\/ -->\n<title>Us\u0142uga na kart\u0119 GLOBALSTAR PREPAID - ESCORT TECHNOLOGY<\/title>\n<meta name=\"robots\" content=\"index, follow, max-snippet:-1, max-image-preview:large, max-video-preview:-1\" \/>\n<link rel=\"canonical\" href=\"https:\/\/escort-technology.com\/en\/usluga-na-karte-globalstar-prepaid\/\" \/>\n<meta property=\"og:locale\" content=\"en_US\" \/>\n<meta property=\"og:type\" content=\"article\" \/>\n<meta property=\"og:title\" content=\"Us\u0142uga na kart\u0119 GLOBALSTAR PREPAID - ESCORT TECHNOLOGY\" \/>\n<meta property=\"og:description\" content=\"Us\u0142uga na kart\u0119 GLOBALSTAR PREPAID Operator sieci telefonii satelitarnej wprowadzi\u0142 mo\u017cliwo\u015b\u0107 korzystania z jego us\u0142ug przy pomocy kart prepaid. Bez konieczno\u015bci podpisywania um\u00f3w i op\u0142acania sta\u0142ych abonament\u00f3w. Zaletami systemu s\u0105: konkurencyjne ceny w stosunku do innych system\u00f3w dost\u0119pnych na rynku szeroki wyb\u00f3r poziom\u00f3w do\u0142adowania\u00a0 czysta jako\u015b\u0107 d\u017awi\u0119ku, bez pog\u0142osu wyb\u00f3r karty\u00a0Personal\u00a0lub\u00a0Shared Mapa Zasi\u0119gu Prepaid \u00a0 [&hellip;]\" \/>\n<meta property=\"og:url\" content=\"https:\/\/escort-technology.com\/en\/usluga-na-karte-globalstar-prepaid\/\" \/>\n<meta property=\"og:site_name\" content=\"ESCORT TECHNOLOGY\" \/>\n<meta property=\"article:publisher\" content=\"https:\/\/www.facebook.com\/elektronika.morska\/\" \/>\n<meta property=\"article:modified_time\" content=\"2020-06-22T09:20:28+00:00\" \/>\n<meta property=\"og:image\" content=\"http:\/\/wp-content\/uploads\/Pre-Paid_Euro_lander_banner-1.jpg\" \/>\n<meta name=\"twitter:card\" content=\"summary_large_image\" \/>\n<meta name=\"twitter:label1\" content=\"Est. reading time\" \/>\n\t<meta name=\"twitter:data1\" content=\"1 minute\" \/>\n<script type=\"application\/ld+json\" class=\"yoast-schema-graph\">{\"@context\":\"https:\\\/\\\/schema.org\",\"@graph\":[{\"@type\":\"WebPage\",\"@id\":\"https:\\\/\\\/escort-technology.com\\\/en\\\/usluga-na-karte-globalstar-prepaid\\\/\",\"url\":\"https:\\\/\\\/escort-technology.com\\\/en\\\/usluga-na-karte-globalstar-prepaid\\\/\",\"name\":\"Us\u0142uga na kart\u0119 GLOBALSTAR PREPAID - ESCORT TECHNOLOGY\",\"isPartOf\":{\"@id\":\"http:\\\/\\\/escort-technology.com\\\/de\\\/#website\"},\"datePublished\":\"2018-03-22T11:48:32+00:00\",\"dateModified\":\"2020-06-22T09:20:28+00:00\",\"breadcrumb\":{\"@id\":\"https:\\\/\\\/escort-technology.com\\\/en\\\/usluga-na-karte-globalstar-prepaid\\\/#breadcrumb\"},\"inLanguage\":\"en-US\",\"potentialAction\":[{\"@type\":\"ReadAction\",\"target\":[\"https:\\\/\\\/escort-technology.com\\\/en\\\/usluga-na-karte-globalstar-prepaid\\\/\"]}]},{\"@type\":\"BreadcrumbList\",\"@id\":\"https:\\\/\\\/escort-technology.com\\\/en\\\/usluga-na-karte-globalstar-prepaid\\\/#breadcrumb\",\"itemListElement\":[{\"@type\":\"ListItem\",\"position\":1,\"name\":\"Strona g\u0142\u00f3wna\",\"item\":\"https:\\\/\\\/escort-technology.com\\\/\"},{\"@type\":\"ListItem\",\"position\":2,\"name\":\"Us\u0142uga na kart\u0119 GLOBALSTAR PREPAID\"}]},{\"@type\":\"WebSite\",\"@id\":\"http:\\\/\\\/escort-technology.com\\\/de\\\/#website\",\"url\":\"http:\\\/\\\/escort-technology.com\\\/de\\\/\",\"name\":\"ESCORT TECHNOLOGY\",\"description\":\"Elektronika morska i l\u0105dowa\",\"publisher\":{\"@id\":\"http:\\\/\\\/escort-technology.com\\\/de\\\/#organization\"},\"potentialAction\":[{\"@type\":\"SearchAction\",\"target\":{\"@type\":\"EntryPoint\",\"urlTemplate\":\"http:\\\/\\\/escort-technology.com\\\/de\\\/?s={search_term_string}\"},\"query-input\":{\"@type\":\"PropertyValueSpecification\",\"valueRequired\":true,\"valueName\":\"search_term_string\"}}],\"inLanguage\":\"en-US\"},{\"@type\":\"Organization\",\"@id\":\"http:\\\/\\\/escort-technology.com\\\/de\\\/#organization\",\"name\":\"ESCORT TECHNOLOGY\",\"url\":\"http:\\\/\\\/escort-technology.com\\\/de\\\/\",\"logo\":{\"@type\":\"ImageObject\",\"inLanguage\":\"en-US\",\"@id\":\"http:\\\/\\\/escort-technology.com\\\/de\\\/#\\\/schema\\\/logo\\\/image\\\/\",\"url\":\"https:\\\/\\\/escort-technology.com\\\/wp-content\\\/uploads\\\/logo-1.jpg\",\"contentUrl\":\"https:\\\/\\\/escort-technology.com\\\/wp-content\\\/uploads\\\/logo-1.jpg\",\"width\":600,\"height\":165,\"caption\":\"ESCORT TECHNOLOGY\"},\"image\":{\"@id\":\"http:\\\/\\\/escort-technology.com\\\/de\\\/#\\\/schema\\\/logo\\\/image\\\/\"},\"sameAs\":[\"https:\\\/\\\/www.facebook.com\\\/elektronika.morska\\\/\",\"https:\\\/\\\/www.linkedin.com\\\/company\\\/escort-sp-z-o-o-\\\/\"]}]}<\/script>\n<!-- \/ Yoast SEO plugin. -->","yoast_head_json":{"title":"Us\u0142uga na kart\u0119 GLOBALSTAR PREPAID - ESCORT TECHNOLOGY","robots":{"index":"index","follow":"follow","max-snippet":"max-snippet:-1","max-image-preview":"max-image-preview:large","max-video-preview":"max-video-preview:-1"},"canonical":"https:\/\/escort-technology.com\/en\/usluga-na-karte-globalstar-prepaid\/","og_locale":"en_US","og_type":"article","og_title":"Us\u0142uga na kart\u0119 GLOBALSTAR PREPAID - ESCORT TECHNOLOGY","og_description":"Us\u0142uga na kart\u0119 GLOBALSTAR PREPAID Operator sieci telefonii satelitarnej wprowadzi\u0142 mo\u017cliwo\u015b\u0107 korzystania z jego us\u0142ug przy pomocy kart prepaid. Bez konieczno\u015bci podpisywania um\u00f3w i op\u0142acania sta\u0142ych abonament\u00f3w. Zaletami systemu s\u0105: konkurencyjne ceny w stosunku do innych system\u00f3w dost\u0119pnych na rynku szeroki wyb\u00f3r poziom\u00f3w do\u0142adowania\u00a0 czysta jako\u015b\u0107 d\u017awi\u0119ku, bez pog\u0142osu wyb\u00f3r karty\u00a0Personal\u00a0lub\u00a0Shared Mapa Zasi\u0119gu Prepaid \u00a0 [&hellip;]","og_url":"https:\/\/escort-technology.com\/en\/usluga-na-karte-globalstar-prepaid\/","og_site_name":"ESCORT TECHNOLOGY","article_publisher":"https:\/\/www.facebook.com\/elektronika.morska\/","article_modified_time":"2020-06-22T09:20:28+00:00","og_image":[{"url":"wp-content\/uploads\/Pre-Paid_Euro_lander_banner-1.jpg","type":"","width":"","height":""}],"twitter_card":"summary_large_image","twitter_misc":{"Est. reading time":"1 minute"},"schema":{"@context":"https:\/\/schema.org","@graph":[{"@type":"WebPage","@id":"https:\/\/escort-technology.com\/en\/usluga-na-karte-globalstar-prepaid\/","url":"https:\/\/escort-technology.com\/en\/usluga-na-karte-globalstar-prepaid\/","name":"Us\u0142uga na kart\u0119 GLOBALSTAR PREPAID - ESCORT TECHNOLOGY","isPartOf":{"@id":"http:\/\/escort-technology.com\/de\/#website"},"datePublished":"2018-03-22T11:48:32+00:00","dateModified":"2020-06-22T09:20:28+00:00","breadcrumb":{"@id":"https:\/\/escort-technology.com\/en\/usluga-na-karte-globalstar-prepaid\/#breadcrumb"},"inLanguage":"en-US","potentialAction":[{"@type":"ReadAction","target":["https:\/\/escort-technology.com\/en\/usluga-na-karte-globalstar-prepaid\/"]}]},{"@type":"BreadcrumbList","@id":"https:\/\/escort-technology.com\/en\/usluga-na-karte-globalstar-prepaid\/#breadcrumb","itemListElement":[{"@type":"ListItem","position":1,"name":"Strona g\u0142\u00f3wna","item":"https:\/\/escort-technology.com\/"},{"@type":"ListItem","position":2,"name":"Us\u0142uga na kart\u0119 GLOBALSTAR PREPAID"}]},{"@type":"WebSite","@id":"http:\/\/escort-technology.com\/de\/#website","url":"http:\/\/escort-technology.com\/de\/","name":"ESCORT TECHNOLOGY","description":"Onshore and offshore electronics","publisher":{"@id":"http:\/\/escort-technology.com\/de\/#organization"},"potentialAction":[{"@type":"SearchAction","target":{"@type":"EntryPoint","urlTemplate":"http:\/\/escort-technology.com\/de\/?s={search_term_string}"},"query-input":{"@type":"PropertyValueSpecification","valueRequired":true,"valueName":"search_term_string"}}],"inLanguage":"en-US"},{"@type":"Organization","@id":"http:\/\/escort-technology.com\/de\/#organization","name":"ESCORT TECHNOLOGY","url":"http:\/\/escort-technology.com\/de\/","logo":{"@type":"ImageObject","inLanguage":"en-US","@id":"http:\/\/escort-technology.com\/de\/#\/schema\/logo\/image\/","url":"https:\/\/escort-technology.com\/wp-content\/uploads\/logo-1.jpg","contentUrl":"https:\/\/escort-technology.com\/wp-content\/uploads\/logo-1.jpg","width":600,"height":165,"caption":"ESCORT TECHNOLOGY"},"image":{"@id":"http:\/\/escort-technology.com\/de\/#\/schema\/logo\/image\/"},"sameAs":["https:\/\/www.facebook.com\/elektronika.morska\/","https:\/\/www.linkedin.com\/company\/escort-sp-z-o-o-\/"]}]}},"_links":{"self":[{"href":"http:\/\/escort-technology.com\/en\/wp-json\/wp\/v2\/pages\/2948","targetHints":{"allow":["GET"]}}],"collection":[{"href":"http:\/\/escort-technology.com\/en\/wp-json\/wp\/v2\/pages"}],"about":[{"href":"http:\/\/escort-technology.com\/en\/wp-json\/wp\/v2\/types\/page"}],"author":[{"embeddable":true,"href":"http:\/\/escort-technology.com\/en\/wp-json\/wp\/v2\/users\/6"}],"replies":[{"embeddable":true,"href":"http:\/\/escort-technology.com\/en\/wp-json\/wp\/v2\/comments?post=2948"}],"version-history":[{"count":3,"href":"http:\/\/escort-technology.com\/en\/wp-json\/wp\/v2\/pages\/2948\/revisions"}],"predecessor-version":[{"id":6212,"href":"http:\/\/escort-technology.com\/en\/wp-json\/wp\/v2\/pages\/2948\/revisions\/6212"}],"wp:attachment":[{"href":"http:\/\/escort-technology.com\/en\/wp-json\/wp\/v2\/media?parent=2948"}],"curies":[{"name":"wp","href":"https:\/\/api.w.org\/{rel}","templated":true}]}}