{"id":2950,"date":"2018-03-22T11:48:59","date_gmt":"2018-03-22T11:48:59","guid":{"rendered":"http:\/\/escort-technology.com\/?page_id=2950"},"modified":"2018-03-23T09:20:07","modified_gmt":"2018-03-23T09:20:07","slug":"mapa-zasiegu-sieci-globalstar","status":"publish","type":"page","link":"http:\/\/escort-technology.com\/en\/mapa-zasiegu-sieci-globalstar\/","title":{"rendered":"Mapa zasi\u0119gu sieci GLOBALSTAR"},"content":{"rendered":"<p>Mapa zasi\u0119gu sieci GLOBALSTAR<\/p>\n<p>Globalstar to sie\u0107 telefonii satelitarnej funkcjonuj\u0105cej na bazie satelit\u00f3w LEO (Low Earth Orbit) oraz naziemnych bramek telekomunikacyjnych. Orbita LEO znajduje si\u0119 na wysoko\u015bci 850 mil nad Ziemi\u0105, co umo\u017cliwia, w przeciwie\u0144stwie do system\u00f3w geostacjonarnych, prowadzenie rozm\u00f3w bez op\u00f3\u017anie\u0144.<br \/>\nSatelity Globalstar s\u0105 jedynie przeka\u017anikami, kt\u00f3re przesy\u0142aj\u0105 sygna\u0142 do stacji naziemnych. Zasi\u0119g sieci Globalstar zale\u017cy bezpo\u015brednio od liczby i usytuowania stacji naziemnych &#8211; gateways. Ka\u017cdy gateway obs\u0142uguje obszar o promieniu oko\u0142o 3000 km. Obecnie dzia\u0142a 25 takich stacji, dzi\u0119ki kt\u00f3rym mo\u017cliwa jest \u0142\u0105czno\u015b\u0107 w 125 krajach i na p\u00f3\u0142nocnym Atlantyku. \u0141\u0105czno\u015b\u0107 na wodach morskich, przy granicach pa\u0144stw obj\u0119tych zasi\u0119giem Globalstar, wyst\u0119puje w obszarze oko\u0142o 200 mil morskich. Planuje si\u0119 wybudowanie 38 stacji przeka\u017anikowych w r\u00f3\u017cnych cz\u0119\u015bciach \u015bwiata. Polsk\u0119 obs\u0142uguje stacja, znajduj\u0105ca si\u0119 we Francji.<\/p>\n<p>Obszar najlepszego pokrycia sieci Globalstar\u00a0<\/p>\n<p>Obszar s\u0142abszego pokrycia sieci Globalstar\u00a0(Mo\u017ce wyst\u0105pic s\u0142abszy sygna\u0142)<\/p>\n<p>Obszar ograniczonego pokrycia sieci Globalstar(Wyst\u0119puje s\u0142abszy sygna\u0142)<\/p>\n<p>Klienci, kt\u00f3rzy zakupili telefon satelitarny poza tym obszarem:\u00a0\u00a0Roaming\u00a0 nie jest aktualnie dost\u0119pny podczas podr\u00f3\u017cy do nast\u0119puj\u0105cych kraj\u00f3w : Argentyna, Chile, Urugwaj, Paragwaj i Antarktyda. Telefon nie b\u0119dzie dzia\u0142a\u0107 w tym obszarze, trwaj\u0105 w tym kierunku prace.\u00a0<\/p>\n<p>\u00a0<br \/>\nW nast\u0119puj\u0105cych krajach Argentyna, Chile, Paragwaj, Urugwaj, oraz cz\u0119\u015b\u0107 Antarktydy wyst\u0119puj\u0105 problemy techniczne w nawi\u0105zywaniu \u0142\u0105czno\u015bci satelitarnej. Trwaj\u0105 prace w celu zapewnienia \u0142\u0105czno\u015bci.\u00a0<\/p>\n<p>Do kraj\u00f3w strefy HOME ZONE nale\u017c\u0105 obecnie:<br \/>\n\u00a0<br \/>\nAlaska, Albania, Aleuty, Algieria, Andora, Anguilla, Antigua i Barbuda, Ocean Arktyczny (cz\u0119\u015bciowo), Aruba, Ocean Atlantycki (cz\u0119\u015bciowo), Australia, Bahamy, Bahrajn, Morze Ba\u0142tyckie, Barbados, Bia\u0142oru\u015b, Belgia, Bermudy, Morze Czarne, Boliwia, Bonaire, Bo\u015bnia i Hercegowina, Brazylia, Brytyjskie Wyspy Dziewicze, Bu\u0142garia, Kanada, Morze Karaibskie (cz\u0119\u015bciowo), Kajmany, Kolumbia, Chorwacja, Curacao, Republika Czeska, Dania, Dominika, Dominikana, Ekwador, Egipt, Estonia, Wyspy Owcze, Finlandia, Francja, Guana Francuska, Niemcy, Gibraltar, Grecja, Grenlandia (cz\u0119\u015bciowo), Grenada, Gwadelupa, Zatoka Guantanamo, Zatoka Alaski, Gujana, Haiti, W\u0119gry, Islandia, Irak, Irlandia, Izrael, W\u0142ochy, Jamajka, Jordania, Kosowo, Kuwejt, Litwa, Liban, Libia, Lichtenstein, \u0141otwa, Luksemburg, Macedonia, Malta, Martynika, Mauretania, Morze \u015ar\u00f3dziemne, Mo\u0142dawia, Czarnog\u00f3ra, Montserrat, Maroko, Navassa, Holandia, Antyle Holenderskie, Norwegia, Morze Norweskie (cz\u0119\u015bciowo), Ocena Spokojny (cz\u0119\u015bciowo), Palestyna, Peru, Polska, Portugalia, Puerto Rico, Katar, Morze Czerwone, Rumunia, Saint-Barthelemy i Saint Martin, Sint Eustatius, Saint Maarten, Saint Kitts i Nevis, Santa Lucia, Saint Vincent i Grenady, Arabia Saudyjska, Serbia, S\u0142owenia, S\u0142owacja, Hiszpania, Surinam, \u00a0Svalbard, Szwecja, Szwajcaria, Trinidad i Tobago, Tunezja, Turcja, Turks i Caicos, Ukraina, Zjednoczone Emiraty Arabskie, Wielka Brytania, Stany Zjednoczone, Wyspy Dziewicze, Wenezuela, Sahara Zachodnia.\u00a0<\/p>\n<p><!-- {\"name\":\"\",\"type\":\"layout\",\"children\":[{\"name\":\"ANTENA\",\"type\":\"section\",\"props\":{\"width\":\"default\",\"padding\":\"xsmall\",\"style\":\"default\",\"text_color\":\"\",\"media\":\"\",\"height_viewport\":false,\"header_overlay\":\"light\",\"animation\":\"slide-top-medium\",\"padding_remove_top\":false,\"image_size\":\"cover\",\"image\":\"\",\"image_position\":\"bottom-center\",\"image_fixed\":false,\"class\":\"\",\"overlap\":true,\"vertical_align\":\"middle\",\"title_position\":\"top-left\",\"title_rotation\":\"left\",\"title_breakpoint\":\"xl\"},\"children\":[{\"name\":\"\",\"type\":\"row\",\"props\":{\"layout\":\"1-1\",\"breakpoint\":\"m\",\"margin\":\"\",\"fixed_width\":\"large\"},\"children\":[{\"name\":\"\",\"type\":\"column\",\"props\":{\"image_position\":\"center-center\",\"widths\":[\"1-1\"]},\"children\":[{\"name\":\"\",\"type\":\"headline\",\"props\":{\"title_element\":\"h2\",\"content\":\"Mapa zasi\\u0119gu sieci GLOBALSTAR\",\"text_align\":\"center\",\"text_align_fallback\":\"center\",\"maxwidth_align\":\"center\",\"maxwidth\":\"\",\"title_style\":\"h2\",\"title_decoration\":\"\",\"margin\":\"\"}},{\"name\":\"\",\"type\":\"divider\",\"props\":{\"divider_element\":\"hr\"}},{\"name\":\"\",\"type\":\"text\",\"props\":{\"column_breakpoint\":\"m\",\"margin\":\"medium\",\"content\":\"\n\n<p>Globalstar to sie\\u0107 telefonii satelitarnej funkcjonuj\\u0105cej na bazie satelit\\u00f3w LEO (Low Earth Orbit) oraz naziemnych bramek telekomunikacyjnych. Orbita LEO znajduje si\\u0119 na wysoko\\u015bci 850 mil nad Ziemi\\u0105, co umo\\u017cliwia, w przeciwie\\u0144stwie do system\\u00f3w geostacjonarnych, prowadzenie rozm\\u00f3w bez op\\u00f3\\u017anie\\u0144.<\\\/p>\\n\n\n<div>Satelity Globalstar s\\u0105 jedynie przeka\\u017anikami, kt\\u00f3re przesy\\u0142aj\\u0105 sygna\\u0142 do stacji naziemnych. Zasi\\u0119g sieci Globalstar zale\\u017cy bezpo\\u015brednio od liczby i usytuowania stacji naziemnych - gateways. Ka\\u017cdy gateway obs\\u0142uguje obszar o promieniu oko\\u0142o 3000 km. Obecnie dzia\\u0142a 25 takich stacji, dzi\\u0119ki kt\\u00f3rym mo\\u017cliwa jest \\u0142\\u0105czno\\u015b\\u0107 w 125 krajach i na p\\u00f3\\u0142nocnym Atlantyku. \\u0141\\u0105czno\\u015b\\u0107 na wodach morskich, przy granicach pa\\u0144stw obj\\u0119tych zasi\\u0119giem Globalstar, wyst\\u0119puje w obszarze oko\\u0142o 200 mil morskich. Planuje si\\u0119 wybudowanie 38 stacji przeka\\u017anikowych w r\\u00f3\\u017cnych cz\\u0119\\u015bciach \\u015bwiata. Polsk\\u0119 obs\\u0142uguje stacja, znajduj\\u0105ca si\\u0119 we Francji.<\\\/div>\",\"animation\":\"slide-left-medium\",\"text_align\":\"justify\",\"text_align_breakpoint\":\"m\",\"text_align_fallback\":\"center\",\"text_size\":\"\",\"maxwidth\":\"\",\"maxwidth_align\":\"center\"}},{\"name\":\"\",\"type\":\"image\",\"props\":{\"margin\":\"default\",\"image\":\"wp-content\\\/uploads\\\/prepaid_coverage_minimap.jpg\",\"image_width\":\"700\",\"image_box_shadow\":\"\",\"image_border\":\"rounded\",\"text_align\":\"center\"}},{\"name\":\"\",\"type\":\"text\",\"props\":{\"margin\":\"default\",\"column_breakpoint\":\"m\",\"content\":\"\n\n<table cellspacing=\\\"0 \\\" cellpadding=\\\"5 \\\" align=\\\"center\\\">\\n\n\n<tbody>\\n\n\n<tr>\\n\n\n<td valign=\\\"top\\\"><img src=\\\"https:\\\/\\\/www.globalstar.com\\\/images\\\/coverage_legend1.png\\\" alt=\\\" \\\" \\\/><\\\/td>\\n\n\n<td>Obszar najlepszego pokrycia sieci Globalstar\\u00a0<\\\/td>\\n<\\\/tr>\\n\n\n<tr>\\n\n\n<td valign=\\\"top\\\"><img src=\\\"https:\\\/\\\/www.globalstar.com\\\/images\\\/coverage_legend2.png\\\" alt=\\\" \\\" \\\/><\\\/td>\\n\n\n<td>Obszar s\\u0142abszego pokrycia sieci Globalstar\\u00a0<br \\\/>(Mo\\u017ce wyst\\u0105pic s\\u0142abszy sygna\\u0142)<\\\/td>\\n<\\\/tr>\\n\n\n<tr>\\n\n\n<td valign=\\\"top\\\"><img src=\\\"https:\\\/\\\/www.globalstar.com\\\/images\\\/coverage_legend6.png\\\" alt=\\\" \\\" \\\/><\\\/td>\\n\n\n<td>Obszar ograniczonego pokrycia sieci Globalstar<br \\\/>(Wyst\\u0119puje s\\u0142abszy sygna\\u0142)<\\\/td>\\n<\\\/tr>\\n\n\n<tr>\\n\n\n<td valign=\\\"top\\\"><img src=\\\"https:\\\/\\\/www.globalstar.com\\\/images\\\/coverage_legend7.png\\\" alt=\\\" \\\" \\\/><\\\/td>\\n\n\n<td>Klienci, kt\\u00f3rzy zakupili telefon satelitarny poza tym obszarem:\\u00a0\\u00a0<strong>Roaming\\u00a0 nie jest aktualnie dost\\u0119pny podczas podr\\u00f3\\u017cy do nast\\u0119puj\\u0105cych kraj\\u00f3w : Argentyna, Chile, Urugwaj, Paragwaj i Antarktyda. Telefon nie b\\u0119dzie dzia\\u0142a\\u0107 w tym obszarze, trwaj\\u0105 w tym kierunku prace.\\u00a0<\\\/strong><\\\/td>\\n<\\\/tr>\\n\n\n<tr>\\n\n\n<td valign=\\\"top \\\">\\u00a0<\\\/td>\\n\n\n<td>W nast\\u0119puj\\u0105cych krajach Argentyna, Chile, Paragwaj, Urugwaj, oraz cz\\u0119\\u015b\\u0107 Antarktydy wyst\\u0119puj\\u0105 problemy techniczne w nawi\\u0105zywaniu \\u0142\\u0105czno\\u015bci satelitarnej. Trwaj\\u0105 prace w celu zapewnienia \\u0142\\u0105czno\\u015bci.\\u00a0<\\\/td>\\n<\\\/tr>\\n<\\\/tbody>\\n<\\\/table>\",\"maxwidth\":\"\",\"maxwidth_align\":\"center\"}},{\"name\":\"\",\"type\":\"text\",\"props\":{\"margin\":\"default\",\"column_breakpoint\":\"m\",\"content\":\"\n\n<p><strong>Do kraj\\u00f3w strefy HOME ZONE nale\\u017c\\u0105 obecnie:<\\\/strong><\\\/p>\\n\n\n<p>\\u00a0<\\\/p>\\n\n\n<p>Alaska, Albania, Aleuty, Algieria, Andora, Anguilla, Antigua i Barbuda, Ocean Arktyczny (cz\\u0119\\u015bciowo), Aruba, Ocean Atlantycki (cz\\u0119\\u015bciowo), Australia, Bahamy, Bahrajn, Morze Ba\\u0142tyckie, Barbados, Bia\\u0142oru\\u015b, Belgia, Bermudy, Morze Czarne, Boliwia, Bonaire, Bo\\u015bnia i Hercegowina, Brazylia, Brytyjskie Wyspy Dziewicze, Bu\\u0142garia, Kanada, Morze Karaibskie (cz\\u0119\\u015bciowo), Kajmany, Kolumbia, Chorwacja, Curacao, Republika Czeska, Dania, Dominika, Dominikana, Ekwador, Egipt, Estonia, Wyspy Owcze, Finlandia, Francja, Guana Francuska, Niemcy, Gibraltar, Grecja, Grenlandia (cz\\u0119\\u015bciowo), Grenada, Gwadelupa, Zatoka Guantanamo, Zatoka Alaski, Gujana, Haiti, W\\u0119gry, Islandia, Irak, Irlandia, Izrael, W\\u0142ochy, Jamajka, Jordania, Kosowo, Kuwejt, Litwa, Liban, Libia, Lichtenstein, \\u0141otwa, Luksemburg, Macedonia, Malta, Martynika, Mauretania, Morze \\u015ar\\u00f3dziemne, Mo\\u0142dawia, Czarnog\\u00f3ra, Montserrat, Maroko, Navassa, Holandia, Antyle Holenderskie, Norwegia, Morze Norweskie (cz\\u0119\\u015bciowo), Ocena Spokojny (cz\\u0119\\u015bciowo), Palestyna, Peru, Polska, Portugalia, Puerto Rico, Katar, Morze Czerwone, Rumunia, Saint-Barthelemy i Saint Martin, Sint Eustatius, Saint Maarten, Saint Kitts i Nevis, Santa Lucia, Saint Vincent i Grenady, Arabia Saudyjska, Serbia, S\\u0142owenia, S\\u0142owacja, Hiszpania, Surinam, \\u00a0Svalbard, Szwecja, Szwajcaria, Trinidad i Tobago, Tunezja, Turcja, Turks i Caicos, Ukraina, Zjednoczone Emiraty Arabskie, Wielka Brytania, Stany Zjednoczone, Wyspy Dziewicze, Wenezuela, Sahara Zachodnia.\\u00a0<\\\/p>\",\"text_align\":\"justify\",\"maxwidth\":\"\",\"maxwidth_align\":\"center\"}}]}]}]}]} --><\/p>\n","protected":false},"excerpt":{"rendered":"<p>Mapa zasi\u0119gu sieci GLOBALSTAR Globalstar to sie\u0107 telefonii satelitarnej funkcjonuj\u0105cej na bazie satelit\u00f3w LEO (Low Earth Orbit) oraz naziemnych bramek telekomunikacyjnych. Orbita LEO znajduje si\u0119 na wysoko\u015bci 850 mil nad Ziemi\u0105, co umo\u017cliwia, w przeciwie\u0144stwie do system\u00f3w geostacjonarnych, prowadzenie rozm\u00f3w bez op\u00f3\u017anie\u0144. Satelity Globalstar s\u0105 jedynie przeka\u017anikami, kt\u00f3re przesy\u0142aj\u0105 sygna\u0142 do stacji naziemnych. Zasi\u0119g sieci [&hellip;]<\/p>\n","protected":false},"author":6,"featured_media":0,"parent":0,"menu_order":0,"comment_status":"closed","ping_status":"closed","template":"","meta":{"footnotes":""},"class_list":["post-2950","page","type-page","status-publish","hentry"],"yoast_head":"<!-- This site is optimized with the Yoast SEO plugin v27.6 - https:\/\/yoast.com\/product\/yoast-seo-wordpress\/ -->\n<title>Mapa zasi\u0119gu sieci GLOBALSTAR - ESCORT TECHNOLOGY<\/title>\n<meta name=\"robots\" content=\"index, follow, max-snippet:-1, max-image-preview:large, max-video-preview:-1\" \/>\n<link rel=\"canonical\" href=\"https:\/\/escort-technology.com\/en\/mapa-zasiegu-sieci-globalstar\/\" \/>\n<meta property=\"og:locale\" content=\"en_US\" \/>\n<meta property=\"og:type\" content=\"article\" \/>\n<meta property=\"og:title\" content=\"Mapa zasi\u0119gu sieci GLOBALSTAR - ESCORT TECHNOLOGY\" \/>\n<meta property=\"og:description\" content=\"Mapa zasi\u0119gu sieci GLOBALSTAR Globalstar to sie\u0107 telefonii satelitarnej funkcjonuj\u0105cej na bazie satelit\u00f3w LEO (Low Earth Orbit) oraz naziemnych bramek telekomunikacyjnych. Orbita LEO znajduje si\u0119 na wysoko\u015bci 850 mil nad Ziemi\u0105, co umo\u017cliwia, w przeciwie\u0144stwie do system\u00f3w geostacjonarnych, prowadzenie rozm\u00f3w bez op\u00f3\u017anie\u0144. Satelity Globalstar s\u0105 jedynie przeka\u017anikami, kt\u00f3re przesy\u0142aj\u0105 sygna\u0142 do stacji naziemnych. Zasi\u0119g sieci [&hellip;]\" \/>\n<meta property=\"og:url\" content=\"https:\/\/escort-technology.com\/en\/mapa-zasiegu-sieci-globalstar\/\" \/>\n<meta property=\"og:site_name\" content=\"ESCORT TECHNOLOGY\" \/>\n<meta property=\"article:publisher\" content=\"https:\/\/www.facebook.com\/elektronika.morska\/\" \/>\n<meta property=\"article:modified_time\" content=\"2018-03-23T09:20:07+00:00\" \/>\n<meta name=\"twitter:card\" content=\"summary_large_image\" \/>\n<meta name=\"twitter:label1\" content=\"Est. reading time\" \/>\n\t<meta name=\"twitter:data1\" content=\"2 minutes\" \/>\n<script type=\"application\/ld+json\" class=\"yoast-schema-graph\">{\"@context\":\"https:\\\/\\\/schema.org\",\"@graph\":[{\"@type\":\"WebPage\",\"@id\":\"https:\\\/\\\/escort-technology.com\\\/en\\\/mapa-zasiegu-sieci-globalstar\\\/\",\"url\":\"https:\\\/\\\/escort-technology.com\\\/en\\\/mapa-zasiegu-sieci-globalstar\\\/\",\"name\":\"Mapa zasi\u0119gu sieci GLOBALSTAR - ESCORT TECHNOLOGY\",\"isPartOf\":{\"@id\":\"http:\\\/\\\/escort-technology.com\\\/de\\\/#website\"},\"datePublished\":\"2018-03-22T11:48:59+00:00\",\"dateModified\":\"2018-03-23T09:20:07+00:00\",\"breadcrumb\":{\"@id\":\"https:\\\/\\\/escort-technology.com\\\/en\\\/mapa-zasiegu-sieci-globalstar\\\/#breadcrumb\"},\"inLanguage\":\"en-US\",\"potentialAction\":[{\"@type\":\"ReadAction\",\"target\":[\"https:\\\/\\\/escort-technology.com\\\/en\\\/mapa-zasiegu-sieci-globalstar\\\/\"]}]},{\"@type\":\"BreadcrumbList\",\"@id\":\"https:\\\/\\\/escort-technology.com\\\/en\\\/mapa-zasiegu-sieci-globalstar\\\/#breadcrumb\",\"itemListElement\":[{\"@type\":\"ListItem\",\"position\":1,\"name\":\"Strona g\u0142\u00f3wna\",\"item\":\"https:\\\/\\\/escort-technology.com\\\/\"},{\"@type\":\"ListItem\",\"position\":2,\"name\":\"Mapa zasi\u0119gu sieci GLOBALSTAR\"}]},{\"@type\":\"WebSite\",\"@id\":\"http:\\\/\\\/escort-technology.com\\\/de\\\/#website\",\"url\":\"http:\\\/\\\/escort-technology.com\\\/de\\\/\",\"name\":\"ESCORT TECHNOLOGY\",\"description\":\"Elektronika morska i l\u0105dowa\",\"publisher\":{\"@id\":\"http:\\\/\\\/escort-technology.com\\\/de\\\/#organization\"},\"potentialAction\":[{\"@type\":\"SearchAction\",\"target\":{\"@type\":\"EntryPoint\",\"urlTemplate\":\"http:\\\/\\\/escort-technology.com\\\/de\\\/?s={search_term_string}\"},\"query-input\":{\"@type\":\"PropertyValueSpecification\",\"valueRequired\":true,\"valueName\":\"search_term_string\"}}],\"inLanguage\":\"en-US\"},{\"@type\":\"Organization\",\"@id\":\"http:\\\/\\\/escort-technology.com\\\/de\\\/#organization\",\"name\":\"ESCORT TECHNOLOGY\",\"url\":\"http:\\\/\\\/escort-technology.com\\\/de\\\/\",\"logo\":{\"@type\":\"ImageObject\",\"inLanguage\":\"en-US\",\"@id\":\"http:\\\/\\\/escort-technology.com\\\/de\\\/#\\\/schema\\\/logo\\\/image\\\/\",\"url\":\"https:\\\/\\\/escort-technology.com\\\/wp-content\\\/uploads\\\/logo-1.jpg\",\"contentUrl\":\"https:\\\/\\\/escort-technology.com\\\/wp-content\\\/uploads\\\/logo-1.jpg\",\"width\":600,\"height\":165,\"caption\":\"ESCORT TECHNOLOGY\"},\"image\":{\"@id\":\"http:\\\/\\\/escort-technology.com\\\/de\\\/#\\\/schema\\\/logo\\\/image\\\/\"},\"sameAs\":[\"https:\\\/\\\/www.facebook.com\\\/elektronika.morska\\\/\",\"https:\\\/\\\/www.linkedin.com\\\/company\\\/escort-sp-z-o-o-\\\/\"]}]}<\/script>\n<!-- \/ Yoast SEO plugin. -->","yoast_head_json":{"title":"Mapa zasi\u0119gu sieci GLOBALSTAR - ESCORT TECHNOLOGY","robots":{"index":"index","follow":"follow","max-snippet":"max-snippet:-1","max-image-preview":"max-image-preview:large","max-video-preview":"max-video-preview:-1"},"canonical":"https:\/\/escort-technology.com\/en\/mapa-zasiegu-sieci-globalstar\/","og_locale":"en_US","og_type":"article","og_title":"Mapa zasi\u0119gu sieci GLOBALSTAR - ESCORT TECHNOLOGY","og_description":"Mapa zasi\u0119gu sieci GLOBALSTAR Globalstar to sie\u0107 telefonii satelitarnej funkcjonuj\u0105cej na bazie satelit\u00f3w LEO (Low Earth Orbit) oraz naziemnych bramek telekomunikacyjnych. Orbita LEO znajduje si\u0119 na wysoko\u015bci 850 mil nad Ziemi\u0105, co umo\u017cliwia, w przeciwie\u0144stwie do system\u00f3w geostacjonarnych, prowadzenie rozm\u00f3w bez op\u00f3\u017anie\u0144. Satelity Globalstar s\u0105 jedynie przeka\u017anikami, kt\u00f3re przesy\u0142aj\u0105 sygna\u0142 do stacji naziemnych. Zasi\u0119g sieci [&hellip;]","og_url":"https:\/\/escort-technology.com\/en\/mapa-zasiegu-sieci-globalstar\/","og_site_name":"ESCORT TECHNOLOGY","article_publisher":"https:\/\/www.facebook.com\/elektronika.morska\/","article_modified_time":"2018-03-23T09:20:07+00:00","twitter_card":"summary_large_image","twitter_misc":{"Est. reading time":"2 minutes"},"schema":{"@context":"https:\/\/schema.org","@graph":[{"@type":"WebPage","@id":"https:\/\/escort-technology.com\/en\/mapa-zasiegu-sieci-globalstar\/","url":"https:\/\/escort-technology.com\/en\/mapa-zasiegu-sieci-globalstar\/","name":"Mapa zasi\u0119gu sieci GLOBALSTAR - ESCORT TECHNOLOGY","isPartOf":{"@id":"http:\/\/escort-technology.com\/de\/#website"},"datePublished":"2018-03-22T11:48:59+00:00","dateModified":"2018-03-23T09:20:07+00:00","breadcrumb":{"@id":"https:\/\/escort-technology.com\/en\/mapa-zasiegu-sieci-globalstar\/#breadcrumb"},"inLanguage":"en-US","potentialAction":[{"@type":"ReadAction","target":["https:\/\/escort-technology.com\/en\/mapa-zasiegu-sieci-globalstar\/"]}]},{"@type":"BreadcrumbList","@id":"https:\/\/escort-technology.com\/en\/mapa-zasiegu-sieci-globalstar\/#breadcrumb","itemListElement":[{"@type":"ListItem","position":1,"name":"Strona g\u0142\u00f3wna","item":"https:\/\/escort-technology.com\/"},{"@type":"ListItem","position":2,"name":"Mapa zasi\u0119gu sieci GLOBALSTAR"}]},{"@type":"WebSite","@id":"http:\/\/escort-technology.com\/de\/#website","url":"http:\/\/escort-technology.com\/de\/","name":"ESCORT TECHNOLOGY","description":"Onshore and offshore electronics","publisher":{"@id":"http:\/\/escort-technology.com\/de\/#organization"},"potentialAction":[{"@type":"SearchAction","target":{"@type":"EntryPoint","urlTemplate":"http:\/\/escort-technology.com\/de\/?s={search_term_string}"},"query-input":{"@type":"PropertyValueSpecification","valueRequired":true,"valueName":"search_term_string"}}],"inLanguage":"en-US"},{"@type":"Organization","@id":"http:\/\/escort-technology.com\/de\/#organization","name":"ESCORT TECHNOLOGY","url":"http:\/\/escort-technology.com\/de\/","logo":{"@type":"ImageObject","inLanguage":"en-US","@id":"http:\/\/escort-technology.com\/de\/#\/schema\/logo\/image\/","url":"https:\/\/escort-technology.com\/wp-content\/uploads\/logo-1.jpg","contentUrl":"https:\/\/escort-technology.com\/wp-content\/uploads\/logo-1.jpg","width":600,"height":165,"caption":"ESCORT TECHNOLOGY"},"image":{"@id":"http:\/\/escort-technology.com\/de\/#\/schema\/logo\/image\/"},"sameAs":["https:\/\/www.facebook.com\/elektronika.morska\/","https:\/\/www.linkedin.com\/company\/escort-sp-z-o-o-\/"]}]}},"_links":{"self":[{"href":"http:\/\/escort-technology.com\/en\/wp-json\/wp\/v2\/pages\/2950","targetHints":{"allow":["GET"]}}],"collection":[{"href":"http:\/\/escort-technology.com\/en\/wp-json\/wp\/v2\/pages"}],"about":[{"href":"http:\/\/escort-technology.com\/en\/wp-json\/wp\/v2\/types\/page"}],"author":[{"embeddable":true,"href":"http:\/\/escort-technology.com\/en\/wp-json\/wp\/v2\/users\/6"}],"replies":[{"embeddable":true,"href":"http:\/\/escort-technology.com\/en\/wp-json\/wp\/v2\/comments?post=2950"}],"version-history":[{"count":3,"href":"http:\/\/escort-technology.com\/en\/wp-json\/wp\/v2\/pages\/2950\/revisions"}],"predecessor-version":[{"id":2988,"href":"http:\/\/escort-technology.com\/en\/wp-json\/wp\/v2\/pages\/2950\/revisions\/2988"}],"wp:attachment":[{"href":"http:\/\/escort-technology.com\/en\/wp-json\/wp\/v2\/media?parent=2950"}],"curies":[{"name":"wp","href":"https:\/\/api.w.org\/{rel}","templated":true}]}}