{"id":2990,"date":"2018-03-23T09:53:07","date_gmt":"2018-03-23T09:53:07","guid":{"rendered":"http:\/\/escort-technology.com\/?page_id=2990"},"modified":"2020-06-22T11:38:36","modified_gmt":"2020-06-22T09:38:36","slug":"wskaznik-simrad-is35","status":"publish","type":"page","link":"http:\/\/escort-technology.com\/en\/wskaznik-simrad-is35\/","title":{"rendered":"Wska\u017anik SIMRAD IS35"},"content":{"rendered":"<h2>Wska\u017anik SIMRAD IS35<\/h2>\n<hr>\n<p><img decoding=\"async\" src=\"wp-content\/uploads\/is35_menu_md.jpg\" alt=\"\"><\/p>\n<div>\n<p>Wielofunkcyjny wska\u017anik SIMRAD IS35 charakteryzuje si\u0119 doskona\u0142\u0105 widoczno\u015bci\u0105 obrazu zar\u00f3wno w dzie\u0144 i noc. Urz\u0105dzenie umo\u017cliwia wy\u015bwietlanie danych z silnika, efektywno\u015bci paliwowej, historii g\u0142\u0119boko\u015bci i wielu innych. Po\u0142\u0105czony za pomoc\u0105 sieci\u0105 NMEA 2000 na statku, IS35 automatycznie wykrywa i wy\u015bwietla najistotniejsze informacje dost\u0119pne na szeregu wst\u0119pnie ustawionych i skonfigurowanych stron danych.<\/p>\n<p><strong>Jasny i czytelny kolorowy wy\u015bwietlacz<\/strong><\/p>\n<p>IS35 wyposa\u017cony jest w 3,5-calowy wy\u015bwietlacz LCD o rozdzielczo\u015bci 320&#215;240 pikseli i jasnym pod\u015bwietleniu LED. Tryb pracy, zapewnia wysok\u0105 jasno\u015b\u0107 i kontrast podczas korzystania podczas pe\u0142nego \u015bwiat\u0142a s\u0142onecznego, a tryb pracy w nocy zapewnia bardziej subtelne o\u015bwietlenie w s\u0142abych warunkach o\u015bwietleniowych.<\/p>\n<p><strong>\u0141atwy w u\u017cyciu<\/strong><\/p>\n<p>Dane wy\u015bwietlane na wska\u017aniku IS35 jako zestaw stron, do monitorowania silnika, oszcz\u0119dno\u015bci paliwa, podr\u00f3\u017cy, sterowania i historii g\u0142\u0119boko\u015bci. Prosty interfejs z czterema przyciskami umo\u017cliwia \u0142atwe prze\u0142\u0105czanie si\u0119 mi\u0119dzy stronami, szybkie dostosowanie jasno\u015bci do warunk\u00f3w i modyfikowanie innych ustawie\u0144 w podr\u00f3\u017cy.<\/p>\n<p><strong>\u0141atwa konfiguracja<\/strong><\/p>\n<p>Po pod\u0142\u0105czeniu do sieci NMEA 2000 na pok\u0142adzie \u0142odzi, wska\u017anik IS35 automatycznie wykrywa inne pod\u0142\u0105czone urz\u0105dzenia, w tym silniki; Przep\u0142yw paliwa, temperatur\u0119 silnika i czujniki ci\u015bnienia wody; Odbiornik GPS; przetworniki; i wiele wi\u0119cej. IS35 automatycznie wy\u015bwietla odpowiednie informacje na swoich wst\u0119pnie ustawionych stronach danych, eliminuj\u0105c potrzeb\u0119 skomplikowanego i czasoch\u0142onnego procesu konfiguracji.<\/p>\n<p><strong>\u0141atwa instalacja<\/strong><\/p>\n<p>IS35 jest zaprojektowany tak, aby pasowa\u0142 do standardowych 85 mm (3 3\/8 &#8222;) okr\u0105g\u0142ych wyci\u0119\u0107. Umo\u017cliwiaj\u0105c zast\u0105pienie tradycyjnych analogowych wska\u017anik\u00f3w pr\u0119dko\u015bci lub manometr\u00f3w.<\/p>\n<p><strong>Dostosowanie stron<\/strong><\/p>\n<p>Wska\u017anik Simrad IS35 jest przeznaczony do automatycznego wy\u015bwietlania najbardziej istotnych danych dost\u0119pnych z silnik\u00f3w i innych pod\u0142\u0105czonych czujnik\u00f3w. Mo\u017cliwe jest jednak dowolnie dostosowanie ustawie\u0144 strony danych. \u0141atwe tworzenie w\u0142asnych stron zawieraj\u0105cych analogowe lub cyfrowe dane, w r\u00f3\u017cnych uk\u0142adach, w zale\u017cno\u015bci od potrzeb u\u017cytkownika.<\/p>\n<\/div>\n<ul>\n<li>\n        <a href=\"wp-content\/uploads\/SIMRAD_Instrumenty.pdf\">BROSZURA<\/a>\n    <\/li>\n<li>\n        <a href=\"https:\/\/shop.escort-technology.com\/pl\/p\/Wskaznik-danych-z-silnika-SIMRAD-IS35-\/282\">Sprawd\u017a w sklepie<\/a>\n    <\/li>\n<\/ul>\n<p><!-- {\"name\":\"\",\"type\":\"layout\",\"children\":[{\"name\":\"ANTENA\",\"type\":\"section\",\"props\":{\"width\":\"default\",\"padding\":\"xsmall\",\"style\":\"default\",\"text_color\":\"\",\"media\":\"\",\"height_viewport\":false,\"header_overlay\":\"light\",\"animation\":\"slide-top-medium\",\"padding_remove_top\":false,\"image_size\":\"cover\",\"image\":\"\",\"image_position\":\"bottom-center\",\"image_fixed\":false,\"class\":\"\",\"overlap\":true,\"vertical_align\":\"middle\",\"title_position\":\"top-left\",\"title_rotation\":\"left\",\"title_breakpoint\":\"xl\",\"image_effect\":\"\"},\"children\":[{\"name\":\"\",\"type\":\"row\",\"props\":{\"layout\":\"1-1\",\"breakpoint\":\"m\",\"margin\":\"\",\"fixed_width\":\"large\"},\"children\":[{\"name\":\"\",\"type\":\"column\",\"props\":{\"image_position\":\"center-center\",\"widths\":[\"1-1\"]},\"children\":[{\"name\":\"\",\"type\":\"headline\",\"props\":{\"title_element\":\"h2\",\"content\":\"Wska\\u017anik SIMRAD IS35\",\"text_align\":\"center\",\"text_align_fallback\":\"center\",\"maxwidth_align\":\"center\",\"maxwidth\":\"\",\"title_style\":\"h2\",\"title_decoration\":\"\",\"margin\":\"\"}},{\"name\":\"\",\"type\":\"divider\",\"props\":{\"divider_element\":\"hr\"}}]}]},{\"name\":\"\",\"type\":\"row\",\"props\":{\"fixed_width\":\"large\",\"breakpoint\":\"m\",\"layout\":\",2-3\",\"margin\":\"medium\"},\"children\":[{\"name\":\"\",\"type\":\"column\",\"props\":{\"widths\":[\"\"],\"image_position\":\"center-center\"},\"children\":[{\"name\":\"\",\"type\":\"image\",\"props\":{\"margin\":\"default\",\"image\":\"wp-content\\\/uploads\\\/is35_menu_md.jpg\",\"image_width\":\"400\",\"image_box_shadow\":\"\",\"image_border\":\"rounded\"}}]},{\"name\":\"\",\"type\":\"column\",\"props\":{\"widths\":[\"2-3\"],\"image_position\":\"center-center\"},\"children\":[{\"name\":\"\",\"type\":\"text\",\"props\":{\"column_breakpoint\":\"m\",\"margin\":\"medium\",\"content\":\"\n\n<p>Wielofunkcyjny wska\\u017anik SIMRAD IS35 charakteryzuje si\\u0119 doskona\\u0142\\u0105 widoczno\\u015bci\\u0105 obrazu zar\\u00f3wno w dzie\\u0144 i noc. Urz\\u0105dzenie umo\\u017cliwia wy\\u015bwietlanie danych z silnika, efektywno\\u015bci paliwowej, historii g\\u0142\\u0119boko\\u015bci i wielu innych. Po\\u0142\\u0105czony za pomoc\\u0105 sieci\\u0105 NMEA 2000 na statku, IS35 automatycznie wykrywa i wy\\u015bwietla najistotniejsze informacje dost\\u0119pne na szeregu wst\\u0119pnie ustawionych i skonfigurowanych stron danych.<\\\/p>\\n\n\n<p><strong>Jasny i czytelny kolorowy wy\\u015bwietlacz<\\\/strong><\\\/p>\\n\n\n<p>IS35 wyposa\\u017cony jest w 3,5-calowy wy\\u015bwietlacz LCD o rozdzielczo\\u015bci 320x240 pikseli i jasnym pod\\u015bwietleniu LED. Tryb pracy, zapewnia wysok\\u0105 jasno\\u015b\\u0107 i kontrast podczas korzystania podczas pe\\u0142nego \\u015bwiat\\u0142a s\\u0142onecznego, a tryb pracy w nocy zapewnia bardziej subtelne o\\u015bwietlenie w s\\u0142abych warunkach o\\u015bwietleniowych.<\\\/p>\\n\n\n<p><strong>\\u0141atwy w u\\u017cyciu<\\\/strong><\\\/p>\\n\n\n<p>Dane wy\\u015bwietlane na wska\\u017aniku IS35 jako zestaw stron, do monitorowania silnika, oszcz\\u0119dno\\u015bci paliwa, podr\\u00f3\\u017cy, sterowania i historii g\\u0142\\u0119boko\\u015bci. Prosty interfejs z czterema przyciskami umo\\u017cliwia \\u0142atwe prze\\u0142\\u0105czanie si\\u0119 mi\\u0119dzy stronami, szybkie dostosowanie jasno\\u015bci do warunk\\u00f3w i modyfikowanie innych ustawie\\u0144 w podr\\u00f3\\u017cy.<\\\/p>\\n\n\n<p><strong>\\u0141atwa konfiguracja<\\\/strong><\\\/p>\\n\n\n<p>Po pod\\u0142\\u0105czeniu do sieci NMEA 2000 na pok\\u0142adzie \\u0142odzi, wska\\u017anik IS35 automatycznie wykrywa inne pod\\u0142\\u0105czone urz\\u0105dzenia, w tym silniki; Przep\\u0142yw paliwa, temperatur\\u0119 silnika i czujniki ci\\u015bnienia wody; Odbiornik GPS; przetworniki; i wiele wi\\u0119cej. IS35 automatycznie wy\\u015bwietla odpowiednie informacje na swoich wst\\u0119pnie ustawionych stronach danych, eliminuj\\u0105c potrzeb\\u0119 skomplikowanego i czasoch\\u0142onnego procesu konfiguracji.<\\\/p>\\n\n\n<p><strong>\\u0141atwa instalacja<\\\/strong><\\\/p>\\n\n\n<p>IS35 jest zaprojektowany tak, aby pasowa\\u0142 do standardowych 85 mm (3 3\\\/8 \\\") okr\\u0105g\\u0142ych wyci\\u0119\\u0107. Umo\\u017cliwiaj\\u0105c zast\\u0105pienie tradycyjnych analogowych wska\\u017anik\\u00f3w pr\\u0119dko\\u015bci lub manometr\\u00f3w.<\\\/p>\\n\n\n<p><strong>Dostosowanie stron<\\\/strong><\\\/p>\\n\n\n<p>Wska\\u017anik Simrad IS35 jest przeznaczony do automatycznego wy\\u015bwietlania najbardziej istotnych danych dost\\u0119pnych z silnik\\u00f3w i innych pod\\u0142\\u0105czonych czujnik\\u00f3w. Mo\\u017cliwe jest jednak dowolnie dostosowanie ustawie\\u0144 strony danych. \\u0141atwe tworzenie w\\u0142asnych stron zawieraj\\u0105cych analogowe lub cyfrowe dane, w r\\u00f3\\u017cnych uk\\u0142adach, w zale\\u017cno\\u015bci od potrzeb u\\u017cytkownika.<\\\/p>\",\"animation\":\"slide-left-medium\",\"text_align\":\"justify\",\"text_align_breakpoint\":\"m\",\"text_align_fallback\":\"center\",\"text_size\":\"\",\"maxwidth\":\"xxlarge\"}}]}]},{\"name\":\"\",\"type\":\"row\",\"props\":{\"fixed_width\":\"large\",\"breakpoint\":\"m\",\"layout\":\"1-1\",\"margin\":\"large\"},\"children\":[{\"name\":\"\",\"type\":\"column\",\"props\":{\"image_position\":\"center-center\",\"widths\":[\"1-1\"]},\"children\":[{\"name\":\"\",\"type\":\"button\",\"props\":{\"gutter\":\"small\",\"inline_align\":\"center\",\"margin\":\"\",\"text_align\":\"center\",\"button_size\":\"large\",\"animation\":\"slide-bottom-medium\",\"text_align_breakpoint\":\"\",\"text_align_fallback\":\"\",\"maxwidth\":\"\",\"maxwidth_align\":\"\",\"maxwidth_breakpoint\":\"\",\"visibility\":\"\"},\"children\":[{\"name\":\"\",\"type\":\"button_item\",\"props\":{\"button_style\":\"secondary\",\"content\":\"BROSZURA\",\"link\":\"wp-content\\\/uploads\\\/SIMRAD_Instrumenty.pdf\",\"link_title\":\"Explore More\",\"icon_align\":\"left\",\"link_target\":\"blank\"}},{\"name\":\"\",\"type\":\"button_item\",\"props\":{\"button_style\":\"secondary\",\"content\":\"Sprawd\\u017a w sklepie\",\"link\":\"https:\\\/\\\/shop.escort-technology.com\\\/pl\\\/p\\\/Wskaznik-danych-z-silnika-SIMRAD-IS35-\\\/282\",\"link_title\":\"Explore More\",\"icon_align\":\"left\",\"link_target\":\"blank\"}}]}]}]}]}],\"props\":[],\"version\":\"1.18.0\"} --><\/p>\n","protected":false},"excerpt":{"rendered":"<p>Wska\u017anik SIMRAD IS35 Wielofunkcyjny wska\u017anik SIMRAD IS35 charakteryzuje si\u0119 doskona\u0142\u0105 widoczno\u015bci\u0105 obrazu zar\u00f3wno w dzie\u0144 i noc. Urz\u0105dzenie umo\u017cliwia wy\u015bwietlanie danych z silnika, efektywno\u015bci paliwowej, historii g\u0142\u0119boko\u015bci i wielu innych. Po\u0142\u0105czony za pomoc\u0105 sieci\u0105 NMEA 2000 na statku, IS35 automatycznie wykrywa i wy\u015bwietla najistotniejsze informacje dost\u0119pne na szeregu wst\u0119pnie ustawionych i skonfigurowanych stron danych. Jasny [&hellip;]<\/p>\n","protected":false},"author":6,"featured_media":0,"parent":0,"menu_order":0,"comment_status":"closed","ping_status":"closed","template":"","meta":{"footnotes":""},"class_list":["post-2990","page","type-page","status-publish","hentry"],"yoast_head":"<!-- This site is optimized with the Yoast SEO plugin v27.6 - https:\/\/yoast.com\/product\/yoast-seo-wordpress\/ -->\n<title>Wska\u017anik SIMRAD IS35 - ESCORT TECHNOLOGY<\/title>\n<meta name=\"robots\" content=\"index, follow, max-snippet:-1, max-image-preview:large, max-video-preview:-1\" \/>\n<link rel=\"canonical\" href=\"https:\/\/escort-technology.com\/en\/wskaznik-simrad-is35\/\" \/>\n<meta property=\"og:locale\" content=\"en_US\" \/>\n<meta property=\"og:type\" content=\"article\" \/>\n<meta property=\"og:title\" content=\"Wska\u017anik SIMRAD IS35 - ESCORT TECHNOLOGY\" \/>\n<meta property=\"og:description\" content=\"Wska\u017anik SIMRAD IS35 Wielofunkcyjny wska\u017anik SIMRAD IS35 charakteryzuje si\u0119 doskona\u0142\u0105 widoczno\u015bci\u0105 obrazu zar\u00f3wno w dzie\u0144 i noc. Urz\u0105dzenie umo\u017cliwia wy\u015bwietlanie danych z silnika, efektywno\u015bci paliwowej, historii g\u0142\u0119boko\u015bci i wielu innych. Po\u0142\u0105czony za pomoc\u0105 sieci\u0105 NMEA 2000 na statku, IS35 automatycznie wykrywa i wy\u015bwietla najistotniejsze informacje dost\u0119pne na szeregu wst\u0119pnie ustawionych i skonfigurowanych stron danych. Jasny [&hellip;]\" \/>\n<meta property=\"og:url\" content=\"https:\/\/escort-technology.com\/en\/wskaznik-simrad-is35\/\" \/>\n<meta property=\"og:site_name\" content=\"ESCORT TECHNOLOGY\" \/>\n<meta property=\"article:publisher\" content=\"https:\/\/www.facebook.com\/elektronika.morska\/\" \/>\n<meta property=\"article:modified_time\" content=\"2020-06-22T09:38:36+00:00\" \/>\n<meta property=\"og:image\" content=\"http:\/\/wp-content\/uploads\/is35_menu_md.jpg\" \/>\n<meta name=\"twitter:card\" content=\"summary_large_image\" \/>\n<meta name=\"twitter:label1\" content=\"Est. reading time\" \/>\n\t<meta name=\"twitter:data1\" content=\"2 minutes\" \/>\n<script type=\"application\/ld+json\" class=\"yoast-schema-graph\">{\"@context\":\"https:\\\/\\\/schema.org\",\"@graph\":[{\"@type\":\"WebPage\",\"@id\":\"https:\\\/\\\/escort-technology.com\\\/en\\\/wskaznik-simrad-is35\\\/\",\"url\":\"https:\\\/\\\/escort-technology.com\\\/en\\\/wskaznik-simrad-is35\\\/\",\"name\":\"Wska\u017anik SIMRAD IS35 - ESCORT TECHNOLOGY\",\"isPartOf\":{\"@id\":\"http:\\\/\\\/escort-technology.com\\\/de\\\/#website\"},\"datePublished\":\"2018-03-23T09:53:07+00:00\",\"dateModified\":\"2020-06-22T09:38:36+00:00\",\"breadcrumb\":{\"@id\":\"https:\\\/\\\/escort-technology.com\\\/en\\\/wskaznik-simrad-is35\\\/#breadcrumb\"},\"inLanguage\":\"en-US\",\"potentialAction\":[{\"@type\":\"ReadAction\",\"target\":[\"https:\\\/\\\/escort-technology.com\\\/en\\\/wskaznik-simrad-is35\\\/\"]}]},{\"@type\":\"BreadcrumbList\",\"@id\":\"https:\\\/\\\/escort-technology.com\\\/en\\\/wskaznik-simrad-is35\\\/#breadcrumb\",\"itemListElement\":[{\"@type\":\"ListItem\",\"position\":1,\"name\":\"Strona g\u0142\u00f3wna\",\"item\":\"https:\\\/\\\/escort-technology.com\\\/\"},{\"@type\":\"ListItem\",\"position\":2,\"name\":\"Wska\u017anik SIMRAD IS35\"}]},{\"@type\":\"WebSite\",\"@id\":\"http:\\\/\\\/escort-technology.com\\\/de\\\/#website\",\"url\":\"http:\\\/\\\/escort-technology.com\\\/de\\\/\",\"name\":\"ESCORT TECHNOLOGY\",\"description\":\"Elektronika morska i l\u0105dowa\",\"publisher\":{\"@id\":\"http:\\\/\\\/escort-technology.com\\\/de\\\/#organization\"},\"potentialAction\":[{\"@type\":\"SearchAction\",\"target\":{\"@type\":\"EntryPoint\",\"urlTemplate\":\"http:\\\/\\\/escort-technology.com\\\/de\\\/?s={search_term_string}\"},\"query-input\":{\"@type\":\"PropertyValueSpecification\",\"valueRequired\":true,\"valueName\":\"search_term_string\"}}],\"inLanguage\":\"en-US\"},{\"@type\":\"Organization\",\"@id\":\"http:\\\/\\\/escort-technology.com\\\/de\\\/#organization\",\"name\":\"ESCORT TECHNOLOGY\",\"url\":\"http:\\\/\\\/escort-technology.com\\\/de\\\/\",\"logo\":{\"@type\":\"ImageObject\",\"inLanguage\":\"en-US\",\"@id\":\"http:\\\/\\\/escort-technology.com\\\/de\\\/#\\\/schema\\\/logo\\\/image\\\/\",\"url\":\"https:\\\/\\\/escort-technology.com\\\/wp-content\\\/uploads\\\/logo-1.jpg\",\"contentUrl\":\"https:\\\/\\\/escort-technology.com\\\/wp-content\\\/uploads\\\/logo-1.jpg\",\"width\":600,\"height\":165,\"caption\":\"ESCORT TECHNOLOGY\"},\"image\":{\"@id\":\"http:\\\/\\\/escort-technology.com\\\/de\\\/#\\\/schema\\\/logo\\\/image\\\/\"},\"sameAs\":[\"https:\\\/\\\/www.facebook.com\\\/elektronika.morska\\\/\",\"https:\\\/\\\/www.linkedin.com\\\/company\\\/escort-sp-z-o-o-\\\/\"]}]}<\/script>\n<!-- \/ Yoast SEO plugin. -->","yoast_head_json":{"title":"Wska\u017anik SIMRAD IS35 - ESCORT TECHNOLOGY","robots":{"index":"index","follow":"follow","max-snippet":"max-snippet:-1","max-image-preview":"max-image-preview:large","max-video-preview":"max-video-preview:-1"},"canonical":"https:\/\/escort-technology.com\/en\/wskaznik-simrad-is35\/","og_locale":"en_US","og_type":"article","og_title":"Wska\u017anik SIMRAD IS35 - ESCORT TECHNOLOGY","og_description":"Wska\u017anik SIMRAD IS35 Wielofunkcyjny wska\u017anik SIMRAD IS35 charakteryzuje si\u0119 doskona\u0142\u0105 widoczno\u015bci\u0105 obrazu zar\u00f3wno w dzie\u0144 i noc. Urz\u0105dzenie umo\u017cliwia wy\u015bwietlanie danych z silnika, efektywno\u015bci paliwowej, historii g\u0142\u0119boko\u015bci i wielu innych. Po\u0142\u0105czony za pomoc\u0105 sieci\u0105 NMEA 2000 na statku, IS35 automatycznie wykrywa i wy\u015bwietla najistotniejsze informacje dost\u0119pne na szeregu wst\u0119pnie ustawionych i skonfigurowanych stron danych. Jasny [&hellip;]","og_url":"https:\/\/escort-technology.com\/en\/wskaznik-simrad-is35\/","og_site_name":"ESCORT TECHNOLOGY","article_publisher":"https:\/\/www.facebook.com\/elektronika.morska\/","article_modified_time":"2020-06-22T09:38:36+00:00","og_image":[{"url":"wp-content\/uploads\/is35_menu_md.jpg","type":"","width":"","height":""}],"twitter_card":"summary_large_image","twitter_misc":{"Est. reading time":"2 minutes"},"schema":{"@context":"https:\/\/schema.org","@graph":[{"@type":"WebPage","@id":"https:\/\/escort-technology.com\/en\/wskaznik-simrad-is35\/","url":"https:\/\/escort-technology.com\/en\/wskaznik-simrad-is35\/","name":"Wska\u017anik SIMRAD IS35 - ESCORT TECHNOLOGY","isPartOf":{"@id":"http:\/\/escort-technology.com\/de\/#website"},"datePublished":"2018-03-23T09:53:07+00:00","dateModified":"2020-06-22T09:38:36+00:00","breadcrumb":{"@id":"https:\/\/escort-technology.com\/en\/wskaznik-simrad-is35\/#breadcrumb"},"inLanguage":"en-US","potentialAction":[{"@type":"ReadAction","target":["https:\/\/escort-technology.com\/en\/wskaznik-simrad-is35\/"]}]},{"@type":"BreadcrumbList","@id":"https:\/\/escort-technology.com\/en\/wskaznik-simrad-is35\/#breadcrumb","itemListElement":[{"@type":"ListItem","position":1,"name":"Strona g\u0142\u00f3wna","item":"https:\/\/escort-technology.com\/"},{"@type":"ListItem","position":2,"name":"Wska\u017anik SIMRAD IS35"}]},{"@type":"WebSite","@id":"http:\/\/escort-technology.com\/de\/#website","url":"http:\/\/escort-technology.com\/de\/","name":"ESCORT TECHNOLOGY","description":"Onshore and offshore electronics","publisher":{"@id":"http:\/\/escort-technology.com\/de\/#organization"},"potentialAction":[{"@type":"SearchAction","target":{"@type":"EntryPoint","urlTemplate":"http:\/\/escort-technology.com\/de\/?s={search_term_string}"},"query-input":{"@type":"PropertyValueSpecification","valueRequired":true,"valueName":"search_term_string"}}],"inLanguage":"en-US"},{"@type":"Organization","@id":"http:\/\/escort-technology.com\/de\/#organization","name":"ESCORT TECHNOLOGY","url":"http:\/\/escort-technology.com\/de\/","logo":{"@type":"ImageObject","inLanguage":"en-US","@id":"http:\/\/escort-technology.com\/de\/#\/schema\/logo\/image\/","url":"https:\/\/escort-technology.com\/wp-content\/uploads\/logo-1.jpg","contentUrl":"https:\/\/escort-technology.com\/wp-content\/uploads\/logo-1.jpg","width":600,"height":165,"caption":"ESCORT TECHNOLOGY"},"image":{"@id":"http:\/\/escort-technology.com\/de\/#\/schema\/logo\/image\/"},"sameAs":["https:\/\/www.facebook.com\/elektronika.morska\/","https:\/\/www.linkedin.com\/company\/escort-sp-z-o-o-\/"]}]}},"_links":{"self":[{"href":"http:\/\/escort-technology.com\/en\/wp-json\/wp\/v2\/pages\/2990","targetHints":{"allow":["GET"]}}],"collection":[{"href":"http:\/\/escort-technology.com\/en\/wp-json\/wp\/v2\/pages"}],"about":[{"href":"http:\/\/escort-technology.com\/en\/wp-json\/wp\/v2\/types\/page"}],"author":[{"embeddable":true,"href":"http:\/\/escort-technology.com\/en\/wp-json\/wp\/v2\/users\/6"}],"replies":[{"embeddable":true,"href":"http:\/\/escort-technology.com\/en\/wp-json\/wp\/v2\/comments?post=2990"}],"version-history":[{"count":3,"href":"http:\/\/escort-technology.com\/en\/wp-json\/wp\/v2\/pages\/2990\/revisions"}],"predecessor-version":[{"id":6218,"href":"http:\/\/escort-technology.com\/en\/wp-json\/wp\/v2\/pages\/2990\/revisions\/6218"}],"wp:attachment":[{"href":"http:\/\/escort-technology.com\/en\/wp-json\/wp\/v2\/media?parent=2990"}],"curies":[{"name":"wp","href":"https:\/\/api.w.org\/{rel}","templated":true}]}}