{"id":3027,"date":"2018-03-23T11:33:07","date_gmt":"2018-03-23T11:33:07","guid":{"rendered":"http:\/\/escort-technology.com\/?page_id=3027"},"modified":"2020-06-30T12:56:02","modified_gmt":"2020-06-30T10:56:02","slug":"podrecznik-doboru-autopilota","status":"publish","type":"page","link":"http:\/\/escort-technology.com\/en\/podrecznik-doboru-autopilota\/","title":{"rendered":"Podr\u0119cznik doboru autopilota"},"content":{"rendered":"<h2>PRZEWODNIK DOBORU ODPOWIEDNIEGO AUTOPILOTA MARKI SIMRAD<\/h2>\n<hr>\n<p><img decoding=\"async\" src=\"wp-content\/uploads\/000-13894-001_1.png\" alt=\"\"><br \/>\n<img decoding=\"async\" src=\"wp-content\/uploads\/NAC-2_Main.png\" alt=\"\"><br \/>\n<img decoding=\"async\" src=\"wp-content\/uploads\/RF45.png\" alt=\"\"><br \/>\n<img decoding=\"async\" src=\"wp-content\/uploads\/Precision9_Main-1.png\" alt=\"\"><\/p>\n<div>\n<p>\u00a0<\/p>\n<p>Autopiloty firmy Simrad, oferuj\u0105 technologi\u0119 dost\u0119pn\u0105 dla wszystkich typ\u00f3w \u0142odzi od 5 do 30 metr\u00f3w. System charakteryzuje si\u0119 \u0142atwo\u015bci\u0105 w dobraniu element\u00f3w odpowiednich dla konkretnej jednostki.<\/p>\n<p>Dla u\u017cytkownika dost\u0119pne s\u0105 pojedyncze modu\u0142y lub ca\u0142e zestawy.<\/p>\n<p>Zestaw autopilota jest kompatybilny ze stacjami nawigacyjnymi: SIMRAD NSS evo3, NSO evo2 oraz Go XSE. Lub, wsp\u00f3\u0142pracuj\u0105 z:<\/p>\n<p>Panelami kontrolnymi, dedykowanymi do system\u00f3w autopilota, czyli SIMRAD AP44, AP48.<\/p>\n<p>Budowa systemu odbywa si\u0119 w nast\u0119puj\u0105cych krokach:<\/p>\n<ol>\n<li>Wyb\u00f3r odpowiedniego mechanizmu sterowego, kompatybilnego z systemem sterowania na \u0142odzi.<\/li>\n<li>Wyb\u00f3r nadajnika po\u0142o\u017cenia steru, lub u\u017cycie wirtualnego nadajnika po\u0142o\u017cenia steru.<\/li>\n<li>Wyb\u00f3r komputera, pasuj\u0105cego do mechanizmu sterowania.<\/li>\n<li>Wyb\u00f3r odpowiedniego sposobu kontroli autopilotem-dost\u0119pne dedykowane panele kontrolne lub mo\u017cliwo\u015b\u0107 sterowania za pomoc\u0105 stacji nawigacyjnej.<\/li>\n<\/ol>\n<\/div>\n<p><img decoding=\"async\" src=\"wp-content\/uploads\/AP44_MED_VRF_CORE_V2.png\" alt=\"\"><\/p>\n<p>\n    <a href=\"wp-content\/uploads\/podr\u0119cznik-wyboru-autopilota.pdf\">BROSZURA<\/a>\n<\/p>\n<p><!-- {\"name\":\"\",\"type\":\"layout\",\"children\":[{\"name\":\"ANTENA\",\"type\":\"section\",\"props\":{\"width\":\"default\",\"padding\":\"xsmall\",\"style\":\"default\",\"text_color\":\"\",\"media\":\"\",\"height_viewport\":false,\"header_overlay\":\"light\",\"animation\":\"slide-top-medium\",\"padding_remove_top\":false,\"image_size\":\"cover\",\"image\":\"\",\"image_position\":\"bottom-center\",\"image_fixed\":false,\"class\":\"\",\"overlap\":true,\"vertical_align\":\"middle\",\"title_position\":\"top-left\",\"title_rotation\":\"left\",\"title_breakpoint\":\"xl\",\"image_effect\":\"\"},\"children\":[{\"name\":\"\",\"type\":\"row\",\"props\":{\"layout\":\"1-1\",\"breakpoint\":\"m\",\"margin\":\"\",\"fixed_width\":\"large\"},\"children\":[{\"name\":\"\",\"type\":\"column\",\"props\":{\"image_position\":\"center-center\",\"widths\":[\"1-1\"]},\"children\":[{\"name\":\"\",\"type\":\"headline\",\"props\":{\"title_element\":\"h2\",\"content\":\"PRZEWODNIK DOBORU ODPOWIEDNIEGO AUTOPILOTA MARKI SIMRAD\",\"text_align\":\"center\",\"text_align_fallback\":\"center\",\"maxwidth_align\":\"center\",\"maxwidth\":\"\",\"title_style\":\"h2\",\"title_decoration\":\"\",\"margin\":\"\"}},{\"name\":\"\",\"type\":\"divider\",\"props\":{\"divider_element\":\"hr\"}}]}]},{\"name\":\"\",\"type\":\"row\",\"props\":{\"fixed_width\":\"large\",\"breakpoint\":\"m\",\"layout\":\",2-3\",\"margin\":\"medium\"},\"children\":[{\"name\":\"\",\"type\":\"column\",\"props\":{\"widths\":[\"\"],\"image_position\":\"center-center\"},\"children\":[{\"name\":\"\",\"type\":\"image\",\"props\":{\"margin\":\"default\",\"image\":\"wp-content\\\/uploads\\\/000-13894-001_1.png\",\"image_width\":\"200\",\"image_box_shadow\":\"\",\"image_border\":\"rounded\",\"text_align\":\"center\",\"link_target\":\"\",\"image_hover_box_shadow\":\"\",\"image_box_decoration\":\"\",\"text_align_breakpoint\":\"\",\"text_align_fallback\":\"\",\"maxwidth\":\"\",\"maxwidth_align\":\"\",\"maxwidth_breakpoint\":\"\",\"animation\":\"\",\"visibility\":\"\"}},{\"name\":\"\",\"type\":\"image\",\"props\":{\"margin\":\"default\",\"image\":\"wp-content\\\/uploads\\\/NAC-2_Main.png\",\"image_width\":\"250\",\"image_box_shadow\":\"\",\"image_border\":\"rounded\",\"text_align\":\"center\",\"link_target\":\"\",\"image_hover_box_shadow\":\"\",\"image_box_decoration\":\"\",\"text_align_breakpoint\":\"\",\"text_align_fallback\":\"\",\"maxwidth\":\"\",\"maxwidth_align\":\"\",\"maxwidth_breakpoint\":\"\",\"animation\":\"\",\"visibility\":\"\"}},{\"type\":\"image\",\"props\":{\"margin\":\"default\",\"link_target\":\"\",\"image_border\":\"\",\"image_box_shadow\":\"\",\"image_hover_box_shadow\":\"\",\"image_box_decoration\":\"\",\"text_align\":\"center\",\"text_align_breakpoint\":\"\",\"text_align_fallback\":\"\",\"maxwidth\":\"\",\"maxwidth_align\":\"\",\"maxwidth_breakpoint\":\"\",\"animation\":\"\",\"visibility\":\"\",\"image\":\"wp-content\\\/uploads\\\/RF45.png\",\"image_alt\":\"\",\"image_width\":\"250\"}},{\"type\":\"image\",\"props\":{\"margin\":\"default\",\"link_target\":\"\",\"image_border\":\"\",\"image_box_shadow\":\"\",\"image_hover_box_shadow\":\"\",\"image_box_decoration\":\"\",\"text_align\":\"center\",\"text_align_breakpoint\":\"\",\"text_align_fallback\":\"\",\"maxwidth\":\"\",\"maxwidth_align\":\"\",\"maxwidth_breakpoint\":\"\",\"animation\":\"\",\"visibility\":\"\",\"image\":\"wp-content\\\/uploads\\\/Precision9_Main-1.png\",\"image_width\":\"200\"}}]},{\"name\":\"\",\"type\":\"column\",\"props\":{\"widths\":[\"2-3\"],\"image_position\":\"center-center\"},\"children\":[{\"name\":\"\",\"type\":\"text\",\"props\":{\"column_breakpoint\":\"m\",\"margin\":\"medium\",\"content\":\"\n\n<p>\\u00a0<\\\/p>\\n\n\n<p>Autopiloty firmy Simrad, oferuj\\u0105 technologi\\u0119 dost\\u0119pn\\u0105 dla wszystkich typ\\u00f3w \\u0142odzi od 5 do 30 metr\\u00f3w. System charakteryzuje si\\u0119 \\u0142atwo\\u015bci\\u0105 w dobraniu element\\u00f3w odpowiednich dla konkretnej jednostki.<\\\/p>\\n\n\n<p>Dla u\\u017cytkownika dost\\u0119pne s\\u0105 pojedyncze modu\\u0142y lub ca\\u0142e zestawy.<\\\/p>\\n\n\n<p>Zestaw autopilota jest kompatybilny ze stacjami nawigacyjnymi: SIMRAD NSS evo3, NSO evo2 oraz Go XSE. Lub, wsp\\u00f3\\u0142pracuj\\u0105 z:<\\\/p>\\n\n\n<p>Panelami kontrolnymi, dedykowanymi do system\\u00f3w autopilota, czyli SIMRAD AP44, AP48.<\\\/p>\\n\n\n<p>Budowa systemu odbywa si\\u0119 w nast\\u0119puj\\u0105cych krokach:<\\\/p>\\n\n\n<ol>\\n\n\n<li>Wyb\\u00f3r odpowiedniego mechanizmu sterowego, kompatybilnego z systemem sterowania na \\u0142odzi.<\\\/li>\\n\n\n<li>Wyb\\u00f3r nadajnika po\\u0142o\\u017cenia steru, lub u\\u017cycie wirtualnego nadajnika po\\u0142o\\u017cenia steru.<\\\/li>\\n\n\n<li>Wyb\\u00f3r komputera, pasuj\\u0105cego do mechanizmu sterowania.<\\\/li>\\n\n\n<li>Wyb\\u00f3r odpowiedniego sposobu kontroli autopilotem-dost\\u0119pne dedykowane panele kontrolne lub mo\\u017cliwo\\u015b\\u0107 sterowania za pomoc\\u0105 stacji nawigacyjnej.<\\\/li>\\n<\\\/ol>\",\"animation\":\"slide-left-medium\",\"text_align\":\"justify\",\"text_align_breakpoint\":\"m\",\"text_align_fallback\":\"center\",\"text_size\":\"\",\"maxwidth\":\"xxlarge\",\"text_style\":\"\",\"text_color\":\"\",\"column\":\"\",\"maxwidth_align\":\"\",\"maxwidth_breakpoint\":\"\",\"visibility\":\"\"}},{\"type\":\"image\",\"props\":{\"margin\":\"default\",\"link_target\":\"\",\"image_border\":\"\",\"image_box_shadow\":\"\",\"image_hover_box_shadow\":\"\",\"image_box_decoration\":\"\",\"text_align\":\"center\",\"text_align_breakpoint\":\"\",\"text_align_fallback\":\"\",\"maxwidth\":\"\",\"maxwidth_align\":\"\",\"maxwidth_breakpoint\":\"\",\"animation\":\"\",\"visibility\":\"\",\"image\":\"wp-content\\\/uploads\\\/AP44_MED_VRF_CORE_V2.png\",\"image_width\":\"350\"}}]}]},{\"name\":\"\",\"type\":\"row\",\"props\":{\"fixed_width\":\"large\",\"breakpoint\":\"m\",\"layout\":\"1-1\",\"margin\":\"large\"},\"children\":[{\"name\":\"\",\"type\":\"column\",\"props\":{\"image_position\":\"center-center\",\"widths\":[\"1-1\"]},\"children\":[{\"name\":\"\",\"type\":\"button\",\"props\":{\"gutter\":\"small\",\"inline_align\":\"center\",\"margin\":\"\",\"text_align\":\"center\",\"button_size\":\"large\",\"animation\":\"slide-bottom-medium\",\"text_align_breakpoint\":\"\",\"text_align_fallback\":\"\",\"maxwidth\":\"\",\"maxwidth_align\":\"\",\"maxwidth_breakpoint\":\"\",\"visibility\":\"\"},\"children\":[{\"name\":\"\",\"type\":\"button_item\",\"props\":{\"button_style\":\"secondary\",\"content\":\"BROSZURA\",\"link\":\"wp-content\\\/uploads\\\/podr\\u0119cznik-wyboru-autopilota.pdf\",\"link_title\":\"Explore More\",\"icon_align\":\"left\",\"link_target\":\"blank\"}}]}]}]}]}],\"props\":[],\"version\":\"1.18.0\"} --><\/p>\n","protected":false},"excerpt":{"rendered":"<p>PRZEWODNIK DOBORU ODPOWIEDNIEGO AUTOPILOTA MARKI SIMRAD \u00a0 Autopiloty firmy Simrad, oferuj\u0105 technologi\u0119 dost\u0119pn\u0105 dla wszystkich typ\u00f3w \u0142odzi od 5 do 30 metr\u00f3w. System charakteryzuje si\u0119 \u0142atwo\u015bci\u0105 w dobraniu element\u00f3w odpowiednich dla konkretnej jednostki. Dla u\u017cytkownika dost\u0119pne s\u0105 pojedyncze modu\u0142y lub ca\u0142e zestawy. Zestaw autopilota jest kompatybilny ze stacjami nawigacyjnymi: SIMRAD NSS evo3, NSO evo2 oraz [&hellip;]<\/p>\n","protected":false},"author":6,"featured_media":0,"parent":0,"menu_order":0,"comment_status":"closed","ping_status":"closed","template":"","meta":{"footnotes":""},"class_list":["post-3027","page","type-page","status-publish","hentry"],"yoast_head":"<!-- This site is optimized with the Yoast SEO plugin v27.6 - https:\/\/yoast.com\/product\/yoast-seo-wordpress\/ -->\n<title>Podr\u0119cznik doboru autopilota - ESCORT TECHNOLOGY<\/title>\n<meta name=\"robots\" content=\"index, follow, max-snippet:-1, max-image-preview:large, max-video-preview:-1\" \/>\n<link rel=\"canonical\" href=\"https:\/\/escort-technology.com\/en\/podrecznik-doboru-autopilota\/\" \/>\n<meta property=\"og:locale\" content=\"en_US\" \/>\n<meta property=\"og:type\" content=\"article\" \/>\n<meta property=\"og:title\" content=\"Podr\u0119cznik doboru autopilota - ESCORT TECHNOLOGY\" \/>\n<meta property=\"og:description\" content=\"PRZEWODNIK DOBORU ODPOWIEDNIEGO AUTOPILOTA MARKI SIMRAD \u00a0 Autopiloty firmy Simrad, oferuj\u0105 technologi\u0119 dost\u0119pn\u0105 dla wszystkich typ\u00f3w \u0142odzi od 5 do 30 metr\u00f3w. System charakteryzuje si\u0119 \u0142atwo\u015bci\u0105 w dobraniu element\u00f3w odpowiednich dla konkretnej jednostki. Dla u\u017cytkownika dost\u0119pne s\u0105 pojedyncze modu\u0142y lub ca\u0142e zestawy. Zestaw autopilota jest kompatybilny ze stacjami nawigacyjnymi: SIMRAD NSS evo3, NSO evo2 oraz [&hellip;]\" \/>\n<meta property=\"og:url\" content=\"https:\/\/escort-technology.com\/en\/podrecznik-doboru-autopilota\/\" \/>\n<meta property=\"og:site_name\" content=\"ESCORT TECHNOLOGY\" \/>\n<meta property=\"article:publisher\" content=\"https:\/\/www.facebook.com\/elektronika.morska\/\" \/>\n<meta property=\"article:modified_time\" content=\"2020-06-30T10:56:02+00:00\" \/>\n<meta property=\"og:image\" content=\"http:\/\/wp-content\/uploads\/000-13894-001_1.png\" \/>\n<meta name=\"twitter:card\" content=\"summary_large_image\" \/>\n<meta name=\"twitter:label1\" content=\"Est. reading time\" \/>\n\t<meta name=\"twitter:data1\" content=\"1 minute\" \/>\n<script type=\"application\/ld+json\" class=\"yoast-schema-graph\">{\"@context\":\"https:\\\/\\\/schema.org\",\"@graph\":[{\"@type\":\"WebPage\",\"@id\":\"https:\\\/\\\/escort-technology.com\\\/pl\\\/podrecznik-doboru-autopilota\\\/\",\"url\":\"https:\\\/\\\/escort-technology.com\\\/pl\\\/podrecznik-doboru-autopilota\\\/\",\"name\":\"Podr\u0119cznik doboru autopilota - ESCORT TECHNOLOGY\",\"isPartOf\":{\"@id\":\"http:\\\/\\\/escort-technology.com\\\/de\\\/#website\"},\"datePublished\":\"2018-03-23T11:33:07+00:00\",\"dateModified\":\"2020-06-30T10:56:02+00:00\",\"breadcrumb\":{\"@id\":\"https:\\\/\\\/escort-technology.com\\\/pl\\\/podrecznik-doboru-autopilota\\\/#breadcrumb\"},\"inLanguage\":\"en-US\",\"potentialAction\":[{\"@type\":\"ReadAction\",\"target\":[\"https:\\\/\\\/escort-technology.com\\\/pl\\\/podrecznik-doboru-autopilota\\\/\"]}]},{\"@type\":\"BreadcrumbList\",\"@id\":\"https:\\\/\\\/escort-technology.com\\\/pl\\\/podrecznik-doboru-autopilota\\\/#breadcrumb\",\"itemListElement\":[{\"@type\":\"ListItem\",\"position\":1,\"name\":\"Strona g\u0142\u00f3wna\",\"item\":\"https:\\\/\\\/escort-technology.com\\\/\"},{\"@type\":\"ListItem\",\"position\":2,\"name\":\"Podr\u0119cznik doboru autopilota\"}]},{\"@type\":\"WebSite\",\"@id\":\"http:\\\/\\\/escort-technology.com\\\/de\\\/#website\",\"url\":\"http:\\\/\\\/escort-technology.com\\\/de\\\/\",\"name\":\"ESCORT TECHNOLOGY\",\"description\":\"Elektronika morska i l\u0105dowa\",\"publisher\":{\"@id\":\"http:\\\/\\\/escort-technology.com\\\/de\\\/#organization\"},\"potentialAction\":[{\"@type\":\"SearchAction\",\"target\":{\"@type\":\"EntryPoint\",\"urlTemplate\":\"http:\\\/\\\/escort-technology.com\\\/de\\\/?s={search_term_string}\"},\"query-input\":{\"@type\":\"PropertyValueSpecification\",\"valueRequired\":true,\"valueName\":\"search_term_string\"}}],\"inLanguage\":\"en-US\"},{\"@type\":\"Organization\",\"@id\":\"http:\\\/\\\/escort-technology.com\\\/de\\\/#organization\",\"name\":\"ESCORT TECHNOLOGY\",\"url\":\"http:\\\/\\\/escort-technology.com\\\/de\\\/\",\"logo\":{\"@type\":\"ImageObject\",\"inLanguage\":\"en-US\",\"@id\":\"http:\\\/\\\/escort-technology.com\\\/de\\\/#\\\/schema\\\/logo\\\/image\\\/\",\"url\":\"https:\\\/\\\/escort-technology.com\\\/wp-content\\\/uploads\\\/logo-1.jpg\",\"contentUrl\":\"https:\\\/\\\/escort-technology.com\\\/wp-content\\\/uploads\\\/logo-1.jpg\",\"width\":600,\"height\":165,\"caption\":\"ESCORT TECHNOLOGY\"},\"image\":{\"@id\":\"http:\\\/\\\/escort-technology.com\\\/de\\\/#\\\/schema\\\/logo\\\/image\\\/\"},\"sameAs\":[\"https:\\\/\\\/www.facebook.com\\\/elektronika.morska\\\/\",\"https:\\\/\\\/www.linkedin.com\\\/company\\\/escort-sp-z-o-o-\\\/\"]}]}<\/script>\n<!-- \/ Yoast SEO plugin. -->","yoast_head_json":{"title":"Podr\u0119cznik doboru autopilota - ESCORT TECHNOLOGY","robots":{"index":"index","follow":"follow","max-snippet":"max-snippet:-1","max-image-preview":"max-image-preview:large","max-video-preview":"max-video-preview:-1"},"canonical":"https:\/\/escort-technology.com\/en\/podrecznik-doboru-autopilota\/","og_locale":"en_US","og_type":"article","og_title":"Podr\u0119cznik doboru autopilota - ESCORT TECHNOLOGY","og_description":"PRZEWODNIK DOBORU ODPOWIEDNIEGO AUTOPILOTA MARKI SIMRAD \u00a0 Autopiloty firmy Simrad, oferuj\u0105 technologi\u0119 dost\u0119pn\u0105 dla wszystkich typ\u00f3w \u0142odzi od 5 do 30 metr\u00f3w. System charakteryzuje si\u0119 \u0142atwo\u015bci\u0105 w dobraniu element\u00f3w odpowiednich dla konkretnej jednostki. Dla u\u017cytkownika dost\u0119pne s\u0105 pojedyncze modu\u0142y lub ca\u0142e zestawy. Zestaw autopilota jest kompatybilny ze stacjami nawigacyjnymi: SIMRAD NSS evo3, NSO evo2 oraz [&hellip;]","og_url":"https:\/\/escort-technology.com\/en\/podrecznik-doboru-autopilota\/","og_site_name":"ESCORT TECHNOLOGY","article_publisher":"https:\/\/www.facebook.com\/elektronika.morska\/","article_modified_time":"2020-06-30T10:56:02+00:00","og_image":[{"url":"wp-content\/uploads\/000-13894-001_1.png","type":"","width":"","height":""}],"twitter_card":"summary_large_image","twitter_misc":{"Est. reading time":"1 minute"},"schema":{"@context":"https:\/\/schema.org","@graph":[{"@type":"WebPage","@id":"https:\/\/escort-technology.com\/pl\/podrecznik-doboru-autopilota\/","url":"https:\/\/escort-technology.com\/pl\/podrecznik-doboru-autopilota\/","name":"Podr\u0119cznik doboru autopilota - ESCORT TECHNOLOGY","isPartOf":{"@id":"http:\/\/escort-technology.com\/de\/#website"},"datePublished":"2018-03-23T11:33:07+00:00","dateModified":"2020-06-30T10:56:02+00:00","breadcrumb":{"@id":"https:\/\/escort-technology.com\/pl\/podrecznik-doboru-autopilota\/#breadcrumb"},"inLanguage":"en-US","potentialAction":[{"@type":"ReadAction","target":["https:\/\/escort-technology.com\/pl\/podrecznik-doboru-autopilota\/"]}]},{"@type":"BreadcrumbList","@id":"https:\/\/escort-technology.com\/pl\/podrecznik-doboru-autopilota\/#breadcrumb","itemListElement":[{"@type":"ListItem","position":1,"name":"Strona g\u0142\u00f3wna","item":"https:\/\/escort-technology.com\/"},{"@type":"ListItem","position":2,"name":"Podr\u0119cznik doboru autopilota"}]},{"@type":"WebSite","@id":"http:\/\/escort-technology.com\/de\/#website","url":"http:\/\/escort-technology.com\/de\/","name":"ESCORT TECHNOLOGY","description":"Onshore and offshore electronics","publisher":{"@id":"http:\/\/escort-technology.com\/de\/#organization"},"potentialAction":[{"@type":"SearchAction","target":{"@type":"EntryPoint","urlTemplate":"http:\/\/escort-technology.com\/de\/?s={search_term_string}"},"query-input":{"@type":"PropertyValueSpecification","valueRequired":true,"valueName":"search_term_string"}}],"inLanguage":"en-US"},{"@type":"Organization","@id":"http:\/\/escort-technology.com\/de\/#organization","name":"ESCORT TECHNOLOGY","url":"http:\/\/escort-technology.com\/de\/","logo":{"@type":"ImageObject","inLanguage":"en-US","@id":"http:\/\/escort-technology.com\/de\/#\/schema\/logo\/image\/","url":"https:\/\/escort-technology.com\/wp-content\/uploads\/logo-1.jpg","contentUrl":"https:\/\/escort-technology.com\/wp-content\/uploads\/logo-1.jpg","width":600,"height":165,"caption":"ESCORT TECHNOLOGY"},"image":{"@id":"http:\/\/escort-technology.com\/de\/#\/schema\/logo\/image\/"},"sameAs":["https:\/\/www.facebook.com\/elektronika.morska\/","https:\/\/www.linkedin.com\/company\/escort-sp-z-o-o-\/"]}]}},"_links":{"self":[{"href":"http:\/\/escort-technology.com\/en\/wp-json\/wp\/v2\/pages\/3027","targetHints":{"allow":["GET"]}}],"collection":[{"href":"http:\/\/escort-technology.com\/en\/wp-json\/wp\/v2\/pages"}],"about":[{"href":"http:\/\/escort-technology.com\/en\/wp-json\/wp\/v2\/types\/page"}],"author":[{"embeddable":true,"href":"http:\/\/escort-technology.com\/en\/wp-json\/wp\/v2\/users\/6"}],"replies":[{"embeddable":true,"href":"http:\/\/escort-technology.com\/en\/wp-json\/wp\/v2\/comments?post=3027"}],"version-history":[{"count":8,"href":"http:\/\/escort-technology.com\/en\/wp-json\/wp\/v2\/pages\/3027\/revisions"}],"predecessor-version":[{"id":6373,"href":"http:\/\/escort-technology.com\/en\/wp-json\/wp\/v2\/pages\/3027\/revisions\/6373"}],"wp:attachment":[{"href":"http:\/\/escort-technology.com\/en\/wp-json\/wp\/v2\/media?parent=3027"}],"curies":[{"name":"wp","href":"https:\/\/api.w.org\/{rel}","templated":true}]}}