{"id":3304,"date":"2018-05-08T10:07:53","date_gmt":"2018-05-08T10:07:53","guid":{"rendered":"http:\/\/escort-technology.com\/?page_id=3304"},"modified":"2018-05-08T10:19:40","modified_gmt":"2018-05-08T10:19:40","slug":"anteny-vhf-ac-antennas-146-162-5mhz","status":"publish","type":"page","link":"http:\/\/escort-technology.com\/en\/anteny-vhf-ac-antennas-146-162-5mhz\/","title":{"rendered":"Anteny VHF AC ANTENNAS 146-162.5MHz"},"content":{"rendered":"<p>Anteny VHF AC ANTENNAS 146-162.5 MHz<\/p>\n<p>GP2M 5\/8<\/p>\n<p>Antena naziemna o d\u0142ugo\u015bci fali 5\/8. Odpowiednia dla statk\u00f3w rybackich i handlowych, przeznaczona do monta\u017cu na rurze o \u015brednicy 27 mm (0,9 &#8222;).<\/p>\n<p>CX4<\/p>\n<p>Antena\u00a0CX4 ma szeroki pionowy wz\u00f3r promieniowania. Nadaje si\u0119 do wszystkich typ\u00f3w statk\u00f3w.\u00a0<\/p>\n<p>CX3 5\/8<\/p>\n<p>Antena morska CX3 5\/8 VHF jest przeznaczona do\u00a0\u0142odzi motorowodnych, jednostek w\u0119dkarskich oraz na u\u017cytek\u00a0komercyjny. Antena zapewnia 3 dBd wzmocnienia.\u00a0<br \/>\n\u00a0<\/p>\n<p><!-- {\"name\":\"\",\"type\":\"layout\",\"children\":[{\"name\":\"produkt\",\"type\":\"section\",\"props\":{\"width\":\"default\",\"padding\":\"xsmall\",\"style\":\"default\",\"text_color\":\"\",\"media\":\"\",\"height_viewport\":false,\"header_overlay\":\"light\",\"animation\":\"slide-top-medium\",\"padding_remove_top\":false,\"image_size\":\"cover\",\"image\":\"\",\"image_position\":\"bottom-center\",\"image_fixed\":false,\"class\":\"\",\"overlap\":true,\"vertical_align\":\"middle\",\"title_position\":\"top-left\",\"title_rotation\":\"left\",\"title_breakpoint\":\"xl\"},\"children\":[{\"name\":\"\",\"type\":\"row\",\"props\":{\"layout\":\"1-1\",\"breakpoint\":\"m\",\"margin\":\"\",\"fixed_width\":\"large\"},\"children\":[{\"name\":\"\",\"type\":\"column\",\"props\":{\"image_position\":\"center-center\",\"widths\":[\"1-1\"]},\"children\":[{\"name\":\"\",\"type\":\"headline\",\"props\":{\"title_element\":\"h2\",\"content\":\"Anteny VHF AC ANTENNAS 146-162.5 MHz\",\"text_align\":\"center\",\"text_align_fallback\":\"center\",\"maxwidth_align\":\"center\",\"maxwidth\":\"\",\"title_style\":\"h2\",\"title_decoration\":\"\",\"margin\":\"\"}},{\"name\":\"\",\"type\":\"divider\",\"props\":{\"divider_element\":\"hr\"}}]}]},{\"name\":\"\",\"type\":\"row\",\"props\":{\"fixed_width\":\"large\",\"breakpoint\":\"m\",\"layout\":\",,\",\"margin\":\"large\"},\"children\":[{\"name\":\"\",\"type\":\"column\",\"props\":{\"widths\":[\"\"],\"image_position\":\"center-center\"},\"children\":[{\"name\":\"\",\"type\":\"image\",\"props\":{\"margin\":\"default\",\"image\":\"wp-content\\\/uploads\\\/anteny4_1.jpg\",\"text_align\":\"center\"}},{\"name\":\"\",\"type\":\"button\",\"props\":{\"gutter\":\"small\",\"inline_align\":\"center\",\"margin\":\"\",\"text_align\":\"center\",\"button_size\":\"large\",\"animation\":\"slide-bottom-medium\"},\"children\":[{\"name\":\"\",\"type\":\"button_item\",\"props\":{\"button_style\":\"secondary\",\"content\":\"GP2M 5\\\/8\",\"link\":\"wp-content\\\/uploads\\\/GP2M_58.pdf\",\"link_title\":\"Explore More\",\"icon_align\":\"left\",\"link_target\":\"blank\"}}]},{\"name\":\"\",\"type\":\"text\",\"props\":{\"column_breakpoint\":\"m\",\"margin\":\"medium\",\"content\":\"\n\n<p>Antena naziemna o d\\u0142ugo\\u015bci fali 5\\\/8. Odpowiednia dla statk\\u00f3w rybackich i handlowych, przeznaczona do monta\\u017cu na rurze o \\u015brednicy 27 mm (0,9 \\\").<\\\/p>\",\"animation\":\"slide-left-medium\",\"text_align\":\"justify\",\"text_align_breakpoint\":\"m\",\"text_align_fallback\":\"center\",\"text_size\":\"small\",\"maxwidth\":\"small\",\"maxwidth_align\":\"center\"}}]},{\"name\":\"\",\"type\":\"column\",\"props\":{\"widths\":[\"\"],\"image_position\":\"center-center\"},\"children\":[{\"name\":\"\",\"type\":\"image\",\"props\":{\"margin\":\"default\",\"image\":\"wp-content\\\/uploads\\\/anteny4_2.jpg\",\"text_align\":\"center\"}},{\"name\":\"\",\"type\":\"button\",\"props\":{\"gutter\":\"small\",\"inline_align\":\"center\",\"margin\":\"\",\"text_align\":\"center\",\"button_size\":\"large\",\"animation\":\"slide-bottom-medium\"},\"children\":[{\"name\":\"\",\"type\":\"button_item\",\"props\":{\"button_style\":\"secondary\",\"content\":\"CX4\",\"link\":\"wp-content\\\/uploads\\\/CX4.pdf\",\"link_title\":\"Explore More\",\"icon_align\":\"left\",\"link_target\":\"blank\"}}]},{\"name\":\"\",\"type\":\"text\",\"props\":{\"margin\":\"default\",\"column_breakpoint\":\"m\",\"content\":\"\n\n<p>Antena\\u00a0CX4 ma szeroki pionowy wz\\u00f3r promieniowania. Nadaje si\\u0119 do wszystkich typ\\u00f3w statk\\u00f3w.\\u00a0<\\\/p>\",\"text_size\":\"small\",\"maxwidth\":\"small\",\"text_align\":\"justify\",\"maxwidth_align\":\"center\"}}]},{\"name\":\"\",\"type\":\"column\",\"props\":{\"widths\":[\"\"],\"image_position\":\"center-center\"},\"children\":[{\"name\":\"\",\"type\":\"image\",\"props\":{\"margin\":\"default\",\"image\":\"wp-content\\\/uploads\\\/anteny4_3.jpg\",\"image_height\":\"\",\"text_align\":\"center\"}},{\"name\":\"\",\"type\":\"button\",\"props\":{\"gutter\":\"small\",\"inline_align\":\"center\",\"margin\":\"\",\"text_align\":\"center\",\"button_size\":\"large\",\"animation\":\"slide-bottom-medium\"},\"children\":[{\"name\":\"\",\"type\":\"button_item\",\"props\":{\"button_style\":\"secondary\",\"content\":\"CX3 5\\\/8\",\"link\":\"wp-content\\\/uploads\\\/CX3_58.pdf\",\"link_title\":\"Explore More\",\"icon_align\":\"left\",\"link_target\":\"blank\"}}]},{\"name\":\"\",\"type\":\"text\",\"props\":{\"margin\":\"default\",\"column_breakpoint\":\"m\",\"content\":\"\n\n<p>Antena morska CX3 5\\\/8 VHF jest przeznaczona do\\u00a0\\u0142odzi motorowodnych, jednostek w\\u0119dkarskich oraz na u\\u017cytek\\u00a0komercyjny. Antena zapewnia 3 dBd wzmocnienia.\\u00a0<\\\/p>\\n\n\n<p>\\u00a0<\\\/p>\",\"text_align\":\"justify\",\"text_size\":\"small\",\"maxwidth\":\"small\",\"maxwidth_align\":\"center\"}}]}]},{\"name\":\"\",\"type\":\"row\",\"props\":{\"fixed_width\":\"large\",\"breakpoint\":\"m\",\"layout\":\"1-1\"},\"children\":[{\"name\":\"\",\"type\":\"column\",\"props\":{\"widths\":[\"1-1\"],\"image_position\":\"center-center\"},\"children\":[{\"name\":\"\",\"type\":\"image\",\"props\":{\"margin\":\"small\",\"image\":\"wp-content\\\/uploads\\\/tab11.png\",\"text_align\":\"center\"}}]}]}]}]} --><\/p>\n","protected":false},"excerpt":{"rendered":"<p>Anteny VHF AC ANTENNAS 146-162.5 MHz GP2M 5\/8 Antena naziemna o d\u0142ugo\u015bci fali 5\/8. Odpowiednia dla statk\u00f3w rybackich i handlowych, przeznaczona do monta\u017cu na rurze o \u015brednicy 27 mm (0,9 &#8222;). CX4 Antena\u00a0CX4 ma szeroki pionowy wz\u00f3r promieniowania. Nadaje si\u0119 do wszystkich typ\u00f3w statk\u00f3w.\u00a0 CX3 5\/8 Antena morska CX3 5\/8 VHF jest przeznaczona do\u00a0\u0142odzi motorowodnych, [&hellip;]<\/p>\n","protected":false},"author":6,"featured_media":0,"parent":0,"menu_order":0,"comment_status":"closed","ping_status":"closed","template":"","meta":{"footnotes":""},"class_list":["post-3304","page","type-page","status-publish","hentry"],"yoast_head":"<!-- This site is optimized with the Yoast SEO plugin v27.6 - https:\/\/yoast.com\/product\/yoast-seo-wordpress\/ -->\n<title>Anteny VHF AC ANTENNAS 146-162.5MHz - ESCORT TECHNOLOGY<\/title>\n<meta name=\"robots\" content=\"index, follow, max-snippet:-1, max-image-preview:large, max-video-preview:-1\" \/>\n<link rel=\"canonical\" href=\"http:\/\/escort-technology.com\/en\/anteny-vhf-ac-antennas-146-162-5mhz\/\" \/>\n<meta property=\"og:locale\" content=\"en_US\" \/>\n<meta property=\"og:type\" content=\"article\" \/>\n<meta property=\"og:title\" content=\"Anteny VHF AC ANTENNAS 146-162.5MHz - ESCORT TECHNOLOGY\" \/>\n<meta property=\"og:description\" content=\"Anteny VHF AC ANTENNAS 146-162.5 MHz GP2M 5\/8 Antena naziemna o d\u0142ugo\u015bci fali 5\/8. Odpowiednia dla statk\u00f3w rybackich i handlowych, przeznaczona do monta\u017cu na rurze o \u015brednicy 27 mm (0,9 &#8222;). CX4 Antena\u00a0CX4 ma szeroki pionowy wz\u00f3r promieniowania. Nadaje si\u0119 do wszystkich typ\u00f3w statk\u00f3w.\u00a0 CX3 5\/8 Antena morska CX3 5\/8 VHF jest przeznaczona do\u00a0\u0142odzi motorowodnych, [&hellip;]\" \/>\n<meta property=\"og:url\" content=\"http:\/\/escort-technology.com\/en\/anteny-vhf-ac-antennas-146-162-5mhz\/\" \/>\n<meta property=\"og:site_name\" content=\"ESCORT TECHNOLOGY\" \/>\n<meta property=\"article:publisher\" content=\"https:\/\/www.facebook.com\/elektronika.morska\/\" \/>\n<meta property=\"article:modified_time\" content=\"2018-05-08T10:19:40+00:00\" \/>\n<meta name=\"twitter:card\" content=\"summary_large_image\" \/>\n<script type=\"application\/ld+json\" class=\"yoast-schema-graph\">{\"@context\":\"https:\\\/\\\/schema.org\",\"@graph\":[{\"@type\":\"WebPage\",\"@id\":\"http:\\\/\\\/escort-technology.com\\\/pl\\\/anteny-vhf-ac-antennas-146-162-5mhz\\\/\",\"url\":\"http:\\\/\\\/escort-technology.com\\\/pl\\\/anteny-vhf-ac-antennas-146-162-5mhz\\\/\",\"name\":\"Anteny VHF AC ANTENNAS 146-162.5MHz - ESCORT TECHNOLOGY\",\"isPartOf\":{\"@id\":\"http:\\\/\\\/escort-technology.com\\\/de\\\/#website\"},\"datePublished\":\"2018-05-08T10:07:53+00:00\",\"dateModified\":\"2018-05-08T10:19:40+00:00\",\"breadcrumb\":{\"@id\":\"http:\\\/\\\/escort-technology.com\\\/pl\\\/anteny-vhf-ac-antennas-146-162-5mhz\\\/#breadcrumb\"},\"inLanguage\":\"en-US\",\"potentialAction\":[{\"@type\":\"ReadAction\",\"target\":[\"http:\\\/\\\/escort-technology.com\\\/pl\\\/anteny-vhf-ac-antennas-146-162-5mhz\\\/\"]}]},{\"@type\":\"BreadcrumbList\",\"@id\":\"http:\\\/\\\/escort-technology.com\\\/pl\\\/anteny-vhf-ac-antennas-146-162-5mhz\\\/#breadcrumb\",\"itemListElement\":[{\"@type\":\"ListItem\",\"position\":1,\"name\":\"Strona g\u0142\u00f3wna\",\"item\":\"https:\\\/\\\/escort-technology.com\\\/\"},{\"@type\":\"ListItem\",\"position\":2,\"name\":\"Anteny VHF AC ANTENNAS 146-162.5MHz\"}]},{\"@type\":\"WebSite\",\"@id\":\"http:\\\/\\\/escort-technology.com\\\/de\\\/#website\",\"url\":\"http:\\\/\\\/escort-technology.com\\\/de\\\/\",\"name\":\"ESCORT TECHNOLOGY\",\"description\":\"Elektronika morska i l\u0105dowa\",\"publisher\":{\"@id\":\"http:\\\/\\\/escort-technology.com\\\/de\\\/#organization\"},\"potentialAction\":[{\"@type\":\"SearchAction\",\"target\":{\"@type\":\"EntryPoint\",\"urlTemplate\":\"http:\\\/\\\/escort-technology.com\\\/de\\\/?s={search_term_string}\"},\"query-input\":{\"@type\":\"PropertyValueSpecification\",\"valueRequired\":true,\"valueName\":\"search_term_string\"}}],\"inLanguage\":\"en-US\"},{\"@type\":\"Organization\",\"@id\":\"http:\\\/\\\/escort-technology.com\\\/de\\\/#organization\",\"name\":\"ESCORT TECHNOLOGY\",\"url\":\"http:\\\/\\\/escort-technology.com\\\/de\\\/\",\"logo\":{\"@type\":\"ImageObject\",\"inLanguage\":\"en-US\",\"@id\":\"http:\\\/\\\/escort-technology.com\\\/de\\\/#\\\/schema\\\/logo\\\/image\\\/\",\"url\":\"https:\\\/\\\/escort-technology.com\\\/wp-content\\\/uploads\\\/logo-1.jpg\",\"contentUrl\":\"https:\\\/\\\/escort-technology.com\\\/wp-content\\\/uploads\\\/logo-1.jpg\",\"width\":600,\"height\":165,\"caption\":\"ESCORT TECHNOLOGY\"},\"image\":{\"@id\":\"http:\\\/\\\/escort-technology.com\\\/de\\\/#\\\/schema\\\/logo\\\/image\\\/\"},\"sameAs\":[\"https:\\\/\\\/www.facebook.com\\\/elektronika.morska\\\/\",\"https:\\\/\\\/www.linkedin.com\\\/company\\\/escort-sp-z-o-o-\\\/\"]}]}<\/script>\n<!-- \/ Yoast SEO plugin. -->","yoast_head_json":{"title":"Anteny VHF AC ANTENNAS 146-162.5MHz - ESCORT TECHNOLOGY","robots":{"index":"index","follow":"follow","max-snippet":"max-snippet:-1","max-image-preview":"max-image-preview:large","max-video-preview":"max-video-preview:-1"},"canonical":"http:\/\/escort-technology.com\/en\/anteny-vhf-ac-antennas-146-162-5mhz\/","og_locale":"en_US","og_type":"article","og_title":"Anteny VHF AC ANTENNAS 146-162.5MHz - ESCORT TECHNOLOGY","og_description":"Anteny VHF AC ANTENNAS 146-162.5 MHz GP2M 5\/8 Antena naziemna o d\u0142ugo\u015bci fali 5\/8. Odpowiednia dla statk\u00f3w rybackich i handlowych, przeznaczona do monta\u017cu na rurze o \u015brednicy 27 mm (0,9 &#8222;). CX4 Antena\u00a0CX4 ma szeroki pionowy wz\u00f3r promieniowania. Nadaje si\u0119 do wszystkich typ\u00f3w statk\u00f3w.\u00a0 CX3 5\/8 Antena morska CX3 5\/8 VHF jest przeznaczona do\u00a0\u0142odzi motorowodnych, [&hellip;]","og_url":"http:\/\/escort-technology.com\/en\/anteny-vhf-ac-antennas-146-162-5mhz\/","og_site_name":"ESCORT TECHNOLOGY","article_publisher":"https:\/\/www.facebook.com\/elektronika.morska\/","article_modified_time":"2018-05-08T10:19:40+00:00","twitter_card":"summary_large_image","schema":{"@context":"https:\/\/schema.org","@graph":[{"@type":"WebPage","@id":"http:\/\/escort-technology.com\/pl\/anteny-vhf-ac-antennas-146-162-5mhz\/","url":"http:\/\/escort-technology.com\/pl\/anteny-vhf-ac-antennas-146-162-5mhz\/","name":"Anteny VHF AC ANTENNAS 146-162.5MHz - ESCORT TECHNOLOGY","isPartOf":{"@id":"http:\/\/escort-technology.com\/de\/#website"},"datePublished":"2018-05-08T10:07:53+00:00","dateModified":"2018-05-08T10:19:40+00:00","breadcrumb":{"@id":"http:\/\/escort-technology.com\/pl\/anteny-vhf-ac-antennas-146-162-5mhz\/#breadcrumb"},"inLanguage":"en-US","potentialAction":[{"@type":"ReadAction","target":["http:\/\/escort-technology.com\/pl\/anteny-vhf-ac-antennas-146-162-5mhz\/"]}]},{"@type":"BreadcrumbList","@id":"http:\/\/escort-technology.com\/pl\/anteny-vhf-ac-antennas-146-162-5mhz\/#breadcrumb","itemListElement":[{"@type":"ListItem","position":1,"name":"Strona g\u0142\u00f3wna","item":"https:\/\/escort-technology.com\/"},{"@type":"ListItem","position":2,"name":"Anteny VHF AC ANTENNAS 146-162.5MHz"}]},{"@type":"WebSite","@id":"http:\/\/escort-technology.com\/de\/#website","url":"http:\/\/escort-technology.com\/de\/","name":"ESCORT TECHNOLOGY","description":"Onshore and offshore electronics","publisher":{"@id":"http:\/\/escort-technology.com\/de\/#organization"},"potentialAction":[{"@type":"SearchAction","target":{"@type":"EntryPoint","urlTemplate":"http:\/\/escort-technology.com\/de\/?s={search_term_string}"},"query-input":{"@type":"PropertyValueSpecification","valueRequired":true,"valueName":"search_term_string"}}],"inLanguage":"en-US"},{"@type":"Organization","@id":"http:\/\/escort-technology.com\/de\/#organization","name":"ESCORT TECHNOLOGY","url":"http:\/\/escort-technology.com\/de\/","logo":{"@type":"ImageObject","inLanguage":"en-US","@id":"http:\/\/escort-technology.com\/de\/#\/schema\/logo\/image\/","url":"https:\/\/escort-technology.com\/wp-content\/uploads\/logo-1.jpg","contentUrl":"https:\/\/escort-technology.com\/wp-content\/uploads\/logo-1.jpg","width":600,"height":165,"caption":"ESCORT TECHNOLOGY"},"image":{"@id":"http:\/\/escort-technology.com\/de\/#\/schema\/logo\/image\/"},"sameAs":["https:\/\/www.facebook.com\/elektronika.morska\/","https:\/\/www.linkedin.com\/company\/escort-sp-z-o-o-\/"]}]}},"_links":{"self":[{"href":"http:\/\/escort-technology.com\/en\/wp-json\/wp\/v2\/pages\/3304","targetHints":{"allow":["GET"]}}],"collection":[{"href":"http:\/\/escort-technology.com\/en\/wp-json\/wp\/v2\/pages"}],"about":[{"href":"http:\/\/escort-technology.com\/en\/wp-json\/wp\/v2\/types\/page"}],"author":[{"embeddable":true,"href":"http:\/\/escort-technology.com\/en\/wp-json\/wp\/v2\/users\/6"}],"replies":[{"embeddable":true,"href":"http:\/\/escort-technology.com\/en\/wp-json\/wp\/v2\/comments?post=3304"}],"version-history":[{"count":4,"href":"http:\/\/escort-technology.com\/en\/wp-json\/wp\/v2\/pages\/3304\/revisions"}],"predecessor-version":[{"id":3316,"href":"http:\/\/escort-technology.com\/en\/wp-json\/wp\/v2\/pages\/3304\/revisions\/3316"}],"wp:attachment":[{"href":"http:\/\/escort-technology.com\/en\/wp-json\/wp\/v2\/media?parent=3304"}],"curies":[{"name":"wp","href":"https:\/\/api.w.org\/{rel}","templated":true}]}}