{"id":3387,"date":"2018-05-08T12:03:33","date_gmt":"2018-05-08T12:03:33","guid":{"rendered":"http:\/\/escort-technology.com\/?page_id=3387"},"modified":"2018-05-08T12:09:09","modified_gmt":"2018-05-08T12:09:09","slug":"modul-sonaru-simrad-structurescan3d","status":"publish","type":"page","link":"http:\/\/escort-technology.com\/en\/modul-sonaru-simrad-structurescan3d\/","title":{"rendered":"Modu\u0142 sonaru SIMRAD StructureScan3D"},"content":{"rendered":"<p>Modu\u0142 sonaru SIMRAD StructureScan3D<\/p>\n<p>Niezr\u00f3wnana dok\u0142adno\u015b\u0107 obrazu SideScan<br \/>\nAby zapewni\u0107 jak najlepsze wyniki SideScan, urz\u0105dzenie StructureScan 3D zosta\u0142o udoskonalone o wi\u0119ksz\u0105 liczb\u0105 czujnik\u00f3w, co zapewnia wi\u0119ksz\u0105 wydajno\u015b\u0107 obrazu.<br \/>\nWysoka rozdzielczo\u015b\u0107 (HD) i \u00a0szerokie skanowanie 3D<br \/>\nKontury poni\u017cej powierzchni wody mog\u0105 by\u0107 widoczne z boku statku \u2500 do 600 st\u00f3p. StructureScan\u00ae 3D udost\u0119pnia wiele obraz\u00f3w, w tym dwuwymiarowy obraz DownScan Imaging &#x2122; i StructureScan\u00ae HD oraz dodatkowo obraz 3D.<br \/>\nSkoroszyt skanowania wiod\u0105cego Edge &#x2122;<br \/>\nSkanowanie wiod\u0105ce Edge &#x2122; zapewnia wyra\u017ane graficzne przedstawienie obrazu sonarowego, kt\u00f3re przecinaj\u0105 si\u0119 z dolnymi konturami. G\u0142\u0119boko\u015b\u0107 i zakres ostatnio zeskanowanego obszaru s\u0105 oznaczone jako czerwone symbole bezpo\u015brednio pod statkiem. Wiod\u0105ca kraw\u0119d\u017a zawiera r\u00f3wnie\u017c skal\u0119 g\u0142\u0119boko\u015bci, kt\u00f3ra pokazuje wi\u0119ksz\u0105 g\u0142\u0119bi\u0119 szczeg\u00f3\u0142\u00f3w podczas powi\u0119kszania, daj\u0105c lepsze poczucie g\u0142\u0119boko\u015bci docelowej.<br \/>\nInne funkcje:<br \/>\nNak\u0142adka Punktu drogi<br \/>\nPrzegl\u0105danie obszar\u00f3w po\u0142owowych, konstrukcji i innych element\u00f3w podwodnych jest \u0142atwe dzi\u0119ki funkcji nak\u0142adania Punkt\u00f3w drogi. U\u017cycie klawiatury numerycznej, aby zapisa\u0107 punkt trasy w miejscu, lub prze\u0142\u0105czy\u0107 si\u0119 na tryb kursora i zapisa\u0107 punkty drogi nad konkretnymi celami.<br \/>\nAutomatyczne ustawienia obrazu 3D.<br \/>\nDostrojone ustawienia obrazu 3D s\u0105 ustawione jako domy\u015blna konfiguracja dla NSS \/ NSO evo2. Zmiany ustawie\u0144 mo\u017cna dokona\u0107 za pomoc\u0105 paska suwakowego na ekranie. \u00a0Jasno\u015b\u0107 na powierzchni jest redukowana przez zmniejszenie czu\u0142o\u015bci odbiornika blisko powierzchni. Kontrast rozja\u015bnia \/ przyciemnia palet\u0119 kolor\u00f3w, aby ryba i struktura by\u0142a \u0142atwiej widoczna.<br \/>\nPo\u0142\u0105czenia Ethernetowe<br \/>\nPorty Ethernet umo\u017cliwiaj\u0105 \u0142\u0105czno\u015b\u0107 z maksymalnie trzema urz\u0105dzeniami sieciowymi.<\/p>\n<p><!-- {\"name\":\"\",\"type\":\"layout\",\"children\":[{\"name\":\"ANTENA\",\"type\":\"section\",\"props\":{\"width\":\"default\",\"padding\":\"xsmall\",\"style\":\"default\",\"text_color\":\"\",\"media\":\"\",\"height_viewport\":false,\"header_overlay\":\"light\",\"animation\":\"slide-top-medium\",\"padding_remove_top\":false,\"image_size\":\"cover\",\"image\":\"\",\"image_position\":\"bottom-center\",\"image_fixed\":false,\"class\":\"\",\"overlap\":true,\"vertical_align\":\"middle\",\"title_position\":\"top-left\",\"title_rotation\":\"left\",\"title_breakpoint\":\"xl\"},\"children\":[{\"name\":\"\",\"type\":\"row\",\"props\":{\"layout\":\"1-1\",\"breakpoint\":\"m\",\"margin\":\"\",\"fixed_width\":\"large\"},\"children\":[{\"name\":\"\",\"type\":\"column\",\"props\":{\"image_position\":\"center-center\",\"widths\":[\"1-1\"]},\"children\":[{\"name\":\"\",\"type\":\"headline\",\"props\":{\"title_element\":\"h2\",\"content\":\"Modu\\u0142 sonaru SIMRAD StructureScan3D\",\"text_align\":\"center\",\"text_align_fallback\":\"center\",\"maxwidth_align\":\"center\",\"maxwidth\":\"\",\"title_style\":\"h2\",\"title_decoration\":\"\",\"margin\":\"\"}},{\"name\":\"\",\"type\":\"divider\",\"props\":{\"divider_element\":\"hr\"}}]}]},{\"name\":\"\",\"type\":\"row\",\"props\":{\"fixed_width\":\"large\",\"breakpoint\":\"m\",\"layout\":\",2-3\",\"margin\":\"medium\"},\"children\":[{\"name\":\"\",\"type\":\"column\",\"props\":{\"widths\":[\"\"],\"image_position\":\"center-center\"},\"children\":[{\"name\":\"\",\"type\":\"image\",\"props\":{\"margin\":\"default\",\"image\":\"wp-content\\\/uploads\\\/3d_tilted_md.jpg\",\"image_width\":\"300\",\"image_box_shadow\":\"\",\"image_border\":\"rounded\"}},{\"name\":\"\",\"type\":\"image\",\"props\":{\"margin\":\"default\",\"image\":\"wp-content\\\/uploads\\\/structurescan_unrivaled_sidescan.jpg\",\"image_width\":\"300\",\"image_box_shadow\":\"\",\"image_border\":\"rounded\"}},{\"name\":\"\",\"type\":\"image\",\"props\":{\"margin\":\"default\",\"image\":\"wp-content\\\/uploads\\\/structurescan_selectscan.jpg\",\"image_width\":\"300\",\"image_box_shadow\":\"\",\"image_border\":\"rounded\"}},{\"name\":\"\",\"type\":\"image\",\"props\":{\"margin\":\"default\",\"image\":\"wp-content\\\/uploads\\\/structurescan_hd_superwide3d.jpg\",\"image_width\":\"300\",\"image_box_shadow\":\"\",\"image_border\":\"rounded\"}},{\"name\":\"\",\"type\":\"image\",\"props\":{\"margin\":\"default\",\"image\":\"wp-content\\\/uploads\\\/structurescan_vertical_enhancement.jpg\",\"image_width\":\"300\",\"image_box_shadow\":\"\",\"image_border\":\"rounded\"}}]},{\"name\":\"\",\"type\":\"column\",\"props\":{\"widths\":[\"2-3\"],\"image_position\":\"center-center\"},\"children\":[{\"name\":\"\",\"type\":\"text\",\"props\":{\"column_breakpoint\":\"m\",\"margin\":\"medium\",\"content\":\"\n\n<p><strong>Niezr\\u00f3wnana dok\\u0142adno\\u015b\\u0107 obrazu SideScan<\\\/strong><\\\/p>\\n\n\n<p>Aby zapewni\\u0107 jak najlepsze wyniki SideScan, urz\\u0105dzenie StructureScan 3D zosta\\u0142o udoskonalone o wi\\u0119ksz\\u0105 liczb\\u0105 czujnik\\u00f3w, co zapewnia wi\\u0119ksz\\u0105 wydajno\\u015b\\u0107 obrazu.<\\\/p>\\n\n\n<p><strong>Wysoka rozdzielczo\\u015b\\u0107 (HD) i \\u00a0szerokie skanowanie 3D<\\\/strong><\\\/p>\\n\n\n<p>Kontury poni\\u017cej powierzchni wody mog\\u0105 by\\u0107 widoczne z boku statku \\u2500 do 600 st\\u00f3p. StructureScan\\u00ae 3D udost\\u0119pnia wiele obraz\\u00f3w, w tym dwuwymiarowy obraz DownScan Imaging \\u2122 i StructureScan\\u00ae HD oraz dodatkowo obraz 3D.<\\\/p>\\n\n\n<p><strong>Skoroszyt skanowania wiod\\u0105cego Edge \\u2122<\\\/strong><\\\/p>\\n\n\n<p>Skanowanie wiod\\u0105ce Edge \\u2122 zapewnia wyra\\u017ane graficzne przedstawienie obrazu sonarowego, kt\\u00f3re przecinaj\\u0105 si\\u0119 z dolnymi konturami. G\\u0142\\u0119boko\\u015b\\u0107 i zakres ostatnio zeskanowanego obszaru s\\u0105 oznaczone jako czerwone symbole bezpo\\u015brednio pod statkiem. Wiod\\u0105ca kraw\\u0119d\\u017a zawiera r\\u00f3wnie\\u017c skal\\u0119 g\\u0142\\u0119boko\\u015bci, kt\\u00f3ra pokazuje wi\\u0119ksz\\u0105 g\\u0142\\u0119bi\\u0119 szczeg\\u00f3\\u0142\\u00f3w podczas powi\\u0119kszania, daj\\u0105c lepsze poczucie g\\u0142\\u0119boko\\u015bci docelowej.<\\\/p>\\n\n\n<p><strong>Inne funkcje:<\\\/strong><\\\/p>\\n\n\n<p><strong>Nak\\u0142adka Punktu drogi<\\\/strong><\\\/p>\\n\n\n<p>Przegl\\u0105danie obszar\\u00f3w po\\u0142owowych, konstrukcji i innych element\\u00f3w podwodnych jest \\u0142atwe dzi\\u0119ki funkcji nak\\u0142adania Punkt\\u00f3w drogi. U\\u017cycie klawiatury numerycznej, aby zapisa\\u0107 punkt trasy w miejscu, lub prze\\u0142\\u0105czy\\u0107 si\\u0119 na tryb kursora i zapisa\\u0107 punkty drogi nad konkretnymi celami.<\\\/p>\\n\n\n<p><strong>Automatyczne ustawienia obrazu 3D.<\\\/strong><\\\/p>\\n\n\n<p>Dostrojone ustawienia obrazu 3D s\\u0105 ustawione jako domy\\u015blna konfiguracja dla NSS \\\/ NSO evo2. Zmiany ustawie\\u0144 mo\\u017cna dokona\\u0107 za pomoc\\u0105 paska suwakowego na ekranie. \\u00a0Jasno\\u015b\\u0107 na powierzchni jest redukowana przez zmniejszenie czu\\u0142o\\u015bci odbiornika blisko powierzchni. Kontrast rozja\\u015bnia \\\/ przyciemnia palet\\u0119 kolor\\u00f3w, aby ryba i struktura by\\u0142a \\u0142atwiej widoczna.<\\\/p>\\n\n\n<p><strong>Po\\u0142\\u0105czenia Ethernetowe<\\\/strong><\\\/p>\\n\n\n<p>Porty Ethernet umo\\u017cliwiaj\\u0105 \\u0142\\u0105czno\\u015b\\u0107 z maksymalnie trzema urz\\u0105dzeniami sieciowymi.<\\\/p>\",\"animation\":\"slide-left-medium\",\"text_align\":\"justify\",\"text_align_breakpoint\":\"m\",\"text_align_fallback\":\"center\",\"text_size\":\"\",\"maxwidth\":\"xxlarge\"}}]}]}]}]} --><\/p>\n","protected":false},"excerpt":{"rendered":"<p>Modu\u0142 sonaru SIMRAD StructureScan3D Niezr\u00f3wnana dok\u0142adno\u015b\u0107 obrazu SideScan Aby zapewni\u0107 jak najlepsze wyniki SideScan, urz\u0105dzenie StructureScan 3D zosta\u0142o udoskonalone o wi\u0119ksz\u0105 liczb\u0105 czujnik\u00f3w, co zapewnia wi\u0119ksz\u0105 wydajno\u015b\u0107 obrazu. Wysoka rozdzielczo\u015b\u0107 (HD) i \u00a0szerokie skanowanie 3D Kontury poni\u017cej powierzchni wody mog\u0105 by\u0107 widoczne z boku statku \u2500 do 600 st\u00f3p. StructureScan\u00ae 3D udost\u0119pnia wiele obraz\u00f3w, w [&hellip;]<\/p>\n","protected":false},"author":6,"featured_media":0,"parent":0,"menu_order":0,"comment_status":"closed","ping_status":"closed","template":"","meta":{"footnotes":""},"class_list":["post-3387","page","type-page","status-publish","hentry"],"yoast_head":"<!-- This site is optimized with the Yoast SEO plugin v27.6 - https:\/\/yoast.com\/product\/yoast-seo-wordpress\/ -->\n<title>Modu\u0142 sonaru SIMRAD StructureScan3D - ESCORT TECHNOLOGY<\/title>\n<meta name=\"robots\" content=\"index, follow, max-snippet:-1, max-image-preview:large, max-video-preview:-1\" \/>\n<link rel=\"canonical\" href=\"http:\/\/escort-technology.com\/en\/de\/modul-sonaru-simrad-structurescan3d\/\" \/>\n<meta property=\"og:locale\" content=\"en_US\" \/>\n<meta property=\"og:type\" content=\"article\" \/>\n<meta property=\"og:title\" content=\"Modu\u0142 sonaru SIMRAD StructureScan3D - ESCORT TECHNOLOGY\" \/>\n<meta property=\"og:description\" content=\"Modu\u0142 sonaru SIMRAD StructureScan3D Niezr\u00f3wnana dok\u0142adno\u015b\u0107 obrazu SideScan Aby zapewni\u0107 jak najlepsze wyniki SideScan, urz\u0105dzenie StructureScan 3D zosta\u0142o udoskonalone o wi\u0119ksz\u0105 liczb\u0105 czujnik\u00f3w, co zapewnia wi\u0119ksz\u0105 wydajno\u015b\u0107 obrazu. Wysoka rozdzielczo\u015b\u0107 (HD) i \u00a0szerokie skanowanie 3D Kontury poni\u017cej powierzchni wody mog\u0105 by\u0107 widoczne z boku statku \u2500 do 600 st\u00f3p. StructureScan\u00ae 3D udost\u0119pnia wiele obraz\u00f3w, w [&hellip;]\" \/>\n<meta property=\"og:url\" content=\"http:\/\/escort-technology.com\/en\/de\/modul-sonaru-simrad-structurescan3d\/\" \/>\n<meta property=\"og:site_name\" content=\"ESCORT TECHNOLOGY\" \/>\n<meta property=\"article:publisher\" content=\"https:\/\/www.facebook.com\/elektronika.morska\/\" \/>\n<meta property=\"article:modified_time\" content=\"2018-05-08T12:09:09+00:00\" \/>\n<meta name=\"twitter:card\" content=\"summary_large_image\" \/>\n<meta name=\"twitter:label1\" content=\"Est. reading time\" \/>\n\t<meta name=\"twitter:data1\" content=\"1 minute\" \/>\n<script type=\"application\/ld+json\" class=\"yoast-schema-graph\">{\"@context\":\"https:\\\/\\\/schema.org\",\"@graph\":[{\"@type\":\"WebPage\",\"@id\":\"http:\\\/\\\/escort-technology.com\\\/de\\\/modul-sonaru-simrad-structurescan3d\\\/\",\"url\":\"http:\\\/\\\/escort-technology.com\\\/de\\\/modul-sonaru-simrad-structurescan3d\\\/\",\"name\":\"Modu\u0142 sonaru SIMRAD StructureScan3D - ESCORT TECHNOLOGY\",\"isPartOf\":{\"@id\":\"http:\\\/\\\/escort-technology.com\\\/de\\\/#website\"},\"datePublished\":\"2018-05-08T12:03:33+00:00\",\"dateModified\":\"2018-05-08T12:09:09+00:00\",\"breadcrumb\":{\"@id\":\"http:\\\/\\\/escort-technology.com\\\/de\\\/modul-sonaru-simrad-structurescan3d\\\/#breadcrumb\"},\"inLanguage\":\"en-US\",\"potentialAction\":[{\"@type\":\"ReadAction\",\"target\":[\"http:\\\/\\\/escort-technology.com\\\/de\\\/modul-sonaru-simrad-structurescan3d\\\/\"]}]},{\"@type\":\"BreadcrumbList\",\"@id\":\"http:\\\/\\\/escort-technology.com\\\/de\\\/modul-sonaru-simrad-structurescan3d\\\/#breadcrumb\",\"itemListElement\":[{\"@type\":\"ListItem\",\"position\":1,\"name\":\"Strona g\u0142\u00f3wna\",\"item\":\"https:\\\/\\\/escort-technology.com\\\/\"},{\"@type\":\"ListItem\",\"position\":2,\"name\":\"Modu\u0142 sonaru SIMRAD StructureScan3D\"}]},{\"@type\":\"WebSite\",\"@id\":\"http:\\\/\\\/escort-technology.com\\\/de\\\/#website\",\"url\":\"http:\\\/\\\/escort-technology.com\\\/de\\\/\",\"name\":\"ESCORT TECHNOLOGY\",\"description\":\"Elektronika morska i l\u0105dowa\",\"publisher\":{\"@id\":\"http:\\\/\\\/escort-technology.com\\\/de\\\/#organization\"},\"potentialAction\":[{\"@type\":\"SearchAction\",\"target\":{\"@type\":\"EntryPoint\",\"urlTemplate\":\"http:\\\/\\\/escort-technology.com\\\/de\\\/?s={search_term_string}\"},\"query-input\":{\"@type\":\"PropertyValueSpecification\",\"valueRequired\":true,\"valueName\":\"search_term_string\"}}],\"inLanguage\":\"en-US\"},{\"@type\":\"Organization\",\"@id\":\"http:\\\/\\\/escort-technology.com\\\/de\\\/#organization\",\"name\":\"ESCORT TECHNOLOGY\",\"url\":\"http:\\\/\\\/escort-technology.com\\\/de\\\/\",\"logo\":{\"@type\":\"ImageObject\",\"inLanguage\":\"en-US\",\"@id\":\"http:\\\/\\\/escort-technology.com\\\/de\\\/#\\\/schema\\\/logo\\\/image\\\/\",\"url\":\"https:\\\/\\\/escort-technology.com\\\/wp-content\\\/uploads\\\/logo-1.jpg\",\"contentUrl\":\"https:\\\/\\\/escort-technology.com\\\/wp-content\\\/uploads\\\/logo-1.jpg\",\"width\":600,\"height\":165,\"caption\":\"ESCORT TECHNOLOGY\"},\"image\":{\"@id\":\"http:\\\/\\\/escort-technology.com\\\/de\\\/#\\\/schema\\\/logo\\\/image\\\/\"},\"sameAs\":[\"https:\\\/\\\/www.facebook.com\\\/elektronika.morska\\\/\",\"https:\\\/\\\/www.linkedin.com\\\/company\\\/escort-sp-z-o-o-\\\/\"]}]}<\/script>\n<!-- \/ Yoast SEO plugin. -->","yoast_head_json":{"title":"Modu\u0142 sonaru SIMRAD StructureScan3D - ESCORT TECHNOLOGY","robots":{"index":"index","follow":"follow","max-snippet":"max-snippet:-1","max-image-preview":"max-image-preview:large","max-video-preview":"max-video-preview:-1"},"canonical":"http:\/\/escort-technology.com\/en\/de\/modul-sonaru-simrad-structurescan3d\/","og_locale":"en_US","og_type":"article","og_title":"Modu\u0142 sonaru SIMRAD StructureScan3D - ESCORT TECHNOLOGY","og_description":"Modu\u0142 sonaru SIMRAD StructureScan3D Niezr\u00f3wnana dok\u0142adno\u015b\u0107 obrazu SideScan Aby zapewni\u0107 jak najlepsze wyniki SideScan, urz\u0105dzenie StructureScan 3D zosta\u0142o udoskonalone o wi\u0119ksz\u0105 liczb\u0105 czujnik\u00f3w, co zapewnia wi\u0119ksz\u0105 wydajno\u015b\u0107 obrazu. Wysoka rozdzielczo\u015b\u0107 (HD) i \u00a0szerokie skanowanie 3D Kontury poni\u017cej powierzchni wody mog\u0105 by\u0107 widoczne z boku statku \u2500 do 600 st\u00f3p. StructureScan\u00ae 3D udost\u0119pnia wiele obraz\u00f3w, w [&hellip;]","og_url":"http:\/\/escort-technology.com\/en\/de\/modul-sonaru-simrad-structurescan3d\/","og_site_name":"ESCORT TECHNOLOGY","article_publisher":"https:\/\/www.facebook.com\/elektronika.morska\/","article_modified_time":"2018-05-08T12:09:09+00:00","twitter_card":"summary_large_image","twitter_misc":{"Est. reading time":"1 minute"},"schema":{"@context":"https:\/\/schema.org","@graph":[{"@type":"WebPage","@id":"http:\/\/escort-technology.com\/de\/modul-sonaru-simrad-structurescan3d\/","url":"http:\/\/escort-technology.com\/de\/modul-sonaru-simrad-structurescan3d\/","name":"Modu\u0142 sonaru SIMRAD StructureScan3D - ESCORT TECHNOLOGY","isPartOf":{"@id":"http:\/\/escort-technology.com\/de\/#website"},"datePublished":"2018-05-08T12:03:33+00:00","dateModified":"2018-05-08T12:09:09+00:00","breadcrumb":{"@id":"http:\/\/escort-technology.com\/de\/modul-sonaru-simrad-structurescan3d\/#breadcrumb"},"inLanguage":"en-US","potentialAction":[{"@type":"ReadAction","target":["http:\/\/escort-technology.com\/de\/modul-sonaru-simrad-structurescan3d\/"]}]},{"@type":"BreadcrumbList","@id":"http:\/\/escort-technology.com\/de\/modul-sonaru-simrad-structurescan3d\/#breadcrumb","itemListElement":[{"@type":"ListItem","position":1,"name":"Strona g\u0142\u00f3wna","item":"https:\/\/escort-technology.com\/"},{"@type":"ListItem","position":2,"name":"Modu\u0142 sonaru SIMRAD StructureScan3D"}]},{"@type":"WebSite","@id":"http:\/\/escort-technology.com\/de\/#website","url":"http:\/\/escort-technology.com\/de\/","name":"ESCORT TECHNOLOGY","description":"Onshore and offshore electronics","publisher":{"@id":"http:\/\/escort-technology.com\/de\/#organization"},"potentialAction":[{"@type":"SearchAction","target":{"@type":"EntryPoint","urlTemplate":"http:\/\/escort-technology.com\/de\/?s={search_term_string}"},"query-input":{"@type":"PropertyValueSpecification","valueRequired":true,"valueName":"search_term_string"}}],"inLanguage":"en-US"},{"@type":"Organization","@id":"http:\/\/escort-technology.com\/de\/#organization","name":"ESCORT TECHNOLOGY","url":"http:\/\/escort-technology.com\/de\/","logo":{"@type":"ImageObject","inLanguage":"en-US","@id":"http:\/\/escort-technology.com\/de\/#\/schema\/logo\/image\/","url":"https:\/\/escort-technology.com\/wp-content\/uploads\/logo-1.jpg","contentUrl":"https:\/\/escort-technology.com\/wp-content\/uploads\/logo-1.jpg","width":600,"height":165,"caption":"ESCORT TECHNOLOGY"},"image":{"@id":"http:\/\/escort-technology.com\/de\/#\/schema\/logo\/image\/"},"sameAs":["https:\/\/www.facebook.com\/elektronika.morska\/","https:\/\/www.linkedin.com\/company\/escort-sp-z-o-o-\/"]}]}},"_links":{"self":[{"href":"http:\/\/escort-technology.com\/en\/wp-json\/wp\/v2\/pages\/3387","targetHints":{"allow":["GET"]}}],"collection":[{"href":"http:\/\/escort-technology.com\/en\/wp-json\/wp\/v2\/pages"}],"about":[{"href":"http:\/\/escort-technology.com\/en\/wp-json\/wp\/v2\/types\/page"}],"author":[{"embeddable":true,"href":"http:\/\/escort-technology.com\/en\/wp-json\/wp\/v2\/users\/6"}],"replies":[{"embeddable":true,"href":"http:\/\/escort-technology.com\/en\/wp-json\/wp\/v2\/comments?post=3387"}],"version-history":[{"count":2,"href":"http:\/\/escort-technology.com\/en\/wp-json\/wp\/v2\/pages\/3387\/revisions"}],"predecessor-version":[{"id":3395,"href":"http:\/\/escort-technology.com\/en\/wp-json\/wp\/v2\/pages\/3387\/revisions\/3395"}],"wp:attachment":[{"href":"http:\/\/escort-technology.com\/en\/wp-json\/wp\/v2\/media?parent=3387"}],"curies":[{"name":"wp","href":"https:\/\/api.w.org\/{rel}","templated":true}]}}