{"id":3777,"date":"2018-05-21T07:31:40","date_gmt":"2018-05-21T07:31:40","guid":{"rendered":"http:\/\/escort-technology.com\/?page_id=3777"},"modified":"2018-05-21T08:02:46","modified_gmt":"2018-05-21T08:02:46","slug":"jrc-fleet-broadband-jue-500","status":"publish","type":"page","link":"http:\/\/escort-technology.com\/en\/jrc-fleet-broadband-jue-500\/","title":{"rendered":"JRC Fleet Broadband JUE-500"},"content":{"rendered":"<p>JRC Fleet Broadband JUE-500<\/p>\n<p>Najnowsze terminale \u0142\u0105czno\u015bci satelitarnej Inmarsat Fleet Broadband zapewniaj\u0105 \u0142\u0105czno\u015b\u0107 telefoniczn\u0105, SMS, faksow\u0105 oraz najszybszy satelitarny transfer danych (do 432 kbps).<br \/>\nTerminal JUE-500 jest przeznaczony dla statk\u00f3w pe\u0142nomorskich. Zapewnia \u0142\u0105czno\u015b\u0107 telefoniczn\u0105, faksow\u0105 oraz szybk\u0105 transmisj\u0119 danych do 432 kbps w tym gwarantowan\u0105 szybko\u015b\u0107 transmisji strumieniowej do 256 kbps. Parametry te pozwalaj\u0105 na przesy\u0142anie uaktualnie\u0144 map elektronicznych, prowadzenia videokonferencji oraz zdalnej diagnostyki urz\u0105dze\u0144 radionawigacyjnych.\u0141\u0105czno\u015b\u0107 telefoniczna poprzez s\u0142uchawk\u0119 VoIP gwarantuje nisk\u0105 cen\u0119 tej us\u0142ugi, poni\u017cej 0,5 USD\/min.<\/p>\n<p><!-- {\"name\":\"\",\"type\":\"layout\",\"children\":[{\"name\":\"ANTENA\",\"type\":\"section\",\"props\":{\"width\":\"default\",\"padding\":\"xsmall\",\"style\":\"default\",\"text_color\":\"\",\"media\":\"\",\"height_viewport\":false,\"header_overlay\":\"light\",\"animation\":\"slide-top-medium\",\"padding_remove_top\":false,\"image_size\":\"cover\",\"image\":\"\",\"image_position\":\"bottom-center\",\"image_fixed\":false,\"class\":\"\",\"overlap\":true,\"vertical_align\":\"middle\",\"title_position\":\"top-left\",\"title_rotation\":\"left\",\"title_breakpoint\":\"xl\"},\"children\":[{\"name\":\"\",\"type\":\"row\",\"props\":{\"layout\":\"1-1\",\"breakpoint\":\"m\",\"margin\":\"\",\"fixed_width\":\"large\"},\"children\":[{\"name\":\"\",\"type\":\"column\",\"props\":{\"image_position\":\"center-center\",\"widths\":[\"1-1\"]},\"children\":[{\"name\":\"\",\"type\":\"headline\",\"props\":{\"title_element\":\"h2\",\"content\":\"JRC Fleet Broadband JUE-500\",\"text_align\":\"center\",\"text_align_fallback\":\"center\",\"maxwidth_align\":\"center\",\"maxwidth\":\"\",\"title_style\":\"h2\",\"title_decoration\":\"\",\"margin\":\"\"}},{\"name\":\"\",\"type\":\"divider\",\"props\":{\"divider_element\":\"hr\"}}]}]},{\"name\":\"\",\"type\":\"row\",\"props\":{\"fixed_width\":\"large\",\"breakpoint\":\"m\",\"layout\":\",2-3\",\"margin\":\"medium\"},\"children\":[{\"name\":\"\",\"type\":\"column\",\"props\":{\"widths\":[\"\"],\"image_position\":\"center-center\"},\"children\":[{\"name\":\"\",\"type\":\"image\",\"props\":{\"margin\":\"default\",\"image\":\"wp-content\\\/uploads\\\/jue500.jpg\",\"image_width\":\"300\",\"image_box_shadow\":\"\",\"image_border\":\"rounded\"}},{\"name\":\"\",\"type\":\"image\",\"props\":{\"margin\":\"default\",\"image\":\"wp-content\\\/uploads\\\/main-unit-500.jpg\",\"image_width\":\"300\",\"image_box_shadow\":\"\",\"image_border\":\"rounded\"}}]},{\"name\":\"\",\"type\":\"column\",\"props\":{\"widths\":[\"2-3\"],\"image_position\":\"center-center\"},\"children\":[{\"name\":\"\",\"type\":\"text\",\"props\":{\"column_breakpoint\":\"m\",\"margin\":\"medium\",\"content\":\"\n\n<p>Najnowsze terminale \\u0142\\u0105czno\\u015bci satelitarnej Inmarsat <strong>Fleet Broadband <\\\/strong>zapewniaj\\u0105 \\u0142\\u0105czno\\u015b\\u0107 telefoniczn\\u0105, SMS, faksow\\u0105 oraz najszybszy satelitarny transfer danych (do 432 kbps).<\\\/p>\\n\n\n<p>Terminal JUE-500 jest przeznaczony dla statk\\u00f3w pe\\u0142nomorskich. Zapewnia \\u0142\\u0105czno\\u015b\\u0107 telefoniczn\\u0105, faksow\\u0105 oraz szybk\\u0105 transmisj\\u0119 danych do 432 kbps w tym gwarantowan\\u0105 szybko\\u015b\\u0107 transmisji strumieniowej do 256 kbps. Parametry te pozwalaj\\u0105 na przesy\\u0142anie uaktualnie\\u0144 map elektronicznych, prowadzenia videokonferencji oraz zdalnej diagnostyki urz\\u0105dze\\u0144 radionawigacyjnych.<br \\\/>\\u0141\\u0105czno\\u015b\\u0107 telefoniczna poprzez s\\u0142uchawk\\u0119 VoIP gwarantuje nisk\\u0105 cen\\u0119 tej us\\u0142ugi, poni\\u017cej 0,5 USD\\\/min.<\\\/p>\",\"animation\":\"slide-left-medium\",\"text_align\":\"justify\",\"text_align_breakpoint\":\"m\",\"text_align_fallback\":\"center\",\"text_size\":\"\",\"maxwidth\":\"xlarge\"}}]}]}]}]} --><\/p>\n","protected":false},"excerpt":{"rendered":"<p>JRC Fleet Broadband JUE-500 Najnowsze terminale \u0142\u0105czno\u015bci satelitarnej Inmarsat Fleet Broadband zapewniaj\u0105 \u0142\u0105czno\u015b\u0107 telefoniczn\u0105, SMS, faksow\u0105 oraz najszybszy satelitarny transfer danych (do 432 kbps). Terminal JUE-500 jest przeznaczony dla statk\u00f3w pe\u0142nomorskich. Zapewnia \u0142\u0105czno\u015b\u0107 telefoniczn\u0105, faksow\u0105 oraz szybk\u0105 transmisj\u0119 danych do 432 kbps w tym gwarantowan\u0105 szybko\u015b\u0107 transmisji strumieniowej do 256 kbps. Parametry te pozwalaj\u0105 na [&hellip;]<\/p>\n","protected":false},"author":6,"featured_media":0,"parent":0,"menu_order":0,"comment_status":"closed","ping_status":"closed","template":"","meta":{"footnotes":""},"class_list":["post-3777","page","type-page","status-publish","hentry"],"yoast_head":"<!-- This site is optimized with the Yoast SEO plugin v27.6 - https:\/\/yoast.com\/product\/yoast-seo-wordpress\/ -->\n<title>JRC Fleet Broadband JUE-500 - ESCORT TECHNOLOGY<\/title>\n<meta name=\"robots\" content=\"index, follow, max-snippet:-1, max-image-preview:large, max-video-preview:-1\" \/>\n<link rel=\"canonical\" href=\"http:\/\/escort-technology.com\/en\/de\/jrc-fleet-broadband-jue-500\/\" \/>\n<meta property=\"og:locale\" content=\"en_US\" \/>\n<meta property=\"og:type\" content=\"article\" \/>\n<meta property=\"og:title\" content=\"JRC Fleet Broadband JUE-500 - ESCORT TECHNOLOGY\" \/>\n<meta property=\"og:description\" content=\"JRC Fleet Broadband JUE-500 Najnowsze terminale \u0142\u0105czno\u015bci satelitarnej Inmarsat Fleet Broadband zapewniaj\u0105 \u0142\u0105czno\u015b\u0107 telefoniczn\u0105, SMS, faksow\u0105 oraz najszybszy satelitarny transfer danych (do 432 kbps). Terminal JUE-500 jest przeznaczony dla statk\u00f3w pe\u0142nomorskich. Zapewnia \u0142\u0105czno\u015b\u0107 telefoniczn\u0105, faksow\u0105 oraz szybk\u0105 transmisj\u0119 danych do 432 kbps w tym gwarantowan\u0105 szybko\u015b\u0107 transmisji strumieniowej do 256 kbps. Parametry te pozwalaj\u0105 na [&hellip;]\" \/>\n<meta property=\"og:url\" content=\"http:\/\/escort-technology.com\/en\/de\/jrc-fleet-broadband-jue-500\/\" \/>\n<meta property=\"og:site_name\" content=\"ESCORT TECHNOLOGY\" \/>\n<meta property=\"article:publisher\" content=\"https:\/\/www.facebook.com\/elektronika.morska\/\" \/>\n<meta property=\"article:modified_time\" content=\"2018-05-21T08:02:46+00:00\" \/>\n<meta name=\"twitter:card\" content=\"summary_large_image\" \/>\n<script type=\"application\/ld+json\" class=\"yoast-schema-graph\">{\"@context\":\"https:\\\/\\\/schema.org\",\"@graph\":[{\"@type\":\"WebPage\",\"@id\":\"http:\\\/\\\/escort-technology.com\\\/de\\\/jrc-fleet-broadband-jue-500\\\/\",\"url\":\"http:\\\/\\\/escort-technology.com\\\/de\\\/jrc-fleet-broadband-jue-500\\\/\",\"name\":\"JRC Fleet Broadband JUE-500 - ESCORT TECHNOLOGY\",\"isPartOf\":{\"@id\":\"http:\\\/\\\/escort-technology.com\\\/de\\\/#website\"},\"datePublished\":\"2018-05-21T07:31:40+00:00\",\"dateModified\":\"2018-05-21T08:02:46+00:00\",\"breadcrumb\":{\"@id\":\"http:\\\/\\\/escort-technology.com\\\/de\\\/jrc-fleet-broadband-jue-500\\\/#breadcrumb\"},\"inLanguage\":\"en-US\",\"potentialAction\":[{\"@type\":\"ReadAction\",\"target\":[\"http:\\\/\\\/escort-technology.com\\\/de\\\/jrc-fleet-broadband-jue-500\\\/\"]}]},{\"@type\":\"BreadcrumbList\",\"@id\":\"http:\\\/\\\/escort-technology.com\\\/de\\\/jrc-fleet-broadband-jue-500\\\/#breadcrumb\",\"itemListElement\":[{\"@type\":\"ListItem\",\"position\":1,\"name\":\"Strona g\u0142\u00f3wna\",\"item\":\"https:\\\/\\\/escort-technology.com\\\/\"},{\"@type\":\"ListItem\",\"position\":2,\"name\":\"JRC Fleet Broadband JUE-500\"}]},{\"@type\":\"WebSite\",\"@id\":\"http:\\\/\\\/escort-technology.com\\\/de\\\/#website\",\"url\":\"http:\\\/\\\/escort-technology.com\\\/de\\\/\",\"name\":\"ESCORT TECHNOLOGY\",\"description\":\"Elektronika morska i l\u0105dowa\",\"publisher\":{\"@id\":\"http:\\\/\\\/escort-technology.com\\\/de\\\/#organization\"},\"potentialAction\":[{\"@type\":\"SearchAction\",\"target\":{\"@type\":\"EntryPoint\",\"urlTemplate\":\"http:\\\/\\\/escort-technology.com\\\/de\\\/?s={search_term_string}\"},\"query-input\":{\"@type\":\"PropertyValueSpecification\",\"valueRequired\":true,\"valueName\":\"search_term_string\"}}],\"inLanguage\":\"en-US\"},{\"@type\":\"Organization\",\"@id\":\"http:\\\/\\\/escort-technology.com\\\/de\\\/#organization\",\"name\":\"ESCORT TECHNOLOGY\",\"url\":\"http:\\\/\\\/escort-technology.com\\\/de\\\/\",\"logo\":{\"@type\":\"ImageObject\",\"inLanguage\":\"en-US\",\"@id\":\"http:\\\/\\\/escort-technology.com\\\/de\\\/#\\\/schema\\\/logo\\\/image\\\/\",\"url\":\"https:\\\/\\\/escort-technology.com\\\/wp-content\\\/uploads\\\/logo-1.jpg\",\"contentUrl\":\"https:\\\/\\\/escort-technology.com\\\/wp-content\\\/uploads\\\/logo-1.jpg\",\"width\":600,\"height\":165,\"caption\":\"ESCORT TECHNOLOGY\"},\"image\":{\"@id\":\"http:\\\/\\\/escort-technology.com\\\/de\\\/#\\\/schema\\\/logo\\\/image\\\/\"},\"sameAs\":[\"https:\\\/\\\/www.facebook.com\\\/elektronika.morska\\\/\",\"https:\\\/\\\/www.linkedin.com\\\/company\\\/escort-sp-z-o-o-\\\/\"]}]}<\/script>\n<!-- \/ Yoast SEO plugin. -->","yoast_head_json":{"title":"JRC Fleet Broadband JUE-500 - ESCORT TECHNOLOGY","robots":{"index":"index","follow":"follow","max-snippet":"max-snippet:-1","max-image-preview":"max-image-preview:large","max-video-preview":"max-video-preview:-1"},"canonical":"http:\/\/escort-technology.com\/en\/de\/jrc-fleet-broadband-jue-500\/","og_locale":"en_US","og_type":"article","og_title":"JRC Fleet Broadband JUE-500 - ESCORT TECHNOLOGY","og_description":"JRC Fleet Broadband JUE-500 Najnowsze terminale \u0142\u0105czno\u015bci satelitarnej Inmarsat Fleet Broadband zapewniaj\u0105 \u0142\u0105czno\u015b\u0107 telefoniczn\u0105, SMS, faksow\u0105 oraz najszybszy satelitarny transfer danych (do 432 kbps). Terminal JUE-500 jest przeznaczony dla statk\u00f3w pe\u0142nomorskich. Zapewnia \u0142\u0105czno\u015b\u0107 telefoniczn\u0105, faksow\u0105 oraz szybk\u0105 transmisj\u0119 danych do 432 kbps w tym gwarantowan\u0105 szybko\u015b\u0107 transmisji strumieniowej do 256 kbps. Parametry te pozwalaj\u0105 na [&hellip;]","og_url":"http:\/\/escort-technology.com\/en\/de\/jrc-fleet-broadband-jue-500\/","og_site_name":"ESCORT TECHNOLOGY","article_publisher":"https:\/\/www.facebook.com\/elektronika.morska\/","article_modified_time":"2018-05-21T08:02:46+00:00","twitter_card":"summary_large_image","schema":{"@context":"https:\/\/schema.org","@graph":[{"@type":"WebPage","@id":"http:\/\/escort-technology.com\/de\/jrc-fleet-broadband-jue-500\/","url":"http:\/\/escort-technology.com\/de\/jrc-fleet-broadband-jue-500\/","name":"JRC Fleet Broadband JUE-500 - ESCORT TECHNOLOGY","isPartOf":{"@id":"http:\/\/escort-technology.com\/de\/#website"},"datePublished":"2018-05-21T07:31:40+00:00","dateModified":"2018-05-21T08:02:46+00:00","breadcrumb":{"@id":"http:\/\/escort-technology.com\/de\/jrc-fleet-broadband-jue-500\/#breadcrumb"},"inLanguage":"en-US","potentialAction":[{"@type":"ReadAction","target":["http:\/\/escort-technology.com\/de\/jrc-fleet-broadband-jue-500\/"]}]},{"@type":"BreadcrumbList","@id":"http:\/\/escort-technology.com\/de\/jrc-fleet-broadband-jue-500\/#breadcrumb","itemListElement":[{"@type":"ListItem","position":1,"name":"Strona g\u0142\u00f3wna","item":"https:\/\/escort-technology.com\/"},{"@type":"ListItem","position":2,"name":"JRC Fleet Broadband JUE-500"}]},{"@type":"WebSite","@id":"http:\/\/escort-technology.com\/de\/#website","url":"http:\/\/escort-technology.com\/de\/","name":"ESCORT TECHNOLOGY","description":"Onshore and offshore electronics","publisher":{"@id":"http:\/\/escort-technology.com\/de\/#organization"},"potentialAction":[{"@type":"SearchAction","target":{"@type":"EntryPoint","urlTemplate":"http:\/\/escort-technology.com\/de\/?s={search_term_string}"},"query-input":{"@type":"PropertyValueSpecification","valueRequired":true,"valueName":"search_term_string"}}],"inLanguage":"en-US"},{"@type":"Organization","@id":"http:\/\/escort-technology.com\/de\/#organization","name":"ESCORT TECHNOLOGY","url":"http:\/\/escort-technology.com\/de\/","logo":{"@type":"ImageObject","inLanguage":"en-US","@id":"http:\/\/escort-technology.com\/de\/#\/schema\/logo\/image\/","url":"https:\/\/escort-technology.com\/wp-content\/uploads\/logo-1.jpg","contentUrl":"https:\/\/escort-technology.com\/wp-content\/uploads\/logo-1.jpg","width":600,"height":165,"caption":"ESCORT TECHNOLOGY"},"image":{"@id":"http:\/\/escort-technology.com\/de\/#\/schema\/logo\/image\/"},"sameAs":["https:\/\/www.facebook.com\/elektronika.morska\/","https:\/\/www.linkedin.com\/company\/escort-sp-z-o-o-\/"]}]}},"_links":{"self":[{"href":"http:\/\/escort-technology.com\/en\/wp-json\/wp\/v2\/pages\/3777","targetHints":{"allow":["GET"]}}],"collection":[{"href":"http:\/\/escort-technology.com\/en\/wp-json\/wp\/v2\/pages"}],"about":[{"href":"http:\/\/escort-technology.com\/en\/wp-json\/wp\/v2\/types\/page"}],"author":[{"embeddable":true,"href":"http:\/\/escort-technology.com\/en\/wp-json\/wp\/v2\/users\/6"}],"replies":[{"embeddable":true,"href":"http:\/\/escort-technology.com\/en\/wp-json\/wp\/v2\/comments?post=3777"}],"version-history":[{"count":2,"href":"http:\/\/escort-technology.com\/en\/wp-json\/wp\/v2\/pages\/3777\/revisions"}],"predecessor-version":[{"id":3813,"href":"http:\/\/escort-technology.com\/en\/wp-json\/wp\/v2\/pages\/3777\/revisions\/3813"}],"wp:attachment":[{"href":"http:\/\/escort-technology.com\/en\/wp-json\/wp\/v2\/media?parent=3777"}],"curies":[{"name":"wp","href":"https:\/\/api.w.org\/{rel}","templated":true}]}}