{"id":4217,"date":"2018-05-25T09:09:34","date_gmt":"2018-05-25T09:09:34","guid":{"rendered":"http:\/\/escort-technology.com\/?page_id=4217"},"modified":"2018-05-25T09:16:11","modified_gmt":"2018-05-25T09:16:11","slug":"pic-1-kamera-do-inspekcji-rurociagow","status":"publish","type":"page","link":"http:\/\/escort-technology.com\/en\/pic-1-kamera-do-inspekcji-rurociagow\/","title":{"rendered":"PIC-1 Kamera do inspekcji ruroci\u0105g\u00f3w"},"content":{"rendered":"<p>PIC-1 Kamera do inspekcji rurociag\u00f3w<\/p>\n<p>BROSZURA<\/p>\n<p><!-- {\"name\":\"\",\"type\":\"layout\",\"children\":[{\"name\":\"ANTENA\",\"type\":\"section\",\"props\":{\"width\":\"default\",\"padding\":\"xsmall\",\"style\":\"default\",\"text_color\":\"\",\"media\":\"\",\"height_viewport\":false,\"header_overlay\":\"light\",\"animation\":\"slide-top-medium\",\"padding_remove_top\":false,\"image_size\":\"cover\",\"image\":\"\",\"image_position\":\"bottom-center\",\"image_fixed\":false,\"class\":\"\",\"overlap\":true,\"vertical_align\":\"middle\",\"title_position\":\"top-left\",\"title_rotation\":\"left\",\"title_breakpoint\":\"xl\"},\"children\":[{\"name\":\"\",\"type\":\"row\",\"props\":{\"layout\":\"1-1\",\"breakpoint\":\"m\",\"margin\":\"\",\"fixed_width\":\"large\"},\"children\":[{\"name\":\"\",\"type\":\"column\",\"props\":{\"image_position\":\"center-center\",\"widths\":[\"1-1\"]},\"children\":[{\"name\":\"\",\"type\":\"headline\",\"props\":{\"title_element\":\"h2\",\"content\":\"PIC-1 Kamera do inspekcji rurociag\\u00f3w\",\"text_align\":\"center\",\"text_align_fallback\":\"center\",\"maxwidth_align\":\"center\",\"maxwidth\":\"\",\"title_style\":\"h2\",\"title_decoration\":\"\",\"margin\":\"\"}},{\"name\":\"\",\"type\":\"divider\",\"props\":{\"divider_element\":\"hr\"}},{\"name\":\"\",\"type\":\"image\",\"props\":{\"margin\":\"default\",\"image\":\"wp-content\\\/uploads\\\/PIC1.jpg\",\"image_width\":\"300\",\"image_box_shadow\":\"\",\"image_border\":\"rounded\",\"text_align\":\"center\"}}]}]},{\"name\":\"\",\"type\":\"row\",\"props\":{\"fixed_width\":\"large\",\"breakpoint\":\"m\",\"layout\":\"1-1\",\"margin\":\"large\"},\"children\":[{\"name\":\"\",\"type\":\"column\",\"props\":{\"image_position\":\"center-center\",\"widths\":[\"1-1\"]},\"children\":[{\"name\":\"\",\"type\":\"button\",\"props\":{\"gutter\":\"small\",\"inline_align\":\"center\",\"margin\":\"\",\"text_align\":\"center\",\"button_size\":\"large\",\"animation\":\"slide-bottom-medium\"},\"children\":[{\"name\":\"\",\"type\":\"button_item\",\"props\":{\"button_style\":\"secondary\",\"content\":\"BROSZURA\",\"link\":\"wp-content\\\/uploads\\\/PIC-1_Kamera_do_inspekcji_rurociagow_ang.pdf\",\"link_title\":\"Explore More\",\"icon_align\":\"left\",\"link_target\":\"blank\"}}]}]}]}]}]} --><\/p>\n","protected":false},"excerpt":{"rendered":"<p>PIC-1 Kamera do inspekcji rurociag\u00f3w BROSZURA<\/p>","protected":false},"author":6,"featured_media":0,"parent":0,"menu_order":0,"comment_status":"closed","ping_status":"closed","template":"","meta":{"footnotes":""},"class_list":["post-4217","page","type-page","status-publish","hentry"],"yoast_head":"<!-- This site is optimized with the Yoast SEO plugin v27.5 - https:\/\/yoast.com\/product\/yoast-seo-wordpress\/ -->\n<title>PIC-1 Kamera do inspekcji ruroci\u0105g\u00f3w - ESCORT TECHNOLOGY<\/title>\n<meta name=\"robots\" content=\"index, follow, max-snippet:-1, max-image-preview:large, max-video-preview:-1\" \/>\n<link rel=\"canonical\" href=\"https:\/\/escort-technology.com\/en\/de\/pic-1-kamera-do-inspekcji-rurociagow\/\" \/>\n<meta property=\"og:locale\" content=\"en_US\" \/>\n<meta property=\"og:type\" content=\"article\" \/>\n<meta property=\"og:title\" content=\"PIC-1 Kamera do inspekcji ruroci\u0105g\u00f3w - ESCORT TECHNOLOGY\" \/>\n<meta property=\"og:description\" content=\"PIC-1 Kamera do inspekcji rurociag\u00f3w BROSZURA\" \/>\n<meta property=\"og:url\" content=\"https:\/\/escort-technology.com\/en\/de\/pic-1-kamera-do-inspekcji-rurociagow\/\" \/>\n<meta property=\"og:site_name\" content=\"ESCORT TECHNOLOGY\" \/>\n<meta property=\"article:publisher\" content=\"https:\/\/www.facebook.com\/elektronika.morska\/\" \/>\n<meta property=\"article:modified_time\" content=\"2018-05-25T09:16:11+00:00\" \/>\n<meta name=\"twitter:card\" content=\"summary_large_image\" \/>\n<script type=\"application\/ld+json\" class=\"yoast-schema-graph\">{\"@context\":\"https:\\\/\\\/schema.org\",\"@graph\":[{\"@type\":\"WebPage\",\"@id\":\"https:\\\/\\\/escort-technology.com\\\/de\\\/pic-1-kamera-do-inspekcji-rurociagow\\\/\",\"url\":\"https:\\\/\\\/escort-technology.com\\\/de\\\/pic-1-kamera-do-inspekcji-rurociagow\\\/\",\"name\":\"PIC-1 Kamera do inspekcji ruroci\u0105g\u00f3w - ESCORT TECHNOLOGY\",\"isPartOf\":{\"@id\":\"http:\\\/\\\/escort-technology.com\\\/de\\\/#website\"},\"datePublished\":\"2018-05-25T09:09:34+00:00\",\"dateModified\":\"2018-05-25T09:16:11+00:00\",\"breadcrumb\":{\"@id\":\"https:\\\/\\\/escort-technology.com\\\/de\\\/pic-1-kamera-do-inspekcji-rurociagow\\\/#breadcrumb\"},\"inLanguage\":\"en-US\",\"potentialAction\":[{\"@type\":\"ReadAction\",\"target\":[\"https:\\\/\\\/escort-technology.com\\\/de\\\/pic-1-kamera-do-inspekcji-rurociagow\\\/\"]}]},{\"@type\":\"BreadcrumbList\",\"@id\":\"https:\\\/\\\/escort-technology.com\\\/de\\\/pic-1-kamera-do-inspekcji-rurociagow\\\/#breadcrumb\",\"itemListElement\":[{\"@type\":\"ListItem\",\"position\":1,\"name\":\"Strona g\u0142\u00f3wna\",\"item\":\"https:\\\/\\\/escort-technology.com\\\/\"},{\"@type\":\"ListItem\",\"position\":2,\"name\":\"PIC-1 Kamera do inspekcji ruroci\u0105g\u00f3w\"}]},{\"@type\":\"WebSite\",\"@id\":\"http:\\\/\\\/escort-technology.com\\\/de\\\/#website\",\"url\":\"http:\\\/\\\/escort-technology.com\\\/de\\\/\",\"name\":\"ESCORT TECHNOLOGY\",\"description\":\"Elektronika morska i l\u0105dowa\",\"publisher\":{\"@id\":\"http:\\\/\\\/escort-technology.com\\\/de\\\/#organization\"},\"potentialAction\":[{\"@type\":\"SearchAction\",\"target\":{\"@type\":\"EntryPoint\",\"urlTemplate\":\"http:\\\/\\\/escort-technology.com\\\/de\\\/?s={search_term_string}\"},\"query-input\":{\"@type\":\"PropertyValueSpecification\",\"valueRequired\":true,\"valueName\":\"search_term_string\"}}],\"inLanguage\":\"en-US\"},{\"@type\":\"Organization\",\"@id\":\"http:\\\/\\\/escort-technology.com\\\/de\\\/#organization\",\"name\":\"ESCORT TECHNOLOGY\",\"url\":\"http:\\\/\\\/escort-technology.com\\\/de\\\/\",\"logo\":{\"@type\":\"ImageObject\",\"inLanguage\":\"en-US\",\"@id\":\"http:\\\/\\\/escort-technology.com\\\/de\\\/#\\\/schema\\\/logo\\\/image\\\/\",\"url\":\"https:\\\/\\\/escort-technology.com\\\/wp-content\\\/uploads\\\/logo-1.jpg\",\"contentUrl\":\"https:\\\/\\\/escort-technology.com\\\/wp-content\\\/uploads\\\/logo-1.jpg\",\"width\":600,\"height\":165,\"caption\":\"ESCORT TECHNOLOGY\"},\"image\":{\"@id\":\"http:\\\/\\\/escort-technology.com\\\/de\\\/#\\\/schema\\\/logo\\\/image\\\/\"},\"sameAs\":[\"https:\\\/\\\/www.facebook.com\\\/elektronika.morska\\\/\",\"https:\\\/\\\/www.linkedin.com\\\/company\\\/escort-sp-z-o-o-\\\/\"]}]}<\/script>\n<!-- \/ Yoast SEO plugin. -->","yoast_head_json":{"title":"PIC-1 Kamera do inspekcji ruroci\u0105g\u00f3w - ESCORT TECHNOLOGY","robots":{"index":"index","follow":"follow","max-snippet":"max-snippet:-1","max-image-preview":"max-image-preview:large","max-video-preview":"max-video-preview:-1"},"canonical":"https:\/\/escort-technology.com\/en\/de\/pic-1-kamera-do-inspekcji-rurociagow\/","og_locale":"en_US","og_type":"article","og_title":"PIC-1 Kamera do inspekcji ruroci\u0105g\u00f3w - ESCORT TECHNOLOGY","og_description":"PIC-1 Kamera do inspekcji rurociag\u00f3w BROSZURA","og_url":"https:\/\/escort-technology.com\/en\/de\/pic-1-kamera-do-inspekcji-rurociagow\/","og_site_name":"ESCORT TECHNOLOGY","article_publisher":"https:\/\/www.facebook.com\/elektronika.morska\/","article_modified_time":"2018-05-25T09:16:11+00:00","twitter_card":"summary_large_image","schema":{"@context":"https:\/\/schema.org","@graph":[{"@type":"WebPage","@id":"https:\/\/escort-technology.com\/de\/pic-1-kamera-do-inspekcji-rurociagow\/","url":"https:\/\/escort-technology.com\/de\/pic-1-kamera-do-inspekcji-rurociagow\/","name":"PIC-1 Kamera do inspekcji ruroci\u0105g\u00f3w - ESCORT TECHNOLOGY","isPartOf":{"@id":"http:\/\/escort-technology.com\/de\/#website"},"datePublished":"2018-05-25T09:09:34+00:00","dateModified":"2018-05-25T09:16:11+00:00","breadcrumb":{"@id":"https:\/\/escort-technology.com\/de\/pic-1-kamera-do-inspekcji-rurociagow\/#breadcrumb"},"inLanguage":"en-US","potentialAction":[{"@type":"ReadAction","target":["https:\/\/escort-technology.com\/de\/pic-1-kamera-do-inspekcji-rurociagow\/"]}]},{"@type":"BreadcrumbList","@id":"https:\/\/escort-technology.com\/de\/pic-1-kamera-do-inspekcji-rurociagow\/#breadcrumb","itemListElement":[{"@type":"ListItem","position":1,"name":"Strona g\u0142\u00f3wna","item":"https:\/\/escort-technology.com\/"},{"@type":"ListItem","position":2,"name":"PIC-1 Kamera do inspekcji ruroci\u0105g\u00f3w"}]},{"@type":"WebSite","@id":"http:\/\/escort-technology.com\/de\/#website","url":"http:\/\/escort-technology.com\/de\/","name":"ESCORT TECHNOLOGY","description":"Onshore and offshore electronics","publisher":{"@id":"http:\/\/escort-technology.com\/de\/#organization"},"potentialAction":[{"@type":"SearchAction","target":{"@type":"EntryPoint","urlTemplate":"http:\/\/escort-technology.com\/de\/?s={search_term_string}"},"query-input":{"@type":"PropertyValueSpecification","valueRequired":true,"valueName":"search_term_string"}}],"inLanguage":"en-US"},{"@type":"Organization","@id":"http:\/\/escort-technology.com\/de\/#organization","name":"ESCORT TECHNOLOGY","url":"http:\/\/escort-technology.com\/de\/","logo":{"@type":"ImageObject","inLanguage":"en-US","@id":"http:\/\/escort-technology.com\/de\/#\/schema\/logo\/image\/","url":"https:\/\/escort-technology.com\/wp-content\/uploads\/logo-1.jpg","contentUrl":"https:\/\/escort-technology.com\/wp-content\/uploads\/logo-1.jpg","width":600,"height":165,"caption":"ESCORT TECHNOLOGY"},"image":{"@id":"http:\/\/escort-technology.com\/de\/#\/schema\/logo\/image\/"},"sameAs":["https:\/\/www.facebook.com\/elektronika.morska\/","https:\/\/www.linkedin.com\/company\/escort-sp-z-o-o-\/"]}]}},"_links":{"self":[{"href":"http:\/\/escort-technology.com\/en\/wp-json\/wp\/v2\/pages\/4217","targetHints":{"allow":["GET"]}}],"collection":[{"href":"http:\/\/escort-technology.com\/en\/wp-json\/wp\/v2\/pages"}],"about":[{"href":"http:\/\/escort-technology.com\/en\/wp-json\/wp\/v2\/types\/page"}],"author":[{"embeddable":true,"href":"http:\/\/escort-technology.com\/en\/wp-json\/wp\/v2\/users\/6"}],"replies":[{"embeddable":true,"href":"http:\/\/escort-technology.com\/en\/wp-json\/wp\/v2\/comments?post=4217"}],"version-history":[{"count":2,"href":"http:\/\/escort-technology.com\/en\/wp-json\/wp\/v2\/pages\/4217\/revisions"}],"predecessor-version":[{"id":4221,"href":"http:\/\/escort-technology.com\/en\/wp-json\/wp\/v2\/pages\/4217\/revisions\/4221"}],"wp:attachment":[{"href":"http:\/\/escort-technology.com\/en\/wp-json\/wp\/v2\/media?parent=4217"}],"curies":[{"name":"wp","href":"https:\/\/api.w.org\/{rel}","templated":true}]}}