{"id":923,"date":"2018-02-21T11:54:42","date_gmt":"2018-02-21T11:54:42","guid":{"rendered":"http:\/\/escort-technology.com\/?page_id=923"},"modified":"2026-01-14T13:50:21","modified_gmt":"2026-01-14T12:50:21","slug":"publikacje","status":"publish","type":"page","link":"http:\/\/escort-technology.com\/en\/publikacje\/","title":{"rendered":"Publications"},"content":{"rendered":"<h1>Publikacje<\/h1>\n<div>\n<p>W dziale \u201ePublikacje\u201d znajduje si\u0119 zbi\u00f3r artyku\u0142\u00f3w i ciekawostek na temat oferowanego przez nas sprz\u0119tu, us\u0142ug oraz prowadzonych prac badawczych. Prezentujemy tu r\u00f3wnie\u017c materia\u0142y z konferencji bran\u017cowych, kt\u00f3re szczeg\u00f3\u0142owo opisuj\u0105 praktyczne zastosowania urz\u0105dze\u0144.<\/p>\n<p>W\u015br\u00f3d publikacji znajduj\u0105 si\u0119 tre\u015bci dotycz\u0105ce rozwi\u0105za\u0144 opracowanych przez renomowanych producent\u00f3w sprz\u0119tu, takich jak Kongsberg Maritime \u2013 \u015bwiatowego lidera technologii morskiej, kt\u00f3rego jeste\u015bmy oficjalnym przedstawicielem.<\/p>\n<p>Zapraszamy do zapoznania si\u0119 z artyku\u0142ami<\/p>\n<\/p>\n<\/div>\n<div>\n<p>        <img decoding=\"async\" src=\"\/wp-content\/uploads\/2026\/01\/Zrzut-ekranu-2026-01-14-134904.png\" alt=\"The Polish system for riverbed scour monitoring\nin the proximity of bridge supports\"><\/p>\n<div>\n<h4>The Polish system for riverbed scour monitoring in the proximity of bridge supports<\/h4>\n<\/div>\n<p><a href=\"\/wp-content\/uploads\/2026\/01\/Polish-system-for-riverbed-scour-monitoring.pdf\">WI\u0118CEJ&#8230;<\/a><\/p>\n<\/div>\n<div>\n<p>        <img decoding=\"async\" src=\"\/wp-content\/uploads\/2024\/12\/Artykul-system-skaningowy-podpor-mostowych-1png_Page1-cfd77753.webp\" alt=\"\"><\/p>\n<div>\n<h4><strong>Prze\u015bwietli\u0107 s\u0142upy- Dziennik Gazeta Prawna 16-18.03.2018<\/strong><\/h4>\n<\/div>\n<p><a href=\"https:\/\/escort-technology.com\/pl\/przeswietlic-slupy\/\">WI\u0118CEJ&#8230;<\/a><\/p>\n<\/div>\n<div>\n<p>        <img decoding=\"async\" src=\"\/wp-content\/uploads\/2024\/12\/pamg05qh.png\" alt=\"\"><\/p>\n<div>\n<h4>Polscy Tw\u00f3rcy Innowacji- czasopismo 'Mosty&#8217;<\/h4>\n<\/div>\n<p><a href=\"https:\/\/escort-technology.com\/pl\/polscy-tworcy-innowacji\/\">WI\u0118CEJ&#8230;<\/a><\/p>\n<\/div>\n<div>\n<p>        <img decoding=\"async\" src=\"\/wp-content\/uploads\/2024\/12\/escort_mos_3-1-580ecf28.webp\" alt=\"\"><\/p>\n<div>\n<h4><strong>Badania rozmycia dna w strefie fundament\u00f3w podp\u00f3r mostowych- czasopismo 'Mosty&#8217;<\/strong><\/h4>\n<\/div>\n<p><a href=\"https:\/\/escort-technology.com\/pl\/badania-rozmycia-dna-w-strefie-fundamentow-podpor-mostowych\/\">WI\u0118CEJ&#8230;<\/a><\/p>\n<\/div>\n<div>\n<p>        <img decoding=\"async\" src=\"\/wp-content\/uploads\/sonar1.gif\" alt=\"\"><\/p>\n<div>\n<h4>Przegl\u0105d technik sonarowych pomocnych w nawigacji morskiej<\/h4>\n<\/div>\n<p><a href=\"https:\/\/escort-technology.com\/pl\/przeglad-technik-sonarowych-pomocnych-w-nawigacji-morskiej\/\">WI\u0118CEJ&#8230;<\/a><\/p>\n<\/div>\n<div>\n<p>        <img decoding=\"async\" src=\"\/wp-content\/uploads\/2025\/01\/david-clode-YXXdmSO06_I-unsplash-scaled.jpg\" alt=\"fish\"><\/p>\n<div>\n<h4>Jak sonar skanuj\u0105cy mo\u017ce pom\u00f3c w po\u0142owach?<\/h4>\n<\/div>\n<p><a href=\"https:\/\/escort-technology.com\/pl\/jak-sonar-skanujacy-moze-pomoc-w-polowach\/\">WI\u0118CEJ&#8230;<\/a><\/p>\n<\/div>\n<div>\n<p>        <img decoding=\"async\" src=\"\/wp-content\/uploads\/2025\/01\/hydroakustyka.png\" alt=\"hydroakustyka\"><\/p>\n<div>\n<h4>Co nieco o hydroakustyce<\/h4>\n<\/div>\n<p><a href=\"https:\/\/escort-technology.com\/pl\/co-nieco-o-hydroakustyce-2\/\">WI\u0118CEJ&#8230;<\/a><\/p>\n<\/div>\n<div>\n<p>        <img decoding=\"async\" src=\"\/wp-content\/uploads\/2025\/01\/didson.webp\" alt=\"didson\"><\/p>\n<div>\n<h4><a href=\"https:\/\/escort-technology.com\/pl\/zliczanie-ryb-w-przeplawkach-z-wykorzystaniem-sonaru-didson\/\">Zliczanie ryb w przep\u0142awkach z wykorzystaniem sonaru DIDSON &#8211; ESCORT TECHNOLOGY<\/a><\/h4>\n<\/div>\n<p><a href=\"https:\/\/escort-technology.com\/pl\/zliczanie-ryb-w-przeplawkach-z-wykorzystaniem-sonaru-didson\/\">WI\u0118CEJ&#8230;<\/a><\/p>\n<\/div>\n<div>\n<p>        <img decoding=\"async\" src=\"\/wp-content\/uploads\/PULSAR.jpg\" alt=\"\"><\/p>\n<div>\n<h4>PulSAR- HOLOWANY SONAR BOCZNY WYSOKIEJ ROZDZIELCZO\u015aCI<\/h4>\n<\/div>\n<p><a href=\"https:\/\/escort-technology.com\/pl\/pulsar-2\/\">WI\u0118CEJ&#8230;<\/a><\/p>\n<\/div>\n<div>\n<p>        <img decoding=\"async\" src=\"\/wp-content\/uploads\/2024\/12\/1-1a-b45e231d.webp\" alt=\"\"><\/p>\n<div>\n<h4><strong>Praca z echosond\u0105 GS+ w programie QINSY<\/strong><\/h4>\n<\/div>\n<p><a href=\"https:\/\/escort-technology.com\/pl\/praca-z-echosonda-gs-w-programie-qinsy\/\">WI\u0118CEJ&#8230;<\/a><\/p>\n<\/div>\n<p><!--more--><br \/>\n<!-- {\"type\":\"layout\",\"children\":[{\"name\":\"1\",\"type\":\"section\",\"props\":{\"animation\":\"slide-top-medium\",\"header_overlay\":\"light\",\"height_viewport\":false,\"image_fixed\":false,\"image_position\":\"bottom-center\",\"image_size\":\"cover\",\"overlap\":true,\"padding\":\"xsmall\",\"padding_remove_top\":false,\"style\":\"default\",\"title_breakpoint\":\"xl\",\"title_position\":\"top-left\",\"title_rotation\":\"left\",\"vertical_align\":\"middle\",\"width\":\"large\"},\"children\":[{\"type\":\"row\",\"children\":[{\"type\":\"column\",\"props\":{\"image_position\":\"center-center\",\"position_sticky_breakpoint\":\"m\",\"width_medium\":\"1-1\"},\"children\":[{\"type\":\"headline\",\"props\":{\"content\":\"Publikacje\",\"title_decoration\":\"divider\",\"title_element\":\"h1\",\"title_style\":\"h1\"}},{\"type\":\"text\",\"props\":{\"column_breakpoint\":\"m\",\"content\":\"\n\n<p>W dziale \\u201ePublikacje\\u201d znajduje si\\u0119 zbi\\u00f3r artyku\\u0142\\u00f3w i ciekawostek na temat oferowanego przez nas sprz\\u0119tu, us\\u0142ug oraz prowadzonych prac badawczych. Prezentujemy tu r\\u00f3wnie\\u017c materia\\u0142y z konferencji bran\\u017cowych, kt\\u00f3re szczeg\\u00f3\\u0142owo opisuj\\u0105 praktyczne zastosowania urz\\u0105dze\\u0144.<\\\/p>\\n\n\n<p>W\\u015br\\u00f3d publikacji znajduj\\u0105 si\\u0119 tre\\u015bci dotycz\\u0105ce rozwi\\u0105za\\u0144 opracowanych przez renomowanych producent\\u00f3w sprz\\u0119tu, takich jak Kongsberg Maritime \\u2013 \\u015bwiatowego lidera technologii morskiej, kt\\u00f3rego jeste\\u015bmy oficjalnym przedstawicielem.<\\\/p>\\n\n\n<p>Zapraszamy do zapoznania si\\u0119 z artyku\\u0142ami<\\\/p>\\n\n\n<p><\\\/p>\",\"margin\":\"default\",\"text_align\":\"justify\"}}]}]}]},{\"type\":\"section\",\"props\":{\"image_position\":\"center-center\",\"style\":\"default\",\"title_breakpoint\":\"xl\",\"title_position\":\"top-left\",\"title_rotation\":\"left\",\"vertical_align\":\"middle\",\"width\":\"default\"},\"children\":[{\"type\":\"row\",\"props\":{\"layout\":\"1-3,1-3,1-3\"},\"children\":[{\"type\":\"column\",\"props\":{\"image_position\":\"center-center\",\"position_sticky_breakpoint\":\"m\",\"width_medium\":\"1-3\"},\"children\":[{\"type\":\"panel\",\"props\":{\"content\":\"\n\n<h4>The Polish system for riverbed scour monitoring in the proximity of bridge supports<\\\/h4>\",\"content_column_breakpoint\":\"m\",\"icon_width\":80,\"image\":\"wp-content\\\/uploads\\\/2026\\\/01\\\/Zrzut-ekranu-2026-01-14-134904.png\",\"image_align\":\"top\",\"image_alt\":\"The Polish system for riverbed scour monitoring\\nin the proximity of bridge supports\",\"image_grid_breakpoint\":\"m\",\"image_grid_width\":\"1-2\",\"image_height\":\"300\",\"image_svg_color\":\"emphasis\",\"image_width\":\"250\",\"link\":\"wp-content\\\/uploads\\\/2026\\\/01\\\/Polish-system-for-riverbed-scour-monitoring.pdf\",\"link_style\":\"default\",\"link_text\":\"WI\\u0118CEJ...\",\"margin\":\"default\",\"meta_align\":\"below-title\",\"meta_element\":\"div\",\"meta_style\":\"text-meta\",\"title_align\":\"top\",\"title_element\":\"h3\",\"title_grid_breakpoint\":\"m\",\"title_grid_width\":\"1-2\",\"title_hover_style\":\"reset\"}}]},{\"type\":\"column\",\"props\":{\"image_position\":\"center-center\",\"position_sticky_breakpoint\":\"m\",\"width_medium\":\"1-3\"}},{\"type\":\"column\",\"props\":{\"image_position\":\"center-center\",\"position_sticky_breakpoint\":\"m\",\"width_medium\":\"1-3\"}}]},{\"type\":\"row\",\"props\":{\"layout\":\"1-3,1-3,1-3\"},\"children\":[{\"type\":\"column\",\"props\":{\"image_position\":\"center-center\",\"position_sticky_breakpoint\":\"m\",\"width_medium\":\"1-3\"},\"children\":[{\"type\":\"panel\",\"props\":{\"content\":\"\n\n<h4><strong>Prze\\u015bwietli\\u0107 s\\u0142upy- Dziennik Gazeta Prawna 16-18.03.2018<\\\/strong><\\\/h4>\",\"content_column_breakpoint\":\"m\",\"icon_width\":80,\"image\":\"wp-content\\\/uploads\\\/2024\\\/12\\\/Artykul-system-skaningowy-podpor-mostowych-1png_Page1-cfd77753.webp\",\"image_align\":\"top\",\"image_grid_breakpoint\":\"m\",\"image_grid_width\":\"1-2\",\"image_height\":\"300\",\"image_svg_color\":\"emphasis\",\"image_width\":\"250\",\"link\":\"https:\\\/\\\/escort-technology.com\\\/pl\\\/przeswietlic-slupy\\\/\",\"link_style\":\"default\",\"link_text\":\"WI\\u0118CEJ...\",\"margin\":\"default\",\"meta_align\":\"below-title\",\"meta_element\":\"div\",\"meta_style\":\"text-meta\",\"panel_link\":true,\"title_align\":\"top\",\"title_element\":\"h3\",\"title_grid_breakpoint\":\"m\",\"title_grid_width\":\"1-2\",\"title_hover_style\":\"reset\"}}]},{\"type\":\"column\",\"props\":{\"image_position\":\"center-center\",\"position_sticky_breakpoint\":\"m\",\"width_medium\":\"1-3\"},\"children\":[{\"type\":\"panel\",\"props\":{\"content\":\"\n\n<h4>Polscy Tw\\u00f3rcy Innowacji- czasopismo 'Mosty'<\\\/h4>\",\"content_column_breakpoint\":\"m\",\"icon_width\":80,\"image\":\"wp-content\\\/uploads\\\/2024\\\/12\\\/pamg05qh.png\",\"image_align\":\"top\",\"image_grid_breakpoint\":\"m\",\"image_grid_width\":\"1-2\",\"image_height\":\"300\",\"image_svg_color\":\"emphasis\",\"image_width\":\"250\",\"link\":\"https:\\\/\\\/escort-technology.com\\\/pl\\\/polscy-tworcy-innowacji\\\/\",\"link_style\":\"default\",\"link_text\":\"WI\\u0118CEJ...\",\"margin\":\"default\",\"meta_align\":\"below-title\",\"meta_element\":\"div\",\"meta_style\":\"text-meta\",\"panel_link\":true,\"title_align\":\"top\",\"title_element\":\"h3\",\"title_grid_breakpoint\":\"m\",\"title_grid_width\":\"1-2\",\"title_hover_style\":\"reset\"}}]},{\"type\":\"column\",\"props\":{\"image_position\":\"center-center\",\"position_sticky_breakpoint\":\"m\",\"width_medium\":\"1-3\"},\"children\":[{\"type\":\"panel\",\"props\":{\"content\":\"\n\n<h4><strong>Badania rozmycia dna w strefie fundament\\u00f3w podp\\u00f3r mostowych- czasopismo 'Mosty'<\\\/strong><\\\/h4>\",\"content_column_breakpoint\":\"m\",\"icon_width\":80,\"image\":\"wp-content\\\/uploads\\\/2024\\\/12\\\/escort_mos_3-1-580ecf28.webp\",\"image_align\":\"top\",\"image_grid_breakpoint\":\"m\",\"image_grid_width\":\"1-2\",\"image_height\":\"300\",\"image_svg_color\":\"emphasis\",\"image_width\":\"250\",\"link\":\"https:\\\/\\\/escort-technology.com\\\/pl\\\/badania-rozmycia-dna-w-strefie-fundamentow-podpor-mostowych\\\/\",\"link_style\":\"default\",\"link_text\":\"WI\\u0118CEJ...\",\"margin\":\"default\",\"meta_align\":\"below-title\",\"meta_element\":\"div\",\"meta_style\":\"text-meta\",\"panel_link\":true,\"title_align\":\"top\",\"title_element\":\"h3\",\"title_grid_breakpoint\":\"m\",\"title_grid_width\":\"1-2\",\"title_hover_style\":\"reset\"}}]}]},{\"type\":\"row\",\"props\":{\"layout\":\"1-3,1-3,1-3\"},\"children\":[{\"type\":\"column\",\"props\":{\"image_position\":\"center-center\",\"position_sticky_breakpoint\":\"m\",\"width_medium\":\"1-3\"},\"children\":[{\"type\":\"panel\",\"props\":{\"content\":\"\n\n<h4>Przegl\\u0105d technik sonarowych pomocnych w nawigacji morskiej<\\\/h4>\",\"content_column_breakpoint\":\"m\",\"icon_width\":80,\"image\":\"wp-content\\\/uploads\\\/sonar1.gif\",\"image_align\":\"top\",\"image_grid_breakpoint\":\"m\",\"image_grid_width\":\"1-2\",\"image_height\":\"300\",\"image_svg_color\":\"emphasis\",\"image_width\":\"250\",\"link\":\"https:\\\/\\\/escort-technology.com\\\/pl\\\/przeglad-technik-sonarowych-pomocnych-w-nawigacji-morskiej\\\/\",\"link_style\":\"default\",\"link_text\":\"WI\\u0118CEJ...\",\"margin\":\"default\",\"meta_align\":\"below-title\",\"meta_element\":\"div\",\"meta_style\":\"text-meta\",\"panel_link\":true,\"title_align\":\"top\",\"title_element\":\"h3\",\"title_grid_breakpoint\":\"m\",\"title_grid_width\":\"1-2\",\"title_hover_style\":\"reset\"}}]},{\"type\":\"column\",\"props\":{\"image_position\":\"center-center\",\"position_sticky_breakpoint\":\"m\",\"width_medium\":\"1-3\"},\"children\":[{\"type\":\"panel\",\"props\":{\"content\":\"\n\n<h4>Jak sonar skanuj\\u0105cy mo\\u017ce pom\\u00f3c w po\\u0142owach?<\\\/h4>\",\"content_column_breakpoint\":\"m\",\"icon_width\":80,\"image\":\"wp-content\\\/uploads\\\/2025\\\/01\\\/david-clode-YXXdmSO06_I-unsplash-scaled.jpg\",\"image_align\":\"top\",\"image_alt\":\"fish\",\"image_grid_breakpoint\":\"m\",\"image_grid_width\":\"1-2\",\"image_height\":\"300\",\"image_svg_color\":\"emphasis\",\"image_width\":\"250\",\"link\":\"https:\\\/\\\/escort-technology.com\\\/pl\\\/jak-sonar-skanujacy-moze-pomoc-w-polowach\\\/\",\"link_style\":\"default\",\"link_text\":\"WI\\u0118CEJ...\",\"margin\":\"default\",\"meta_align\":\"below-title\",\"meta_element\":\"div\",\"meta_style\":\"text-meta\",\"panel_link\":true,\"title_align\":\"top\",\"title_element\":\"h3\",\"title_grid_breakpoint\":\"m\",\"title_grid_width\":\"1-2\",\"title_hover_style\":\"reset\"}}]},{\"type\":\"column\",\"props\":{\"image_position\":\"center-center\",\"position_sticky_breakpoint\":\"m\",\"width_medium\":\"1-3\"},\"children\":[{\"type\":\"panel\",\"props\":{\"content\":\"\n\n<h4>Co nieco o hydroakustyce<\\\/h4>\",\"content_column_breakpoint\":\"m\",\"icon_width\":80,\"image\":\"wp-content\\\/uploads\\\/2025\\\/01\\\/hydroakustyka.png\",\"image_align\":\"top\",\"image_alt\":\"hydroakustyka\",\"image_grid_breakpoint\":\"m\",\"image_grid_width\":\"1-2\",\"image_height\":\"300\",\"image_svg_color\":\"emphasis\",\"image_width\":\"250\",\"link\":\"https:\\\/\\\/escort-technology.com\\\/pl\\\/co-nieco-o-hydroakustyce-2\\\/\",\"link_style\":\"default\",\"link_text\":\"WI\\u0118CEJ...\",\"margin\":\"default\",\"meta_align\":\"below-title\",\"meta_element\":\"div\",\"meta_style\":\"text-meta\",\"panel_link\":true,\"title_align\":\"top\",\"title_element\":\"h3\",\"title_grid_breakpoint\":\"m\",\"title_grid_width\":\"1-2\",\"title_hover_style\":\"reset\"}}]}]},{\"type\":\"row\",\"props\":{\"layout\":\"1-3,1-3,1-3\"},\"children\":[{\"type\":\"column\",\"props\":{\"image_position\":\"center-center\",\"position_sticky_breakpoint\":\"m\",\"width_medium\":\"1-3\"},\"children\":[{\"type\":\"panel\",\"props\":{\"content\":\"\n\n<h4><a href=\\\"https:\\\/\\\/escort-technology.com\\\/pl\\\/zliczanie-ryb-w-przeplawkach-z-wykorzystaniem-sonaru-didson\\\/\\\">Zliczanie ryb w przep\\u0142awkach z wykorzystaniem sonaru DIDSON - ESCORT TECHNOLOGY<\\\/a><\\\/h4>\",\"content_column_breakpoint\":\"m\",\"icon_width\":80,\"image\":\"wp-content\\\/uploads\\\/2025\\\/01\\\/didson.webp\",\"image_align\":\"top\",\"image_alt\":\"didson\",\"image_grid_breakpoint\":\"m\",\"image_grid_width\":\"1-2\",\"image_height\":\"300\",\"image_svg_color\":\"emphasis\",\"image_width\":\"250\",\"link\":\"https:\\\/\\\/escort-technology.com\\\/pl\\\/zliczanie-ryb-w-przeplawkach-z-wykorzystaniem-sonaru-didson\\\/\",\"link_style\":\"default\",\"link_text\":\"WI\\u0118CEJ...\",\"margin\":\"default\",\"meta_align\":\"below-title\",\"meta_element\":\"div\",\"meta_style\":\"text-meta\",\"panel_link\":true,\"title_align\":\"top\",\"title_element\":\"h3\",\"title_grid_breakpoint\":\"m\",\"title_grid_width\":\"1-2\",\"title_hover_style\":\"reset\"}}]},{\"type\":\"column\",\"props\":{\"image_position\":\"center-center\",\"position_sticky_breakpoint\":\"m\",\"width_medium\":\"1-3\"},\"children\":[{\"type\":\"panel\",\"props\":{\"content\":\"\n\n<h4>PulSAR- HOLOWANY SONAR BOCZNY WYSOKIEJ ROZDZIELCZO\\u015aCI<\\\/h4>\",\"content_column_breakpoint\":\"m\",\"icon_width\":80,\"image\":\"wp-content\\\/uploads\\\/PULSAR.jpg\",\"image_align\":\"top\",\"image_grid_breakpoint\":\"m\",\"image_grid_width\":\"1-2\",\"image_height\":\"300\",\"image_svg_color\":\"emphasis\",\"image_width\":\"250\",\"link\":\"https:\\\/\\\/escort-technology.com\\\/pl\\\/pulsar-2\\\/\",\"link_style\":\"default\",\"link_text\":\"WI\\u0118CEJ...\",\"margin\":\"default\",\"meta_align\":\"below-title\",\"meta_element\":\"div\",\"meta_style\":\"text-meta\",\"panel_link\":true,\"title_align\":\"top\",\"title_element\":\"h3\",\"title_grid_breakpoint\":\"m\",\"title_grid_width\":\"1-2\",\"title_hover_style\":\"reset\"}}]},{\"type\":\"column\",\"props\":{\"image_position\":\"center-center\",\"position_sticky_breakpoint\":\"m\",\"width_medium\":\"1-3\"},\"children\":[{\"type\":\"panel\",\"props\":{\"content\":\"\n\n<h4><strong>Praca z echosond\\u0105 GS+ w programie QINSY<\\\/strong><\\\/h4>\",\"content_column_breakpoint\":\"m\",\"icon_width\":80,\"image\":\"wp-content\\\/uploads\\\/2024\\\/12\\\/1-1a-b45e231d.webp\",\"image_align\":\"top\",\"image_grid_breakpoint\":\"m\",\"image_grid_width\":\"1-2\",\"image_height\":\"300\",\"image_svg_color\":\"emphasis\",\"image_width\":\"250\",\"link\":\"https:\\\/\\\/escort-technology.com\\\/pl\\\/praca-z-echosonda-gs-w-programie-qinsy\\\/\",\"link_style\":\"default\",\"link_text\":\"WI\\u0118CEJ...\",\"margin\":\"default\",\"meta_align\":\"below-title\",\"meta_element\":\"div\",\"meta_style\":\"text-meta\",\"panel_link\":true,\"title_align\":\"top\",\"title_element\":\"h3\",\"title_grid_breakpoint\":\"m\",\"title_grid_width\":\"1-2\",\"title_hover_style\":\"reset\"}}]}]}]}],\"version\":\"4.0.13\"} --><\/p>\n","protected":false},"excerpt":{"rendered":"<p>Publikacje W dziale \u201ePublikacje\u201d znajduje si\u0119 zbi\u00f3r artyku\u0142\u00f3w i ciekawostek na temat oferowanego przez nas sprz\u0119tu, us\u0142ug oraz prowadzonych prac badawczych. Prezentujemy tu r\u00f3wnie\u017c materia\u0142y z konferencji bran\u017cowych, kt\u00f3re szczeg\u00f3\u0142owo opisuj\u0105 praktyczne zastosowania urz\u0105dze\u0144. W\u015br\u00f3d publikacji znajduj\u0105 si\u0119 tre\u015bci dotycz\u0105ce rozwi\u0105za\u0144 opracowanych przez renomowanych producent\u00f3w sprz\u0119tu, takich jak Kongsberg Maritime \u2013 \u015bwiatowego lidera technologii morskiej, [&hellip;]<\/p>\n","protected":false},"author":1,"featured_media":0,"parent":0,"menu_order":0,"comment_status":"closed","ping_status":"closed","template":"","meta":{"footnotes":""},"class_list":["post-923","page","type-page","status-publish","hentry"],"yoast_head":"<!-- This site is optimized with the Yoast SEO plugin v27.5 - https:\/\/yoast.com\/product\/yoast-seo-wordpress\/ -->\n<title>Wybrane publikacje - portfolio firmy Escort ze Szczecina<\/title>\n<meta name=\"description\" content=\"W naszym portfolio znajd\u0105 Pa\u0144stwo r\u00f3wnie\u017c publikacje przedstawiaj\u0105ce szczeg\u00f3\u0142y naszej oferty oraz zastosowania sprz\u0119tu hydrograficznego. Zapraszamy do lektury!\" \/>\n<meta name=\"robots\" content=\"index, follow, max-snippet:-1, max-image-preview:large, max-video-preview:-1\" \/>\n<link rel=\"canonical\" href=\"https:\/\/escort-technology.com\/en\/publikacje\/\" \/>\n<meta property=\"og:locale\" content=\"en_US\" \/>\n<meta property=\"og:type\" content=\"article\" \/>\n<meta property=\"og:title\" content=\"Wybrane publikacje - portfolio firmy Escort ze Szczecina\" \/>\n<meta property=\"og:description\" content=\"W naszym portfolio znajd\u0105 Pa\u0144stwo r\u00f3wnie\u017c publikacje przedstawiaj\u0105ce szczeg\u00f3\u0142y naszej oferty oraz zastosowania sprz\u0119tu hydrograficznego. Zapraszamy do lektury!\" \/>\n<meta property=\"og:url\" content=\"https:\/\/escort-technology.com\/en\/publikacje\/\" \/>\n<meta property=\"og:site_name\" content=\"ESCORT TECHNOLOGY\" \/>\n<meta property=\"article:publisher\" content=\"https:\/\/www.facebook.com\/elektronika.morska\/\" \/>\n<meta property=\"article:modified_time\" content=\"2026-01-14T12:50:21+00:00\" \/>\n<meta name=\"twitter:card\" content=\"summary_large_image\" \/>\n<meta name=\"twitter:label1\" content=\"Est. reading time\" \/>\n\t<meta name=\"twitter:data1\" content=\"1 minute\" \/>\n<script type=\"application\/ld+json\" class=\"yoast-schema-graph\">{\"@context\":\"https:\\\/\\\/schema.org\",\"@graph\":[{\"@type\":\"WebPage\",\"@id\":\"https:\\\/\\\/escort-technology.com\\\/publikacje\\\/\",\"url\":\"https:\\\/\\\/escort-technology.com\\\/publikacje\\\/\",\"name\":\"Wybrane publikacje - portfolio firmy Escort ze Szczecina\",\"isPartOf\":{\"@id\":\"http:\\\/\\\/escort-technology.com\\\/de\\\/#website\"},\"datePublished\":\"2018-02-21T11:54:42+00:00\",\"dateModified\":\"2026-01-14T12:50:21+00:00\",\"description\":\"W naszym portfolio znajd\u0105 Pa\u0144stwo r\u00f3wnie\u017c publikacje przedstawiaj\u0105ce szczeg\u00f3\u0142y naszej oferty oraz zastosowania sprz\u0119tu hydrograficznego. Zapraszamy do lektury!\",\"breadcrumb\":{\"@id\":\"https:\\\/\\\/escort-technology.com\\\/publikacje\\\/#breadcrumb\"},\"inLanguage\":\"en-US\",\"potentialAction\":[{\"@type\":\"ReadAction\",\"target\":[\"https:\\\/\\\/escort-technology.com\\\/publikacje\\\/\"]}]},{\"@type\":\"BreadcrumbList\",\"@id\":\"https:\\\/\\\/escort-technology.com\\\/publikacje\\\/#breadcrumb\",\"itemListElement\":[{\"@type\":\"ListItem\",\"position\":1,\"name\":\"Strona g\u0142\u00f3wna\",\"item\":\"https:\\\/\\\/escort-technology.com\\\/\"},{\"@type\":\"ListItem\",\"position\":2,\"name\":\"Publikacje\"}]},{\"@type\":\"WebSite\",\"@id\":\"http:\\\/\\\/escort-technology.com\\\/de\\\/#website\",\"url\":\"http:\\\/\\\/escort-technology.com\\\/de\\\/\",\"name\":\"ESCORT TECHNOLOGY\",\"description\":\"Elektronika morska i l\u0105dowa\",\"publisher\":{\"@id\":\"http:\\\/\\\/escort-technology.com\\\/de\\\/#organization\"},\"potentialAction\":[{\"@type\":\"SearchAction\",\"target\":{\"@type\":\"EntryPoint\",\"urlTemplate\":\"http:\\\/\\\/escort-technology.com\\\/de\\\/?s={search_term_string}\"},\"query-input\":{\"@type\":\"PropertyValueSpecification\",\"valueRequired\":true,\"valueName\":\"search_term_string\"}}],\"inLanguage\":\"en-US\"},{\"@type\":\"Organization\",\"@id\":\"http:\\\/\\\/escort-technology.com\\\/de\\\/#organization\",\"name\":\"ESCORT TECHNOLOGY\",\"url\":\"http:\\\/\\\/escort-technology.com\\\/de\\\/\",\"logo\":{\"@type\":\"ImageObject\",\"inLanguage\":\"en-US\",\"@id\":\"http:\\\/\\\/escort-technology.com\\\/de\\\/#\\\/schema\\\/logo\\\/image\\\/\",\"url\":\"https:\\\/\\\/escort-technology.com\\\/wp-content\\\/uploads\\\/logo-1.jpg\",\"contentUrl\":\"https:\\\/\\\/escort-technology.com\\\/wp-content\\\/uploads\\\/logo-1.jpg\",\"width\":600,\"height\":165,\"caption\":\"ESCORT TECHNOLOGY\"},\"image\":{\"@id\":\"http:\\\/\\\/escort-technology.com\\\/de\\\/#\\\/schema\\\/logo\\\/image\\\/\"},\"sameAs\":[\"https:\\\/\\\/www.facebook.com\\\/elektronika.morska\\\/\",\"https:\\\/\\\/www.linkedin.com\\\/company\\\/escort-sp-z-o-o-\\\/\"]}]}<\/script>\n<!-- \/ Yoast SEO plugin. -->","yoast_head_json":{"title":"Wybrane publikacje - portfolio firmy Escort ze Szczecina","description":"W naszym portfolio znajd\u0105 Pa\u0144stwo r\u00f3wnie\u017c publikacje przedstawiaj\u0105ce szczeg\u00f3\u0142y naszej oferty oraz zastosowania sprz\u0119tu hydrograficznego. Zapraszamy do lektury!","robots":{"index":"index","follow":"follow","max-snippet":"max-snippet:-1","max-image-preview":"max-image-preview:large","max-video-preview":"max-video-preview:-1"},"canonical":"https:\/\/escort-technology.com\/en\/publikacje\/","og_locale":"en_US","og_type":"article","og_title":"Wybrane publikacje - portfolio firmy Escort ze Szczecina","og_description":"W naszym portfolio znajd\u0105 Pa\u0144stwo r\u00f3wnie\u017c publikacje przedstawiaj\u0105ce szczeg\u00f3\u0142y naszej oferty oraz zastosowania sprz\u0119tu hydrograficznego. Zapraszamy do lektury!","og_url":"https:\/\/escort-technology.com\/en\/publikacje\/","og_site_name":"ESCORT TECHNOLOGY","article_publisher":"https:\/\/www.facebook.com\/elektronika.morska\/","article_modified_time":"2026-01-14T12:50:21+00:00","twitter_card":"summary_large_image","twitter_misc":{"Est. reading time":"1 minute"},"schema":{"@context":"https:\/\/schema.org","@graph":[{"@type":"WebPage","@id":"https:\/\/escort-technology.com\/publikacje\/","url":"https:\/\/escort-technology.com\/publikacje\/","name":"Wybrane publikacje - portfolio firmy Escort ze Szczecina","isPartOf":{"@id":"http:\/\/escort-technology.com\/de\/#website"},"datePublished":"2018-02-21T11:54:42+00:00","dateModified":"2026-01-14T12:50:21+00:00","description":"W naszym portfolio znajd\u0105 Pa\u0144stwo r\u00f3wnie\u017c publikacje przedstawiaj\u0105ce szczeg\u00f3\u0142y naszej oferty oraz zastosowania sprz\u0119tu hydrograficznego. Zapraszamy do lektury!","breadcrumb":{"@id":"https:\/\/escort-technology.com\/publikacje\/#breadcrumb"},"inLanguage":"en-US","potentialAction":[{"@type":"ReadAction","target":["https:\/\/escort-technology.com\/publikacje\/"]}]},{"@type":"BreadcrumbList","@id":"https:\/\/escort-technology.com\/publikacje\/#breadcrumb","itemListElement":[{"@type":"ListItem","position":1,"name":"Strona g\u0142\u00f3wna","item":"https:\/\/escort-technology.com\/"},{"@type":"ListItem","position":2,"name":"Publikacje"}]},{"@type":"WebSite","@id":"http:\/\/escort-technology.com\/de\/#website","url":"http:\/\/escort-technology.com\/de\/","name":"ESCORT TECHNOLOGY","description":"Onshore and offshore electronics","publisher":{"@id":"http:\/\/escort-technology.com\/de\/#organization"},"potentialAction":[{"@type":"SearchAction","target":{"@type":"EntryPoint","urlTemplate":"http:\/\/escort-technology.com\/de\/?s={search_term_string}"},"query-input":{"@type":"PropertyValueSpecification","valueRequired":true,"valueName":"search_term_string"}}],"inLanguage":"en-US"},{"@type":"Organization","@id":"http:\/\/escort-technology.com\/de\/#organization","name":"ESCORT TECHNOLOGY","url":"http:\/\/escort-technology.com\/de\/","logo":{"@type":"ImageObject","inLanguage":"en-US","@id":"http:\/\/escort-technology.com\/de\/#\/schema\/logo\/image\/","url":"https:\/\/escort-technology.com\/wp-content\/uploads\/logo-1.jpg","contentUrl":"https:\/\/escort-technology.com\/wp-content\/uploads\/logo-1.jpg","width":600,"height":165,"caption":"ESCORT TECHNOLOGY"},"image":{"@id":"http:\/\/escort-technology.com\/de\/#\/schema\/logo\/image\/"},"sameAs":["https:\/\/www.facebook.com\/elektronika.morska\/","https:\/\/www.linkedin.com\/company\/escort-sp-z-o-o-\/"]}]}},"_links":{"self":[{"href":"http:\/\/escort-technology.com\/en\/wp-json\/wp\/v2\/pages\/923","targetHints":{"allow":["GET"]}}],"collection":[{"href":"http:\/\/escort-technology.com\/en\/wp-json\/wp\/v2\/pages"}],"about":[{"href":"http:\/\/escort-technology.com\/en\/wp-json\/wp\/v2\/types\/page"}],"author":[{"embeddable":true,"href":"http:\/\/escort-technology.com\/en\/wp-json\/wp\/v2\/users\/1"}],"replies":[{"embeddable":true,"href":"http:\/\/escort-technology.com\/en\/wp-json\/wp\/v2\/comments?post=923"}],"version-history":[{"count":43,"href":"http:\/\/escort-technology.com\/en\/wp-json\/wp\/v2\/pages\/923\/revisions"}],"predecessor-version":[{"id":14763,"href":"http:\/\/escort-technology.com\/en\/wp-json\/wp\/v2\/pages\/923\/revisions\/14763"}],"wp:attachment":[{"href":"http:\/\/escort-technology.com\/en\/wp-json\/wp\/v2\/media?parent=923"}],"curies":[{"name":"wp","href":"https:\/\/api.w.org\/{rel}","templated":true}]}}