{"id":12439,"date":"2023-05-23T09:24:08","date_gmt":"2023-05-23T07:24:08","guid":{"rendered":"https:\/\/escort-technology.com\/?page_id=12439"},"modified":"2025-11-13T08:45:59","modified_gmt":"2025-11-13T07:45:59","slug":"analiza-jakosci-wod","status":"publish","type":"page","link":"http:\/\/escort-technology.com\/pl\/analiza-jakosci-wod\/","title":{"rendered":"Analiza jako\u015bci w\u00f3d"},"content":{"rendered":"<h1>\n<h1 class=\"uk-article-title\">Analiza jako\u015bci w\u00f3d<\/h1>\n<\/h1>\n<hr>\n<div>\n<p>Promowane w Polsce przez firm\u0119 <strong>ESCORT Technology Sp. z o.o. <\/strong>us\u0142ugi satelitarne firmy <strong>EOMAP<\/strong> mog\u0105 pom\u00f3c instytucjom wodnym w wype\u0142nianiu ich zobowi\u0105za\u0144 w ramach RDW w zakresie monitorowania w\u00f3d \u015br\u00f3dl\u0105dowych i przybrze\u017cnych.<\/p>\n<\/div>\n<div>\n<p>Zar\u00f3wno agencje rz\u0105dowe odpowiedzialne za gospodark\u0119 wodn\u0105 na ca\u0142ym \u015bwiecie potrzebuj\u0105 dost\u0119pu do lokalnych, krajowych lub globalnych informacji i trend\u00f3w dotycz\u0105cych jako\u015bci w\u00f3d \u015br\u00f3dl\u0105dowych, jak i przemys\u0142 potrzebuje danych do zarz\u0105dzania kwestiami zwi\u0105zanymi z wod\u0105.<\/p>\n<p>W Europie istnieje kilka dyrektyw dotycz\u0105cych monitorowania w\u00f3d. Jedn\u0105 z najwa\u017cniejszych jest Ramowa Dyrektywa Wodna (RDW), kt\u00f3ra zobowi\u0105zuje pa\u0144stwa cz\u0142onkowskie UE do oceny stanu akwen\u00f3w wodnych (takich jak jeziora wi\u0119ksze ni\u017c 0,5 km\u00b2) na podstawie analizy szeregu biologicznych, chemicznych i hydromorfologicznych sk\u0142adowych jako\u015bci oraz zg\u0142aszanie Komisji Europejskiej statusu ka\u017cdego akwenu.<\/p>\n<\/div>\n<h1>\n<h2 style=\"margin: 0cm 0cm 15.2pt -.25pt;\">Analizy jako\u015bci w\u00f3d \u015br\u00f3dl\u0105dowych <o:p><\/o:p><\/h2>\n<\/h1>\n<div>\n<p>Dost\u0119p do nieska\u017conej wody pitnej to kluczowe wyzwanie przysz\u0142o\u015bci, poniewa\u017c rzeki s\u0105 coraz cz\u0119\u015bciej nara\u017cone na zanieczyszczenie wywo\u0142ane zrzutami \u015bciek\u00f3w.<\/p>\n<p><strong>Oferowane przez ESCORT Sp. z o.o. us\u0142ugi monitorowania EOMAP <\/strong>w zakresie oceny jako\u015bci w\u00f3d \u015br\u00f3dl\u0105dowych o wysokiej rozdzielczo\u015bci s\u0105 kluczem do lepszego zrozumienia przyczyn zanieczyszczenia rzek.<\/p>\n<\/div>\n<hr>\n<div>\n<p><strong>Zalety:<\/strong><\/p>\n<ul>\n<li>odpowiednia przestrzenno-czasowa rozdzielczo\u015b\u0107 pr\u00f3bkowania dzi\u0119ki mo\u017cliwo\u015bci przetwarzania wielosensorowego,<\/li>\n<li>produkty zwalidowane pod k\u0105tem zestawu wa\u017cnych parametr\u00f3w, w tym chlorofilu-a,przezroczysto\u015bci czy temperatury powierzchni,<\/li>\n<\/ul>\n<\/div>\n<hr>\n<p><img decoding=\"async\" src=\"\/wp-content\/uploads\/2023\/05\/Badanie-jakosci-wod-.jpg\" alt=\"\"><br \/>\n<img decoding=\"async\" src=\"\/wp-content\/uploads\/2023\/05\/Badanie-jakosci-wod-1.jpg\" alt=\"\"><\/p>\n<div>\n<h3>ZAPRASZAMY DO KONTAKTU<\/h3>\n<p>Batymetria Satelitarna i Ocena jako\u015bci w\u00f3d przy wykorzystaniu metod satelitarnych:<\/p>\n<p>hydro@escort.com.pl <br \/>sales@escort.com.pl<\/p>\n<p>Firma ESCORT Sp. z o.o. dzia\u0142a jako partner firmy EOMAP w Polsce. <br \/>Nasi specjali\u015bci z zakresu hydrografii oraz ochrony \u015brodowiska ch\u0119tnie odpowiedz\u0105 na wszelkie pytania.<\/p>\n<p>Zach\u0119camy do kontaktu.<\/p>\n<\/div>\n<p><a href=\"https:\/\/eomap.com\"><img decoding=\"async\" src=\"\/wp-content\/uploads\/2023\/05\/eomap.png\" alt=\"Monitoring satelitarny\"><\/a><br \/>\n<a href=\"https:\/\/escort-technology.com\"><img decoding=\"async\" src=\"\/wp-content\/uploads\/2023\/05\/escort_png.png\" alt=\"Monitoring satelitarny\"><\/a><\/p>\n<p><!--more--><br \/>\n<!-- {\"type\":\"layout\",\"children\":[{\"type\":\"section\",\"props\":{\"image_position\":\"center-center\",\"style\":\"default\",\"title_breakpoint\":\"xl\",\"title_position\":\"top-left\",\"title_rotation\":\"left\",\"vertical_align\":\"middle\",\"width\":\"default\"},\"children\":[{\"type\":\"row\",\"children\":[{\"type\":\"column\",\"props\":{\"image_position\":\"center-center\",\"position_sticky_breakpoint\":\"m\"},\"children\":[{\"type\":\"headline\",\"props\":{\"content\":\"\n\n<h1 class=\\\"uk-article-title\\\">Analiza jako\\u015bci w\\u00f3d<\\\/h1>\",\"title_element\":\"h1\"}}]}]},{\"type\":\"row\",\"children\":[{\"type\":\"column\",\"props\":{\"image_position\":\"center-center\",\"position_sticky_breakpoint\":\"m\",\"width_medium\":\"1-2\"},\"children\":[{\"type\":\"divider\",\"props\":{\"divider_element\":\"hr\"}},{\"type\":\"text\",\"props\":{\"column_breakpoint\":\"m\",\"content\":\"\n\n<p>Promowane w Polsce przez firm\\u0119 <strong>ESCORT Technology Sp. z o.o. <\\\/strong>us\\u0142ugi satelitarne firmy <strong>EOMAP<\\\/strong> mog\\u0105 pom\\u00f3c instytucjom wodnym w wype\\u0142nianiu ich zobowi\\u0105za\\u0144 w ramach RDW w zakresie monitorowania w\\u00f3d \\u015br\\u00f3dl\\u0105dowych i przybrze\\u017cnych.<\\\/p>\",\"margin\":\"default\"}},{\"type\":\"text\",\"props\":{\"column_breakpoint\":\"m\",\"content\":\"\n\n<p>Zar\\u00f3wno agencje rz\\u0105dowe odpowiedzialne za gospodark\\u0119 wodn\\u0105 na ca\\u0142ym \\u015bwiecie potrzebuj\\u0105 dost\\u0119pu do lokalnych, krajowych lub globalnych informacji i trend\\u00f3w dotycz\\u0105cych jako\\u015bci w\\u00f3d \\u015br\\u00f3dl\\u0105dowych, jak i przemys\\u0142 potrzebuje danych do zarz\\u0105dzania kwestiami zwi\\u0105zanymi z wod\\u0105.<\\\/p>\\n\n\n<p>W Europie istnieje kilka dyrektyw dotycz\\u0105cych monitorowania w\\u00f3d. Jedn\\u0105 z najwa\\u017cniejszych jest Ramowa Dyrektywa Wodna (RDW), kt\\u00f3ra zobowi\\u0105zuje pa\\u0144stwa cz\\u0142onkowskie UE do oceny stanu akwen\\u00f3w wodnych (takich jak jeziora wi\\u0119ksze ni\\u017c 0,5 km\\u00b2) na podstawie analizy szeregu biologicznych, chemicznych i hydromorfologicznych sk\\u0142adowych jako\\u015bci oraz zg\\u0142aszanie Komisji Europejskiej statusu ka\\u017cdego akwenu.<\\\/p>\",\"margin\":\"default\"}},{\"type\":\"headline\",\"props\":{\"content\":\"\n\n<h2 style=\\\"margin: 0cm 0cm 15.2pt -.25pt;\\\">Analizy jako\\u015bci w\\u00f3d \\u015br\\u00f3dl\\u0105dowych <o:p><\\\/o:p><\\\/h2>\",\"title_element\":\"h1\"}},{\"type\":\"text\",\"props\":{\"column_breakpoint\":\"m\",\"content\":\"\n\n<p>Dost\\u0119p do nieska\\u017conej wody pitnej to kluczowe wyzwanie przysz\\u0142o\\u015bci, poniewa\\u017c rzeki s\\u0105 coraz cz\\u0119\\u015bciej nara\\u017cone na zanieczyszczenie wywo\\u0142ane zrzutami \\u015bciek\\u00f3w.<\\\/p>\\n\n\n<p><strong>Oferowane przez ESCORT Sp. z o.o. us\\u0142ugi monitorowania EOMAP <\\\/strong>w zakresie oceny jako\\u015bci w\\u00f3d \\u015br\\u00f3dl\\u0105dowych o wysokiej rozdzielczo\\u015bci s\\u0105 kluczem do lepszego zrozumienia przyczyn zanieczyszczenia rzek.<\\\/p>\",\"margin\":\"default\"}},{\"type\":\"divider\",\"props\":{\"divider_element\":\"hr\"}},{\"type\":\"text\",\"props\":{\"column_breakpoint\":\"m\",\"content\":\"\n\n<p><strong>Zalety:<\\\/strong><\\\/p>\\n\n\n<ul>\\n\n\n<li>odpowiednia przestrzenno-czasowa rozdzielczo\\u015b\\u0107 pr\\u00f3bkowania dzi\\u0119ki mo\\u017cliwo\\u015bci przetwarzania wielosensorowego,<\\\/li>\\n\n\n<li>produkty zwalidowane pod k\\u0105tem zestawu wa\\u017cnych parametr\\u00f3w, w tym chlorofilu-a,przezroczysto\\u015bci czy temperatury powierzchni,<\\\/li>\\n<\\\/ul>\",\"margin\":\"default\"}}]},{\"type\":\"column\",\"props\":{\"image_position\":\"center-center\",\"position_sticky_breakpoint\":\"m\",\"width_medium\":\"1-2\"},\"children\":[{\"type\":\"divider\",\"props\":{\"divider_element\":\"hr\"}},{\"type\":\"image\",\"props\":{\"image\":\"wp-content\\\/uploads\\\/2023\\\/05\\\/Badanie-jakosci-wod-.jpg\",\"image_svg_color\":\"emphasis\",\"margin\":\"default\",\"text_align\":\"center\"}},{\"type\":\"image\",\"props\":{\"image\":\"wp-content\\\/uploads\\\/2023\\\/05\\\/Badanie-jakosci-wod-1.jpg\",\"image_svg_color\":\"emphasis\",\"margin\":\"default\",\"text_align\":\"center\"}}]}],\"props\":{\"layout\":\"1-2,1-2\"}}]},{\"type\":\"section\",\"props\":{\"image_position\":\"center-center\",\"style\":\"default\",\"title_breakpoint\":\"xl\",\"title_position\":\"top-left\",\"title_rotation\":\"left\",\"vertical_align\":\"middle\",\"width\":\"default\"},\"children\":[{\"type\":\"row\",\"children\":[{\"type\":\"column\",\"props\":{\"image_position\":\"center-center\",\"position_sticky_breakpoint\":\"m\"},\"children\":[{\"type\":\"text\",\"props\":{\"column_breakpoint\":\"m\",\"content\":\"\n\n<h3>ZAPRASZAMY DO KONTAKTU<\\\/h3>\\n\n\n<p>Batymetria Satelitarna i Ocena jako\\u015bci w\\u00f3d przy wykorzystaniu metod satelitarnych:<\\\/p>\\n\n\n<p>hydro@escort.com.pl <br \\\/>sales@escort.com.pl<\\\/p>\\n\n\n<p>Firma ESCORT Sp. z o.o. dzia\\u0142a jako partner firmy EOMAP w Polsce. <br \\\/>Nasi specjali\\u015bci z zakresu hydrografii oraz ochrony \\u015brodowiska ch\\u0119tnie odpowiedz\\u0105 na wszelkie pytania.<\\\/p>\\n\n\n<p>Zach\\u0119camy do kontaktu.<\\\/p>\",\"margin\":\"default\"}}]}]},{\"type\":\"row\",\"props\":{\"layout\":\"1-2,1-2\"},\"children\":[{\"type\":\"column\",\"props\":{\"image_position\":\"center-center\",\"position_sticky_breakpoint\":\"m\",\"width_medium\":\"1-2\"},\"children\":[{\"type\":\"image\",\"props\":{\"block_align\":\"center\",\"image\":\"wp-content\\\/uploads\\\/2023\\\/05\\\/eomap.png\",\"image_alt\":\"Monitoring satelitarny\",\"image_svg_color\":\"emphasis\",\"link\":\"https:\\\/\\\/eomap.com\",\"link_target\":\"blank\",\"margin\":\"default\",\"maxwidth\":\"medium\",\"text_align\":\"center\"}}]},{\"type\":\"column\",\"props\":{\"image_position\":\"center-center\",\"position_sticky_breakpoint\":\"m\",\"width_medium\":\"1-2\"},\"children\":[{\"type\":\"image\",\"props\":{\"block_align\":\"center\",\"image\":\"wp-content\\\/uploads\\\/2023\\\/05\\\/escort_png.png\",\"image_alt\":\"Monitoring satelitarny\",\"image_svg_color\":\"emphasis\",\"link\":\"https:\\\/\\\/escort-technology.com\",\"link_target\":\"blank\",\"margin\":\"default\",\"maxwidth\":\"medium\",\"text_align\":\"center\"}}]}]}]}],\"version\":\"4.0.13\"} --><\/p>\n","protected":false},"excerpt":{"rendered":"<p>Analiza jako\u015bci w\u00f3d Promowane w Polsce przez firm\u0119 ESCORT Technology Sp. z o.o. us\u0142ugi satelitarne firmy EOMAP mog\u0105 pom\u00f3c instytucjom wodnym w wype\u0142nianiu ich zobowi\u0105za\u0144 w ramach RDW w zakresie monitorowania w\u00f3d \u015br\u00f3dl\u0105dowych i przybrze\u017cnych. Zar\u00f3wno agencje rz\u0105dowe odpowiedzialne za gospodark\u0119 wodn\u0105 na ca\u0142ym \u015bwiecie potrzebuj\u0105 dost\u0119pu do lokalnych, krajowych lub globalnych informacji i trend\u00f3w [&hellip;]<\/p>\n","protected":false},"author":10,"featured_media":0,"parent":0,"menu_order":0,"comment_status":"closed","ping_status":"closed","template":"","meta":{"footnotes":""},"class_list":["post-12439","page","type-page","status-publish","hentry"],"yoast_head":"<!-- This site is optimized with the Yoast SEO plugin v27.5 - https:\/\/yoast.com\/product\/yoast-seo-wordpress\/ -->\n<title>Analiza jako\u015bci w\u00f3d - ESCORT TECHNOLOGY<\/title>\n<meta name=\"robots\" content=\"index, follow, max-snippet:-1, max-image-preview:large, max-video-preview:-1\" \/>\n<link rel=\"canonical\" href=\"https:\/\/escort-technology.com\/pl\/analiza-jakosci-wod\/\" \/>\n<meta property=\"og:locale\" content=\"pl_PL\" \/>\n<meta property=\"og:type\" content=\"article\" \/>\n<meta property=\"og:title\" content=\"Analiza jako\u015bci w\u00f3d - ESCORT TECHNOLOGY\" \/>\n<meta property=\"og:description\" content=\"Analiza jako\u015bci w\u00f3d Promowane w Polsce przez firm\u0119 ESCORT Technology Sp. z o.o. us\u0142ugi satelitarne firmy EOMAP mog\u0105 pom\u00f3c instytucjom wodnym w wype\u0142nianiu ich zobowi\u0105za\u0144 w ramach RDW w zakresie monitorowania w\u00f3d \u015br\u00f3dl\u0105dowych i przybrze\u017cnych. Zar\u00f3wno agencje rz\u0105dowe odpowiedzialne za gospodark\u0119 wodn\u0105 na ca\u0142ym \u015bwiecie potrzebuj\u0105 dost\u0119pu do lokalnych, krajowych lub globalnych informacji i trend\u00f3w [&hellip;]\" \/>\n<meta property=\"og:url\" content=\"https:\/\/escort-technology.com\/pl\/analiza-jakosci-wod\/\" \/>\n<meta property=\"og:site_name\" content=\"ESCORT TECHNOLOGY\" \/>\n<meta property=\"article:publisher\" content=\"https:\/\/www.facebook.com\/elektronika.morska\/\" \/>\n<meta property=\"article:modified_time\" content=\"2025-11-13T07:45:59+00:00\" \/>\n<meta name=\"twitter:card\" content=\"summary_large_image\" \/>\n<meta name=\"twitter:label1\" content=\"Szacowany czas czytania\" \/>\n\t<meta name=\"twitter:data1\" content=\"2 minuty\" \/>\n<script type=\"application\/ld+json\" class=\"yoast-schema-graph\">{\"@context\":\"https:\\\/\\\/schema.org\",\"@graph\":[{\"@type\":\"WebPage\",\"@id\":\"https:\\\/\\\/escort-technology.com\\\/analiza-jakosci-wod\\\/\",\"url\":\"https:\\\/\\\/escort-technology.com\\\/analiza-jakosci-wod\\\/\",\"name\":\"Analiza jako\u015bci w\u00f3d - ESCORT TECHNOLOGY\",\"isPartOf\":{\"@id\":\"http:\\\/\\\/escort-technology.com\\\/de\\\/#website\"},\"datePublished\":\"2023-05-23T07:24:08+00:00\",\"dateModified\":\"2025-11-13T07:45:59+00:00\",\"breadcrumb\":{\"@id\":\"https:\\\/\\\/escort-technology.com\\\/analiza-jakosci-wod\\\/#breadcrumb\"},\"inLanguage\":\"pl-PL\",\"potentialAction\":[{\"@type\":\"ReadAction\",\"target\":[\"https:\\\/\\\/escort-technology.com\\\/analiza-jakosci-wod\\\/\"]}]},{\"@type\":\"BreadcrumbList\",\"@id\":\"https:\\\/\\\/escort-technology.com\\\/analiza-jakosci-wod\\\/#breadcrumb\",\"itemListElement\":[{\"@type\":\"ListItem\",\"position\":1,\"name\":\"Strona g\u0142\u00f3wna\",\"item\":\"https:\\\/\\\/escort-technology.com\\\/\"},{\"@type\":\"ListItem\",\"position\":2,\"name\":\"Analiza jako\u015bci w\u00f3d\"}]},{\"@type\":\"WebSite\",\"@id\":\"http:\\\/\\\/escort-technology.com\\\/de\\\/#website\",\"url\":\"http:\\\/\\\/escort-technology.com\\\/de\\\/\",\"name\":\"ESCORT TECHNOLOGY\",\"description\":\"Elektronika morska i l\u0105dowa\",\"publisher\":{\"@id\":\"http:\\\/\\\/escort-technology.com\\\/de\\\/#organization\"},\"potentialAction\":[{\"@type\":\"SearchAction\",\"target\":{\"@type\":\"EntryPoint\",\"urlTemplate\":\"http:\\\/\\\/escort-technology.com\\\/de\\\/?s={search_term_string}\"},\"query-input\":{\"@type\":\"PropertyValueSpecification\",\"valueRequired\":true,\"valueName\":\"search_term_string\"}}],\"inLanguage\":\"pl-PL\"},{\"@type\":\"Organization\",\"@id\":\"http:\\\/\\\/escort-technology.com\\\/de\\\/#organization\",\"name\":\"ESCORT TECHNOLOGY\",\"url\":\"http:\\\/\\\/escort-technology.com\\\/de\\\/\",\"logo\":{\"@type\":\"ImageObject\",\"inLanguage\":\"pl-PL\",\"@id\":\"http:\\\/\\\/escort-technology.com\\\/de\\\/#\\\/schema\\\/logo\\\/image\\\/\",\"url\":\"https:\\\/\\\/escort-technology.com\\\/wp-content\\\/uploads\\\/logo-1.jpg\",\"contentUrl\":\"https:\\\/\\\/escort-technology.com\\\/wp-content\\\/uploads\\\/logo-1.jpg\",\"width\":600,\"height\":165,\"caption\":\"ESCORT TECHNOLOGY\"},\"image\":{\"@id\":\"http:\\\/\\\/escort-technology.com\\\/de\\\/#\\\/schema\\\/logo\\\/image\\\/\"},\"sameAs\":[\"https:\\\/\\\/www.facebook.com\\\/elektronika.morska\\\/\",\"https:\\\/\\\/www.linkedin.com\\\/company\\\/escort-sp-z-o-o-\\\/\"]}]}<\/script>\n<!-- \/ Yoast SEO plugin. -->","yoast_head_json":{"title":"Analiza jako\u015bci w\u00f3d - ESCORT TECHNOLOGY","robots":{"index":"index","follow":"follow","max-snippet":"max-snippet:-1","max-image-preview":"max-image-preview:large","max-video-preview":"max-video-preview:-1"},"canonical":"https:\/\/escort-technology.com\/pl\/analiza-jakosci-wod\/","og_locale":"pl_PL","og_type":"article","og_title":"Analiza jako\u015bci w\u00f3d - ESCORT TECHNOLOGY","og_description":"Analiza jako\u015bci w\u00f3d Promowane w Polsce przez firm\u0119 ESCORT Technology Sp. z o.o. us\u0142ugi satelitarne firmy EOMAP mog\u0105 pom\u00f3c instytucjom wodnym w wype\u0142nianiu ich zobowi\u0105za\u0144 w ramach RDW w zakresie monitorowania w\u00f3d \u015br\u00f3dl\u0105dowych i przybrze\u017cnych. Zar\u00f3wno agencje rz\u0105dowe odpowiedzialne za gospodark\u0119 wodn\u0105 na ca\u0142ym \u015bwiecie potrzebuj\u0105 dost\u0119pu do lokalnych, krajowych lub globalnych informacji i trend\u00f3w [&hellip;]","og_url":"https:\/\/escort-technology.com\/pl\/analiza-jakosci-wod\/","og_site_name":"ESCORT TECHNOLOGY","article_publisher":"https:\/\/www.facebook.com\/elektronika.morska\/","article_modified_time":"2025-11-13T07:45:59+00:00","twitter_card":"summary_large_image","twitter_misc":{"Szacowany czas czytania":"2 minuty"},"schema":{"@context":"https:\/\/schema.org","@graph":[{"@type":"WebPage","@id":"https:\/\/escort-technology.com\/analiza-jakosci-wod\/","url":"https:\/\/escort-technology.com\/analiza-jakosci-wod\/","name":"Analiza jako\u015bci w\u00f3d - ESCORT TECHNOLOGY","isPartOf":{"@id":"http:\/\/escort-technology.com\/de\/#website"},"datePublished":"2023-05-23T07:24:08+00:00","dateModified":"2025-11-13T07:45:59+00:00","breadcrumb":{"@id":"https:\/\/escort-technology.com\/analiza-jakosci-wod\/#breadcrumb"},"inLanguage":"pl-PL","potentialAction":[{"@type":"ReadAction","target":["https:\/\/escort-technology.com\/analiza-jakosci-wod\/"]}]},{"@type":"BreadcrumbList","@id":"https:\/\/escort-technology.com\/analiza-jakosci-wod\/#breadcrumb","itemListElement":[{"@type":"ListItem","position":1,"name":"Strona g\u0142\u00f3wna","item":"https:\/\/escort-technology.com\/"},{"@type":"ListItem","position":2,"name":"Analiza jako\u015bci w\u00f3d"}]},{"@type":"WebSite","@id":"http:\/\/escort-technology.com\/de\/#website","url":"http:\/\/escort-technology.com\/de\/","name":"ESCORT TECHNOLOGY","description":"Elektronika morska i l\u0105dowa","publisher":{"@id":"http:\/\/escort-technology.com\/de\/#organization"},"potentialAction":[{"@type":"SearchAction","target":{"@type":"EntryPoint","urlTemplate":"http:\/\/escort-technology.com\/de\/?s={search_term_string}"},"query-input":{"@type":"PropertyValueSpecification","valueRequired":true,"valueName":"search_term_string"}}],"inLanguage":"pl-PL"},{"@type":"Organization","@id":"http:\/\/escort-technology.com\/de\/#organization","name":"ESCORT TECHNOLOGY","url":"http:\/\/escort-technology.com\/de\/","logo":{"@type":"ImageObject","inLanguage":"pl-PL","@id":"http:\/\/escort-technology.com\/de\/#\/schema\/logo\/image\/","url":"https:\/\/escort-technology.com\/wp-content\/uploads\/logo-1.jpg","contentUrl":"https:\/\/escort-technology.com\/wp-content\/uploads\/logo-1.jpg","width":600,"height":165,"caption":"ESCORT TECHNOLOGY"},"image":{"@id":"http:\/\/escort-technology.com\/de\/#\/schema\/logo\/image\/"},"sameAs":["https:\/\/www.facebook.com\/elektronika.morska\/","https:\/\/www.linkedin.com\/company\/escort-sp-z-o-o-\/"]}]}},"_links":{"self":[{"href":"http:\/\/escort-technology.com\/pl\/wp-json\/wp\/v2\/pages\/12439","targetHints":{"allow":["GET"]}}],"collection":[{"href":"http:\/\/escort-technology.com\/pl\/wp-json\/wp\/v2\/pages"}],"about":[{"href":"http:\/\/escort-technology.com\/pl\/wp-json\/wp\/v2\/types\/page"}],"author":[{"embeddable":true,"href":"http:\/\/escort-technology.com\/pl\/wp-json\/wp\/v2\/users\/10"}],"replies":[{"embeddable":true,"href":"http:\/\/escort-technology.com\/pl\/wp-json\/wp\/v2\/comments?post=12439"}],"version-history":[{"count":34,"href":"http:\/\/escort-technology.com\/pl\/wp-json\/wp\/v2\/pages\/12439\/revisions"}],"predecessor-version":[{"id":14742,"href":"http:\/\/escort-technology.com\/pl\/wp-json\/wp\/v2\/pages\/12439\/revisions\/14742"}],"wp:attachment":[{"href":"http:\/\/escort-technology.com\/pl\/wp-json\/wp\/v2\/media?parent=12439"}],"curies":[{"name":"wp","href":"https:\/\/api.w.org\/{rel}","templated":true}]}}