{"id":1414,"date":"2018-02-27T12:43:51","date_gmt":"2018-02-27T12:43:51","guid":{"rendered":"http:\/\/escort-technology.com\/?page_id=1414"},"modified":"2024-07-23T12:48:16","modified_gmt":"2024-07-23T10:48:16","slug":"systemy-komunikacji-na-morzu-i-ladzie","status":"publish","type":"page","link":"http:\/\/escort-technology.com\/pl\/systemy-komunikacji-na-morzu-i-ladzie\/","title":{"rendered":"Systemy komunikacji na morzu i l\u0105dzie"},"content":{"rendered":"<p><img decoding=\"async\" src=\"\/wp-content\/uploads\/radiokomunikacja.png\" alt=\"\"><\/p>\n<h1>\n<h2>Systemy komunikacji na morzu i l\u0105dzie<\/h2>\n<\/h1>\n<div>\n<p>Radiowe sieci \u0142\u0105czno\u015bci pozwalaj\u0105 na usprawnienie akcji ratunkowych, prac na budowie, koordynacj\u0119 s\u0142u\u017cb komunalnych itp. Oferowane systemy \u0142\u0105czno\u015bci l\u0105dowej obejmuj\u0105 zar\u00f3wno konwencjonalne systemy radiokomunikacji ruchomej l\u0105dowej, jak i bardziej zaawansowane technicznie, pozwalaj\u0105ce na transmisj\u0119 danych. W naszym asortymencie sprz\u0119tu radiokomunikacyjnego znajd\u0105 Pa\u0144stwo mi\u0119dzy innymi radiotelefony morskie VHF i MF\/HF oraz satelitarne systemy \u0142\u0105czno\u015bci, takie jak GLOBALSTAR, INMARSAT itp. Poni\u017cej pe\u0142na lista dost\u0119pnych produkt\u00f3w.<\/p>\n<\/div>\n<ul>\n<li>\n<h3>Satelitarne systemy \u0142\u0105czno\u015bci GLOBALSTAR<\/h3>\n<div>\n<div class=\"uk-accordion-content\" aria-hidden=\"false\">\n<div class=\"uk-margin el-content\">\n<ol>\n<li><span style=\"color: #000080;\"><a style=\"color: #000080;\" href=\"http:\/\/escort-technology.com\/usluga-na-karte-globalstar-prepaid\/\">Us\u0142uga na kart\u0119 GLOBALSTAR PREPAID<\/a><\/span><\/li>\n<li><span style=\"color: #000080;\"><a style=\"color: #000080;\" href=\"http:\/\/escort-technology.com\/mapa-zasiegu-sieci-globalstar\/\">Mapa zasi\u0119gu sieci GLOBALSTAR<\/a><\/span><\/li>\n<li><span style=\"color: #000080;\"><a style=\"color: #000080;\" href=\"http:\/\/escort-technology.com\/plany-taryfowe-w-satelitarnej-sieci-globalstar\/\">Plany taryfowe w satelitarnej sieci GLOBALSTAR<\/a><\/span><\/li>\n<\/ol>\n<\/div>\n<\/div>\n<\/div>\n<\/li>\n<li>\n<h3>Satelitarne systemy \u0142\u0105czno\u015bci INMARSAT<\/h3>\n<div>\n<ol>\n<li><span style=\"color: #000080;\"><a style=\"color: #000080;\" href=\"http:\/\/escort-technology.com\/sailor-fleet-broadband-250\/\">SAILOR Fleet Broadband 250<\/a><\/span><\/li>\n<li><span style=\"color: #000080;\"><a style=\"color: #000080;\" href=\"http:\/\/escort-technology.com\/sailor-fleet-broadband-150\/\">SAILOR Fleet Broadband 150<\/a><\/span><\/li>\n<li><span style=\"color: #000080;\"><a style=\"color: #000080;\" href=\"http:\/\/escort-technology.com\/jrc-fleet-broadband-jue-250\/\">JRC Fleet Broadband JUE-250<\/a><\/span><\/li>\n<li><a href=\"http:\/\/escort-technology.com\/jrc-fleet-broadband-jue-500\/\"><span style=\"color: #000080;\">JRC Fleet Broadband JUE-500<\/span><\/a><\/li>\n<\/ol>\n<\/div>\n<\/li>\n<li>\n<h3>Radiotelefony na pasmo morskie ICOM<\/h3>\n<div>\n<ol>\n<li><span style=\"color: #000080;\"><a style=\"color: #000080;\" href=\"https:\/\/escort-technology.com\/?page_id=6706&amp;preview=true\">Radiotelefony VHF ICOM r\u0119czne<\/a><\/span><\/li>\n<li><span style=\"color: #000080;\"><a style=\"color: #000080;\" href=\"https:\/\/escort-technology.com\/?page_id=6733&amp;preview=true\"><span>Radiotelefony VHF ICOM bazowe<\/span><\/a><span style=\"color: #000080;\"><\/span><\/span><\/li>\n<\/ol>\n<\/div>\n<\/li>\n<\/ul>\n<ul>\n<li>\n<h3>Radiotelefony profesjonalne ICOM<\/h3>\n<div>\n<ol>\n<li><a href=\"http:\/\/escort-technology.com\/radiotelefon-profesjonalny-vhf-uhf-icom-ic-f3002-ic-f4002\/\"><span style=\"color: #000080;\">Radiotelefon profesjonalny VHF\/UHF ICOM IC-F3002\/ IC-F4002<\/span><\/a><\/li>\n<\/ol>\n<\/div>\n<\/li>\n<li>\n<h3>Radiotelefony bez pozwole\u0144 PMR ICOM<\/h3>\n<div>\n<ol>\n<li><span style=\"color: #000080;\"><a style=\"color: #000080;\" href=\"http:\/\/escort-technology.com\/radiotelefon-pmr-icom-ic-f29sr2\/\">Radiotelefon PMR ICOM IC-F29SR2<\/a><\/span><\/li>\n<li><span style=\"color: #000080;\"><a style=\"color: #000080;\" href=\"http:\/\/escort-technology.com\/radiotelefon-pmr-icom-ic-f29sr\/\">Radiotelefon PMR ICOM IC-F29SR<\/a><\/span><\/li>\n<li><span style=\"color: #000080;\"><a style=\"color: #000080;\" href=\"http:\/\/escort-technology.com\/radiotelefon-pmr-icom-ic-f29dr\/\">Radiotelefon PMR ICOM IC-F29DR<\/a><\/span><\/li>\n<\/ol>\n<\/div>\n<\/li>\n<\/ul>\n<p><!--more--><br \/>\n<!-- {\"type\":\"layout\",\"children\":[{\"name\":\"opis elektroniki\",\"type\":\"section\",\"props\":{\"animation\":\"slide-top-medium\",\"header_overlay\":\"light\",\"height_viewport\":false,\"image_fixed\":false,\"image_position\":\"bottom-center\",\"image_size\":\"cover\",\"overlap\":true,\"padding\":\"none\",\"padding_remove_top\":false,\"style\":\"default\",\"title_breakpoint\":\"xl\",\"title_position\":\"top-left\",\"title_rotation\":\"left\",\"vertical_align\":\"middle\",\"width\":\"large\"},\"children\":[{\"type\":\"row\",\"children\":[{\"type\":\"column\",\"props\":{\"image_position\":\"center-center\",\"position_sticky_breakpoint\":\"m\",\"width_medium\":\"1-1\"},\"children\":[{\"type\":\"image\",\"props\":{\"image\":\"wp-content\\\/uploads\\\/radiokomunikacja.png\",\"image_border\":\"rounded\",\"image_box_shadow\":\"small\",\"image_svg_color\":\"emphasis\",\"image_width\":\"1500\",\"margin\":\"default\",\"text_align\":\"center\"}}]}]},{\"type\":\"row\",\"children\":[{\"type\":\"column\",\"props\":{\"image_position\":\"center-center\",\"position_sticky_breakpoint\":\"m\",\"width_medium\":\"1-1\"},\"children\":[{\"type\":\"headline\",\"props\":{\"content\":\"\n\n<h2>Systemy komunikacji na morzu i l\\u0105dzie<\\\/h2>\",\"title_element\":\"h1\"}},{\"type\":\"text\",\"props\":{\"column_breakpoint\":\"m\",\"content\":\"\n\n<p>Radiowe sieci \\u0142\\u0105czno\\u015bci pozwalaj\\u0105 na usprawnienie akcji ratunkowych, prac na budowie, koordynacj\\u0119 s\\u0142u\\u017cb komunalnych itp. Oferowane systemy \\u0142\\u0105czno\\u015bci l\\u0105dowej obejmuj\\u0105 zar\\u00f3wno konwencjonalne systemy radiokomunikacji ruchomej l\\u0105dowej, jak i bardziej zaawansowane technicznie, pozwalaj\\u0105ce na transmisj\\u0119 danych. W naszym asortymencie sprz\\u0119tu radiokomunikacyjnego znajd\\u0105 Pa\\u0144stwo mi\\u0119dzy innymi radiotelefony morskie VHF i MF\\\/HF oraz satelitarne systemy \\u0142\\u0105czno\\u015bci, takie jak GLOBALSTAR, INMARSAT itp. Poni\\u017cej pe\\u0142na lista dost\\u0119pnych produkt\\u00f3w.<\\\/p>\",\"margin\":\"default\",\"text_align\":\"justify\"}}]}]},{\"type\":\"row\",\"props\":{\"layout\":\"1-2,1-2\",\"margin\":\"medium\"},\"children\":[{\"type\":\"column\",\"props\":{\"image_position\":\"center-center\",\"position_sticky_breakpoint\":\"m\",\"width_medium\":\"1-2\"},\"children\":[{\"type\":\"accordion\",\"props\":{\"collapsible\":true,\"content_column_breakpoint\":\"m\",\"image_align\":\"top\",\"image_grid_breakpoint\":\"m\",\"image_grid_width\":\"1-2\",\"image_svg_color\":\"emphasis\",\"link_style\":\"default\",\"link_text\":\"Read more\",\"maxwidth\":\"large\",\"show_image\":true,\"show_link\":true},\"children\":[{\"type\":\"accordion_item\",\"props\":{\"content\":\"\n\n<div class=\\\"uk-accordion-content\\\" aria-hidden=\\\"false\\\">\\n\n\n<div class=\\\"uk-margin el-content\\\">\\n\n\n<ol>\\n\n\n<li><span style=\\\"color: #000080;\\\"><a style=\\\"color: #000080;\\\" href=\\\"http:\\\/\\\/escort-technology.com\\\/usluga-na-karte-globalstar-prepaid\\\/\\\">Us\\u0142uga na kart\\u0119 GLOBALSTAR PREPAID<\\\/a><\\\/span><\\\/li>\\n\n\n<li><span style=\\\"color: #000080;\\\"><a style=\\\"color: #000080;\\\" href=\\\"http:\\\/\\\/escort-technology.com\\\/mapa-zasiegu-sieci-globalstar\\\/\\\">Mapa zasi\\u0119gu sieci GLOBALSTAR<\\\/a><\\\/span><\\\/li>\\n\n\n<li><span style=\\\"color: #000080;\\\"><a style=\\\"color: #000080;\\\" href=\\\"http:\\\/\\\/escort-technology.com\\\/plany-taryfowe-w-satelitarnej-sieci-globalstar\\\/\\\">Plany taryfowe w satelitarnej sieci GLOBALSTAR<\\\/a><\\\/span><\\\/li>\\n<\\\/ol>\\n<\\\/div>\\n<\\\/div>\",\"title\":\"Satelitarne systemy \\u0142\\u0105czno\\u015bci GLOBALSTAR\"}},{\"type\":\"accordion_item\",\"props\":{\"content\":\"\n\n<ol>\\n\n\n<li><span style=\\\"color: #000080;\\\"><a style=\\\"color: #000080;\\\" href=\\\"http:\\\/\\\/escort-technology.com\\\/sailor-fleet-broadband-250\\\/\\\">SAILOR Fleet Broadband 250<\\\/a><\\\/span><\\\/li>\\n\n\n<li><span style=\\\"color: #000080;\\\"><a style=\\\"color: #000080;\\\" href=\\\"http:\\\/\\\/escort-technology.com\\\/sailor-fleet-broadband-150\\\/\\\">SAILOR Fleet Broadband 150<\\\/a><\\\/span><\\\/li>\\n\n\n<li><span style=\\\"color: #000080;\\\"><a style=\\\"color: #000080;\\\" href=\\\"http:\\\/\\\/escort-technology.com\\\/jrc-fleet-broadband-jue-250\\\/\\\">JRC Fleet Broadband JUE-250<\\\/a><\\\/span><\\\/li>\\n\n\n<li><a href=\\\"http:\\\/\\\/escort-technology.com\\\/jrc-fleet-broadband-jue-500\\\/\\\"><span style=\\\"color: #000080;\\\">JRC Fleet Broadband JUE-500<\\\/span><\\\/a><\\\/li>\\n<\\\/ol>\",\"title\":\"Satelitarne systemy \\u0142\\u0105czno\\u015bci INMARSAT\"}},{\"type\":\"accordion_item\",\"props\":{\"content\":\"\n\n<p><\\\/p>\\n\n\n<ol>\\n\n\n<li><span style=\\\"color: #000080;\\\"><a style=\\\"color: #000080;\\\" href=\\\"https:\\\/\\\/escort-technology.com\\\/?page_id=6706&amp;preview=true\\\">Radiotelefony VHF ICOM r\\u0119czne<\\\/a><\\\/span><\\\/li>\\n\n\n<li><span style=\\\"color: #000080;\\\"><a style=\\\"color: #000080;\\\" href=\\\"https:\\\/\\\/escort-technology.com\\\/?page_id=6733&amp;preview=true\\\"><span>Radiotelefony VHF ICOM bazowe<\\\/span><\\\/a><span style=\\\"color: #000080;\\\"><\\\/span><\\\/span><\\\/li>\\n<\\\/ol>\\n\n\n<p><\\\/p>\",\"title\":\"Radiotelefony na pasmo morskie ICOM\"}}]}]},{\"type\":\"column\",\"props\":{\"image_position\":\"center-center\",\"position_sticky_breakpoint\":\"m\",\"width_medium\":\"1-2\"},\"children\":[{\"type\":\"accordion\",\"props\":{\"collapsible\":true,\"content_column_breakpoint\":\"m\",\"image_align\":\"top\",\"image_grid_breakpoint\":\"m\",\"image_grid_width\":\"1-2\",\"image_svg_color\":\"emphasis\",\"link_style\":\"default\",\"link_text\":\"Read more\",\"maxwidth\":\"large\",\"show_image\":true,\"show_link\":true},\"children\":[{\"type\":\"accordion_item\",\"props\":{\"content\":\"\n\n<ol>\\n\n\n<li><a href=\\\"http:\\\/\\\/escort-technology.com\\\/radiotelefon-profesjonalny-vhf-uhf-icom-ic-f3002-ic-f4002\\\/\\\"><span style=\\\"color: #000080;\\\">Radiotelefon profesjonalny VHF\\\/UHF ICOM IC-F3002\\\/ IC-F4002<\\\/span><\\\/a><\\\/li>\\n<\\\/ol>\",\"title\":\"Radiotelefony profesjonalne ICOM\"}},{\"type\":\"accordion_item\",\"props\":{\"content\":\"\n\n<ol>\\n\n\n<li><span style=\\\"color: #000080;\\\"><a style=\\\"color: #000080;\\\" href=\\\"http:\\\/\\\/escort-technology.com\\\/radiotelefon-pmr-icom-ic-f29sr2\\\/\\\">Radiotelefon PMR ICOM IC-F29SR2<\\\/a><\\\/span><\\\/li>\\n\n\n<li><span style=\\\"color: #000080;\\\"><a style=\\\"color: #000080;\\\" href=\\\"http:\\\/\\\/escort-technology.com\\\/radiotelefon-pmr-icom-ic-f29sr\\\/\\\">Radiotelefon PMR ICOM IC-F29SR<\\\/a><\\\/span><\\\/li>\\n\n\n<li><span style=\\\"color: #000080;\\\"><a style=\\\"color: #000080;\\\" href=\\\"http:\\\/\\\/escort-technology.com\\\/radiotelefon-pmr-icom-ic-f29dr\\\/\\\">Radiotelefon PMR ICOM IC-F29DR<\\\/a><\\\/span><\\\/li>\\n<\\\/ol>\",\"title\":\"Radiotelefony bez pozwole\\u0144 PMR ICOM\"}}]}]}]}]}],\"version\":\"4.0.13\"} --><\/p>\n","protected":false},"excerpt":{"rendered":"<p>Systemy komunikacji na morzu i l\u0105dzie Radiowe sieci \u0142\u0105czno\u015bci pozwalaj\u0105 na usprawnienie akcji ratunkowych, prac na budowie, koordynacj\u0119 s\u0142u\u017cb komunalnych itp. Oferowane systemy \u0142\u0105czno\u015bci l\u0105dowej obejmuj\u0105 zar\u00f3wno konwencjonalne systemy radiokomunikacji ruchomej l\u0105dowej, jak i bardziej zaawansowane technicznie, pozwalaj\u0105ce na transmisj\u0119 danych. W naszym asortymencie sprz\u0119tu radiokomunikacyjnego znajd\u0105 Pa\u0144stwo mi\u0119dzy innymi radiotelefony morskie VHF i MF\/HF [&hellip;]<\/p>\n","protected":false},"author":1,"featured_media":0,"parent":0,"menu_order":0,"comment_status":"closed","ping_status":"closed","template":"","meta":{"footnotes":""},"class_list":["post-1414","page","type-page","status-publish","hentry"],"yoast_head":"<!-- This site is optimized with the Yoast SEO plugin v27.6 - https:\/\/yoast.com\/product\/yoast-seo-wordpress\/ -->\n<title>Sprz\u0119t radiokomunikacyjny - oferta firmy Escort w Szczecinie<\/title>\n<meta name=\"description\" content=\"Oferujemy wysokiej jako\u015bci sprz\u0119t radiokomunikacyjny. Escort proponuje sprzeda\u017c i dostaw\u0119 radiotelefon\u00f3w morskich oraz innych system\u00f3w \u0142\u0105czno\u015bci. Oto szczeg\u00f3\u0142y!\" \/>\n<meta name=\"robots\" content=\"index, follow, max-snippet:-1, max-image-preview:large, max-video-preview:-1\" \/>\n<link rel=\"canonical\" href=\"https:\/\/escort-technology.com\/pl\/systemy-komunikacji-na-morzu-i-ladzie\/\" \/>\n<meta property=\"og:locale\" content=\"pl_PL\" \/>\n<meta property=\"og:type\" content=\"article\" \/>\n<meta property=\"og:title\" content=\"Sprz\u0119t radiokomunikacyjny - oferta firmy Escort w Szczecinie\" \/>\n<meta property=\"og:description\" content=\"Oferujemy wysokiej jako\u015bci sprz\u0119t radiokomunikacyjny. Escort proponuje sprzeda\u017c i dostaw\u0119 radiotelefon\u00f3w morskich oraz innych system\u00f3w \u0142\u0105czno\u015bci. Oto szczeg\u00f3\u0142y!\" \/>\n<meta property=\"og:url\" content=\"https:\/\/escort-technology.com\/pl\/systemy-komunikacji-na-morzu-i-ladzie\/\" \/>\n<meta property=\"og:site_name\" content=\"ESCORT TECHNOLOGY\" \/>\n<meta property=\"article:publisher\" content=\"https:\/\/www.facebook.com\/elektronika.morska\/\" \/>\n<meta property=\"article:modified_time\" content=\"2024-07-23T10:48:16+00:00\" \/>\n<meta name=\"twitter:card\" content=\"summary_large_image\" \/>\n<meta name=\"twitter:label1\" content=\"Szacowany czas czytania\" \/>\n\t<meta name=\"twitter:data1\" content=\"1 minuta\" \/>\n<script type=\"application\/ld+json\" class=\"yoast-schema-graph\">{\"@context\":\"https:\\\/\\\/schema.org\",\"@graph\":[{\"@type\":\"WebPage\",\"@id\":\"https:\\\/\\\/escort-technology.com\\\/systemy-komunikacji-na-morzu-i-ladzie\\\/\",\"url\":\"https:\\\/\\\/escort-technology.com\\\/systemy-komunikacji-na-morzu-i-ladzie\\\/\",\"name\":\"Sprz\u0119t radiokomunikacyjny - oferta firmy Escort w Szczecinie\",\"isPartOf\":{\"@id\":\"http:\\\/\\\/escort-technology.com\\\/de\\\/#website\"},\"datePublished\":\"2018-02-27T12:43:51+00:00\",\"dateModified\":\"2024-07-23T10:48:16+00:00\",\"description\":\"Oferujemy wysokiej jako\u015bci sprz\u0119t radiokomunikacyjny. Escort proponuje sprzeda\u017c i dostaw\u0119 radiotelefon\u00f3w morskich oraz innych system\u00f3w \u0142\u0105czno\u015bci. Oto szczeg\u00f3\u0142y!\",\"breadcrumb\":{\"@id\":\"https:\\\/\\\/escort-technology.com\\\/systemy-komunikacji-na-morzu-i-ladzie\\\/#breadcrumb\"},\"inLanguage\":\"pl-PL\",\"potentialAction\":[{\"@type\":\"ReadAction\",\"target\":[\"https:\\\/\\\/escort-technology.com\\\/systemy-komunikacji-na-morzu-i-ladzie\\\/\"]}]},{\"@type\":\"BreadcrumbList\",\"@id\":\"https:\\\/\\\/escort-technology.com\\\/systemy-komunikacji-na-morzu-i-ladzie\\\/#breadcrumb\",\"itemListElement\":[{\"@type\":\"ListItem\",\"position\":1,\"name\":\"Strona g\u0142\u00f3wna\",\"item\":\"https:\\\/\\\/escort-technology.com\\\/\"},{\"@type\":\"ListItem\",\"position\":2,\"name\":\"Systemy komunikacji na morzu i l\u0105dzie\"}]},{\"@type\":\"WebSite\",\"@id\":\"http:\\\/\\\/escort-technology.com\\\/de\\\/#website\",\"url\":\"http:\\\/\\\/escort-technology.com\\\/de\\\/\",\"name\":\"ESCORT TECHNOLOGY\",\"description\":\"Elektronika morska i l\u0105dowa\",\"publisher\":{\"@id\":\"http:\\\/\\\/escort-technology.com\\\/de\\\/#organization\"},\"potentialAction\":[{\"@type\":\"SearchAction\",\"target\":{\"@type\":\"EntryPoint\",\"urlTemplate\":\"http:\\\/\\\/escort-technology.com\\\/de\\\/?s={search_term_string}\"},\"query-input\":{\"@type\":\"PropertyValueSpecification\",\"valueRequired\":true,\"valueName\":\"search_term_string\"}}],\"inLanguage\":\"pl-PL\"},{\"@type\":\"Organization\",\"@id\":\"http:\\\/\\\/escort-technology.com\\\/de\\\/#organization\",\"name\":\"ESCORT TECHNOLOGY\",\"url\":\"http:\\\/\\\/escort-technology.com\\\/de\\\/\",\"logo\":{\"@type\":\"ImageObject\",\"inLanguage\":\"pl-PL\",\"@id\":\"http:\\\/\\\/escort-technology.com\\\/de\\\/#\\\/schema\\\/logo\\\/image\\\/\",\"url\":\"https:\\\/\\\/escort-technology.com\\\/wp-content\\\/uploads\\\/logo-1.jpg\",\"contentUrl\":\"https:\\\/\\\/escort-technology.com\\\/wp-content\\\/uploads\\\/logo-1.jpg\",\"width\":600,\"height\":165,\"caption\":\"ESCORT TECHNOLOGY\"},\"image\":{\"@id\":\"http:\\\/\\\/escort-technology.com\\\/de\\\/#\\\/schema\\\/logo\\\/image\\\/\"},\"sameAs\":[\"https:\\\/\\\/www.facebook.com\\\/elektronika.morska\\\/\",\"https:\\\/\\\/www.linkedin.com\\\/company\\\/escort-sp-z-o-o-\\\/\"]}]}<\/script>\n<!-- \/ Yoast SEO plugin. -->","yoast_head_json":{"title":"Sprz\u0119t radiokomunikacyjny - oferta firmy Escort w Szczecinie","description":"Oferujemy wysokiej jako\u015bci sprz\u0119t radiokomunikacyjny. Escort proponuje sprzeda\u017c i dostaw\u0119 radiotelefon\u00f3w morskich oraz innych system\u00f3w \u0142\u0105czno\u015bci. Oto szczeg\u00f3\u0142y!","robots":{"index":"index","follow":"follow","max-snippet":"max-snippet:-1","max-image-preview":"max-image-preview:large","max-video-preview":"max-video-preview:-1"},"canonical":"https:\/\/escort-technology.com\/pl\/systemy-komunikacji-na-morzu-i-ladzie\/","og_locale":"pl_PL","og_type":"article","og_title":"Sprz\u0119t radiokomunikacyjny - oferta firmy Escort w Szczecinie","og_description":"Oferujemy wysokiej jako\u015bci sprz\u0119t radiokomunikacyjny. Escort proponuje sprzeda\u017c i dostaw\u0119 radiotelefon\u00f3w morskich oraz innych system\u00f3w \u0142\u0105czno\u015bci. Oto szczeg\u00f3\u0142y!","og_url":"https:\/\/escort-technology.com\/pl\/systemy-komunikacji-na-morzu-i-ladzie\/","og_site_name":"ESCORT TECHNOLOGY","article_publisher":"https:\/\/www.facebook.com\/elektronika.morska\/","article_modified_time":"2024-07-23T10:48:16+00:00","twitter_card":"summary_large_image","twitter_misc":{"Szacowany czas czytania":"1 minuta"},"schema":{"@context":"https:\/\/schema.org","@graph":[{"@type":"WebPage","@id":"https:\/\/escort-technology.com\/systemy-komunikacji-na-morzu-i-ladzie\/","url":"https:\/\/escort-technology.com\/systemy-komunikacji-na-morzu-i-ladzie\/","name":"Sprz\u0119t radiokomunikacyjny - oferta firmy Escort w Szczecinie","isPartOf":{"@id":"http:\/\/escort-technology.com\/de\/#website"},"datePublished":"2018-02-27T12:43:51+00:00","dateModified":"2024-07-23T10:48:16+00:00","description":"Oferujemy wysokiej jako\u015bci sprz\u0119t radiokomunikacyjny. Escort proponuje sprzeda\u017c i dostaw\u0119 radiotelefon\u00f3w morskich oraz innych system\u00f3w \u0142\u0105czno\u015bci. Oto szczeg\u00f3\u0142y!","breadcrumb":{"@id":"https:\/\/escort-technology.com\/systemy-komunikacji-na-morzu-i-ladzie\/#breadcrumb"},"inLanguage":"pl-PL","potentialAction":[{"@type":"ReadAction","target":["https:\/\/escort-technology.com\/systemy-komunikacji-na-morzu-i-ladzie\/"]}]},{"@type":"BreadcrumbList","@id":"https:\/\/escort-technology.com\/systemy-komunikacji-na-morzu-i-ladzie\/#breadcrumb","itemListElement":[{"@type":"ListItem","position":1,"name":"Strona g\u0142\u00f3wna","item":"https:\/\/escort-technology.com\/"},{"@type":"ListItem","position":2,"name":"Systemy komunikacji na morzu i l\u0105dzie"}]},{"@type":"WebSite","@id":"http:\/\/escort-technology.com\/de\/#website","url":"http:\/\/escort-technology.com\/de\/","name":"ESCORT TECHNOLOGY","description":"Elektronika morska i l\u0105dowa","publisher":{"@id":"http:\/\/escort-technology.com\/de\/#organization"},"potentialAction":[{"@type":"SearchAction","target":{"@type":"EntryPoint","urlTemplate":"http:\/\/escort-technology.com\/de\/?s={search_term_string}"},"query-input":{"@type":"PropertyValueSpecification","valueRequired":true,"valueName":"search_term_string"}}],"inLanguage":"pl-PL"},{"@type":"Organization","@id":"http:\/\/escort-technology.com\/de\/#organization","name":"ESCORT TECHNOLOGY","url":"http:\/\/escort-technology.com\/de\/","logo":{"@type":"ImageObject","inLanguage":"pl-PL","@id":"http:\/\/escort-technology.com\/de\/#\/schema\/logo\/image\/","url":"https:\/\/escort-technology.com\/wp-content\/uploads\/logo-1.jpg","contentUrl":"https:\/\/escort-technology.com\/wp-content\/uploads\/logo-1.jpg","width":600,"height":165,"caption":"ESCORT TECHNOLOGY"},"image":{"@id":"http:\/\/escort-technology.com\/de\/#\/schema\/logo\/image\/"},"sameAs":["https:\/\/www.facebook.com\/elektronika.morska\/","https:\/\/www.linkedin.com\/company\/escort-sp-z-o-o-\/"]}]}},"_links":{"self":[{"href":"http:\/\/escort-technology.com\/pl\/wp-json\/wp\/v2\/pages\/1414","targetHints":{"allow":["GET"]}}],"collection":[{"href":"http:\/\/escort-technology.com\/pl\/wp-json\/wp\/v2\/pages"}],"about":[{"href":"http:\/\/escort-technology.com\/pl\/wp-json\/wp\/v2\/types\/page"}],"author":[{"embeddable":true,"href":"http:\/\/escort-technology.com\/pl\/wp-json\/wp\/v2\/users\/1"}],"replies":[{"embeddable":true,"href":"http:\/\/escort-technology.com\/pl\/wp-json\/wp\/v2\/comments?post=1414"}],"version-history":[{"count":17,"href":"http:\/\/escort-technology.com\/pl\/wp-json\/wp\/v2\/pages\/1414\/revisions"}],"predecessor-version":[{"id":13931,"href":"http:\/\/escort-technology.com\/pl\/wp-json\/wp\/v2\/pages\/1414\/revisions\/13931"}],"wp:attachment":[{"href":"http:\/\/escort-technology.com\/pl\/wp-json\/wp\/v2\/media?parent=1414"}],"curies":[{"name":"wp","href":"https:\/\/api.w.org\/{rel}","templated":true}]}}