{"id":2338,"date":"2018-03-19T10:45:44","date_gmt":"2018-03-19T10:45:44","guid":{"rendered":"http:\/\/escort-technology.com\/?page_id=2338"},"modified":"2018-03-19T10:49:45","modified_gmt":"2018-03-19T10:49:45","slug":"modul-sonaru-simrad-sonarhub","status":"publish","type":"page","link":"http:\/\/escort-technology.com\/pl\/modul-sonaru-simrad-sonarhub\/","title":{"rendered":"Modu\u0142 sonaru SIMRAD SonarHUB"},"content":{"rendered":"<p>Modu\u0142 sonaru SIMRAD SonarHUB<\/p>\n<p>SonarHube&#x2122;<br \/>\nModu\u0142 posiadaj\u0105cy sonar StructureScan\u00ae HD oraz echosond\u0119 CHIRP, kompatybilne z wy\u015bwietlaczami marki Simrad NSS i NSO.<br \/>\nKompatybilny z pe\u0142n\u0105 gam\u0105 wy\u015bwietlaczy wielofunkcyjnych Simrad NSS evo2 i NSO evo2, rozwi\u0105zanie sieciowe plug-and-play u\u0142atwia identyfikacj\u0119 obszar\u00f3w po\u0142owowych, kt\u00f3re mo\u017cna \u0142\u0105czy\u0107 z najnowszymi technologiami sonarowymi firmy Simrad: TotalScan, ForwardScan, StructureScan\u00ae HD I CHIRP.<br \/>\nInnowacyjny modu\u0142 SonarHub posiada trzy wbudowane porty Ethernet umo\u017cliwiaj\u0105ce szybkie i wygodne po\u0142\u0105czenie bez konieczno\u015bci korzystania z dodatkowego modu\u0142u sieciowego Ethernet.<br \/>\nKompatybilne przetworniki z Simrad Yachting i AIRMAR s\u0105 sprzedawane osobno.<br \/>\nSonar<br \/>\nCz\u0119stotliwo\u015bci sonaru i echosondy 455\/800 kHz (StructureScan\u00ae HD), 40-60 kHz, 85-145kHz, 130-210 kHz (CHIRP), 50 kHz \/ 83 kHz \/ 200 kHz (w\u0105skie pasmo)<br \/>\nTyp przetwornika do wyboru firmy Simrad i AIRMAR\u00ae<br \/>\nDane techniczne\/\u015brodowisko<br \/>\nWodoodporno\u015b\u0107 Standard\/IPx7<br \/>\nSzeroko\u015b\u0107 produktu 7.1 w\\180 mm<br \/>\nWysoko\u015b\u0107 produktu 2,2 w\\57 mm<br \/>\nWaga produktu 2 kg\\0,9 kg<br \/>\nTemperatura pracy -28\u00b0 do 75\u00b0C<br \/>\nInne<br \/>\nMaksymalna g\u0142\u0119boko\u015b\u0107 na opcjonalny typ przetwornika<br \/>\nStructureScan: Maks. 91 m \/ 300 ft @ 455\/800 KHz<br \/>\nCHIRP: 1067 m \/ 3500 ft (zale\u017cny od przetwornika)<br \/>\nPrzegl\u0105d<br \/>\nMoc wyj\u015bciowa maks. 500W RMS (StructureScan\u00ae HD), 250W RMS (CHIRP)<br \/>\nEthernet: trzy porty<br \/>\nZasilanie: 4-stykowe z\u0142\u0105cze zasilania<br \/>\nPort przetwornika 1: Niebieski, 7-pin\u00f3w z\u0142\u0105cze dla czujnik\u00f3w CHIRP<br \/>\nPort przetwornika 2: Czarny, 9-pin\u00f3w z\u0142\u0105cze do stosowania z StructureScan\u00ae HD<br \/>\nMoc<br \/>\nZasilanie (Napi\u0119cie zasilania) 12 lub 24 V DC (9-32 VDC min-max)<\/p>\n<p><!-- {\"name\":\"\",\"type\":\"layout\",\"children\":[{\"name\":\"ANTENA\",\"type\":\"section\",\"props\":{\"width\":\"default\",\"padding\":\"xsmall\",\"style\":\"default\",\"text_color\":\"\",\"media\":\"\",\"height_viewport\":false,\"header_overlay\":\"light\",\"animation\":\"slide-top-medium\",\"padding_remove_top\":false,\"image_size\":\"cover\",\"image\":\"\",\"image_position\":\"bottom-center\",\"image_fixed\":false,\"class\":\"\",\"overlap\":true,\"vertical_align\":\"middle\",\"title_position\":\"top-left\",\"title_rotation\":\"left\",\"title_breakpoint\":\"xl\"},\"children\":[{\"name\":\"\",\"type\":\"row\",\"props\":{\"layout\":\"1-1\",\"breakpoint\":\"m\",\"margin\":\"\",\"fixed_width\":\"large\"},\"children\":[{\"name\":\"\",\"type\":\"column\",\"props\":{\"image_position\":\"center-center\",\"widths\":[\"1-1\"]},\"children\":[{\"name\":\"\",\"type\":\"headline\",\"props\":{\"title_element\":\"h2\",\"content\":\"Modu\\u0142 sonaru SIMRAD SonarHUB\",\"text_align\":\"center\",\"text_align_fallback\":\"center\",\"maxwidth_align\":\"center\",\"maxwidth\":\"\",\"title_style\":\"h2\",\"title_decoration\":\"\",\"margin\":\"\"}},{\"name\":\"\",\"type\":\"divider\",\"props\":{\"divider_element\":\"hr\"}}]}]},{\"name\":\"\",\"type\":\"row\",\"props\":{\"fixed_width\":\"large\",\"breakpoint\":\"m\",\"layout\":\",2-3\",\"margin\":\"medium\"},\"children\":[{\"name\":\"\",\"type\":\"column\",\"props\":{\"widths\":[\"\"],\"image_position\":\"center-center\"},\"children\":[{\"name\":\"\",\"type\":\"image\",\"props\":{\"margin\":\"default\",\"image\":\"wp-content\\\/uploads\\\/SonarHub__Sounder_Module_7968_md.jpg\",\"image_width\":\"300\",\"image_box_shadow\":\"\",\"image_border\":\"rounded\",\"text_align\":\"center\"}}]},{\"name\":\"\",\"type\":\"column\",\"props\":{\"widths\":[\"2-3\"],\"image_position\":\"center-center\"},\"children\":[{\"name\":\"\",\"type\":\"text\",\"props\":{\"column_breakpoint\":\"m\",\"margin\":\"medium\",\"content\":\"\n\n<p><strong>SonarHube\\u2122<\\\/strong><\\\/p>\\n\n\n<p>Modu\\u0142 posiadaj\\u0105cy sonar StructureScan\\u00ae HD oraz echosond\\u0119 CHIRP, kompatybilne z wy\\u015bwietlaczami marki Simrad NSS i NSO.<\\\/p>\\n\n\n<p>Kompatybilny z pe\\u0142n\\u0105 gam\\u0105 wy\\u015bwietlaczy wielofunkcyjnych Simrad NSS evo2 i NSO evo2, rozwi\\u0105zanie sieciowe plug-and-play u\\u0142atwia identyfikacj\\u0119 obszar\\u00f3w po\\u0142owowych, kt\\u00f3re mo\\u017cna \\u0142\\u0105czy\\u0107 z najnowszymi technologiami sonarowymi firmy Simrad: TotalScan, ForwardScan, StructureScan\\u00ae HD I CHIRP.<\\\/p>\\n\n\n<p>Innowacyjny modu\\u0142 SonarHub posiada trzy wbudowane porty Ethernet umo\\u017cliwiaj\\u0105ce szybkie i wygodne po\\u0142\\u0105czenie bez konieczno\\u015bci korzystania z dodatkowego modu\\u0142u sieciowego Ethernet.<\\\/p>\\n\n\n<p>Kompatybilne przetworniki z Simrad Yachting i AIRMAR s\\u0105 sprzedawane osobno.<\\\/p>\\n\n\n<p><strong>Sonar<\\\/strong><\\\/p>\\n\n\n<p>Cz\\u0119stotliwo\\u015bci sonaru i echosondy 455\\\/800 kHz (StructureScan\\u00ae HD), 40-60 kHz, 85-145kHz, 130-210 kHz (CHIRP), 50 kHz \\\/ 83 kHz \\\/ 200 kHz (w\\u0105skie pasmo)<\\\/p>\\n\n\n<p>Typ przetwornika do wyboru firmy Simrad i AIRMAR\\u00ae<\\\/p>\\n\n\n<p><strong>Dane techniczne\\\/\\u015brodowisko<\\\/strong><\\\/p>\\n\n\n<p>Wodoodporno\\u015b\\u0107 Standard\\\/IPx7<\\\/p>\\n\n\n<p>Szeroko\\u015b\\u0107 produktu 7.1 w\\\\180 mm<\\\/p>\\n\n\n<p>Wysoko\\u015b\\u0107 produktu 2,2 w\\\\57 mm<\\\/p>\\n\n\n<p>Waga produktu 2 kg\\\\0,9 kg<\\\/p>\\n\n\n<p>Temperatura pracy -28\\u00b0 do 75\\u00b0C <\\\/p>\\n\n\n<p><strong>Inne<\\\/strong><\\\/p>\\n\n\n<p>Maksymalna g\\u0142\\u0119boko\\u015b\\u0107 na opcjonalny typ przetwornika<\\\/p>\\n\n\n<p>StructureScan: Maks. 91 m \\\/ 300 ft @ 455\\\/800 KHz<\\\/p>\\n\n\n<p>CHIRP: 1067 m \\\/ 3500 ft (zale\\u017cny od przetwornika)<\\\/p>\\n\n\n<p><strong>Przegl\\u0105d<\\\/strong><\\\/p>\\n\n\n<p>Moc wyj\\u015bciowa maks. 500W RMS (StructureScan\\u00ae HD), 250W RMS (CHIRP)<\\\/p>\\n\n\n<p>Ethernet: trzy porty<\\\/p>\\n\n\n<p>Zasilanie: 4-stykowe z\\u0142\\u0105cze zasilania<\\\/p>\\n\n\n<p>Port przetwornika 1: Niebieski, 7-pin\\u00f3w z\\u0142\\u0105cze dla czujnik\\u00f3w CHIRP<\\\/p>\\n\n\n<p>Port przetwornika 2: Czarny, 9-pin\\u00f3w z\\u0142\\u0105cze do stosowania z StructureScan\\u00ae HD<\\\/p>\\n\n\n<p><strong>Moc<\\\/strong><\\\/p>\\n\n\n<p>Zasilanie (Napi\\u0119cie zasilania) 12 lub 24 V DC (9-32 VDC min-max)<\\\/p>\",\"animation\":\"slide-left-medium\",\"text_align\":\"justify\",\"text_align_breakpoint\":\"m\",\"text_align_fallback\":\"center\",\"text_size\":\"\",\"maxwidth\":\"xlarge\"}}]}]}]}]} --><\/p>\n","protected":false},"excerpt":{"rendered":"<p>Modu\u0142 sonaru SIMRAD SonarHUB SonarHube&#x2122; Modu\u0142 posiadaj\u0105cy sonar StructureScan\u00ae HD oraz echosond\u0119 CHIRP, kompatybilne z wy\u015bwietlaczami marki Simrad NSS i NSO. Kompatybilny z pe\u0142n\u0105 gam\u0105 wy\u015bwietlaczy wielofunkcyjnych Simrad NSS evo2 i NSO evo2, rozwi\u0105zanie sieciowe plug-and-play u\u0142atwia identyfikacj\u0119 obszar\u00f3w po\u0142owowych, kt\u00f3re mo\u017cna \u0142\u0105czy\u0107 z najnowszymi technologiami sonarowymi firmy Simrad: TotalScan, ForwardScan, StructureScan\u00ae HD I CHIRP. [&hellip;]<\/p>\n","protected":false},"author":6,"featured_media":0,"parent":0,"menu_order":0,"comment_status":"closed","ping_status":"closed","template":"","meta":{"footnotes":""},"class_list":["post-2338","page","type-page","status-publish","hentry"],"yoast_head":"<!-- This site is optimized with the Yoast SEO plugin v27.6 - https:\/\/yoast.com\/product\/yoast-seo-wordpress\/ -->\n<title>Modu\u0142 sonaru SIMRAD SonarHUB - ESCORT TECHNOLOGY<\/title>\n<meta name=\"robots\" content=\"index, follow, max-snippet:-1, max-image-preview:large, max-video-preview:-1\" \/>\n<link rel=\"canonical\" href=\"https:\/\/escort-technology.com\/pl\/modul-sonaru-simrad-sonarhub\/\" \/>\n<meta property=\"og:locale\" content=\"pl_PL\" \/>\n<meta property=\"og:type\" content=\"article\" \/>\n<meta property=\"og:title\" content=\"Modu\u0142 sonaru SIMRAD SonarHUB - ESCORT TECHNOLOGY\" \/>\n<meta property=\"og:description\" content=\"Modu\u0142 sonaru SIMRAD SonarHUB SonarHube&#x2122; Modu\u0142 posiadaj\u0105cy sonar StructureScan\u00ae HD oraz echosond\u0119 CHIRP, kompatybilne z wy\u015bwietlaczami marki Simrad NSS i NSO. Kompatybilny z pe\u0142n\u0105 gam\u0105 wy\u015bwietlaczy wielofunkcyjnych Simrad NSS evo2 i NSO evo2, rozwi\u0105zanie sieciowe plug-and-play u\u0142atwia identyfikacj\u0119 obszar\u00f3w po\u0142owowych, kt\u00f3re mo\u017cna \u0142\u0105czy\u0107 z najnowszymi technologiami sonarowymi firmy Simrad: TotalScan, ForwardScan, StructureScan\u00ae HD I CHIRP. [&hellip;]\" \/>\n<meta property=\"og:url\" content=\"https:\/\/escort-technology.com\/pl\/modul-sonaru-simrad-sonarhub\/\" \/>\n<meta property=\"og:site_name\" content=\"ESCORT TECHNOLOGY\" \/>\n<meta property=\"article:publisher\" content=\"https:\/\/www.facebook.com\/elektronika.morska\/\" \/>\n<meta property=\"article:modified_time\" content=\"2018-03-19T10:49:45+00:00\" \/>\n<meta name=\"twitter:card\" content=\"summary_large_image\" \/>\n<meta name=\"twitter:label1\" content=\"Szacowany czas czytania\" \/>\n\t<meta name=\"twitter:data1\" content=\"1 minuta\" \/>\n<script type=\"application\/ld+json\" class=\"yoast-schema-graph\">{\"@context\":\"https:\\\/\\\/schema.org\",\"@graph\":[{\"@type\":\"WebPage\",\"@id\":\"https:\\\/\\\/escort-technology.com\\\/en\\\/modul-sonaru-simrad-sonarhub\\\/\",\"url\":\"https:\\\/\\\/escort-technology.com\\\/en\\\/modul-sonaru-simrad-sonarhub\\\/\",\"name\":\"Modu\u0142 sonaru SIMRAD SonarHUB - ESCORT TECHNOLOGY\",\"isPartOf\":{\"@id\":\"http:\\\/\\\/escort-technology.com\\\/de\\\/#website\"},\"datePublished\":\"2018-03-19T10:45:44+00:00\",\"dateModified\":\"2018-03-19T10:49:45+00:00\",\"breadcrumb\":{\"@id\":\"https:\\\/\\\/escort-technology.com\\\/en\\\/modul-sonaru-simrad-sonarhub\\\/#breadcrumb\"},\"inLanguage\":\"pl-PL\",\"potentialAction\":[{\"@type\":\"ReadAction\",\"target\":[\"https:\\\/\\\/escort-technology.com\\\/en\\\/modul-sonaru-simrad-sonarhub\\\/\"]}]},{\"@type\":\"BreadcrumbList\",\"@id\":\"https:\\\/\\\/escort-technology.com\\\/en\\\/modul-sonaru-simrad-sonarhub\\\/#breadcrumb\",\"itemListElement\":[{\"@type\":\"ListItem\",\"position\":1,\"name\":\"Strona g\u0142\u00f3wna\",\"item\":\"https:\\\/\\\/escort-technology.com\\\/\"},{\"@type\":\"ListItem\",\"position\":2,\"name\":\"Modu\u0142 sonaru SIMRAD SonarHUB\"}]},{\"@type\":\"WebSite\",\"@id\":\"http:\\\/\\\/escort-technology.com\\\/de\\\/#website\",\"url\":\"http:\\\/\\\/escort-technology.com\\\/de\\\/\",\"name\":\"ESCORT TECHNOLOGY\",\"description\":\"Elektronika morska i l\u0105dowa\",\"publisher\":{\"@id\":\"http:\\\/\\\/escort-technology.com\\\/de\\\/#organization\"},\"potentialAction\":[{\"@type\":\"SearchAction\",\"target\":{\"@type\":\"EntryPoint\",\"urlTemplate\":\"http:\\\/\\\/escort-technology.com\\\/de\\\/?s={search_term_string}\"},\"query-input\":{\"@type\":\"PropertyValueSpecification\",\"valueRequired\":true,\"valueName\":\"search_term_string\"}}],\"inLanguage\":\"pl-PL\"},{\"@type\":\"Organization\",\"@id\":\"http:\\\/\\\/escort-technology.com\\\/de\\\/#organization\",\"name\":\"ESCORT TECHNOLOGY\",\"url\":\"http:\\\/\\\/escort-technology.com\\\/de\\\/\",\"logo\":{\"@type\":\"ImageObject\",\"inLanguage\":\"pl-PL\",\"@id\":\"http:\\\/\\\/escort-technology.com\\\/de\\\/#\\\/schema\\\/logo\\\/image\\\/\",\"url\":\"https:\\\/\\\/escort-technology.com\\\/wp-content\\\/uploads\\\/logo-1.jpg\",\"contentUrl\":\"https:\\\/\\\/escort-technology.com\\\/wp-content\\\/uploads\\\/logo-1.jpg\",\"width\":600,\"height\":165,\"caption\":\"ESCORT TECHNOLOGY\"},\"image\":{\"@id\":\"http:\\\/\\\/escort-technology.com\\\/de\\\/#\\\/schema\\\/logo\\\/image\\\/\"},\"sameAs\":[\"https:\\\/\\\/www.facebook.com\\\/elektronika.morska\\\/\",\"https:\\\/\\\/www.linkedin.com\\\/company\\\/escort-sp-z-o-o-\\\/\"]}]}<\/script>\n<!-- \/ Yoast SEO plugin. -->","yoast_head_json":{"title":"Modu\u0142 sonaru SIMRAD SonarHUB - ESCORT TECHNOLOGY","robots":{"index":"index","follow":"follow","max-snippet":"max-snippet:-1","max-image-preview":"max-image-preview:large","max-video-preview":"max-video-preview:-1"},"canonical":"https:\/\/escort-technology.com\/pl\/modul-sonaru-simrad-sonarhub\/","og_locale":"pl_PL","og_type":"article","og_title":"Modu\u0142 sonaru SIMRAD SonarHUB - ESCORT TECHNOLOGY","og_description":"Modu\u0142 sonaru SIMRAD SonarHUB SonarHube&#x2122; Modu\u0142 posiadaj\u0105cy sonar StructureScan\u00ae HD oraz echosond\u0119 CHIRP, kompatybilne z wy\u015bwietlaczami marki Simrad NSS i NSO. Kompatybilny z pe\u0142n\u0105 gam\u0105 wy\u015bwietlaczy wielofunkcyjnych Simrad NSS evo2 i NSO evo2, rozwi\u0105zanie sieciowe plug-and-play u\u0142atwia identyfikacj\u0119 obszar\u00f3w po\u0142owowych, kt\u00f3re mo\u017cna \u0142\u0105czy\u0107 z najnowszymi technologiami sonarowymi firmy Simrad: TotalScan, ForwardScan, StructureScan\u00ae HD I CHIRP. [&hellip;]","og_url":"https:\/\/escort-technology.com\/pl\/modul-sonaru-simrad-sonarhub\/","og_site_name":"ESCORT TECHNOLOGY","article_publisher":"https:\/\/www.facebook.com\/elektronika.morska\/","article_modified_time":"2018-03-19T10:49:45+00:00","twitter_card":"summary_large_image","twitter_misc":{"Szacowany czas czytania":"1 minuta"},"schema":{"@context":"https:\/\/schema.org","@graph":[{"@type":"WebPage","@id":"https:\/\/escort-technology.com\/en\/modul-sonaru-simrad-sonarhub\/","url":"https:\/\/escort-technology.com\/en\/modul-sonaru-simrad-sonarhub\/","name":"Modu\u0142 sonaru SIMRAD SonarHUB - ESCORT TECHNOLOGY","isPartOf":{"@id":"http:\/\/escort-technology.com\/de\/#website"},"datePublished":"2018-03-19T10:45:44+00:00","dateModified":"2018-03-19T10:49:45+00:00","breadcrumb":{"@id":"https:\/\/escort-technology.com\/en\/modul-sonaru-simrad-sonarhub\/#breadcrumb"},"inLanguage":"pl-PL","potentialAction":[{"@type":"ReadAction","target":["https:\/\/escort-technology.com\/en\/modul-sonaru-simrad-sonarhub\/"]}]},{"@type":"BreadcrumbList","@id":"https:\/\/escort-technology.com\/en\/modul-sonaru-simrad-sonarhub\/#breadcrumb","itemListElement":[{"@type":"ListItem","position":1,"name":"Strona g\u0142\u00f3wna","item":"https:\/\/escort-technology.com\/"},{"@type":"ListItem","position":2,"name":"Modu\u0142 sonaru SIMRAD SonarHUB"}]},{"@type":"WebSite","@id":"http:\/\/escort-technology.com\/de\/#website","url":"http:\/\/escort-technology.com\/de\/","name":"ESCORT TECHNOLOGY","description":"Elektronika morska i l\u0105dowa","publisher":{"@id":"http:\/\/escort-technology.com\/de\/#organization"},"potentialAction":[{"@type":"SearchAction","target":{"@type":"EntryPoint","urlTemplate":"http:\/\/escort-technology.com\/de\/?s={search_term_string}"},"query-input":{"@type":"PropertyValueSpecification","valueRequired":true,"valueName":"search_term_string"}}],"inLanguage":"pl-PL"},{"@type":"Organization","@id":"http:\/\/escort-technology.com\/de\/#organization","name":"ESCORT TECHNOLOGY","url":"http:\/\/escort-technology.com\/de\/","logo":{"@type":"ImageObject","inLanguage":"pl-PL","@id":"http:\/\/escort-technology.com\/de\/#\/schema\/logo\/image\/","url":"https:\/\/escort-technology.com\/wp-content\/uploads\/logo-1.jpg","contentUrl":"https:\/\/escort-technology.com\/wp-content\/uploads\/logo-1.jpg","width":600,"height":165,"caption":"ESCORT TECHNOLOGY"},"image":{"@id":"http:\/\/escort-technology.com\/de\/#\/schema\/logo\/image\/"},"sameAs":["https:\/\/www.facebook.com\/elektronika.morska\/","https:\/\/www.linkedin.com\/company\/escort-sp-z-o-o-\/"]}]}},"_links":{"self":[{"href":"http:\/\/escort-technology.com\/pl\/wp-json\/wp\/v2\/pages\/2338","targetHints":{"allow":["GET"]}}],"collection":[{"href":"http:\/\/escort-technology.com\/pl\/wp-json\/wp\/v2\/pages"}],"about":[{"href":"http:\/\/escort-technology.com\/pl\/wp-json\/wp\/v2\/types\/page"}],"author":[{"embeddable":true,"href":"http:\/\/escort-technology.com\/pl\/wp-json\/wp\/v2\/users\/6"}],"replies":[{"embeddable":true,"href":"http:\/\/escort-technology.com\/pl\/wp-json\/wp\/v2\/comments?post=2338"}],"version-history":[{"count":4,"href":"http:\/\/escort-technology.com\/pl\/wp-json\/wp\/v2\/pages\/2338\/revisions"}],"predecessor-version":[{"id":2343,"href":"http:\/\/escort-technology.com\/pl\/wp-json\/wp\/v2\/pages\/2338\/revisions\/2343"}],"wp:attachment":[{"href":"http:\/\/escort-technology.com\/pl\/wp-json\/wp\/v2\/media?parent=2338"}],"curies":[{"name":"wp","href":"https:\/\/api.w.org\/{rel}","templated":true}]}}