{"id":2350,"date":"2018-03-19T11:03:10","date_gmt":"2018-03-19T11:03:10","guid":{"rendered":"http:\/\/escort-technology.com\/?page_id=2350"},"modified":"2018-03-19T11:15:27","modified_gmt":"2018-03-19T11:15:27","slug":"walker-7080-zintegrowany-system-czujnikow","status":"publish","type":"page","link":"http:\/\/escort-technology.com\/pl\/walker-7080-zintegrowany-system-czujnikow\/","title":{"rendered":"Walker 7080 Zintegrowany System Czujnik\u00f3w"},"content":{"rendered":"<p>Walker 7080 Zintegrowany System Czujnik\u00f3w<\/p>\n<p>System Walker 7080 jest zintegrowanym zestawem czujnik\u00f3w pr\u0119dko\u015bci po wodzie, warunk\u00f3w pogodowych oraz pr\u0119dko\u015bci oraz kierunku wiatru.<br \/>\nCechy systemu:<\/p>\n<p>szeroki wyb\u00f3r dost\u0119pnych czujnik\u00f3w<br \/>\nwy\u015bwietlacz cyfrowy DIN 43700 \u2013 144x 144 dla pr\u0119dko\u015bci wzgl\u0119dem wody oraz przebytego dystansu<br \/>\nwy\u015bwietlacz cyfrowy DIN 43700 \u2013 144x 144 dla pr\u0119dko\u015bci wiatru oraz analogowa wersja dla kierunku wiatru<br \/>\nopcja wy\u015bwietlania wiatru rzeczywistego i wzgl\u0119dnego w zale\u017cno\u015bci od pod\u0142\u0105czenia odpowiednich danych do jednostki centralnej<br \/>\ntrzy metody kalibracji<br \/>\nopcja stacji pogodowej\n<\/p>\n<p>BROSZURA<\/p>\n<p><!-- {\"name\":\"\",\"type\":\"layout\",\"children\":[{\"name\":\"ANTENA\",\"type\":\"section\",\"props\":{\"width\":\"default\",\"padding\":\"xsmall\",\"style\":\"default\",\"text_color\":\"\",\"media\":\"\",\"height_viewport\":false,\"header_overlay\":\"light\",\"animation\":\"slide-top-medium\",\"padding_remove_top\":false,\"image_size\":\"cover\",\"image\":\"\",\"image_position\":\"bottom-center\",\"image_fixed\":false,\"class\":\"\",\"overlap\":true,\"vertical_align\":\"middle\",\"title_position\":\"top-left\",\"title_rotation\":\"left\",\"title_breakpoint\":\"xl\"},\"children\":[{\"name\":\"\",\"type\":\"row\",\"props\":{\"layout\":\"1-1\",\"breakpoint\":\"m\",\"margin\":\"\",\"fixed_width\":\"large\"},\"children\":[{\"name\":\"\",\"type\":\"column\",\"props\":{\"image_position\":\"center-center\",\"widths\":[\"1-1\"]},\"children\":[{\"name\":\"\",\"type\":\"headline\",\"props\":{\"title_element\":\"h2\",\"content\":\"Walker 7080 Zintegrowany System Czujnik\\u00f3w\",\"text_align\":\"center\",\"text_align_fallback\":\"center\",\"maxwidth_align\":\"center\",\"maxwidth\":\"\",\"title_style\":\"h2\",\"title_decoration\":\"\",\"margin\":\"\"}},{\"name\":\"\",\"type\":\"divider\",\"props\":{\"divider_element\":\"hr\"}}]}]},{\"name\":\"\",\"type\":\"row\",\"props\":{\"fixed_width\":\"large\",\"breakpoint\":\"m\",\"layout\":\",2-3\",\"margin\":\"medium\"},\"children\":[{\"name\":\"\",\"type\":\"column\",\"props\":{\"widths\":[\"\"],\"image_position\":\"center-center\"},\"children\":[{\"name\":\"\",\"type\":\"image\",\"props\":{\"margin\":\"default\",\"image\":\"wp-content\\\/uploads\\\/walker-7080.jpg\",\"image_width\":\"300\",\"image_box_shadow\":\"\",\"image_border\":\"rounded\",\"text_align\":\"center\"}},{\"name\":\"\",\"type\":\"image\",\"props\":{\"margin\":\"default\",\"image\":\"wp-content\\\/uploads\\\/walker-7080-schemat.jpg\",\"image_width\":\"300\",\"image_box_shadow\":\"\",\"image_border\":\"rounded\",\"text_align\":\"center\"}}]},{\"name\":\"\",\"type\":\"column\",\"props\":{\"widths\":[\"2-3\"],\"image_position\":\"center-center\"},\"children\":[{\"name\":\"\",\"type\":\"text\",\"props\":{\"column_breakpoint\":\"m\",\"margin\":\"medium\",\"content\":\"\n\n<p>System Walker 7080 jest zintegrowanym zestawem czujnik\\u00f3w pr\\u0119dko\\u015bci po wodzie, warunk\\u00f3w pogodowych oraz pr\\u0119dko\\u015bci oraz kierunku wiatru.<\\\/p>\\n\n\n<p>Cechy systemu:<\\\/p>\\n\n\n<ul>\\n\n\n<li>szeroki wyb\\u00f3r dost\\u0119pnych czujnik\\u00f3w<\\\/li>\\n\n\n<li>wy\\u015bwietlacz cyfrowy DIN 43700 \\u2013 144x 144 dla pr\\u0119dko\\u015bci wzgl\\u0119dem wody oraz przebytego dystansu<\\\/li>\\n\n\n<li>wy\\u015bwietlacz cyfrowy DIN 43700 \\u2013 144x 144 dla pr\\u0119dko\\u015bci wiatru oraz analogowa wersja dla kierunku wiatru<\\\/li>\\n\n\n<li>opcja wy\\u015bwietlania wiatru rzeczywistego i wzgl\\u0119dnego w zale\\u017cno\\u015bci od pod\\u0142\\u0105czenia odpowiednich danych do jednostki centralnej<\\\/li>\\n\n\n<li>trzy metody kalibracji<\\\/li>\\n\n\n<li>opcja stacji pogodowej<\\\/li>\\n<\\\/ul>\",\"animation\":\"slide-left-medium\",\"text_align\":\"justify\",\"text_align_breakpoint\":\"m\",\"text_align_fallback\":\"center\",\"text_size\":\"\",\"maxwidth\":\"xxlarge\"}}]}]},{\"name\":\"\",\"type\":\"row\",\"props\":{\"fixed_width\":\"large\",\"breakpoint\":\"m\",\"layout\":\"1-1\",\"margin\":\"large\"},\"children\":[{\"name\":\"\",\"type\":\"column\",\"props\":{\"image_position\":\"center-center\",\"widths\":[\"1-1\"]},\"children\":[{\"name\":\"\",\"type\":\"button\",\"props\":{\"gutter\":\"small\",\"inline_align\":\"center\",\"margin\":\"\",\"text_align\":\"center\",\"button_size\":\"large\",\"animation\":\"slide-bottom-medium\"},\"children\":[{\"name\":\"\",\"type\":\"button_item\",\"props\":{\"button_style\":\"secondary\",\"content\":\"BROSZURA\",\"link\":\"wp-content\\\/uploads\\\/08-3464-Walker-7080.pdf\",\"link_title\":\"Explore More\",\"icon_align\":\"left\",\"link_target\":\"blank\"}}]}]}]}]}]} --><\/p>\n","protected":false},"excerpt":{"rendered":"<p>Walker 7080 Zintegrowany System Czujnik\u00f3w System Walker 7080 jest zintegrowanym zestawem czujnik\u00f3w pr\u0119dko\u015bci po wodzie, warunk\u00f3w pogodowych oraz pr\u0119dko\u015bci oraz kierunku wiatru. Cechy systemu: szeroki wyb\u00f3r dost\u0119pnych czujnik\u00f3w wy\u015bwietlacz cyfrowy DIN 43700 \u2013 144x 144 dla pr\u0119dko\u015bci wzgl\u0119dem wody oraz przebytego dystansu wy\u015bwietlacz cyfrowy DIN 43700 \u2013 144x 144 dla pr\u0119dko\u015bci wiatru oraz analogowa wersja [&hellip;]<\/p>\n","protected":false},"author":6,"featured_media":0,"parent":0,"menu_order":0,"comment_status":"closed","ping_status":"closed","template":"","meta":{"footnotes":""},"class_list":["post-2350","page","type-page","status-publish","hentry"],"yoast_head":"<!-- This site is optimized with the Yoast SEO plugin v27.6 - https:\/\/yoast.com\/product\/yoast-seo-wordpress\/ -->\n<title>Walker 7080 Zintegrowany System Czujnik\u00f3w - ESCORT TECHNOLOGY<\/title>\n<meta name=\"robots\" content=\"index, follow, max-snippet:-1, max-image-preview:large, max-video-preview:-1\" \/>\n<link rel=\"canonical\" href=\"https:\/\/escort-technology.com\/pl\/de\/walker-7080-zintegrowany-system-czujnikow\/\" \/>\n<meta property=\"og:locale\" content=\"pl_PL\" \/>\n<meta property=\"og:type\" content=\"article\" \/>\n<meta property=\"og:title\" content=\"Walker 7080 Zintegrowany System Czujnik\u00f3w - ESCORT TECHNOLOGY\" \/>\n<meta property=\"og:description\" content=\"Walker 7080 Zintegrowany System Czujnik\u00f3w System Walker 7080 jest zintegrowanym zestawem czujnik\u00f3w pr\u0119dko\u015bci po wodzie, warunk\u00f3w pogodowych oraz pr\u0119dko\u015bci oraz kierunku wiatru. Cechy systemu: szeroki wyb\u00f3r dost\u0119pnych czujnik\u00f3w wy\u015bwietlacz cyfrowy DIN 43700 \u2013 144x 144 dla pr\u0119dko\u015bci wzgl\u0119dem wody oraz przebytego dystansu wy\u015bwietlacz cyfrowy DIN 43700 \u2013 144x 144 dla pr\u0119dko\u015bci wiatru oraz analogowa wersja [&hellip;]\" \/>\n<meta property=\"og:url\" content=\"https:\/\/escort-technology.com\/pl\/de\/walker-7080-zintegrowany-system-czujnikow\/\" \/>\n<meta property=\"og:site_name\" content=\"ESCORT TECHNOLOGY\" \/>\n<meta property=\"article:publisher\" content=\"https:\/\/www.facebook.com\/elektronika.morska\/\" \/>\n<meta property=\"article:modified_time\" content=\"2018-03-19T11:15:27+00:00\" \/>\n<meta name=\"twitter:card\" content=\"summary_large_image\" \/>\n<script type=\"application\/ld+json\" class=\"yoast-schema-graph\">{\"@context\":\"https:\\\/\\\/schema.org\",\"@graph\":[{\"@type\":\"WebPage\",\"@id\":\"https:\\\/\\\/escort-technology.com\\\/de\\\/walker-7080-zintegrowany-system-czujnikow\\\/\",\"url\":\"https:\\\/\\\/escort-technology.com\\\/de\\\/walker-7080-zintegrowany-system-czujnikow\\\/\",\"name\":\"Walker 7080 Zintegrowany System Czujnik\u00f3w - ESCORT TECHNOLOGY\",\"isPartOf\":{\"@id\":\"http:\\\/\\\/escort-technology.com\\\/de\\\/#website\"},\"datePublished\":\"2018-03-19T11:03:10+00:00\",\"dateModified\":\"2018-03-19T11:15:27+00:00\",\"breadcrumb\":{\"@id\":\"https:\\\/\\\/escort-technology.com\\\/de\\\/walker-7080-zintegrowany-system-czujnikow\\\/#breadcrumb\"},\"inLanguage\":\"pl-PL\",\"potentialAction\":[{\"@type\":\"ReadAction\",\"target\":[\"https:\\\/\\\/escort-technology.com\\\/de\\\/walker-7080-zintegrowany-system-czujnikow\\\/\"]}]},{\"@type\":\"BreadcrumbList\",\"@id\":\"https:\\\/\\\/escort-technology.com\\\/de\\\/walker-7080-zintegrowany-system-czujnikow\\\/#breadcrumb\",\"itemListElement\":[{\"@type\":\"ListItem\",\"position\":1,\"name\":\"Strona g\u0142\u00f3wna\",\"item\":\"https:\\\/\\\/escort-technology.com\\\/\"},{\"@type\":\"ListItem\",\"position\":2,\"name\":\"Walker 7080 Zintegrowany System Czujnik\u00f3w\"}]},{\"@type\":\"WebSite\",\"@id\":\"http:\\\/\\\/escort-technology.com\\\/de\\\/#website\",\"url\":\"http:\\\/\\\/escort-technology.com\\\/de\\\/\",\"name\":\"ESCORT TECHNOLOGY\",\"description\":\"Elektronika morska i l\u0105dowa\",\"publisher\":{\"@id\":\"http:\\\/\\\/escort-technology.com\\\/de\\\/#organization\"},\"potentialAction\":[{\"@type\":\"SearchAction\",\"target\":{\"@type\":\"EntryPoint\",\"urlTemplate\":\"http:\\\/\\\/escort-technology.com\\\/de\\\/?s={search_term_string}\"},\"query-input\":{\"@type\":\"PropertyValueSpecification\",\"valueRequired\":true,\"valueName\":\"search_term_string\"}}],\"inLanguage\":\"pl-PL\"},{\"@type\":\"Organization\",\"@id\":\"http:\\\/\\\/escort-technology.com\\\/de\\\/#organization\",\"name\":\"ESCORT TECHNOLOGY\",\"url\":\"http:\\\/\\\/escort-technology.com\\\/de\\\/\",\"logo\":{\"@type\":\"ImageObject\",\"inLanguage\":\"pl-PL\",\"@id\":\"http:\\\/\\\/escort-technology.com\\\/de\\\/#\\\/schema\\\/logo\\\/image\\\/\",\"url\":\"https:\\\/\\\/escort-technology.com\\\/wp-content\\\/uploads\\\/logo-1.jpg\",\"contentUrl\":\"https:\\\/\\\/escort-technology.com\\\/wp-content\\\/uploads\\\/logo-1.jpg\",\"width\":600,\"height\":165,\"caption\":\"ESCORT TECHNOLOGY\"},\"image\":{\"@id\":\"http:\\\/\\\/escort-technology.com\\\/de\\\/#\\\/schema\\\/logo\\\/image\\\/\"},\"sameAs\":[\"https:\\\/\\\/www.facebook.com\\\/elektronika.morska\\\/\",\"https:\\\/\\\/www.linkedin.com\\\/company\\\/escort-sp-z-o-o-\\\/\"]}]}<\/script>\n<!-- \/ Yoast SEO plugin. -->","yoast_head_json":{"title":"Walker 7080 Zintegrowany System Czujnik\u00f3w - ESCORT TECHNOLOGY","robots":{"index":"index","follow":"follow","max-snippet":"max-snippet:-1","max-image-preview":"max-image-preview:large","max-video-preview":"max-video-preview:-1"},"canonical":"https:\/\/escort-technology.com\/pl\/de\/walker-7080-zintegrowany-system-czujnikow\/","og_locale":"pl_PL","og_type":"article","og_title":"Walker 7080 Zintegrowany System Czujnik\u00f3w - ESCORT TECHNOLOGY","og_description":"Walker 7080 Zintegrowany System Czujnik\u00f3w System Walker 7080 jest zintegrowanym zestawem czujnik\u00f3w pr\u0119dko\u015bci po wodzie, warunk\u00f3w pogodowych oraz pr\u0119dko\u015bci oraz kierunku wiatru. Cechy systemu: szeroki wyb\u00f3r dost\u0119pnych czujnik\u00f3w wy\u015bwietlacz cyfrowy DIN 43700 \u2013 144x 144 dla pr\u0119dko\u015bci wzgl\u0119dem wody oraz przebytego dystansu wy\u015bwietlacz cyfrowy DIN 43700 \u2013 144x 144 dla pr\u0119dko\u015bci wiatru oraz analogowa wersja [&hellip;]","og_url":"https:\/\/escort-technology.com\/pl\/de\/walker-7080-zintegrowany-system-czujnikow\/","og_site_name":"ESCORT TECHNOLOGY","article_publisher":"https:\/\/www.facebook.com\/elektronika.morska\/","article_modified_time":"2018-03-19T11:15:27+00:00","twitter_card":"summary_large_image","schema":{"@context":"https:\/\/schema.org","@graph":[{"@type":"WebPage","@id":"https:\/\/escort-technology.com\/de\/walker-7080-zintegrowany-system-czujnikow\/","url":"https:\/\/escort-technology.com\/de\/walker-7080-zintegrowany-system-czujnikow\/","name":"Walker 7080 Zintegrowany System Czujnik\u00f3w - ESCORT TECHNOLOGY","isPartOf":{"@id":"http:\/\/escort-technology.com\/de\/#website"},"datePublished":"2018-03-19T11:03:10+00:00","dateModified":"2018-03-19T11:15:27+00:00","breadcrumb":{"@id":"https:\/\/escort-technology.com\/de\/walker-7080-zintegrowany-system-czujnikow\/#breadcrumb"},"inLanguage":"pl-PL","potentialAction":[{"@type":"ReadAction","target":["https:\/\/escort-technology.com\/de\/walker-7080-zintegrowany-system-czujnikow\/"]}]},{"@type":"BreadcrumbList","@id":"https:\/\/escort-technology.com\/de\/walker-7080-zintegrowany-system-czujnikow\/#breadcrumb","itemListElement":[{"@type":"ListItem","position":1,"name":"Strona g\u0142\u00f3wna","item":"https:\/\/escort-technology.com\/"},{"@type":"ListItem","position":2,"name":"Walker 7080 Zintegrowany System Czujnik\u00f3w"}]},{"@type":"WebSite","@id":"http:\/\/escort-technology.com\/de\/#website","url":"http:\/\/escort-technology.com\/de\/","name":"ESCORT TECHNOLOGY","description":"Elektronika morska i l\u0105dowa","publisher":{"@id":"http:\/\/escort-technology.com\/de\/#organization"},"potentialAction":[{"@type":"SearchAction","target":{"@type":"EntryPoint","urlTemplate":"http:\/\/escort-technology.com\/de\/?s={search_term_string}"},"query-input":{"@type":"PropertyValueSpecification","valueRequired":true,"valueName":"search_term_string"}}],"inLanguage":"pl-PL"},{"@type":"Organization","@id":"http:\/\/escort-technology.com\/de\/#organization","name":"ESCORT TECHNOLOGY","url":"http:\/\/escort-technology.com\/de\/","logo":{"@type":"ImageObject","inLanguage":"pl-PL","@id":"http:\/\/escort-technology.com\/de\/#\/schema\/logo\/image\/","url":"https:\/\/escort-technology.com\/wp-content\/uploads\/logo-1.jpg","contentUrl":"https:\/\/escort-technology.com\/wp-content\/uploads\/logo-1.jpg","width":600,"height":165,"caption":"ESCORT TECHNOLOGY"},"image":{"@id":"http:\/\/escort-technology.com\/de\/#\/schema\/logo\/image\/"},"sameAs":["https:\/\/www.facebook.com\/elektronika.morska\/","https:\/\/www.linkedin.com\/company\/escort-sp-z-o-o-\/"]}]}},"_links":{"self":[{"href":"http:\/\/escort-technology.com\/pl\/wp-json\/wp\/v2\/pages\/2350","targetHints":{"allow":["GET"]}}],"collection":[{"href":"http:\/\/escort-technology.com\/pl\/wp-json\/wp\/v2\/pages"}],"about":[{"href":"http:\/\/escort-technology.com\/pl\/wp-json\/wp\/v2\/types\/page"}],"author":[{"embeddable":true,"href":"http:\/\/escort-technology.com\/pl\/wp-json\/wp\/v2\/users\/6"}],"replies":[{"embeddable":true,"href":"http:\/\/escort-technology.com\/pl\/wp-json\/wp\/v2\/comments?post=2350"}],"version-history":[{"count":2,"href":"http:\/\/escort-technology.com\/pl\/wp-json\/wp\/v2\/pages\/2350\/revisions"}],"predecessor-version":[{"id":2355,"href":"http:\/\/escort-technology.com\/pl\/wp-json\/wp\/v2\/pages\/2350\/revisions\/2355"}],"wp:attachment":[{"href":"http:\/\/escort-technology.com\/pl\/wp-json\/wp\/v2\/media?parent=2350"}],"curies":[{"name":"wp","href":"https:\/\/api.w.org\/{rel}","templated":true}]}}