{"id":2363,"date":"2018-03-19T11:36:00","date_gmt":"2018-03-19T11:36:00","guid":{"rendered":"http:\/\/escort-technology.com\/?page_id=2363"},"modified":"2022-08-29T09:57:43","modified_gmt":"2022-08-29T07:57:43","slug":"log-simrad-sal-r1a","status":"publish","type":"page","link":"http:\/\/escort-technology.com\/pl\/log-simrad-sal-r1a\/","title":{"rendered":"Log SIMRAD SAL R1a"},"content":{"rendered":"<h2><span>Log SIMRAD SAL R1a\u00a0<\/span><\/h2>\n<hr>\n<p><img decoding=\"async\" src=\"\/wp-content\/uploads\/2022\/08\/000-14047-001.jpg\" alt=\"\"><\/p>\n<div>\n<p>SIMRAD SAL R1a jest logiem pr\u0119dko\u015bci zatwierdzonym przez IMO, do pomiaru pr\u0119dko\u015bci po wodzie (STW), opartej na sprawdzonej technologii korelacji akustycznej. Miernik pr\u0119dko\u015bci jest zaprojektowany tak, aby spe\u0142nia\u0142 wymagania okre\u015blone przez w\u0142adze i w\u0142a\u015bcicieli statk\u00f3w, z osi\u0105gami przekraczaj\u0105cymi obowi\u0105zuj\u0105ce wymagania IMO. Jego zamkni\u0119ta instalacja jest prosta i ekonomiczna, bez potrzeby tworzenia wodoszczelnego przedzia\u0142u.<\/p>\n<ul><\/ul>\n<\/p>\n<\/div>\n<div>\n<h2>G\u0142\u00f3wne cechy\u00a0<\/h2>\n<ul>\n<li>Wysoka wydajno\u015b\u0107 dzi\u0119ki sprawdzonej technologii Acoustic Correlation<\/li>\n<li>Elastyczna kalibracja pozwala na bardzo dok\u0142adne odczyty w ca\u0142ym zakresie pr\u0119dko\u015bci<\/li>\n<li>\u0141atwy monta\u017c i kalibracja za pomoc\u0105 wy\u015bwietlacza na mostku<\/li>\n<li>\u0141atwa instalacja tylko z kilkoma cz\u0119\u015bciami mechanicznymi, lekkimi podstawami dolnymi i mocowaniem przetwornika z wn\u0119trza kad\u0142uba<\/li>\n<li>Oszcz\u0119dno\u015b\u0107 miejsca dzi\u0119ki zwartej konstrukcji dolnej<\/li>\n<li>Bezpieczny ze wzgl\u0119du na wytrzyma\u0142\u0105 konstrukcja mechaniczn\u0105 i wodoszczelny kabel<\/li>\n<li>Ci\u015bnienie testowane i zatwierdzone zgodnie z norm\u0105 PN16 (24 bar, 240 m)<\/li>\n<li>Zgodno\u015b\u0107 z rezolucj\u0105 IMO A.824 (19)<\/li>\n<\/ul>\n<\/div>\n<p><!--more--><br \/>\n<!-- {\"name\":\"\",\"type\":\"layout\",\"children\":[{\"name\":\"ANTENA\",\"type\":\"section\",\"props\":{\"width\":\"large\",\"padding\":\"xsmall\",\"style\":\"default\",\"media\":\"\",\"height_viewport\":false,\"header_overlay\":\"light\",\"animation\":\"slide-top-medium\",\"padding_remove_top\":false,\"image_size\":\"cover\",\"image\":\"\",\"image_position\":\"bottom-center\",\"image_fixed\":false,\"class\":\"\",\"overlap\":true,\"vertical_align\":\"middle\",\"title_position\":\"top-left\",\"title_rotation\":\"left\",\"title_breakpoint\":\"xl\"},\"children\":[{\"name\":\"\",\"type\":\"row\",\"children\":[{\"name\":\"\",\"type\":\"column\",\"props\":{\"image_position\":\"center-center\",\"width_medium\":\"1-1\",\"media_overlay_gradient\":\"\"},\"children\":[{\"name\":\"\",\"type\":\"headline\",\"props\":{\"title_element\":\"h2\",\"content\":\"<span>Log SIMRAD SAL R1a\\u00a0<\\\/span>\",\"text_align\":\"center\",\"text_align_fallback\":\"center\",\"title_style\":\"h2\",\"block_align\":\"center\"}},{\"name\":\"\",\"type\":\"divider\",\"props\":{\"divider_element\":\"hr\"}}]}]},{\"name\":\"\",\"type\":\"row\",\"props\":{\"layout\":\"1-2,1-2\",\"margin\":\"medium\"},\"children\":[{\"name\":\"\",\"type\":\"column\",\"props\":{\"image_position\":\"center-center\",\"width_medium\":\"1-2\",\"media_overlay_gradient\":\"\"},\"children\":[{\"name\":\"\",\"type\":\"image\",\"props\":{\"margin\":\"default\",\"image\":\"wp-content\\\/uploads\\\/2022\\\/08\\\/000-14047-001.jpg\",\"image_border\":\"rounded\",\"text_align\":\"center\",\"image_svg_color\":\"emphasis\"}}]},{\"name\":\"\",\"type\":\"column\",\"props\":{\"image_position\":\"center-center\",\"width_medium\":\"1-2\",\"media_overlay_gradient\":\"\"},\"children\":[{\"name\":\"\",\"type\":\"text\",\"props\":{\"column_breakpoint\":\"m\",\"margin\":\"medium\",\"content\":\"\n\n<p>SIMRAD SAL R1a jest logiem pr\\u0119dko\\u015bci zatwierdzonym przez IMO, do pomiaru pr\\u0119dko\\u015bci po wodzie (STW), opartej na sprawdzonej technologii korelacji akustycznej. Miernik pr\\u0119dko\\u015bci jest zaprojektowany tak, aby spe\\u0142nia\\u0142 wymagania okre\\u015blone przez w\\u0142adze i w\\u0142a\\u015bcicieli statk\\u00f3w, z osi\\u0105gami przekraczaj\\u0105cymi obowi\\u0105zuj\\u0105ce wymagania IMO. Jego zamkni\\u0119ta instalacja jest prosta i ekonomiczna, bez potrzeby tworzenia wodoszczelnego przedzia\\u0142u.<\\\/p>\\n\n\n<ul><\\\/ul>\\n\n\n<p><\\\/p>\",\"animation\":\"slide-left-medium\",\"text_align\":\"justify\",\"text_align_breakpoint\":\"m\",\"text_align_fallback\":\"center\",\"maxwidth\":\"xlarge\"}}]}]}]},{\"type\":\"section\",\"props\":{\"style\":\"secondary\",\"width\":\"default\",\"vertical_align\":\"middle\",\"title_position\":\"top-left\",\"title_rotation\":\"left\",\"title_breakpoint\":\"xl\",\"image_position\":\"center-center\",\"padding_remove_top\":false},\"children\":[{\"type\":\"row\",\"children\":[{\"type\":\"column\",\"props\":{\"image_position\":\"center-center\",\"media_overlay_gradient\":\"\"},\"children\":[{\"type\":\"text\",\"props\":{\"margin\":\"default\",\"column_breakpoint\":\"m\",\"content\":\"\n\n<h2>G\\u0142\\u00f3wne cechy\\u00a0<\\\/h2>\\n\n\n<ul>\\n\n\n<li>Wysoka wydajno\\u015b\\u0107 dzi\\u0119ki sprawdzonej technologii Acoustic Correlation<\\\/li>\\n\n\n<li>Elastyczna kalibracja pozwala na bardzo dok\\u0142adne odczyty w ca\\u0142ym zakresie pr\\u0119dko\\u015bci<\\\/li>\\n\n\n<li>\\u0141atwy monta\\u017c i kalibracja za pomoc\\u0105 wy\\u015bwietlacza na mostku<\\\/li>\\n\n\n<li>\\u0141atwa instalacja tylko z kilkoma cz\\u0119\\u015bciami mechanicznymi, lekkimi podstawami dolnymi i mocowaniem przetwornika z wn\\u0119trza kad\\u0142uba<\\\/li>\\n\n\n<li>Oszcz\\u0119dno\\u015b\\u0107 miejsca dzi\\u0119ki zwartej konstrukcji dolnej<\\\/li>\\n\n\n<li>Bezpieczny ze wzgl\\u0119du na wytrzyma\\u0142\\u0105 konstrukcja mechaniczn\\u0105 i wodoszczelny kabel<\\\/li>\\n\n\n<li>Ci\\u015bnienie testowane i zatwierdzone zgodnie z norm\\u0105 PN16 (24 bar, 240 m)<\\\/li>\\n\n\n<li>Zgodno\\u015b\\u0107 z rezolucj\\u0105 IMO A.824 (19)<\\\/li>\\n<\\\/ul>\\n\n\n<p><\\\/p>\"}}]}]}]}],\"version\":\"2.6.7\"} --><\/p>\n","protected":false},"excerpt":{"rendered":"<p>Log SIMRAD SAL R1a\u00a0 SIMRAD SAL R1a jest logiem pr\u0119dko\u015bci zatwierdzonym przez IMO, do pomiaru pr\u0119dko\u015bci po wodzie (STW), opartej na sprawdzonej technologii korelacji akustycznej. Miernik pr\u0119dko\u015bci jest zaprojektowany tak, aby spe\u0142nia\u0142 wymagania okre\u015blone przez w\u0142adze i w\u0142a\u015bcicieli statk\u00f3w, z osi\u0105gami przekraczaj\u0105cymi obowi\u0105zuj\u0105ce wymagania IMO. Jego zamkni\u0119ta instalacja jest prosta i ekonomiczna, bez potrzeby tworzenia [&hellip;]<\/p>\n","protected":false},"author":6,"featured_media":0,"parent":0,"menu_order":0,"comment_status":"closed","ping_status":"closed","template":"","meta":{"footnotes":""},"class_list":["post-2363","page","type-page","status-publish","hentry"],"yoast_head":"<!-- This site is optimized with the Yoast SEO plugin v27.6 - https:\/\/yoast.com\/product\/yoast-seo-wordpress\/ -->\n<title>Log SIMRAD SAL R1a - ESCORT TECHNOLOGY<\/title>\n<meta name=\"robots\" content=\"index, follow, max-snippet:-1, max-image-preview:large, max-video-preview:-1\" \/>\n<link rel=\"canonical\" href=\"https:\/\/escort-technology.com\/pl\/de\/log-simrad-sal-r1a\/\" \/>\n<meta property=\"og:locale\" content=\"pl_PL\" \/>\n<meta property=\"og:type\" content=\"article\" \/>\n<meta property=\"og:title\" content=\"Log SIMRAD SAL R1a - ESCORT TECHNOLOGY\" \/>\n<meta property=\"og:description\" content=\"Log SIMRAD SAL R1a\u00a0 SIMRAD SAL R1a jest logiem pr\u0119dko\u015bci zatwierdzonym przez IMO, do pomiaru pr\u0119dko\u015bci po wodzie (STW), opartej na sprawdzonej technologii korelacji akustycznej. Miernik pr\u0119dko\u015bci jest zaprojektowany tak, aby spe\u0142nia\u0142 wymagania okre\u015blone przez w\u0142adze i w\u0142a\u015bcicieli statk\u00f3w, z osi\u0105gami przekraczaj\u0105cymi obowi\u0105zuj\u0105ce wymagania IMO. Jego zamkni\u0119ta instalacja jest prosta i ekonomiczna, bez potrzeby tworzenia [&hellip;]\" \/>\n<meta property=\"og:url\" content=\"https:\/\/escort-technology.com\/pl\/de\/log-simrad-sal-r1a\/\" \/>\n<meta property=\"og:site_name\" content=\"ESCORT TECHNOLOGY\" \/>\n<meta property=\"article:publisher\" content=\"https:\/\/www.facebook.com\/elektronika.morska\/\" \/>\n<meta property=\"article:modified_time\" content=\"2022-08-29T07:57:43+00:00\" \/>\n<meta name=\"twitter:card\" content=\"summary_large_image\" \/>\n<meta name=\"twitter:label1\" content=\"Szacowany czas czytania\" \/>\n\t<meta name=\"twitter:data1\" content=\"1 minuta\" \/>\n<script type=\"application\/ld+json\" class=\"yoast-schema-graph\">{\"@context\":\"https:\\\/\\\/schema.org\",\"@graph\":[{\"@type\":\"WebPage\",\"@id\":\"https:\\\/\\\/escort-technology.com\\\/de\\\/log-simrad-sal-r1a\\\/\",\"url\":\"https:\\\/\\\/escort-technology.com\\\/de\\\/log-simrad-sal-r1a\\\/\",\"name\":\"Log SIMRAD SAL R1a - ESCORT TECHNOLOGY\",\"isPartOf\":{\"@id\":\"http:\\\/\\\/escort-technology.com\\\/de\\\/#website\"},\"datePublished\":\"2018-03-19T11:36:00+00:00\",\"dateModified\":\"2022-08-29T07:57:43+00:00\",\"breadcrumb\":{\"@id\":\"https:\\\/\\\/escort-technology.com\\\/de\\\/log-simrad-sal-r1a\\\/#breadcrumb\"},\"inLanguage\":\"pl-PL\",\"potentialAction\":[{\"@type\":\"ReadAction\",\"target\":[\"https:\\\/\\\/escort-technology.com\\\/de\\\/log-simrad-sal-r1a\\\/\"]}]},{\"@type\":\"BreadcrumbList\",\"@id\":\"https:\\\/\\\/escort-technology.com\\\/de\\\/log-simrad-sal-r1a\\\/#breadcrumb\",\"itemListElement\":[{\"@type\":\"ListItem\",\"position\":1,\"name\":\"Strona g\u0142\u00f3wna\",\"item\":\"https:\\\/\\\/escort-technology.com\\\/\"},{\"@type\":\"ListItem\",\"position\":2,\"name\":\"Log SIMRAD SAL R1a\"}]},{\"@type\":\"WebSite\",\"@id\":\"http:\\\/\\\/escort-technology.com\\\/de\\\/#website\",\"url\":\"http:\\\/\\\/escort-technology.com\\\/de\\\/\",\"name\":\"ESCORT TECHNOLOGY\",\"description\":\"Elektronika morska i l\u0105dowa\",\"publisher\":{\"@id\":\"http:\\\/\\\/escort-technology.com\\\/de\\\/#organization\"},\"potentialAction\":[{\"@type\":\"SearchAction\",\"target\":{\"@type\":\"EntryPoint\",\"urlTemplate\":\"http:\\\/\\\/escort-technology.com\\\/de\\\/?s={search_term_string}\"},\"query-input\":{\"@type\":\"PropertyValueSpecification\",\"valueRequired\":true,\"valueName\":\"search_term_string\"}}],\"inLanguage\":\"pl-PL\"},{\"@type\":\"Organization\",\"@id\":\"http:\\\/\\\/escort-technology.com\\\/de\\\/#organization\",\"name\":\"ESCORT TECHNOLOGY\",\"url\":\"http:\\\/\\\/escort-technology.com\\\/de\\\/\",\"logo\":{\"@type\":\"ImageObject\",\"inLanguage\":\"pl-PL\",\"@id\":\"http:\\\/\\\/escort-technology.com\\\/de\\\/#\\\/schema\\\/logo\\\/image\\\/\",\"url\":\"https:\\\/\\\/escort-technology.com\\\/wp-content\\\/uploads\\\/logo-1.jpg\",\"contentUrl\":\"https:\\\/\\\/escort-technology.com\\\/wp-content\\\/uploads\\\/logo-1.jpg\",\"width\":600,\"height\":165,\"caption\":\"ESCORT TECHNOLOGY\"},\"image\":{\"@id\":\"http:\\\/\\\/escort-technology.com\\\/de\\\/#\\\/schema\\\/logo\\\/image\\\/\"},\"sameAs\":[\"https:\\\/\\\/www.facebook.com\\\/elektronika.morska\\\/\",\"https:\\\/\\\/www.linkedin.com\\\/company\\\/escort-sp-z-o-o-\\\/\"]}]}<\/script>\n<!-- \/ Yoast SEO plugin. -->","yoast_head_json":{"title":"Log SIMRAD SAL R1a - ESCORT TECHNOLOGY","robots":{"index":"index","follow":"follow","max-snippet":"max-snippet:-1","max-image-preview":"max-image-preview:large","max-video-preview":"max-video-preview:-1"},"canonical":"https:\/\/escort-technology.com\/pl\/de\/log-simrad-sal-r1a\/","og_locale":"pl_PL","og_type":"article","og_title":"Log SIMRAD SAL R1a - ESCORT TECHNOLOGY","og_description":"Log SIMRAD SAL R1a\u00a0 SIMRAD SAL R1a jest logiem pr\u0119dko\u015bci zatwierdzonym przez IMO, do pomiaru pr\u0119dko\u015bci po wodzie (STW), opartej na sprawdzonej technologii korelacji akustycznej. Miernik pr\u0119dko\u015bci jest zaprojektowany tak, aby spe\u0142nia\u0142 wymagania okre\u015blone przez w\u0142adze i w\u0142a\u015bcicieli statk\u00f3w, z osi\u0105gami przekraczaj\u0105cymi obowi\u0105zuj\u0105ce wymagania IMO. Jego zamkni\u0119ta instalacja jest prosta i ekonomiczna, bez potrzeby tworzenia [&hellip;]","og_url":"https:\/\/escort-technology.com\/pl\/de\/log-simrad-sal-r1a\/","og_site_name":"ESCORT TECHNOLOGY","article_publisher":"https:\/\/www.facebook.com\/elektronika.morska\/","article_modified_time":"2022-08-29T07:57:43+00:00","twitter_card":"summary_large_image","twitter_misc":{"Szacowany czas czytania":"1 minuta"},"schema":{"@context":"https:\/\/schema.org","@graph":[{"@type":"WebPage","@id":"https:\/\/escort-technology.com\/de\/log-simrad-sal-r1a\/","url":"https:\/\/escort-technology.com\/de\/log-simrad-sal-r1a\/","name":"Log SIMRAD SAL R1a - ESCORT TECHNOLOGY","isPartOf":{"@id":"http:\/\/escort-technology.com\/de\/#website"},"datePublished":"2018-03-19T11:36:00+00:00","dateModified":"2022-08-29T07:57:43+00:00","breadcrumb":{"@id":"https:\/\/escort-technology.com\/de\/log-simrad-sal-r1a\/#breadcrumb"},"inLanguage":"pl-PL","potentialAction":[{"@type":"ReadAction","target":["https:\/\/escort-technology.com\/de\/log-simrad-sal-r1a\/"]}]},{"@type":"BreadcrumbList","@id":"https:\/\/escort-technology.com\/de\/log-simrad-sal-r1a\/#breadcrumb","itemListElement":[{"@type":"ListItem","position":1,"name":"Strona g\u0142\u00f3wna","item":"https:\/\/escort-technology.com\/"},{"@type":"ListItem","position":2,"name":"Log SIMRAD SAL R1a"}]},{"@type":"WebSite","@id":"http:\/\/escort-technology.com\/de\/#website","url":"http:\/\/escort-technology.com\/de\/","name":"ESCORT TECHNOLOGY","description":"Elektronika morska i l\u0105dowa","publisher":{"@id":"http:\/\/escort-technology.com\/de\/#organization"},"potentialAction":[{"@type":"SearchAction","target":{"@type":"EntryPoint","urlTemplate":"http:\/\/escort-technology.com\/de\/?s={search_term_string}"},"query-input":{"@type":"PropertyValueSpecification","valueRequired":true,"valueName":"search_term_string"}}],"inLanguage":"pl-PL"},{"@type":"Organization","@id":"http:\/\/escort-technology.com\/de\/#organization","name":"ESCORT TECHNOLOGY","url":"http:\/\/escort-technology.com\/de\/","logo":{"@type":"ImageObject","inLanguage":"pl-PL","@id":"http:\/\/escort-technology.com\/de\/#\/schema\/logo\/image\/","url":"https:\/\/escort-technology.com\/wp-content\/uploads\/logo-1.jpg","contentUrl":"https:\/\/escort-technology.com\/wp-content\/uploads\/logo-1.jpg","width":600,"height":165,"caption":"ESCORT TECHNOLOGY"},"image":{"@id":"http:\/\/escort-technology.com\/de\/#\/schema\/logo\/image\/"},"sameAs":["https:\/\/www.facebook.com\/elektronika.morska\/","https:\/\/www.linkedin.com\/company\/escort-sp-z-o-o-\/"]}]}},"_links":{"self":[{"href":"http:\/\/escort-technology.com\/pl\/wp-json\/wp\/v2\/pages\/2363","targetHints":{"allow":["GET"]}}],"collection":[{"href":"http:\/\/escort-technology.com\/pl\/wp-json\/wp\/v2\/pages"}],"about":[{"href":"http:\/\/escort-technology.com\/pl\/wp-json\/wp\/v2\/types\/page"}],"author":[{"embeddable":true,"href":"http:\/\/escort-technology.com\/pl\/wp-json\/wp\/v2\/users\/6"}],"replies":[{"embeddable":true,"href":"http:\/\/escort-technology.com\/pl\/wp-json\/wp\/v2\/comments?post=2363"}],"version-history":[{"count":9,"href":"http:\/\/escort-technology.com\/pl\/wp-json\/wp\/v2\/pages\/2363\/revisions"}],"predecessor-version":[{"id":12097,"href":"http:\/\/escort-technology.com\/pl\/wp-json\/wp\/v2\/pages\/2363\/revisions\/12097"}],"wp:attachment":[{"href":"http:\/\/escort-technology.com\/pl\/wp-json\/wp\/v2\/media?parent=2363"}],"curies":[{"name":"wp","href":"https:\/\/api.w.org\/{rel}","templated":true}]}}