{"id":2463,"date":"2018-03-19T13:32:13","date_gmt":"2018-03-19T13:32:13","guid":{"rendered":"http:\/\/escort-technology.com\/?page_id=2463"},"modified":"2018-03-20T11:09:38","modified_gmt":"2018-03-20T11:09:38","slug":"odbiornik-gps-dgps-koden-kgp-913mk2","status":"publish","type":"page","link":"http:\/\/escort-technology.com\/pl\/odbiornik-gps-dgps-koden-kgp-913mk2\/","title":{"rendered":"Odbiornik GPS\/DGPS KODEN KGP-913MK2"},"content":{"rendered":"<p>Odbiornik GPS\/DGPS KODEN KGP-913MK2<\/p>\n<p>KGP913 MKII\/913 MKII D<\/p>\n<p>odbi\u00f3r poprawek z systemu SBAS<br \/>\n18 kana\u0142owy odbiornik zapewnia w kr\u00f3tkim czasie, dok\u0142adne informacj\u0119 o pozycji<br \/>\nmodel KGP913 MKII D\u00a0 z wbudowanym odbiornikiem poprawek r\u00f3\u017cnicowych<br \/>\nzaprogramowane stacje l\u0105dowe do odbioru poprawek r\u00f3\u017cnicowych<\/p>\n<p>\u00a0<br \/>\nSpecyfikacja<\/p>\n<p>Cz\u0119stotliwo\u015b\u0107 odbioru<br \/>\n1575.42 MHz +\/- 1 MHz<\/p>\n<p>Kana\u0142y<br \/>\n18- kana\u0142\u00f3w<\/p>\n<p>Czu\u0142o\u015b\u0107<br \/>\nlepsza ni\u017c -130dBm<\/p>\n<p>Dok\u0142adno\u015b\u0107:<br \/>\n\u00a0<\/p>\n<p>Pozycja<br \/>\n10m (GPS) 3m (DGPS)<\/p>\n<p>SOG<br \/>\n0,1 W\u0119z\u0142a<\/p>\n<p>COG<\/p>\n<p>+\/- 3\u00b0 ( SOG 1-17 W\u0119z\u0142\u00f3w)<br \/>\n=\/- 1\u00b0 ( SOG &gt;17 W\u0119z\u0142\u00f3w)<\/p>\n<p>\u00a0<br \/>\nOdbiornik DGPS KGP-913MKIID<\/p>\n<p>Cz\u0119stotliwo\u015b\u0107 odbioru<br \/>\n\u00a0283.5- 325.0 kHz<\/p>\n<p>Odst\u0119p kana\u0142\u00f3w<br \/>\n500 Hz<\/p>\n<p>Czu\u0142o\u015b\u0107<br \/>\n2.5\u03bcV\/m<\/p>\n<p>Wykrycie sygna\u0142u<br \/>\n6 dB<\/p>\n<p>BROSZURA<\/p>\n<p><!-- {\"name\":\"\",\"type\":\"layout\",\"children\":[{\"name\":\"ANTENA\",\"type\":\"section\",\"props\":{\"width\":\"default\",\"padding\":\"xsmall\",\"style\":\"default\",\"text_color\":\"\",\"media\":\"\",\"height_viewport\":false,\"header_overlay\":\"light\",\"animation\":\"slide-top-medium\",\"padding_remove_top\":false,\"image_size\":\"cover\",\"image\":\"\",\"image_position\":\"bottom-center\",\"image_fixed\":false,\"class\":\"\",\"overlap\":true,\"vertical_align\":\"middle\",\"title_position\":\"top-left\",\"title_rotation\":\"left\",\"title_breakpoint\":\"xl\"},\"children\":[{\"name\":\"\",\"type\":\"row\",\"props\":{\"layout\":\"1-1\",\"breakpoint\":\"m\",\"margin\":\"\",\"fixed_width\":\"large\"},\"children\":[{\"name\":\"\",\"type\":\"column\",\"props\":{\"image_position\":\"center-center\",\"widths\":[\"1-1\"]},\"children\":[{\"name\":\"\",\"type\":\"headline\",\"props\":{\"title_element\":\"h2\",\"content\":\"Odbiornik GPS\\\/DGPS KODEN KGP-913MK2\",\"text_align\":\"center\",\"text_align_fallback\":\"center\",\"maxwidth_align\":\"center\",\"maxwidth\":\"\",\"title_style\":\"h2\",\"title_decoration\":\"\",\"margin\":\"\"}},{\"name\":\"\",\"type\":\"divider\",\"props\":{\"divider_element\":\"hr\"}}]}]},{\"name\":\"\",\"type\":\"row\",\"props\":{\"fixed_width\":\"large\",\"breakpoint\":\"m\",\"layout\":\",2-3\",\"margin\":\"medium\"},\"children\":[{\"name\":\"\",\"type\":\"column\",\"props\":{\"widths\":[\"\"],\"image_position\":\"center-center\"},\"children\":[{\"name\":\"\",\"type\":\"image\",\"props\":{\"margin\":\"default\",\"image\":\"wp-content\\\/uploads\\\/KGP-913-1.jpg\",\"image_width\":\"300\",\"image_box_shadow\":\"\",\"image_border\":\"rounded\",\"text_align\":\"center\"}}]},{\"name\":\"\",\"type\":\"column\",\"props\":{\"widths\":[\"2-3\"],\"image_position\":\"center-center\"},\"children\":[{\"name\":\"\",\"type\":\"text\",\"props\":{\"column_breakpoint\":\"m\",\"margin\":\"medium\",\"content\":\"\n\n<p><strong>KGP913 MKII\\\/913 MKII D<\\\/strong><\\\/p>\\n\n\n<ul>\\n\n\n<li>odbi\\u00f3r poprawek z systemu SBAS<\\\/li>\\n\n\n<li>18 kana\\u0142owy odbiornik zapewnia w kr\\u00f3tkim czasie, dok\\u0142adne informacj\\u0119 o pozycji<\\\/li>\\n\n\n<li>model KGP913 MKII D\\u00a0 z wbudowanym odbiornikiem poprawek r\\u00f3\\u017cnicowych<\\\/li>\\n\n\n<li>zaprogramowane stacje l\\u0105dowe do odbioru poprawek r\\u00f3\\u017cnicowych<\\\/li>\\n<\\\/ul>\\n\n\n<p>\\u00a0<\\\/p>\\n\n\n<p><strong>Specyfikacja<\\\/strong><\\\/p>\\n\n\n<table border=\\\"0\\\">\\n\n\n<tbody>\\n\n\n<tr>\\n\n\n<td><strong>Cz\\u0119stotliwo\\u015b\\u0107 odbioru<\\\/strong><\\\/td>\\n\n\n<td>1575.42 MHz +\\\/- 1 MHz<\\\/td>\\n<\\\/tr>\\n\n\n<tr>\\n\n\n<td><strong>Kana\\u0142y<\\\/strong><\\\/td>\\n\n\n<td>18- kana\\u0142\\u00f3w<\\\/td>\\n<\\\/tr>\\n\n\n<tr>\\n\n\n<td><strong>Czu\\u0142o\\u015b\\u0107<\\\/strong><\\\/td>\\n\n\n<td>lepsza ni\\u017c -130dBm<\\\/td>\\n<\\\/tr>\\n\n\n<tr>\\n\n\n<td><strong>Dok\\u0142adno\\u015b\\u0107:<\\\/strong><\\\/td>\\n\n\n<td>\\u00a0<\\\/td>\\n<\\\/tr>\\n\n\n<tr>\\n\n\n<td><strong>Pozycja<\\\/strong><\\\/td>\\n\n\n<td>10m (GPS) 3m (DGPS)<\\\/td>\\n<\\\/tr>\\n\n\n<tr>\\n\n\n<td><strong>SOG<\\\/strong><\\\/td>\\n\n\n<td>0,1 W\\u0119z\\u0142a<\\\/td>\\n<\\\/tr>\\n\n\n<tr>\\n\n\n<td><strong>COG<\\\/strong><\\\/td>\\n\n\n<td>\\n\n\n<p>+\\\/- 3\\u00b0 ( SOG 1-17 W\\u0119z\\u0142\\u00f3w)<\\\/p>\\n\n\n<p>=\\\/- 1\\u00b0 ( SOG &gt;17 W\\u0119z\\u0142\\u00f3w)<\\\/p>\\n<\\\/td>\\n<\\\/tr>\\n\n\n<tr>\\n\n\n<td colspan=\\\"2\\\">\\n\n\n<p>\\u00a0<\\\/p>\\n\n\n<p><strong>Odbiornik DGPS KGP-913MKIID<\\\/strong><\\\/p>\\n<\\\/td>\\n<\\\/tr>\\n\n\n<tr>\\n\n\n<td><strong>Cz\\u0119stotliwo\\u015b\\u0107 odbioru<\\\/strong><\\\/td>\\n\n\n<td>\\u00a0283.5- 325.0 kHz<\\\/td>\\n<\\\/tr>\\n\n\n<tr>\\n\n\n<td><strong>Odst\\u0119p kana\\u0142\\u00f3w<\\\/strong><\\\/td>\\n\n\n<td>500 Hz<\\\/td>\\n<\\\/tr>\\n\n\n<tr>\\n\n\n<td><strong>Czu\\u0142o\\u015b\\u0107 <\\\/strong><\\\/td>\\n\n\n<td>2.5\\u03bcV\\\/m<\\\/td>\\n<\\\/tr>\\n\n\n<tr>\\n\n\n<td><strong>Wykrycie sygna\\u0142u<\\\/strong><\\\/td>\\n\n\n<td>6 dB<\\\/td>\\n<\\\/tr>\\n<\\\/tbody>\\n<\\\/table>\",\"animation\":\"slide-left-medium\",\"text_align\":\"justify\",\"text_align_breakpoint\":\"m\",\"text_align_fallback\":\"center\",\"text_size\":\"\",\"maxwidth\":\"xxlarge\"}}]}]},{\"name\":\"\",\"type\":\"row\",\"props\":{\"fixed_width\":\"large\",\"breakpoint\":\"m\",\"layout\":\"1-1\",\"margin\":\"large\"},\"children\":[{\"name\":\"\",\"type\":\"column\",\"props\":{\"image_position\":\"center-center\",\"widths\":[\"1-1\"]},\"children\":[{\"name\":\"\",\"type\":\"button\",\"props\":{\"gutter\":\"small\",\"inline_align\":\"center\",\"margin\":\"\",\"text_align\":\"center\",\"button_size\":\"large\",\"animation\":\"slide-bottom-medium\"},\"children\":[{\"name\":\"\",\"type\":\"button_item\",\"props\":{\"button_style\":\"secondary\",\"content\":\"BROSZURA\",\"link\":\"wp-content\\\/uploads\\\/kgp913mk2-e.pdf\",\"link_title\":\"Explore More\",\"icon_align\":\"left\",\"link_target\":\"blank\"}}]}]}]}]}]} --><\/p>\n","protected":false},"excerpt":{"rendered":"<p>Odbiornik GPS\/DGPS KODEN KGP-913MK2 KGP913 MKII\/913 MKII D odbi\u00f3r poprawek z systemu SBAS 18 kana\u0142owy odbiornik zapewnia w kr\u00f3tkim czasie, dok\u0142adne informacj\u0119 o pozycji model KGP913 MKII D\u00a0 z wbudowanym odbiornikiem poprawek r\u00f3\u017cnicowych zaprogramowane stacje l\u0105dowe do odbioru poprawek r\u00f3\u017cnicowych \u00a0 Specyfikacja Cz\u0119stotliwo\u015b\u0107 odbioru 1575.42 MHz +\/- 1 MHz Kana\u0142y 18- kana\u0142\u00f3w Czu\u0142o\u015b\u0107 lepsza ni\u017c [&hellip;]<\/p>\n","protected":false},"author":6,"featured_media":0,"parent":0,"menu_order":0,"comment_status":"closed","ping_status":"closed","template":"","meta":{"footnotes":""},"class_list":["post-2463","page","type-page","status-publish","hentry"],"yoast_head":"<!-- This site is optimized with the Yoast SEO plugin v27.5 - https:\/\/yoast.com\/product\/yoast-seo-wordpress\/ -->\n<title>Odbiornik GPS\/DGPS KODEN KGP-913MK2 - ESCORT TECHNOLOGY<\/title>\n<meta name=\"robots\" content=\"index, follow, max-snippet:-1, max-image-preview:large, max-video-preview:-1\" \/>\n<link rel=\"canonical\" href=\"http:\/\/escort-technology.com\/pl\/odbiornik-gps-dgps-koden-kgp-913mk2\/\" \/>\n<meta property=\"og:locale\" content=\"pl_PL\" \/>\n<meta property=\"og:type\" content=\"article\" \/>\n<meta property=\"og:title\" content=\"Odbiornik GPS\/DGPS KODEN KGP-913MK2 - ESCORT TECHNOLOGY\" \/>\n<meta property=\"og:description\" content=\"Odbiornik GPS\/DGPS KODEN KGP-913MK2 KGP913 MKII\/913 MKII D odbi\u00f3r poprawek z systemu SBAS 18 kana\u0142owy odbiornik zapewnia w kr\u00f3tkim czasie, dok\u0142adne informacj\u0119 o pozycji model KGP913 MKII D\u00a0 z wbudowanym odbiornikiem poprawek r\u00f3\u017cnicowych zaprogramowane stacje l\u0105dowe do odbioru poprawek r\u00f3\u017cnicowych \u00a0 Specyfikacja Cz\u0119stotliwo\u015b\u0107 odbioru 1575.42 MHz +\/- 1 MHz Kana\u0142y 18- kana\u0142\u00f3w Czu\u0142o\u015b\u0107 lepsza ni\u017c [&hellip;]\" \/>\n<meta property=\"og:url\" content=\"http:\/\/escort-technology.com\/pl\/odbiornik-gps-dgps-koden-kgp-913mk2\/\" \/>\n<meta property=\"og:site_name\" content=\"ESCORT TECHNOLOGY\" \/>\n<meta property=\"article:publisher\" content=\"https:\/\/www.facebook.com\/elektronika.morska\/\" \/>\n<meta property=\"article:modified_time\" content=\"2018-03-20T11:09:38+00:00\" \/>\n<meta name=\"twitter:card\" content=\"summary_large_image\" \/>\n<meta name=\"twitter:label1\" content=\"Szacowany czas czytania\" \/>\n\t<meta name=\"twitter:data1\" content=\"1 minuta\" \/>\n<script type=\"application\/ld+json\" class=\"yoast-schema-graph\">{\"@context\":\"https:\\\/\\\/schema.org\",\"@graph\":[{\"@type\":\"WebPage\",\"@id\":\"http:\\\/\\\/escort-technology.com\\\/en\\\/odbiornik-gps-dgps-koden-kgp-913mk2\\\/\",\"url\":\"http:\\\/\\\/escort-technology.com\\\/en\\\/odbiornik-gps-dgps-koden-kgp-913mk2\\\/\",\"name\":\"Odbiornik GPS\\\/DGPS KODEN KGP-913MK2 - ESCORT TECHNOLOGY\",\"isPartOf\":{\"@id\":\"http:\\\/\\\/escort-technology.com\\\/de\\\/#website\"},\"datePublished\":\"2018-03-19T13:32:13+00:00\",\"dateModified\":\"2018-03-20T11:09:38+00:00\",\"breadcrumb\":{\"@id\":\"http:\\\/\\\/escort-technology.com\\\/en\\\/odbiornik-gps-dgps-koden-kgp-913mk2\\\/#breadcrumb\"},\"inLanguage\":\"pl-PL\",\"potentialAction\":[{\"@type\":\"ReadAction\",\"target\":[\"http:\\\/\\\/escort-technology.com\\\/en\\\/odbiornik-gps-dgps-koden-kgp-913mk2\\\/\"]}]},{\"@type\":\"BreadcrumbList\",\"@id\":\"http:\\\/\\\/escort-technology.com\\\/en\\\/odbiornik-gps-dgps-koden-kgp-913mk2\\\/#breadcrumb\",\"itemListElement\":[{\"@type\":\"ListItem\",\"position\":1,\"name\":\"Strona g\u0142\u00f3wna\",\"item\":\"https:\\\/\\\/escort-technology.com\\\/\"},{\"@type\":\"ListItem\",\"position\":2,\"name\":\"Odbiornik GPS\\\/DGPS KODEN KGP-913MK2\"}]},{\"@type\":\"WebSite\",\"@id\":\"http:\\\/\\\/escort-technology.com\\\/de\\\/#website\",\"url\":\"http:\\\/\\\/escort-technology.com\\\/de\\\/\",\"name\":\"ESCORT TECHNOLOGY\",\"description\":\"Elektronika morska i l\u0105dowa\",\"publisher\":{\"@id\":\"http:\\\/\\\/escort-technology.com\\\/de\\\/#organization\"},\"potentialAction\":[{\"@type\":\"SearchAction\",\"target\":{\"@type\":\"EntryPoint\",\"urlTemplate\":\"http:\\\/\\\/escort-technology.com\\\/de\\\/?s={search_term_string}\"},\"query-input\":{\"@type\":\"PropertyValueSpecification\",\"valueRequired\":true,\"valueName\":\"search_term_string\"}}],\"inLanguage\":\"pl-PL\"},{\"@type\":\"Organization\",\"@id\":\"http:\\\/\\\/escort-technology.com\\\/de\\\/#organization\",\"name\":\"ESCORT TECHNOLOGY\",\"url\":\"http:\\\/\\\/escort-technology.com\\\/de\\\/\",\"logo\":{\"@type\":\"ImageObject\",\"inLanguage\":\"pl-PL\",\"@id\":\"http:\\\/\\\/escort-technology.com\\\/de\\\/#\\\/schema\\\/logo\\\/image\\\/\",\"url\":\"https:\\\/\\\/escort-technology.com\\\/wp-content\\\/uploads\\\/logo-1.jpg\",\"contentUrl\":\"https:\\\/\\\/escort-technology.com\\\/wp-content\\\/uploads\\\/logo-1.jpg\",\"width\":600,\"height\":165,\"caption\":\"ESCORT TECHNOLOGY\"},\"image\":{\"@id\":\"http:\\\/\\\/escort-technology.com\\\/de\\\/#\\\/schema\\\/logo\\\/image\\\/\"},\"sameAs\":[\"https:\\\/\\\/www.facebook.com\\\/elektronika.morska\\\/\",\"https:\\\/\\\/www.linkedin.com\\\/company\\\/escort-sp-z-o-o-\\\/\"]}]}<\/script>\n<!-- \/ Yoast SEO plugin. -->","yoast_head_json":{"title":"Odbiornik GPS\/DGPS KODEN KGP-913MK2 - ESCORT TECHNOLOGY","robots":{"index":"index","follow":"follow","max-snippet":"max-snippet:-1","max-image-preview":"max-image-preview:large","max-video-preview":"max-video-preview:-1"},"canonical":"http:\/\/escort-technology.com\/pl\/odbiornik-gps-dgps-koden-kgp-913mk2\/","og_locale":"pl_PL","og_type":"article","og_title":"Odbiornik GPS\/DGPS KODEN KGP-913MK2 - ESCORT TECHNOLOGY","og_description":"Odbiornik GPS\/DGPS KODEN KGP-913MK2 KGP913 MKII\/913 MKII D odbi\u00f3r poprawek z systemu SBAS 18 kana\u0142owy odbiornik zapewnia w kr\u00f3tkim czasie, dok\u0142adne informacj\u0119 o pozycji model KGP913 MKII D\u00a0 z wbudowanym odbiornikiem poprawek r\u00f3\u017cnicowych zaprogramowane stacje l\u0105dowe do odbioru poprawek r\u00f3\u017cnicowych \u00a0 Specyfikacja Cz\u0119stotliwo\u015b\u0107 odbioru 1575.42 MHz +\/- 1 MHz Kana\u0142y 18- kana\u0142\u00f3w Czu\u0142o\u015b\u0107 lepsza ni\u017c [&hellip;]","og_url":"http:\/\/escort-technology.com\/pl\/odbiornik-gps-dgps-koden-kgp-913mk2\/","og_site_name":"ESCORT TECHNOLOGY","article_publisher":"https:\/\/www.facebook.com\/elektronika.morska\/","article_modified_time":"2018-03-20T11:09:38+00:00","twitter_card":"summary_large_image","twitter_misc":{"Szacowany czas czytania":"1 minuta"},"schema":{"@context":"https:\/\/schema.org","@graph":[{"@type":"WebPage","@id":"http:\/\/escort-technology.com\/en\/odbiornik-gps-dgps-koden-kgp-913mk2\/","url":"http:\/\/escort-technology.com\/en\/odbiornik-gps-dgps-koden-kgp-913mk2\/","name":"Odbiornik GPS\/DGPS KODEN KGP-913MK2 - ESCORT TECHNOLOGY","isPartOf":{"@id":"http:\/\/escort-technology.com\/de\/#website"},"datePublished":"2018-03-19T13:32:13+00:00","dateModified":"2018-03-20T11:09:38+00:00","breadcrumb":{"@id":"http:\/\/escort-technology.com\/en\/odbiornik-gps-dgps-koden-kgp-913mk2\/#breadcrumb"},"inLanguage":"pl-PL","potentialAction":[{"@type":"ReadAction","target":["http:\/\/escort-technology.com\/en\/odbiornik-gps-dgps-koden-kgp-913mk2\/"]}]},{"@type":"BreadcrumbList","@id":"http:\/\/escort-technology.com\/en\/odbiornik-gps-dgps-koden-kgp-913mk2\/#breadcrumb","itemListElement":[{"@type":"ListItem","position":1,"name":"Strona g\u0142\u00f3wna","item":"https:\/\/escort-technology.com\/"},{"@type":"ListItem","position":2,"name":"Odbiornik GPS\/DGPS KODEN KGP-913MK2"}]},{"@type":"WebSite","@id":"http:\/\/escort-technology.com\/de\/#website","url":"http:\/\/escort-technology.com\/de\/","name":"ESCORT TECHNOLOGY","description":"Elektronika morska i l\u0105dowa","publisher":{"@id":"http:\/\/escort-technology.com\/de\/#organization"},"potentialAction":[{"@type":"SearchAction","target":{"@type":"EntryPoint","urlTemplate":"http:\/\/escort-technology.com\/de\/?s={search_term_string}"},"query-input":{"@type":"PropertyValueSpecification","valueRequired":true,"valueName":"search_term_string"}}],"inLanguage":"pl-PL"},{"@type":"Organization","@id":"http:\/\/escort-technology.com\/de\/#organization","name":"ESCORT TECHNOLOGY","url":"http:\/\/escort-technology.com\/de\/","logo":{"@type":"ImageObject","inLanguage":"pl-PL","@id":"http:\/\/escort-technology.com\/de\/#\/schema\/logo\/image\/","url":"https:\/\/escort-technology.com\/wp-content\/uploads\/logo-1.jpg","contentUrl":"https:\/\/escort-technology.com\/wp-content\/uploads\/logo-1.jpg","width":600,"height":165,"caption":"ESCORT TECHNOLOGY"},"image":{"@id":"http:\/\/escort-technology.com\/de\/#\/schema\/logo\/image\/"},"sameAs":["https:\/\/www.facebook.com\/elektronika.morska\/","https:\/\/www.linkedin.com\/company\/escort-sp-z-o-o-\/"]}]}},"_links":{"self":[{"href":"http:\/\/escort-technology.com\/pl\/wp-json\/wp\/v2\/pages\/2463","targetHints":{"allow":["GET"]}}],"collection":[{"href":"http:\/\/escort-technology.com\/pl\/wp-json\/wp\/v2\/pages"}],"about":[{"href":"http:\/\/escort-technology.com\/pl\/wp-json\/wp\/v2\/types\/page"}],"author":[{"embeddable":true,"href":"http:\/\/escort-technology.com\/pl\/wp-json\/wp\/v2\/users\/6"}],"replies":[{"embeddable":true,"href":"http:\/\/escort-technology.com\/pl\/wp-json\/wp\/v2\/comments?post=2463"}],"version-history":[{"count":2,"href":"http:\/\/escort-technology.com\/pl\/wp-json\/wp\/v2\/pages\/2463\/revisions"}],"predecessor-version":[{"id":2526,"href":"http:\/\/escort-technology.com\/pl\/wp-json\/wp\/v2\/pages\/2463\/revisions\/2526"}],"wp:attachment":[{"href":"http:\/\/escort-technology.com\/pl\/wp-json\/wp\/v2\/media?parent=2463"}],"curies":[{"name":"wp","href":"https:\/\/api.w.org\/{rel}","templated":true}]}}