{"id":2577,"date":"2018-03-20T12:59:24","date_gmt":"2018-03-20T12:59:24","guid":{"rendered":"http:\/\/escort-technology.com\/?page_id=2577"},"modified":"2018-03-20T13:25:56","modified_gmt":"2018-03-20T13:25:56","slug":"kompas-satelitarny-simrad-hs60","status":"publish","type":"page","link":"http:\/\/escort-technology.com\/pl\/kompas-satelitarny-simrad-hs60\/","title":{"rendered":"Kompas satelitarny Simrad HS60"},"content":{"rendered":"<p>Kompas satelitarny Simrad HS60<\/p>\n<p>Kompas GPS Simrad HS60 dostarcza \u017ceglarzom, dok\u0142adne dane dotycz\u0105ce pozycji i kursu, kt\u00f3re mog\u0105 by\u0107 wykorzystywane przez urz\u0105dzenia marki Simrad takie jak stacje nawigacyjne, autopiloty, radar i systemy transponder\u00f3w AIS. W przypadku zastosowa\u0144 takich jak autopilot, gdzie wymagana jest dok\u0142adna informacja o pozycji, HS60 zapewnia alternatyw\u0119 dla tradycyjnego rozwi\u0105zania oddzielnego kompasu i odbiornika GPS.<br \/>\nKluczowe cechy<br \/>\nKompas i odbiornik GPS w jednym<br \/>\nNadaje si\u0119 do stosowania w autopilotach Simrad<br \/>\nDok\u0142adno\u015b\u0107 pozycji 2 \u00b0 RMS z dwoma wewn\u0119trznymi antenami GPS<br \/>\n1 m r\u00f3\u017cnicy dok\u0142adno\u015bci pozycjonowania (przy u\u017cyciu SBAS &#8211; obs\u0142uguje WAAS, EGNOS, MSAS i GAGAN)<br \/>\nDok\u0142adno\u015b\u0107 pozycjonowania 3 m (tylko GPS)<br \/>\nUtrzymuje dok\u0142adny kurs przez okres do 3 minut podczas awarii GPS<br \/>\nZ\u0142\u0105cza NMEA 2000\u00ae (opcja NMEA 0183\u00ae)<br \/>\nSimrad HS60 posiada, odbiornik GPS \u00a0z cz\u0119stotliwo\u015bci\u0105 od\u015bwie\u017cania 10 Hz, kompatybilny z SBAS, zapewniaj\u0105cy p\u0142ynne i dok\u0142adne dane o kursie, pozycji, oraz warto\u015bciach pitch i roll. \u00a0Dane mog\u0105by\u0107 przesy\u0142ane do urz\u0105dze\u0144 firmy Simrad, \u00a0takich jak autopiloty, radary i systemy AIS.<br \/>\nOdbiornik GPS 10 Hz<br \/>\nOdbiornik HS60 firmy Simrad, zapewnia dok\u0142adne i niezawodne pozycjonowanie. Dane s\u0105 \u00a0aktualizowane dziesi\u0119\u0107 razy na sekund\u0119, co umo\u017cliwia p\u0142ynne \u015bledzenie szybkich \u0142odzi motorowych. Uruchomienie urz\u0105dzenia trwa maksymalnie jedn\u0105 minut\u0119.<br \/>\nUlepszone pozycjonowanie dzi\u0119ki SBAS<br \/>\nDzi\u0119ki obs\u0142udze system\u00f3w poprawek opartych na systemach satelitarnych (SBAS), w tym WAAS (USA), EGNOS (Europa), MSAS (Japonia) i GAGAN (Indie). \u00a0Kompas Simrad HS60 mo\u017ce wykorzystywa\u0107 dane korekcji b\u0142\u0119d\u00f3w satelitarnych, aby zapewni\u0107 dok\u0142adno\u015b\u0107 pozycjonowania nawet do 1 m RMS, 95% czasu. Technologia Simrad COAST &#x2122; oznacza, \u017ce \u200b\u200bHS60 mo\u017ce zwi\u0119kszy\u0107 dok\u0142adno\u015b\u0107 nawet przez 40 minut, je\u015bli sygna\u0142 SBAS zostanie utracony, przy u\u017cyciu ostatnich danych dotycz\u0105cych korekcji b\u0142\u0119d\u00f3w.<br \/>\nW obszarach lub warunkach, w kt\u00f3rych SBAS jest niedost\u0119pny, HS60 zapewnia pozycj\u0119 &#8222;pojedynczego punktu&#8221; z dok\u0142adno\u015bci\u0105 do 3 m RMS (95%). Dok\u0142adna dok\u0142adno\u015b\u0107 zale\u017cy od czynnik\u00f3w \u015brodowiskowych, liczby satelit\u00f3w w widoku, geometrii satelitarnej i zasi\u0119gu SBAS tam, gdzie jest to mo\u017cliwe.<br \/>\nDok\u0142adny kurs z podw\u00f3jnymi antenami GPS<br \/>\nKompas satelitarny Simrad HS60 zawiera dwie oddzielne anteny GPS w kompaktowej obudowie, s\u0142u\u017c\u0105ce do obliczania kursu \u00a0z dok\u0142adno\u015bci\u0105 do 2 \u00b0 RMS &#8211; wi\u0119ksz\u0105 dok\u0142adno\u015bci\u0105 ni\u017c kompas magnetyczny, bez koszt\u00f3w i ci\u0105g\u0142ej konserwacji \u017cyroskopu. Dzi\u0119ki dw\u00f3m antenom GPS, HS60 zapewnia dok\u0142adn\u0105 pozycj\u0119 nawet wtedy, gdy statek jest nieruchomy.<br \/>\nZintegrowane czujniki \u017byro i Przechy\u0142u<br \/>\nCzujniki \u017cyroskopu i pochylenia na pok\u0142adzie dostarczaj\u0105 informacji o parametrach heave ,roll i pitch. Oferuj\u0105 szybsze i g\u0142adsze aktualizacje kursu ni\u017c sam GPS. Korzystaj\u0105c z tych czujnik\u00f3w, HS60 mo\u017ce zapewni\u0107 dok\u0142adne dane o kursie przez okres do trzech minut podczas awarii GPS, z dok\u0142adno\u015bci\u0105 do \u00a0co najwy\u017cej dw\u00f3ch stopni na minut\u0119 oraz szybkiego ponownego pozyskania pozycji, gdy sygna\u0142 zosta\u0142 ponownie odebrany.<br \/>\nProsta instalacja dzi\u0119ki po\u0142\u0105czeniu NMEA 2000\u00ae<br \/>\nKompaktowy i lekki \u00a0kompas satelitarny Simrad HS60 jest dostarczany jako pojedyncze niezale\u017cne urz\u0105dzenie, razem z akcesoriami do monta\u017cu. Urz\u0105dzenie nie posiada do monta\u017cu \u017cadnej skrzynki po\u0142\u0105czeniowej.<br \/>\nKompas satelitarny Simrad HS60, wsp\u00f3\u0142pracuje z autopilotami Simrad, stacjami nawigacyjnymi Simrad NSS evo2 i NSO evo2 \/ wielofunkcyjnymi wy\u015bwietlaczami oraz innymi systemami posiadaj\u0105cymi\u00a0 mo\u017cliwo\u015b\u0107 komunikacji NMEA 2000\u00ae. Do zasilania urz\u0105dzenia i wysy\u0142ania danych, potrzebny jest pojedynczy przew\u00f3d magistrali NMEA 2000\u00ae.\u00a0<\/p>\n<p><!-- {\"name\":\"\",\"type\":\"layout\",\"children\":[{\"name\":\"ANTENA\",\"type\":\"section\",\"props\":{\"width\":\"default\",\"padding\":\"xsmall\",\"style\":\"default\",\"text_color\":\"\",\"media\":\"\",\"height_viewport\":false,\"header_overlay\":\"light\",\"animation\":\"slide-top-medium\",\"padding_remove_top\":false,\"image_size\":\"cover\",\"image\":\"\",\"image_position\":\"bottom-center\",\"image_fixed\":false,\"class\":\"\",\"overlap\":true,\"vertical_align\":\"middle\",\"title_position\":\"top-left\",\"title_rotation\":\"left\",\"title_breakpoint\":\"xl\"},\"children\":[{\"name\":\"\",\"type\":\"row\",\"props\":{\"layout\":\"1-1\",\"breakpoint\":\"m\",\"margin\":\"\",\"fixed_width\":\"large\"},\"children\":[{\"name\":\"\",\"type\":\"column\",\"props\":{\"image_position\":\"center-center\",\"widths\":[\"1-1\"]},\"children\":[{\"name\":\"\",\"type\":\"headline\",\"props\":{\"title_element\":\"h2\",\"content\":\"Kompas satelitarny Simrad HS60\",\"text_align\":\"center\",\"text_align_fallback\":\"center\",\"maxwidth_align\":\"center\",\"maxwidth\":\"\",\"title_style\":\"h2\",\"title_decoration\":\"\",\"margin\":\"\"}},{\"name\":\"\",\"type\":\"divider\",\"props\":{\"divider_element\":\"hr\"}}]}]},{\"name\":\"\",\"type\":\"row\",\"props\":{\"fixed_width\":\"large\",\"breakpoint\":\"m\",\"layout\":\",2-3\",\"margin\":\"medium\"},\"children\":[{\"name\":\"\",\"type\":\"column\",\"props\":{\"widths\":[\"\"],\"image_position\":\"center-center\"},\"children\":[{\"name\":\"\",\"type\":\"image\",\"props\":{\"margin\":\"default\",\"image\":\"wp-content\\\/uploads\\\/HS60_Compass_md.jpg\",\"image_width\":\"300\",\"image_box_shadow\":\"\",\"image_border\":\"rounded\",\"text_align\":\"center\"}}]},{\"name\":\"\",\"type\":\"column\",\"props\":{\"widths\":[\"2-3\"],\"image_position\":\"center-center\"},\"children\":[{\"name\":\"\",\"type\":\"text\",\"props\":{\"column_breakpoint\":\"m\",\"margin\":\"medium\",\"content\":\"\n\n<p>Kompas GPS Simrad HS60 dostarcza \\u017ceglarzom, dok\\u0142adne dane dotycz\\u0105ce pozycji i kursu, kt\\u00f3re mog\\u0105 by\\u0107 wykorzystywane przez urz\\u0105dzenia marki Simrad takie jak stacje nawigacyjne, autopiloty, radar i systemy transponder\\u00f3w AIS. W przypadku zastosowa\\u0144 takich jak autopilot, gdzie wymagana jest dok\\u0142adna informacja o pozycji, HS60 zapewnia alternatyw\\u0119 dla tradycyjnego rozwi\\u0105zania oddzielnego kompasu i odbiornika GPS.<\\\/p>\\n\n\n<p><strong>Kluczowe cechy<\\\/strong><\\\/p>\\n\n\n<p>Kompas i odbiornik GPS w jednym<\\\/p>\\n\n\n<p>Nadaje si\\u0119 do stosowania w autopilotach Simrad<\\\/p>\\n\n\n<p>Dok\\u0142adno\\u015b\\u0107 pozycji 2 \\u00b0 RMS z dwoma wewn\\u0119trznymi antenami GPS<\\\/p>\\n\n\n<p>1 m r\\u00f3\\u017cnicy dok\\u0142adno\\u015bci pozycjonowania (przy u\\u017cyciu SBAS - obs\\u0142uguje WAAS, EGNOS, MSAS i GAGAN)<\\\/p>\\n\n\n<p>Dok\\u0142adno\\u015b\\u0107 pozycjonowania 3 m (tylko GPS)<\\\/p>\\n\n\n<p>Utrzymuje dok\\u0142adny kurs przez okres do 3 minut podczas awarii GPS<\\\/p>\\n\n\n<p>Z\\u0142\\u0105cza NMEA 2000\\u00ae (opcja NMEA 0183\\u00ae)<\\\/p>\\n\n\n<p>Simrad HS60 posiada, odbiornik GPS \\u00a0z cz\\u0119stotliwo\\u015bci\\u0105 od\\u015bwie\\u017cania 10 Hz, kompatybilny z SBAS, zapewniaj\\u0105cy p\\u0142ynne i dok\\u0142adne dane o kursie, pozycji, oraz warto\\u015bciach pitch i roll. \\u00a0Dane mog\\u0105by\\u0107 przesy\\u0142ane do urz\\u0105dze\\u0144 firmy Simrad, \\u00a0takich jak autopiloty, radary i systemy AIS.<\\\/p>\\n\n\n<p><strong>Odbiornik GPS 10 Hz<\\\/strong><\\\/p>\\n\n\n<p>Odbiornik HS60 firmy Simrad, zapewnia dok\\u0142adne i niezawodne pozycjonowanie. Dane s\\u0105 \\u00a0aktualizowane dziesi\\u0119\\u0107 razy na sekund\\u0119, co umo\\u017cliwia p\\u0142ynne \\u015bledzenie szybkich \\u0142odzi motorowych. Uruchomienie urz\\u0105dzenia trwa maksymalnie jedn\\u0105 minut\\u0119.<\\\/p>\\n\n\n<p><strong>Ulepszone pozycjonowanie dzi\\u0119ki SBAS<\\\/strong><\\\/p>\\n\n\n<p>Dzi\\u0119ki obs\\u0142udze system\\u00f3w poprawek opartych na systemach satelitarnych (SBAS), w tym WAAS (USA), EGNOS (Europa), MSAS (Japonia) i GAGAN (Indie). \\u00a0Kompas Simrad HS60 mo\\u017ce wykorzystywa\\u0107 dane korekcji b\\u0142\\u0119d\\u00f3w satelitarnych, aby zapewni\\u0107 dok\\u0142adno\\u015b\\u0107 pozycjonowania nawet do 1 m RMS, 95% czasu. Technologia Simrad COAST \\u2122 oznacza, \\u017ce \\u200b\\u200bHS60 mo\\u017ce zwi\\u0119kszy\\u0107 dok\\u0142adno\\u015b\\u0107 nawet przez 40 minut, je\\u015bli sygna\\u0142 SBAS zostanie utracony, przy u\\u017cyciu ostatnich danych dotycz\\u0105cych korekcji b\\u0142\\u0119d\\u00f3w.<\\\/p>\\n\n\n<p>W obszarach lub warunkach, w kt\\u00f3rych SBAS jest niedost\\u0119pny, HS60 zapewnia pozycj\\u0119 \\\"pojedynczego punktu\\\" z dok\\u0142adno\\u015bci\\u0105 do 3 m RMS (95%). Dok\\u0142adna dok\\u0142adno\\u015b\\u0107 zale\\u017cy od czynnik\\u00f3w \\u015brodowiskowych, liczby satelit\\u00f3w w widoku, geometrii satelitarnej i zasi\\u0119gu SBAS tam, gdzie jest to mo\\u017cliwe.<\\\/p>\\n\n\n<p><strong>Dok\\u0142adny kurs z podw\\u00f3jnymi antenami GPS<\\\/strong><\\\/p>\\n\n\n<p>Kompas satelitarny Simrad HS60 zawiera dwie oddzielne anteny GPS w kompaktowej obudowie, s\\u0142u\\u017c\\u0105ce do obliczania kursu \\u00a0z dok\\u0142adno\\u015bci\\u0105 do 2 \\u00b0 RMS - wi\\u0119ksz\\u0105 dok\\u0142adno\\u015bci\\u0105 ni\\u017c kompas magnetyczny, bez koszt\\u00f3w i ci\\u0105g\\u0142ej konserwacji \\u017cyroskopu. Dzi\\u0119ki dw\\u00f3m antenom GPS, HS60 zapewnia dok\\u0142adn\\u0105 pozycj\\u0119 nawet wtedy, gdy statek jest nieruchomy.<\\\/p>\\n\n\n<p><strong>Zintegrowane czujniki \\u017byro i Przechy\\u0142u<\\\/strong><\\\/p>\\n\n\n<p>Czujniki \\u017cyroskopu i pochylenia na pok\\u0142adzie dostarczaj\\u0105 informacji o parametrach heave ,roll i pitch. Oferuj\\u0105 szybsze i g\\u0142adsze aktualizacje kursu ni\\u017c sam GPS. Korzystaj\\u0105c z tych czujnik\\u00f3w, HS60 mo\\u017ce zapewni\\u0107 dok\\u0142adne dane o kursie przez okres do trzech minut podczas awarii GPS, z dok\\u0142adno\\u015bci\\u0105 do \\u00a0co najwy\\u017cej dw\\u00f3ch stopni na minut\\u0119 oraz szybkiego ponownego pozyskania pozycji, gdy sygna\\u0142 zosta\\u0142 ponownie odebrany.<\\\/p>\\n\n\n<p><strong>Prosta instalacja dzi\\u0119ki po\\u0142\\u0105czeniu NMEA 2000\\u00ae<\\\/strong><\\\/p>\\n\n\n<p>Kompaktowy i lekki \\u00a0kompas satelitarny Simrad HS60 jest dostarczany jako pojedyncze niezale\\u017cne urz\\u0105dzenie, razem z akcesoriami do monta\\u017cu. Urz\\u0105dzenie nie posiada do monta\\u017cu \\u017cadnej skrzynki po\\u0142\\u0105czeniowej.<\\\/p>\\n\n\n<p>Kompas satelitarny Simrad HS60, wsp\\u00f3\\u0142pracuje z autopilotami Simrad, stacjami nawigacyjnymi Simrad NSS evo2 i NSO evo2 \\\/ wielofunkcyjnymi wy\\u015bwietlaczami oraz innymi systemami posiadaj\\u0105cymi\\u00a0 mo\\u017cliwo\\u015b\\u0107 komunikacji NMEA 2000\\u00ae. Do zasilania urz\\u0105dzenia i wysy\\u0142ania danych, potrzebny jest pojedynczy przew\\u00f3d magistrali NMEA 2000\\u00ae.\\u00a0<\\\/p>\",\"animation\":\"slide-left-medium\",\"text_align\":\"justify\",\"text_align_breakpoint\":\"m\",\"text_align_fallback\":\"center\",\"text_size\":\"\",\"maxwidth\":\"xxlarge\"}}]}]}]}]} --><\/p>\n","protected":false},"excerpt":{"rendered":"<p>Kompas satelitarny Simrad HS60 Kompas GPS Simrad HS60 dostarcza \u017ceglarzom, dok\u0142adne dane dotycz\u0105ce pozycji i kursu, kt\u00f3re mog\u0105 by\u0107 wykorzystywane przez urz\u0105dzenia marki Simrad takie jak stacje nawigacyjne, autopiloty, radar i systemy transponder\u00f3w AIS. W przypadku zastosowa\u0144 takich jak autopilot, gdzie wymagana jest dok\u0142adna informacja o pozycji, HS60 zapewnia alternatyw\u0119 dla tradycyjnego rozwi\u0105zania oddzielnego kompasu [&hellip;]<\/p>\n","protected":false},"author":6,"featured_media":0,"parent":0,"menu_order":0,"comment_status":"closed","ping_status":"closed","template":"","meta":{"footnotes":""},"class_list":["post-2577","page","type-page","status-publish","hentry"],"yoast_head":"<!-- This site is optimized with the Yoast SEO plugin v27.6 - https:\/\/yoast.com\/product\/yoast-seo-wordpress\/ -->\n<title>Kompas satelitarny Simrad HS60 - ESCORT TECHNOLOGY<\/title>\n<meta name=\"robots\" content=\"index, follow, max-snippet:-1, max-image-preview:large, max-video-preview:-1\" \/>\n<link rel=\"canonical\" href=\"https:\/\/escort-technology.com\/pl\/kompas-satelitarny-simrad-hs60\/\" \/>\n<meta property=\"og:locale\" content=\"pl_PL\" \/>\n<meta property=\"og:type\" content=\"article\" \/>\n<meta property=\"og:title\" content=\"Kompas satelitarny Simrad HS60 - ESCORT TECHNOLOGY\" \/>\n<meta property=\"og:description\" content=\"Kompas satelitarny Simrad HS60 Kompas GPS Simrad HS60 dostarcza \u017ceglarzom, dok\u0142adne dane dotycz\u0105ce pozycji i kursu, kt\u00f3re mog\u0105 by\u0107 wykorzystywane przez urz\u0105dzenia marki Simrad takie jak stacje nawigacyjne, autopiloty, radar i systemy transponder\u00f3w AIS. W przypadku zastosowa\u0144 takich jak autopilot, gdzie wymagana jest dok\u0142adna informacja o pozycji, HS60 zapewnia alternatyw\u0119 dla tradycyjnego rozwi\u0105zania oddzielnego kompasu [&hellip;]\" \/>\n<meta property=\"og:url\" content=\"https:\/\/escort-technology.com\/pl\/kompas-satelitarny-simrad-hs60\/\" \/>\n<meta property=\"og:site_name\" content=\"ESCORT TECHNOLOGY\" \/>\n<meta property=\"article:publisher\" content=\"https:\/\/www.facebook.com\/elektronika.morska\/\" \/>\n<meta property=\"article:modified_time\" content=\"2018-03-20T13:25:56+00:00\" \/>\n<meta name=\"twitter:card\" content=\"summary_large_image\" \/>\n<meta name=\"twitter:label1\" content=\"Szacowany czas czytania\" \/>\n\t<meta name=\"twitter:data1\" content=\"3 minuty\" \/>\n<script type=\"application\/ld+json\" class=\"yoast-schema-graph\">{\"@context\":\"https:\\\/\\\/schema.org\",\"@graph\":[{\"@type\":\"WebPage\",\"@id\":\"https:\\\/\\\/escort-technology.com\\\/en\\\/kompas-satelitarny-simrad-hs60\\\/\",\"url\":\"https:\\\/\\\/escort-technology.com\\\/en\\\/kompas-satelitarny-simrad-hs60\\\/\",\"name\":\"Kompas satelitarny Simrad HS60 - ESCORT TECHNOLOGY\",\"isPartOf\":{\"@id\":\"http:\\\/\\\/escort-technology.com\\\/de\\\/#website\"},\"datePublished\":\"2018-03-20T12:59:24+00:00\",\"dateModified\":\"2018-03-20T13:25:56+00:00\",\"breadcrumb\":{\"@id\":\"https:\\\/\\\/escort-technology.com\\\/en\\\/kompas-satelitarny-simrad-hs60\\\/#breadcrumb\"},\"inLanguage\":\"pl-PL\",\"potentialAction\":[{\"@type\":\"ReadAction\",\"target\":[\"https:\\\/\\\/escort-technology.com\\\/en\\\/kompas-satelitarny-simrad-hs60\\\/\"]}]},{\"@type\":\"BreadcrumbList\",\"@id\":\"https:\\\/\\\/escort-technology.com\\\/en\\\/kompas-satelitarny-simrad-hs60\\\/#breadcrumb\",\"itemListElement\":[{\"@type\":\"ListItem\",\"position\":1,\"name\":\"Strona g\u0142\u00f3wna\",\"item\":\"https:\\\/\\\/escort-technology.com\\\/\"},{\"@type\":\"ListItem\",\"position\":2,\"name\":\"Kompas satelitarny Simrad HS60\"}]},{\"@type\":\"WebSite\",\"@id\":\"http:\\\/\\\/escort-technology.com\\\/de\\\/#website\",\"url\":\"http:\\\/\\\/escort-technology.com\\\/de\\\/\",\"name\":\"ESCORT TECHNOLOGY\",\"description\":\"Elektronika morska i l\u0105dowa\",\"publisher\":{\"@id\":\"http:\\\/\\\/escort-technology.com\\\/de\\\/#organization\"},\"potentialAction\":[{\"@type\":\"SearchAction\",\"target\":{\"@type\":\"EntryPoint\",\"urlTemplate\":\"http:\\\/\\\/escort-technology.com\\\/de\\\/?s={search_term_string}\"},\"query-input\":{\"@type\":\"PropertyValueSpecification\",\"valueRequired\":true,\"valueName\":\"search_term_string\"}}],\"inLanguage\":\"pl-PL\"},{\"@type\":\"Organization\",\"@id\":\"http:\\\/\\\/escort-technology.com\\\/de\\\/#organization\",\"name\":\"ESCORT TECHNOLOGY\",\"url\":\"http:\\\/\\\/escort-technology.com\\\/de\\\/\",\"logo\":{\"@type\":\"ImageObject\",\"inLanguage\":\"pl-PL\",\"@id\":\"http:\\\/\\\/escort-technology.com\\\/de\\\/#\\\/schema\\\/logo\\\/image\\\/\",\"url\":\"https:\\\/\\\/escort-technology.com\\\/wp-content\\\/uploads\\\/logo-1.jpg\",\"contentUrl\":\"https:\\\/\\\/escort-technology.com\\\/wp-content\\\/uploads\\\/logo-1.jpg\",\"width\":600,\"height\":165,\"caption\":\"ESCORT TECHNOLOGY\"},\"image\":{\"@id\":\"http:\\\/\\\/escort-technology.com\\\/de\\\/#\\\/schema\\\/logo\\\/image\\\/\"},\"sameAs\":[\"https:\\\/\\\/www.facebook.com\\\/elektronika.morska\\\/\",\"https:\\\/\\\/www.linkedin.com\\\/company\\\/escort-sp-z-o-o-\\\/\"]}]}<\/script>\n<!-- \/ Yoast SEO plugin. -->","yoast_head_json":{"title":"Kompas satelitarny Simrad HS60 - ESCORT TECHNOLOGY","robots":{"index":"index","follow":"follow","max-snippet":"max-snippet:-1","max-image-preview":"max-image-preview:large","max-video-preview":"max-video-preview:-1"},"canonical":"https:\/\/escort-technology.com\/pl\/kompas-satelitarny-simrad-hs60\/","og_locale":"pl_PL","og_type":"article","og_title":"Kompas satelitarny Simrad HS60 - ESCORT TECHNOLOGY","og_description":"Kompas satelitarny Simrad HS60 Kompas GPS Simrad HS60 dostarcza \u017ceglarzom, dok\u0142adne dane dotycz\u0105ce pozycji i kursu, kt\u00f3re mog\u0105 by\u0107 wykorzystywane przez urz\u0105dzenia marki Simrad takie jak stacje nawigacyjne, autopiloty, radar i systemy transponder\u00f3w AIS. W przypadku zastosowa\u0144 takich jak autopilot, gdzie wymagana jest dok\u0142adna informacja o pozycji, HS60 zapewnia alternatyw\u0119 dla tradycyjnego rozwi\u0105zania oddzielnego kompasu [&hellip;]","og_url":"https:\/\/escort-technology.com\/pl\/kompas-satelitarny-simrad-hs60\/","og_site_name":"ESCORT TECHNOLOGY","article_publisher":"https:\/\/www.facebook.com\/elektronika.morska\/","article_modified_time":"2018-03-20T13:25:56+00:00","twitter_card":"summary_large_image","twitter_misc":{"Szacowany czas czytania":"3 minuty"},"schema":{"@context":"https:\/\/schema.org","@graph":[{"@type":"WebPage","@id":"https:\/\/escort-technology.com\/en\/kompas-satelitarny-simrad-hs60\/","url":"https:\/\/escort-technology.com\/en\/kompas-satelitarny-simrad-hs60\/","name":"Kompas satelitarny Simrad HS60 - ESCORT TECHNOLOGY","isPartOf":{"@id":"http:\/\/escort-technology.com\/de\/#website"},"datePublished":"2018-03-20T12:59:24+00:00","dateModified":"2018-03-20T13:25:56+00:00","breadcrumb":{"@id":"https:\/\/escort-technology.com\/en\/kompas-satelitarny-simrad-hs60\/#breadcrumb"},"inLanguage":"pl-PL","potentialAction":[{"@type":"ReadAction","target":["https:\/\/escort-technology.com\/en\/kompas-satelitarny-simrad-hs60\/"]}]},{"@type":"BreadcrumbList","@id":"https:\/\/escort-technology.com\/en\/kompas-satelitarny-simrad-hs60\/#breadcrumb","itemListElement":[{"@type":"ListItem","position":1,"name":"Strona g\u0142\u00f3wna","item":"https:\/\/escort-technology.com\/"},{"@type":"ListItem","position":2,"name":"Kompas satelitarny Simrad HS60"}]},{"@type":"WebSite","@id":"http:\/\/escort-technology.com\/de\/#website","url":"http:\/\/escort-technology.com\/de\/","name":"ESCORT TECHNOLOGY","description":"Elektronika morska i l\u0105dowa","publisher":{"@id":"http:\/\/escort-technology.com\/de\/#organization"},"potentialAction":[{"@type":"SearchAction","target":{"@type":"EntryPoint","urlTemplate":"http:\/\/escort-technology.com\/de\/?s={search_term_string}"},"query-input":{"@type":"PropertyValueSpecification","valueRequired":true,"valueName":"search_term_string"}}],"inLanguage":"pl-PL"},{"@type":"Organization","@id":"http:\/\/escort-technology.com\/de\/#organization","name":"ESCORT TECHNOLOGY","url":"http:\/\/escort-technology.com\/de\/","logo":{"@type":"ImageObject","inLanguage":"pl-PL","@id":"http:\/\/escort-technology.com\/de\/#\/schema\/logo\/image\/","url":"https:\/\/escort-technology.com\/wp-content\/uploads\/logo-1.jpg","contentUrl":"https:\/\/escort-technology.com\/wp-content\/uploads\/logo-1.jpg","width":600,"height":165,"caption":"ESCORT TECHNOLOGY"},"image":{"@id":"http:\/\/escort-technology.com\/de\/#\/schema\/logo\/image\/"},"sameAs":["https:\/\/www.facebook.com\/elektronika.morska\/","https:\/\/www.linkedin.com\/company\/escort-sp-z-o-o-\/"]}]}},"_links":{"self":[{"href":"http:\/\/escort-technology.com\/pl\/wp-json\/wp\/v2\/pages\/2577","targetHints":{"allow":["GET"]}}],"collection":[{"href":"http:\/\/escort-technology.com\/pl\/wp-json\/wp\/v2\/pages"}],"about":[{"href":"http:\/\/escort-technology.com\/pl\/wp-json\/wp\/v2\/types\/page"}],"author":[{"embeddable":true,"href":"http:\/\/escort-technology.com\/pl\/wp-json\/wp\/v2\/users\/6"}],"replies":[{"embeddable":true,"href":"http:\/\/escort-technology.com\/pl\/wp-json\/wp\/v2\/comments?post=2577"}],"version-history":[{"count":2,"href":"http:\/\/escort-technology.com\/pl\/wp-json\/wp\/v2\/pages\/2577\/revisions"}],"predecessor-version":[{"id":2601,"href":"http:\/\/escort-technology.com\/pl\/wp-json\/wp\/v2\/pages\/2577\/revisions\/2601"}],"wp:attachment":[{"href":"http:\/\/escort-technology.com\/pl\/wp-json\/wp\/v2\/media?parent=2577"}],"curies":[{"name":"wp","href":"https:\/\/api.w.org\/{rel}","templated":true}]}}