{"id":2579,"date":"2018-03-20T12:59:48","date_gmt":"2018-03-20T12:59:48","guid":{"rendered":"http:\/\/escort-technology.com\/?page_id=2579"},"modified":"2018-03-20T13:31:55","modified_gmt":"2018-03-20T13:31:55","slug":"marine-data-repetytor-zyro-md69br","status":"publish","type":"page","link":"http:\/\/escort-technology.com\/pl\/marine-data-repetytor-zyro-md69br\/","title":{"rendered":"Marine Data repetytor \u017cyro MD69BR"},"content":{"rendered":"<p>Marine Data repetytor \u017cyro MD69BR<\/p>\n<p>Repetytor \u017cyrokompasu MD69BR firmy Marine Data charakteryzuje si\u0119 podw\u00f3jn\u0105 skal\u0105 oraz komunikacj\u0105 za pomoc\u0105 protoko\u0142u NMEA 0183. Firma posiada szeroki zakres r\u00f3\u017cnych sposob\u00f3w monta\u017cu oraz akcesori\u00f3w, pozwalaj\u0105cych na monta\u017c repetytora w w wybranym miejscu.<br \/>\nCechy repetytora:<\/p>\n<p>Wodoodporno\u015b\u0107 IP67<br \/>\nDwie skale 36:1<br \/>\nCyfrowe wej\u015bcie NMEA 0183<br \/>\nWskazania ze \u017ar\u00f3d\u0142a Rzeczywiste\/ Magnetyczne<br \/>\nKontrola przyciemnienia lokalna\/ zdalna<br \/>\nDost\u0119pny w wersji wojskowej<br \/>\nWaga 7 kg<br \/>\nWymiary: 325 mm szeroko\u015b\u0107; 164 mm wysoko\u015b\u0107<br \/>\nZewn\u0119trzna \u015brednica: \u00d8 185 mm; wewn\u0119trzna \u00d8 95 mm<br \/>\nZasilanie: 24 V dc 8 W (22-31 V dc)<br \/>\nDane wej\u015bciowe: RS422 NMEA 0183; 4800 B; dost\u0119pne inne<br \/>\nSentencja: HDT, HDG oraz HDM<br \/>\nZgodny z: IEC 60945, STANAG MIL-STD-461E<br \/>\nCertyfikat zgodno\u015bci: Germanischer Lloyd (GL)\n<\/p>\n<p>BROSZURA<\/p>\n<p><!-- {\"name\":\"\",\"type\":\"layout\",\"children\":[{\"name\":\"ANTENA\",\"type\":\"section\",\"props\":{\"width\":\"default\",\"padding\":\"xsmall\",\"style\":\"default\",\"text_color\":\"\",\"media\":\"\",\"height_viewport\":false,\"header_overlay\":\"light\",\"animation\":\"slide-top-medium\",\"padding_remove_top\":false,\"image_size\":\"cover\",\"image\":\"\",\"image_position\":\"bottom-center\",\"image_fixed\":false,\"class\":\"\",\"overlap\":true,\"vertical_align\":\"middle\",\"title_position\":\"top-left\",\"title_rotation\":\"left\",\"title_breakpoint\":\"xl\"},\"children\":[{\"name\":\"\",\"type\":\"row\",\"props\":{\"layout\":\"1-1\",\"breakpoint\":\"m\",\"margin\":\"\",\"fixed_width\":\"large\"},\"children\":[{\"name\":\"\",\"type\":\"column\",\"props\":{\"image_position\":\"center-center\",\"widths\":[\"1-1\"]},\"children\":[{\"name\":\"\",\"type\":\"headline\",\"props\":{\"title_element\":\"h2\",\"content\":\"Marine Data repetytor \\u017cyro MD69BR\",\"text_align\":\"center\",\"text_align_fallback\":\"center\",\"maxwidth_align\":\"center\",\"maxwidth\":\"\",\"title_style\":\"h2\",\"title_decoration\":\"\",\"margin\":\"\"}},{\"name\":\"\",\"type\":\"divider\",\"props\":{\"divider_element\":\"hr\"}}]}]},{\"name\":\"\",\"type\":\"row\",\"props\":{\"fixed_width\":\"large\",\"breakpoint\":\"m\",\"layout\":\",2-3\",\"margin\":\"medium\"},\"children\":[{\"name\":\"\",\"type\":\"column\",\"props\":{\"widths\":[\"\"],\"image_position\":\"center-center\"},\"children\":[{\"name\":\"\",\"type\":\"image\",\"props\":{\"margin\":\"default\",\"image\":\"wp-content\\\/uploads\\\/md69br.jpg\",\"image_width\":\"350\",\"image_box_shadow\":\"\",\"image_border\":\"rounded\",\"text_align\":\"center\"}}]},{\"name\":\"\",\"type\":\"column\",\"props\":{\"widths\":[\"2-3\"],\"image_position\":\"center-center\"},\"children\":[{\"name\":\"\",\"type\":\"text\",\"props\":{\"column_breakpoint\":\"m\",\"margin\":\"medium\",\"content\":\"\n\n<p>Repetytor \\u017cyrokompasu MD69BR firmy Marine Data charakteryzuje si\\u0119 podw\\u00f3jn\\u0105 skal\\u0105 oraz komunikacj\\u0105 za pomoc\\u0105 protoko\\u0142u NMEA 0183. Firma posiada szeroki zakres r\\u00f3\\u017cnych sposob\\u00f3w monta\\u017cu oraz akcesori\\u00f3w, pozwalaj\\u0105cych na monta\\u017c repetytora w w wybranym miejscu.<\\\/p>\\n\n\n<p>Cechy repetytora:<\\\/p>\\n\n\n<ul>\\n\n\n<li>Wodoodporno\\u015b\\u0107 IP67<\\\/li>\\n\n\n<li>Dwie skale 36:1<\\\/li>\\n\n\n<li>Cyfrowe wej\\u015bcie NMEA 0183<\\\/li>\\n\n\n<li>Wskazania ze \\u017ar\\u00f3d\\u0142a Rzeczywiste\\\/ Magnetyczne<\\\/li>\\n\n\n<li>Kontrola przyciemnienia lokalna\\\/ zdalna<\\\/li>\\n\n\n<li>Dost\\u0119pny w wersji wojskowej<\\\/li>\\n\n\n<li>Waga 7 kg<\\\/li>\\n\n\n<li>Wymiary: 325 mm szeroko\\u015b\\u0107; 164 mm wysoko\\u015b\\u0107<\\\/li>\\n\n\n<li>Zewn\\u0119trzna \\u015brednica: \\u00d8 185 mm; wewn\\u0119trzna \\u00d8 95 mm<\\\/li>\\n\n\n<li>Zasilanie: 24 V dc 8 W (22-31 V dc)<\\\/li>\\n\n\n<li>Dane wej\\u015bciowe: RS422 NMEA 0183; 4800 B; dost\\u0119pne inne<\\\/li>\\n\n\n<li>Sentencja: HDT, HDG oraz HDM<\\\/li>\\n\n\n<li>Zgodny z: IEC 60945, STANAG MIL-STD-461E<\\\/li>\\n\n\n<li>Certyfikat zgodno\\u015bci: Germanischer Lloyd (GL)<\\\/li>\\n<\\\/ul>\",\"animation\":\"slide-left-medium\",\"text_align\":\"justify\",\"text_align_breakpoint\":\"m\",\"text_align_fallback\":\"center\",\"text_size\":\"\",\"maxwidth\":\"xxlarge\"}}]}]},{\"name\":\"\",\"type\":\"row\",\"props\":{\"fixed_width\":\"large\",\"breakpoint\":\"m\",\"layout\":\"1-1\",\"margin\":\"large\"},\"children\":[{\"name\":\"\",\"type\":\"column\",\"props\":{\"image_position\":\"center-center\",\"widths\":[\"1-1\"]},\"children\":[{\"name\":\"\",\"type\":\"button\",\"props\":{\"gutter\":\"small\",\"inline_align\":\"center\",\"margin\":\"\",\"text_align\":\"center\",\"button_size\":\"large\",\"animation\":\"slide-bottom-medium\"},\"children\":[{\"name\":\"\",\"type\":\"button_item\",\"props\":{\"button_style\":\"secondary\",\"content\":\"BROSZURA\",\"link\":\"wp-content\\\/uploads\\\/Simrad_anteny_radarowe_3G-4G.pdf\",\"link_title\":\"Explore More\",\"icon_align\":\"left\",\"link_target\":\"blank\"}}]}]}]}]}]} --><\/p>\n","protected":false},"excerpt":{"rendered":"<p>Marine Data repetytor \u017cyro MD69BR Repetytor \u017cyrokompasu MD69BR firmy Marine Data charakteryzuje si\u0119 podw\u00f3jn\u0105 skal\u0105 oraz komunikacj\u0105 za pomoc\u0105 protoko\u0142u NMEA 0183. Firma posiada szeroki zakres r\u00f3\u017cnych sposob\u00f3w monta\u017cu oraz akcesori\u00f3w, pozwalaj\u0105cych na monta\u017c repetytora w w wybranym miejscu. Cechy repetytora: Wodoodporno\u015b\u0107 IP67 Dwie skale 36:1 Cyfrowe wej\u015bcie NMEA 0183 Wskazania ze \u017ar\u00f3d\u0142a Rzeczywiste\/ Magnetyczne [&hellip;]<\/p>\n","protected":false},"author":6,"featured_media":0,"parent":0,"menu_order":0,"comment_status":"closed","ping_status":"closed","template":"","meta":{"footnotes":""},"class_list":["post-2579","page","type-page","status-publish","hentry"],"yoast_head":"<!-- This site is optimized with the Yoast SEO plugin v27.6 - https:\/\/yoast.com\/product\/yoast-seo-wordpress\/ -->\n<title>Marine Data repetytor \u017cyro MD69BR - ESCORT TECHNOLOGY<\/title>\n<meta name=\"robots\" content=\"index, follow, max-snippet:-1, max-image-preview:large, max-video-preview:-1\" \/>\n<link rel=\"canonical\" href=\"http:\/\/escort-technology.com\/pl\/marine-data-repetytor-zyro-md69br\/\" \/>\n<meta property=\"og:locale\" content=\"pl_PL\" \/>\n<meta property=\"og:type\" content=\"article\" \/>\n<meta property=\"og:title\" content=\"Marine Data repetytor \u017cyro MD69BR - ESCORT TECHNOLOGY\" \/>\n<meta property=\"og:description\" content=\"Marine Data repetytor \u017cyro MD69BR Repetytor \u017cyrokompasu MD69BR firmy Marine Data charakteryzuje si\u0119 podw\u00f3jn\u0105 skal\u0105 oraz komunikacj\u0105 za pomoc\u0105 protoko\u0142u NMEA 0183. Firma posiada szeroki zakres r\u00f3\u017cnych sposob\u00f3w monta\u017cu oraz akcesori\u00f3w, pozwalaj\u0105cych na monta\u017c repetytora w w wybranym miejscu. Cechy repetytora: Wodoodporno\u015b\u0107 IP67 Dwie skale 36:1 Cyfrowe wej\u015bcie NMEA 0183 Wskazania ze \u017ar\u00f3d\u0142a Rzeczywiste\/ Magnetyczne [&hellip;]\" \/>\n<meta property=\"og:url\" content=\"http:\/\/escort-technology.com\/pl\/marine-data-repetytor-zyro-md69br\/\" \/>\n<meta property=\"og:site_name\" content=\"ESCORT TECHNOLOGY\" \/>\n<meta property=\"article:publisher\" content=\"https:\/\/www.facebook.com\/elektronika.morska\/\" \/>\n<meta property=\"article:modified_time\" content=\"2018-03-20T13:31:55+00:00\" \/>\n<meta name=\"twitter:card\" content=\"summary_large_image\" \/>\n<meta name=\"twitter:label1\" content=\"Szacowany czas czytania\" \/>\n\t<meta name=\"twitter:data1\" content=\"1 minuta\" \/>\n<script type=\"application\/ld+json\" class=\"yoast-schema-graph\">{\"@context\":\"https:\\\/\\\/schema.org\",\"@graph\":[{\"@type\":\"WebPage\",\"@id\":\"http:\\\/\\\/escort-technology.com\\\/pl\\\/marine-data-repetytor-zyro-md69br\\\/\",\"url\":\"http:\\\/\\\/escort-technology.com\\\/pl\\\/marine-data-repetytor-zyro-md69br\\\/\",\"name\":\"Marine Data repetytor \u017cyro MD69BR - ESCORT TECHNOLOGY\",\"isPartOf\":{\"@id\":\"http:\\\/\\\/escort-technology.com\\\/de\\\/#website\"},\"datePublished\":\"2018-03-20T12:59:48+00:00\",\"dateModified\":\"2018-03-20T13:31:55+00:00\",\"breadcrumb\":{\"@id\":\"http:\\\/\\\/escort-technology.com\\\/pl\\\/marine-data-repetytor-zyro-md69br\\\/#breadcrumb\"},\"inLanguage\":\"pl-PL\",\"potentialAction\":[{\"@type\":\"ReadAction\",\"target\":[\"http:\\\/\\\/escort-technology.com\\\/pl\\\/marine-data-repetytor-zyro-md69br\\\/\"]}]},{\"@type\":\"BreadcrumbList\",\"@id\":\"http:\\\/\\\/escort-technology.com\\\/pl\\\/marine-data-repetytor-zyro-md69br\\\/#breadcrumb\",\"itemListElement\":[{\"@type\":\"ListItem\",\"position\":1,\"name\":\"Strona g\u0142\u00f3wna\",\"item\":\"https:\\\/\\\/escort-technology.com\\\/\"},{\"@type\":\"ListItem\",\"position\":2,\"name\":\"Marine Data repetytor \u017cyro MD69BR\"}]},{\"@type\":\"WebSite\",\"@id\":\"http:\\\/\\\/escort-technology.com\\\/de\\\/#website\",\"url\":\"http:\\\/\\\/escort-technology.com\\\/de\\\/\",\"name\":\"ESCORT TECHNOLOGY\",\"description\":\"Elektronika morska i l\u0105dowa\",\"publisher\":{\"@id\":\"http:\\\/\\\/escort-technology.com\\\/de\\\/#organization\"},\"potentialAction\":[{\"@type\":\"SearchAction\",\"target\":{\"@type\":\"EntryPoint\",\"urlTemplate\":\"http:\\\/\\\/escort-technology.com\\\/de\\\/?s={search_term_string}\"},\"query-input\":{\"@type\":\"PropertyValueSpecification\",\"valueRequired\":true,\"valueName\":\"search_term_string\"}}],\"inLanguage\":\"pl-PL\"},{\"@type\":\"Organization\",\"@id\":\"http:\\\/\\\/escort-technology.com\\\/de\\\/#organization\",\"name\":\"ESCORT TECHNOLOGY\",\"url\":\"http:\\\/\\\/escort-technology.com\\\/de\\\/\",\"logo\":{\"@type\":\"ImageObject\",\"inLanguage\":\"pl-PL\",\"@id\":\"http:\\\/\\\/escort-technology.com\\\/de\\\/#\\\/schema\\\/logo\\\/image\\\/\",\"url\":\"https:\\\/\\\/escort-technology.com\\\/wp-content\\\/uploads\\\/logo-1.jpg\",\"contentUrl\":\"https:\\\/\\\/escort-technology.com\\\/wp-content\\\/uploads\\\/logo-1.jpg\",\"width\":600,\"height\":165,\"caption\":\"ESCORT TECHNOLOGY\"},\"image\":{\"@id\":\"http:\\\/\\\/escort-technology.com\\\/de\\\/#\\\/schema\\\/logo\\\/image\\\/\"},\"sameAs\":[\"https:\\\/\\\/www.facebook.com\\\/elektronika.morska\\\/\",\"https:\\\/\\\/www.linkedin.com\\\/company\\\/escort-sp-z-o-o-\\\/\"]}]}<\/script>\n<!-- \/ Yoast SEO plugin. -->","yoast_head_json":{"title":"Marine Data repetytor \u017cyro MD69BR - ESCORT TECHNOLOGY","robots":{"index":"index","follow":"follow","max-snippet":"max-snippet:-1","max-image-preview":"max-image-preview:large","max-video-preview":"max-video-preview:-1"},"canonical":"http:\/\/escort-technology.com\/pl\/marine-data-repetytor-zyro-md69br\/","og_locale":"pl_PL","og_type":"article","og_title":"Marine Data repetytor \u017cyro MD69BR - ESCORT TECHNOLOGY","og_description":"Marine Data repetytor \u017cyro MD69BR Repetytor \u017cyrokompasu MD69BR firmy Marine Data charakteryzuje si\u0119 podw\u00f3jn\u0105 skal\u0105 oraz komunikacj\u0105 za pomoc\u0105 protoko\u0142u NMEA 0183. Firma posiada szeroki zakres r\u00f3\u017cnych sposob\u00f3w monta\u017cu oraz akcesori\u00f3w, pozwalaj\u0105cych na monta\u017c repetytora w w wybranym miejscu. Cechy repetytora: Wodoodporno\u015b\u0107 IP67 Dwie skale 36:1 Cyfrowe wej\u015bcie NMEA 0183 Wskazania ze \u017ar\u00f3d\u0142a Rzeczywiste\/ Magnetyczne [&hellip;]","og_url":"http:\/\/escort-technology.com\/pl\/marine-data-repetytor-zyro-md69br\/","og_site_name":"ESCORT TECHNOLOGY","article_publisher":"https:\/\/www.facebook.com\/elektronika.morska\/","article_modified_time":"2018-03-20T13:31:55+00:00","twitter_card":"summary_large_image","twitter_misc":{"Szacowany czas czytania":"1 minuta"},"schema":{"@context":"https:\/\/schema.org","@graph":[{"@type":"WebPage","@id":"http:\/\/escort-technology.com\/pl\/marine-data-repetytor-zyro-md69br\/","url":"http:\/\/escort-technology.com\/pl\/marine-data-repetytor-zyro-md69br\/","name":"Marine Data repetytor \u017cyro MD69BR - ESCORT TECHNOLOGY","isPartOf":{"@id":"http:\/\/escort-technology.com\/de\/#website"},"datePublished":"2018-03-20T12:59:48+00:00","dateModified":"2018-03-20T13:31:55+00:00","breadcrumb":{"@id":"http:\/\/escort-technology.com\/pl\/marine-data-repetytor-zyro-md69br\/#breadcrumb"},"inLanguage":"pl-PL","potentialAction":[{"@type":"ReadAction","target":["http:\/\/escort-technology.com\/pl\/marine-data-repetytor-zyro-md69br\/"]}]},{"@type":"BreadcrumbList","@id":"http:\/\/escort-technology.com\/pl\/marine-data-repetytor-zyro-md69br\/#breadcrumb","itemListElement":[{"@type":"ListItem","position":1,"name":"Strona g\u0142\u00f3wna","item":"https:\/\/escort-technology.com\/"},{"@type":"ListItem","position":2,"name":"Marine Data repetytor \u017cyro MD69BR"}]},{"@type":"WebSite","@id":"http:\/\/escort-technology.com\/de\/#website","url":"http:\/\/escort-technology.com\/de\/","name":"ESCORT TECHNOLOGY","description":"Elektronika morska i l\u0105dowa","publisher":{"@id":"http:\/\/escort-technology.com\/de\/#organization"},"potentialAction":[{"@type":"SearchAction","target":{"@type":"EntryPoint","urlTemplate":"http:\/\/escort-technology.com\/de\/?s={search_term_string}"},"query-input":{"@type":"PropertyValueSpecification","valueRequired":true,"valueName":"search_term_string"}}],"inLanguage":"pl-PL"},{"@type":"Organization","@id":"http:\/\/escort-technology.com\/de\/#organization","name":"ESCORT TECHNOLOGY","url":"http:\/\/escort-technology.com\/de\/","logo":{"@type":"ImageObject","inLanguage":"pl-PL","@id":"http:\/\/escort-technology.com\/de\/#\/schema\/logo\/image\/","url":"https:\/\/escort-technology.com\/wp-content\/uploads\/logo-1.jpg","contentUrl":"https:\/\/escort-technology.com\/wp-content\/uploads\/logo-1.jpg","width":600,"height":165,"caption":"ESCORT TECHNOLOGY"},"image":{"@id":"http:\/\/escort-technology.com\/de\/#\/schema\/logo\/image\/"},"sameAs":["https:\/\/www.facebook.com\/elektronika.morska\/","https:\/\/www.linkedin.com\/company\/escort-sp-z-o-o-\/"]}]}},"_links":{"self":[{"href":"http:\/\/escort-technology.com\/pl\/wp-json\/wp\/v2\/pages\/2579","targetHints":{"allow":["GET"]}}],"collection":[{"href":"http:\/\/escort-technology.com\/pl\/wp-json\/wp\/v2\/pages"}],"about":[{"href":"http:\/\/escort-technology.com\/pl\/wp-json\/wp\/v2\/types\/page"}],"author":[{"embeddable":true,"href":"http:\/\/escort-technology.com\/pl\/wp-json\/wp\/v2\/users\/6"}],"replies":[{"embeddable":true,"href":"http:\/\/escort-technology.com\/pl\/wp-json\/wp\/v2\/comments?post=2579"}],"version-history":[{"count":3,"href":"http:\/\/escort-technology.com\/pl\/wp-json\/wp\/v2\/pages\/2579\/revisions"}],"predecessor-version":[{"id":2604,"href":"http:\/\/escort-technology.com\/pl\/wp-json\/wp\/v2\/pages\/2579\/revisions\/2604"}],"wp:attachment":[{"href":"http:\/\/escort-technology.com\/pl\/wp-json\/wp\/v2\/media?parent=2579"}],"curies":[{"name":"wp","href":"https:\/\/api.w.org\/{rel}","templated":true}]}}