{"id":2597,"date":"2018-03-20T13:06:28","date_gmt":"2018-03-20T13:06:28","guid":{"rendered":"http:\/\/escort-technology.com\/?page_id=2597"},"modified":"2018-03-20T14:35:27","modified_gmt":"2018-03-20T14:35:27","slug":"zyrokompas-gc80-85","status":"publish","type":"page","link":"http:\/\/escort-technology.com\/pl\/zyrokompas-gc80-85\/","title":{"rendered":"\u017byrokompas GC80\/85"},"content":{"rendered":"<p>\u017byrokompas GC80\/85<\/p>\n<p>Nowe \u017cyrokompasy firmy Simrad GC80 i GC85 s\u0105 w pe\u0142ni zgodne z wymogami IMO i przeznaczone s\u0105 na standardowe i bardzo szybkie (GC85) statki. Zastosowanie najnowszej technologii eliminuje konieczno\u015b\u0107 rocznych przegl\u0105d\u00f3w i zapewnia mo\u017cliwie najwi\u0119ksz\u0105 dok\u0142adno\u015b\u0107 i stabilno\u015b\u0107 wskaza\u0144.<br \/>\n\u017byroskopy Simrad GC80\/85 s\u0105 idealnym rozwi\u0105zaniem dla zaawansowanego systemu DP potrzebnego w bran\u017cy offshore. Seria \u017cyroskop\u00f3w Simrad GC oferuje najbardziej elastyczne rozwi\u0105zanie na rynku. Po\u0142\u0105czenie systemu podw\u00f3jnego i rozbudowanego, sk\u0142adaj\u0105cego si\u0119 ze wszystkich trzech kompas\u00f3w \u017cyroskopowych, zapewni statkowi wszystkie niezb\u0119dne informacje potrzebne do pracy w najci\u0119\u017cszych warunkach. Prosty i szybki monta\u017c i instalacja, a tak\u017ce fakt, \u017ce nie wymagana jest roczny przegl\u0105d czyni system Simrad Gyro najlepszym rozwi\u0105zaniem.<br \/>\nElastyczno\u015b\u0107 systemu<br \/>\nNajbardziej elastyczny \u017cyroskop na rynku, do instalacji, konfiguracji. Szeroka gama modu\u0142\u00f3w steruj\u0105cych zapewnia pe\u0142n\u0105 elastyczno\u015b\u0107 konfiguracji systemu dla nowej instalacji i jest \u0142atwa w modernizacji istniej\u0105cych system\u00f3w repeater\u00f3w. Standardowy zakres interfejs\u00f3w mo\u017cna \u0142atwo rozszerzy\u0107 w celu dostarczenia sygna\u0142\u00f3w dla wszystkich zastosowa\u0144 statk\u00f3w. Rozdzielenie mocy i sygna\u0142\u00f3w pozycyjnych z jednostek steruj\u0105cych umo\u017cliwia praktyczn\u0105 instalacj\u0119 i \u0142atw\u0105 modernizacj\u0119.<\/p>\n<p>\u00a0<\/p>\n<p>Dost\u0119pna jest pe\u0142na oferta repeater\u00f3w\u00a0analogowych i cyfrowych dla wszystkich zastosowa\u0144 statk\u00f3w.<br \/>\nAnalogowe, cyfrowe i wska\u017aniki mog\u0105 by\u0107 stosowane\u00a0ze wszystkimi \u017cyroskopami Simrad.<br \/>\nRepeatery s\u0105\u00a0wodoodporne do u\u017cytku zewn\u0119trznego.<\/p>\n<p><!-- {\"name\":\"\",\"type\":\"layout\",\"children\":[{\"name\":\"radiotelefon\",\"type\":\"section\",\"props\":{\"width\":\"default\",\"padding\":\"xsmall\",\"style\":\"default\",\"text_color\":\"\",\"media\":\"\",\"height_viewport\":false,\"header_overlay\":\"light\",\"animation\":\"slide-top-medium\",\"padding_remove_top\":false,\"image_size\":\"cover\",\"image\":\"\",\"image_position\":\"bottom-center\",\"image_fixed\":false,\"class\":\"\",\"overlap\":true,\"vertical_align\":\"middle\",\"title_position\":\"top-left\",\"title_rotation\":\"left\",\"title_breakpoint\":\"xl\"},\"children\":[{\"name\":\"\",\"type\":\"row\",\"props\":{\"layout\":\"1-1\",\"breakpoint\":\"m\",\"margin\":\"\",\"fixed_width\":\"large\"},\"children\":[{\"name\":\"\",\"type\":\"column\",\"props\":{\"image_position\":\"center-center\",\"widths\":[\"1-1\"]},\"children\":[{\"name\":\"\",\"type\":\"headline\",\"props\":{\"title_element\":\"h2\",\"content\":\"\\u017byrokompas GC80\\\/85\",\"text_align\":\"center\",\"text_align_fallback\":\"center\",\"maxwidth_align\":\"center\",\"maxwidth\":\"\",\"title_style\":\"h2\",\"title_decoration\":\"\",\"margin\":\"\"}},{\"name\":\"\",\"type\":\"divider\",\"props\":{\"divider_element\":\"hr\"}}]}]},{\"name\":\"\",\"type\":\"row\",\"props\":{\"fixed_width\":\"large\",\"breakpoint\":\"m\",\"layout\":\",2-3\"},\"children\":[{\"name\":\"\",\"type\":\"column\",\"props\":{\"widths\":[\"\"],\"image_position\":\"center-center\"},\"children\":[{\"name\":\"\",\"type\":\"image\",\"props\":{\"margin\":\"default\",\"image\":\"wp-content\\\/uploads\\\/gyro.jpg\",\"image_width\":\"300\",\"image_box_shadow\":\"\",\"image_border\":\"rounded\",\"text_align\":\"center\"}},{\"name\":\"\",\"type\":\"image\",\"props\":{\"margin\":\"default\",\"image\":\"wp-content\\\/uploads\\\/AR80_right_md.jpg\",\"image_width\":\"200\",\"image_box_shadow\":\"\",\"image_border\":\"rounded\",\"text_align\":\"center\"}},{\"name\":\"\",\"type\":\"image\",\"props\":{\"margin\":\"default\",\"image\":\"wp-content\\\/uploads\\\/AR78_list.jpg\",\"image_width\":\"200\",\"image_box_shadow\":\"\",\"image_border\":\"rounded\",\"text_align\":\"center\"}}]},{\"name\":\"\",\"type\":\"column\",\"props\":{\"widths\":[\"2-3\"],\"image_position\":\"center-center\"},\"children\":[{\"name\":\"\",\"type\":\"text\",\"props\":{\"column_breakpoint\":\"m\",\"margin\":\"medium\",\"content\":\"\n\n<p>Nowe \\u017cyrokompasy firmy Simrad GC80 i GC85 s\\u0105 w pe\\u0142ni zgodne z wymogami IMO i przeznaczone s\\u0105 na standardowe i bardzo szybkie (GC85) statki. Zastosowanie najnowszej technologii eliminuje konieczno\\u015b\\u0107 rocznych przegl\\u0105d\\u00f3w i zapewnia mo\\u017cliwie najwi\\u0119ksz\\u0105 dok\\u0142adno\\u015b\\u0107 i stabilno\\u015b\\u0107 wskaza\\u0144.<\\\/p>\\n\n\n<p>\\u017byroskopy Simrad GC80\\\/85 s\\u0105 idealnym rozwi\\u0105zaniem dla zaawansowanego systemu DP potrzebnego w bran\\u017cy offshore. Seria \\u017cyroskop\\u00f3w Simrad GC oferuje najbardziej elastyczne rozwi\\u0105zanie na rynku. Po\\u0142\\u0105czenie systemu podw\\u00f3jnego i rozbudowanego, sk\\u0142adaj\\u0105cego si\\u0119 ze wszystkich trzech kompas\\u00f3w \\u017cyroskopowych, zapewni statkowi wszystkie niezb\\u0119dne informacje potrzebne do pracy w najci\\u0119\\u017cszych warunkach. Prosty i szybki monta\\u017c i instalacja, a tak\\u017ce fakt, \\u017ce nie wymagana jest roczny przegl\\u0105d czyni system Simrad Gyro najlepszym rozwi\\u0105zaniem.<\\\/p>\\n\n\n<p><strong>Elastyczno\\u015b\\u0107 systemu<\\\/strong><\\\/p>\\n\n\n<p>Najbardziej elastyczny \\u017cyroskop na rynku, do instalacji, konfiguracji. Szeroka gama modu\\u0142\\u00f3w steruj\\u0105cych zapewnia pe\\u0142n\\u0105 elastyczno\\u015b\\u0107 konfiguracji systemu dla nowej instalacji i jest \\u0142atwa w modernizacji istniej\\u0105cych system\\u00f3w repeater\\u00f3w. Standardowy zakres interfejs\\u00f3w mo\\u017cna \\u0142atwo rozszerzy\\u0107 w celu dostarczenia sygna\\u0142\\u00f3w dla wszystkich zastosowa\\u0144 statk\\u00f3w. Rozdzielenie mocy i sygna\\u0142\\u00f3w pozycyjnych z jednostek steruj\\u0105cych umo\\u017cliwia praktyczn\\u0105 instalacj\\u0119 i \\u0142atw\\u0105 modernizacj\\u0119.<\\\/p>\\n\n\n<table>\\n\n\n<tbody>\\n\n\n<tr>\\n\n\n<td>\\u00a0<\\\/td>\\n\n\n<td>\\n\n\n<ul>\\n\n\n<li>Dost\\u0119pna jest pe\\u0142na oferta repeater\\u00f3w\\u00a0analogowych i cyfrowych dla wszystkich zastosowa\\u0144 statk\\u00f3w.<\\\/li>\\n\n\n<li>Analogowe, cyfrowe i wska\\u017aniki mog\\u0105 by\\u0107 stosowane\\u00a0ze wszystkimi \\u017cyroskopami Simrad.<\\\/li>\\n\n\n<li>Repeatery s\\u0105\\u00a0wodoodporne do u\\u017cytku zewn\\u0119trznego.<\\\/li>\\n<\\\/ul>\\n<\\\/td>\\n<\\\/tr>\\n<\\\/tbody>\\n<\\\/table>\",\"animation\":\"slide-left-medium\",\"text_align\":\"justify\",\"text_align_breakpoint\":\"m\",\"text_align_fallback\":\"center\",\"text_size\":\"\",\"maxwidth\":\"xxlarge\"}}]}]}]}]} --><\/p>\n","protected":false},"excerpt":{"rendered":"<p>\u017byrokompas GC80\/85 Nowe \u017cyrokompasy firmy Simrad GC80 i GC85 s\u0105 w pe\u0142ni zgodne z wymogami IMO i przeznaczone s\u0105 na standardowe i bardzo szybkie (GC85) statki. Zastosowanie najnowszej technologii eliminuje konieczno\u015b\u0107 rocznych przegl\u0105d\u00f3w i zapewnia mo\u017cliwie najwi\u0119ksz\u0105 dok\u0142adno\u015b\u0107 i stabilno\u015b\u0107 wskaza\u0144. \u017byroskopy Simrad GC80\/85 s\u0105 idealnym rozwi\u0105zaniem dla zaawansowanego systemu DP potrzebnego w bran\u017cy offshore. [&hellip;]<\/p>\n","protected":false},"author":6,"featured_media":0,"parent":0,"menu_order":0,"comment_status":"closed","ping_status":"closed","template":"","meta":{"footnotes":""},"class_list":["post-2597","page","type-page","status-publish","hentry"],"yoast_head":"<!-- This site is optimized with the Yoast SEO plugin v27.6 - https:\/\/yoast.com\/product\/yoast-seo-wordpress\/ -->\n<title>\u017byrokompas GC80\/85 - ESCORT TECHNOLOGY<\/title>\n<meta name=\"robots\" content=\"index, follow, max-snippet:-1, max-image-preview:large, max-video-preview:-1\" \/>\n<link rel=\"canonical\" href=\"http:\/\/escort-technology.com\/pl\/de\/zyrokompas-gc80-85\/\" \/>\n<meta property=\"og:locale\" content=\"pl_PL\" \/>\n<meta property=\"og:type\" content=\"article\" \/>\n<meta property=\"og:title\" content=\"\u017byrokompas GC80\/85 - ESCORT TECHNOLOGY\" \/>\n<meta property=\"og:description\" content=\"\u017byrokompas GC80\/85 Nowe \u017cyrokompasy firmy Simrad GC80 i GC85 s\u0105 w pe\u0142ni zgodne z wymogami IMO i przeznaczone s\u0105 na standardowe i bardzo szybkie (GC85) statki. Zastosowanie najnowszej technologii eliminuje konieczno\u015b\u0107 rocznych przegl\u0105d\u00f3w i zapewnia mo\u017cliwie najwi\u0119ksz\u0105 dok\u0142adno\u015b\u0107 i stabilno\u015b\u0107 wskaza\u0144. \u017byroskopy Simrad GC80\/85 s\u0105 idealnym rozwi\u0105zaniem dla zaawansowanego systemu DP potrzebnego w bran\u017cy offshore. [&hellip;]\" \/>\n<meta property=\"og:url\" content=\"http:\/\/escort-technology.com\/pl\/de\/zyrokompas-gc80-85\/\" \/>\n<meta property=\"og:site_name\" content=\"ESCORT TECHNOLOGY\" \/>\n<meta property=\"article:publisher\" content=\"https:\/\/www.facebook.com\/elektronika.morska\/\" \/>\n<meta property=\"article:modified_time\" content=\"2018-03-20T14:35:27+00:00\" \/>\n<meta name=\"twitter:card\" content=\"summary_large_image\" \/>\n<meta name=\"twitter:label1\" content=\"Szacowany czas czytania\" \/>\n\t<meta name=\"twitter:data1\" content=\"1 minuta\" \/>\n<script type=\"application\/ld+json\" class=\"yoast-schema-graph\">{\"@context\":\"https:\\\/\\\/schema.org\",\"@graph\":[{\"@type\":\"WebPage\",\"@id\":\"http:\\\/\\\/escort-technology.com\\\/de\\\/zyrokompas-gc80-85\\\/\",\"url\":\"http:\\\/\\\/escort-technology.com\\\/de\\\/zyrokompas-gc80-85\\\/\",\"name\":\"\u017byrokompas GC80\\\/85 - ESCORT TECHNOLOGY\",\"isPartOf\":{\"@id\":\"http:\\\/\\\/escort-technology.com\\\/de\\\/#website\"},\"datePublished\":\"2018-03-20T13:06:28+00:00\",\"dateModified\":\"2018-03-20T14:35:27+00:00\",\"breadcrumb\":{\"@id\":\"http:\\\/\\\/escort-technology.com\\\/de\\\/zyrokompas-gc80-85\\\/#breadcrumb\"},\"inLanguage\":\"pl-PL\",\"potentialAction\":[{\"@type\":\"ReadAction\",\"target\":[\"http:\\\/\\\/escort-technology.com\\\/de\\\/zyrokompas-gc80-85\\\/\"]}]},{\"@type\":\"BreadcrumbList\",\"@id\":\"http:\\\/\\\/escort-technology.com\\\/de\\\/zyrokompas-gc80-85\\\/#breadcrumb\",\"itemListElement\":[{\"@type\":\"ListItem\",\"position\":1,\"name\":\"Strona g\u0142\u00f3wna\",\"item\":\"https:\\\/\\\/escort-technology.com\\\/\"},{\"@type\":\"ListItem\",\"position\":2,\"name\":\"\u017byrokompas GC80\\\/85\"}]},{\"@type\":\"WebSite\",\"@id\":\"http:\\\/\\\/escort-technology.com\\\/de\\\/#website\",\"url\":\"http:\\\/\\\/escort-technology.com\\\/de\\\/\",\"name\":\"ESCORT TECHNOLOGY\",\"description\":\"Elektronika morska i l\u0105dowa\",\"publisher\":{\"@id\":\"http:\\\/\\\/escort-technology.com\\\/de\\\/#organization\"},\"potentialAction\":[{\"@type\":\"SearchAction\",\"target\":{\"@type\":\"EntryPoint\",\"urlTemplate\":\"http:\\\/\\\/escort-technology.com\\\/de\\\/?s={search_term_string}\"},\"query-input\":{\"@type\":\"PropertyValueSpecification\",\"valueRequired\":true,\"valueName\":\"search_term_string\"}}],\"inLanguage\":\"pl-PL\"},{\"@type\":\"Organization\",\"@id\":\"http:\\\/\\\/escort-technology.com\\\/de\\\/#organization\",\"name\":\"ESCORT TECHNOLOGY\",\"url\":\"http:\\\/\\\/escort-technology.com\\\/de\\\/\",\"logo\":{\"@type\":\"ImageObject\",\"inLanguage\":\"pl-PL\",\"@id\":\"http:\\\/\\\/escort-technology.com\\\/de\\\/#\\\/schema\\\/logo\\\/image\\\/\",\"url\":\"https:\\\/\\\/escort-technology.com\\\/wp-content\\\/uploads\\\/logo-1.jpg\",\"contentUrl\":\"https:\\\/\\\/escort-technology.com\\\/wp-content\\\/uploads\\\/logo-1.jpg\",\"width\":600,\"height\":165,\"caption\":\"ESCORT TECHNOLOGY\"},\"image\":{\"@id\":\"http:\\\/\\\/escort-technology.com\\\/de\\\/#\\\/schema\\\/logo\\\/image\\\/\"},\"sameAs\":[\"https:\\\/\\\/www.facebook.com\\\/elektronika.morska\\\/\",\"https:\\\/\\\/www.linkedin.com\\\/company\\\/escort-sp-z-o-o-\\\/\"]}]}<\/script>\n<!-- \/ Yoast SEO plugin. -->","yoast_head_json":{"title":"\u017byrokompas GC80\/85 - ESCORT TECHNOLOGY","robots":{"index":"index","follow":"follow","max-snippet":"max-snippet:-1","max-image-preview":"max-image-preview:large","max-video-preview":"max-video-preview:-1"},"canonical":"http:\/\/escort-technology.com\/pl\/de\/zyrokompas-gc80-85\/","og_locale":"pl_PL","og_type":"article","og_title":"\u017byrokompas GC80\/85 - ESCORT TECHNOLOGY","og_description":"\u017byrokompas GC80\/85 Nowe \u017cyrokompasy firmy Simrad GC80 i GC85 s\u0105 w pe\u0142ni zgodne z wymogami IMO i przeznaczone s\u0105 na standardowe i bardzo szybkie (GC85) statki. Zastosowanie najnowszej technologii eliminuje konieczno\u015b\u0107 rocznych przegl\u0105d\u00f3w i zapewnia mo\u017cliwie najwi\u0119ksz\u0105 dok\u0142adno\u015b\u0107 i stabilno\u015b\u0107 wskaza\u0144. \u017byroskopy Simrad GC80\/85 s\u0105 idealnym rozwi\u0105zaniem dla zaawansowanego systemu DP potrzebnego w bran\u017cy offshore. [&hellip;]","og_url":"http:\/\/escort-technology.com\/pl\/de\/zyrokompas-gc80-85\/","og_site_name":"ESCORT TECHNOLOGY","article_publisher":"https:\/\/www.facebook.com\/elektronika.morska\/","article_modified_time":"2018-03-20T14:35:27+00:00","twitter_card":"summary_large_image","twitter_misc":{"Szacowany czas czytania":"1 minuta"},"schema":{"@context":"https:\/\/schema.org","@graph":[{"@type":"WebPage","@id":"http:\/\/escort-technology.com\/de\/zyrokompas-gc80-85\/","url":"http:\/\/escort-technology.com\/de\/zyrokompas-gc80-85\/","name":"\u017byrokompas GC80\/85 - ESCORT TECHNOLOGY","isPartOf":{"@id":"http:\/\/escort-technology.com\/de\/#website"},"datePublished":"2018-03-20T13:06:28+00:00","dateModified":"2018-03-20T14:35:27+00:00","breadcrumb":{"@id":"http:\/\/escort-technology.com\/de\/zyrokompas-gc80-85\/#breadcrumb"},"inLanguage":"pl-PL","potentialAction":[{"@type":"ReadAction","target":["http:\/\/escort-technology.com\/de\/zyrokompas-gc80-85\/"]}]},{"@type":"BreadcrumbList","@id":"http:\/\/escort-technology.com\/de\/zyrokompas-gc80-85\/#breadcrumb","itemListElement":[{"@type":"ListItem","position":1,"name":"Strona g\u0142\u00f3wna","item":"https:\/\/escort-technology.com\/"},{"@type":"ListItem","position":2,"name":"\u017byrokompas GC80\/85"}]},{"@type":"WebSite","@id":"http:\/\/escort-technology.com\/de\/#website","url":"http:\/\/escort-technology.com\/de\/","name":"ESCORT TECHNOLOGY","description":"Elektronika morska i l\u0105dowa","publisher":{"@id":"http:\/\/escort-technology.com\/de\/#organization"},"potentialAction":[{"@type":"SearchAction","target":{"@type":"EntryPoint","urlTemplate":"http:\/\/escort-technology.com\/de\/?s={search_term_string}"},"query-input":{"@type":"PropertyValueSpecification","valueRequired":true,"valueName":"search_term_string"}}],"inLanguage":"pl-PL"},{"@type":"Organization","@id":"http:\/\/escort-technology.com\/de\/#organization","name":"ESCORT TECHNOLOGY","url":"http:\/\/escort-technology.com\/de\/","logo":{"@type":"ImageObject","inLanguage":"pl-PL","@id":"http:\/\/escort-technology.com\/de\/#\/schema\/logo\/image\/","url":"https:\/\/escort-technology.com\/wp-content\/uploads\/logo-1.jpg","contentUrl":"https:\/\/escort-technology.com\/wp-content\/uploads\/logo-1.jpg","width":600,"height":165,"caption":"ESCORT TECHNOLOGY"},"image":{"@id":"http:\/\/escort-technology.com\/de\/#\/schema\/logo\/image\/"},"sameAs":["https:\/\/www.facebook.com\/elektronika.morska\/","https:\/\/www.linkedin.com\/company\/escort-sp-z-o-o-\/"]}]}},"_links":{"self":[{"href":"http:\/\/escort-technology.com\/pl\/wp-json\/wp\/v2\/pages\/2597","targetHints":{"allow":["GET"]}}],"collection":[{"href":"http:\/\/escort-technology.com\/pl\/wp-json\/wp\/v2\/pages"}],"about":[{"href":"http:\/\/escort-technology.com\/pl\/wp-json\/wp\/v2\/types\/page"}],"author":[{"embeddable":true,"href":"http:\/\/escort-technology.com\/pl\/wp-json\/wp\/v2\/users\/6"}],"replies":[{"embeddable":true,"href":"http:\/\/escort-technology.com\/pl\/wp-json\/wp\/v2\/comments?post=2597"}],"version-history":[{"count":2,"href":"http:\/\/escort-technology.com\/pl\/wp-json\/wp\/v2\/pages\/2597\/revisions"}],"predecessor-version":[{"id":2636,"href":"http:\/\/escort-technology.com\/pl\/wp-json\/wp\/v2\/pages\/2597\/revisions\/2636"}],"wp:attachment":[{"href":"http:\/\/escort-technology.com\/pl\/wp-json\/wp\/v2\/media?parent=2597"}],"curies":[{"name":"wp","href":"https:\/\/api.w.org\/{rel}","templated":true}]}}