{"id":2654,"date":"2018-03-21T08:37:15","date_gmt":"2018-03-21T08:37:15","guid":{"rendered":"http:\/\/escort-technology.com\/?page_id=2654"},"modified":"2018-03-21T09:06:07","modified_gmt":"2018-03-21T09:06:07","slug":"ecdis-lilley-and-gillie-navmaster","status":"publish","type":"page","link":"http:\/\/escort-technology.com\/pl\/ecdis-lilley-and-gillie-navmaster\/","title":{"rendered":"ECDIS Lilley and Gillie Navmaster"},"content":{"rendered":"<p>ECDIS Lilley and Gillie Navmaster<\/p>\n<p>System drugiej generacji map elektronicznych, zosta\u0142 stworzony przy wsp\u00f3\u0142pracy z u\u017cytkownikami pracuj\u0105cymi na morzu. Dzi\u0119ki czemu zawiera on nie tylko podstawowe informacje niezb\u0119dne w prowadzeniu nawigacji ale r\u00f3wnie\u017c szereg ulepsze\u0144 przydatnych do pracy.<br \/>\nKluczowe zalety:<\/p>\n<p>Automatyczne \u015bledzenie pozycji i zapis\u00f3w punkt\u00f3w drogi<br \/>\nProwadzenie dokumentacji z podr\u00f3\u017cy oraz planowanie tras<br \/>\nSpe\u0142nienie wymog\u00f3w IHO dotycz\u0105cych symboliki i u\u017cytych kolor\u00f3w mapy<br \/>\nKontrola trasy w czasie rzeczywistym<\/p>\n<p>Navmaster ECDIS automatycznie wy\u015bwietla pozycj\u0119 statku przedstawiaj\u0105c mi\u0119dzy innymi informacje o podr\u00f3\u017cy:<\/p>\n<p>ARPA<br \/>\ninformacje z czujnik\u00f3w<br \/>\ninformacje o kursie<br \/>\nostrze\u017cenia i alarmy takie jak bezpieczna g\u0142\u0119boko\u015b\u0107, zej\u015bcie z trasy, punkt krytyczny, status mapy\n<\/p>\n<p><!-- {\"name\":\"\",\"type\":\"layout\",\"children\":[{\"name\":\"ANTENA\",\"type\":\"section\",\"props\":{\"width\":\"default\",\"padding\":\"xsmall\",\"style\":\"default\",\"text_color\":\"\",\"media\":\"\",\"height_viewport\":false,\"header_overlay\":\"light\",\"animation\":\"slide-top-medium\",\"padding_remove_top\":false,\"image_size\":\"cover\",\"image\":\"\",\"image_position\":\"bottom-center\",\"image_fixed\":false,\"class\":\"\",\"overlap\":true,\"vertical_align\":\"middle\",\"title_position\":\"top-left\",\"title_rotation\":\"left\",\"title_breakpoint\":\"xl\"},\"children\":[{\"name\":\"\",\"type\":\"row\",\"props\":{\"layout\":\"1-1\",\"breakpoint\":\"m\",\"margin\":\"\",\"fixed_width\":\"large\"},\"children\":[{\"name\":\"\",\"type\":\"column\",\"props\":{\"image_position\":\"center-center\",\"widths\":[\"1-1\"]},\"children\":[{\"name\":\"\",\"type\":\"headline\",\"props\":{\"title_element\":\"h2\",\"content\":\"ECDIS Lilley and Gillie Navmaster\",\"text_align\":\"center\",\"text_align_fallback\":\"center\",\"maxwidth_align\":\"center\",\"maxwidth\":\"\",\"title_style\":\"h2\",\"title_decoration\":\"\",\"margin\":\"\"}},{\"name\":\"\",\"type\":\"divider\",\"props\":{\"divider_element\":\"hr\"}}]}]},{\"name\":\"\",\"type\":\"row\",\"props\":{\"fixed_width\":\"large\",\"breakpoint\":\"m\",\"layout\":\",2-3\",\"margin\":\"medium\"},\"children\":[{\"name\":\"\",\"type\":\"column\",\"props\":{\"widths\":[\"\"],\"image_position\":\"center-center\"},\"children\":[{\"name\":\"\",\"type\":\"image\",\"props\":{\"margin\":\"default\",\"image\":\"wp-content\\\/uploads\\\/egdis-lg.jpg\",\"image_width\":\"300\",\"image_box_shadow\":\"\",\"image_border\":\"rounded\",\"text_align\":\"center\"}}]},{\"name\":\"\",\"type\":\"column\",\"props\":{\"widths\":[\"2-3\"],\"image_position\":\"center-center\"},\"children\":[{\"name\":\"\",\"type\":\"text\",\"props\":{\"column_breakpoint\":\"m\",\"margin\":\"medium\",\"content\":\"\n\n<p>System drugiej generacji map elektronicznych, zosta\\u0142 stworzony przy wsp\\u00f3\\u0142pracy z u\\u017cytkownikami pracuj\\u0105cymi na morzu. Dzi\\u0119ki czemu zawiera on nie tylko podstawowe informacje niezb\\u0119dne w prowadzeniu nawigacji ale r\\u00f3wnie\\u017c szereg ulepsze\\u0144 przydatnych do pracy.<\\\/p>\\n\n\n<p>Kluczowe zalety:<\\\/p>\\n\n\n<ul>\\n\n\n<li>Automatyczne \\u015bledzenie pozycji i zapis\\u00f3w punkt\\u00f3w drogi<\\\/li>\\n\n\n<li>Prowadzenie dokumentacji z podr\\u00f3\\u017cy oraz planowanie tras<\\\/li>\\n\n\n<li>Spe\\u0142nienie wymog\\u00f3w IHO dotycz\\u0105cych symboliki i u\\u017cytych kolor\\u00f3w mapy<\\\/li>\\n\n\n<li>Kontrola trasy w czasie rzeczywistym<\\\/li>\\n<\\\/ul>\\n\n\n<p>Navmaster ECDIS automatycznie wy\\u015bwietla pozycj\\u0119 statku przedstawiaj\\u0105c mi\\u0119dzy innymi informacje o podr\\u00f3\\u017cy:<\\\/p>\\n\n\n<ul>\\n\n\n<li>ARPA<\\\/li>\\n\n\n<li>informacje z czujnik\\u00f3w<\\\/li>\\n\n\n<li>informacje o kursie<\\\/li>\\n\n\n<li>ostrze\\u017cenia i alarmy takie jak bezpieczna g\\u0142\\u0119boko\\u015b\\u0107, zej\\u015bcie z trasy, punkt krytyczny, status mapy<\\\/li>\\n<\\\/ul>\",\"animation\":\"slide-left-medium\",\"text_align\":\"justify\",\"text_align_breakpoint\":\"m\",\"text_align_fallback\":\"center\",\"text_size\":\"\",\"maxwidth\":\"xlarge\"}}]}]}]}]} --><\/p>\n","protected":false},"excerpt":{"rendered":"<p>ECDIS Lilley and Gillie Navmaster System drugiej generacji map elektronicznych, zosta\u0142 stworzony przy wsp\u00f3\u0142pracy z u\u017cytkownikami pracuj\u0105cymi na morzu. Dzi\u0119ki czemu zawiera on nie tylko podstawowe informacje niezb\u0119dne w prowadzeniu nawigacji ale r\u00f3wnie\u017c szereg ulepsze\u0144 przydatnych do pracy. Kluczowe zalety: Automatyczne \u015bledzenie pozycji i zapis\u00f3w punkt\u00f3w drogi Prowadzenie dokumentacji z podr\u00f3\u017cy oraz planowanie tras Spe\u0142nienie [&hellip;]<\/p>\n","protected":false},"author":6,"featured_media":0,"parent":0,"menu_order":0,"comment_status":"closed","ping_status":"closed","template":"","meta":{"footnotes":""},"class_list":["post-2654","page","type-page","status-publish","hentry"],"yoast_head":"<!-- This site is optimized with the Yoast SEO plugin v27.6 - https:\/\/yoast.com\/product\/yoast-seo-wordpress\/ -->\n<title>ECDIS Lilley and Gillie Navmaster - ESCORT TECHNOLOGY<\/title>\n<meta name=\"robots\" content=\"index, follow, max-snippet:-1, max-image-preview:large, max-video-preview:-1\" \/>\n<link rel=\"canonical\" href=\"http:\/\/escort-technology.com\/pl\/ecdis-lilley-and-gillie-navmaster\/\" \/>\n<meta property=\"og:locale\" content=\"pl_PL\" \/>\n<meta property=\"og:type\" content=\"article\" \/>\n<meta property=\"og:title\" content=\"ECDIS Lilley and Gillie Navmaster - ESCORT TECHNOLOGY\" \/>\n<meta property=\"og:description\" content=\"ECDIS Lilley and Gillie Navmaster System drugiej generacji map elektronicznych, zosta\u0142 stworzony przy wsp\u00f3\u0142pracy z u\u017cytkownikami pracuj\u0105cymi na morzu. Dzi\u0119ki czemu zawiera on nie tylko podstawowe informacje niezb\u0119dne w prowadzeniu nawigacji ale r\u00f3wnie\u017c szereg ulepsze\u0144 przydatnych do pracy. Kluczowe zalety: Automatyczne \u015bledzenie pozycji i zapis\u00f3w punkt\u00f3w drogi Prowadzenie dokumentacji z podr\u00f3\u017cy oraz planowanie tras Spe\u0142nienie [&hellip;]\" \/>\n<meta property=\"og:url\" content=\"http:\/\/escort-technology.com\/pl\/ecdis-lilley-and-gillie-navmaster\/\" \/>\n<meta property=\"og:site_name\" content=\"ESCORT TECHNOLOGY\" \/>\n<meta property=\"article:publisher\" content=\"https:\/\/www.facebook.com\/elektronika.morska\/\" \/>\n<meta property=\"article:modified_time\" content=\"2018-03-21T09:06:07+00:00\" \/>\n<meta name=\"twitter:card\" content=\"summary_large_image\" \/>\n<meta name=\"twitter:label1\" content=\"Szacowany czas czytania\" \/>\n\t<meta name=\"twitter:data1\" content=\"1 minuta\" \/>\n<script type=\"application\/ld+json\" class=\"yoast-schema-graph\">{\"@context\":\"https:\\\/\\\/schema.org\",\"@graph\":[{\"@type\":\"WebPage\",\"@id\":\"http:\\\/\\\/escort-technology.com\\\/en\\\/ecdis-lilley-and-gillie-navmaster\\\/\",\"url\":\"http:\\\/\\\/escort-technology.com\\\/en\\\/ecdis-lilley-and-gillie-navmaster\\\/\",\"name\":\"ECDIS Lilley and Gillie Navmaster - ESCORT TECHNOLOGY\",\"isPartOf\":{\"@id\":\"http:\\\/\\\/escort-technology.com\\\/de\\\/#website\"},\"datePublished\":\"2018-03-21T08:37:15+00:00\",\"dateModified\":\"2018-03-21T09:06:07+00:00\",\"breadcrumb\":{\"@id\":\"http:\\\/\\\/escort-technology.com\\\/en\\\/ecdis-lilley-and-gillie-navmaster\\\/#breadcrumb\"},\"inLanguage\":\"pl-PL\",\"potentialAction\":[{\"@type\":\"ReadAction\",\"target\":[\"http:\\\/\\\/escort-technology.com\\\/en\\\/ecdis-lilley-and-gillie-navmaster\\\/\"]}]},{\"@type\":\"BreadcrumbList\",\"@id\":\"http:\\\/\\\/escort-technology.com\\\/en\\\/ecdis-lilley-and-gillie-navmaster\\\/#breadcrumb\",\"itemListElement\":[{\"@type\":\"ListItem\",\"position\":1,\"name\":\"Strona g\u0142\u00f3wna\",\"item\":\"https:\\\/\\\/escort-technology.com\\\/\"},{\"@type\":\"ListItem\",\"position\":2,\"name\":\"ECDIS Lilley and Gillie Navmaster\"}]},{\"@type\":\"WebSite\",\"@id\":\"http:\\\/\\\/escort-technology.com\\\/de\\\/#website\",\"url\":\"http:\\\/\\\/escort-technology.com\\\/de\\\/\",\"name\":\"ESCORT TECHNOLOGY\",\"description\":\"Elektronika morska i l\u0105dowa\",\"publisher\":{\"@id\":\"http:\\\/\\\/escort-technology.com\\\/de\\\/#organization\"},\"potentialAction\":[{\"@type\":\"SearchAction\",\"target\":{\"@type\":\"EntryPoint\",\"urlTemplate\":\"http:\\\/\\\/escort-technology.com\\\/de\\\/?s={search_term_string}\"},\"query-input\":{\"@type\":\"PropertyValueSpecification\",\"valueRequired\":true,\"valueName\":\"search_term_string\"}}],\"inLanguage\":\"pl-PL\"},{\"@type\":\"Organization\",\"@id\":\"http:\\\/\\\/escort-technology.com\\\/de\\\/#organization\",\"name\":\"ESCORT TECHNOLOGY\",\"url\":\"http:\\\/\\\/escort-technology.com\\\/de\\\/\",\"logo\":{\"@type\":\"ImageObject\",\"inLanguage\":\"pl-PL\",\"@id\":\"http:\\\/\\\/escort-technology.com\\\/de\\\/#\\\/schema\\\/logo\\\/image\\\/\",\"url\":\"https:\\\/\\\/escort-technology.com\\\/wp-content\\\/uploads\\\/logo-1.jpg\",\"contentUrl\":\"https:\\\/\\\/escort-technology.com\\\/wp-content\\\/uploads\\\/logo-1.jpg\",\"width\":600,\"height\":165,\"caption\":\"ESCORT TECHNOLOGY\"},\"image\":{\"@id\":\"http:\\\/\\\/escort-technology.com\\\/de\\\/#\\\/schema\\\/logo\\\/image\\\/\"},\"sameAs\":[\"https:\\\/\\\/www.facebook.com\\\/elektronika.morska\\\/\",\"https:\\\/\\\/www.linkedin.com\\\/company\\\/escort-sp-z-o-o-\\\/\"]}]}<\/script>\n<!-- \/ Yoast SEO plugin. -->","yoast_head_json":{"title":"ECDIS Lilley and Gillie Navmaster - ESCORT TECHNOLOGY","robots":{"index":"index","follow":"follow","max-snippet":"max-snippet:-1","max-image-preview":"max-image-preview:large","max-video-preview":"max-video-preview:-1"},"canonical":"http:\/\/escort-technology.com\/pl\/ecdis-lilley-and-gillie-navmaster\/","og_locale":"pl_PL","og_type":"article","og_title":"ECDIS Lilley and Gillie Navmaster - ESCORT TECHNOLOGY","og_description":"ECDIS Lilley and Gillie Navmaster System drugiej generacji map elektronicznych, zosta\u0142 stworzony przy wsp\u00f3\u0142pracy z u\u017cytkownikami pracuj\u0105cymi na morzu. Dzi\u0119ki czemu zawiera on nie tylko podstawowe informacje niezb\u0119dne w prowadzeniu nawigacji ale r\u00f3wnie\u017c szereg ulepsze\u0144 przydatnych do pracy. Kluczowe zalety: Automatyczne \u015bledzenie pozycji i zapis\u00f3w punkt\u00f3w drogi Prowadzenie dokumentacji z podr\u00f3\u017cy oraz planowanie tras Spe\u0142nienie [&hellip;]","og_url":"http:\/\/escort-technology.com\/pl\/ecdis-lilley-and-gillie-navmaster\/","og_site_name":"ESCORT TECHNOLOGY","article_publisher":"https:\/\/www.facebook.com\/elektronika.morska\/","article_modified_time":"2018-03-21T09:06:07+00:00","twitter_card":"summary_large_image","twitter_misc":{"Szacowany czas czytania":"1 minuta"},"schema":{"@context":"https:\/\/schema.org","@graph":[{"@type":"WebPage","@id":"http:\/\/escort-technology.com\/en\/ecdis-lilley-and-gillie-navmaster\/","url":"http:\/\/escort-technology.com\/en\/ecdis-lilley-and-gillie-navmaster\/","name":"ECDIS Lilley and Gillie Navmaster - ESCORT TECHNOLOGY","isPartOf":{"@id":"http:\/\/escort-technology.com\/de\/#website"},"datePublished":"2018-03-21T08:37:15+00:00","dateModified":"2018-03-21T09:06:07+00:00","breadcrumb":{"@id":"http:\/\/escort-technology.com\/en\/ecdis-lilley-and-gillie-navmaster\/#breadcrumb"},"inLanguage":"pl-PL","potentialAction":[{"@type":"ReadAction","target":["http:\/\/escort-technology.com\/en\/ecdis-lilley-and-gillie-navmaster\/"]}]},{"@type":"BreadcrumbList","@id":"http:\/\/escort-technology.com\/en\/ecdis-lilley-and-gillie-navmaster\/#breadcrumb","itemListElement":[{"@type":"ListItem","position":1,"name":"Strona g\u0142\u00f3wna","item":"https:\/\/escort-technology.com\/"},{"@type":"ListItem","position":2,"name":"ECDIS Lilley and Gillie Navmaster"}]},{"@type":"WebSite","@id":"http:\/\/escort-technology.com\/de\/#website","url":"http:\/\/escort-technology.com\/de\/","name":"ESCORT TECHNOLOGY","description":"Elektronika morska i l\u0105dowa","publisher":{"@id":"http:\/\/escort-technology.com\/de\/#organization"},"potentialAction":[{"@type":"SearchAction","target":{"@type":"EntryPoint","urlTemplate":"http:\/\/escort-technology.com\/de\/?s={search_term_string}"},"query-input":{"@type":"PropertyValueSpecification","valueRequired":true,"valueName":"search_term_string"}}],"inLanguage":"pl-PL"},{"@type":"Organization","@id":"http:\/\/escort-technology.com\/de\/#organization","name":"ESCORT TECHNOLOGY","url":"http:\/\/escort-technology.com\/de\/","logo":{"@type":"ImageObject","inLanguage":"pl-PL","@id":"http:\/\/escort-technology.com\/de\/#\/schema\/logo\/image\/","url":"https:\/\/escort-technology.com\/wp-content\/uploads\/logo-1.jpg","contentUrl":"https:\/\/escort-technology.com\/wp-content\/uploads\/logo-1.jpg","width":600,"height":165,"caption":"ESCORT TECHNOLOGY"},"image":{"@id":"http:\/\/escort-technology.com\/de\/#\/schema\/logo\/image\/"},"sameAs":["https:\/\/www.facebook.com\/elektronika.morska\/","https:\/\/www.linkedin.com\/company\/escort-sp-z-o-o-\/"]}]}},"_links":{"self":[{"href":"http:\/\/escort-technology.com\/pl\/wp-json\/wp\/v2\/pages\/2654","targetHints":{"allow":["GET"]}}],"collection":[{"href":"http:\/\/escort-technology.com\/pl\/wp-json\/wp\/v2\/pages"}],"about":[{"href":"http:\/\/escort-technology.com\/pl\/wp-json\/wp\/v2\/types\/page"}],"author":[{"embeddable":true,"href":"http:\/\/escort-technology.com\/pl\/wp-json\/wp\/v2\/users\/6"}],"replies":[{"embeddable":true,"href":"http:\/\/escort-technology.com\/pl\/wp-json\/wp\/v2\/comments?post=2654"}],"version-history":[{"count":2,"href":"http:\/\/escort-technology.com\/pl\/wp-json\/wp\/v2\/pages\/2654\/revisions"}],"predecessor-version":[{"id":2675,"href":"http:\/\/escort-technology.com\/pl\/wp-json\/wp\/v2\/pages\/2654\/revisions\/2675"}],"wp:attachment":[{"href":"http:\/\/escort-technology.com\/pl\/wp-json\/wp\/v2\/media?parent=2654"}],"curies":[{"name":"wp","href":"https:\/\/api.w.org\/{rel}","templated":true}]}}