{"id":3267,"date":"2018-05-08T08:51:20","date_gmt":"2018-05-08T08:51:20","guid":{"rendered":"http:\/\/escort-technology.com\/?page_id=3267"},"modified":"2018-05-08T08:55:24","modified_gmt":"2018-05-08T08:55:24","slug":"jaka-antene-vhf-wybrac","status":"publish","type":"page","link":"http:\/\/escort-technology.com\/pl\/jaka-antene-vhf-wybrac\/","title":{"rendered":"Jak\u0105 anten\u0119 VHF wybra\u0107?"},"content":{"rendered":"<p>Jak\u0105 anten\u0119 VHF wybra\u0107?<\/p>\n<p>PRZEWODNIK<br \/>\nWyb\u00f3r odpowiedniej anteny VHF do radiotelefonu stacjonarnego.<br \/>\nNawet najlepsze morskie radiotelefony nie zapewni\u0105 100% swoich mo\u017cliwo\u015bci, gdy zostan\u0105 pod\u0142\u0105czone do z\u0142ej anteny. Tak jak w motoryzacji opona jest jedynym punktem kontaktu samochodu z pod\u0142o\u017cem, zapewniaj\u0105cym odpowiedni\u0105 kontrol\u0119 i przyczepno\u015b\u0107 podczas wy\u015bcigu.\u00a0 Dla radiotelefonu jedynym punktem kontaktu ze \u015bwiatem jest antena. Gdy podczas wy\u015bcigu opony s\u0105 s\u0142abej jako\u015bci, samoch\u00f3d nie osi\u0105gnie dobrych wynik\u00f3w, podobnie jak radiotelefon, wymaga odpowiednio dobranej anteny zapewniaj\u0105c wysoki poziom rozmowy za po\u015brednictwem fal radiowych.<br \/>\nAntena powinna by\u0107 zaprojektowana w spos\u00f3b umo\u017cliwiaj\u0105cy odbi\u00f3r fal z wszystkich kierunk\u00f3w. Niskiej jako\u015bci anteny nie zapewniaj\u0105 dobrego dopasowania z istniej\u0105c\u0105 instalacj\u0105 na statku.<br \/>\nPoni\u017cej przedstawiamy parametry anteny, kt\u00f3re nale\u017cy wzi\u0105\u0107 pod uwag\u0119 przed zakupem anteny morskiej.<br \/>\nZasi\u0119g<br \/>\nIm antena znajduje si\u0119 wy\u017cej wody, tym wi\u0119kszy zasi\u0119g jest mo\u017cliwy do osi\u0105gni\u0119cia. W wi\u0119kszo\u015bci przypadk\u00f3w fale VHF, przemieszczaj\u0105 si\u0119 w prostej linii, dlatego monta\u017c anteny musi odby\u0107 si\u0119 w miejscu nie os\u0142oni\u0119tym. Nale\u017cy pami\u0119ta\u0107 r\u00f3wnie\u017c, \u017ce ze wzgl\u0119du na budow\u0119 planety, oddalaj\u0105ce si\u0119 od siebie anteny, mog\u0105 znale\u017a\u0107 si\u0119 po za horyzontem i straci\u0107 mo\u017cliwo\u015b\u0107 komunikacji. W wi\u0119kszo\u015bci przypadk\u00f3w fale VHF umo\u017cliwiaj\u0105 wykonywanie \u0142\u0105czno\u015bci na odleg\u0142o\u015b\u0107 35-50 Mil Morskich w zale\u017cno\u015bci od umieszczenia anteny. Du\u017c\u0105 zalet\u0105 jest posiadanie \u0142odzi \u017caglowej, kt\u00f3ra ma mo\u017cliwo\u015b\u0107 zamontowania anteny na samym szczycie w celu uzyskania dalekiego zasi\u0119gu.<br \/>\nWzmocnienie<br \/>\nJe\u015bli chodzi o anteny \u2013 rozmiar ma znaczenie, Im d\u0142u\u017csza antena tym wi\u0119ksze wzmocnienie. Wzmocnienie anteny wp\u0142ywa na zwi\u0119kszenie mocy sygna\u0142u, osi\u0105gni\u0119tego przez manipulacj\u0119 nadajnika (lub odbiornika) sygna\u0142u. Na przyk\u0142ad antena telewizyjna na dachu jest skierowana w jednym kierunku i mo\u017cna powiedzie\u0107, \u017ce posiada du\u017ce wzmocnienie, ale tylko w tym jednym kierunku. Zmiana ustawienia anteny powoduje utrat\u0119 jako\u015bci obrazu. W zastosowaniu na morzu, u\u017cycie tego typu anteny czyli jednokierunkowej, nie ma racji bytu. Poniewa\u017c odbi\u00f3r sygna\u0142u odbywa si\u0119 ze wszystkich kierunk\u00f3w.\u00a0<br \/>\nMorska antena ze wzmocnieniem koncentruje sygna\u0142. Og\u00f3lnie m\u00f3wi\u0105c im wy\u017csze wzmocnienie anteny, tym ni\u017cej linii horyzontu rozchodzi si\u0119 sygna\u0142. Jednak nie zawsze\u00a0 wp\u0142ynie to na polepszenie zasi\u0119gu. Podczas ko\u0142ysania statku, fale radiowe r\u00f3wnie\u017c\u00a0 im ulegaj\u0105. Dlatego przy monta\u017cu anteny na najwy\u017cszym punkcie jednostki, najbardziej podatnym, na wyst\u0105pienie ko\u0142ysania, nast\u0105pi\u0105 straty w sygna\u0142ach. Nale\u017cy wybra\u0107 anten\u0119 o wzmocnieniu nie wi\u0119kszym ni\u017c 0dBd do monta\u017cu na maszcie lub 3 dBd do monta\u017cu w innym miejscu. To powoduje kolejny problem z antenami s\u0142abej jako\u015bci, poniewa\u017c zadeklarowane warto\u015bci nie zawsze s\u0105 realnie spe\u0142nione. Podczas por\u00f3wnywania anten, nale\u017cy r\u00f3wnie\u017c zwr\u00f3ci\u0107 uwag\u0119\u00a0 na r\u00f3\u017cne sposoby oznaczania przez producent\u00f3w wzmocnienia. &#8222;dB&#8221;, &#8222;dBi&#8221;, &#8222;dBd&#8221; i &#8222;dB morskie&#8221; Do pomiaru wzmocnienia u\u017cywamy dBd i DBi( wzmocnienie anteny teoretycznej). Do por\u00f3wnania mo\u017cna u\u017cy\u0107 poni\u017cszej formu\u0142y:<br \/>\nWzmocnienie dBi = wzmocnienie dBd + 2.1<br \/>\n&#8211; co daje dla wzmocnienia anteny 0dBd\u00a0 0 + 2.1 = 2.1dBi.<br \/>\nPoniewa\u017c anteny pracuj\u0105 w zale\u017cno\u015bci od d\u0142ugo\u015bci fali, mo\u017cemy z regu\u0142y podzieli\u0107 je na 4 typy pod wzgl\u0119dem d\u0142ugo\u015bci:<br \/>\ni) najkr\u00f3tsze anteny : do\u00a0 50cm = -3dBd ii) antena 1\/2-fali (dipole) : ok. 1metra = 0dBd iii) wzmocnienie wsp\u00f3\u0142liniowe : ok. 2.5metr\u00f3w = 3dBd iv) wysokie wzmocnienie wsp\u00f3\u0142liniowe: ok. 5metr\u00f3w+ = 5-6dBd<br \/>\nWyb\u00f3r anteny mo\u017cna wykona\u0107 w nast\u0119puj\u0105cy spos\u00f3b. Por\u00f3wnuj\u0105c dwie anteny jedn\u0105 o warto\u015bci wzmocnienia 3dB o d\u0142ugo\u015bci 1 metra oraz drugiej anteny ze wzmocnieniem 0dBd, o tej samej d\u0142ugo\u015bci. Analizuj\u0105c powy\u017csze zestawienie, obie anteny maj\u0105 podobne wzmocnienie, czyli 0dBd. W tym wypadku nale\u017ca\u0142o by wybra\u0107 anten\u0119 0dBd. ( warto\u015b\u0107 realna).<br \/>\nMonta\u017c<br \/>\nSpos\u00f3b monta\u017cu anteny zale\u017cy w g\u0142\u00f3wnej mierze od cech jednostki. Wyst\u0119puj\u0105 trzy najpopularniejsze metody monta\u017cu:<br \/>\n&#8211; Monta\u017c na relingu<br \/>\n&#8211; Monta\u017c na maszcie: dla \u0142odzi \u017caglowych<br \/>\n&#8211; Monta\u017c na powierzchni p\u0142askiej:\u00a0<br \/>\nWyb\u00f3r miejsca monta\u017cu<br \/>\nNale\u017cy post\u0119powa\u0107 zgodnie z poni\u017csz\u0105 instrukcj\u0105:<br \/>\n\u2022 Monta\u017c anteny najwy\u017cej jak to mo\u017cliwe w celu uzyskania lepszego zasi\u0119gu.  \u2022 Monta\u017c anteny z dala od metalowych urz\u0105dze\u0144.  \u2022 Monta\u017c anteny z dala od innych anten. \u2022 Monta\u017c anteny minimum 1 metr od radiotelefonu.<br \/>\nInne parametry<br \/>\n\u2022 Nale\u017cy u\u017cy\u0107 najwy\u017cszej jako\u015bci kable i wtyki:\u00a0Przez u\u017cycie s\u0142abej jako\u015bci kabli i wtyk\u00f3w, mo\u017ce nast\u0105pi\u0107 du\u017ca strata sygna\u0142u. Kable o d\u0142ugo\u015bci 3 do 6 metr\u00f3w nie wp\u0142ywaj\u0105 znacznie na wyst\u0105pienie strat. Jednak na statkach \u017caglowych przy u\u017cyciu ponad 30 m kabla starty mog\u0105 si\u0119gn\u0105\u0107 80%. Kabel RG58 jest odpowiedni do kr\u00f3tkich maksymalnie 15 metrowych instalacji. Do d\u0142u\u017cszych nale\u017cy u\u017cy\u0107 kabla RG213.<br \/>\n\u2022 Anteny po\u0142\u0105czone:\u00a0 Je\u015bli to mo\u017cliwe, najlepsze rezultaty s\u0105 osi\u0105gane dla pojedynczych anten. Mo\u017cliwy jest zakup anten VHF z opcj\u0105 odbioru AM\/FM. Jednak jako\u015b\u0107 takiej anteny nie b\u0119dzie zadowalaj\u0105ca.<br \/>\nZapraszamy do zapoznania si\u0119 z nasz\u0105 ofert\u0105 anten firmy AC MARINE.\u00a0<\/p>\n<p><!-- {\"name\":\"\",\"type\":\"layout\",\"children\":[{\"name\":\"produkt\",\"type\":\"section\",\"props\":{\"width\":\"default\",\"padding\":\"xsmall\",\"style\":\"default\",\"text_color\":\"\",\"media\":\"\",\"height_viewport\":false,\"header_overlay\":\"light\",\"animation\":\"slide-top-medium\",\"padding_remove_top\":false,\"image_size\":\"cover\",\"image\":\"\",\"image_position\":\"bottom-center\",\"image_fixed\":false,\"class\":\"\",\"overlap\":true,\"vertical_align\":\"middle\",\"title_position\":\"top-left\",\"title_rotation\":\"left\",\"title_breakpoint\":\"xl\"},\"children\":[{\"name\":\"\",\"type\":\"row\",\"props\":{\"layout\":\"1-1\",\"breakpoint\":\"m\",\"margin\":\"\",\"fixed_width\":\"large\"},\"children\":[{\"name\":\"\",\"type\":\"column\",\"props\":{\"image_position\":\"center-center\",\"widths\":[\"1-1\"]},\"children\":[{\"name\":\"\",\"type\":\"headline\",\"props\":{\"title_element\":\"h2\",\"content\":\"Jak\\u0105 anten\\u0119 VHF wybra\\u0107?\",\"text_align\":\"center\",\"text_align_fallback\":\"center\",\"maxwidth_align\":\"center\",\"maxwidth\":\"\",\"title_style\":\"h2\",\"title_decoration\":\"\",\"margin\":\"\"}},{\"name\":\"\",\"type\":\"divider\",\"props\":{\"divider_element\":\"hr\"}},{\"name\":\"\",\"type\":\"image\",\"props\":{\"margin\":\"default\",\"image\":\"wp-content\\\/uploads\\\/pobrane_1.jpg\",\"text_align\":\"center\"}},{\"name\":\"\",\"type\":\"text\",\"props\":{\"margin\":\"default\",\"column_breakpoint\":\"m\",\"content\":\"\n\n<p style=\\\"text-align: center;\\\"><strong>PRZEWODNIK<\\\/strong><\\\/p>\\n\n\n<p><strong>Wyb\\u00f3r odpowiedniej anteny VHF do radiotelefonu stacjonarnego.<\\\/strong><\\\/p>\\n\n\n<p>Nawet najlepsze morskie radiotelefony nie zapewni\\u0105 100% swoich mo\\u017cliwo\\u015bci, gdy zostan\\u0105 pod\\u0142\\u0105czone do z\\u0142ej anteny. Tak jak w motoryzacji opona jest jedynym punktem kontaktu samochodu z pod\\u0142o\\u017cem, zapewniaj\\u0105cym odpowiedni\\u0105 kontrol\\u0119 i przyczepno\\u015b\\u0107 podczas wy\\u015bcigu.\\u00a0 Dla radiotelefonu jedynym punktem kontaktu ze \\u015bwiatem jest antena. Gdy podczas wy\\u015bcigu opony s\\u0105 s\\u0142abej jako\\u015bci, samoch\\u00f3d nie osi\\u0105gnie dobrych wynik\\u00f3w, podobnie jak radiotelefon, wymaga odpowiednio dobranej anteny zapewniaj\\u0105c wysoki poziom rozmowy za po\\u015brednictwem fal radiowych.<\\\/p>\\n\n\n<p>Antena powinna by\\u0107 zaprojektowana w spos\\u00f3b umo\\u017cliwiaj\\u0105cy odbi\\u00f3r fal z wszystkich kierunk\\u00f3w. Niskiej jako\\u015bci anteny nie zapewniaj\\u0105 dobrego dopasowania z istniej\\u0105c\\u0105 instalacj\\u0105 na statku.<\\\/p>\\n\n\n<p>Poni\\u017cej przedstawiamy parametry anteny, kt\\u00f3re nale\\u017cy wzi\\u0105\\u0107 pod uwag\\u0119 przed zakupem anteny morskiej.<\\\/p>\\n\n\n<p><strong>Zasi\\u0119g<\\\/strong><\\\/p>\\n\n\n<p>Im antena znajduje si\\u0119 wy\\u017cej wody, tym wi\\u0119kszy zasi\\u0119g jest mo\\u017cliwy do osi\\u0105gni\\u0119cia. W wi\\u0119kszo\\u015bci przypadk\\u00f3w fale VHF, przemieszczaj\\u0105 si\\u0119 w prostej linii, dlatego monta\\u017c anteny musi odby\\u0107 si\\u0119 w miejscu nie os\\u0142oni\\u0119tym. Nale\\u017cy pami\\u0119ta\\u0107 r\\u00f3wnie\\u017c, \\u017ce ze wzgl\\u0119du na budow\\u0119 planety, oddalaj\\u0105ce si\\u0119 od siebie anteny, mog\\u0105 znale\\u017a\\u0107 si\\u0119 po za horyzontem i straci\\u0107 mo\\u017cliwo\\u015b\\u0107 komunikacji. W wi\\u0119kszo\\u015bci przypadk\\u00f3w fale VHF umo\\u017cliwiaj\\u0105 wykonywanie \\u0142\\u0105czno\\u015bci na odleg\\u0142o\\u015b\\u0107 35-50 Mil Morskich w zale\\u017cno\\u015bci od umieszczenia anteny. Du\\u017c\\u0105 zalet\\u0105 jest posiadanie \\u0142odzi \\u017caglowej, kt\\u00f3ra ma mo\\u017cliwo\\u015b\\u0107 zamontowania anteny na samym szczycie w celu uzyskania dalekiego zasi\\u0119gu.<\\\/p>\\n\n\n<p><strong>Wzmocnienie<\\\/strong><\\\/p>\\n\n\n<p>Je\\u015bli chodzi o anteny \\u2013 rozmiar ma znaczenie, Im d\\u0142u\\u017csza antena tym wi\\u0119ksze wzmocnienie. Wzmocnienie anteny wp\\u0142ywa na zwi\\u0119kszenie mocy sygna\\u0142u, osi\\u0105gni\\u0119tego przez manipulacj\\u0119 nadajnika (lub odbiornika) sygna\\u0142u. Na przyk\\u0142ad antena telewizyjna na dachu jest skierowana w jednym kierunku i mo\\u017cna powiedzie\\u0107, \\u017ce posiada du\\u017ce wzmocnienie, ale tylko w tym jednym kierunku. Zmiana ustawienia anteny powoduje utrat\\u0119 jako\\u015bci obrazu. W zastosowaniu na morzu, u\\u017cycie tego typu anteny czyli jednokierunkowej, nie ma racji bytu. Poniewa\\u017c odbi\\u00f3r sygna\\u0142u odbywa si\\u0119 ze wszystkich kierunk\\u00f3w.\\u00a0<\\\/p>\\n\n\n<p>Morska antena ze wzmocnieniem koncentruje sygna\\u0142. Og\\u00f3lnie m\\u00f3wi\\u0105c im wy\\u017csze wzmocnienie anteny, tym ni\\u017cej linii horyzontu rozchodzi si\\u0119 sygna\\u0142. Jednak nie zawsze\\u00a0 wp\\u0142ynie to na polepszenie zasi\\u0119gu. Podczas ko\\u0142ysania statku, fale radiowe r\\u00f3wnie\\u017c\\u00a0 im ulegaj\\u0105. Dlatego przy monta\\u017cu anteny na najwy\\u017cszym punkcie jednostki, najbardziej podatnym, na wyst\\u0105pienie ko\\u0142ysania, nast\\u0105pi\\u0105 straty w sygna\\u0142ach. Nale\\u017cy wybra\\u0107 anten\\u0119 o wzmocnieniu nie wi\\u0119kszym ni\\u017c 0dBd do monta\\u017cu na maszcie lub 3 dBd do monta\\u017cu w innym miejscu. To powoduje kolejny problem z antenami s\\u0142abej jako\\u015bci, poniewa\\u017c zadeklarowane warto\\u015bci nie zawsze s\\u0105 realnie spe\\u0142nione. Podczas por\\u00f3wnywania anten, nale\\u017cy r\\u00f3wnie\\u017c zwr\\u00f3ci\\u0107 uwag\\u0119\\u00a0 na r\\u00f3\\u017cne sposoby oznaczania przez producent\\u00f3w wzmocnienia. \\\"dB\\\", \\\"dBi\\\", \\\"dBd\\\" i \\\"dB morskie\\\" Do pomiaru wzmocnienia u\\u017cywamy dBd i DBi( wzmocnienie anteny teoretycznej). Do por\\u00f3wnania mo\\u017cna u\\u017cy\\u0107 poni\\u017cszej formu\\u0142y:<\\\/p>\\n\n\n<p>Wzmocnienie dBi = wzmocnienie dBd + 2.1<\\\/p>\\n\n\n<p>- co daje dla wzmocnienia anteny 0dBd\\u00a0 0 + 2.1 = 2.1dBi.<\\\/p>\\n\n\n<p>Poniewa\\u017c anteny pracuj\\u0105 w zale\\u017cno\\u015bci od d\\u0142ugo\\u015bci fali, mo\\u017cemy z regu\\u0142y podzieli\\u0107 je na 4 typy pod wzgl\\u0119dem d\\u0142ugo\\u015bci:<\\\/p>\\n\n\n<p>i) najkr\\u00f3tsze anteny : do\\u00a0 50cm = -3dBd<br \\\/> ii) antena 1\\\/2-fali (dipole) : ok. 1metra = 0dBd<br \\\/> iii) wzmocnienie wsp\\u00f3\\u0142liniowe : ok. 2.5metr\\u00f3w = 3dBd<br \\\/> iv) wysokie wzmocnienie wsp\\u00f3\\u0142liniowe: ok. 5metr\\u00f3w+ = 5-6dBd<\\\/p>\\n\n\n<p>Wyb\\u00f3r anteny mo\\u017cna wykona\\u0107 w nast\\u0119puj\\u0105cy spos\\u00f3b. Por\\u00f3wnuj\\u0105c dwie anteny jedn\\u0105 o warto\\u015bci wzmocnienia 3dB o d\\u0142ugo\\u015bci 1 metra oraz drugiej anteny ze wzmocnieniem 0dBd, o tej samej d\\u0142ugo\\u015bci. Analizuj\\u0105c powy\\u017csze zestawienie, obie anteny maj\\u0105 podobne wzmocnienie, czyli 0dBd. W tym wypadku nale\\u017ca\\u0142o by wybra\\u0107 anten\\u0119 0dBd. ( warto\\u015b\\u0107 realna).<\\\/p>\\n\n\n<p><strong>Monta\\u017c<\\\/strong><\\\/p>\\n\n\n<p>Spos\\u00f3b monta\\u017cu anteny zale\\u017cy w g\\u0142\\u00f3wnej mierze od cech jednostki. Wyst\\u0119puj\\u0105 trzy najpopularniejsze metody monta\\u017cu:<\\\/p>\\n\n\n<p>- Monta\\u017c na relingu<\\\/p>\\n\n\n<p>- Monta\\u017c na maszcie: dla \\u0142odzi \\u017caglowych<\\\/p>\\n\n\n<p>- Monta\\u017c na powierzchni p\\u0142askiej:\\u00a0<\\\/p>\\n\n\n<p><strong>Wyb\\u00f3r miejsca monta\\u017cu<\\\/strong><\\\/p>\\n\n\n<p>Nale\\u017cy post\\u0119powa\\u0107 zgodnie z poni\\u017csz\\u0105 instrukcj\\u0105:<\\\/p>\\n\n\n<p>\\u2022 Monta\\u017c anteny najwy\\u017cej jak to mo\\u017cliwe w celu uzyskania lepszego zasi\\u0119gu. <br \\\/> \\u2022 Monta\\u017c anteny z dala od metalowych urz\\u0105dze\\u0144. <br \\\/> \\u2022 Monta\\u017c anteny z dala od innych anten.<br \\\/> \\u2022 Monta\\u017c anteny minimum 1 metr od radiotelefonu.<\\\/p>\\n\n\n<p><strong>Inne parametry <\\\/strong><\\\/p>\\n\n\n<p>\\u2022 <strong>Nale\\u017cy u\\u017cy\\u0107 najwy\\u017cszej jako\\u015bci kable i wtyki:\\u00a0<\\\/strong>Przez u\\u017cycie s\\u0142abej jako\\u015bci kabli i wtyk\\u00f3w, mo\\u017ce nast\\u0105pi\\u0107 du\\u017ca strata sygna\\u0142u. Kable o d\\u0142ugo\\u015bci 3 do 6 metr\\u00f3w nie wp\\u0142ywaj\\u0105 znacznie na wyst\\u0105pienie strat. Jednak na statkach \\u017caglowych przy u\\u017cyciu ponad 30 m kabla starty mog\\u0105 si\\u0119gn\\u0105\\u0107 80%. Kabel RG58 jest odpowiedni do kr\\u00f3tkich maksymalnie 15 metrowych instalacji. Do d\\u0142u\\u017cszych nale\\u017cy u\\u017cy\\u0107 kabla RG213.<\\\/p>\\n\n\n<p>\\u2022 <strong>Anteny po\\u0142\\u0105czone:<\\\/strong>\\u00a0 Je\\u015bli to mo\\u017cliwe, najlepsze rezultaty s\\u0105 osi\\u0105gane dla pojedynczych anten. Mo\\u017cliwy jest zakup anten VHF z opcj\\u0105 odbioru AM\\\/FM. Jednak jako\\u015b\\u0107 takiej anteny nie b\\u0119dzie zadowalaj\\u0105ca.<\\\/p>\\n\n\n<p>Zapraszamy do zapoznania si\\u0119 z nasz\\u0105 ofert\\u0105 <a href=\\\"http:\\\/\\\/www.escort.com.pl\\\/index.php\\\/elektronika-jachtowa\\\/127-anteny-i-uchwyty-antenowe\\\">anten firmy AC MARINE<\\\/a>.\\u00a0<\\\/p>\",\"maxwidth\":\"\",\"text_align\":\"justify\"}}]}]}]}]} --><\/p>\n","protected":false},"excerpt":{"rendered":"<p>Jak\u0105 anten\u0119 VHF wybra\u0107? PRZEWODNIK Wyb\u00f3r odpowiedniej anteny VHF do radiotelefonu stacjonarnego. Nawet najlepsze morskie radiotelefony nie zapewni\u0105 100% swoich mo\u017cliwo\u015bci, gdy zostan\u0105 pod\u0142\u0105czone do z\u0142ej anteny. Tak jak w motoryzacji opona jest jedynym punktem kontaktu samochodu z pod\u0142o\u017cem, zapewniaj\u0105cym odpowiedni\u0105 kontrol\u0119 i przyczepno\u015b\u0107 podczas wy\u015bcigu.\u00a0 Dla radiotelefonu jedynym punktem kontaktu ze \u015bwiatem jest antena. [&hellip;]<\/p>\n","protected":false},"author":6,"featured_media":0,"parent":0,"menu_order":0,"comment_status":"closed","ping_status":"closed","template":"","meta":{"footnotes":""},"class_list":["post-3267","page","type-page","status-publish","hentry"],"yoast_head":"<!-- This site is optimized with the Yoast SEO plugin v27.6 - https:\/\/yoast.com\/product\/yoast-seo-wordpress\/ -->\n<title>Jak\u0105 anten\u0119 VHF wybra\u0107? - ESCORT TECHNOLOGY<\/title>\n<meta name=\"robots\" content=\"index, follow, max-snippet:-1, max-image-preview:large, max-video-preview:-1\" \/>\n<link rel=\"canonical\" href=\"https:\/\/escort-technology.com\/pl\/jaka-antene-vhf-wybrac\/\" \/>\n<meta property=\"og:locale\" content=\"pl_PL\" \/>\n<meta property=\"og:type\" content=\"article\" \/>\n<meta property=\"og:title\" content=\"Jak\u0105 anten\u0119 VHF wybra\u0107? - ESCORT TECHNOLOGY\" \/>\n<meta property=\"og:description\" content=\"Jak\u0105 anten\u0119 VHF wybra\u0107? PRZEWODNIK Wyb\u00f3r odpowiedniej anteny VHF do radiotelefonu stacjonarnego. Nawet najlepsze morskie radiotelefony nie zapewni\u0105 100% swoich mo\u017cliwo\u015bci, gdy zostan\u0105 pod\u0142\u0105czone do z\u0142ej anteny. Tak jak w motoryzacji opona jest jedynym punktem kontaktu samochodu z pod\u0142o\u017cem, zapewniaj\u0105cym odpowiedni\u0105 kontrol\u0119 i przyczepno\u015b\u0107 podczas wy\u015bcigu.\u00a0 Dla radiotelefonu jedynym punktem kontaktu ze \u015bwiatem jest antena. [&hellip;]\" \/>\n<meta property=\"og:url\" content=\"https:\/\/escort-technology.com\/pl\/jaka-antene-vhf-wybrac\/\" \/>\n<meta property=\"og:site_name\" content=\"ESCORT TECHNOLOGY\" \/>\n<meta property=\"article:publisher\" content=\"https:\/\/www.facebook.com\/elektronika.morska\/\" \/>\n<meta property=\"article:modified_time\" content=\"2018-05-08T08:55:24+00:00\" \/>\n<meta name=\"twitter:card\" content=\"summary_large_image\" \/>\n<meta name=\"twitter:label1\" content=\"Szacowany czas czytania\" \/>\n\t<meta name=\"twitter:data1\" content=\"4 minuty\" \/>\n<script type=\"application\/ld+json\" class=\"yoast-schema-graph\">{\"@context\":\"https:\\\/\\\/schema.org\",\"@graph\":[{\"@type\":\"WebPage\",\"@id\":\"https:\\\/\\\/escort-technology.com\\\/en\\\/jaka-antene-vhf-wybrac\\\/\",\"url\":\"https:\\\/\\\/escort-technology.com\\\/en\\\/jaka-antene-vhf-wybrac\\\/\",\"name\":\"Jak\u0105 anten\u0119 VHF wybra\u0107? - ESCORT TECHNOLOGY\",\"isPartOf\":{\"@id\":\"http:\\\/\\\/escort-technology.com\\\/de\\\/#website\"},\"datePublished\":\"2018-05-08T08:51:20+00:00\",\"dateModified\":\"2018-05-08T08:55:24+00:00\",\"breadcrumb\":{\"@id\":\"https:\\\/\\\/escort-technology.com\\\/en\\\/jaka-antene-vhf-wybrac\\\/#breadcrumb\"},\"inLanguage\":\"pl-PL\",\"potentialAction\":[{\"@type\":\"ReadAction\",\"target\":[\"https:\\\/\\\/escort-technology.com\\\/en\\\/jaka-antene-vhf-wybrac\\\/\"]}]},{\"@type\":\"BreadcrumbList\",\"@id\":\"https:\\\/\\\/escort-technology.com\\\/en\\\/jaka-antene-vhf-wybrac\\\/#breadcrumb\",\"itemListElement\":[{\"@type\":\"ListItem\",\"position\":1,\"name\":\"Strona g\u0142\u00f3wna\",\"item\":\"https:\\\/\\\/escort-technology.com\\\/\"},{\"@type\":\"ListItem\",\"position\":2,\"name\":\"Jak\u0105 anten\u0119 VHF wybra\u0107?\"}]},{\"@type\":\"WebSite\",\"@id\":\"http:\\\/\\\/escort-technology.com\\\/de\\\/#website\",\"url\":\"http:\\\/\\\/escort-technology.com\\\/de\\\/\",\"name\":\"ESCORT TECHNOLOGY\",\"description\":\"Elektronika morska i l\u0105dowa\",\"publisher\":{\"@id\":\"http:\\\/\\\/escort-technology.com\\\/de\\\/#organization\"},\"potentialAction\":[{\"@type\":\"SearchAction\",\"target\":{\"@type\":\"EntryPoint\",\"urlTemplate\":\"http:\\\/\\\/escort-technology.com\\\/de\\\/?s={search_term_string}\"},\"query-input\":{\"@type\":\"PropertyValueSpecification\",\"valueRequired\":true,\"valueName\":\"search_term_string\"}}],\"inLanguage\":\"pl-PL\"},{\"@type\":\"Organization\",\"@id\":\"http:\\\/\\\/escort-technology.com\\\/de\\\/#organization\",\"name\":\"ESCORT TECHNOLOGY\",\"url\":\"http:\\\/\\\/escort-technology.com\\\/de\\\/\",\"logo\":{\"@type\":\"ImageObject\",\"inLanguage\":\"pl-PL\",\"@id\":\"http:\\\/\\\/escort-technology.com\\\/de\\\/#\\\/schema\\\/logo\\\/image\\\/\",\"url\":\"https:\\\/\\\/escort-technology.com\\\/wp-content\\\/uploads\\\/logo-1.jpg\",\"contentUrl\":\"https:\\\/\\\/escort-technology.com\\\/wp-content\\\/uploads\\\/logo-1.jpg\",\"width\":600,\"height\":165,\"caption\":\"ESCORT TECHNOLOGY\"},\"image\":{\"@id\":\"http:\\\/\\\/escort-technology.com\\\/de\\\/#\\\/schema\\\/logo\\\/image\\\/\"},\"sameAs\":[\"https:\\\/\\\/www.facebook.com\\\/elektronika.morska\\\/\",\"https:\\\/\\\/www.linkedin.com\\\/company\\\/escort-sp-z-o-o-\\\/\"]}]}<\/script>\n<!-- \/ Yoast SEO plugin. -->","yoast_head_json":{"title":"Jak\u0105 anten\u0119 VHF wybra\u0107? - ESCORT TECHNOLOGY","robots":{"index":"index","follow":"follow","max-snippet":"max-snippet:-1","max-image-preview":"max-image-preview:large","max-video-preview":"max-video-preview:-1"},"canonical":"https:\/\/escort-technology.com\/pl\/jaka-antene-vhf-wybrac\/","og_locale":"pl_PL","og_type":"article","og_title":"Jak\u0105 anten\u0119 VHF wybra\u0107? - ESCORT TECHNOLOGY","og_description":"Jak\u0105 anten\u0119 VHF wybra\u0107? PRZEWODNIK Wyb\u00f3r odpowiedniej anteny VHF do radiotelefonu stacjonarnego. Nawet najlepsze morskie radiotelefony nie zapewni\u0105 100% swoich mo\u017cliwo\u015bci, gdy zostan\u0105 pod\u0142\u0105czone do z\u0142ej anteny. Tak jak w motoryzacji opona jest jedynym punktem kontaktu samochodu z pod\u0142o\u017cem, zapewniaj\u0105cym odpowiedni\u0105 kontrol\u0119 i przyczepno\u015b\u0107 podczas wy\u015bcigu.\u00a0 Dla radiotelefonu jedynym punktem kontaktu ze \u015bwiatem jest antena. [&hellip;]","og_url":"https:\/\/escort-technology.com\/pl\/jaka-antene-vhf-wybrac\/","og_site_name":"ESCORT TECHNOLOGY","article_publisher":"https:\/\/www.facebook.com\/elektronika.morska\/","article_modified_time":"2018-05-08T08:55:24+00:00","twitter_card":"summary_large_image","twitter_misc":{"Szacowany czas czytania":"4 minuty"},"schema":{"@context":"https:\/\/schema.org","@graph":[{"@type":"WebPage","@id":"https:\/\/escort-technology.com\/en\/jaka-antene-vhf-wybrac\/","url":"https:\/\/escort-technology.com\/en\/jaka-antene-vhf-wybrac\/","name":"Jak\u0105 anten\u0119 VHF wybra\u0107? - ESCORT TECHNOLOGY","isPartOf":{"@id":"http:\/\/escort-technology.com\/de\/#website"},"datePublished":"2018-05-08T08:51:20+00:00","dateModified":"2018-05-08T08:55:24+00:00","breadcrumb":{"@id":"https:\/\/escort-technology.com\/en\/jaka-antene-vhf-wybrac\/#breadcrumb"},"inLanguage":"pl-PL","potentialAction":[{"@type":"ReadAction","target":["https:\/\/escort-technology.com\/en\/jaka-antene-vhf-wybrac\/"]}]},{"@type":"BreadcrumbList","@id":"https:\/\/escort-technology.com\/en\/jaka-antene-vhf-wybrac\/#breadcrumb","itemListElement":[{"@type":"ListItem","position":1,"name":"Strona g\u0142\u00f3wna","item":"https:\/\/escort-technology.com\/"},{"@type":"ListItem","position":2,"name":"Jak\u0105 anten\u0119 VHF wybra\u0107?"}]},{"@type":"WebSite","@id":"http:\/\/escort-technology.com\/de\/#website","url":"http:\/\/escort-technology.com\/de\/","name":"ESCORT TECHNOLOGY","description":"Elektronika morska i l\u0105dowa","publisher":{"@id":"http:\/\/escort-technology.com\/de\/#organization"},"potentialAction":[{"@type":"SearchAction","target":{"@type":"EntryPoint","urlTemplate":"http:\/\/escort-technology.com\/de\/?s={search_term_string}"},"query-input":{"@type":"PropertyValueSpecification","valueRequired":true,"valueName":"search_term_string"}}],"inLanguage":"pl-PL"},{"@type":"Organization","@id":"http:\/\/escort-technology.com\/de\/#organization","name":"ESCORT TECHNOLOGY","url":"http:\/\/escort-technology.com\/de\/","logo":{"@type":"ImageObject","inLanguage":"pl-PL","@id":"http:\/\/escort-technology.com\/de\/#\/schema\/logo\/image\/","url":"https:\/\/escort-technology.com\/wp-content\/uploads\/logo-1.jpg","contentUrl":"https:\/\/escort-technology.com\/wp-content\/uploads\/logo-1.jpg","width":600,"height":165,"caption":"ESCORT TECHNOLOGY"},"image":{"@id":"http:\/\/escort-technology.com\/de\/#\/schema\/logo\/image\/"},"sameAs":["https:\/\/www.facebook.com\/elektronika.morska\/","https:\/\/www.linkedin.com\/company\/escort-sp-z-o-o-\/"]}]}},"_links":{"self":[{"href":"http:\/\/escort-technology.com\/pl\/wp-json\/wp\/v2\/pages\/3267","targetHints":{"allow":["GET"]}}],"collection":[{"href":"http:\/\/escort-technology.com\/pl\/wp-json\/wp\/v2\/pages"}],"about":[{"href":"http:\/\/escort-technology.com\/pl\/wp-json\/wp\/v2\/types\/page"}],"author":[{"embeddable":true,"href":"http:\/\/escort-technology.com\/pl\/wp-json\/wp\/v2\/users\/6"}],"replies":[{"embeddable":true,"href":"http:\/\/escort-technology.com\/pl\/wp-json\/wp\/v2\/comments?post=3267"}],"version-history":[{"count":3,"href":"http:\/\/escort-technology.com\/pl\/wp-json\/wp\/v2\/pages\/3267\/revisions"}],"predecessor-version":[{"id":3271,"href":"http:\/\/escort-technology.com\/pl\/wp-json\/wp\/v2\/pages\/3267\/revisions\/3271"}],"wp:attachment":[{"href":"http:\/\/escort-technology.com\/pl\/wp-json\/wp\/v2\/media?parent=3267"}],"curies":[{"name":"wp","href":"https:\/\/api.w.org\/{rel}","templated":true}]}}