{"id":3317,"date":"2018-05-08T10:20:10","date_gmt":"2018-05-08T10:20:10","guid":{"rendered":"http:\/\/escort-technology.com\/?page_id=3317"},"modified":"2024-06-03T10:48:16","modified_gmt":"2024-06-03T08:48:16","slug":"anteny-gps-i-gps-vhf-ac-antennas-156-162-5-1575-5mhz","status":"publish","type":"page","link":"http:\/\/escort-technology.com\/pl\/anteny-gps-i-gps-vhf-ac-antennas-156-162-5-1575-5mhz\/","title":{"rendered":"Anteny GPS i GPS\/VHF AC ANTENNAS 156-162.5\/1575.5MHz"},"content":{"rendered":"<h2>Anteny GPS i GPS\/VHF AC ANTENNAS 156-162.5\/1575.5MHz<\/h2>\n<hr>\n<p><img decoding=\"async\" src=\"\/wp-content\/uploads\/anteny_GPS_1.jpg\" alt=\"\"><\/p>\n<p>\n    <a href=\"https:\/\/acantennas.com\/sites\/default\/files\/productsheets\/490003-P.pdf\">GNSS<\/a>\n<\/p>\n<div>\n<p>Antena morska GNSS, obs\u0142uguj\u0105ca 5 system\u00f3w GPS, Galileo, Glonass, BeiDou i Egnos. Antena mo\u017ce by\u0107 zainstalowana bezpo\u015brednio na pok\u0142adzie, lub na uchwycie.\u00a0<\/p>\n<\/div>\n<p><img decoding=\"async\" src=\"\/wp-content\/uploads\/2024\/06\/101-3002.06-Datasheet-p1.jpg\" alt=\"\"><\/p>\n<p>\n    <a href=\"https:\/\/acantennas.com\/sites\/default\/files\/productsheets\/490001-T.pdf\">VHF \/ GPS<\/a>\n<\/p>\n<div>\n<p>Antena morska VHF \/ GPS przeznaczona jest dla cz\u0119stotliwo\u015bci 156-162,5 , 1575,42 MHz i 1602 HMz. Wbudowany GPS \/ GLONASS.\u00a0<\/p>\n<\/div>\n<p><!--more--><br \/>\n<!-- {\"type\":\"layout\",\"children\":[{\"name\":\"produkt\",\"type\":\"section\",\"props\":{\"animation\":\"slide-top-medium\",\"header_overlay\":\"light\",\"height_viewport\":false,\"image_fixed\":false,\"image_position\":\"bottom-center\",\"image_size\":\"cover\",\"overlap\":true,\"padding\":\"xsmall\",\"padding_remove_top\":false,\"style\":\"default\",\"title_breakpoint\":\"xl\",\"title_position\":\"top-left\",\"title_rotation\":\"left\",\"vertical_align\":\"middle\",\"width\":\"large\"},\"children\":[{\"type\":\"row\",\"children\":[{\"type\":\"column\",\"props\":{\"image_position\":\"center-center\",\"position_sticky_breakpoint\":\"m\",\"width_medium\":\"1-1\"},\"children\":[{\"type\":\"headline\",\"props\":{\"block_align\":\"center\",\"content\":\"Anteny GPS i GPS\\\/VHF AC ANTENNAS 156-162.5\\\/1575.5MHz\",\"text_align\":\"center\",\"text_align_fallback\":\"center\",\"title_element\":\"h2\",\"title_style\":\"h2\"}},{\"type\":\"divider\",\"props\":{\"divider_element\":\"hr\"}}]}]},{\"type\":\"row\",\"props\":{\"layout\":\"1-2,1-2\",\"margin\":\"large\"},\"children\":[{\"type\":\"column\",\"props\":{\"image_position\":\"center-center\",\"position_sticky_breakpoint\":\"m\",\"width_medium\":\"1-2\"},\"children\":[{\"type\":\"image\",\"props\":{\"image\":\"wp-content\\\/uploads\\\/anteny_GPS_1.jpg\",\"image_height\":\"300\",\"image_svg_color\":\"emphasis\",\"margin\":\"default\",\"text_align\":\"center\"}},{\"type\":\"button\",\"props\":{\"animation\":\"slide-bottom-medium\",\"button_size\":\"large\",\"grid_column_gap\":\"small\",\"grid_row_gap\":\"small\",\"inline_align\":\"center\",\"margin\":\"\",\"text_align\":\"center\"},\"children\":[{\"type\":\"button_item\",\"props\":{\"button_style\":\"secondary\",\"content\":\"GNSS\",\"icon_align\":\"left\",\"link\":\"https:\\\/\\\/acantennas.com\\\/sites\\\/default\\\/files\\\/productsheets\\\/490003-P.pdf\",\"link_target\":\"blank\",\"link_title\":\"Explore More\"}}]},{\"type\":\"text\",\"props\":{\"animation\":\"slide-left-medium\",\"block_align\":\"center\",\"column_breakpoint\":\"m\",\"content\":\"\n\n<p>Antena morska GNSS, obs\\u0142uguj\\u0105ca 5 system\\u00f3w GPS, Galileo, Glonass, BeiDou i Egnos. Antena mo\\u017ce by\\u0107 zainstalowana bezpo\\u015brednio na pok\\u0142adzie, lub na uchwycie.\\u00a0<\\\/p>\",\"margin\":\"medium\",\"maxwidth\":\"medium\",\"text_align\":\"justify\",\"text_align_breakpoint\":\"m\",\"text_align_fallback\":\"center\",\"text_style\":\"small\"}}]},{\"type\":\"column\",\"props\":{\"image_position\":\"center-center\",\"position_sticky_breakpoint\":\"m\",\"width_medium\":\"1-2\"},\"children\":[{\"type\":\"image\",\"props\":{\"image\":\"wp-content\\\/uploads\\\/2024\\\/06\\\/101-3002.06-Datasheet-p1.jpg\",\"image_height\":\"300\",\"image_svg_color\":\"emphasis\",\"margin\":\"default\",\"text_align\":\"center\"}},{\"type\":\"button\",\"props\":{\"animation\":\"slide-bottom-medium\",\"button_size\":\"large\",\"grid_column_gap\":\"small\",\"grid_row_gap\":\"small\",\"inline_align\":\"center\",\"margin\":\"\",\"text_align\":\"center\"},\"children\":[{\"type\":\"button_item\",\"props\":{\"button_style\":\"secondary\",\"content\":\"VHF \\\/ GPS\",\"icon_align\":\"left\",\"link\":\"https:\\\/\\\/acantennas.com\\\/sites\\\/default\\\/files\\\/productsheets\\\/490001-T.pdf\",\"link_target\":\"blank\",\"link_title\":\"Explore More\"}}]},{\"type\":\"text\",\"props\":{\"block_align\":\"center\",\"column_breakpoint\":\"m\",\"content\":\"\n\n<p>Antena morska VHF \\\/ GPS przeznaczona jest dla cz\\u0119stotliwo\\u015bci 156-162,5 , 1575,42 MHz i 1602 HMz. Wbudowany GPS \\\/ GLONASS.\\u00a0<\\\/p>\",\"margin\":\"default\",\"maxwidth\":\"medium\",\"text_align\":\"justify\",\"text_style\":\"small\"}}]}]},{\"type\":\"row\",\"children\":[{\"type\":\"column\",\"props\":{\"image_position\":\"center-center\",\"position_sticky_breakpoint\":\"m\",\"width_medium\":\"1-1\"}}]}]}],\"version\":\"4.0.13\"} --><\/p>\n","protected":false},"excerpt":{"rendered":"<p>Anteny GPS i GPS\/VHF AC ANTENNAS 156-162.5\/1575.5MHz GNSS Antena morska GNSS, obs\u0142uguj\u0105ca 5 system\u00f3w GPS, Galileo, Glonass, BeiDou i Egnos. Antena mo\u017ce by\u0107 zainstalowana bezpo\u015brednio na pok\u0142adzie, lub na uchwycie.\u00a0 VHF \/ GPS Antena morska VHF \/ GPS przeznaczona jest dla cz\u0119stotliwo\u015bci 156-162,5 , 1575,42 MHz i 1602 HMz. Wbudowany GPS \/ GLONASS.\u00a0<\/p>\n","protected":false},"author":6,"featured_media":0,"parent":0,"menu_order":0,"comment_status":"closed","ping_status":"closed","template":"","meta":{"footnotes":""},"class_list":["post-3317","page","type-page","status-publish","hentry"],"yoast_head":"<!-- This site is optimized with the Yoast SEO plugin v27.6 - https:\/\/yoast.com\/product\/yoast-seo-wordpress\/ -->\n<title>Anteny GPS i GPS\/VHF AC ANTENNAS 156-162.5\/1575.5MHz - ESCORT TECHNOLOGY<\/title>\n<meta name=\"robots\" content=\"index, follow, max-snippet:-1, max-image-preview:large, max-video-preview:-1\" \/>\n<link rel=\"canonical\" href=\"http:\/\/escort-technology.com\/pl\/anteny-gps-i-gps-vhf-ac-antennas-156-162-5-1575-5mhz\/\" \/>\n<meta property=\"og:locale\" content=\"pl_PL\" \/>\n<meta property=\"og:type\" content=\"article\" \/>\n<meta property=\"og:title\" content=\"Anteny GPS i GPS\/VHF AC ANTENNAS 156-162.5\/1575.5MHz - ESCORT TECHNOLOGY\" \/>\n<meta property=\"og:description\" content=\"Anteny GPS i GPS\/VHF AC ANTENNAS 156-162.5\/1575.5MHz GNSS Antena morska GNSS, obs\u0142uguj\u0105ca 5 system\u00f3w GPS, Galileo, Glonass, BeiDou i Egnos. Antena mo\u017ce by\u0107 zainstalowana bezpo\u015brednio na pok\u0142adzie, lub na uchwycie.\u00a0 VHF \/ GPS Antena morska VHF \/ GPS przeznaczona jest dla cz\u0119stotliwo\u015bci 156-162,5 , 1575,42 MHz i 1602 HMz. Wbudowany GPS \/ GLONASS.\u00a0\" \/>\n<meta property=\"og:url\" content=\"http:\/\/escort-technology.com\/pl\/anteny-gps-i-gps-vhf-ac-antennas-156-162-5-1575-5mhz\/\" \/>\n<meta property=\"og:site_name\" content=\"ESCORT TECHNOLOGY\" \/>\n<meta property=\"article:publisher\" content=\"https:\/\/www.facebook.com\/elektronika.morska\/\" \/>\n<meta property=\"article:modified_time\" content=\"2024-06-03T08:48:16+00:00\" \/>\n<meta name=\"twitter:card\" content=\"summary_large_image\" \/>\n<script type=\"application\/ld+json\" class=\"yoast-schema-graph\">{\"@context\":\"https:\\\/\\\/schema.org\",\"@graph\":[{\"@type\":\"WebPage\",\"@id\":\"http:\\\/\\\/escort-technology.com\\\/pl\\\/anteny-gps-i-gps-vhf-ac-antennas-156-162-5-1575-5mhz\\\/\",\"url\":\"http:\\\/\\\/escort-technology.com\\\/pl\\\/anteny-gps-i-gps-vhf-ac-antennas-156-162-5-1575-5mhz\\\/\",\"name\":\"Anteny GPS i GPS\\\/VHF AC ANTENNAS 156-162.5\\\/1575.5MHz - ESCORT TECHNOLOGY\",\"isPartOf\":{\"@id\":\"http:\\\/\\\/escort-technology.com\\\/de\\\/#website\"},\"datePublished\":\"2018-05-08T10:20:10+00:00\",\"dateModified\":\"2024-06-03T08:48:16+00:00\",\"breadcrumb\":{\"@id\":\"http:\\\/\\\/escort-technology.com\\\/pl\\\/anteny-gps-i-gps-vhf-ac-antennas-156-162-5-1575-5mhz\\\/#breadcrumb\"},\"inLanguage\":\"pl-PL\",\"potentialAction\":[{\"@type\":\"ReadAction\",\"target\":[\"http:\\\/\\\/escort-technology.com\\\/pl\\\/anteny-gps-i-gps-vhf-ac-antennas-156-162-5-1575-5mhz\\\/\"]}]},{\"@type\":\"BreadcrumbList\",\"@id\":\"http:\\\/\\\/escort-technology.com\\\/pl\\\/anteny-gps-i-gps-vhf-ac-antennas-156-162-5-1575-5mhz\\\/#breadcrumb\",\"itemListElement\":[{\"@type\":\"ListItem\",\"position\":1,\"name\":\"Strona g\u0142\u00f3wna\",\"item\":\"https:\\\/\\\/escort-technology.com\\\/\"},{\"@type\":\"ListItem\",\"position\":2,\"name\":\"Anteny GPS i GPS\\\/VHF AC ANTENNAS 156-162.5\\\/1575.5MHz\"}]},{\"@type\":\"WebSite\",\"@id\":\"http:\\\/\\\/escort-technology.com\\\/de\\\/#website\",\"url\":\"http:\\\/\\\/escort-technology.com\\\/de\\\/\",\"name\":\"ESCORT TECHNOLOGY\",\"description\":\"Elektronika morska i l\u0105dowa\",\"publisher\":{\"@id\":\"http:\\\/\\\/escort-technology.com\\\/de\\\/#organization\"},\"potentialAction\":[{\"@type\":\"SearchAction\",\"target\":{\"@type\":\"EntryPoint\",\"urlTemplate\":\"http:\\\/\\\/escort-technology.com\\\/de\\\/?s={search_term_string}\"},\"query-input\":{\"@type\":\"PropertyValueSpecification\",\"valueRequired\":true,\"valueName\":\"search_term_string\"}}],\"inLanguage\":\"pl-PL\"},{\"@type\":\"Organization\",\"@id\":\"http:\\\/\\\/escort-technology.com\\\/de\\\/#organization\",\"name\":\"ESCORT TECHNOLOGY\",\"url\":\"http:\\\/\\\/escort-technology.com\\\/de\\\/\",\"logo\":{\"@type\":\"ImageObject\",\"inLanguage\":\"pl-PL\",\"@id\":\"http:\\\/\\\/escort-technology.com\\\/de\\\/#\\\/schema\\\/logo\\\/image\\\/\",\"url\":\"https:\\\/\\\/escort-technology.com\\\/wp-content\\\/uploads\\\/logo-1.jpg\",\"contentUrl\":\"https:\\\/\\\/escort-technology.com\\\/wp-content\\\/uploads\\\/logo-1.jpg\",\"width\":600,\"height\":165,\"caption\":\"ESCORT TECHNOLOGY\"},\"image\":{\"@id\":\"http:\\\/\\\/escort-technology.com\\\/de\\\/#\\\/schema\\\/logo\\\/image\\\/\"},\"sameAs\":[\"https:\\\/\\\/www.facebook.com\\\/elektronika.morska\\\/\",\"https:\\\/\\\/www.linkedin.com\\\/company\\\/escort-sp-z-o-o-\\\/\"]}]}<\/script>\n<!-- \/ Yoast SEO plugin. -->","yoast_head_json":{"title":"Anteny GPS i GPS\/VHF AC ANTENNAS 156-162.5\/1575.5MHz - ESCORT TECHNOLOGY","robots":{"index":"index","follow":"follow","max-snippet":"max-snippet:-1","max-image-preview":"max-image-preview:large","max-video-preview":"max-video-preview:-1"},"canonical":"http:\/\/escort-technology.com\/pl\/anteny-gps-i-gps-vhf-ac-antennas-156-162-5-1575-5mhz\/","og_locale":"pl_PL","og_type":"article","og_title":"Anteny GPS i GPS\/VHF AC ANTENNAS 156-162.5\/1575.5MHz - ESCORT TECHNOLOGY","og_description":"Anteny GPS i GPS\/VHF AC ANTENNAS 156-162.5\/1575.5MHz GNSS Antena morska GNSS, obs\u0142uguj\u0105ca 5 system\u00f3w GPS, Galileo, Glonass, BeiDou i Egnos. Antena mo\u017ce by\u0107 zainstalowana bezpo\u015brednio na pok\u0142adzie, lub na uchwycie.\u00a0 VHF \/ GPS Antena morska VHF \/ GPS przeznaczona jest dla cz\u0119stotliwo\u015bci 156-162,5 , 1575,42 MHz i 1602 HMz. Wbudowany GPS \/ GLONASS.\u00a0","og_url":"http:\/\/escort-technology.com\/pl\/anteny-gps-i-gps-vhf-ac-antennas-156-162-5-1575-5mhz\/","og_site_name":"ESCORT TECHNOLOGY","article_publisher":"https:\/\/www.facebook.com\/elektronika.morska\/","article_modified_time":"2024-06-03T08:48:16+00:00","twitter_card":"summary_large_image","schema":{"@context":"https:\/\/schema.org","@graph":[{"@type":"WebPage","@id":"http:\/\/escort-technology.com\/pl\/anteny-gps-i-gps-vhf-ac-antennas-156-162-5-1575-5mhz\/","url":"http:\/\/escort-technology.com\/pl\/anteny-gps-i-gps-vhf-ac-antennas-156-162-5-1575-5mhz\/","name":"Anteny GPS i GPS\/VHF AC ANTENNAS 156-162.5\/1575.5MHz - ESCORT TECHNOLOGY","isPartOf":{"@id":"http:\/\/escort-technology.com\/de\/#website"},"datePublished":"2018-05-08T10:20:10+00:00","dateModified":"2024-06-03T08:48:16+00:00","breadcrumb":{"@id":"http:\/\/escort-technology.com\/pl\/anteny-gps-i-gps-vhf-ac-antennas-156-162-5-1575-5mhz\/#breadcrumb"},"inLanguage":"pl-PL","potentialAction":[{"@type":"ReadAction","target":["http:\/\/escort-technology.com\/pl\/anteny-gps-i-gps-vhf-ac-antennas-156-162-5-1575-5mhz\/"]}]},{"@type":"BreadcrumbList","@id":"http:\/\/escort-technology.com\/pl\/anteny-gps-i-gps-vhf-ac-antennas-156-162-5-1575-5mhz\/#breadcrumb","itemListElement":[{"@type":"ListItem","position":1,"name":"Strona g\u0142\u00f3wna","item":"https:\/\/escort-technology.com\/"},{"@type":"ListItem","position":2,"name":"Anteny GPS i GPS\/VHF AC ANTENNAS 156-162.5\/1575.5MHz"}]},{"@type":"WebSite","@id":"http:\/\/escort-technology.com\/de\/#website","url":"http:\/\/escort-technology.com\/de\/","name":"ESCORT TECHNOLOGY","description":"Elektronika morska i l\u0105dowa","publisher":{"@id":"http:\/\/escort-technology.com\/de\/#organization"},"potentialAction":[{"@type":"SearchAction","target":{"@type":"EntryPoint","urlTemplate":"http:\/\/escort-technology.com\/de\/?s={search_term_string}"},"query-input":{"@type":"PropertyValueSpecification","valueRequired":true,"valueName":"search_term_string"}}],"inLanguage":"pl-PL"},{"@type":"Organization","@id":"http:\/\/escort-technology.com\/de\/#organization","name":"ESCORT TECHNOLOGY","url":"http:\/\/escort-technology.com\/de\/","logo":{"@type":"ImageObject","inLanguage":"pl-PL","@id":"http:\/\/escort-technology.com\/de\/#\/schema\/logo\/image\/","url":"https:\/\/escort-technology.com\/wp-content\/uploads\/logo-1.jpg","contentUrl":"https:\/\/escort-technology.com\/wp-content\/uploads\/logo-1.jpg","width":600,"height":165,"caption":"ESCORT TECHNOLOGY"},"image":{"@id":"http:\/\/escort-technology.com\/de\/#\/schema\/logo\/image\/"},"sameAs":["https:\/\/www.facebook.com\/elektronika.morska\/","https:\/\/www.linkedin.com\/company\/escort-sp-z-o-o-\/"]}]}},"_links":{"self":[{"href":"http:\/\/escort-technology.com\/pl\/wp-json\/wp\/v2\/pages\/3317","targetHints":{"allow":["GET"]}}],"collection":[{"href":"http:\/\/escort-technology.com\/pl\/wp-json\/wp\/v2\/pages"}],"about":[{"href":"http:\/\/escort-technology.com\/pl\/wp-json\/wp\/v2\/types\/page"}],"author":[{"embeddable":true,"href":"http:\/\/escort-technology.com\/pl\/wp-json\/wp\/v2\/users\/6"}],"replies":[{"embeddable":true,"href":"http:\/\/escort-technology.com\/pl\/wp-json\/wp\/v2\/comments?post=3317"}],"version-history":[{"count":10,"href":"http:\/\/escort-technology.com\/pl\/wp-json\/wp\/v2\/pages\/3317\/revisions"}],"predecessor-version":[{"id":13889,"href":"http:\/\/escort-technology.com\/pl\/wp-json\/wp\/v2\/pages\/3317\/revisions\/13889"}],"wp:attachment":[{"href":"http:\/\/escort-technology.com\/pl\/wp-json\/wp\/v2\/media?parent=3317"}],"curies":[{"name":"wp","href":"https:\/\/api.w.org\/{rel}","templated":true}]}}