{"id":3398,"date":"2018-05-08T12:16:41","date_gmt":"2018-05-08T12:16:41","guid":{"rendered":"http:\/\/escort-technology.com\/?page_id=3398"},"modified":"2018-05-09T07:26:00","modified_gmt":"2018-05-09T07:26:00","slug":"transponder-ais-icom-ma-500tr","status":"publish","type":"page","link":"http:\/\/escort-technology.com\/pl\/transponder-ais-icom-ma-500tr\/","title":{"rendered":"Transponder AIS ICOM MA-500TR"},"content":{"rendered":"<p>Transponder AIS ICOM MA-500TR<\/p>\n<p>Co to jest transponder AIS ?<\/p>\n<p>\u00a0<\/p>\n<p>Transponder AIS na statku, automatycznie odbiera informacje nadawane przez inne statki oraz stacje brzegowe wyposa\u017cone w system AIS, jednocze\u015bnie wysy\u0142aj\u0105c swoje informacje do innych.<br \/>\nSystem AIS mo\u017ce wy\u015bwietla\u0107 informacje, kt\u00f3rych nie poka\u017ce radar. Na przyk\u0142ad statek znajduj\u0105cy si\u0119 z drugiej strony wyspy, os\u0142oni\u0119ty przez l\u0105d. Du\u017ce statki maj\u0105 obowi\u0105zek posiadania na mostkach urz\u0105dze\u0144 AIS klasy A. Urz\u0105dzenia systemu AIS w znaczny spos\u00f3b wp\u0142ywaj\u0105 na bezpiecze\u0144stwo \u017ceglugi.<\/p>\n<p>Transponder AIS klasy B<\/p>\n<p>\u00a0<\/p>\n<p>Urz\u0105dzenie MA-500TR jest transponderem klasy B dla statk\u00f3w nie obj\u0119tych konwencj\u0105 SOLA takich jak statki w s\u0142u\u017cbie, ma\u0142e \u0142odzie, Informacje z w\u0142asnego statku wysy\u0142ane b\u0119d\u0105 w pewnych odst\u0119pach czasu. Transponder odbiera jednocze\u015bnie\u00a0 na dw\u00f3ch kana\u0142ach (87B, 88) zar\u00f3wno informacj\u0119 klasy A i B.<br \/>\nWysy\u0142ane informacje to:<\/p>\n<p>Numer MMSI<br \/>\nNazwa statku<br \/>\nNumer wywo\u0142awczy<br \/>\nRodzaj statku<br \/>\nPozycja anteny GPS<br \/>\nPozycja statku<br \/>\nSOG<br \/>\nCOG<br \/>\nCzas UTC<br \/>\nAntena GPS\u00a0\u00a0<\/p>\n<p>\u00a0<\/p>\n<p>Prosta obs\u0142uga<\/p>\n<p>\u00a0<\/p>\n<p>Ekran wygl\u0105da podobnie do ekranu radarowego. Dost\u0119pne s\u0105 zorientowania wzgl\u0119dem P\u00f3\u0142nocy lub kursu, oraz zakres od 0.125 do 24 Mil Morskich. Lista obiekt\u00f3w wy\u015bwietla wszystkie wykryte obiekty AIS wyposa\u017cone w system AIS. 1lista niebezpiecze\u0144stw wskazuje wszystkie obiekty znajduj\u0105ce si\u0119 poni\u017cej 6 Mm CPA oraz 60 minut TCPA od statku. Dodatkowo istnieje mo\u017cliwo\u015b\u0107 wy\u015bwietlenia bardziej szczeg\u00f3\u0142owych informacji o konkretnych jednostkach.\u00a0<\/p>\n<p>CPA i TCPA zarz\u0105dzanie ryzykiem wyst\u0105pienia kolizji<\/p>\n<p>\u00a0<\/p>\n<p>Gdy statek znajdzie si\u0119 w zasi\u0119gu parametr\u00f3w CPA i TCPA, ikona statku zacznie mruga\u0107 na ekranie i pojawi si\u0119 symbol d\u017awi\u0119kowy.\u00a0<\/p>\n<p>\u00a0<\/p>\n<p>Pami\u0119\u0107 100 punkt\u00f3w drogi\u00a0<\/p>\n<p>100 punkt\u00f3w drogi mo\u017ce by\u0107 przechowywane w pami\u0119ci. Klawisz MOB umo\u017cliwia natychmiastowe zapisanie pozycji.<br \/>\nWiadomo\u015bci o bezpiecze\u0144stwie<br \/>\nGdy transponder odbierze wiadomo\u015b\u0107 od innego urz\u0105dzenia na ekranie pojawi si\u0119 ikona. Do 20 wiadomo\u015bci jest przechowywana w pami\u0119ci urz\u0105dzenia.<\/p>\n<p>Odbiornik AIS MXG-5000S<br \/>\nRazem z transponderem dostarczona jest anten GPS. 66 kana\u0142owa z funkcj\u0105 odbioru poprawek z systemu SBAS.<br \/>\nWej\u015bcie\/ wyj\u015bcie NMEA<br \/>\nUrz\u0105dzenie MA-500TR posiada \u0142\u0105cze D-SUB z ty\u0142u obudowy. Dostarczone razem z urz\u0105dzeniem kable pozwalaj\u0105 na sprawne przeprowadzenie instalacji innych urz\u0105dze\u0144.<\/p>\n<p>Inne funkcje<\/p>\n<p>Wodoszczelno\u015b\u0107 IPx7<br \/>\nFunkcja testu wewn\u0119trznego<br \/>\nFunkcja powolnego rozruchu\u00a0<\/p>\n<p>\u00a0<\/p>\n<p>BROSZURA<\/p>\n<p><!-- {\"name\":\"\",\"type\":\"layout\",\"children\":[{\"name\":\"ANTENA\",\"type\":\"section\",\"props\":{\"width\":\"default\",\"padding\":\"xsmall\",\"style\":\"default\",\"text_color\":\"\",\"media\":\"\",\"height_viewport\":false,\"header_overlay\":\"light\",\"animation\":\"slide-top-medium\",\"padding_remove_top\":false,\"image_size\":\"cover\",\"image\":\"\",\"image_position\":\"bottom-center\",\"image_fixed\":false,\"class\":\"\",\"overlap\":true,\"vertical_align\":\"middle\",\"title_position\":\"top-left\",\"title_rotation\":\"left\",\"title_breakpoint\":\"xl\"},\"children\":[{\"name\":\"\",\"type\":\"row\",\"props\":{\"layout\":\"1-1\",\"breakpoint\":\"m\",\"margin\":\"\",\"fixed_width\":\"large\"},\"children\":[{\"name\":\"\",\"type\":\"column\",\"props\":{\"image_position\":\"center-center\",\"widths\":[\"1-1\"]},\"children\":[{\"name\":\"\",\"type\":\"headline\",\"props\":{\"title_element\":\"h2\",\"content\":\"Transponder AIS ICOM MA-500TR\",\"text_align\":\"center\",\"text_align_fallback\":\"center\",\"maxwidth_align\":\"center\",\"maxwidth\":\"\",\"title_style\":\"h2\",\"title_decoration\":\"\",\"margin\":\"\"}},{\"name\":\"\",\"type\":\"divider\",\"props\":{\"divider_element\":\"hr\"}}]}]},{\"name\":\"\",\"type\":\"row\",\"props\":{\"fixed_width\":\"large\",\"breakpoint\":\"m\",\"layout\":\",2-3\",\"margin\":\"medium\"},\"children\":[{\"name\":\"\",\"type\":\"column\",\"props\":{\"widths\":[\"\"],\"image_position\":\"center-center\"},\"children\":[{\"name\":\"\",\"type\":\"image\",\"props\":{\"margin\":\"default\",\"image\":\"wp-content\\\/uploads\\\/Ma-500TR.jpg\",\"image_width\":\"300\",\"image_box_shadow\":\"\",\"image_border\":\"rounded\"}},{\"name\":\"\",\"type\":\"image\",\"props\":{\"margin\":\"default\",\"image\":\"wp-content\\\/uploads\\\/AIS_MA-500TR.jpg\",\"image_width\":\"300\",\"image_box_shadow\":\"\",\"image_border\":\"rounded\"}},{\"name\":\"\",\"type\":\"image\",\"props\":{\"margin\":\"default\",\"image\":\"wp-content\\\/uploads\\\/MA-500TR_antena.jpg\",\"image_width\":\"300\",\"image_box_shadow\":\"\",\"image_border\":\"rounded\",\"link\":\"\",\"image_height\":\"\"}},{\"name\":\"\",\"type\":\"image\",\"props\":{\"margin\":\"default\",\"image\":\"wp-content\\\/uploads\\\/MA-500TR_menu.jpg\",\"image_width\":\"300\",\"image_box_shadow\":\"\",\"image_border\":\"rounded\",\"link\":\"http:\\\/\\\/escort-technology.com\\\/wp-content\\\/uploads\\\/MA-500TR_menu.jpg\"}}]},{\"name\":\"\",\"type\":\"column\",\"props\":{\"widths\":[\"2-3\"],\"image_position\":\"center-center\"},\"children\":[{\"name\":\"\",\"type\":\"text\",\"props\":{\"column_breakpoint\":\"m\",\"margin\":\"medium\",\"content\":\"\n\n<table>\\n\n\n<tbody>\\n\n\n<tr>\\n\n\n<td>\\n\n\n<div>\\n\n\n<p><strong>Co to jest transponder AIS ?<\\\/strong><\\\/p>\\n<\\\/div>\\n<\\\/td>\\n\n\n<td>\\u00a0<\\\/td>\\n<\\\/tr>\\n\n\n<tr>\\n\n\n<td>\\n\n\n<p>Transponder AIS na statku, automatycznie odbiera informacje nadawane przez inne statki oraz stacje brzegowe wyposa\\u017cone w system AIS, <br \\\/>jednocze\\u015bnie wysy\\u0142aj\\u0105c swoje informacje do innych.<\\\/p>\\n\n\n<p>System AIS mo\\u017ce wy\\u015bwietla\\u0107 informacje, kt\\u00f3rych nie poka\\u017ce radar. Na przyk\\u0142ad statek znajduj\\u0105cy si\\u0119 z drugiej strony wyspy, os\\u0142oni\\u0119ty przez l\\u0105d. <br \\\/>Du\\u017ce statki maj\\u0105 obowi\\u0105zek posiadania na mostkach urz\\u0105dze\\u0144 AIS klasy A. Urz\\u0105dzenia systemu AIS w znaczny spos\\u00f3b wp\\u0142ywaj\\u0105 na bezpiecze\\u0144stwo \\u017ceglugi.<\\\/p>\\n<\\\/td>\\n<\\\/tr>\\n<\\\/tbody>\\n<\\\/table>\",\"animation\":\"slide-left-medium\",\"text_align\":\"justify\",\"text_align_breakpoint\":\"m\",\"text_align_fallback\":\"center\",\"text_size\":\"\",\"maxwidth\":\"xxlarge\"}},{\"name\":\"\",\"type\":\"text\",\"props\":{\"margin\":\"default\",\"column_breakpoint\":\"m\",\"content\":\"\n\n<table>\\n\n\n<tbody>\\n\n\n<tr>\\n\n\n<td>\\n\n\n<div>\\n\n\n<p><strong>Transponder AIS klasy B<\\\/strong><\\\/p>\\n<\\\/div>\\n<\\\/td>\\n\n\n<td>\\u00a0<\\\/td>\\n<\\\/tr>\\n\n\n<tr>\\n\n\n<td>\\n\n\n<p>Urz\\u0105dzenie MA-500TR jest transponderem klasy B dla statk\\u00f3w nie obj\\u0119tych konwencj\\u0105 SOLA takich jak statki w s\\u0142u\\u017cbie, ma\\u0142e \\u0142odzie, <br \\\/>Informacje z w\\u0142asnego statku wysy\\u0142ane b\\u0119d\\u0105 w pewnych odst\\u0119pach czasu. Transponder odbiera jednocze\\u015bnie\\u00a0 na dw\\u00f3ch kana\\u0142ach<br \\\/> (87B, 88) zar\\u00f3wno informacj\\u0119 klasy A i B.<\\\/p>\\n\n\n<p>Wysy\\u0142ane informacje to:<\\\/p>\\n\n\n<ul>\\n\n\n<li>Numer MMSI<\\\/li>\\n\n\n<li>Nazwa statku<\\\/li>\\n\n\n<li>Numer wywo\\u0142awczy<\\\/li>\\n\n\n<li>Rodzaj statku<\\\/li>\\n\n\n<li>Pozycja anteny GPS<\\\/li>\\n\n\n<li>Pozycja statku<\\\/li>\\n\n\n<li>SOG<\\\/li>\\n\n\n<li>COG<\\\/li>\\n\n\n<li>Czas UTC<\\\/li>\\n\n\n<li>Antena GPS\\u00a0\\u00a0<\\\/li>\\n<\\\/ul>\\n<\\\/td>\\n\n\n<td>\\u00a0<\\\/td>\\n<\\\/tr>\\n\n\n<tr>\\n\n\n<td>\\n\n\n<div>\\n\n\n<p><strong>Prosta obs\\u0142uga<\\\/strong><\\\/p>\\n<\\\/div>\\n<\\\/td>\\n\n\n<td>\\u00a0<\\\/td>\\n<\\\/tr>\\n\n\n<tr>\\n\n\n<td>\\n\n\n<p>Ekran wygl\\u0105da podobnie do ekranu radarowego. Dost\\u0119pne s\\u0105 zorientowania wzgl\\u0119dem P\\u00f3\\u0142nocy lub kursu, oraz zakres od 0.125 do 24 Mil Morskich.<br \\\/> Lista obiekt\\u00f3w wy\\u015bwietla wszystkie wykryte obiekty AIS wyposa\\u017cone w system AIS. 1lista niebezpiecze\\u0144stw wskazuje wszystkie obiekty znajduj\\u0105ce<br \\\/> si\\u0119 poni\\u017cej 6 Mm CPA oraz 60 minut TCPA od statku. Dodatkowo istnieje mo\\u017cliwo\\u015b\\u0107 wy\\u015bwietlenia bardziej szczeg\\u00f3\\u0142owych informacji o konkretnych<br \\\/> jednostkach.\\u00a0<\\\/p>\\n<\\\/td>\\n<\\\/tr>\\n<\\\/tbody>\\n<\\\/table>\"}},{\"name\":\"\",\"type\":\"text\",\"props\":{\"margin\":\"default\",\"column_breakpoint\":\"m\",\"content\":\"\n\n<table>\\n\n\n<tbody>\\n\n\n<tr>\\n\n\n<td>\\n\n\n<div>\\n\n\n<p><strong>CPA i TCPA zarz\\u0105dzanie ryzykiem wyst\\u0105pienia kolizji<\\\/strong><\\\/p>\\n<\\\/div>\\n<\\\/td>\\n\n\n<td>\\u00a0<\\\/td>\\n<\\\/tr>\\n\n\n<tr>\\n\n\n<td>\\n\n\n<div>\\n\n\n<p>Gdy statek znajdzie si\\u0119 w zasi\\u0119gu parametr\\u00f3w CPA i TCPA, ikona statku zacznie mruga\\u0107 na ekranie i pojawi si\\u0119 symbol d\\u017awi\\u0119kowy.\\u00a0<\\\/p>\\n<\\\/div>\\n<\\\/td>\\n\n\n<td>\\u00a0<\\\/td>\\n<\\\/tr>\\n\n\n<tr>\\n\n\n<td>\\n\n\n<div>\\n\n\n<div>\\n\n\n<p><strong>Pami\\u0119\\u0107 100 punkt\\u00f3w drogi\\u00a0<\\\/strong><\\\/p>\\n<\\\/div>\\n\n\n<p>100 punkt\\u00f3w drogi mo\\u017ce by\\u0107 przechowywane w pami\\u0119ci. Klawisz MOB umo\\u017cliwia natychmiastowe zapisanie pozycji.<\\\/p>\\n\n\n<p>Wiadomo\\u015bci o bezpiecze\\u0144stwie<\\\/p>\\n\n\n<p>Gdy transponder odbierze wiadomo\\u015b\\u0107 od innego urz\\u0105dzenia na ekranie pojawi si\\u0119 ikona. Do 20 wiadomo\\u015bci jest przechowywana w pami\\u0119ci urz\\u0105dzenia.<\\\/p>\\n\n\n<div>\\n\n\n<p><strong>Odbiornik AIS MXG-5000S<\\\/strong><\\\/p>\\n\n\n<p>Razem z transponderem dostarczona jest anten GPS. 66 kana\\u0142owa z funkcj\\u0105 odbioru poprawek z systemu SBAS.<\\\/p>\\n\n\n<p>Wej\\u015bcie\\\/ wyj\\u015bcie NMEA<\\\/p>\\n\n\n<p>Urz\\u0105dzenie MA-500TR posiada \\u0142\\u0105cze D-SUB z ty\\u0142u obudowy. Dostarczone razem z urz\\u0105dzeniem kable pozwalaj\\u0105 na sprawne przeprowadzenie instalacji innych urz\\u0105dze\\u0144.<\\\/p>\\n\n\n<div>\\n\n\n<p><strong>Inne funkcje<\\\/strong><\\\/p>\\n<\\\/div>\\n\n\n<ul>\\n\n\n<li>Wodoszczelno\\u015b\\u0107 IPx7<\\\/li>\\n\n\n<li>Funkcja testu wewn\\u0119trznego<\\\/li>\\n\n\n<li>Funkcja powolnego rozruchu\\u00a0<\\\/li>\\n<\\\/ul>\\n<\\\/div>\\n<\\\/div>\\n<\\\/td>\\n<\\\/tr>\\n<\\\/tbody>\\n<\\\/table>\\n\n\n<p>\\u00a0<\\\/p>\"}}]}]},{\"name\":\"\",\"type\":\"row\",\"props\":{\"fixed_width\":\"large\",\"breakpoint\":\"m\",\"layout\":\"1-1\",\"margin\":\"large\"},\"children\":[{\"name\":\"\",\"type\":\"column\",\"props\":{\"image_position\":\"center-center\",\"widths\":[\"1-1\"]},\"children\":[{\"name\":\"\",\"type\":\"button\",\"props\":{\"gutter\":\"small\",\"inline_align\":\"center\",\"margin\":\"\",\"text_align\":\"center\",\"button_size\":\"large\",\"animation\":\"slide-bottom-medium\"},\"children\":[{\"name\":\"\",\"type\":\"button_item\",\"props\":{\"button_style\":\"secondary\",\"content\":\"BROSZURA\",\"link\":\"wp-content\\\/uploads\\\/Transponder_AIS_ICOM_MA-500TR-min_1.pdf\",\"link_title\":\"Explore More\",\"icon_align\":\"left\",\"link_target\":\"blank\"}}]}]}]}]}]} --><\/p>\n","protected":false},"excerpt":{"rendered":"<p>Transponder AIS ICOM MA-500TR Co to jest transponder AIS ? \u00a0 Transponder AIS na statku, automatycznie odbiera informacje nadawane przez inne statki oraz stacje brzegowe wyposa\u017cone w system AIS, jednocze\u015bnie wysy\u0142aj\u0105c swoje informacje do innych. System AIS mo\u017ce wy\u015bwietla\u0107 informacje, kt\u00f3rych nie poka\u017ce radar. Na przyk\u0142ad statek znajduj\u0105cy si\u0119 z drugiej strony wyspy, os\u0142oni\u0119ty przez [&hellip;]<\/p>\n","protected":false},"author":6,"featured_media":0,"parent":0,"menu_order":0,"comment_status":"closed","ping_status":"closed","template":"","meta":{"footnotes":""},"class_list":["post-3398","page","type-page","status-publish","hentry"],"yoast_head":"<!-- This site is optimized with the Yoast SEO plugin v27.6 - https:\/\/yoast.com\/product\/yoast-seo-wordpress\/ -->\n<title>Transponder AIS ICOM MA-500TR - ESCORT TECHNOLOGY<\/title>\n<meta name=\"robots\" content=\"index, follow, max-snippet:-1, max-image-preview:large, max-video-preview:-1\" \/>\n<link rel=\"canonical\" href=\"https:\/\/escort-technology.com\/pl\/transponder-ais-icom-ma-500tr\/\" \/>\n<meta property=\"og:locale\" content=\"pl_PL\" \/>\n<meta property=\"og:type\" content=\"article\" \/>\n<meta property=\"og:title\" content=\"Transponder AIS ICOM MA-500TR - ESCORT TECHNOLOGY\" \/>\n<meta property=\"og:description\" content=\"Transponder AIS ICOM MA-500TR Co to jest transponder AIS ? \u00a0 Transponder AIS na statku, automatycznie odbiera informacje nadawane przez inne statki oraz stacje brzegowe wyposa\u017cone w system AIS, jednocze\u015bnie wysy\u0142aj\u0105c swoje informacje do innych. System AIS mo\u017ce wy\u015bwietla\u0107 informacje, kt\u00f3rych nie poka\u017ce radar. Na przyk\u0142ad statek znajduj\u0105cy si\u0119 z drugiej strony wyspy, os\u0142oni\u0119ty przez [&hellip;]\" \/>\n<meta property=\"og:url\" content=\"https:\/\/escort-technology.com\/pl\/transponder-ais-icom-ma-500tr\/\" \/>\n<meta property=\"og:site_name\" content=\"ESCORT TECHNOLOGY\" \/>\n<meta property=\"article:publisher\" content=\"https:\/\/www.facebook.com\/elektronika.morska\/\" \/>\n<meta property=\"article:modified_time\" content=\"2018-05-09T07:26:00+00:00\" \/>\n<meta name=\"twitter:card\" content=\"summary_large_image\" \/>\n<meta name=\"twitter:label1\" content=\"Szacowany czas czytania\" \/>\n\t<meta name=\"twitter:data1\" content=\"2 minuty\" \/>\n<script type=\"application\/ld+json\" class=\"yoast-schema-graph\">{\"@context\":\"https:\\\/\\\/schema.org\",\"@graph\":[{\"@type\":\"WebPage\",\"@id\":\"https:\\\/\\\/escort-technology.com\\\/en\\\/transponder-ais-icom-ma-500tr\\\/\",\"url\":\"https:\\\/\\\/escort-technology.com\\\/en\\\/transponder-ais-icom-ma-500tr\\\/\",\"name\":\"Transponder AIS ICOM MA-500TR - ESCORT TECHNOLOGY\",\"isPartOf\":{\"@id\":\"http:\\\/\\\/escort-technology.com\\\/de\\\/#website\"},\"datePublished\":\"2018-05-08T12:16:41+00:00\",\"dateModified\":\"2018-05-09T07:26:00+00:00\",\"breadcrumb\":{\"@id\":\"https:\\\/\\\/escort-technology.com\\\/en\\\/transponder-ais-icom-ma-500tr\\\/#breadcrumb\"},\"inLanguage\":\"pl-PL\",\"potentialAction\":[{\"@type\":\"ReadAction\",\"target\":[\"https:\\\/\\\/escort-technology.com\\\/en\\\/transponder-ais-icom-ma-500tr\\\/\"]}]},{\"@type\":\"BreadcrumbList\",\"@id\":\"https:\\\/\\\/escort-technology.com\\\/en\\\/transponder-ais-icom-ma-500tr\\\/#breadcrumb\",\"itemListElement\":[{\"@type\":\"ListItem\",\"position\":1,\"name\":\"Strona g\u0142\u00f3wna\",\"item\":\"https:\\\/\\\/escort-technology.com\\\/\"},{\"@type\":\"ListItem\",\"position\":2,\"name\":\"Transponder AIS ICOM MA-500TR\"}]},{\"@type\":\"WebSite\",\"@id\":\"http:\\\/\\\/escort-technology.com\\\/de\\\/#website\",\"url\":\"http:\\\/\\\/escort-technology.com\\\/de\\\/\",\"name\":\"ESCORT TECHNOLOGY\",\"description\":\"Elektronika morska i l\u0105dowa\",\"publisher\":{\"@id\":\"http:\\\/\\\/escort-technology.com\\\/de\\\/#organization\"},\"potentialAction\":[{\"@type\":\"SearchAction\",\"target\":{\"@type\":\"EntryPoint\",\"urlTemplate\":\"http:\\\/\\\/escort-technology.com\\\/de\\\/?s={search_term_string}\"},\"query-input\":{\"@type\":\"PropertyValueSpecification\",\"valueRequired\":true,\"valueName\":\"search_term_string\"}}],\"inLanguage\":\"pl-PL\"},{\"@type\":\"Organization\",\"@id\":\"http:\\\/\\\/escort-technology.com\\\/de\\\/#organization\",\"name\":\"ESCORT TECHNOLOGY\",\"url\":\"http:\\\/\\\/escort-technology.com\\\/de\\\/\",\"logo\":{\"@type\":\"ImageObject\",\"inLanguage\":\"pl-PL\",\"@id\":\"http:\\\/\\\/escort-technology.com\\\/de\\\/#\\\/schema\\\/logo\\\/image\\\/\",\"url\":\"https:\\\/\\\/escort-technology.com\\\/wp-content\\\/uploads\\\/logo-1.jpg\",\"contentUrl\":\"https:\\\/\\\/escort-technology.com\\\/wp-content\\\/uploads\\\/logo-1.jpg\",\"width\":600,\"height\":165,\"caption\":\"ESCORT TECHNOLOGY\"},\"image\":{\"@id\":\"http:\\\/\\\/escort-technology.com\\\/de\\\/#\\\/schema\\\/logo\\\/image\\\/\"},\"sameAs\":[\"https:\\\/\\\/www.facebook.com\\\/elektronika.morska\\\/\",\"https:\\\/\\\/www.linkedin.com\\\/company\\\/escort-sp-z-o-o-\\\/\"]}]}<\/script>\n<!-- \/ Yoast SEO plugin. -->","yoast_head_json":{"title":"Transponder AIS ICOM MA-500TR - ESCORT TECHNOLOGY","robots":{"index":"index","follow":"follow","max-snippet":"max-snippet:-1","max-image-preview":"max-image-preview:large","max-video-preview":"max-video-preview:-1"},"canonical":"https:\/\/escort-technology.com\/pl\/transponder-ais-icom-ma-500tr\/","og_locale":"pl_PL","og_type":"article","og_title":"Transponder AIS ICOM MA-500TR - ESCORT TECHNOLOGY","og_description":"Transponder AIS ICOM MA-500TR Co to jest transponder AIS ? \u00a0 Transponder AIS na statku, automatycznie odbiera informacje nadawane przez inne statki oraz stacje brzegowe wyposa\u017cone w system AIS, jednocze\u015bnie wysy\u0142aj\u0105c swoje informacje do innych. System AIS mo\u017ce wy\u015bwietla\u0107 informacje, kt\u00f3rych nie poka\u017ce radar. Na przyk\u0142ad statek znajduj\u0105cy si\u0119 z drugiej strony wyspy, os\u0142oni\u0119ty przez [&hellip;]","og_url":"https:\/\/escort-technology.com\/pl\/transponder-ais-icom-ma-500tr\/","og_site_name":"ESCORT TECHNOLOGY","article_publisher":"https:\/\/www.facebook.com\/elektronika.morska\/","article_modified_time":"2018-05-09T07:26:00+00:00","twitter_card":"summary_large_image","twitter_misc":{"Szacowany czas czytania":"2 minuty"},"schema":{"@context":"https:\/\/schema.org","@graph":[{"@type":"WebPage","@id":"https:\/\/escort-technology.com\/en\/transponder-ais-icom-ma-500tr\/","url":"https:\/\/escort-technology.com\/en\/transponder-ais-icom-ma-500tr\/","name":"Transponder AIS ICOM MA-500TR - ESCORT TECHNOLOGY","isPartOf":{"@id":"http:\/\/escort-technology.com\/de\/#website"},"datePublished":"2018-05-08T12:16:41+00:00","dateModified":"2018-05-09T07:26:00+00:00","breadcrumb":{"@id":"https:\/\/escort-technology.com\/en\/transponder-ais-icom-ma-500tr\/#breadcrumb"},"inLanguage":"pl-PL","potentialAction":[{"@type":"ReadAction","target":["https:\/\/escort-technology.com\/en\/transponder-ais-icom-ma-500tr\/"]}]},{"@type":"BreadcrumbList","@id":"https:\/\/escort-technology.com\/en\/transponder-ais-icom-ma-500tr\/#breadcrumb","itemListElement":[{"@type":"ListItem","position":1,"name":"Strona g\u0142\u00f3wna","item":"https:\/\/escort-technology.com\/"},{"@type":"ListItem","position":2,"name":"Transponder AIS ICOM MA-500TR"}]},{"@type":"WebSite","@id":"http:\/\/escort-technology.com\/de\/#website","url":"http:\/\/escort-technology.com\/de\/","name":"ESCORT TECHNOLOGY","description":"Elektronika morska i l\u0105dowa","publisher":{"@id":"http:\/\/escort-technology.com\/de\/#organization"},"potentialAction":[{"@type":"SearchAction","target":{"@type":"EntryPoint","urlTemplate":"http:\/\/escort-technology.com\/de\/?s={search_term_string}"},"query-input":{"@type":"PropertyValueSpecification","valueRequired":true,"valueName":"search_term_string"}}],"inLanguage":"pl-PL"},{"@type":"Organization","@id":"http:\/\/escort-technology.com\/de\/#organization","name":"ESCORT TECHNOLOGY","url":"http:\/\/escort-technology.com\/de\/","logo":{"@type":"ImageObject","inLanguage":"pl-PL","@id":"http:\/\/escort-technology.com\/de\/#\/schema\/logo\/image\/","url":"https:\/\/escort-technology.com\/wp-content\/uploads\/logo-1.jpg","contentUrl":"https:\/\/escort-technology.com\/wp-content\/uploads\/logo-1.jpg","width":600,"height":165,"caption":"ESCORT TECHNOLOGY"},"image":{"@id":"http:\/\/escort-technology.com\/de\/#\/schema\/logo\/image\/"},"sameAs":["https:\/\/www.facebook.com\/elektronika.morska\/","https:\/\/www.linkedin.com\/company\/escort-sp-z-o-o-\/"]}]}},"_links":{"self":[{"href":"http:\/\/escort-technology.com\/pl\/wp-json\/wp\/v2\/pages\/3398","targetHints":{"allow":["GET"]}}],"collection":[{"href":"http:\/\/escort-technology.com\/pl\/wp-json\/wp\/v2\/pages"}],"about":[{"href":"http:\/\/escort-technology.com\/pl\/wp-json\/wp\/v2\/types\/page"}],"author":[{"embeddable":true,"href":"http:\/\/escort-technology.com\/pl\/wp-json\/wp\/v2\/users\/6"}],"replies":[{"embeddable":true,"href":"http:\/\/escort-technology.com\/pl\/wp-json\/wp\/v2\/comments?post=3398"}],"version-history":[{"count":3,"href":"http:\/\/escort-technology.com\/pl\/wp-json\/wp\/v2\/pages\/3398\/revisions"}],"predecessor-version":[{"id":3436,"href":"http:\/\/escort-technology.com\/pl\/wp-json\/wp\/v2\/pages\/3398\/revisions\/3436"}],"wp:attachment":[{"href":"http:\/\/escort-technology.com\/pl\/wp-json\/wp\/v2\/media?parent=3398"}],"curies":[{"name":"wp","href":"https:\/\/api.w.org\/{rel}","templated":true}]}}