{"id":3784,"date":"2018-05-21T07:36:28","date_gmt":"2018-05-21T07:36:28","guid":{"rendered":"http:\/\/escort-technology.com\/?page_id=3784"},"modified":"2018-05-21T07:47:32","modified_gmt":"2018-05-21T07:47:32","slug":"radiotelefon-pmr-icom-ic-f29sr","status":"publish","type":"page","link":"http:\/\/escort-technology.com\/pl\/radiotelefon-pmr-icom-ic-f29sr\/","title":{"rendered":"Radiotelefon PMR ICOM IC-F29SR"},"content":{"rendered":"<p>Radiotelefon PMR ICOM IC-F29SR<\/p>\n<p>\n\u0141atwy w u\u017cyciu <\/p>\n<p>\u0141atwy w u\u017cyciu radiotelefon jest idealnym rozwi\u0105zaniem do pracy w miejscach, gdzie radio przechodzi z r\u0105k do r\u0105k.<\/p>\n<p>Dobra s\u0142yszalno\u015b\u0107 <\/p>\n<p>Du\u017ce 36 milimetrowe g\u0142o\u015bniki zapewniaj\u0105 dla operatora, pracuj\u0105cego w g\u0142o\u015bnym otoczeniu, czysty d\u017awi\u0119k o mocy 800mW.<\/p>\n<p>Obrotowe pokr\u0119t\u0142o do zmiany kana\u0142\u00f3w <\/p>\n<p>16 pozycyjne pokr\u0119t\u0142o do zmiany kana\u0142\u00f3w, mo\u017ce by\u0107 zaprogramowane na kana\u0142 operacyjny lub kodowanie grupowe. Podczas zmiany pozycji pokr\u0119t\u0142a, radiotelefon informuje o numerze kana\u0142u<\/p>\n<p>D\u017awi\u0119k dzwonka <\/p>\n<p>Funkcja dzwonka pozwala na odbi\u00f3r po\u0142\u0105cze\u0144 poprzedzonych sygna\u0142em d\u017awi\u0119kowym. Mo\u017cliwo\u015b\u0107 wyboru jednego z dziesi\u0119ciu.<\/p>\n<p>Odpowied\u017a <\/p>\n<p>Funkcja Smart-Ring<br \/>\nUrz\u0105dzenie sprawdza czy znajduje si\u0119 w zasi\u0119gu innych urz\u0105dze\u0144.<\/p>\n<p>Prywatna rozmowa <\/p>\n<p>Wbudowany scrambler d\u017awi\u0119ku, umo\u017cliwia prowadzenie prywatnych rozm\u00f3w. Wyb\u00f3r 16 kod\u00f3w.<\/p>\n<p>21 godzin pracy <\/p>\n<p>Bateria w zestawie BP-279, zapewnia 21 godzinn\u0105 prac\u0119 Dodatkowa szybka \u0142adowarka BC-213 \u0142aduj\u0119 bateri\u0119 BP-279 w 2,5 godziny.<\/p>\n<p>Po\u0142\u0105czenia grupowe <\/p>\n<p>Mo\u017cliwo\u015b\u0107 zaprogramowania kod\u00f3w CTCSS i DTCS do po\u0142\u0105cze\u0144 grupowych. Wysy\u0142anie tej samej wiadomo\u015bci do grupy odbiorc\u00f3w przy u\u017cyciu tego samego kana\u0142u i tonu.<\/p>\n<p>Inne cechy <\/p>\n<p>Alarm niskiego poziomu baterii<br \/>\nFunkcja monitoringu<br \/>\nFunkcja nadzoru<br \/>\nFunkcja syreny alarmowej<br \/>\nZmiana wzmocnienia mikrofonu<br \/>\nTrzy klawisze do zaprogramowania<br \/>\nFunkcja blokady klawiszy<br \/>\nFunkcja skanowania<br \/>\nMo\u017cliwo\u015b\u0107 programowania za pomoc\u0105 komputera<\/p>\n<p>Zestaw zawiera <\/p>\n<p>Bateria litowa, BP-279<br \/>\nKlips do paska, MB-133<br \/>\nSzybka \u0142adowarka, BC-213<br \/>\nZasilacz, BC-123SE\/SUK*\n<\/p>\n<p>BROSZURA<\/p>\n<p><!-- {\"name\":\"\",\"type\":\"layout\",\"children\":[{\"name\":\"ANTENA\",\"type\":\"section\",\"props\":{\"width\":\"default\",\"padding\":\"xsmall\",\"style\":\"default\",\"text_color\":\"\",\"media\":\"\",\"height_viewport\":false,\"header_overlay\":\"light\",\"animation\":\"slide-top-medium\",\"padding_remove_top\":false,\"image_size\":\"cover\",\"image\":\"\",\"image_position\":\"bottom-center\",\"image_fixed\":false,\"class\":\"\",\"overlap\":true,\"vertical_align\":\"middle\",\"title_position\":\"top-left\",\"title_rotation\":\"left\",\"title_breakpoint\":\"xl\"},\"children\":[{\"name\":\"\",\"type\":\"row\",\"props\":{\"layout\":\"1-1\",\"breakpoint\":\"m\",\"margin\":\"\",\"fixed_width\":\"large\"},\"children\":[{\"name\":\"\",\"type\":\"column\",\"props\":{\"image_position\":\"center-center\",\"widths\":[\"1-1\"]},\"children\":[{\"name\":\"\",\"type\":\"headline\",\"props\":{\"title_element\":\"h2\",\"content\":\"Radiotelefon PMR ICOM IC-F29SR\",\"text_align\":\"center\",\"text_align_fallback\":\"center\",\"maxwidth_align\":\"center\",\"maxwidth\":\"\",\"title_style\":\"h2\",\"title_decoration\":\"\",\"margin\":\"\"}},{\"name\":\"\",\"type\":\"divider\",\"props\":{\"divider_element\":\"hr\"}}]}]},{\"name\":\"\",\"type\":\"row\",\"props\":{\"fixed_width\":\"large\",\"breakpoint\":\"m\",\"layout\":\",2-3\",\"margin\":\"medium\"},\"children\":[{\"name\":\"\",\"type\":\"column\",\"props\":{\"widths\":[\"\"],\"image_position\":\"center-center\"},\"children\":[{\"name\":\"\",\"type\":\"image\",\"props\":{\"margin\":\"default\",\"image\":\"wp-content\\\/uploads\\\/IC-F29SR-1.jpg\",\"image_width\":\"300\",\"image_box_shadow\":\"\",\"image_border\":\"rounded\"}}]},{\"name\":\"\",\"type\":\"column\",\"props\":{\"widths\":[\"2-3\"],\"image_position\":\"center-center\"},\"children\":[{\"name\":\"\",\"type\":\"text\",\"props\":{\"column_breakpoint\":\"m\",\"margin\":\"medium\",\"content\":\"\n\n<div>\\n\n\n<p><strong>\\u0141atwy w u\\u017cyciu <\\\/strong><\\\/p>\\n<\\\/div>\\n\n\n<p>\\u0141atwy w u\\u017cyciu radiotelefon jest idealnym rozwi\\u0105zaniem do pracy w miejscach, gdzie radio przechodzi z r\\u0105k do r\\u0105k.<\\\/p>\\n\n\n<div>\\n\n\n<p><strong>Dobra s\\u0142yszalno\\u015b\\u0107 <\\\/strong><\\\/p>\\n<\\\/div>\\n\n\n<p>Du\\u017ce 36 milimetrowe g\\u0142o\\u015bniki zapewniaj\\u0105 dla operatora, pracuj\\u0105cego w g\\u0142o\\u015bnym otoczeniu, czysty d\\u017awi\\u0119k o mocy 800mW.<\\\/p>\\n\n\n<div>\\n\n\n<p><strong>Obrotowe pokr\\u0119t\\u0142o do zmiany kana\\u0142\\u00f3w <\\\/strong><\\\/p>\\n<\\\/div>\\n\n\n<p>16 pozycyjne pokr\\u0119t\\u0142o do zmiany kana\\u0142\\u00f3w, mo\\u017ce by\\u0107 zaprogramowane na kana\\u0142 operacyjny lub kodowanie grupowe. Podczas zmiany pozycji pokr\\u0119t\\u0142a, radiotelefon informuje o numerze kana\\u0142u<\\\/p>\\n\n\n<div>\\n\n\n<p><strong>D\\u017awi\\u0119k dzwonka <\\\/strong><\\\/p>\\n<\\\/div>\\n\n\n<p>Funkcja dzwonka pozwala na odbi\\u00f3r po\\u0142\\u0105cze\\u0144 poprzedzonych sygna\\u0142em d\\u017awi\\u0119kowym. Mo\\u017cliwo\\u015b\\u0107 wyboru jednego z dziesi\\u0119ciu.<\\\/p>\\n\n\n<div>\\n\n\n<p><strong>Odpowied\\u017a <\\\/strong><\\\/p>\\n<\\\/div>\\n\n\n<p>Funkcja Smart-Ring<\\\/p>\\n\n\n<p>Urz\\u0105dzenie sprawdza czy znajduje si\\u0119 w zasi\\u0119gu innych urz\\u0105dze\\u0144.<\\\/p>\\n\n\n<div>\\n\n\n<p><strong>Prywatna rozmowa <\\\/strong><\\\/p>\\n<\\\/div>\\n\n\n<p>Wbudowany scrambler d\\u017awi\\u0119ku, umo\\u017cliwia prowadzenie prywatnych rozm\\u00f3w. Wyb\\u00f3r 16 kod\\u00f3w.<\\\/p>\\n\n\n<div>\\n\n\n<p><strong>21 godzin pracy <\\\/strong><\\\/p>\\n<\\\/div>\\n\n\n<p>Bateria w zestawie BP-279, zapewnia 21 godzinn\\u0105 prac\\u0119 Dodatkowa szybka \\u0142adowarka BC-213 \\u0142aduj\\u0119 bateri\\u0119 BP-279 w 2,5 godziny.<\\\/p>\\n\n\n<div>\\n\n\n<p><strong>Po\\u0142\\u0105czenia grupowe <\\\/strong><\\\/p>\\n<\\\/div>\\n\n\n<p>Mo\\u017cliwo\\u015b\\u0107 zaprogramowania kod\\u00f3w CTCSS i DTCS do po\\u0142\\u0105cze\\u0144 grupowych. Wysy\\u0142anie tej samej wiadomo\\u015bci do grupy odbiorc\\u00f3w przy u\\u017cyciu tego samego kana\\u0142u i tonu.<\\\/p>\\n\n\n<div>\\n\n\n<p><strong>Inne cechy <\\\/strong><\\\/p>\\n<\\\/div>\\n\n\n<ul>\\n\n\n<li>Alarm niskiego poziomu baterii<\\\/li>\\n\n\n<li>Funkcja monitoringu<\\\/li>\\n\n\n<li>Funkcja nadzoru<\\\/li>\\n\n\n<li>Funkcja syreny alarmowej<\\\/li>\\n\n\n<li>Zmiana wzmocnienia mikrofonu<\\\/li>\\n\n\n<li>Trzy klawisze do zaprogramowania<\\\/li>\\n\n\n<li>Funkcja blokady klawiszy<\\\/li>\\n\n\n<li>Funkcja skanowania<\\\/li>\\n\n\n<li>Mo\\u017cliwo\\u015b\\u0107 programowania za pomoc\\u0105 komputera<\\\/li>\\n<\\\/ul>\\n\n\n<div>\\n\n\n<p><strong>Zestaw zawiera <\\\/strong><\\\/p>\\n<\\\/div>\\n\n\n<ul>\\n\n\n<li>Bateria litowa, BP-279<\\\/li>\\n\n\n<li>Klips do paska, MB-133<\\\/li>\\n\n\n<li>Szybka \\u0142adowarka, BC-213<\\\/li>\\n\n\n<li>Zasilacz, BC-123SE\\\/SUK*<\\\/li>\\n<\\\/ul>\",\"animation\":\"slide-left-medium\",\"text_align\":\"justify\",\"text_align_breakpoint\":\"m\",\"text_align_fallback\":\"center\",\"text_size\":\"\",\"maxwidth\":\"xxlarge\"}}]}]},{\"name\":\"\",\"type\":\"row\",\"props\":{\"fixed_width\":\"large\",\"breakpoint\":\"m\",\"layout\":\"1-1\",\"margin\":\"large\"},\"children\":[{\"name\":\"\",\"type\":\"column\",\"props\":{\"image_position\":\"center-center\",\"widths\":[\"1-1\"]},\"children\":[{\"name\":\"\",\"type\":\"button\",\"props\":{\"gutter\":\"small\",\"inline_align\":\"center\",\"margin\":\"\",\"text_align\":\"center\",\"button_size\":\"large\",\"animation\":\"slide-bottom-medium\"},\"children\":[{\"name\":\"\",\"type\":\"button_item\",\"props\":{\"button_style\":\"secondary\",\"content\":\"BROSZURA\",\"link\":\"wp-content\\\/uploads\\\/Radiotelefon_PMR_ICOM_IC-F29SR-min.pdf\",\"link_title\":\"Explore More\",\"icon_align\":\"left\",\"link_target\":\"blank\"}}]}]}]}]}]} --><\/p>\n","protected":false},"excerpt":{"rendered":"<p>Radiotelefon PMR ICOM IC-F29SR \u0141atwy w u\u017cyciu \u0141atwy w u\u017cyciu radiotelefon jest idealnym rozwi\u0105zaniem do pracy w miejscach, gdzie radio przechodzi z r\u0105k do r\u0105k. Dobra s\u0142yszalno\u015b\u0107 Du\u017ce 36 milimetrowe g\u0142o\u015bniki zapewniaj\u0105 dla operatora, pracuj\u0105cego w g\u0142o\u015bnym otoczeniu, czysty d\u017awi\u0119k o mocy 800mW. Obrotowe pokr\u0119t\u0142o do zmiany kana\u0142\u00f3w 16 pozycyjne pokr\u0119t\u0142o do zmiany kana\u0142\u00f3w, mo\u017ce [&hellip;]<\/p>\n","protected":false},"author":6,"featured_media":0,"parent":0,"menu_order":0,"comment_status":"closed","ping_status":"closed","template":"","meta":{"footnotes":""},"class_list":["post-3784","page","type-page","status-publish","hentry"],"yoast_head":"<!-- This site is optimized with the Yoast SEO plugin v27.6 - https:\/\/yoast.com\/product\/yoast-seo-wordpress\/ -->\n<title>Radiotelefon PMR ICOM IC-F29SR - ESCORT TECHNOLOGY<\/title>\n<meta name=\"robots\" content=\"index, follow, max-snippet:-1, max-image-preview:large, max-video-preview:-1\" \/>\n<link rel=\"canonical\" href=\"http:\/\/escort-technology.com\/pl\/de\/radiotelefon-pmr-icom-ic-f29sr\/\" \/>\n<meta property=\"og:locale\" content=\"pl_PL\" \/>\n<meta property=\"og:type\" content=\"article\" \/>\n<meta property=\"og:title\" content=\"Radiotelefon PMR ICOM IC-F29SR - ESCORT TECHNOLOGY\" \/>\n<meta property=\"og:description\" content=\"Radiotelefon PMR ICOM IC-F29SR \u0141atwy w u\u017cyciu \u0141atwy w u\u017cyciu radiotelefon jest idealnym rozwi\u0105zaniem do pracy w miejscach, gdzie radio przechodzi z r\u0105k do r\u0105k. Dobra s\u0142yszalno\u015b\u0107 Du\u017ce 36 milimetrowe g\u0142o\u015bniki zapewniaj\u0105 dla operatora, pracuj\u0105cego w g\u0142o\u015bnym otoczeniu, czysty d\u017awi\u0119k o mocy 800mW. Obrotowe pokr\u0119t\u0142o do zmiany kana\u0142\u00f3w 16 pozycyjne pokr\u0119t\u0142o do zmiany kana\u0142\u00f3w, mo\u017ce [&hellip;]\" \/>\n<meta property=\"og:url\" content=\"http:\/\/escort-technology.com\/pl\/de\/radiotelefon-pmr-icom-ic-f29sr\/\" \/>\n<meta property=\"og:site_name\" content=\"ESCORT TECHNOLOGY\" \/>\n<meta property=\"article:publisher\" content=\"https:\/\/www.facebook.com\/elektronika.morska\/\" \/>\n<meta property=\"article:modified_time\" content=\"2018-05-21T07:47:32+00:00\" \/>\n<meta name=\"twitter:card\" content=\"summary_large_image\" \/>\n<meta name=\"twitter:label1\" content=\"Szacowany czas czytania\" \/>\n\t<meta name=\"twitter:data1\" content=\"1 minuta\" \/>\n<script type=\"application\/ld+json\" class=\"yoast-schema-graph\">{\"@context\":\"https:\\\/\\\/schema.org\",\"@graph\":[{\"@type\":\"WebPage\",\"@id\":\"http:\\\/\\\/escort-technology.com\\\/de\\\/radiotelefon-pmr-icom-ic-f29sr\\\/\",\"url\":\"http:\\\/\\\/escort-technology.com\\\/de\\\/radiotelefon-pmr-icom-ic-f29sr\\\/\",\"name\":\"Radiotelefon PMR ICOM IC-F29SR - ESCORT TECHNOLOGY\",\"isPartOf\":{\"@id\":\"http:\\\/\\\/escort-technology.com\\\/de\\\/#website\"},\"datePublished\":\"2018-05-21T07:36:28+00:00\",\"dateModified\":\"2018-05-21T07:47:32+00:00\",\"breadcrumb\":{\"@id\":\"http:\\\/\\\/escort-technology.com\\\/de\\\/radiotelefon-pmr-icom-ic-f29sr\\\/#breadcrumb\"},\"inLanguage\":\"pl-PL\",\"potentialAction\":[{\"@type\":\"ReadAction\",\"target\":[\"http:\\\/\\\/escort-technology.com\\\/de\\\/radiotelefon-pmr-icom-ic-f29sr\\\/\"]}]},{\"@type\":\"BreadcrumbList\",\"@id\":\"http:\\\/\\\/escort-technology.com\\\/de\\\/radiotelefon-pmr-icom-ic-f29sr\\\/#breadcrumb\",\"itemListElement\":[{\"@type\":\"ListItem\",\"position\":1,\"name\":\"Strona g\u0142\u00f3wna\",\"item\":\"https:\\\/\\\/escort-technology.com\\\/\"},{\"@type\":\"ListItem\",\"position\":2,\"name\":\"Radiotelefon PMR ICOM IC-F29SR\"}]},{\"@type\":\"WebSite\",\"@id\":\"http:\\\/\\\/escort-technology.com\\\/de\\\/#website\",\"url\":\"http:\\\/\\\/escort-technology.com\\\/de\\\/\",\"name\":\"ESCORT TECHNOLOGY\",\"description\":\"Elektronika morska i l\u0105dowa\",\"publisher\":{\"@id\":\"http:\\\/\\\/escort-technology.com\\\/de\\\/#organization\"},\"potentialAction\":[{\"@type\":\"SearchAction\",\"target\":{\"@type\":\"EntryPoint\",\"urlTemplate\":\"http:\\\/\\\/escort-technology.com\\\/de\\\/?s={search_term_string}\"},\"query-input\":{\"@type\":\"PropertyValueSpecification\",\"valueRequired\":true,\"valueName\":\"search_term_string\"}}],\"inLanguage\":\"pl-PL\"},{\"@type\":\"Organization\",\"@id\":\"http:\\\/\\\/escort-technology.com\\\/de\\\/#organization\",\"name\":\"ESCORT TECHNOLOGY\",\"url\":\"http:\\\/\\\/escort-technology.com\\\/de\\\/\",\"logo\":{\"@type\":\"ImageObject\",\"inLanguage\":\"pl-PL\",\"@id\":\"http:\\\/\\\/escort-technology.com\\\/de\\\/#\\\/schema\\\/logo\\\/image\\\/\",\"url\":\"https:\\\/\\\/escort-technology.com\\\/wp-content\\\/uploads\\\/logo-1.jpg\",\"contentUrl\":\"https:\\\/\\\/escort-technology.com\\\/wp-content\\\/uploads\\\/logo-1.jpg\",\"width\":600,\"height\":165,\"caption\":\"ESCORT TECHNOLOGY\"},\"image\":{\"@id\":\"http:\\\/\\\/escort-technology.com\\\/de\\\/#\\\/schema\\\/logo\\\/image\\\/\"},\"sameAs\":[\"https:\\\/\\\/www.facebook.com\\\/elektronika.morska\\\/\",\"https:\\\/\\\/www.linkedin.com\\\/company\\\/escort-sp-z-o-o-\\\/\"]}]}<\/script>\n<!-- \/ Yoast SEO plugin. -->","yoast_head_json":{"title":"Radiotelefon PMR ICOM IC-F29SR - ESCORT TECHNOLOGY","robots":{"index":"index","follow":"follow","max-snippet":"max-snippet:-1","max-image-preview":"max-image-preview:large","max-video-preview":"max-video-preview:-1"},"canonical":"http:\/\/escort-technology.com\/pl\/de\/radiotelefon-pmr-icom-ic-f29sr\/","og_locale":"pl_PL","og_type":"article","og_title":"Radiotelefon PMR ICOM IC-F29SR - ESCORT TECHNOLOGY","og_description":"Radiotelefon PMR ICOM IC-F29SR \u0141atwy w u\u017cyciu \u0141atwy w u\u017cyciu radiotelefon jest idealnym rozwi\u0105zaniem do pracy w miejscach, gdzie radio przechodzi z r\u0105k do r\u0105k. Dobra s\u0142yszalno\u015b\u0107 Du\u017ce 36 milimetrowe g\u0142o\u015bniki zapewniaj\u0105 dla operatora, pracuj\u0105cego w g\u0142o\u015bnym otoczeniu, czysty d\u017awi\u0119k o mocy 800mW. Obrotowe pokr\u0119t\u0142o do zmiany kana\u0142\u00f3w 16 pozycyjne pokr\u0119t\u0142o do zmiany kana\u0142\u00f3w, mo\u017ce [&hellip;]","og_url":"http:\/\/escort-technology.com\/pl\/de\/radiotelefon-pmr-icom-ic-f29sr\/","og_site_name":"ESCORT TECHNOLOGY","article_publisher":"https:\/\/www.facebook.com\/elektronika.morska\/","article_modified_time":"2018-05-21T07:47:32+00:00","twitter_card":"summary_large_image","twitter_misc":{"Szacowany czas czytania":"1 minuta"},"schema":{"@context":"https:\/\/schema.org","@graph":[{"@type":"WebPage","@id":"http:\/\/escort-technology.com\/de\/radiotelefon-pmr-icom-ic-f29sr\/","url":"http:\/\/escort-technology.com\/de\/radiotelefon-pmr-icom-ic-f29sr\/","name":"Radiotelefon PMR ICOM IC-F29SR - ESCORT TECHNOLOGY","isPartOf":{"@id":"http:\/\/escort-technology.com\/de\/#website"},"datePublished":"2018-05-21T07:36:28+00:00","dateModified":"2018-05-21T07:47:32+00:00","breadcrumb":{"@id":"http:\/\/escort-technology.com\/de\/radiotelefon-pmr-icom-ic-f29sr\/#breadcrumb"},"inLanguage":"pl-PL","potentialAction":[{"@type":"ReadAction","target":["http:\/\/escort-technology.com\/de\/radiotelefon-pmr-icom-ic-f29sr\/"]}]},{"@type":"BreadcrumbList","@id":"http:\/\/escort-technology.com\/de\/radiotelefon-pmr-icom-ic-f29sr\/#breadcrumb","itemListElement":[{"@type":"ListItem","position":1,"name":"Strona g\u0142\u00f3wna","item":"https:\/\/escort-technology.com\/"},{"@type":"ListItem","position":2,"name":"Radiotelefon PMR ICOM IC-F29SR"}]},{"@type":"WebSite","@id":"http:\/\/escort-technology.com\/de\/#website","url":"http:\/\/escort-technology.com\/de\/","name":"ESCORT TECHNOLOGY","description":"Elektronika morska i l\u0105dowa","publisher":{"@id":"http:\/\/escort-technology.com\/de\/#organization"},"potentialAction":[{"@type":"SearchAction","target":{"@type":"EntryPoint","urlTemplate":"http:\/\/escort-technology.com\/de\/?s={search_term_string}"},"query-input":{"@type":"PropertyValueSpecification","valueRequired":true,"valueName":"search_term_string"}}],"inLanguage":"pl-PL"},{"@type":"Organization","@id":"http:\/\/escort-technology.com\/de\/#organization","name":"ESCORT TECHNOLOGY","url":"http:\/\/escort-technology.com\/de\/","logo":{"@type":"ImageObject","inLanguage":"pl-PL","@id":"http:\/\/escort-technology.com\/de\/#\/schema\/logo\/image\/","url":"https:\/\/escort-technology.com\/wp-content\/uploads\/logo-1.jpg","contentUrl":"https:\/\/escort-technology.com\/wp-content\/uploads\/logo-1.jpg","width":600,"height":165,"caption":"ESCORT TECHNOLOGY"},"image":{"@id":"http:\/\/escort-technology.com\/de\/#\/schema\/logo\/image\/"},"sameAs":["https:\/\/www.facebook.com\/elektronika.morska\/","https:\/\/www.linkedin.com\/company\/escort-sp-z-o-o-\/"]}]}},"_links":{"self":[{"href":"http:\/\/escort-technology.com\/pl\/wp-json\/wp\/v2\/pages\/3784","targetHints":{"allow":["GET"]}}],"collection":[{"href":"http:\/\/escort-technology.com\/pl\/wp-json\/wp\/v2\/pages"}],"about":[{"href":"http:\/\/escort-technology.com\/pl\/wp-json\/wp\/v2\/types\/page"}],"author":[{"embeddable":true,"href":"http:\/\/escort-technology.com\/pl\/wp-json\/wp\/v2\/users\/6"}],"replies":[{"embeddable":true,"href":"http:\/\/escort-technology.com\/pl\/wp-json\/wp\/v2\/comments?post=3784"}],"version-history":[{"count":2,"href":"http:\/\/escort-technology.com\/pl\/wp-json\/wp\/v2\/pages\/3784\/revisions"}],"predecessor-version":[{"id":3797,"href":"http:\/\/escort-technology.com\/pl\/wp-json\/wp\/v2\/pages\/3784\/revisions\/3797"}],"wp:attachment":[{"href":"http:\/\/escort-technology.com\/pl\/wp-json\/wp\/v2\/media?parent=3784"}],"curies":[{"name":"wp","href":"https:\/\/api.w.org\/{rel}","templated":true}]}}