{"id":4027,"date":"2018-05-23T07:40:24","date_gmt":"2018-05-23T07:40:24","guid":{"rendered":"http:\/\/escort-technology.com\/?page_id=4027"},"modified":"2021-07-13T12:22:51","modified_gmt":"2021-07-13T10:22:51","slug":"sonar-holowany-c-max-cm2","status":"publish","type":"page","link":"http:\/\/escort-technology.com\/pl\/sonar-holowany-c-max-cm2\/","title":{"rendered":"Sonar holowany C-MAX CM2"},"content":{"rendered":"<h2>Sonar holowany C-MAX CM2<\/h2>\n<hr>\n<p><img decoding=\"async\" src=\"\/wp-content\/uploads\/2021\/06\/cmax.jpg\" alt=\"\"><\/p>\n<div>\n<p>Sonar holowany CM2 jest urz\u0105dzeniem pozwalaj\u0105cym prowadzi\u0107 pomiary z pr\u0119dko\u015bci\u0105 od 1 do 8 w\u0119z\u0142\u00f3w. Dost\u0119pny jest w dw\u00f3ch wersjach: DF (100\/325 kHz) i EDF (325\/780 kHz). Do pomiar\u00f3w og\u00f3lnych najcz\u0119\u015bciej wykorzystywana jest wersja DF. W trybie 100kHz pas poszukiwania wynosi do 1000 m szeroko\u015bci, co jest przydatne przy wykrywaniu wi\u0119kszych obiekt\u00f3w, takich jak wraki lub kontenery. W trybie 325kHz mo\u017cliwe jest odr\u00f3\u017cnienie takich obiekt\u00f3w, jak liny cumownicze, \u0142a\u0144cuchy kotwiczne, kotwice, pale, ska\u0142y, a tak\u017ce r\u00f3\u017cnice w teksturze dna morskiego.<\/p>\n<\/p>\n<p><strong>1. Parametry techniczne:<\/strong><\/p>\n<table>\n<tbody>\n<tr>\n<td>Cz\u0119stotliwo\u015b\u0107:<\/td>\n<td>Typ DF: 100\/325 kHz (CHIRP)<br \/>Typ EDF 325\/780 kHz (CHIRP)<\/td>\n<\/tr>\n<tr>\n<td>G\u0142\u0119boko\u015b\u0107 pracy:<\/td>\n<td>0-2000m<\/td>\n<\/tr>\n<tr>\n<td>Zakres pracy (na lew\u0105 i praw\u0105 stron\u0119)<\/td>\n<td>100m, 200m, 300m, 400m, 500m -przy cz\u0119stotliwo\u015bci 100 kHz<br \/>25m, 50m, 75m, 100m, 150m -przy cz\u0119stotliwo\u015bci 325 kHz<br \/>12.5m, 25m, 37.5m, 50m &#8211; przy cz\u0119stotliwo\u015bci 780 kHz<\/td>\n<\/tr>\n<tr>\n<td>Pr\u0119dko\u015b\u0107 operacyjna:<\/td>\n<td>1-8 w\u0119z\u0142\u00f3w<\/td>\n<\/tr>\n<tr>\n<td>Maksymalna pr\u0119dko\u015b\u0107 holowania:<\/td>\n<td>12 w\u0119z\u0142\u00f3w<\/td>\n<\/tr>\n<tr>\n<td>Cz\u0119sto\u015b\u0107 impulsowania, impuls na sekund\u0119 (przy zakresie):<\/td>\n<td>780kHz: 25.4 (12.5m), 25.4 (25m), 17.8 (37.5m), 13.8 (50m),<br \/>325kHz: 25.4 (25m), 13.8 (50m), 9.4 (75m), 7.2 (100m), 4.8 (150m),<br \/>100kHz: 7.2 (100m), 3.7 (200m), 2.45 (300m), 1.85 (400m), 1.49 (500m)<\/td>\n<\/tr>\n<tr>\n<td>Szeroko\u015b\u0107 wi\u0105zki:<\/td>\n<td>pozioma 0.3\u00ba przy 325kHz; 1.0\u00ba przy 100kHz; 0.2\u00ba przy 780kHz<br \/>pionowa, pe\u0142ne pokrycie -5\u00ba na lewo przez -90\u00ba do -5\u00ba na prawo<\/td>\n<\/tr>\n<tr>\n<td>Rozdzielczo\u015b\u0107 boczna<\/td>\n<td>18mm przy 780 kHz, 39mm przy 325 kHz (18mm na zakresie 25 metr\u00f3w), 78mm przy 100 kHz<\/td>\n<\/tr>\n<tr>\n<td>Pochylanie wi\u0105zki (na osiach maks. czu\u0142o\u015bci):<\/td>\n<td>10\u00ba lub 20\u00ba, ustawiana bez narz\u0119dzi<\/td>\n<\/tr>\n<tr>\n<td>Obudowa:<\/td>\n<td>Stal nierdzewna<\/td>\n<\/tr>\n<tr>\n<td>Wymiary g\u0142owicy i ci\u0119\u017car<\/td>\n<td>1.24m d\u0142ugo\u015b\u0107<br \/>Typ DF: 18.0kg w powietrzu, 12.2kg w wodzie morskiej<br \/>Typ EDF: 17.1kg w powietrzu, 11.3kg w wodzie morskiej<\/td>\n<\/tr>\n<tr>\n<td>Zakres temperatury g\u0142owicy<\/td>\n<td>-10 do +45\u00baC praca<br \/>-20 do +50\u00baC przechowywanie<\/td>\n<\/tr>\n<tr>\n<td>Zabezpieczenie<\/td>\n<td>Mechanizm zabezpieczaj\u0105cy w trakcie holowania z si\u0142\u0105 przekraczaj\u0105c\u0105 nominaln\u0105 0.75kN (75kg)<\/td>\n<\/tr>\n<tr>\n<td>Oprogramowanie do akwizycji:<\/td>\n<td>Producenta MaxView (w zestawie)<\/td>\n<\/tr>\n<\/tbody>\n<\/table>\n<p>\u00a0\u00a0<\/p>\n<p><strong>2. Dodatkowe czujniki:<\/strong><\/p>\n<ul>\n<li>Wysoko\u015b\u0107 'rybki&#8217;, z wbudowanej echosondy, rozdzielczo\u015b\u0107 78mm<\/li>\n<li>Temperatura wody<\/li>\n<li>Kurs (Opcjonalnie)<\/li>\n<li>G\u0142\u0119boko\u015b\u0107 (Opcjonalnie)<\/li>\n<\/ul>\n<p>\u00a0<br \/><strong>\u00a03. Interfejs dla magnetometru<\/strong><\/p>\n<p>Opcjonalny interfejs do magnetometr\u00f3w Explorer i SeaSpy firmy Marine Magnetics, pozwala na zasilanie magnetometru z sonaru holowanego CM2 oraz wykorzystanie telemetrii kabloliny. W ten spos\u00f3b unika si\u0119 konieczno\u015bci u\u017cywania osobnego kabla holowniczego.<\/p>\n<p><strong>Akcesoria:<\/strong><\/p>\n<ul>\n<li><strong>&#8217;Skrzyd\u0142o dekompresyjne&#8217;<\/strong><br \/>Opcjonalnie CM2 mo\u017ce by\u0107 wyposa\u017cony w 'skrzyd\u0142o dekompresyjne&#8217; w celu zwi\u0119kszenia g\u0142\u0119boko\u015bci holowania nawet o 50% w odniesieniu do tej samej d\u0142ugo\u015bci kabla i pr\u0119dko\u015bci holowania.\n<\/li>\n<li><strong>Licznik<\/strong><br \/>Sonar posiada dedykowane ko\u0142o zliczaj\u0105ce ilo\u015b\u0107 wydanego kabla holowniczego. Pozwala to operatorowi na dok\u0142adne oszacowanie laybeck&#8217;u (odleg\u0142o\u015bci poziomej rybki od punktu odniesienia), do oceny podatno\u015bci sonaru na zmiany pr\u0119dko\u015bci statku, a tak\u017ce monitorowanie dzia\u0142ania wci\u0105garki, je\u015bli jest ona kontrolowana przez za\u0142og\u0119.<br \/>Ko\u0142o zawiera modu\u0142 zliczaj\u0105cy, kompatybilny z PC ze z\u0142\u0105czem RS232. Z\u0142\u0105cze przenosi zmierzon\u0105 d\u0142ugo\u015b\u0107 w metrach lub stopach, do +\/- 10000m [32800ft]. Rozdzielczo\u015b\u0107 pomiaru wynosi 0,5 metra [1.7ft].\n<\/li>\n<li><strong>Rura monta\u017cowa<\/strong><br \/>Rura o \u015brednicy 50mm zapewnia monta\u017c sonaru na burcie jednostki pomiarowej. Wykonana jest ze stali nierdzewnej.\n<\/li>\n<li><strong>Walizka transportowa<\/strong><br \/>Specjalnie zaprojektowana w przypadku transportu. Dost\u0119pna zar\u00f3wno dla CM2 Towfish i DeepTow.<\/li>\n<\/ul>\n<p>\u00a0<strong>Oprogramowanie MaxView<\/strong><\/p>\n<p>MaxView jest oprogramowaniem zapewniaj\u0105cym mo\u017cliwo\u015b\u0107 akwizycji, wy\u015bwietlania mapy, edycji i konwersji.<\/p>\n<\/p>\n<p>Zalety oprogramowania:<\/p>\n<ul>\n<li>Elastyczny interfejs nawigacyjny wy\u015bwietlaj\u0105cy wsp\u00f3\u0142rz\u0119dne w formacie Lat\/Long i UTM.<\/li>\n<li>Kompleksowy ploter pokazuj\u0105cy pozycj\u0119 statku i obiekt\u00f3w.<\/li>\n<li>Mo\u017ce by\u0107 zainstalowany bez licencji na wielu komputerach. Klucz jest niezb\u0119dny tylko do akwizycji danych.<\/li>\n<li>\u0141atwy eksport obraz\u00f3w, obiekt\u00f3w i danych nawigacyjnych do innych pakiet\u00f3w oprogramowania.<\/li>\n<\/ul>\n<p>Do sonaru do\u0142\u0105czona jest instrukcja w j\u0119zyku polskim.<\/p>\n<\/p>\n<p>Broszury w j\u0119zyku angielskim:<\/p>\n<\/div>\n<ul>\n<li>\n        <a href=\"\/wp-content\/uploads\/Brochure2015.pdf\">BROSZURA<\/a>\n    <\/li>\n<li>\n        <a href=\"\/wp-content\/uploads\/CM2_towfish_spec_10.pdf\">SPECYFIKACJA<\/a>\n    <\/li>\n<li>\n        <a href=\"\/wp-content\/uploads\/2021\/07\/Brochure2019.pdf\">Broszura PL<\/a>\n    <\/li>\n<\/ul>\n<p><!--more--><br \/>\n<!-- {\"name\":\"\",\"type\":\"layout\",\"children\":[{\"name\":\"ANTENA\",\"type\":\"section\",\"props\":{\"width\":\"large\",\"padding\":\"xsmall\",\"style\":\"default\",\"media\":\"\",\"height_viewport\":false,\"header_overlay\":\"light\",\"animation\":\"slide-top-medium\",\"padding_remove_top\":false,\"image_size\":\"cover\",\"image\":\"\",\"image_position\":\"bottom-center\",\"image_fixed\":false,\"class\":\"\",\"overlap\":true,\"vertical_align\":\"middle\",\"title_position\":\"top-left\",\"title_rotation\":\"left\",\"title_breakpoint\":\"xl\"},\"children\":[{\"name\":\"\",\"type\":\"row\",\"children\":[{\"name\":\"\",\"type\":\"column\",\"props\":{\"image_position\":\"center-center\",\"width_medium\":\"1-1\",\"media_overlay_gradient\":\"\"},\"children\":[{\"name\":\"\",\"type\":\"headline\",\"props\":{\"title_element\":\"h2\",\"content\":\"Sonar holowany C-MAX CM2\",\"text_align\":\"center\",\"text_align_fallback\":\"center\",\"title_style\":\"h2\",\"block_align\":\"center\"}},{\"name\":\"\",\"type\":\"divider\",\"props\":{\"divider_element\":\"hr\"}},{\"type\":\"image\",\"props\":{\"margin\":\"default\",\"image_svg_color\":\"emphasis\",\"image\":\"wp-content\\\/uploads\\\/2021\\\/06\\\/cmax.jpg\",\"text_align\":\"center\"}},{\"name\":\"\",\"type\":\"text\",\"props\":{\"column_breakpoint\":\"m\",\"margin\":\"medium\",\"content\":\"\n\n<p>Sonar holowany CM2 jest urz\\u0105dzeniem pozwalaj\\u0105cym prowadzi\\u0107 pomiary z pr\\u0119dko\\u015bci\\u0105 od 1 do 8 w\\u0119z\\u0142\\u00f3w. Dost\\u0119pny jest w dw\\u00f3ch wersjach: DF (100\\\/325 kHz) i EDF (325\\\/780 kHz). Do pomiar\\u00f3w og\\u00f3lnych najcz\\u0119\\u015bciej wykorzystywana jest wersja DF. W trybie 100kHz pas poszukiwania wynosi do 1000 m szeroko\\u015bci, co jest przydatne przy wykrywaniu wi\\u0119kszych obiekt\\u00f3w, takich jak wraki lub kontenery. W trybie 325kHz mo\\u017cliwe jest odr\\u00f3\\u017cnienie takich obiekt\\u00f3w, jak liny cumownicze, \\u0142a\\u0144cuchy kotwiczne, kotwice, pale, ska\\u0142y, a tak\\u017ce r\\u00f3\\u017cnice w teksturze dna morskiego.<\\\/p>\\n\n\n<p><\\\/p>\\n\n\n<p><strong>1. Parametry techniczne:<\\\/strong><\\\/p>\\n\n\n<table>\\n\n\n<tbody>\\n\n\n<tr>\\n\n\n<td>Cz\\u0119stotliwo\\u015b\\u0107:<\\\/td>\\n\n\n<td>Typ DF: 100\\\/325 kHz (CHIRP)<br \\\/>Typ EDF 325\\\/780 kHz (CHIRP)<\\\/td>\\n<\\\/tr>\\n\n\n<tr>\\n\n\n<td>G\\u0142\\u0119boko\\u015b\\u0107 pracy:<\\\/td>\\n\n\n<td>0-2000m<\\\/td>\\n<\\\/tr>\\n\n\n<tr>\\n\n\n<td>Zakres pracy (na lew\\u0105 i praw\\u0105 stron\\u0119)<\\\/td>\\n\n\n<td>100m, 200m, 300m, 400m, 500m -przy cz\\u0119stotliwo\\u015bci 100 kHz<br \\\/>25m, 50m, 75m, 100m, 150m -przy cz\\u0119stotliwo\\u015bci 325 kHz<br \\\/>12.5m, 25m, 37.5m, 50m - przy cz\\u0119stotliwo\\u015bci 780 kHz<\\\/td>\\n<\\\/tr>\\n\n\n<tr>\\n\n\n<td>Pr\\u0119dko\\u015b\\u0107 operacyjna:<\\\/td>\\n\n\n<td>1-8 w\\u0119z\\u0142\\u00f3w<\\\/td>\\n<\\\/tr>\\n\n\n<tr>\\n\n\n<td>Maksymalna pr\\u0119dko\\u015b\\u0107 holowania:<\\\/td>\\n\n\n<td>12 w\\u0119z\\u0142\\u00f3w<\\\/td>\\n<\\\/tr>\\n\n\n<tr>\\n\n\n<td>Cz\\u0119sto\\u015b\\u0107 impulsowania, impuls na sekund\\u0119 (przy zakresie):<\\\/td>\\n\n\n<td>780kHz: 25.4 (12.5m), 25.4 (25m), 17.8 (37.5m), 13.8 (50m),<br \\\/>325kHz: 25.4 (25m), 13.8 (50m), 9.4 (75m), 7.2 (100m), 4.8 (150m),<br \\\/>100kHz: 7.2 (100m), 3.7 (200m), 2.45 (300m), 1.85 (400m), 1.49 (500m)<\\\/td>\\n<\\\/tr>\\n\n\n<tr>\\n\n\n<td>Szeroko\\u015b\\u0107 wi\\u0105zki:<\\\/td>\\n\n\n<td>pozioma 0.3\\u00ba przy 325kHz; 1.0\\u00ba przy 100kHz; 0.2\\u00ba przy 780kHz<br \\\/>pionowa, pe\\u0142ne pokrycie -5\\u00ba na lewo przez -90\\u00ba do -5\\u00ba na prawo<\\\/td>\\n<\\\/tr>\\n\n\n<tr>\\n\n\n<td>Rozdzielczo\\u015b\\u0107 boczna<\\\/td>\\n\n\n<td>18mm przy 780 kHz, 39mm przy 325 kHz (18mm na zakresie 25 metr\\u00f3w), 78mm przy 100 kHz<\\\/td>\\n<\\\/tr>\\n\n\n<tr>\\n\n\n<td>Pochylanie wi\\u0105zki (na osiach maks. czu\\u0142o\\u015bci):<\\\/td>\\n\n\n<td>10\\u00ba lub 20\\u00ba, ustawiana bez narz\\u0119dzi<\\\/td>\\n<\\\/tr>\\n\n\n<tr>\\n\n\n<td>Obudowa:<\\\/td>\\n\n\n<td>Stal nierdzewna<\\\/td>\\n<\\\/tr>\\n\n\n<tr>\\n\n\n<td>Wymiary g\\u0142owicy i ci\\u0119\\u017car<\\\/td>\\n\n\n<td>1.24m d\\u0142ugo\\u015b\\u0107<br \\\/>Typ DF: 18.0kg w powietrzu, 12.2kg w wodzie morskiej<br \\\/>Typ EDF: 17.1kg w powietrzu, 11.3kg w wodzie morskiej<\\\/td>\\n<\\\/tr>\\n\n\n<tr>\\n\n\n<td>Zakres temperatury g\\u0142owicy<\\\/td>\\n\n\n<td>-10 do +45\\u00baC praca<br \\\/>-20 do +50\\u00baC przechowywanie<\\\/td>\\n<\\\/tr>\\n\n\n<tr>\\n\n\n<td>Zabezpieczenie<\\\/td>\\n\n\n<td>Mechanizm zabezpieczaj\\u0105cy w trakcie holowania z si\\u0142\\u0105 przekraczaj\\u0105c\\u0105 nominaln\\u0105 0.75kN (75kg)<\\\/td>\\n<\\\/tr>\\n\n\n<tr>\\n\n\n<td>Oprogramowanie do akwizycji:<\\\/td>\\n\n\n<td>Producenta MaxView (w zestawie)<\\\/td>\\n<\\\/tr>\\n<\\\/tbody>\\n<\\\/table>\\n\n\n<p>\\u00a0\\u00a0<\\\/p>\\n\n\n<p><strong>2. Dodatkowe czujniki:<\\\/strong><\\\/p>\\n\n\n<ul>\\n\n\n<li>Wysoko\\u015b\\u0107 'rybki', z wbudowanej echosondy, rozdzielczo\\u015b\\u0107 78mm<\\\/li>\\n\n\n<li>Temperatura wody<\\\/li>\\n\n\n<li>Kurs (Opcjonalnie)<\\\/li>\\n\n\n<li>G\\u0142\\u0119boko\\u015b\\u0107 (Opcjonalnie)<\\\/li>\\n<\\\/ul>\\n\n\n<p>\\u00a0<br \\\/><strong>\\u00a03. Interfejs dla magnetometru<\\\/strong><\\\/p>\\n\n\n<p><br \\\/>Opcjonalny interfejs do magnetometr\\u00f3w Explorer i SeaSpy firmy Marine Magnetics, pozwala na zasilanie magnetometru z sonaru holowanego CM2 oraz wykorzystanie telemetrii kabloliny. W ten spos\\u00f3b unika si\\u0119 konieczno\\u015bci u\\u017cywania osobnego kabla holowniczego.<\\\/p>\\n\n\n<p><strong>Akcesoria:<\\\/strong><\\\/p>\\n\n\n<ul>\\n\n\n<li><strong>'Skrzyd\\u0142o dekompresyjne'<\\\/strong><br \\\/>Opcjonalnie CM2 mo\\u017ce by\\u0107 wyposa\\u017cony w 'skrzyd\\u0142o dekompresyjne' w celu zwi\\u0119kszenia g\\u0142\\u0119boko\\u015bci holowania nawet o 50% w odniesieniu do tej samej d\\u0142ugo\\u015bci kabla i pr\\u0119dko\\u015bci holowania.<br \\\/><br \\\/><\\\/li>\\n\n\n<li><strong>Licznik<\\\/strong><br \\\/>Sonar posiada dedykowane ko\\u0142o zliczaj\\u0105ce ilo\\u015b\\u0107 wydanego kabla holowniczego. Pozwala to operatorowi na dok\\u0142adne oszacowanie laybeck'u (odleg\\u0142o\\u015bci poziomej rybki od punktu odniesienia), do oceny podatno\\u015bci sonaru na zmiany pr\\u0119dko\\u015bci statku, a tak\\u017ce monitorowanie dzia\\u0142ania wci\\u0105garki, je\\u015bli jest ona kontrolowana przez za\\u0142og\\u0119.<br \\\/>Ko\\u0142o zawiera modu\\u0142 zliczaj\\u0105cy, kompatybilny z PC ze z\\u0142\\u0105czem RS232. Z\\u0142\\u0105cze przenosi zmierzon\\u0105 d\\u0142ugo\\u015b\\u0107 w metrach lub stopach, do +\\\/- 10000m [32800ft]. Rozdzielczo\\u015b\\u0107 pomiaru wynosi 0,5 metra [1.7ft].<br \\\/><br \\\/><\\\/li>\\n\n\n<li><strong>Rura monta\\u017cowa<\\\/strong><br \\\/>Rura o \\u015brednicy 50mm zapewnia monta\\u017c sonaru na burcie jednostki pomiarowej. Wykonana jest ze stali nierdzewnej.<br \\\/><br \\\/><\\\/li>\\n\n\n<li><strong>Walizka transportowa<\\\/strong><br \\\/>Specjalnie zaprojektowana w przypadku transportu. Dost\\u0119pna zar\\u00f3wno dla CM2 Towfish i DeepTow.<\\\/li>\\n<\\\/ul>\\n\n\n<p>\\u00a0<strong>Oprogramowanie MaxView<\\\/strong><\\\/p>\\n\n\n<p>MaxView jest oprogramowaniem zapewniaj\\u0105cym mo\\u017cliwo\\u015b\\u0107 akwizycji, wy\\u015bwietlania mapy, edycji i konwersji.<\\\/p>\\n\n\n<p><\\\/p>\\n\n\n<p>Zalety oprogramowania:<\\\/p>\\n\n\n<ul>\\n\n\n<li>Elastyczny interfejs nawigacyjny wy\\u015bwietlaj\\u0105cy wsp\\u00f3\\u0142rz\\u0119dne w formacie Lat\\\/Long i UTM.<\\\/li>\\n\n\n<li>Kompleksowy ploter pokazuj\\u0105cy pozycj\\u0119 statku i obiekt\\u00f3w.<\\\/li>\\n\n\n<li>Mo\\u017ce by\\u0107 zainstalowany bez licencji na wielu komputerach. Klucz jest niezb\\u0119dny tylko do akwizycji danych.<\\\/li>\\n\n\n<li>\\u0141atwy eksport obraz\\u00f3w, obiekt\\u00f3w i danych nawigacyjnych do innych pakiet\\u00f3w oprogramowania.<\\\/li>\\n<\\\/ul>\\n\n\n<p><\\\/p>\\n\n\n<p>Do sonaru do\\u0142\\u0105czona jest instrukcja w j\\u0119zyku polskim.<\\\/p>\\n\n\n<p><\\\/p>\\n\n\n<p>Broszury w j\\u0119zyku angielskim:<\\\/p>\",\"animation\":\"slide-left-medium\",\"text_align\":\"justify\",\"text_align_breakpoint\":\"m\",\"text_align_fallback\":\"center\",\"maxwidth\":\"2xlarge\",\"block_align\":\"center\"}}]}]},{\"name\":\"\",\"type\":\"row\",\"props\":{\"margin\":\"large\"},\"children\":[{\"name\":\"\",\"type\":\"column\",\"props\":{\"image_position\":\"center-center\",\"width_medium\":\"1-1\",\"media_overlay_gradient\":\"\"},\"children\":[{\"name\":\"\",\"type\":\"button\",\"props\":{\"inline_align\":\"center\",\"margin\":\"\",\"text_align\":\"center\",\"button_size\":\"large\",\"animation\":\"slide-bottom-medium\",\"grid_column_gap\":\"small\",\"grid_row_gap\":\"small\"},\"children\":[{\"name\":\"\",\"type\":\"button_item\",\"props\":{\"button_style\":\"secondary\",\"content\":\"BROSZURA\",\"link\":\"wp-content\\\/uploads\\\/Brochure2015.pdf\",\"link_title\":\"Explore More\",\"icon_align\":\"left\",\"link_target\":\"blank\"}},{\"name\":\"\",\"type\":\"button_item\",\"props\":{\"button_style\":\"secondary\",\"content\":\"SPECYFIKACJA\",\"link\":\"wp-content\\\/uploads\\\/CM2_towfish_spec_10.pdf\",\"link_title\":\"Explore More\",\"icon_align\":\"left\",\"link_target\":\"blank\"}},{\"type\":\"button_item\",\"props\":{\"button_style\":\"secondary\",\"icon_align\":\"left\",\"content\":\"Broszura PL\",\"link\":\"wp-content\\\/uploads\\\/2021\\\/07\\\/Brochure2019.pdf\"}}]}]}]}]}],\"version\":\"2.4.14\"} --><\/p>\n","protected":false},"excerpt":{"rendered":"<p>Sonar holowany C-MAX CM2 Sonar holowany CM2 jest urz\u0105dzeniem pozwalaj\u0105cym prowadzi\u0107 pomiary z pr\u0119dko\u015bci\u0105 od 1 do 8 w\u0119z\u0142\u00f3w. Dost\u0119pny jest w dw\u00f3ch wersjach: DF (100\/325 kHz) i EDF (325\/780 kHz). Do pomiar\u00f3w og\u00f3lnych najcz\u0119\u015bciej wykorzystywana jest wersja DF. W trybie 100kHz pas poszukiwania wynosi do 1000 m szeroko\u015bci, co jest przydatne przy wykrywaniu wi\u0119kszych [&hellip;]<\/p>\n","protected":false},"author":6,"featured_media":0,"parent":0,"menu_order":0,"comment_status":"closed","ping_status":"closed","template":"","meta":{"footnotes":""},"class_list":["post-4027","page","type-page","status-publish","hentry"],"yoast_head":"<!-- This site is optimized with the Yoast SEO plugin v27.6 - https:\/\/yoast.com\/product\/yoast-seo-wordpress\/ -->\n<title>Sonar holowany C-MAX CM2 - ESCORT TECHNOLOGY<\/title>\n<meta name=\"robots\" content=\"index, follow, max-snippet:-1, max-image-preview:large, max-video-preview:-1\" \/>\n<link rel=\"canonical\" href=\"http:\/\/escort-technology.com\/pl\/sonar-holowany-c-max-cm2\/\" \/>\n<meta property=\"og:locale\" content=\"pl_PL\" \/>\n<meta property=\"og:type\" content=\"article\" \/>\n<meta property=\"og:title\" content=\"Sonar holowany C-MAX CM2 - ESCORT TECHNOLOGY\" \/>\n<meta property=\"og:description\" content=\"Sonar holowany C-MAX CM2 Sonar holowany CM2 jest urz\u0105dzeniem pozwalaj\u0105cym prowadzi\u0107 pomiary z pr\u0119dko\u015bci\u0105 od 1 do 8 w\u0119z\u0142\u00f3w. Dost\u0119pny jest w dw\u00f3ch wersjach: DF (100\/325 kHz) i EDF (325\/780 kHz). Do pomiar\u00f3w og\u00f3lnych najcz\u0119\u015bciej wykorzystywana jest wersja DF. W trybie 100kHz pas poszukiwania wynosi do 1000 m szeroko\u015bci, co jest przydatne przy wykrywaniu wi\u0119kszych [&hellip;]\" \/>\n<meta property=\"og:url\" content=\"http:\/\/escort-technology.com\/pl\/sonar-holowany-c-max-cm2\/\" \/>\n<meta property=\"og:site_name\" content=\"ESCORT TECHNOLOGY\" \/>\n<meta property=\"article:publisher\" content=\"https:\/\/www.facebook.com\/elektronika.morska\/\" \/>\n<meta property=\"article:modified_time\" content=\"2021-07-13T10:22:51+00:00\" \/>\n<meta property=\"og:image\" content=\"http:\/\/escort-technology.com\/wp-content\/uploads\/2021\/06\/cmax.jpg\" \/>\n<meta name=\"twitter:card\" content=\"summary_large_image\" \/>\n<meta name=\"twitter:label1\" content=\"Szacowany czas czytania\" \/>\n\t<meta name=\"twitter:data1\" content=\"3 minuty\" \/>\n<script type=\"application\/ld+json\" class=\"yoast-schema-graph\">{\"@context\":\"https:\\\/\\\/schema.org\",\"@graph\":[{\"@type\":\"WebPage\",\"@id\":\"http:\\\/\\\/escort-technology.com\\\/pl\\\/sonar-holowany-c-max-cm2\\\/\",\"url\":\"http:\\\/\\\/escort-technology.com\\\/pl\\\/sonar-holowany-c-max-cm2\\\/\",\"name\":\"Sonar holowany C-MAX CM2 - ESCORT TECHNOLOGY\",\"isPartOf\":{\"@id\":\"http:\\\/\\\/escort-technology.com\\\/de\\\/#website\"},\"datePublished\":\"2018-05-23T07:40:24+00:00\",\"dateModified\":\"2021-07-13T10:22:51+00:00\",\"breadcrumb\":{\"@id\":\"http:\\\/\\\/escort-technology.com\\\/pl\\\/sonar-holowany-c-max-cm2\\\/#breadcrumb\"},\"inLanguage\":\"pl-PL\",\"potentialAction\":[{\"@type\":\"ReadAction\",\"target\":[\"http:\\\/\\\/escort-technology.com\\\/pl\\\/sonar-holowany-c-max-cm2\\\/\"]}]},{\"@type\":\"BreadcrumbList\",\"@id\":\"http:\\\/\\\/escort-technology.com\\\/pl\\\/sonar-holowany-c-max-cm2\\\/#breadcrumb\",\"itemListElement\":[{\"@type\":\"ListItem\",\"position\":1,\"name\":\"Strona g\u0142\u00f3wna\",\"item\":\"https:\\\/\\\/escort-technology.com\\\/\"},{\"@type\":\"ListItem\",\"position\":2,\"name\":\"Sonar holowany C-MAX CM2\"}]},{\"@type\":\"WebSite\",\"@id\":\"http:\\\/\\\/escort-technology.com\\\/de\\\/#website\",\"url\":\"http:\\\/\\\/escort-technology.com\\\/de\\\/\",\"name\":\"ESCORT TECHNOLOGY\",\"description\":\"Elektronika morska i l\u0105dowa\",\"publisher\":{\"@id\":\"http:\\\/\\\/escort-technology.com\\\/de\\\/#organization\"},\"potentialAction\":[{\"@type\":\"SearchAction\",\"target\":{\"@type\":\"EntryPoint\",\"urlTemplate\":\"http:\\\/\\\/escort-technology.com\\\/de\\\/?s={search_term_string}\"},\"query-input\":{\"@type\":\"PropertyValueSpecification\",\"valueRequired\":true,\"valueName\":\"search_term_string\"}}],\"inLanguage\":\"pl-PL\"},{\"@type\":\"Organization\",\"@id\":\"http:\\\/\\\/escort-technology.com\\\/de\\\/#organization\",\"name\":\"ESCORT TECHNOLOGY\",\"url\":\"http:\\\/\\\/escort-technology.com\\\/de\\\/\",\"logo\":{\"@type\":\"ImageObject\",\"inLanguage\":\"pl-PL\",\"@id\":\"http:\\\/\\\/escort-technology.com\\\/de\\\/#\\\/schema\\\/logo\\\/image\\\/\",\"url\":\"https:\\\/\\\/escort-technology.com\\\/wp-content\\\/uploads\\\/logo-1.jpg\",\"contentUrl\":\"https:\\\/\\\/escort-technology.com\\\/wp-content\\\/uploads\\\/logo-1.jpg\",\"width\":600,\"height\":165,\"caption\":\"ESCORT TECHNOLOGY\"},\"image\":{\"@id\":\"http:\\\/\\\/escort-technology.com\\\/de\\\/#\\\/schema\\\/logo\\\/image\\\/\"},\"sameAs\":[\"https:\\\/\\\/www.facebook.com\\\/elektronika.morska\\\/\",\"https:\\\/\\\/www.linkedin.com\\\/company\\\/escort-sp-z-o-o-\\\/\"]}]}<\/script>\n<!-- \/ Yoast SEO plugin. -->","yoast_head_json":{"title":"Sonar holowany C-MAX CM2 - ESCORT TECHNOLOGY","robots":{"index":"index","follow":"follow","max-snippet":"max-snippet:-1","max-image-preview":"max-image-preview:large","max-video-preview":"max-video-preview:-1"},"canonical":"http:\/\/escort-technology.com\/pl\/sonar-holowany-c-max-cm2\/","og_locale":"pl_PL","og_type":"article","og_title":"Sonar holowany C-MAX CM2 - ESCORT TECHNOLOGY","og_description":"Sonar holowany C-MAX CM2 Sonar holowany CM2 jest urz\u0105dzeniem pozwalaj\u0105cym prowadzi\u0107 pomiary z pr\u0119dko\u015bci\u0105 od 1 do 8 w\u0119z\u0142\u00f3w. Dost\u0119pny jest w dw\u00f3ch wersjach: DF (100\/325 kHz) i EDF (325\/780 kHz). Do pomiar\u00f3w og\u00f3lnych najcz\u0119\u015bciej wykorzystywana jest wersja DF. W trybie 100kHz pas poszukiwania wynosi do 1000 m szeroko\u015bci, co jest przydatne przy wykrywaniu wi\u0119kszych [&hellip;]","og_url":"http:\/\/escort-technology.com\/pl\/sonar-holowany-c-max-cm2\/","og_site_name":"ESCORT TECHNOLOGY","article_publisher":"https:\/\/www.facebook.com\/elektronika.morska\/","article_modified_time":"2021-07-13T10:22:51+00:00","og_image":[{"url":"http:\/\/escort-technology.com\/wp-content\/uploads\/2021\/06\/cmax.jpg","type":"","width":"","height":""}],"twitter_card":"summary_large_image","twitter_misc":{"Szacowany czas czytania":"3 minuty"},"schema":{"@context":"https:\/\/schema.org","@graph":[{"@type":"WebPage","@id":"http:\/\/escort-technology.com\/pl\/sonar-holowany-c-max-cm2\/","url":"http:\/\/escort-technology.com\/pl\/sonar-holowany-c-max-cm2\/","name":"Sonar holowany C-MAX CM2 - ESCORT TECHNOLOGY","isPartOf":{"@id":"http:\/\/escort-technology.com\/de\/#website"},"datePublished":"2018-05-23T07:40:24+00:00","dateModified":"2021-07-13T10:22:51+00:00","breadcrumb":{"@id":"http:\/\/escort-technology.com\/pl\/sonar-holowany-c-max-cm2\/#breadcrumb"},"inLanguage":"pl-PL","potentialAction":[{"@type":"ReadAction","target":["http:\/\/escort-technology.com\/pl\/sonar-holowany-c-max-cm2\/"]}]},{"@type":"BreadcrumbList","@id":"http:\/\/escort-technology.com\/pl\/sonar-holowany-c-max-cm2\/#breadcrumb","itemListElement":[{"@type":"ListItem","position":1,"name":"Strona g\u0142\u00f3wna","item":"https:\/\/escort-technology.com\/"},{"@type":"ListItem","position":2,"name":"Sonar holowany C-MAX CM2"}]},{"@type":"WebSite","@id":"http:\/\/escort-technology.com\/de\/#website","url":"http:\/\/escort-technology.com\/de\/","name":"ESCORT TECHNOLOGY","description":"Elektronika morska i l\u0105dowa","publisher":{"@id":"http:\/\/escort-technology.com\/de\/#organization"},"potentialAction":[{"@type":"SearchAction","target":{"@type":"EntryPoint","urlTemplate":"http:\/\/escort-technology.com\/de\/?s={search_term_string}"},"query-input":{"@type":"PropertyValueSpecification","valueRequired":true,"valueName":"search_term_string"}}],"inLanguage":"pl-PL"},{"@type":"Organization","@id":"http:\/\/escort-technology.com\/de\/#organization","name":"ESCORT TECHNOLOGY","url":"http:\/\/escort-technology.com\/de\/","logo":{"@type":"ImageObject","inLanguage":"pl-PL","@id":"http:\/\/escort-technology.com\/de\/#\/schema\/logo\/image\/","url":"https:\/\/escort-technology.com\/wp-content\/uploads\/logo-1.jpg","contentUrl":"https:\/\/escort-technology.com\/wp-content\/uploads\/logo-1.jpg","width":600,"height":165,"caption":"ESCORT TECHNOLOGY"},"image":{"@id":"http:\/\/escort-technology.com\/de\/#\/schema\/logo\/image\/"},"sameAs":["https:\/\/www.facebook.com\/elektronika.morska\/","https:\/\/www.linkedin.com\/company\/escort-sp-z-o-o-\/"]}]}},"_links":{"self":[{"href":"http:\/\/escort-technology.com\/pl\/wp-json\/wp\/v2\/pages\/4027","targetHints":{"allow":["GET"]}}],"collection":[{"href":"http:\/\/escort-technology.com\/pl\/wp-json\/wp\/v2\/pages"}],"about":[{"href":"http:\/\/escort-technology.com\/pl\/wp-json\/wp\/v2\/types\/page"}],"author":[{"embeddable":true,"href":"http:\/\/escort-technology.com\/pl\/wp-json\/wp\/v2\/users\/6"}],"replies":[{"embeddable":true,"href":"http:\/\/escort-technology.com\/pl\/wp-json\/wp\/v2\/comments?post=4027"}],"version-history":[{"count":6,"href":"http:\/\/escort-technology.com\/pl\/wp-json\/wp\/v2\/pages\/4027\/revisions"}],"predecessor-version":[{"id":9409,"href":"http:\/\/escort-technology.com\/pl\/wp-json\/wp\/v2\/pages\/4027\/revisions\/9409"}],"wp:attachment":[{"href":"http:\/\/escort-technology.com\/pl\/wp-json\/wp\/v2\/media?parent=4027"}],"curies":[{"name":"wp","href":"https:\/\/api.w.org\/{rel}","templated":true}]}}