{"id":4063,"date":"2018-05-24T07:37:26","date_gmt":"2018-05-24T07:37:26","guid":{"rendered":"http:\/\/escort-technology.com\/?page_id=4063"},"modified":"2018-05-24T07:41:35","modified_gmt":"2018-05-24T07:41:35","slug":"system-seascan","status":"publish","type":"page","link":"http:\/\/escort-technology.com\/pl\/system-seascan\/","title":{"rendered":"System Seascan"},"content":{"rendered":"<p>System Seascan<\/p>\n<p>System Seascan<br \/>\n&#8211; ocena twardo\u015bci i chropowato\u015bci dna &#8211; wsp\u00f3\u0142praca z istniej\u0105cymi echosondami oraz typowymi ploterami nawigacyjnymi- automatyczne dostrajanie si\u0119 do mocy i do cz\u0119stotliwo\u015bci pracy echosond &#8211; automatyczne nanoszenie twardo\u015bci, chropowato\u015bci i g\u0142\u0119boko\u015bci dna na map\u0119 plotera- wbudowane oprogramowanie do automatycznego testowania pracy systemuSeascan 100: zakres cz\u0119stotliwo\u015bci 28 kHz do 100 kHz, moc echosondy do 4 kW, minimalny zakres 10mSeascan 200:zakres cz\u0119stotliwo\u015bci 20 kHz do 200 kHz, moc echosondy do 10 kW,minimalny zakres 5mInstalacja systemu polega na r\u00f3wnoleg\u0142ym pod\u0142\u0105czeniu wej\u015bcia urz\u0105dzenia Seascan do przetwornika istniej\u0105cej echosondy z jednej strony oraz pod\u0142\u0105czenia wyj\u015bcia urz\u0105dzenia za pomoc\u0105 typowego portu szeregowego RS232C do plotera np. typu Olex, Sodena czy innego typu z drugiej strony.System Seascan wykorzystuje technik\u0119 cyfrowej analizy cz\u0119\u015bci pierwszego echa oraz analiz\u0119 drugie echa.Do oceny twardo\u015bci dna jest wykorzystywana analiza drugiego echa , natomiast do oceny chropowato\u015bci dna wykorzystywana jest analiza cz\u0119\u015bci pierwszego echa.Odbierany sygna\u0142 pierwszego echa posiada charakterystyczne dla typu dna morskiego dwie cz\u0119\u015bci, cz\u0119\u015b\u0107 czo\u0142ow\u0105 oraz cz\u0119\u015b\u0107 ko\u0144cow\u0105. Charakter cz\u0119\u015bci czo\u0142owej impulsu odbitego od dna wynika z odbicia czo\u0142a impulsu nadawczego od dna i jest wykorzystywany tylko do oceny g\u0142\u0119boko\u015bci. Charakter cz\u0119\u015bci ko\u0144cowej jest uzale\u017cniony od stopnia chropowato\u015bci dna. Im powierzchnia dna jest bardziej chropowat\u0105, tym wi\u0119cej energii odbitej od dna ma szans\u0119 na powr\u00f3t do przetwornika odbiorczego. Wynika to z charakteru rozproszenia energii impulsu ultrad\u017awi\u0119kowego. Ilo\u015b\u0107 energii zawarta w \u201eogonie\u201d pierwszego echa jest poddawana analizie w celu oceny chropowato\u015bci dna.Poniewa\u017c drugie echo powstaje g\u0142\u00f3wnie wskutek ponownego odbicia od dna impulsu pierwszego echa odbitego uprzednio od powierzchni morza, ilo\u015b\u0107 energii zwarta w impulsie drugiego echa jest uzale\u017cniona g\u0142\u00f3wnie od twardo\u015bci dna. Wskutek tego, \u017ce ten impuls porusza si\u0119 w znacznie szerszym s\u0142upie wody ni\u017c pierwotny impuls nadawczy, ilo\u015b\u0107 zawartej w nim energii jest niezale\u017cna od k\u0105ta padania impulsu w stosunku do kierunku przetwornika lecz w\u0142a\u015bnie od twardo\u015bci dna. Warunki odbicia pierwszego echa od powierzchni granicznej morze\/powietrze s\u0105 bowiem stale jednakowe.<\/p>\n<p>BROSZURA<\/p>\n<p><!-- {\"name\":\"\",\"type\":\"layout\",\"children\":[{\"name\":\"ANTENA\",\"type\":\"section\",\"props\":{\"width\":\"default\",\"padding\":\"xsmall\",\"style\":\"default\",\"text_color\":\"\",\"media\":\"\",\"height_viewport\":false,\"header_overlay\":\"light\",\"animation\":\"slide-top-medium\",\"padding_remove_top\":false,\"image_size\":\"cover\",\"image\":\"\",\"image_position\":\"bottom-center\",\"image_fixed\":false,\"class\":\"\",\"overlap\":true,\"vertical_align\":\"middle\",\"title_position\":\"top-left\",\"title_rotation\":\"left\",\"title_breakpoint\":\"xl\"},\"children\":[{\"name\":\"\",\"type\":\"row\",\"props\":{\"layout\":\"1-1\",\"breakpoint\":\"m\",\"margin\":\"\",\"fixed_width\":\"large\"},\"children\":[{\"name\":\"\",\"type\":\"column\",\"props\":{\"image_position\":\"center-center\",\"widths\":[\"1-1\"]},\"children\":[{\"name\":\"\",\"type\":\"headline\",\"props\":{\"title_element\":\"h2\",\"content\":\"System Seascan\",\"text_align\":\"center\",\"text_align_fallback\":\"center\",\"maxwidth_align\":\"center\",\"maxwidth\":\"\",\"title_style\":\"h2\",\"title_decoration\":\"\",\"margin\":\"\"}},{\"name\":\"\",\"type\":\"divider\",\"props\":{\"divider_element\":\"hr\"}},{\"name\":\"\",\"type\":\"text\",\"props\":{\"margin\":\"default\",\"column_breakpoint\":\"m\",\"content\":\"\n\n<p><strong>System Seascan <\\\/strong><\\\/p>\\n\n\n<p style=\\\"text-align: justify;\\\">- ocena twardo\\u015bci i chropowato\\u015bci dna <br \\\/>- wsp\\u00f3\\u0142praca z istniej\\u0105cymi echosondami oraz typowymi ploterami nawigacyjnymi<br \\\/>- automatyczne dostrajanie si\\u0119 do mocy i do cz\\u0119stotliwo\\u015bci pracy echosond <br \\\/>- automatyczne nanoszenie twardo\\u015bci, chropowato\\u015bci i g\\u0142\\u0119boko\\u015bci dna na map\\u0119 plotera<br \\\/>- wbudowane oprogramowanie do automatycznego testowania pracy systemu<br \\\/><br \\\/>Seascan 100: zakres cz\\u0119stotliwo\\u015bci 28 kHz do 100 kHz, moc echosondy do 4 kW, minimalny zakres 10m<br \\\/><br \\\/>Seascan 200:zakres cz\\u0119stotliwo\\u015bci 20 kHz do 200 kHz, moc echosondy do 10 kW,minimalny zakres 5m<br \\\/><br \\\/><strong>Instalacja systemu<\\\/strong> polega na r\\u00f3wnoleg\\u0142ym pod\\u0142\\u0105czeniu wej\\u015bcia urz\\u0105dzenia Seascan do przetwornika istniej\\u0105cej echosondy z jednej strony oraz pod\\u0142\\u0105czenia wyj\\u015bcia urz\\u0105dzenia za pomoc\\u0105 typowego portu szeregowego RS232C do plotera np. typu Olex, Sodena czy innego typu z drugiej strony.<br \\\/><br \\\/>System Seascan wykorzystuje technik\\u0119 cyfrowej analizy cz\\u0119\\u015bci pierwszego echa oraz analiz\\u0119 drugie echa.<br \\\/>Do oceny twardo\\u015bci dna jest wykorzystywana analiza drugiego echa , natomiast do oceny chropowato\\u015bci dna wykorzystywana jest analiza cz\\u0119\\u015bci pierwszego echa.<br \\\/><br \\\/>Odbierany sygna\\u0142 pierwszego echa posiada charakterystyczne dla typu dna morskiego dwie cz\\u0119\\u015bci, cz\\u0119\\u015b\\u0107 czo\\u0142ow\\u0105 oraz cz\\u0119\\u015b\\u0107 ko\\u0144cow\\u0105. Charakter cz\\u0119\\u015bci czo\\u0142owej impulsu odbitego od dna wynika z odbicia czo\\u0142a impulsu nadawczego od dna i jest wykorzystywany tylko do oceny g\\u0142\\u0119boko\\u015bci. Charakter cz\\u0119\\u015bci ko\\u0144cowej jest uzale\\u017cniony od stopnia chropowato\\u015bci dna. <br \\\/>Im powierzchnia dna jest bardziej chropowat\\u0105, tym wi\\u0119cej energii odbitej od dna ma szans\\u0119 na powr\\u00f3t do przetwornika odbiorczego. Wynika to z charakteru rozproszenia energii impulsu ultrad\\u017awi\\u0119kowego. Ilo\\u015b\\u0107 energii zawarta w \\u201eogonie\\u201d pierwszego echa jest poddawana analizie w celu oceny chropowato\\u015bci dna.<br \\\/><br \\\/>Poniewa\\u017c drugie echo powstaje g\\u0142\\u00f3wnie wskutek ponownego odbicia od dna impulsu pierwszego echa odbitego uprzednio od powierzchni morza, ilo\\u015b\\u0107 energii zwarta w impulsie drugiego echa jest uzale\\u017cniona g\\u0142\\u00f3wnie od twardo\\u015bci dna. Wskutek tego, \\u017ce ten impuls porusza si\\u0119 w znacznie szerszym s\\u0142upie wody ni\\u017c pierwotny impuls nadawczy, ilo\\u015b\\u0107 zawartej w nim energii jest niezale\\u017cna od k\\u0105ta padania impulsu w stosunku do kierunku przetwornika lecz w\\u0142a\\u015bnie od twardo\\u015bci dna. Warunki odbicia pierwszego echa od powierzchni granicznej morze\\\/powietrze s\\u0105 bowiem stale jednakowe.<\\\/p>\",\"maxwidth\":\"xxlarge\",\"maxwidth_align\":\"center\"}}]}]},{\"name\":\"\",\"type\":\"row\",\"props\":{\"fixed_width\":\"large\",\"breakpoint\":\"m\",\"layout\":\"1-1\",\"margin\":\"large\"},\"children\":[{\"name\":\"\",\"type\":\"column\",\"props\":{\"image_position\":\"center-center\",\"widths\":[\"1-1\"]},\"children\":[{\"name\":\"\",\"type\":\"button\",\"props\":{\"gutter\":\"small\",\"inline_align\":\"center\",\"margin\":\"\",\"text_align\":\"center\",\"button_size\":\"large\",\"animation\":\"slide-bottom-medium\"},\"children\":[{\"name\":\"\",\"type\":\"button_item\",\"props\":{\"button_style\":\"secondary\",\"content\":\"BROSZURA\",\"link\":\"wp-content\\\/uploads\\\/System_Seascan_ang.pdf\",\"link_title\":\"Explore More\",\"icon_align\":\"left\",\"link_target\":\"blank\"}}]}]}]}]}]} --><\/p>\n","protected":false},"excerpt":{"rendered":"<p>System Seascan System Seascan &#8211; ocena twardo\u015bci i chropowato\u015bci dna &#8211; wsp\u00f3\u0142praca z istniej\u0105cymi echosondami oraz typowymi ploterami nawigacyjnymi- automatyczne dostrajanie si\u0119 do mocy i do cz\u0119stotliwo\u015bci pracy echosond &#8211; automatyczne nanoszenie twardo\u015bci, chropowato\u015bci i g\u0142\u0119boko\u015bci dna na map\u0119 plotera- wbudowane oprogramowanie do automatycznego testowania pracy systemuSeascan 100: zakres cz\u0119stotliwo\u015bci 28 kHz do 100 kHz, [&hellip;]<\/p>\n","protected":false},"author":6,"featured_media":0,"parent":0,"menu_order":0,"comment_status":"closed","ping_status":"closed","template":"","meta":{"footnotes":""},"class_list":["post-4063","page","type-page","status-publish","hentry"],"yoast_head":"<!-- This site is optimized with the Yoast SEO plugin v27.6 - https:\/\/yoast.com\/product\/yoast-seo-wordpress\/ -->\n<title>System Seascan - ESCORT TECHNOLOGY<\/title>\n<meta name=\"robots\" content=\"index, follow, max-snippet:-1, max-image-preview:large, max-video-preview:-1\" \/>\n<link rel=\"canonical\" href=\"http:\/\/escort-technology.com\/pl\/de\/system-seascan\/\" \/>\n<meta property=\"og:locale\" content=\"pl_PL\" \/>\n<meta property=\"og:type\" content=\"article\" \/>\n<meta property=\"og:title\" content=\"System Seascan - ESCORT TECHNOLOGY\" \/>\n<meta property=\"og:description\" content=\"System Seascan System Seascan &#8211; ocena twardo\u015bci i chropowato\u015bci dna &#8211; wsp\u00f3\u0142praca z istniej\u0105cymi echosondami oraz typowymi ploterami nawigacyjnymi- automatyczne dostrajanie si\u0119 do mocy i do cz\u0119stotliwo\u015bci pracy echosond &#8211; automatyczne nanoszenie twardo\u015bci, chropowato\u015bci i g\u0142\u0119boko\u015bci dna na map\u0119 plotera- wbudowane oprogramowanie do automatycznego testowania pracy systemuSeascan 100: zakres cz\u0119stotliwo\u015bci 28 kHz do 100 kHz, [&hellip;]\" \/>\n<meta property=\"og:url\" content=\"http:\/\/escort-technology.com\/pl\/de\/system-seascan\/\" \/>\n<meta property=\"og:site_name\" content=\"ESCORT TECHNOLOGY\" \/>\n<meta property=\"article:publisher\" content=\"https:\/\/www.facebook.com\/elektronika.morska\/\" \/>\n<meta property=\"article:modified_time\" content=\"2018-05-24T07:41:35+00:00\" \/>\n<meta name=\"twitter:card\" content=\"summary_large_image\" \/>\n<meta name=\"twitter:label1\" content=\"Szacowany czas czytania\" \/>\n\t<meta name=\"twitter:data1\" content=\"2 minuty\" \/>\n<script type=\"application\/ld+json\" class=\"yoast-schema-graph\">{\"@context\":\"https:\\\/\\\/schema.org\",\"@graph\":[{\"@type\":\"WebPage\",\"@id\":\"http:\\\/\\\/escort-technology.com\\\/de\\\/system-seascan\\\/\",\"url\":\"http:\\\/\\\/escort-technology.com\\\/de\\\/system-seascan\\\/\",\"name\":\"System Seascan - ESCORT TECHNOLOGY\",\"isPartOf\":{\"@id\":\"http:\\\/\\\/escort-technology.com\\\/de\\\/#website\"},\"datePublished\":\"2018-05-24T07:37:26+00:00\",\"dateModified\":\"2018-05-24T07:41:35+00:00\",\"breadcrumb\":{\"@id\":\"http:\\\/\\\/escort-technology.com\\\/de\\\/system-seascan\\\/#breadcrumb\"},\"inLanguage\":\"pl-PL\",\"potentialAction\":[{\"@type\":\"ReadAction\",\"target\":[\"http:\\\/\\\/escort-technology.com\\\/de\\\/system-seascan\\\/\"]}]},{\"@type\":\"BreadcrumbList\",\"@id\":\"http:\\\/\\\/escort-technology.com\\\/de\\\/system-seascan\\\/#breadcrumb\",\"itemListElement\":[{\"@type\":\"ListItem\",\"position\":1,\"name\":\"Strona g\u0142\u00f3wna\",\"item\":\"https:\\\/\\\/escort-technology.com\\\/\"},{\"@type\":\"ListItem\",\"position\":2,\"name\":\"System Seascan\"}]},{\"@type\":\"WebSite\",\"@id\":\"http:\\\/\\\/escort-technology.com\\\/de\\\/#website\",\"url\":\"http:\\\/\\\/escort-technology.com\\\/de\\\/\",\"name\":\"ESCORT TECHNOLOGY\",\"description\":\"Elektronika morska i l\u0105dowa\",\"publisher\":{\"@id\":\"http:\\\/\\\/escort-technology.com\\\/de\\\/#organization\"},\"potentialAction\":[{\"@type\":\"SearchAction\",\"target\":{\"@type\":\"EntryPoint\",\"urlTemplate\":\"http:\\\/\\\/escort-technology.com\\\/de\\\/?s={search_term_string}\"},\"query-input\":{\"@type\":\"PropertyValueSpecification\",\"valueRequired\":true,\"valueName\":\"search_term_string\"}}],\"inLanguage\":\"pl-PL\"},{\"@type\":\"Organization\",\"@id\":\"http:\\\/\\\/escort-technology.com\\\/de\\\/#organization\",\"name\":\"ESCORT TECHNOLOGY\",\"url\":\"http:\\\/\\\/escort-technology.com\\\/de\\\/\",\"logo\":{\"@type\":\"ImageObject\",\"inLanguage\":\"pl-PL\",\"@id\":\"http:\\\/\\\/escort-technology.com\\\/de\\\/#\\\/schema\\\/logo\\\/image\\\/\",\"url\":\"https:\\\/\\\/escort-technology.com\\\/wp-content\\\/uploads\\\/logo-1.jpg\",\"contentUrl\":\"https:\\\/\\\/escort-technology.com\\\/wp-content\\\/uploads\\\/logo-1.jpg\",\"width\":600,\"height\":165,\"caption\":\"ESCORT TECHNOLOGY\"},\"image\":{\"@id\":\"http:\\\/\\\/escort-technology.com\\\/de\\\/#\\\/schema\\\/logo\\\/image\\\/\"},\"sameAs\":[\"https:\\\/\\\/www.facebook.com\\\/elektronika.morska\\\/\",\"https:\\\/\\\/www.linkedin.com\\\/company\\\/escort-sp-z-o-o-\\\/\"]}]}<\/script>\n<!-- \/ Yoast SEO plugin. -->","yoast_head_json":{"title":"System Seascan - ESCORT TECHNOLOGY","robots":{"index":"index","follow":"follow","max-snippet":"max-snippet:-1","max-image-preview":"max-image-preview:large","max-video-preview":"max-video-preview:-1"},"canonical":"http:\/\/escort-technology.com\/pl\/de\/system-seascan\/","og_locale":"pl_PL","og_type":"article","og_title":"System Seascan - ESCORT TECHNOLOGY","og_description":"System Seascan System Seascan &#8211; ocena twardo\u015bci i chropowato\u015bci dna &#8211; wsp\u00f3\u0142praca z istniej\u0105cymi echosondami oraz typowymi ploterami nawigacyjnymi- automatyczne dostrajanie si\u0119 do mocy i do cz\u0119stotliwo\u015bci pracy echosond &#8211; automatyczne nanoszenie twardo\u015bci, chropowato\u015bci i g\u0142\u0119boko\u015bci dna na map\u0119 plotera- wbudowane oprogramowanie do automatycznego testowania pracy systemuSeascan 100: zakres cz\u0119stotliwo\u015bci 28 kHz do 100 kHz, [&hellip;]","og_url":"http:\/\/escort-technology.com\/pl\/de\/system-seascan\/","og_site_name":"ESCORT TECHNOLOGY","article_publisher":"https:\/\/www.facebook.com\/elektronika.morska\/","article_modified_time":"2018-05-24T07:41:35+00:00","twitter_card":"summary_large_image","twitter_misc":{"Szacowany czas czytania":"2 minuty"},"schema":{"@context":"https:\/\/schema.org","@graph":[{"@type":"WebPage","@id":"http:\/\/escort-technology.com\/de\/system-seascan\/","url":"http:\/\/escort-technology.com\/de\/system-seascan\/","name":"System Seascan - ESCORT TECHNOLOGY","isPartOf":{"@id":"http:\/\/escort-technology.com\/de\/#website"},"datePublished":"2018-05-24T07:37:26+00:00","dateModified":"2018-05-24T07:41:35+00:00","breadcrumb":{"@id":"http:\/\/escort-technology.com\/de\/system-seascan\/#breadcrumb"},"inLanguage":"pl-PL","potentialAction":[{"@type":"ReadAction","target":["http:\/\/escort-technology.com\/de\/system-seascan\/"]}]},{"@type":"BreadcrumbList","@id":"http:\/\/escort-technology.com\/de\/system-seascan\/#breadcrumb","itemListElement":[{"@type":"ListItem","position":1,"name":"Strona g\u0142\u00f3wna","item":"https:\/\/escort-technology.com\/"},{"@type":"ListItem","position":2,"name":"System Seascan"}]},{"@type":"WebSite","@id":"http:\/\/escort-technology.com\/de\/#website","url":"http:\/\/escort-technology.com\/de\/","name":"ESCORT TECHNOLOGY","description":"Elektronika morska i l\u0105dowa","publisher":{"@id":"http:\/\/escort-technology.com\/de\/#organization"},"potentialAction":[{"@type":"SearchAction","target":{"@type":"EntryPoint","urlTemplate":"http:\/\/escort-technology.com\/de\/?s={search_term_string}"},"query-input":{"@type":"PropertyValueSpecification","valueRequired":true,"valueName":"search_term_string"}}],"inLanguage":"pl-PL"},{"@type":"Organization","@id":"http:\/\/escort-technology.com\/de\/#organization","name":"ESCORT TECHNOLOGY","url":"http:\/\/escort-technology.com\/de\/","logo":{"@type":"ImageObject","inLanguage":"pl-PL","@id":"http:\/\/escort-technology.com\/de\/#\/schema\/logo\/image\/","url":"https:\/\/escort-technology.com\/wp-content\/uploads\/logo-1.jpg","contentUrl":"https:\/\/escort-technology.com\/wp-content\/uploads\/logo-1.jpg","width":600,"height":165,"caption":"ESCORT TECHNOLOGY"},"image":{"@id":"http:\/\/escort-technology.com\/de\/#\/schema\/logo\/image\/"},"sameAs":["https:\/\/www.facebook.com\/elektronika.morska\/","https:\/\/www.linkedin.com\/company\/escort-sp-z-o-o-\/"]}]}},"_links":{"self":[{"href":"http:\/\/escort-technology.com\/pl\/wp-json\/wp\/v2\/pages\/4063","targetHints":{"allow":["GET"]}}],"collection":[{"href":"http:\/\/escort-technology.com\/pl\/wp-json\/wp\/v2\/pages"}],"about":[{"href":"http:\/\/escort-technology.com\/pl\/wp-json\/wp\/v2\/types\/page"}],"author":[{"embeddable":true,"href":"http:\/\/escort-technology.com\/pl\/wp-json\/wp\/v2\/users\/6"}],"replies":[{"embeddable":true,"href":"http:\/\/escort-technology.com\/pl\/wp-json\/wp\/v2\/comments?post=4063"}],"version-history":[{"count":2,"href":"http:\/\/escort-technology.com\/pl\/wp-json\/wp\/v2\/pages\/4063\/revisions"}],"predecessor-version":[{"id":4068,"href":"http:\/\/escort-technology.com\/pl\/wp-json\/wp\/v2\/pages\/4063\/revisions\/4068"}],"wp:attachment":[{"href":"http:\/\/escort-technology.com\/pl\/wp-json\/wp\/v2\/media?parent=4063"}],"curies":[{"name":"wp","href":"https:\/\/api.w.org\/{rel}","templated":true}]}}