{"id":436,"date":"2018-02-12T14:54:31","date_gmt":"2018-02-12T14:54:31","guid":{"rendered":"http:\/\/escort-technology.com\/?page_id=436"},"modified":"2024-11-22T09:14:13","modified_gmt":"2024-11-22T08:14:13","slug":"sonarowe-badania-dna","status":"publish","type":"page","link":"http:\/\/escort-technology.com\/pl\/sonarowe-badania-dna\/","title":{"rendered":"Sonarowe badania dna"},"content":{"rendered":"<h1>\n<h1 style=\"text-align: center;\">SONAROWE BADANIA DNA<\/h1>\n<\/h1>\n<div>\n<h2><strong>Sonarowe badanie dna akwen\u00f3w wodnych \u2013 Precyzyjna lokalizacja przeszk\u00f3d i obiekt\u00f3w na dnie<\/strong><\/h2>\n<p>W celu dok\u0142adnego zobrazowania <strong>przeszk\u00f3d zalegaj\u0105cych na dnie akwen\u00f3w wodnych<\/strong>, wykorzystujemy <a href=\"https:\/\/escort-technology.com\/pl\/sonar-kongsberg-mesotech-ms1000\/\"><strong>sonar wysokiej rozdzielczo\u015bci MS1000<\/strong><\/a> firmy <strong>Kongsberg Mesotech<\/strong>, pracuj\u0105cy w trybie <strong>sonaru bocznego<\/strong> i <strong>sonaru skanuj\u0105cego<\/strong>, a tak\u017ce <a href=\"https:\/\/escort-technology.com\/pl\/holowany-sonar-boczny-pulsar\/\"><strong>sonar holowany PulSAR<\/strong><\/a> firmy <strong>Kongsberg Geoacoustics<\/strong>, dzia\u0142aj\u0105cy w zakresie cz\u0119stotliwo\u015bci <strong>500-1000 kHz<\/strong>. Nasze zaawansowane technologie pozwalaj\u0105 na precyzyjne lokalizowanie i identyfikowanie obiekt\u00f3w znajduj\u0105cych si\u0119 na dnie zbiornik\u00f3w wodnych, morza i innych akwen\u00f3w.<\/p>\n<h3><strong>W ramach naszych prac oferujemy:<\/strong><\/h3>\n<ul>\n<li><strong>Badania sonarowe<\/strong> na potrzeby wydania atestu czysto\u015bci dna przy przegl\u0105dach okresowych nabrze\u017cy oraz inny morskich budowli hydrotechnicznych,<\/li>\n<li><a href=\"https:\/\/escort-technology.com\/pl\/poszukiwanie-i-badanie-wrakow\/\"><strong>Poszukiwania<\/strong><\/a> i lokalizacj\u0119 zaginionych obiekt\u00f3w zalegaj\u0105cych na dnie morza,<\/li>\n<li><strong>Inspekcja dna zbiornik\u00f3w wodnych<\/strong> z wykorzystaniem <a href=\"https:\/\/escort-technology.com\/pl\/pojazd-podwodny-saab-falcon-dr\/\"><strong>pojazdu podwodnego<\/strong><\/a> wyposa\u017conego w kamer\u0119 wideo i sonar skanuj\u0105cy,<\/li>\n<li><strong>Autoryzowane sprawozdania sonarowe<\/strong> \u2013 przygotowanie szczeg\u00f3\u0142owych raport\u00f3w z <strong>sonarowego badania dna<\/strong>.<\/li>\n<\/ul>\n<h3><strong>Dlaczego warto wybra\u0107 nasze us\u0142ugi?<\/strong><\/h3>\n<ul>\n<li><strong>Nowoczesne technologie:<\/strong> Korzystamy z\u00a0 sonar\u00f3w, takich jak <a href=\"https:\/\/escort-technology.com\/pl\/sonar-kongsberg-mesotech-ms1000\/\"><strong>MS1000<\/strong><\/a> i <a href=\"https:\/\/escort-technology.com\/pl\/holowany-sonar-boczny-pulsar\/\"><strong>PulSAR<\/strong><\/a>, kt\u00f3re zapewniaj\u0105 wyj\u0105tkow\u0105 precyzj\u0119 i wysok\u0105 jako\u015b\u0107 zobrazowania.<\/li>\n<li><strong>Kompleksowe us\u0142ugi:<\/strong> Oferujemy pe\u0142en zakres us\u0142ug \u2013 od <strong>sonarowego badania dna<\/strong> po <strong>sporz\u0105dzanie autoryzowanych sprawozda\u0144<\/strong>.<\/li>\n<li><strong>Do\u015bwiadczenie i profesjonalizm:<\/strong> Nasza firma ma wieloletnie do\u015bwiadczenie w realizacji <strong>bada\u0144 sonarowych<\/strong> dla sektora hydrotechnicznego i innych bran\u017c.<\/li>\n<li>Realizujemy <strong>pomiary sonarowe w Szczecinie<\/strong>, Policach oraz na terenie ca\u0142ej Polski. Wykonujemy <strong>badania dna<\/strong> tworz\u0105c dokumentacj\u0119 <strong>atestu czysto\u015bci dna<\/strong>.<\/li>\n<\/ul>\n<\/div>\n<ul>\n<li>\n<p>        <img decoding=\"async\" src=\"\/wp-content\/uploads\/Dno_w_porcie_Gdansk2.png\" alt=\"\"><\/p>\n<\/li>\n<li>\n<p>        <img decoding=\"async\" src=\"\/wp-content\/uploads\/Dno_w_porcie_Gdansk-1.jpg\" alt=\"\"><\/p>\n<\/li>\n<\/ul>\n<p><!--more--><br \/>\n<!-- {\"type\":\"layout\",\"children\":[{\"name\":\"Hero\",\"type\":\"section\",\"props\":{\"animation\":\"slide-bottom-medium\",\"animation_delay\":\"200\",\"image\":\"wp-content\\\/uploads\\\/sonar1.gif\",\"image_height\":\"300\",\"image_position\":\"center-center\",\"image_size\":\"cover\",\"image_width\":\"1000\",\"media\":\"images\\\/service-header.jpg\",\"overlap\":true,\"padding\":\"large\",\"style\":\"secondary\",\"title_breakpoint\":\"xl\",\"title_position\":\"top-left\",\"title_rotation\":\"left\",\"vertical_align\":\"middle\",\"width\":\"expand\"},\"children\":[{\"type\":\"row\",\"children\":[{\"type\":\"column\",\"props\":{\"image_position\":\"center-center\",\"position_sticky_breakpoint\":\"m\",\"width_medium\":\"1-1\"},\"children\":[{\"type\":\"headline\",\"props\":{\"content\":\"\n\n<h1 style=\\\"text-align: center;\\\">SONAROWE BADANIA DNA<\\\/h1>\",\"margin\":\"small\",\"text_align\":\"center\",\"title_element\":\"h1\",\"title_style\":\"h1\"}}]}]}]},{\"name\":\"Advices\",\"type\":\"section\",\"props\":{\"animation\":\"fade\",\"image_position\":\"center-center\",\"image_size\":\"cover\",\"overlap\":true,\"padding\":\"xsmall\",\"style\":\"default\",\"title_breakpoint\":\"xl\",\"title_position\":\"top-left\",\"title_rotation\":\"left\",\"vertical_align\":\"middle\",\"width\":\"large\"},\"children\":[{\"type\":\"row\",\"props\":{\"layout\":\"2-3,1-3\",\"vertical_align\":true},\"children\":[{\"type\":\"column\",\"props\":{\"image_position\":\"center-center\",\"position_sticky_breakpoint\":\"m\",\"width_medium\":\"2-3\"},\"children\":[{\"type\":\"text\",\"props\":{\"column_breakpoint\":\"m\",\"content\":\"\n\n<h2><strong>Sonarowe badanie dna akwen\\u00f3w wodnych \\u2013 Precyzyjna lokalizacja przeszk\\u00f3d i obiekt\\u00f3w na dnie<\\\/strong><\\\/h2>\\n\n\n<p>W celu dok\\u0142adnego zobrazowania <strong>przeszk\\u00f3d zalegaj\\u0105cych na dnie akwen\\u00f3w wodnych<\\\/strong>, wykorzystujemy <a href=\\\"https:\\\/\\\/escort-technology.com\\\/pl\\\/sonar-kongsberg-mesotech-ms1000\\\/\\\"><strong>sonar wysokiej rozdzielczo\\u015bci MS1000<\\\/strong><\\\/a> firmy <strong>Kongsberg Mesotech<\\\/strong>, pracuj\\u0105cy w trybie <strong>sonaru bocznego<\\\/strong> i <strong>sonaru skanuj\\u0105cego<\\\/strong>, a tak\\u017ce <a href=\\\"https:\\\/\\\/escort-technology.com\\\/pl\\\/holowany-sonar-boczny-pulsar\\\/\\\"><strong>sonar holowany PulSAR<\\\/strong><\\\/a> firmy <strong>Kongsberg Geoacoustics<\\\/strong>, dzia\\u0142aj\\u0105cy w zakresie cz\\u0119stotliwo\\u015bci <strong>500-1000 kHz<\\\/strong>. Nasze zaawansowane technologie pozwalaj\\u0105 na precyzyjne lokalizowanie i identyfikowanie obiekt\\u00f3w znajduj\\u0105cych si\\u0119 na dnie zbiornik\\u00f3w wodnych, morza i innych akwen\\u00f3w.<\\\/p>\\n\n\n<h3><strong>W ramach naszych prac oferujemy:<\\\/strong><\\\/h3>\\n\n\n<ul>\\n\n\n<li><strong>Badania sonarowe<\\\/strong> na potrzeby wydania atestu czysto\\u015bci dna przy przegl\\u0105dach okresowych nabrze\\u017cy oraz inny morskich budowli hydrotechnicznych,<\\\/li>\\n\n\n<li><a href=\\\"https:\\\/\\\/escort-technology.com\\\/pl\\\/poszukiwanie-i-badanie-wrakow\\\/\\\"><strong>Poszukiwania<\\\/strong><\\\/a> i lokalizacj\\u0119 zaginionych obiekt\\u00f3w zalegaj\\u0105cych na dnie morza,<\\\/li>\\n\n\n<li><strong>Inspekcja dna zbiornik\\u00f3w wodnych<\\\/strong> z wykorzystaniem <a href=\\\"https:\\\/\\\/escort-technology.com\\\/pl\\\/pojazd-podwodny-saab-falcon-dr\\\/\\\"><strong>pojazdu podwodnego<\\\/strong><\\\/a> wyposa\\u017conego w kamer\\u0119 wideo i sonar skanuj\\u0105cy,<\\\/li>\\n\n\n<li><strong>Autoryzowane sprawozdania sonarowe<\\\/strong> \\u2013 przygotowanie szczeg\\u00f3\\u0142owych raport\\u00f3w z <strong>sonarowego badania dna<\\\/strong>.<\\\/li>\\n<\\\/ul>\\n\n\n<h3><strong>Dlaczego warto wybra\\u0107 nasze us\\u0142ugi?<\\\/strong><\\\/h3>\\n\n\n<ul>\\n\n\n<li><strong>Nowoczesne technologie:<\\\/strong> Korzystamy z\\u00a0 sonar\\u00f3w, takich jak <a href=\\\"https:\\\/\\\/escort-technology.com\\\/pl\\\/sonar-kongsberg-mesotech-ms1000\\\/\\\"><strong>MS1000<\\\/strong><\\\/a> i <a href=\\\"https:\\\/\\\/escort-technology.com\\\/pl\\\/holowany-sonar-boczny-pulsar\\\/\\\"><strong>PulSAR<\\\/strong><\\\/a>, kt\\u00f3re zapewniaj\\u0105 wyj\\u0105tkow\\u0105 precyzj\\u0119 i wysok\\u0105 jako\\u015b\\u0107 zobrazowania.<\\\/li>\\n\n\n<li><strong>Kompleksowe us\\u0142ugi:<\\\/strong> Oferujemy pe\\u0142en zakres us\\u0142ug \\u2013 od <strong>sonarowego badania dna<\\\/strong> po <strong>sporz\\u0105dzanie autoryzowanych sprawozda\\u0144<\\\/strong>.<\\\/li>\\n\n\n<li><strong>Do\\u015bwiadczenie i profesjonalizm:<\\\/strong> Nasza firma ma wieloletnie do\\u015bwiadczenie w realizacji <strong>bada\\u0144 sonarowych<\\\/strong> dla sektora hydrotechnicznego i innych bran\\u017c.<\\\/li>\\n\n\n<li>Realizujemy <strong>pomiary sonarowe w Szczecinie<\\\/strong>, Policach oraz na terenie ca\\u0142ej Polski. Wykonujemy <strong>badania dna<\\\/strong> tworz\\u0105c dokumentacj\\u0119 <strong>atestu czysto\\u015bci dna<\\\/strong>.<\\\/li>\\n<\\\/ul>\",\"margin\":\"default\",\"maxwidth\":\"2xlarge\",\"text_align\":\"justify\"}}]},{\"type\":\"column\",\"props\":{\"image_position\":\"center-center\",\"position_sticky_breakpoint\":\"m\",\"width_medium\":\"1-3\"},\"children\":[{\"type\":\"slideshow\",\"props\":{\"link_style\":\"default\",\"link_text\":\"Read more\",\"margin\":\"default\",\"meta_align\":\"below-title\",\"meta_element\":\"div\",\"meta_style\":\"text-meta\",\"nav\":\"dotnav\",\"nav_align\":\"center\",\"nav_breakpoint\":\"s\",\"nav_position\":\"bottom-center\",\"nav_position_margin\":\"medium\",\"overlay_animation\":\"parallax\",\"overlay_position\":\"center-left\",\"show_content\":true,\"show_link\":true,\"show_meta\":true,\"show_thumbnail\":true,\"show_title\":true,\"slidenav\":\"default\",\"slidenav_breakpoint\":\"s\",\"slidenav_margin\":\"medium\",\"slidenav_outside_breakpoint\":\"xl\",\"slideshow_autoplay_pause\":true,\"slideshow_max_height\":1200,\"slideshow_min_height\":400,\"thumbnav_height\":\"75\",\"thumbnav_svg_color\":\"emphasis\",\"thumbnav_width\":\"100\",\"title_element\":\"h3\"},\"children\":[{\"type\":\"slideshow_item\",\"props\":{\"image\":\"wp-content\\\/uploads\\\/Dno_w_porcie_Gdansk2.png\"}},{\"type\":\"slideshow_item\",\"props\":{\"image\":\"wp-content\\\/uploads\\\/Dno_w_porcie_Gdansk-1.jpg\"}}]}]}]}]}],\"version\":\"4.0.13\"} --><\/p>\n","protected":false},"excerpt":{"rendered":"<p>SONAROWE BADANIA DNA Sonarowe badanie dna akwen\u00f3w wodnych \u2013 Precyzyjna lokalizacja przeszk\u00f3d i obiekt\u00f3w na dnie W celu dok\u0142adnego zobrazowania przeszk\u00f3d zalegaj\u0105cych na dnie akwen\u00f3w wodnych, wykorzystujemy sonar wysokiej rozdzielczo\u015bci MS1000 firmy Kongsberg Mesotech, pracuj\u0105cy w trybie sonaru bocznego i sonaru skanuj\u0105cego, a tak\u017ce sonar holowany PulSAR firmy Kongsberg Geoacoustics, dzia\u0142aj\u0105cy w zakresie cz\u0119stotliwo\u015bci 500-1000 [&hellip;]<\/p>\n","protected":false},"author":1,"featured_media":0,"parent":0,"menu_order":0,"comment_status":"closed","ping_status":"closed","template":"","meta":{"footnotes":""},"class_list":["post-436","page","type-page","status-publish","hentry"],"yoast_head":"<!-- This site is optimized with the Yoast SEO plugin v27.5 - https:\/\/yoast.com\/product\/yoast-seo-wordpress\/ -->\n<title>Sonarowe badania dna morza - us\u0142ugi firmy Escort \u01c0 Szczecin<\/title>\n<meta name=\"description\" content=\"Firma Escort zajmuje si\u0119 r\u00f3wnie\u017c przeprowadzaniem sonarowych bada\u0144 dna morza oraz innych akwen\u00f3w. Oto szczeg\u00f3\u0142y zwi\u0105zane z naszymi us\u0142ugami! Zapraszamy serdecznie!\" \/>\n<meta name=\"robots\" content=\"index, follow, max-snippet:-1, max-image-preview:large, max-video-preview:-1\" \/>\n<link rel=\"canonical\" href=\"https:\/\/escort-technology.com\/pl\/sonarowe-badania-dna\/\" \/>\n<meta property=\"og:locale\" content=\"pl_PL\" \/>\n<meta property=\"og:type\" content=\"article\" \/>\n<meta property=\"og:title\" content=\"Sonarowe badania dna morza - us\u0142ugi firmy Escort \u01c0 Szczecin\" \/>\n<meta property=\"og:description\" content=\"Firma Escort zajmuje si\u0119 r\u00f3wnie\u017c przeprowadzaniem sonarowych bada\u0144 dna morza oraz innych akwen\u00f3w. Oto szczeg\u00f3\u0142y zwi\u0105zane z naszymi us\u0142ugami! Zapraszamy serdecznie!\" \/>\n<meta property=\"og:url\" content=\"https:\/\/escort-technology.com\/pl\/sonarowe-badania-dna\/\" \/>\n<meta property=\"og:site_name\" content=\"ESCORT TECHNOLOGY\" \/>\n<meta property=\"article:publisher\" content=\"https:\/\/www.facebook.com\/elektronika.morska\/\" \/>\n<meta property=\"article:modified_time\" content=\"2024-11-22T08:14:13+00:00\" \/>\n<meta name=\"twitter:card\" content=\"summary_large_image\" \/>\n<meta name=\"twitter:label1\" content=\"Szacowany czas czytania\" \/>\n\t<meta name=\"twitter:data1\" content=\"1 minuta\" \/>\n<script type=\"application\/ld+json\" class=\"yoast-schema-graph\">{\"@context\":\"https:\\\/\\\/schema.org\",\"@graph\":[{\"@type\":\"WebPage\",\"@id\":\"https:\\\/\\\/escort-technology.com\\\/sonarowe-badania-dna\\\/\",\"url\":\"https:\\\/\\\/escort-technology.com\\\/sonarowe-badania-dna\\\/\",\"name\":\"Sonarowe badania dna morza - us\u0142ugi firmy Escort \u01c0 Szczecin\",\"isPartOf\":{\"@id\":\"http:\\\/\\\/escort-technology.com\\\/de\\\/#website\"},\"datePublished\":\"2018-02-12T14:54:31+00:00\",\"dateModified\":\"2024-11-22T08:14:13+00:00\",\"description\":\"Firma Escort zajmuje si\u0119 r\u00f3wnie\u017c przeprowadzaniem sonarowych bada\u0144 dna morza oraz innych akwen\u00f3w. Oto szczeg\u00f3\u0142y zwi\u0105zane z naszymi us\u0142ugami! Zapraszamy serdecznie!\",\"breadcrumb\":{\"@id\":\"https:\\\/\\\/escort-technology.com\\\/sonarowe-badania-dna\\\/#breadcrumb\"},\"inLanguage\":\"pl-PL\",\"potentialAction\":[{\"@type\":\"ReadAction\",\"target\":[\"https:\\\/\\\/escort-technology.com\\\/sonarowe-badania-dna\\\/\"]}]},{\"@type\":\"BreadcrumbList\",\"@id\":\"https:\\\/\\\/escort-technology.com\\\/sonarowe-badania-dna\\\/#breadcrumb\",\"itemListElement\":[{\"@type\":\"ListItem\",\"position\":1,\"name\":\"Strona g\u0142\u00f3wna\",\"item\":\"https:\\\/\\\/escort-technology.com\\\/\"},{\"@type\":\"ListItem\",\"position\":2,\"name\":\"Sonarowe badania dna\"}]},{\"@type\":\"WebSite\",\"@id\":\"http:\\\/\\\/escort-technology.com\\\/de\\\/#website\",\"url\":\"http:\\\/\\\/escort-technology.com\\\/de\\\/\",\"name\":\"ESCORT TECHNOLOGY\",\"description\":\"Elektronika morska i l\u0105dowa\",\"publisher\":{\"@id\":\"http:\\\/\\\/escort-technology.com\\\/de\\\/#organization\"},\"potentialAction\":[{\"@type\":\"SearchAction\",\"target\":{\"@type\":\"EntryPoint\",\"urlTemplate\":\"http:\\\/\\\/escort-technology.com\\\/de\\\/?s={search_term_string}\"},\"query-input\":{\"@type\":\"PropertyValueSpecification\",\"valueRequired\":true,\"valueName\":\"search_term_string\"}}],\"inLanguage\":\"pl-PL\"},{\"@type\":\"Organization\",\"@id\":\"http:\\\/\\\/escort-technology.com\\\/de\\\/#organization\",\"name\":\"ESCORT TECHNOLOGY\",\"url\":\"http:\\\/\\\/escort-technology.com\\\/de\\\/\",\"logo\":{\"@type\":\"ImageObject\",\"inLanguage\":\"pl-PL\",\"@id\":\"http:\\\/\\\/escort-technology.com\\\/de\\\/#\\\/schema\\\/logo\\\/image\\\/\",\"url\":\"https:\\\/\\\/escort-technology.com\\\/wp-content\\\/uploads\\\/logo-1.jpg\",\"contentUrl\":\"https:\\\/\\\/escort-technology.com\\\/wp-content\\\/uploads\\\/logo-1.jpg\",\"width\":600,\"height\":165,\"caption\":\"ESCORT TECHNOLOGY\"},\"image\":{\"@id\":\"http:\\\/\\\/escort-technology.com\\\/de\\\/#\\\/schema\\\/logo\\\/image\\\/\"},\"sameAs\":[\"https:\\\/\\\/www.facebook.com\\\/elektronika.morska\\\/\",\"https:\\\/\\\/www.linkedin.com\\\/company\\\/escort-sp-z-o-o-\\\/\"]}]}<\/script>\n<!-- \/ Yoast SEO plugin. -->","yoast_head_json":{"title":"Sonarowe badania dna morza - us\u0142ugi firmy Escort \u01c0 Szczecin","description":"Firma Escort zajmuje si\u0119 r\u00f3wnie\u017c przeprowadzaniem sonarowych bada\u0144 dna morza oraz innych akwen\u00f3w. Oto szczeg\u00f3\u0142y zwi\u0105zane z naszymi us\u0142ugami! Zapraszamy serdecznie!","robots":{"index":"index","follow":"follow","max-snippet":"max-snippet:-1","max-image-preview":"max-image-preview:large","max-video-preview":"max-video-preview:-1"},"canonical":"https:\/\/escort-technology.com\/pl\/sonarowe-badania-dna\/","og_locale":"pl_PL","og_type":"article","og_title":"Sonarowe badania dna morza - us\u0142ugi firmy Escort \u01c0 Szczecin","og_description":"Firma Escort zajmuje si\u0119 r\u00f3wnie\u017c przeprowadzaniem sonarowych bada\u0144 dna morza oraz innych akwen\u00f3w. Oto szczeg\u00f3\u0142y zwi\u0105zane z naszymi us\u0142ugami! Zapraszamy serdecznie!","og_url":"https:\/\/escort-technology.com\/pl\/sonarowe-badania-dna\/","og_site_name":"ESCORT TECHNOLOGY","article_publisher":"https:\/\/www.facebook.com\/elektronika.morska\/","article_modified_time":"2024-11-22T08:14:13+00:00","twitter_card":"summary_large_image","twitter_misc":{"Szacowany czas czytania":"1 minuta"},"schema":{"@context":"https:\/\/schema.org","@graph":[{"@type":"WebPage","@id":"https:\/\/escort-technology.com\/sonarowe-badania-dna\/","url":"https:\/\/escort-technology.com\/sonarowe-badania-dna\/","name":"Sonarowe badania dna morza - us\u0142ugi firmy Escort \u01c0 Szczecin","isPartOf":{"@id":"http:\/\/escort-technology.com\/de\/#website"},"datePublished":"2018-02-12T14:54:31+00:00","dateModified":"2024-11-22T08:14:13+00:00","description":"Firma Escort zajmuje si\u0119 r\u00f3wnie\u017c przeprowadzaniem sonarowych bada\u0144 dna morza oraz innych akwen\u00f3w. Oto szczeg\u00f3\u0142y zwi\u0105zane z naszymi us\u0142ugami! Zapraszamy serdecznie!","breadcrumb":{"@id":"https:\/\/escort-technology.com\/sonarowe-badania-dna\/#breadcrumb"},"inLanguage":"pl-PL","potentialAction":[{"@type":"ReadAction","target":["https:\/\/escort-technology.com\/sonarowe-badania-dna\/"]}]},{"@type":"BreadcrumbList","@id":"https:\/\/escort-technology.com\/sonarowe-badania-dna\/#breadcrumb","itemListElement":[{"@type":"ListItem","position":1,"name":"Strona g\u0142\u00f3wna","item":"https:\/\/escort-technology.com\/"},{"@type":"ListItem","position":2,"name":"Sonarowe badania dna"}]},{"@type":"WebSite","@id":"http:\/\/escort-technology.com\/de\/#website","url":"http:\/\/escort-technology.com\/de\/","name":"ESCORT TECHNOLOGY","description":"Elektronika morska i l\u0105dowa","publisher":{"@id":"http:\/\/escort-technology.com\/de\/#organization"},"potentialAction":[{"@type":"SearchAction","target":{"@type":"EntryPoint","urlTemplate":"http:\/\/escort-technology.com\/de\/?s={search_term_string}"},"query-input":{"@type":"PropertyValueSpecification","valueRequired":true,"valueName":"search_term_string"}}],"inLanguage":"pl-PL"},{"@type":"Organization","@id":"http:\/\/escort-technology.com\/de\/#organization","name":"ESCORT TECHNOLOGY","url":"http:\/\/escort-technology.com\/de\/","logo":{"@type":"ImageObject","inLanguage":"pl-PL","@id":"http:\/\/escort-technology.com\/de\/#\/schema\/logo\/image\/","url":"https:\/\/escort-technology.com\/wp-content\/uploads\/logo-1.jpg","contentUrl":"https:\/\/escort-technology.com\/wp-content\/uploads\/logo-1.jpg","width":600,"height":165,"caption":"ESCORT TECHNOLOGY"},"image":{"@id":"http:\/\/escort-technology.com\/de\/#\/schema\/logo\/image\/"},"sameAs":["https:\/\/www.facebook.com\/elektronika.morska\/","https:\/\/www.linkedin.com\/company\/escort-sp-z-o-o-\/"]}]}},"_links":{"self":[{"href":"http:\/\/escort-technology.com\/pl\/wp-json\/wp\/v2\/pages\/436","targetHints":{"allow":["GET"]}}],"collection":[{"href":"http:\/\/escort-technology.com\/pl\/wp-json\/wp\/v2\/pages"}],"about":[{"href":"http:\/\/escort-technology.com\/pl\/wp-json\/wp\/v2\/types\/page"}],"author":[{"embeddable":true,"href":"http:\/\/escort-technology.com\/pl\/wp-json\/wp\/v2\/users\/1"}],"replies":[{"embeddable":true,"href":"http:\/\/escort-technology.com\/pl\/wp-json\/wp\/v2\/comments?post=436"}],"version-history":[{"count":38,"href":"http:\/\/escort-technology.com\/pl\/wp-json\/wp\/v2\/pages\/436\/revisions"}],"predecessor-version":[{"id":14101,"href":"http:\/\/escort-technology.com\/pl\/wp-json\/wp\/v2\/pages\/436\/revisions\/14101"}],"wp:attachment":[{"href":"http:\/\/escort-technology.com\/pl\/wp-json\/wp\/v2\/media?parent=436"}],"curies":[{"name":"wp","href":"https:\/\/api.w.org\/{rel}","templated":true}]}}