{"id":10411,"date":"2021-11-02T12:46:41","date_gmt":"2021-11-02T11:46:41","guid":{"rendered":"https:\/\/escort-technology.com\/?page_id=10411"},"modified":"2021-11-02T13:12:43","modified_gmt":"2021-11-02T12:12:43","slug":"mini-kamera-podwodna-marki-jw-fishers-model-mc-2-hd","status":"publish","type":"page","link":"https:\/\/escort-technology.com\/en\/mini-kamera-podwodna-marki-jw-fishers-model-mc-2-hd\/","title":{"rendered":"Mini kamera podwodna marki JW FISHERS model MC-2 HD"},"content":{"rendered":"<h1>\n<h1 class=\"uk-article-title\">Mini kamera podwodna marki JW FISHERS model MC-2 HD<\/h1>\n<\/h1>\n<hr>\n<p><img decoding=\"async\" src=\"\/wp-content\/uploads\/2021\/11\/mc2-with_leds.png\" alt=\"\"><\/p>\n<div>\n<p>MC-2 HD Mini Kamera &#8211; JW Fishers najni\u017cszy koszt podwodnego systemu wideo.<\/p>\n<p>Mini kamera JW Fishers MC-2 HD to podwodna kamera przeznaczona do r\u00f3\u017cnorodnych zastosowa\u0144. Kamera HD-TVI produkuje wideo 1920 x 1080 (1080p) full-HD dla ostrego, szczeg\u00f3\u0142owego obrazowania. Technologia HD-TVI obs\u0142uguje d\u0142u\u017csze odleg\u0142o\u015bci transmisji kablowej, pozwalaj\u0105c jednocze\u015bnie na przesy\u0142anie obrazu przez standardowy kabel koncentryczny, zapewniaj\u0105c brak op\u00f3\u017anie\u0144 i wysok\u0105 jako\u015b\u0107 obrazu.<\/p>\n<p>Mini kamera jest tak kompaktowa i lekka, \u017ce mo\u017ce by\u0107 \u0142atwo zamontowana na he\u0142mie nurka lub opuszczona do rury w celu przeprowadzenia inspekcji wewn\u0119trznej. MC-2 HD mo\u017ce wspomaga\u0107 nurka komercyjnego wykonuj\u0105cego inspekcje struktur podwodnych lub by\u0107 opuszczona do wody na tyczce w celu wykonywania inspekcji p\u0142ytkich w\u00f3d z powierzchni. Dost\u0119pne s\u0105 dwie opcje o\u015bwietlenia: wewn\u0119trzny pier\u015bcie\u0144 \u015bwietlny LED lub zewn\u0119trzne o\u015bwietlenie LED o mocy 1500 lumen\u00f3w. Pier\u015bcie\u0144 \u015bwietlny LED jest doskona\u0142y do obserwacji obiekt\u00f3w podwodnych z bliska, zewn\u0119trzne \u015bwiat\u0142o(a) jest mocniejsze i ma szersz\u0105 wi\u0105zk\u0119 do obserwacji obiekt\u00f3w w wi\u0119kszym zasi\u0119gu.<\/p>\n<p>System podstawowy zawiera kamer\u0119 o jasno\u015bci 0,08 luksa, 1920 x 1080p, 2,1 megapiksela, obudow\u0119 o wytrzyma\u0142o\u015bci na g\u0142\u0119boko\u015b\u0107 1000 st\u00f3p oraz 150 st\u00f3p kabla. Kamera produkuje ostre, wyra\u017ane wideo, kt\u00f3re jest wysy\u0142ane na g\u00f3r\u0119 z kamery podwodnej i mo\u017ce by\u0107 ogl\u0105dane na monitorze wideo, telewizorze z gniazdem wej\u015bciowym HDMI lub Fishers VRM-2 HD. Obraz mo\u017ce by\u0107 r\u00f3wnie\u017c nagrywany na naszym monitorze i nagrywarce VRM-2 HD. VRM-2 ma wbudowany 10,4-calowy p\u0142aski ekran z ultra jasnym wy\u015bwietlaczem, kt\u00f3ry sprawia, \u017ce jest dobrze widoczny nawet w s\u0142oneczne dni; ma r\u00f3wnie\u017c wbudowany cyfrowy rejestrator wideo, kt\u00f3ry zapisuje do 12 godzin wideo na karcie SD. Pobierz arkusz danych technicznych VRM-2 HD, aby uzyska\u0107 dodatkowe informacje.<\/p>\n<p>Starszych modeli system\u00f3w Mini Camera NIE MO\u017bNA uaktualni\u0107 do technologii HD ze wzgl\u0119du na liczne modyfikacje sprz\u0119tu i oprogramowania.\u00a0<\/p>\n<\/div>\n<p><iframe src=\"https:\/\/youtu.be\/fEw_h3QInag\"><\/iframe><\/p>\n<p>\n    <a href=\"\/wp-content\/uploads\/2021\/11\/http-__www.jwfishers.com_datasheets_MC-220HD20DS.pdf\">Karta katalogowa <\/a>\n<\/p>\n<p><!--more--><br \/>\n<!-- {\"type\":\"layout\",\"children\":[{\"type\":\"section\",\"props\":{\"style\":\"default\",\"width\":\"default\",\"vertical_align\":\"middle\",\"title_position\":\"top-left\",\"title_rotation\":\"left\",\"title_breakpoint\":\"xl\",\"image_position\":\"center-center\"},\"children\":[{\"type\":\"row\",\"children\":[{\"type\":\"column\",\"props\":{\"image_position\":\"center-center\",\"media_overlay_gradient\":\"\"},\"children\":[{\"type\":\"headline\",\"props\":{\"title_element\":\"h1\",\"content\":\"\n\n<h1 class=\\\"uk-article-title\\\">Mini kamera podwodna marki JW FISHERS model MC-2 HD<\\\/h1>\"}},{\"type\":\"divider\",\"props\":{\"divider_element\":\"hr\"}},{\"type\":\"image\",\"props\":{\"margin\":\"default\",\"image_svg_color\":\"emphasis\",\"image\":\"wp-content\\\/uploads\\\/2021\\\/11\\\/mc2-with_leds.png\",\"text_align\":\"center\",\"image_height\":\"450\"}},{\"type\":\"text\",\"props\":{\"margin\":\"default\",\"column_breakpoint\":\"m\",\"content\":\"\n\n<p>MC-2 HD Mini Kamera - JW Fishers najni\\u017cszy koszt podwodnego systemu wideo.<\\\/p>\\n\n\n<p>Mini kamera JW Fishers MC-2 HD to podwodna kamera przeznaczona do r\\u00f3\\u017cnorodnych zastosowa\\u0144. Kamera HD-TVI produkuje wideo 1920 x 1080 (1080p) full-HD dla ostrego, szczeg\\u00f3\\u0142owego obrazowania. Technologia HD-TVI obs\\u0142uguje d\\u0142u\\u017csze odleg\\u0142o\\u015bci transmisji kablowej, pozwalaj\\u0105c jednocze\\u015bnie na przesy\\u0142anie obrazu przez standardowy kabel koncentryczny, zapewniaj\\u0105c brak op\\u00f3\\u017anie\\u0144 i wysok\\u0105 jako\\u015b\\u0107 obrazu.<\\\/p>\\n\n\n<p>Mini kamera jest tak kompaktowa i lekka, \\u017ce mo\\u017ce by\\u0107 \\u0142atwo zamontowana na he\\u0142mie nurka lub opuszczona do rury w celu przeprowadzenia inspekcji wewn\\u0119trznej. MC-2 HD mo\\u017ce wspomaga\\u0107 nurka komercyjnego wykonuj\\u0105cego inspekcje struktur podwodnych lub by\\u0107 opuszczona do wody na tyczce w celu wykonywania inspekcji p\\u0142ytkich w\\u00f3d z powierzchni. Dost\\u0119pne s\\u0105 dwie opcje o\\u015bwietlenia: wewn\\u0119trzny pier\\u015bcie\\u0144 \\u015bwietlny LED lub zewn\\u0119trzne o\\u015bwietlenie LED o mocy 1500 lumen\\u00f3w. Pier\\u015bcie\\u0144 \\u015bwietlny LED jest doskona\\u0142y do obserwacji obiekt\\u00f3w podwodnych z bliska, zewn\\u0119trzne \\u015bwiat\\u0142o(a) jest mocniejsze i ma szersz\\u0105 wi\\u0105zk\\u0119 do obserwacji obiekt\\u00f3w w wi\\u0119kszym zasi\\u0119gu.<\\\/p>\\n\n\n<p>System podstawowy zawiera kamer\\u0119 o jasno\\u015bci 0,08 luksa, 1920 x 1080p, 2,1 megapiksela, obudow\\u0119 o wytrzyma\\u0142o\\u015bci na g\\u0142\\u0119boko\\u015b\\u0107 1000 st\\u00f3p oraz 150 st\\u00f3p kabla. Kamera produkuje ostre, wyra\\u017ane wideo, kt\\u00f3re jest wysy\\u0142ane na g\\u00f3r\\u0119 z kamery podwodnej i mo\\u017ce by\\u0107 ogl\\u0105dane na monitorze wideo, telewizorze z gniazdem wej\\u015bciowym HDMI lub Fishers VRM-2 HD. Obraz mo\\u017ce by\\u0107 r\\u00f3wnie\\u017c nagrywany na naszym monitorze i nagrywarce VRM-2 HD. VRM-2 ma wbudowany 10,4-calowy p\\u0142aski ekran z ultra jasnym wy\\u015bwietlaczem, kt\\u00f3ry sprawia, \\u017ce jest dobrze widoczny nawet w s\\u0142oneczne dni; ma r\\u00f3wnie\\u017c wbudowany cyfrowy rejestrator wideo, kt\\u00f3ry zapisuje do 12 godzin wideo na karcie SD. Pobierz arkusz danych technicznych VRM-2 HD, aby uzyska\\u0107 dodatkowe informacje.<\\\/p>\\n\n\n<p>Starszych modeli system\\u00f3w Mini Camera NIE MO\\u017bNA uaktualni\\u0107 do technologii HD ze wzgl\\u0119du na liczne modyfikacje sprz\\u0119tu i oprogramowania.\\u00a0<\\\/p>\"}},{\"type\":\"video\",\"props\":{\"video_controls\":true,\"margin\":\"default\",\"video\":\"https:\\\/\\\/youtu.be\\\/fEw_h3QInag\",\"video_height\":\"450\",\"text_align\":\"center\"}},{\"type\":\"button\",\"props\":{\"grid_column_gap\":\"small\",\"grid_row_gap\":\"small\",\"margin\":\"default\",\"text_align\":\"center\"},\"children\":[{\"type\":\"button_item\",\"props\":{\"button_style\":\"default\",\"icon_align\":\"left\",\"content\":\"Karta katalogowa \",\"link\":\"wp-content\\\/uploads\\\/2021\\\/11\\\/http-__www.jwfishers.com_datasheets_MC-220HD20DS.pdf\"}}]}]}]}]}],\"version\":\"2.6.7\"} --><\/p>\n","protected":false},"excerpt":{"rendered":"<p>Mini kamera podwodna marki JW FISHERS model MC-2 HD MC-2 HD Mini Kamera &#8211; JW Fishers najni\u017cszy koszt podwodnego systemu wideo. Mini kamera JW Fishers MC-2 HD to podwodna kamera przeznaczona do r\u00f3\u017cnorodnych zastosowa\u0144. Kamera HD-TVI produkuje wideo 1920 x 1080 (1080p) full-HD dla ostrego, szczeg\u00f3\u0142owego obrazowania. Technologia HD-TVI obs\u0142uguje d\u0142u\u017csze odleg\u0142o\u015bci transmisji kablowej, pozwalaj\u0105c [&hellip;]<\/p>\n","protected":false},"author":10,"featured_media":0,"parent":0,"menu_order":0,"comment_status":"closed","ping_status":"closed","template":"","meta":{"footnotes":""},"class_list":["post-10411","page","type-page","status-publish","hentry"],"yoast_head":"<!-- This site is optimized with the Yoast SEO plugin v27.5 - https:\/\/yoast.com\/product\/yoast-seo-wordpress\/ -->\n<title>Mini kamera podwodna marki JW FISHERS model MC-2 HD - ESCORT TECHNOLOGY<\/title>\n<meta name=\"robots\" content=\"index, follow, max-snippet:-1, max-image-preview:large, max-video-preview:-1\" \/>\n<link rel=\"canonical\" href=\"http:\/\/escort-technology.com\/en\/de\/mini-kamera-podwodna-marki-jw-fishers-model-mc-2-hd\/\" \/>\n<meta property=\"og:locale\" content=\"en_US\" \/>\n<meta property=\"og:type\" content=\"article\" \/>\n<meta property=\"og:title\" content=\"Mini kamera podwodna marki JW FISHERS model MC-2 HD - ESCORT TECHNOLOGY\" \/>\n<meta property=\"og:description\" content=\"Mini kamera podwodna marki JW FISHERS model MC-2 HD MC-2 HD Mini Kamera &#8211; JW Fishers najni\u017cszy koszt podwodnego systemu wideo. Mini kamera JW Fishers MC-2 HD to podwodna kamera przeznaczona do r\u00f3\u017cnorodnych zastosowa\u0144. Kamera HD-TVI produkuje wideo 1920 x 1080 (1080p) full-HD dla ostrego, szczeg\u00f3\u0142owego obrazowania. Technologia HD-TVI obs\u0142uguje d\u0142u\u017csze odleg\u0142o\u015bci transmisji kablowej, pozwalaj\u0105c [&hellip;]\" \/>\n<meta property=\"og:url\" content=\"http:\/\/escort-technology.com\/en\/de\/mini-kamera-podwodna-marki-jw-fishers-model-mc-2-hd\/\" \/>\n<meta property=\"og:site_name\" content=\"ESCORT TECHNOLOGY\" \/>\n<meta property=\"article:publisher\" content=\"https:\/\/www.facebook.com\/elektronika.morska\/\" \/>\n<meta property=\"article:modified_time\" content=\"2021-11-02T12:12:43+00:00\" \/>\n<meta property=\"og:image\" content=\"https:\/\/escort-technology.com\/wp-content\/uploads\/2021\/11\/mc2-with_leds.png\" \/>\n<meta name=\"twitter:card\" content=\"summary_large_image\" \/>\n<meta name=\"twitter:label1\" content=\"Est. reading time\" \/>\n\t<meta name=\"twitter:data1\" content=\"2 minutes\" \/>\n<script type=\"application\/ld+json\" class=\"yoast-schema-graph\">{\"@context\":\"https:\\\/\\\/schema.org\",\"@graph\":[{\"@type\":\"WebPage\",\"@id\":\"http:\\\/\\\/escort-technology.com\\\/de\\\/mini-kamera-podwodna-marki-jw-fishers-model-mc-2-hd\\\/\",\"url\":\"http:\\\/\\\/escort-technology.com\\\/de\\\/mini-kamera-podwodna-marki-jw-fishers-model-mc-2-hd\\\/\",\"name\":\"Mini kamera podwodna marki JW FISHERS model MC-2 HD - ESCORT TECHNOLOGY\",\"isPartOf\":{\"@id\":\"http:\\\/\\\/escort-technology.com\\\/de\\\/#website\"},\"datePublished\":\"2021-11-02T11:46:41+00:00\",\"dateModified\":\"2021-11-02T12:12:43+00:00\",\"breadcrumb\":{\"@id\":\"http:\\\/\\\/escort-technology.com\\\/de\\\/mini-kamera-podwodna-marki-jw-fishers-model-mc-2-hd\\\/#breadcrumb\"},\"inLanguage\":\"en-US\",\"potentialAction\":[{\"@type\":\"ReadAction\",\"target\":[\"http:\\\/\\\/escort-technology.com\\\/de\\\/mini-kamera-podwodna-marki-jw-fishers-model-mc-2-hd\\\/\"]}]},{\"@type\":\"BreadcrumbList\",\"@id\":\"http:\\\/\\\/escort-technology.com\\\/de\\\/mini-kamera-podwodna-marki-jw-fishers-model-mc-2-hd\\\/#breadcrumb\",\"itemListElement\":[{\"@type\":\"ListItem\",\"position\":1,\"name\":\"Strona g\u0142\u00f3wna\",\"item\":\"https:\\\/\\\/escort-technology.com\\\/\"},{\"@type\":\"ListItem\",\"position\":2,\"name\":\"Mini kamera podwodna marki JW FISHERS model MC-2 HD\"}]},{\"@type\":\"WebSite\",\"@id\":\"http:\\\/\\\/escort-technology.com\\\/de\\\/#website\",\"url\":\"http:\\\/\\\/escort-technology.com\\\/de\\\/\",\"name\":\"ESCORT TECHNOLOGY\",\"description\":\"Elektronika morska i l\u0105dowa\",\"publisher\":{\"@id\":\"http:\\\/\\\/escort-technology.com\\\/de\\\/#organization\"},\"potentialAction\":[{\"@type\":\"SearchAction\",\"target\":{\"@type\":\"EntryPoint\",\"urlTemplate\":\"http:\\\/\\\/escort-technology.com\\\/de\\\/?s={search_term_string}\"},\"query-input\":{\"@type\":\"PropertyValueSpecification\",\"valueRequired\":true,\"valueName\":\"search_term_string\"}}],\"inLanguage\":\"en-US\"},{\"@type\":\"Organization\",\"@id\":\"http:\\\/\\\/escort-technology.com\\\/de\\\/#organization\",\"name\":\"ESCORT TECHNOLOGY\",\"url\":\"http:\\\/\\\/escort-technology.com\\\/de\\\/\",\"logo\":{\"@type\":\"ImageObject\",\"inLanguage\":\"en-US\",\"@id\":\"http:\\\/\\\/escort-technology.com\\\/de\\\/#\\\/schema\\\/logo\\\/image\\\/\",\"url\":\"https:\\\/\\\/escort-technology.com\\\/wp-content\\\/uploads\\\/logo-1.jpg\",\"contentUrl\":\"https:\\\/\\\/escort-technology.com\\\/wp-content\\\/uploads\\\/logo-1.jpg\",\"width\":600,\"height\":165,\"caption\":\"ESCORT TECHNOLOGY\"},\"image\":{\"@id\":\"http:\\\/\\\/escort-technology.com\\\/de\\\/#\\\/schema\\\/logo\\\/image\\\/\"},\"sameAs\":[\"https:\\\/\\\/www.facebook.com\\\/elektronika.morska\\\/\",\"https:\\\/\\\/www.linkedin.com\\\/company\\\/escort-sp-z-o-o-\\\/\"]}]}<\/script>\n<!-- \/ Yoast SEO plugin. -->","yoast_head_json":{"title":"Mini kamera podwodna marki JW FISHERS model MC-2 HD - ESCORT TECHNOLOGY","robots":{"index":"index","follow":"follow","max-snippet":"max-snippet:-1","max-image-preview":"max-image-preview:large","max-video-preview":"max-video-preview:-1"},"canonical":"http:\/\/escort-technology.com\/en\/de\/mini-kamera-podwodna-marki-jw-fishers-model-mc-2-hd\/","og_locale":"en_US","og_type":"article","og_title":"Mini kamera podwodna marki JW FISHERS model MC-2 HD - ESCORT TECHNOLOGY","og_description":"Mini kamera podwodna marki JW FISHERS model MC-2 HD MC-2 HD Mini Kamera &#8211; JW Fishers najni\u017cszy koszt podwodnego systemu wideo. Mini kamera JW Fishers MC-2 HD to podwodna kamera przeznaczona do r\u00f3\u017cnorodnych zastosowa\u0144. Kamera HD-TVI produkuje wideo 1920 x 1080 (1080p) full-HD dla ostrego, szczeg\u00f3\u0142owego obrazowania. Technologia HD-TVI obs\u0142uguje d\u0142u\u017csze odleg\u0142o\u015bci transmisji kablowej, pozwalaj\u0105c [&hellip;]","og_url":"http:\/\/escort-technology.com\/en\/de\/mini-kamera-podwodna-marki-jw-fishers-model-mc-2-hd\/","og_site_name":"ESCORT TECHNOLOGY","article_publisher":"https:\/\/www.facebook.com\/elektronika.morska\/","article_modified_time":"2021-11-02T12:12:43+00:00","og_image":[{"url":"https:\/\/escort-technology.com\/wp-content\/uploads\/2021\/11\/mc2-with_leds.png","type":"","width":"","height":""}],"twitter_card":"summary_large_image","twitter_misc":{"Est. reading time":"2 minutes"},"schema":{"@context":"https:\/\/schema.org","@graph":[{"@type":"WebPage","@id":"http:\/\/escort-technology.com\/de\/mini-kamera-podwodna-marki-jw-fishers-model-mc-2-hd\/","url":"http:\/\/escort-technology.com\/de\/mini-kamera-podwodna-marki-jw-fishers-model-mc-2-hd\/","name":"Mini kamera podwodna marki JW FISHERS model MC-2 HD - ESCORT TECHNOLOGY","isPartOf":{"@id":"http:\/\/escort-technology.com\/de\/#website"},"datePublished":"2021-11-02T11:46:41+00:00","dateModified":"2021-11-02T12:12:43+00:00","breadcrumb":{"@id":"http:\/\/escort-technology.com\/de\/mini-kamera-podwodna-marki-jw-fishers-model-mc-2-hd\/#breadcrumb"},"inLanguage":"en-US","potentialAction":[{"@type":"ReadAction","target":["http:\/\/escort-technology.com\/de\/mini-kamera-podwodna-marki-jw-fishers-model-mc-2-hd\/"]}]},{"@type":"BreadcrumbList","@id":"http:\/\/escort-technology.com\/de\/mini-kamera-podwodna-marki-jw-fishers-model-mc-2-hd\/#breadcrumb","itemListElement":[{"@type":"ListItem","position":1,"name":"Strona g\u0142\u00f3wna","item":"https:\/\/escort-technology.com\/"},{"@type":"ListItem","position":2,"name":"Mini kamera podwodna marki JW FISHERS model MC-2 HD"}]},{"@type":"WebSite","@id":"http:\/\/escort-technology.com\/de\/#website","url":"http:\/\/escort-technology.com\/de\/","name":"ESCORT TECHNOLOGY","description":"Onshore and offshore electronics","publisher":{"@id":"http:\/\/escort-technology.com\/de\/#organization"},"potentialAction":[{"@type":"SearchAction","target":{"@type":"EntryPoint","urlTemplate":"http:\/\/escort-technology.com\/de\/?s={search_term_string}"},"query-input":{"@type":"PropertyValueSpecification","valueRequired":true,"valueName":"search_term_string"}}],"inLanguage":"en-US"},{"@type":"Organization","@id":"http:\/\/escort-technology.com\/de\/#organization","name":"ESCORT TECHNOLOGY","url":"http:\/\/escort-technology.com\/de\/","logo":{"@type":"ImageObject","inLanguage":"en-US","@id":"http:\/\/escort-technology.com\/de\/#\/schema\/logo\/image\/","url":"https:\/\/escort-technology.com\/wp-content\/uploads\/logo-1.jpg","contentUrl":"https:\/\/escort-technology.com\/wp-content\/uploads\/logo-1.jpg","width":600,"height":165,"caption":"ESCORT TECHNOLOGY"},"image":{"@id":"http:\/\/escort-technology.com\/de\/#\/schema\/logo\/image\/"},"sameAs":["https:\/\/www.facebook.com\/elektronika.morska\/","https:\/\/www.linkedin.com\/company\/escort-sp-z-o-o-\/"]}]}},"_links":{"self":[{"href":"https:\/\/escort-technology.com\/en\/wp-json\/wp\/v2\/pages\/10411","targetHints":{"allow":["GET"]}}],"collection":[{"href":"https:\/\/escort-technology.com\/en\/wp-json\/wp\/v2\/pages"}],"about":[{"href":"https:\/\/escort-technology.com\/en\/wp-json\/wp\/v2\/types\/page"}],"author":[{"embeddable":true,"href":"https:\/\/escort-technology.com\/en\/wp-json\/wp\/v2\/users\/10"}],"replies":[{"embeddable":true,"href":"https:\/\/escort-technology.com\/en\/wp-json\/wp\/v2\/comments?post=10411"}],"version-history":[{"count":12,"href":"https:\/\/escort-technology.com\/en\/wp-json\/wp\/v2\/pages\/10411\/revisions"}],"predecessor-version":[{"id":10426,"href":"https:\/\/escort-technology.com\/en\/wp-json\/wp\/v2\/pages\/10411\/revisions\/10426"}],"wp:attachment":[{"href":"https:\/\/escort-technology.com\/en\/wp-json\/wp\/v2\/media?parent=10411"}],"curies":[{"name":"wp","href":"https:\/\/api.w.org\/{rel}","templated":true}]}}