{"id":10987,"date":"2021-12-28T13:30:52","date_gmt":"2021-12-28T12:30:52","guid":{"rendered":"https:\/\/escort-technology.com\/?page_id=10987"},"modified":"2021-12-28T13:38:28","modified_gmt":"2021-12-28T12:38:28","slug":"podwodny-cyfrowy-wskaznik-oceantools-c-level","status":"publish","type":"page","link":"https:\/\/escort-technology.com\/en\/podwodny-cyfrowy-wskaznik-oceantools-c-level\/","title":{"rendered":"Podwodny cyfrowy wska\u017anik OceanTools C-Level"},"content":{"rendered":"<h1>\n<h1 class=\"uk-article-title\">Podwodny cyfrowy wska\u017anik OceanTools C-Level<\/h1>\n<\/h1>\n<hr>\n<div>\n<ul>\n<li>Zintegrowany czujnik i wy\u015bwietlacz<\/li>\n<li>Zakres pracy \u00b1180\u00b0.<\/li>\n<li>Szeroki wyb\u00f3r uchwyt\u00f3w i opcji monta\u017cu<\/li>\n<li>Standardowa g\u0142\u0119boko\u015b\u0107 300 m<\/li>\n<\/ul>\n<\/div>\n<p><img decoding=\"async\" src=\"\/wp-content\/uploads\/2021\/12\/C-Level-1.jpg\" alt=\"\"><\/p>\n<p>\n    <a href=\"http:\/\/data.oceantools.co.uk\/Datasheets\/C-Level-Digital-Level-Display.pdf\">Karta katalogowa <\/a>\n<\/p>\n<div>\n<p>C-Level jest cyfrowym niwelatorem umieszczonym na ROV lub nurku, kt\u00f3ry mo\u017ce by\u0107 u\u017cywany do pomiaru i wy\u015bwietlania k\u0105ta nachylenia podwodnych konstrukcji lub lin cumowniczych. Zintegrowana jednostka pomiaru i wy\u015bwietlania nachylenia, \u0142\u0105czy w sobie funkcjonalno\u015b\u0107 podwodnego wy\u015bwietlacza OceanDISP i precyzyjnego czujnika po\u0142o\u017cenia OceanTILT. Zmierzony k\u0105t jest wy\u015bwietlany w czasie rzeczywistym na matrycowym wy\u015bwietlaczu LED o wysokiej widoczno\u015bci.<\/p>\n<p>Bazuj\u0105c na sukcesie wy\u015bwietlacza i czujnika nachylenia DISTIL, C-Level posiada acetalow\u0105 obudow\u0119 z anodyzowan\u0105 aluminiow\u0105 p\u0142yt\u0105 przedni\u0105 i akrylowym oknem, z mo\u017cliwo\u015bci\u0105 pracy na g\u0142\u0119boko\u015bci 300m. Dost\u0119pne s\u0105 niestandardowe opcje uchwyt\u00f3w u\u0142atwiaj\u0105ce rozmieszczenie urz\u0105dzenia przez ROV lub nurka. Do podstawy mo\u017cna przymocowa\u0107 prowadnice, aby umo\u017cliwi\u0107 umieszczenie urz\u0105dzenia na \u0142a\u0144cuchu cumowniczym lub linie i zmierzy\u0107 k\u0105t cumowania.<\/p>\n<\/div>\n<p><!--more--><br \/>\n<!-- {\"type\":\"layout\",\"children\":[{\"type\":\"section\",\"props\":{\"style\":\"default\",\"width\":\"default\",\"vertical_align\":\"middle\",\"title_position\":\"top-left\",\"title_rotation\":\"left\",\"title_breakpoint\":\"xl\",\"image_position\":\"center-center\"},\"children\":[{\"type\":\"row\",\"children\":[{\"type\":\"column\",\"props\":{\"image_position\":\"center-center\",\"media_overlay_gradient\":\"\"},\"children\":[{\"type\":\"headline\",\"props\":{\"title_element\":\"h1\",\"content\":\"\n\n<h1 class=\\\"uk-article-title\\\">Podwodny cyfrowy wska\\u017anik OceanTools C-Level<\\\/h1>\"}},{\"type\":\"divider\",\"props\":{\"divider_element\":\"hr\"}}]}]}]},{\"type\":\"section\",\"props\":{\"style\":\"default\",\"width\":\"default\",\"vertical_align\":\"middle\",\"title_position\":\"top-left\",\"title_rotation\":\"left\",\"title_breakpoint\":\"xl\",\"image_position\":\"center-center\"},\"children\":[{\"type\":\"row\",\"props\":{\"layout\":\"1-2,1-2\"},\"children\":[{\"type\":\"column\",\"props\":{\"image_position\":\"center-center\",\"media_overlay_gradient\":\"\",\"width_medium\":\"1-2\"},\"children\":[{\"type\":\"text\",\"props\":{\"margin\":\"default\",\"column_breakpoint\":\"m\",\"content\":\"\n\n<ul>\\n\n\n<li>Zintegrowany czujnik i wy\\u015bwietlacz<\\\/li>\\n\n\n<li>Zakres pracy \\u00b1180\\u00b0.<\\\/li>\\n\n\n<li>Szeroki wyb\\u00f3r uchwyt\\u00f3w i opcji monta\\u017cu<\\\/li>\\n\n\n<li>Standardowa g\\u0142\\u0119boko\\u015b\\u0107 300 m<\\\/li>\\n<\\\/ul>\"}}]},{\"type\":\"column\",\"props\":{\"image_position\":\"center-center\",\"media_overlay_gradient\":\"\",\"width_medium\":\"1-2\"},\"children\":[{\"type\":\"image\",\"props\":{\"margin\":\"default\",\"image_svg_color\":\"emphasis\",\"image\":\"wp-content\\\/uploads\\\/2021\\\/12\\\/C-Level-1.jpg\"}},{\"type\":\"button\",\"props\":{\"grid_column_gap\":\"small\",\"grid_row_gap\":\"small\",\"margin\":\"default\"},\"children\":[{\"type\":\"button_item\",\"props\":{\"button_style\":\"default\",\"icon_align\":\"left\",\"content\":\"Karta katalogowa \",\"link\":\"http:\\\/\\\/data.oceantools.co.uk\\\/Datasheets\\\/C-Level-Digital-Level-Display.pdf\"}}]}]}]}]},{\"type\":\"section\",\"props\":{\"style\":\"default\",\"width\":\"default\",\"vertical_align\":\"middle\",\"title_position\":\"top-left\",\"title_rotation\":\"left\",\"title_breakpoint\":\"xl\",\"image_position\":\"center-center\"},\"children\":[{\"type\":\"row\",\"children\":[{\"type\":\"column\",\"props\":{\"image_position\":\"center-center\",\"media_overlay_gradient\":\"\"},\"children\":[{\"type\":\"text\",\"props\":{\"margin\":\"default\",\"column_breakpoint\":\"m\",\"content\":\"\n\n<p>C-Level jest cyfrowym niwelatorem umieszczonym na ROV lub nurku, kt\\u00f3ry mo\\u017ce by\\u0107 u\\u017cywany do pomiaru i wy\\u015bwietlania k\\u0105ta nachylenia podwodnych konstrukcji lub lin cumowniczych. Zintegrowana jednostka pomiaru i wy\\u015bwietlania nachylenia, \\u0142\\u0105czy w sobie funkcjonalno\\u015b\\u0107 podwodnego wy\\u015bwietlacza OceanDISP i precyzyjnego czujnika po\\u0142o\\u017cenia OceanTILT. Zmierzony k\\u0105t jest wy\\u015bwietlany w czasie rzeczywistym na matrycowym wy\\u015bwietlaczu LED o wysokiej widoczno\\u015bci.<\\\/p>\\n\n\n<p>Bazuj\\u0105c na sukcesie wy\\u015bwietlacza i czujnika nachylenia DISTIL, C-Level posiada acetalow\\u0105 obudow\\u0119 z anodyzowan\\u0105 aluminiow\\u0105 p\\u0142yt\\u0105 przedni\\u0105 i akrylowym oknem, z mo\\u017cliwo\\u015bci\\u0105 pracy na g\\u0142\\u0119boko\\u015bci 300m. Dost\\u0119pne s\\u0105 niestandardowe opcje uchwyt\\u00f3w u\\u0142atwiaj\\u0105ce rozmieszczenie urz\\u0105dzenia przez ROV lub nurka. Do podstawy mo\\u017cna przymocowa\\u0107 prowadnice, aby umo\\u017cliwi\\u0107 umieszczenie urz\\u0105dzenia na \\u0142a\\u0144cuchu cumowniczym lub linie i zmierzy\\u0107 k\\u0105t cumowania.<\\\/p>\"}}]}]}]}],\"version\":\"2.6.7\"} --><\/p>\n","protected":false},"excerpt":{"rendered":"<p>Podwodny cyfrowy wska\u017anik OceanTools C-Level Zintegrowany czujnik i wy\u015bwietlacz Zakres pracy \u00b1180\u00b0. Szeroki wyb\u00f3r uchwyt\u00f3w i opcji monta\u017cu Standardowa g\u0142\u0119boko\u015b\u0107 300 m Karta katalogowa C-Level jest cyfrowym niwelatorem umieszczonym na ROV lub nurku, kt\u00f3ry mo\u017ce by\u0107 u\u017cywany do pomiaru i wy\u015bwietlania k\u0105ta nachylenia podwodnych konstrukcji lub lin cumowniczych. Zintegrowana jednostka pomiaru i wy\u015bwietlania nachylenia, \u0142\u0105czy [&hellip;]<\/p>\n","protected":false},"author":10,"featured_media":0,"parent":0,"menu_order":0,"comment_status":"closed","ping_status":"closed","template":"","meta":{"footnotes":""},"class_list":["post-10987","page","type-page","status-publish","hentry"],"yoast_head":"<!-- This site is optimized with the Yoast SEO plugin v27.5 - https:\/\/yoast.com\/product\/yoast-seo-wordpress\/ -->\n<title>Podwodny cyfrowy wska\u017anik OceanTools C-Level - ESCORT TECHNOLOGY<\/title>\n<meta name=\"robots\" content=\"index, follow, max-snippet:-1, max-image-preview:large, max-video-preview:-1\" \/>\n<link rel=\"canonical\" href=\"https:\/\/escort-technology.com\/en\/podwodny-cyfrowy-wskaznik-oceantools-c-level\/\" \/>\n<meta property=\"og:locale\" content=\"en_US\" \/>\n<meta property=\"og:type\" content=\"article\" \/>\n<meta property=\"og:title\" content=\"Podwodny cyfrowy wska\u017anik OceanTools C-Level - ESCORT TECHNOLOGY\" \/>\n<meta property=\"og:description\" content=\"Podwodny cyfrowy wska\u017anik OceanTools C-Level Zintegrowany czujnik i wy\u015bwietlacz Zakres pracy \u00b1180\u00b0. Szeroki wyb\u00f3r uchwyt\u00f3w i opcji monta\u017cu Standardowa g\u0142\u0119boko\u015b\u0107 300 m Karta katalogowa C-Level jest cyfrowym niwelatorem umieszczonym na ROV lub nurku, kt\u00f3ry mo\u017ce by\u0107 u\u017cywany do pomiaru i wy\u015bwietlania k\u0105ta nachylenia podwodnych konstrukcji lub lin cumowniczych. Zintegrowana jednostka pomiaru i wy\u015bwietlania nachylenia, \u0142\u0105czy [&hellip;]\" \/>\n<meta property=\"og:url\" content=\"https:\/\/escort-technology.com\/en\/podwodny-cyfrowy-wskaznik-oceantools-c-level\/\" \/>\n<meta property=\"og:site_name\" content=\"ESCORT TECHNOLOGY\" \/>\n<meta property=\"article:publisher\" content=\"https:\/\/www.facebook.com\/elektronika.morska\/\" \/>\n<meta property=\"article:modified_time\" content=\"2021-12-28T12:38:28+00:00\" \/>\n<meta property=\"og:image\" content=\"https:\/\/escort-technology.com\/wp-content\/uploads\/2021\/12\/C-Level-1.jpg\" \/>\n<meta name=\"twitter:card\" content=\"summary_large_image\" \/>\n<meta name=\"twitter:label1\" content=\"Est. reading time\" \/>\n\t<meta name=\"twitter:data1\" content=\"1 minute\" \/>\n<script type=\"application\/ld+json\" class=\"yoast-schema-graph\">{\"@context\":\"https:\\\/\\\/schema.org\",\"@graph\":[{\"@type\":\"WebPage\",\"@id\":\"https:\\\/\\\/escort-technology.com\\\/podwodny-cyfrowy-wskaznik-oceantools-c-level\\\/\",\"url\":\"https:\\\/\\\/escort-technology.com\\\/podwodny-cyfrowy-wskaznik-oceantools-c-level\\\/\",\"name\":\"Podwodny cyfrowy wska\u017anik OceanTools C-Level - ESCORT TECHNOLOGY\",\"isPartOf\":{\"@id\":\"http:\\\/\\\/escort-technology.com\\\/de\\\/#website\"},\"datePublished\":\"2021-12-28T12:30:52+00:00\",\"dateModified\":\"2021-12-28T12:38:28+00:00\",\"breadcrumb\":{\"@id\":\"https:\\\/\\\/escort-technology.com\\\/podwodny-cyfrowy-wskaznik-oceantools-c-level\\\/#breadcrumb\"},\"inLanguage\":\"en-US\",\"potentialAction\":[{\"@type\":\"ReadAction\",\"target\":[\"https:\\\/\\\/escort-technology.com\\\/podwodny-cyfrowy-wskaznik-oceantools-c-level\\\/\"]}]},{\"@type\":\"BreadcrumbList\",\"@id\":\"https:\\\/\\\/escort-technology.com\\\/podwodny-cyfrowy-wskaznik-oceantools-c-level\\\/#breadcrumb\",\"itemListElement\":[{\"@type\":\"ListItem\",\"position\":1,\"name\":\"Strona g\u0142\u00f3wna\",\"item\":\"https:\\\/\\\/escort-technology.com\\\/\"},{\"@type\":\"ListItem\",\"position\":2,\"name\":\"Podwodny cyfrowy wska\u017anik OceanTools C-Level\"}]},{\"@type\":\"WebSite\",\"@id\":\"http:\\\/\\\/escort-technology.com\\\/de\\\/#website\",\"url\":\"http:\\\/\\\/escort-technology.com\\\/de\\\/\",\"name\":\"ESCORT TECHNOLOGY\",\"description\":\"Elektronika morska i l\u0105dowa\",\"publisher\":{\"@id\":\"http:\\\/\\\/escort-technology.com\\\/de\\\/#organization\"},\"potentialAction\":[{\"@type\":\"SearchAction\",\"target\":{\"@type\":\"EntryPoint\",\"urlTemplate\":\"http:\\\/\\\/escort-technology.com\\\/de\\\/?s={search_term_string}\"},\"query-input\":{\"@type\":\"PropertyValueSpecification\",\"valueRequired\":true,\"valueName\":\"search_term_string\"}}],\"inLanguage\":\"en-US\"},{\"@type\":\"Organization\",\"@id\":\"http:\\\/\\\/escort-technology.com\\\/de\\\/#organization\",\"name\":\"ESCORT TECHNOLOGY\",\"url\":\"http:\\\/\\\/escort-technology.com\\\/de\\\/\",\"logo\":{\"@type\":\"ImageObject\",\"inLanguage\":\"en-US\",\"@id\":\"http:\\\/\\\/escort-technology.com\\\/de\\\/#\\\/schema\\\/logo\\\/image\\\/\",\"url\":\"https:\\\/\\\/escort-technology.com\\\/wp-content\\\/uploads\\\/logo-1.jpg\",\"contentUrl\":\"https:\\\/\\\/escort-technology.com\\\/wp-content\\\/uploads\\\/logo-1.jpg\",\"width\":600,\"height\":165,\"caption\":\"ESCORT TECHNOLOGY\"},\"image\":{\"@id\":\"http:\\\/\\\/escort-technology.com\\\/de\\\/#\\\/schema\\\/logo\\\/image\\\/\"},\"sameAs\":[\"https:\\\/\\\/www.facebook.com\\\/elektronika.morska\\\/\",\"https:\\\/\\\/www.linkedin.com\\\/company\\\/escort-sp-z-o-o-\\\/\"]}]}<\/script>\n<!-- \/ Yoast SEO plugin. -->","yoast_head_json":{"title":"Podwodny cyfrowy wska\u017anik OceanTools C-Level - ESCORT TECHNOLOGY","robots":{"index":"index","follow":"follow","max-snippet":"max-snippet:-1","max-image-preview":"max-image-preview:large","max-video-preview":"max-video-preview:-1"},"canonical":"https:\/\/escort-technology.com\/en\/podwodny-cyfrowy-wskaznik-oceantools-c-level\/","og_locale":"en_US","og_type":"article","og_title":"Podwodny cyfrowy wska\u017anik OceanTools C-Level - ESCORT TECHNOLOGY","og_description":"Podwodny cyfrowy wska\u017anik OceanTools C-Level Zintegrowany czujnik i wy\u015bwietlacz Zakres pracy \u00b1180\u00b0. Szeroki wyb\u00f3r uchwyt\u00f3w i opcji monta\u017cu Standardowa g\u0142\u0119boko\u015b\u0107 300 m Karta katalogowa C-Level jest cyfrowym niwelatorem umieszczonym na ROV lub nurku, kt\u00f3ry mo\u017ce by\u0107 u\u017cywany do pomiaru i wy\u015bwietlania k\u0105ta nachylenia podwodnych konstrukcji lub lin cumowniczych. Zintegrowana jednostka pomiaru i wy\u015bwietlania nachylenia, \u0142\u0105czy [&hellip;]","og_url":"https:\/\/escort-technology.com\/en\/podwodny-cyfrowy-wskaznik-oceantools-c-level\/","og_site_name":"ESCORT TECHNOLOGY","article_publisher":"https:\/\/www.facebook.com\/elektronika.morska\/","article_modified_time":"2021-12-28T12:38:28+00:00","og_image":[{"url":"https:\/\/escort-technology.com\/wp-content\/uploads\/2021\/12\/C-Level-1.jpg","type":"","width":"","height":""}],"twitter_card":"summary_large_image","twitter_misc":{"Est. reading time":"1 minute"},"schema":{"@context":"https:\/\/schema.org","@graph":[{"@type":"WebPage","@id":"https:\/\/escort-technology.com\/podwodny-cyfrowy-wskaznik-oceantools-c-level\/","url":"https:\/\/escort-technology.com\/podwodny-cyfrowy-wskaznik-oceantools-c-level\/","name":"Podwodny cyfrowy wska\u017anik OceanTools C-Level - ESCORT TECHNOLOGY","isPartOf":{"@id":"http:\/\/escort-technology.com\/de\/#website"},"datePublished":"2021-12-28T12:30:52+00:00","dateModified":"2021-12-28T12:38:28+00:00","breadcrumb":{"@id":"https:\/\/escort-technology.com\/podwodny-cyfrowy-wskaznik-oceantools-c-level\/#breadcrumb"},"inLanguage":"en-US","potentialAction":[{"@type":"ReadAction","target":["https:\/\/escort-technology.com\/podwodny-cyfrowy-wskaznik-oceantools-c-level\/"]}]},{"@type":"BreadcrumbList","@id":"https:\/\/escort-technology.com\/podwodny-cyfrowy-wskaznik-oceantools-c-level\/#breadcrumb","itemListElement":[{"@type":"ListItem","position":1,"name":"Strona g\u0142\u00f3wna","item":"https:\/\/escort-technology.com\/"},{"@type":"ListItem","position":2,"name":"Podwodny cyfrowy wska\u017anik OceanTools C-Level"}]},{"@type":"WebSite","@id":"http:\/\/escort-technology.com\/de\/#website","url":"http:\/\/escort-technology.com\/de\/","name":"ESCORT TECHNOLOGY","description":"Onshore and offshore electronics","publisher":{"@id":"http:\/\/escort-technology.com\/de\/#organization"},"potentialAction":[{"@type":"SearchAction","target":{"@type":"EntryPoint","urlTemplate":"http:\/\/escort-technology.com\/de\/?s={search_term_string}"},"query-input":{"@type":"PropertyValueSpecification","valueRequired":true,"valueName":"search_term_string"}}],"inLanguage":"en-US"},{"@type":"Organization","@id":"http:\/\/escort-technology.com\/de\/#organization","name":"ESCORT TECHNOLOGY","url":"http:\/\/escort-technology.com\/de\/","logo":{"@type":"ImageObject","inLanguage":"en-US","@id":"http:\/\/escort-technology.com\/de\/#\/schema\/logo\/image\/","url":"https:\/\/escort-technology.com\/wp-content\/uploads\/logo-1.jpg","contentUrl":"https:\/\/escort-technology.com\/wp-content\/uploads\/logo-1.jpg","width":600,"height":165,"caption":"ESCORT TECHNOLOGY"},"image":{"@id":"http:\/\/escort-technology.com\/de\/#\/schema\/logo\/image\/"},"sameAs":["https:\/\/www.facebook.com\/elektronika.morska\/","https:\/\/www.linkedin.com\/company\/escort-sp-z-o-o-\/"]}]}},"_links":{"self":[{"href":"https:\/\/escort-technology.com\/en\/wp-json\/wp\/v2\/pages\/10987","targetHints":{"allow":["GET"]}}],"collection":[{"href":"https:\/\/escort-technology.com\/en\/wp-json\/wp\/v2\/pages"}],"about":[{"href":"https:\/\/escort-technology.com\/en\/wp-json\/wp\/v2\/types\/page"}],"author":[{"embeddable":true,"href":"https:\/\/escort-technology.com\/en\/wp-json\/wp\/v2\/users\/10"}],"replies":[{"embeddable":true,"href":"https:\/\/escort-technology.com\/en\/wp-json\/wp\/v2\/comments?post=10987"}],"version-history":[{"count":9,"href":"https:\/\/escort-technology.com\/en\/wp-json\/wp\/v2\/pages\/10987\/revisions"}],"predecessor-version":[{"id":10998,"href":"https:\/\/escort-technology.com\/en\/wp-json\/wp\/v2\/pages\/10987\/revisions\/10998"}],"wp:attachment":[{"href":"https:\/\/escort-technology.com\/en\/wp-json\/wp\/v2\/media?parent=10987"}],"curies":[{"name":"wp","href":"https:\/\/api.w.org\/{rel}","templated":true}]}}