{"id":11026,"date":"2021-12-30T08:37:25","date_gmt":"2021-12-30T07:37:25","guid":{"rendered":"https:\/\/escort-technology.com\/?page_id=11026"},"modified":"2021-12-30T08:46:52","modified_gmt":"2021-12-30T07:46:52","slug":"podwodny-zestaw-akumulatorow-i-rejestrator-danych-oceantools-powerlog","status":"publish","type":"page","link":"https:\/\/escort-technology.com\/en\/podwodny-zestaw-akumulatorow-i-rejestrator-danych-oceantools-powerlog\/","title":{"rendered":"Podwodny zestaw akumulator\u00f3w i rejestrator danych OceanTools PowerLOG"},"content":{"rendered":"<h1>\n<h1 class=\"uk-article-title\">Podwodny zestaw akumulator\u00f3w i rejestrator danych OceanTools PowerLOG<\/h1>\n<\/h1>\n<hr>\n<div>\n<div class=\"lmt__inner_textarea_container\" title=\"Kliknij na s\u0142owo, aby otrzyma\u0107 alternatywne t\u0142umaczenia\"><\/p>\n<div id=\"target-dummydiv\" class=\"lmt__textarea lmt__textarea_dummydiv\" lang=\"pl-PL\">\n<ul>\n<li>Akumulator o pojemno\u015bci do 38Ah<\/li>\n<li>Do 8 szeregowych kana\u0142\u00f3w wej\u015bciowych<\/li>\n<li>Opcja wyj\u015bcia wy\u015bwietlacza podwodnego na \u017cywo<\/li>\n<li>Standardowa g\u0142\u0119boko\u015b\u0107 4000 m<\/li>\n<\/ul>\n<\/div>\n<\/div>\n<\/div>\n<p>\n    <a href=\"http:\/\/data.oceantools.co.uk\/Datasheets\/PowerLOG-Battery-Pack-Datalogger.pdf\">karta katalogowa<\/a>\n<\/p>\n<p><img decoding=\"async\" src=\"\/wp-content\/uploads\/2021\/12\/PowerLOG-Underwater-Datalogger.jpg\" alt=\"\"><\/p>\n<div>\n<p>PowerLOG to zintegrowany podwodny zestaw akumulator\u00f3w i szeregowy rejestrator danych.\u00a0 Umo\u017cliwia rejestr z\u00a0o\u015bmiu kana\u0142\u00f3w szeregowych RS232 lub RS485, zaprojektowanych do obs\u0142ugi szerokiej gamy urz\u0105dze\u0144 podwodnych, w tym czujnik\u00f3w ci\u015bnienia, temperatury, przep\u0142ywomierzy itp. Obs\u0142ugiwane jest r\u00f3wnie\u017c monitorowanie do czterech analogowych sygna\u0142\u00f3w wej\u015bciowych napi\u0119cia, a wewn\u0119trzna elektronika steruj\u0105ca mo\u017ce by\u0107 zaprogramowana do wysy\u0142ania danych na \u017cywo z dowolnego z rejestrowanych kana\u0142\u00f3w do podwodnej jednostki wy\u015bwietlaj\u0105cej OceanDISP.<\/p>\n<p>Urz\u0105dzenie zawiera indywidualnie zatwierdzone przez UN 38.3 polimerowe akumulatory litowo-jonowe o \u0142\u0105cznej pojemno\u015bci do prawie 38 Ah, wystarczaj\u0105cej do zasilania kilku pod\u0142\u0105czonych urz\u0105dze\u0144 przez d\u0142u\u017cszy czas. Zintegrowana elektronika pozwala na zdalne monitorowanie stanu akumulatora, w tym napi\u0119cia i temperatury.<\/p>\n<\/div>\n<p><!--more--><br \/>\n<!-- {\"type\":\"layout\",\"children\":[{\"type\":\"section\",\"props\":{\"style\":\"default\",\"width\":\"default\",\"vertical_align\":\"middle\",\"title_position\":\"top-left\",\"title_rotation\":\"left\",\"title_breakpoint\":\"xl\",\"image_position\":\"center-center\"},\"children\":[{\"type\":\"row\",\"children\":[{\"type\":\"column\",\"props\":{\"image_position\":\"center-center\",\"media_overlay_gradient\":\"\"},\"children\":[{\"type\":\"headline\",\"props\":{\"title_element\":\"h1\",\"content\":\"\n\n<h1 class=\\\"uk-article-title\\\">Podwodny zestaw akumulator\\u00f3w i rejestrator danych OceanTools PowerLOG<\\\/h1>\"}},{\"type\":\"divider\",\"props\":{\"divider_element\":\"hr\"}}]}]}]},{\"type\":\"section\",\"props\":{\"style\":\"default\",\"width\":\"default\",\"vertical_align\":\"middle\",\"title_position\":\"top-left\",\"title_rotation\":\"left\",\"title_breakpoint\":\"xl\",\"image_position\":\"center-center\"},\"children\":[{\"type\":\"row\",\"props\":{\"layout\":\"1-2,1-2\"},\"children\":[{\"type\":\"column\",\"props\":{\"image_position\":\"center-center\",\"media_overlay_gradient\":\"\",\"width_medium\":\"1-2\"},\"children\":[{\"type\":\"text\",\"props\":{\"margin\":\"default\",\"column_breakpoint\":\"m\",\"content\":\"\n\n<div class=\\\"lmt__inner_textarea_container\\\" title=\\\"Kliknij na s\\u0142owo, aby otrzyma\\u0107 alternatywne t\\u0142umaczenia\\\"><br \\\/>\\n\n\n<div id=\\\"target-dummydiv\\\" class=\\\"lmt__textarea lmt__textarea_dummydiv\\\" lang=\\\"pl-PL\\\">\\n\n\n<ul>\\n\n\n<li>Akumulator o pojemno\\u015bci do 38Ah<\\\/li>\\n\n\n<li>Do 8 szeregowych kana\\u0142\\u00f3w wej\\u015bciowych<\\\/li>\\n\n\n<li>Opcja wyj\\u015bcia wy\\u015bwietlacza podwodnego na \\u017cywo<\\\/li>\\n\n\n<li>Standardowa g\\u0142\\u0119boko\\u015b\\u0107 4000 m<\\\/li>\\n<\\\/ul>\\n<\\\/div>\\n<\\\/div>\"}},{\"type\":\"button\",\"props\":{\"grid_column_gap\":\"small\",\"grid_row_gap\":\"small\",\"margin\":\"default\",\"text_align\":\"center\"},\"children\":[{\"type\":\"button_item\",\"props\":{\"button_style\":\"default\",\"icon_align\":\"left\",\"content\":\"karta katalogowa\",\"link\":\"http:\\\/\\\/data.oceantools.co.uk\\\/Datasheets\\\/PowerLOG-Battery-Pack-Datalogger.pdf\"}}]}]},{\"type\":\"column\",\"props\":{\"image_position\":\"center-center\",\"media_overlay_gradient\":\"\",\"width_medium\":\"1-2\"},\"children\":[{\"type\":\"image\",\"props\":{\"margin\":\"default\",\"image_svg_color\":\"emphasis\",\"image\":\"wp-content\\\/uploads\\\/2021\\\/12\\\/PowerLOG-Underwater-Datalogger.jpg\"}}]}]}]},{\"type\":\"section\",\"props\":{\"style\":\"default\",\"width\":\"default\",\"vertical_align\":\"middle\",\"title_position\":\"top-left\",\"title_rotation\":\"left\",\"title_breakpoint\":\"xl\",\"image_position\":\"center-center\"},\"children\":[{\"type\":\"row\",\"children\":[{\"type\":\"column\",\"props\":{\"image_position\":\"center-center\",\"media_overlay_gradient\":\"\"},\"children\":[{\"type\":\"text\",\"props\":{\"margin\":\"default\",\"column_breakpoint\":\"m\",\"content\":\"\n\n<p>PowerLOG to zintegrowany podwodny zestaw akumulator\\u00f3w i szeregowy rejestrator danych.\\u00a0 Umo\\u017cliwia rejestr z\\u00a0o\\u015bmiu kana\\u0142\\u00f3w szeregowych RS232 lub RS485, zaprojektowanych do obs\\u0142ugi szerokiej gamy urz\\u0105dze\\u0144 podwodnych, w tym czujnik\\u00f3w ci\\u015bnienia, temperatury, przep\\u0142ywomierzy itp. Obs\\u0142ugiwane jest r\\u00f3wnie\\u017c monitorowanie do czterech analogowych sygna\\u0142\\u00f3w wej\\u015bciowych napi\\u0119cia, a wewn\\u0119trzna elektronika steruj\\u0105ca mo\\u017ce by\\u0107 zaprogramowana do wysy\\u0142ania danych na \\u017cywo z dowolnego z rejestrowanych kana\\u0142\\u00f3w do podwodnej jednostki wy\\u015bwietlaj\\u0105cej OceanDISP.<\\\/p>\\n\n\n<p>Urz\\u0105dzenie zawiera indywidualnie zatwierdzone przez UN 38.3 polimerowe akumulatory litowo-jonowe o \\u0142\\u0105cznej pojemno\\u015bci do prawie 38 Ah, wystarczaj\\u0105cej do zasilania kilku pod\\u0142\\u0105czonych urz\\u0105dze\\u0144 przez d\\u0142u\\u017cszy czas. Zintegrowana elektronika pozwala na zdalne monitorowanie stanu akumulatora, w tym napi\\u0119cia i temperatury.<\\\/p>\"}}]}]}]}],\"version\":\"2.6.7\"} --><\/p>\n","protected":false},"excerpt":{"rendered":"<p>Podwodny zestaw akumulator\u00f3w i rejestrator danych OceanTools PowerLOG Akumulator o pojemno\u015bci do 38Ah Do 8 szeregowych kana\u0142\u00f3w wej\u015bciowych Opcja wyj\u015bcia wy\u015bwietlacza podwodnego na \u017cywo Standardowa g\u0142\u0119boko\u015b\u0107 4000 m karta katalogowa PowerLOG to zintegrowany podwodny zestaw akumulator\u00f3w i szeregowy rejestrator danych.\u00a0 Umo\u017cliwia rejestr z\u00a0o\u015bmiu kana\u0142\u00f3w szeregowych RS232 lub RS485, zaprojektowanych do obs\u0142ugi szerokiej gamy urz\u0105dze\u0144 podwodnych, [&hellip;]<\/p>\n","protected":false},"author":10,"featured_media":0,"parent":0,"menu_order":0,"comment_status":"closed","ping_status":"closed","template":"","meta":{"footnotes":""},"class_list":["post-11026","page","type-page","status-publish","hentry"],"yoast_head":"<!-- This site is optimized with the Yoast SEO plugin v27.6 - https:\/\/yoast.com\/product\/yoast-seo-wordpress\/ -->\n<title>Podwodny zestaw akumulator\u00f3w i rejestrator danych OceanTools PowerLOG - ESCORT TECHNOLOGY<\/title>\n<meta name=\"robots\" content=\"index, follow, max-snippet:-1, max-image-preview:large, max-video-preview:-1\" \/>\n<link rel=\"canonical\" href=\"https:\/\/escort-technology.com\/en\/podwodny-zestaw-akumulatorow-i-rejestrator-danych-oceantools-powerlog\/\" \/>\n<meta property=\"og:locale\" content=\"en_US\" \/>\n<meta property=\"og:type\" content=\"article\" \/>\n<meta property=\"og:title\" content=\"Podwodny zestaw akumulator\u00f3w i rejestrator danych OceanTools PowerLOG - ESCORT TECHNOLOGY\" \/>\n<meta property=\"og:description\" content=\"Podwodny zestaw akumulator\u00f3w i rejestrator danych OceanTools PowerLOG Akumulator o pojemno\u015bci do 38Ah Do 8 szeregowych kana\u0142\u00f3w wej\u015bciowych Opcja wyj\u015bcia wy\u015bwietlacza podwodnego na \u017cywo Standardowa g\u0142\u0119boko\u015b\u0107 4000 m karta katalogowa PowerLOG to zintegrowany podwodny zestaw akumulator\u00f3w i szeregowy rejestrator danych.\u00a0 Umo\u017cliwia rejestr z\u00a0o\u015bmiu kana\u0142\u00f3w szeregowych RS232 lub RS485, zaprojektowanych do obs\u0142ugi szerokiej gamy urz\u0105dze\u0144 podwodnych, [&hellip;]\" \/>\n<meta property=\"og:url\" content=\"https:\/\/escort-technology.com\/en\/podwodny-zestaw-akumulatorow-i-rejestrator-danych-oceantools-powerlog\/\" \/>\n<meta property=\"og:site_name\" content=\"ESCORT TECHNOLOGY\" \/>\n<meta property=\"article:publisher\" content=\"https:\/\/www.facebook.com\/elektronika.morska\/\" \/>\n<meta property=\"article:modified_time\" content=\"2021-12-30T07:46:52+00:00\" \/>\n<meta property=\"og:image\" content=\"https:\/\/escort-technology.com\/wp-content\/uploads\/2021\/12\/PowerLOG-Underwater-Datalogger.jpg\" \/>\n<meta name=\"twitter:card\" content=\"summary_large_image\" \/>\n<meta name=\"twitter:label1\" content=\"Est. reading time\" \/>\n\t<meta name=\"twitter:data1\" content=\"1 minute\" \/>\n<script type=\"application\/ld+json\" class=\"yoast-schema-graph\">{\"@context\":\"https:\\\/\\\/schema.org\",\"@graph\":[{\"@type\":\"WebPage\",\"@id\":\"https:\\\/\\\/escort-technology.com\\\/podwodny-zestaw-akumulatorow-i-rejestrator-danych-oceantools-powerlog\\\/\",\"url\":\"https:\\\/\\\/escort-technology.com\\\/podwodny-zestaw-akumulatorow-i-rejestrator-danych-oceantools-powerlog\\\/\",\"name\":\"Podwodny zestaw akumulator\u00f3w i rejestrator danych OceanTools PowerLOG - ESCORT TECHNOLOGY\",\"isPartOf\":{\"@id\":\"http:\\\/\\\/escort-technology.com\\\/de\\\/#website\"},\"datePublished\":\"2021-12-30T07:37:25+00:00\",\"dateModified\":\"2021-12-30T07:46:52+00:00\",\"breadcrumb\":{\"@id\":\"https:\\\/\\\/escort-technology.com\\\/podwodny-zestaw-akumulatorow-i-rejestrator-danych-oceantools-powerlog\\\/#breadcrumb\"},\"inLanguage\":\"en-US\",\"potentialAction\":[{\"@type\":\"ReadAction\",\"target\":[\"https:\\\/\\\/escort-technology.com\\\/podwodny-zestaw-akumulatorow-i-rejestrator-danych-oceantools-powerlog\\\/\"]}]},{\"@type\":\"BreadcrumbList\",\"@id\":\"https:\\\/\\\/escort-technology.com\\\/podwodny-zestaw-akumulatorow-i-rejestrator-danych-oceantools-powerlog\\\/#breadcrumb\",\"itemListElement\":[{\"@type\":\"ListItem\",\"position\":1,\"name\":\"Strona g\u0142\u00f3wna\",\"item\":\"https:\\\/\\\/escort-technology.com\\\/\"},{\"@type\":\"ListItem\",\"position\":2,\"name\":\"Podwodny zestaw akumulator\u00f3w i rejestrator danych OceanTools PowerLOG\"}]},{\"@type\":\"WebSite\",\"@id\":\"http:\\\/\\\/escort-technology.com\\\/de\\\/#website\",\"url\":\"http:\\\/\\\/escort-technology.com\\\/de\\\/\",\"name\":\"ESCORT TECHNOLOGY\",\"description\":\"Elektronika morska i l\u0105dowa\",\"publisher\":{\"@id\":\"http:\\\/\\\/escort-technology.com\\\/de\\\/#organization\"},\"potentialAction\":[{\"@type\":\"SearchAction\",\"target\":{\"@type\":\"EntryPoint\",\"urlTemplate\":\"http:\\\/\\\/escort-technology.com\\\/de\\\/?s={search_term_string}\"},\"query-input\":{\"@type\":\"PropertyValueSpecification\",\"valueRequired\":true,\"valueName\":\"search_term_string\"}}],\"inLanguage\":\"en-US\"},{\"@type\":\"Organization\",\"@id\":\"http:\\\/\\\/escort-technology.com\\\/de\\\/#organization\",\"name\":\"ESCORT TECHNOLOGY\",\"url\":\"http:\\\/\\\/escort-technology.com\\\/de\\\/\",\"logo\":{\"@type\":\"ImageObject\",\"inLanguage\":\"en-US\",\"@id\":\"http:\\\/\\\/escort-technology.com\\\/de\\\/#\\\/schema\\\/logo\\\/image\\\/\",\"url\":\"https:\\\/\\\/escort-technology.com\\\/wp-content\\\/uploads\\\/logo-1.jpg\",\"contentUrl\":\"https:\\\/\\\/escort-technology.com\\\/wp-content\\\/uploads\\\/logo-1.jpg\",\"width\":600,\"height\":165,\"caption\":\"ESCORT TECHNOLOGY\"},\"image\":{\"@id\":\"http:\\\/\\\/escort-technology.com\\\/de\\\/#\\\/schema\\\/logo\\\/image\\\/\"},\"sameAs\":[\"https:\\\/\\\/www.facebook.com\\\/elektronika.morska\\\/\",\"https:\\\/\\\/www.linkedin.com\\\/company\\\/escort-sp-z-o-o-\\\/\"]}]}<\/script>\n<!-- \/ Yoast SEO plugin. -->","yoast_head_json":{"title":"Podwodny zestaw akumulator\u00f3w i rejestrator danych OceanTools PowerLOG - ESCORT TECHNOLOGY","robots":{"index":"index","follow":"follow","max-snippet":"max-snippet:-1","max-image-preview":"max-image-preview:large","max-video-preview":"max-video-preview:-1"},"canonical":"https:\/\/escort-technology.com\/en\/podwodny-zestaw-akumulatorow-i-rejestrator-danych-oceantools-powerlog\/","og_locale":"en_US","og_type":"article","og_title":"Podwodny zestaw akumulator\u00f3w i rejestrator danych OceanTools PowerLOG - ESCORT TECHNOLOGY","og_description":"Podwodny zestaw akumulator\u00f3w i rejestrator danych OceanTools PowerLOG Akumulator o pojemno\u015bci do 38Ah Do 8 szeregowych kana\u0142\u00f3w wej\u015bciowych Opcja wyj\u015bcia wy\u015bwietlacza podwodnego na \u017cywo Standardowa g\u0142\u0119boko\u015b\u0107 4000 m karta katalogowa PowerLOG to zintegrowany podwodny zestaw akumulator\u00f3w i szeregowy rejestrator danych.\u00a0 Umo\u017cliwia rejestr z\u00a0o\u015bmiu kana\u0142\u00f3w szeregowych RS232 lub RS485, zaprojektowanych do obs\u0142ugi szerokiej gamy urz\u0105dze\u0144 podwodnych, [&hellip;]","og_url":"https:\/\/escort-technology.com\/en\/podwodny-zestaw-akumulatorow-i-rejestrator-danych-oceantools-powerlog\/","og_site_name":"ESCORT TECHNOLOGY","article_publisher":"https:\/\/www.facebook.com\/elektronika.morska\/","article_modified_time":"2021-12-30T07:46:52+00:00","og_image":[{"url":"https:\/\/escort-technology.com\/wp-content\/uploads\/2021\/12\/PowerLOG-Underwater-Datalogger.jpg","type":"","width":"","height":""}],"twitter_card":"summary_large_image","twitter_misc":{"Est. reading time":"1 minute"},"schema":{"@context":"https:\/\/schema.org","@graph":[{"@type":"WebPage","@id":"https:\/\/escort-technology.com\/podwodny-zestaw-akumulatorow-i-rejestrator-danych-oceantools-powerlog\/","url":"https:\/\/escort-technology.com\/podwodny-zestaw-akumulatorow-i-rejestrator-danych-oceantools-powerlog\/","name":"Podwodny zestaw akumulator\u00f3w i rejestrator danych OceanTools PowerLOG - ESCORT TECHNOLOGY","isPartOf":{"@id":"http:\/\/escort-technology.com\/de\/#website"},"datePublished":"2021-12-30T07:37:25+00:00","dateModified":"2021-12-30T07:46:52+00:00","breadcrumb":{"@id":"https:\/\/escort-technology.com\/podwodny-zestaw-akumulatorow-i-rejestrator-danych-oceantools-powerlog\/#breadcrumb"},"inLanguage":"en-US","potentialAction":[{"@type":"ReadAction","target":["https:\/\/escort-technology.com\/podwodny-zestaw-akumulatorow-i-rejestrator-danych-oceantools-powerlog\/"]}]},{"@type":"BreadcrumbList","@id":"https:\/\/escort-technology.com\/podwodny-zestaw-akumulatorow-i-rejestrator-danych-oceantools-powerlog\/#breadcrumb","itemListElement":[{"@type":"ListItem","position":1,"name":"Strona g\u0142\u00f3wna","item":"https:\/\/escort-technology.com\/"},{"@type":"ListItem","position":2,"name":"Podwodny zestaw akumulator\u00f3w i rejestrator danych OceanTools PowerLOG"}]},{"@type":"WebSite","@id":"http:\/\/escort-technology.com\/de\/#website","url":"http:\/\/escort-technology.com\/de\/","name":"ESCORT TECHNOLOGY","description":"Onshore and offshore electronics","publisher":{"@id":"http:\/\/escort-technology.com\/de\/#organization"},"potentialAction":[{"@type":"SearchAction","target":{"@type":"EntryPoint","urlTemplate":"http:\/\/escort-technology.com\/de\/?s={search_term_string}"},"query-input":{"@type":"PropertyValueSpecification","valueRequired":true,"valueName":"search_term_string"}}],"inLanguage":"en-US"},{"@type":"Organization","@id":"http:\/\/escort-technology.com\/de\/#organization","name":"ESCORT TECHNOLOGY","url":"http:\/\/escort-technology.com\/de\/","logo":{"@type":"ImageObject","inLanguage":"en-US","@id":"http:\/\/escort-technology.com\/de\/#\/schema\/logo\/image\/","url":"https:\/\/escort-technology.com\/wp-content\/uploads\/logo-1.jpg","contentUrl":"https:\/\/escort-technology.com\/wp-content\/uploads\/logo-1.jpg","width":600,"height":165,"caption":"ESCORT TECHNOLOGY"},"image":{"@id":"http:\/\/escort-technology.com\/de\/#\/schema\/logo\/image\/"},"sameAs":["https:\/\/www.facebook.com\/elektronika.morska\/","https:\/\/www.linkedin.com\/company\/escort-sp-z-o-o-\/"]}]}},"_links":{"self":[{"href":"https:\/\/escort-technology.com\/en\/wp-json\/wp\/v2\/pages\/11026","targetHints":{"allow":["GET"]}}],"collection":[{"href":"https:\/\/escort-technology.com\/en\/wp-json\/wp\/v2\/pages"}],"about":[{"href":"https:\/\/escort-technology.com\/en\/wp-json\/wp\/v2\/types\/page"}],"author":[{"embeddable":true,"href":"https:\/\/escort-technology.com\/en\/wp-json\/wp\/v2\/users\/10"}],"replies":[{"embeddable":true,"href":"https:\/\/escort-technology.com\/en\/wp-json\/wp\/v2\/comments?post=11026"}],"version-history":[{"count":10,"href":"https:\/\/escort-technology.com\/en\/wp-json\/wp\/v2\/pages\/11026\/revisions"}],"predecessor-version":[{"id":11039,"href":"https:\/\/escort-technology.com\/en\/wp-json\/wp\/v2\/pages\/11026\/revisions\/11039"}],"wp:attachment":[{"href":"https:\/\/escort-technology.com\/en\/wp-json\/wp\/v2\/media?parent=11026"}],"curies":[{"name":"wp","href":"https:\/\/api.w.org\/{rel}","templated":true}]}}