{"id":11040,"date":"2021-12-30T08:48:14","date_gmt":"2021-12-30T07:48:14","guid":{"rendered":"https:\/\/escort-technology.com\/?page_id=11040"},"modified":"2021-12-30T08:54:09","modified_gmt":"2021-12-30T07:54:09","slug":"system-do-prob-cisnieniowych-rurociagow-podwodnych-oceantools-gaugepod","status":"publish","type":"page","link":"https:\/\/escort-technology.com\/en\/system-do-prob-cisnieniowych-rurociagow-podwodnych-oceantools-gaugepod\/","title":{"rendered":"System do pr\u00f3b ci\u015bnieniowych ruroci\u0105g\u00f3w podwodnych OceanTools GaugePOD"},"content":{"rendered":"<h1>\n<h1 class=\"uk-article-title\">System do pr\u00f3b ci\u015bnieniowych ruroci\u0105g\u00f3w podwodnych OceanTools GaugePOD<\/h1>\n<\/h1>\n<hr>\n<div>\n<ul>\n<li>6 zintegrowanych przetwornik\u00f3w ci\u015bnienia\/temperatury<\/li>\n<li>Wszystkie dane s\u0105 rejestrowane i dok\u0142adnie oznaczane czasem<\/li>\n<li>Opcja wyj\u015bcia podwodnego wy\u015bwietlacza na \u017cywo<\/li>\n<li>Standardowa g\u0142\u0119boko\u015b\u0107 4000 m<\/li>\n<\/ul>\n<\/div>\n<p>\n    <a href=\"http:\/\/data.oceantools.co.uk\/Datasheets\/GaugePOD-Pipeline-Pressure-Testing.pdf\">karta katalogowa <\/a>\n<\/p>\n<p><img decoding=\"async\" src=\"\/wp-content\/uploads\/2021\/12\/GaugePOD.jpg\" alt=\"\"><\/p>\n<div>\n<p>GaugePOD to podwodny system monitorowania ci\u015bnienia i temperatury w ruroci\u0105gu z mo\u017cliwo\u015bci\u0105 przesy\u0142ania danych i ich wy\u015bwietlania. Zawiera on sze\u015b\u0107 przetwornik\u00f3w ci\u015bnienia\/temperatury oraz rejestrator danych o du\u017cej pojemno\u015bci do zapisywania danych. Zintegrowana elektronika umo\u017cliwia zdalne monitorowanie stanu baterii, w tym napi\u0119cia obci\u0105\u017cenia.<\/p>\n<p>Pobieranie danych odbywa si\u0119 poprzez port szeregowy (lub poprzez opcjonalny interfejs Ethernet lub Bluetooth) bez konieczno\u015bci otwierania obudowy ci\u015bnieniowej. Wewn\u0119trzna elektronika steruj\u0105ca mo\u017ce by\u0107 zaprogramowana tak, aby oferowa\u0107 dodatkowe funkcje. Bie\u017c\u0105ce dane ci\u015bnienia i temperatury z przetwornik\u00f3w oraz stan akumulatora mog\u0105 by\u0107 przekazywane do jednostki wy\u015bwietlaj\u0105cej OceanDISP-7K, w celu wy\u015bwietlenia ich na dobrze widocznym wy\u015bwietlaczu matrycowym LED.<\/p>\n<p>Obudowa z anodyzowanego aluminium jest przystosowana do pracy na g\u0142\u0119boko\u015bci 4000 m, posiada oddzielne porty wysokiego ci\u015bnienia dla ka\u017cdego wej\u015bcia, pomocnicze wyj\u015bcie wy\u015bwietlacza oraz podwodne z\u0142\u0105cze akumulatora, kt\u00f3re podwaja si\u0119 jako z\u0142\u0105cze do pobierania danych z powierzchni.<\/p>\n<\/div>\n<p><!--more--><br \/>\n<!-- {\"type\":\"layout\",\"children\":[{\"type\":\"section\",\"props\":{\"style\":\"default\",\"width\":\"default\",\"vertical_align\":\"middle\",\"title_position\":\"top-left\",\"title_rotation\":\"left\",\"title_breakpoint\":\"xl\",\"image_position\":\"center-center\"},\"children\":[{\"type\":\"row\",\"children\":[{\"type\":\"column\",\"props\":{\"image_position\":\"center-center\",\"media_overlay_gradient\":\"\"},\"children\":[{\"type\":\"headline\",\"props\":{\"title_element\":\"h1\",\"content\":\"\n\n<h1 class=\\\"uk-article-title\\\">System do pr\\u00f3b ci\\u015bnieniowych ruroci\\u0105g\\u00f3w podwodnych OceanTools GaugePOD<\\\/h1>\"}},{\"type\":\"divider\",\"props\":{\"divider_element\":\"hr\"}}]}]}]},{\"type\":\"section\",\"props\":{\"style\":\"default\",\"width\":\"default\",\"vertical_align\":\"middle\",\"title_position\":\"top-left\",\"title_rotation\":\"left\",\"title_breakpoint\":\"xl\",\"image_position\":\"center-center\"},\"children\":[{\"type\":\"row\",\"props\":{\"layout\":\"1-2,1-2\"},\"children\":[{\"type\":\"column\",\"props\":{\"image_position\":\"center-center\",\"media_overlay_gradient\":\"\",\"width_medium\":\"1-2\"},\"children\":[{\"type\":\"text\",\"props\":{\"margin\":\"default\",\"column_breakpoint\":\"m\",\"content\":\"\n\n<ul>\\n\n\n<li>6 zintegrowanych przetwornik\\u00f3w ci\\u015bnienia\\\/temperatury<\\\/li>\\n\n\n<li>Wszystkie dane s\\u0105 rejestrowane i dok\\u0142adnie oznaczane czasem<\\\/li>\\n\n\n<li>Opcja wyj\\u015bcia podwodnego wy\\u015bwietlacza na \\u017cywo<\\\/li>\\n\n\n<li>Standardowa g\\u0142\\u0119boko\\u015b\\u0107 4000 m<\\\/li>\\n<\\\/ul>\"}},{\"type\":\"button\",\"props\":{\"grid_column_gap\":\"small\",\"grid_row_gap\":\"small\",\"margin\":\"default\",\"text_align\":\"center\"},\"children\":[{\"type\":\"button_item\",\"props\":{\"button_style\":\"default\",\"icon_align\":\"left\",\"content\":\"karta katalogowa \",\"link\":\"http:\\\/\\\/data.oceantools.co.uk\\\/Datasheets\\\/GaugePOD-Pipeline-Pressure-Testing.pdf\"}}]}]},{\"type\":\"column\",\"props\":{\"image_position\":\"center-center\",\"media_overlay_gradient\":\"\",\"width_medium\":\"1-2\"},\"children\":[{\"type\":\"image\",\"props\":{\"margin\":\"default\",\"image_svg_color\":\"emphasis\",\"image\":\"wp-content\\\/uploads\\\/2021\\\/12\\\/GaugePOD.jpg\"}}]}]}]},{\"type\":\"section\",\"props\":{\"style\":\"default\",\"width\":\"default\",\"vertical_align\":\"middle\",\"title_position\":\"top-left\",\"title_rotation\":\"left\",\"title_breakpoint\":\"xl\",\"image_position\":\"center-center\"},\"children\":[{\"type\":\"row\",\"children\":[{\"type\":\"column\",\"props\":{\"image_position\":\"center-center\",\"media_overlay_gradient\":\"\"},\"children\":[{\"type\":\"text\",\"props\":{\"margin\":\"default\",\"column_breakpoint\":\"m\",\"content\":\"\n\n<p><br \\\/>GaugePOD to podwodny system monitorowania ci\\u015bnienia i temperatury w ruroci\\u0105gu z mo\\u017cliwo\\u015bci\\u0105 przesy\\u0142ania danych i ich wy\\u015bwietlania. Zawiera on sze\\u015b\\u0107 przetwornik\\u00f3w ci\\u015bnienia\\\/temperatury oraz rejestrator danych o du\\u017cej pojemno\\u015bci do zapisywania danych. Zintegrowana elektronika umo\\u017cliwia zdalne monitorowanie stanu baterii, w tym napi\\u0119cia obci\\u0105\\u017cenia.<\\\/p>\\n\n\n<p>Pobieranie danych odbywa si\\u0119 poprzez port szeregowy (lub poprzez opcjonalny interfejs Ethernet lub Bluetooth) bez konieczno\\u015bci otwierania obudowy ci\\u015bnieniowej. Wewn\\u0119trzna elektronika steruj\\u0105ca mo\\u017ce by\\u0107 zaprogramowana tak, aby oferowa\\u0107 dodatkowe funkcje. Bie\\u017c\\u0105ce dane ci\\u015bnienia i temperatury z przetwornik\\u00f3w oraz stan akumulatora mog\\u0105 by\\u0107 przekazywane do jednostki wy\\u015bwietlaj\\u0105cej OceanDISP-7K, w celu wy\\u015bwietlenia ich na dobrze widocznym wy\\u015bwietlaczu matrycowym LED.<\\\/p>\\n\n\n<p>Obudowa z anodyzowanego aluminium jest przystosowana do pracy na g\\u0142\\u0119boko\\u015bci 4000 m, posiada oddzielne porty wysokiego ci\\u015bnienia dla ka\\u017cdego wej\\u015bcia, pomocnicze wyj\\u015bcie wy\\u015bwietlacza oraz podwodne z\\u0142\\u0105cze akumulatora, kt\\u00f3re podwaja si\\u0119 jako z\\u0142\\u0105cze do pobierania danych z powierzchni.<\\\/p>\"}}]}]}]}],\"version\":\"2.6.7\"} --><\/p>\n","protected":false},"excerpt":{"rendered":"<p>System do pr\u00f3b ci\u015bnieniowych ruroci\u0105g\u00f3w podwodnych OceanTools GaugePOD 6 zintegrowanych przetwornik\u00f3w ci\u015bnienia\/temperatury Wszystkie dane s\u0105 rejestrowane i dok\u0142adnie oznaczane czasem Opcja wyj\u015bcia podwodnego wy\u015bwietlacza na \u017cywo Standardowa g\u0142\u0119boko\u015b\u0107 4000 m karta katalogowa GaugePOD to podwodny system monitorowania ci\u015bnienia i temperatury w ruroci\u0105gu z mo\u017cliwo\u015bci\u0105 przesy\u0142ania danych i ich wy\u015bwietlania. Zawiera on sze\u015b\u0107 przetwornik\u00f3w ci\u015bnienia\/temperatury oraz [&hellip;]<\/p>\n","protected":false},"author":10,"featured_media":0,"parent":0,"menu_order":0,"comment_status":"closed","ping_status":"closed","template":"","meta":{"footnotes":""},"class_list":["post-11040","page","type-page","status-publish","hentry"],"yoast_head":"<!-- This site is optimized with the Yoast SEO plugin v27.6 - https:\/\/yoast.com\/product\/yoast-seo-wordpress\/ -->\n<title>System do pr\u00f3b ci\u015bnieniowych ruroci\u0105g\u00f3w podwodnych OceanTools GaugePOD - ESCORT TECHNOLOGY<\/title>\n<meta name=\"robots\" content=\"index, follow, max-snippet:-1, max-image-preview:large, max-video-preview:-1\" \/>\n<link rel=\"canonical\" href=\"https:\/\/escort-technology.com\/en\/system-do-prob-cisnieniowych-rurociagow-podwodnych-oceantools-gaugepod\/\" \/>\n<meta property=\"og:locale\" content=\"en_US\" \/>\n<meta property=\"og:type\" content=\"article\" \/>\n<meta property=\"og:title\" content=\"System do pr\u00f3b ci\u015bnieniowych ruroci\u0105g\u00f3w podwodnych OceanTools GaugePOD - ESCORT TECHNOLOGY\" \/>\n<meta property=\"og:description\" content=\"System do pr\u00f3b ci\u015bnieniowych ruroci\u0105g\u00f3w podwodnych OceanTools GaugePOD 6 zintegrowanych przetwornik\u00f3w ci\u015bnienia\/temperatury Wszystkie dane s\u0105 rejestrowane i dok\u0142adnie oznaczane czasem Opcja wyj\u015bcia podwodnego wy\u015bwietlacza na \u017cywo Standardowa g\u0142\u0119boko\u015b\u0107 4000 m karta katalogowa GaugePOD to podwodny system monitorowania ci\u015bnienia i temperatury w ruroci\u0105gu z mo\u017cliwo\u015bci\u0105 przesy\u0142ania danych i ich wy\u015bwietlania. Zawiera on sze\u015b\u0107 przetwornik\u00f3w ci\u015bnienia\/temperatury oraz [&hellip;]\" \/>\n<meta property=\"og:url\" content=\"https:\/\/escort-technology.com\/en\/system-do-prob-cisnieniowych-rurociagow-podwodnych-oceantools-gaugepod\/\" \/>\n<meta property=\"og:site_name\" content=\"ESCORT TECHNOLOGY\" \/>\n<meta property=\"article:publisher\" content=\"https:\/\/www.facebook.com\/elektronika.morska\/\" \/>\n<meta property=\"article:modified_time\" content=\"2021-12-30T07:54:09+00:00\" \/>\n<meta property=\"og:image\" content=\"https:\/\/escort-technology.com\/wp-content\/uploads\/2021\/12\/GaugePOD.jpg\" \/>\n<meta name=\"twitter:card\" content=\"summary_large_image\" \/>\n<meta name=\"twitter:label1\" content=\"Est. reading time\" \/>\n\t<meta name=\"twitter:data1\" content=\"1 minute\" \/>\n<script type=\"application\/ld+json\" class=\"yoast-schema-graph\">{\"@context\":\"https:\\\/\\\/schema.org\",\"@graph\":[{\"@type\":\"WebPage\",\"@id\":\"https:\\\/\\\/escort-technology.com\\\/system-do-prob-cisnieniowych-rurociagow-podwodnych-oceantools-gaugepod\\\/\",\"url\":\"https:\\\/\\\/escort-technology.com\\\/system-do-prob-cisnieniowych-rurociagow-podwodnych-oceantools-gaugepod\\\/\",\"name\":\"System do pr\u00f3b ci\u015bnieniowych ruroci\u0105g\u00f3w podwodnych OceanTools GaugePOD - ESCORT TECHNOLOGY\",\"isPartOf\":{\"@id\":\"http:\\\/\\\/escort-technology.com\\\/de\\\/#website\"},\"datePublished\":\"2021-12-30T07:48:14+00:00\",\"dateModified\":\"2021-12-30T07:54:09+00:00\",\"breadcrumb\":{\"@id\":\"https:\\\/\\\/escort-technology.com\\\/system-do-prob-cisnieniowych-rurociagow-podwodnych-oceantools-gaugepod\\\/#breadcrumb\"},\"inLanguage\":\"en-US\",\"potentialAction\":[{\"@type\":\"ReadAction\",\"target\":[\"https:\\\/\\\/escort-technology.com\\\/system-do-prob-cisnieniowych-rurociagow-podwodnych-oceantools-gaugepod\\\/\"]}]},{\"@type\":\"BreadcrumbList\",\"@id\":\"https:\\\/\\\/escort-technology.com\\\/system-do-prob-cisnieniowych-rurociagow-podwodnych-oceantools-gaugepod\\\/#breadcrumb\",\"itemListElement\":[{\"@type\":\"ListItem\",\"position\":1,\"name\":\"Strona g\u0142\u00f3wna\",\"item\":\"https:\\\/\\\/escort-technology.com\\\/\"},{\"@type\":\"ListItem\",\"position\":2,\"name\":\"System do pr\u00f3b ci\u015bnieniowych ruroci\u0105g\u00f3w podwodnych OceanTools GaugePOD\"}]},{\"@type\":\"WebSite\",\"@id\":\"http:\\\/\\\/escort-technology.com\\\/de\\\/#website\",\"url\":\"http:\\\/\\\/escort-technology.com\\\/de\\\/\",\"name\":\"ESCORT TECHNOLOGY\",\"description\":\"Elektronika morska i l\u0105dowa\",\"publisher\":{\"@id\":\"http:\\\/\\\/escort-technology.com\\\/de\\\/#organization\"},\"potentialAction\":[{\"@type\":\"SearchAction\",\"target\":{\"@type\":\"EntryPoint\",\"urlTemplate\":\"http:\\\/\\\/escort-technology.com\\\/de\\\/?s={search_term_string}\"},\"query-input\":{\"@type\":\"PropertyValueSpecification\",\"valueRequired\":true,\"valueName\":\"search_term_string\"}}],\"inLanguage\":\"en-US\"},{\"@type\":\"Organization\",\"@id\":\"http:\\\/\\\/escort-technology.com\\\/de\\\/#organization\",\"name\":\"ESCORT TECHNOLOGY\",\"url\":\"http:\\\/\\\/escort-technology.com\\\/de\\\/\",\"logo\":{\"@type\":\"ImageObject\",\"inLanguage\":\"en-US\",\"@id\":\"http:\\\/\\\/escort-technology.com\\\/de\\\/#\\\/schema\\\/logo\\\/image\\\/\",\"url\":\"https:\\\/\\\/escort-technology.com\\\/wp-content\\\/uploads\\\/logo-1.jpg\",\"contentUrl\":\"https:\\\/\\\/escort-technology.com\\\/wp-content\\\/uploads\\\/logo-1.jpg\",\"width\":600,\"height\":165,\"caption\":\"ESCORT TECHNOLOGY\"},\"image\":{\"@id\":\"http:\\\/\\\/escort-technology.com\\\/de\\\/#\\\/schema\\\/logo\\\/image\\\/\"},\"sameAs\":[\"https:\\\/\\\/www.facebook.com\\\/elektronika.morska\\\/\",\"https:\\\/\\\/www.linkedin.com\\\/company\\\/escort-sp-z-o-o-\\\/\"]}]}<\/script>\n<!-- \/ Yoast SEO plugin. -->","yoast_head_json":{"title":"System do pr\u00f3b ci\u015bnieniowych ruroci\u0105g\u00f3w podwodnych OceanTools GaugePOD - ESCORT TECHNOLOGY","robots":{"index":"index","follow":"follow","max-snippet":"max-snippet:-1","max-image-preview":"max-image-preview:large","max-video-preview":"max-video-preview:-1"},"canonical":"https:\/\/escort-technology.com\/en\/system-do-prob-cisnieniowych-rurociagow-podwodnych-oceantools-gaugepod\/","og_locale":"en_US","og_type":"article","og_title":"System do pr\u00f3b ci\u015bnieniowych ruroci\u0105g\u00f3w podwodnych OceanTools GaugePOD - ESCORT TECHNOLOGY","og_description":"System do pr\u00f3b ci\u015bnieniowych ruroci\u0105g\u00f3w podwodnych OceanTools GaugePOD 6 zintegrowanych przetwornik\u00f3w ci\u015bnienia\/temperatury Wszystkie dane s\u0105 rejestrowane i dok\u0142adnie oznaczane czasem Opcja wyj\u015bcia podwodnego wy\u015bwietlacza na \u017cywo Standardowa g\u0142\u0119boko\u015b\u0107 4000 m karta katalogowa GaugePOD to podwodny system monitorowania ci\u015bnienia i temperatury w ruroci\u0105gu z mo\u017cliwo\u015bci\u0105 przesy\u0142ania danych i ich wy\u015bwietlania. Zawiera on sze\u015b\u0107 przetwornik\u00f3w ci\u015bnienia\/temperatury oraz [&hellip;]","og_url":"https:\/\/escort-technology.com\/en\/system-do-prob-cisnieniowych-rurociagow-podwodnych-oceantools-gaugepod\/","og_site_name":"ESCORT TECHNOLOGY","article_publisher":"https:\/\/www.facebook.com\/elektronika.morska\/","article_modified_time":"2021-12-30T07:54:09+00:00","og_image":[{"url":"https:\/\/escort-technology.com\/wp-content\/uploads\/2021\/12\/GaugePOD.jpg","type":"","width":"","height":""}],"twitter_card":"summary_large_image","twitter_misc":{"Est. reading time":"1 minute"},"schema":{"@context":"https:\/\/schema.org","@graph":[{"@type":"WebPage","@id":"https:\/\/escort-technology.com\/system-do-prob-cisnieniowych-rurociagow-podwodnych-oceantools-gaugepod\/","url":"https:\/\/escort-technology.com\/system-do-prob-cisnieniowych-rurociagow-podwodnych-oceantools-gaugepod\/","name":"System do pr\u00f3b ci\u015bnieniowych ruroci\u0105g\u00f3w podwodnych OceanTools GaugePOD - ESCORT TECHNOLOGY","isPartOf":{"@id":"http:\/\/escort-technology.com\/de\/#website"},"datePublished":"2021-12-30T07:48:14+00:00","dateModified":"2021-12-30T07:54:09+00:00","breadcrumb":{"@id":"https:\/\/escort-technology.com\/system-do-prob-cisnieniowych-rurociagow-podwodnych-oceantools-gaugepod\/#breadcrumb"},"inLanguage":"en-US","potentialAction":[{"@type":"ReadAction","target":["https:\/\/escort-technology.com\/system-do-prob-cisnieniowych-rurociagow-podwodnych-oceantools-gaugepod\/"]}]},{"@type":"BreadcrumbList","@id":"https:\/\/escort-technology.com\/system-do-prob-cisnieniowych-rurociagow-podwodnych-oceantools-gaugepod\/#breadcrumb","itemListElement":[{"@type":"ListItem","position":1,"name":"Strona g\u0142\u00f3wna","item":"https:\/\/escort-technology.com\/"},{"@type":"ListItem","position":2,"name":"System do pr\u00f3b ci\u015bnieniowych ruroci\u0105g\u00f3w podwodnych OceanTools GaugePOD"}]},{"@type":"WebSite","@id":"http:\/\/escort-technology.com\/de\/#website","url":"http:\/\/escort-technology.com\/de\/","name":"ESCORT TECHNOLOGY","description":"Onshore and offshore electronics","publisher":{"@id":"http:\/\/escort-technology.com\/de\/#organization"},"potentialAction":[{"@type":"SearchAction","target":{"@type":"EntryPoint","urlTemplate":"http:\/\/escort-technology.com\/de\/?s={search_term_string}"},"query-input":{"@type":"PropertyValueSpecification","valueRequired":true,"valueName":"search_term_string"}}],"inLanguage":"en-US"},{"@type":"Organization","@id":"http:\/\/escort-technology.com\/de\/#organization","name":"ESCORT TECHNOLOGY","url":"http:\/\/escort-technology.com\/de\/","logo":{"@type":"ImageObject","inLanguage":"en-US","@id":"http:\/\/escort-technology.com\/de\/#\/schema\/logo\/image\/","url":"https:\/\/escort-technology.com\/wp-content\/uploads\/logo-1.jpg","contentUrl":"https:\/\/escort-technology.com\/wp-content\/uploads\/logo-1.jpg","width":600,"height":165,"caption":"ESCORT TECHNOLOGY"},"image":{"@id":"http:\/\/escort-technology.com\/de\/#\/schema\/logo\/image\/"},"sameAs":["https:\/\/www.facebook.com\/elektronika.morska\/","https:\/\/www.linkedin.com\/company\/escort-sp-z-o-o-\/"]}]}},"_links":{"self":[{"href":"https:\/\/escort-technology.com\/en\/wp-json\/wp\/v2\/pages\/11040","targetHints":{"allow":["GET"]}}],"collection":[{"href":"https:\/\/escort-technology.com\/en\/wp-json\/wp\/v2\/pages"}],"about":[{"href":"https:\/\/escort-technology.com\/en\/wp-json\/wp\/v2\/types\/page"}],"author":[{"embeddable":true,"href":"https:\/\/escort-technology.com\/en\/wp-json\/wp\/v2\/users\/10"}],"replies":[{"embeddable":true,"href":"https:\/\/escort-technology.com\/en\/wp-json\/wp\/v2\/comments?post=11040"}],"version-history":[{"count":11,"href":"https:\/\/escort-technology.com\/en\/wp-json\/wp\/v2\/pages\/11040\/revisions"}],"predecessor-version":[{"id":11053,"href":"https:\/\/escort-technology.com\/en\/wp-json\/wp\/v2\/pages\/11040\/revisions\/11053"}],"wp:attachment":[{"href":"https:\/\/escort-technology.com\/en\/wp-json\/wp\/v2\/media?parent=11040"}],"curies":[{"name":"wp","href":"https:\/\/api.w.org\/{rel}","templated":true}]}}