{"id":11098,"date":"2021-12-30T10:34:33","date_gmt":"2021-12-30T09:34:33","guid":{"rendered":"https:\/\/escort-technology.com\/?page_id=11098"},"modified":"2021-12-30T10:39:45","modified_gmt":"2021-12-30T09:39:45","slug":"system-sledzenia-rov-oceantools-oceanfind","status":"publish","type":"page","link":"https:\/\/escort-technology.com\/en\/system-sledzenia-rov-oceantools-oceanfind\/","title":{"rendered":"System \u015bledzenia ROV OceanTools OceanFIND"},"content":{"rendered":"<h1>\n<h1 class=\"uk-article-title\">System \u015bledzenia ROV OceanTools OceanFIND<\/h1>\n<\/h1>\n<hr>\n<div>\n<ul>\n<li>Pozycjonowanie GPS \/ Glonass \/ Beidou<\/li>\n<li>Godzinne aktualizacje pozycji<\/li>\n<li>Nieaktywny pod wod\u0105, w celu oszcz\u0119dzania baterii<\/li>\n<li>Mo\u017ce zmniejszy\u0107 koszty ubezpieczenia maj\u0105tku<\/li>\n<\/ul>\n<\/div>\n<p>\n    <a href=\"http:\/\/data.oceantools.co.uk\/Datasheets\/OceanFIND-Lost-ROV-Tracking.pdf\">Karta katalogowa <\/a>\n<\/p>\n<p><img decoding=\"async\" src=\"\/wp-content\/uploads\/2021\/12\/OceanFIND.jpg\" alt=\"\"><\/p>\n<div>\n<p>OceanFIND to kompaktowy system \u015bledzenia satelitarnego o zasi\u0119gu 3000 m, przeznaczony dla zagubionych ROV lub podobnych wyporno\u015bciowych urz\u0105dze\u0144 podwodnych. Wykorzystuje on dane pozycjonowania satelitarnego i transceiver Inmarsat IsatData Pro do przekazywania dok\u0142adnej lokalizacji ROV &#8211; lub innego aktywu podwodnego &#8211; do jego w\u0142a\u015bciciela poprzez dedykowan\u0105 stron\u0119 internetow\u0105.<\/p>\n<p>System jest automatycznie aktywowany, gdy pozytywnie wyporny ROV wyp\u0142ynie na powierzchni\u0119, a w\u0142a\u015bciciel zostanie powiadomiony o jego dok\u0142adnej lokalizacji w ci\u0105gu godziny od jego przybycia na powierzchni\u0119.<\/p>\n<p>OceanFIND jest dostarczany z pakietem baterii, kt\u00f3ry zapewni kilka tygodni ci\u0105g\u0142ej pracy podczas \u015bledzenia utraconego zasobu. W normalnych warunkach bateria wystarcza na kilka lat, zak\u0142adaj\u0105c, \u017ce nie jest u\u017cywana w trybie czuwania.<\/p>\n<p>Aplikacje mobilne s\u0105 dost\u0119pne na platformy Apple i Android jako alternatywa dla g\u0142\u00f3wnej strony internetowej.<\/p>\n<\/div>\n<p><!--more--><br \/>\n<!-- {\"type\":\"layout\",\"children\":[{\"type\":\"section\",\"props\":{\"style\":\"default\",\"width\":\"default\",\"vertical_align\":\"middle\",\"title_position\":\"top-left\",\"title_rotation\":\"left\",\"title_breakpoint\":\"xl\",\"image_position\":\"center-center\"},\"children\":[{\"type\":\"row\",\"children\":[{\"type\":\"column\",\"props\":{\"image_position\":\"center-center\",\"media_overlay_gradient\":\"\"},\"children\":[{\"type\":\"headline\",\"props\":{\"title_element\":\"h1\",\"content\":\"\n\n<h1 class=\\\"uk-article-title\\\">System \\u015bledzenia ROV OceanTools OceanFIND<\\\/h1>\"}},{\"type\":\"divider\",\"props\":{\"divider_element\":\"hr\"}}]}]}]},{\"type\":\"section\",\"props\":{\"style\":\"default\",\"width\":\"default\",\"vertical_align\":\"middle\",\"title_position\":\"top-left\",\"title_rotation\":\"left\",\"title_breakpoint\":\"xl\",\"image_position\":\"center-center\"},\"children\":[{\"type\":\"row\",\"props\":{\"layout\":\"1-2,1-2\"},\"children\":[{\"type\":\"column\",\"props\":{\"image_position\":\"center-center\",\"media_overlay_gradient\":\"\",\"width_medium\":\"1-2\"},\"children\":[{\"type\":\"text\",\"props\":{\"margin\":\"default\",\"column_breakpoint\":\"m\",\"content\":\"\n\n<ul>\\n\n\n<li>Pozycjonowanie GPS \\\/ Glonass \\\/ Beidou<\\\/li>\\n\n\n<li>Godzinne aktualizacje pozycji<\\\/li>\\n\n\n<li>Nieaktywny pod wod\\u0105, w celu oszcz\\u0119dzania baterii<\\\/li>\\n\n\n<li>Mo\\u017ce zmniejszy\\u0107 koszty ubezpieczenia maj\\u0105tku<\\\/li>\\n<\\\/ul>\"}},{\"type\":\"button\",\"props\":{\"grid_column_gap\":\"small\",\"grid_row_gap\":\"small\",\"margin\":\"default\",\"text_align\":\"center\"},\"children\":[{\"type\":\"button_item\",\"props\":{\"button_style\":\"default\",\"icon_align\":\"left\",\"link\":\"http:\\\/\\\/data.oceantools.co.uk\\\/Datasheets\\\/OceanFIND-Lost-ROV-Tracking.pdf\",\"content\":\"Karta katalogowa \"}}]}]},{\"type\":\"column\",\"props\":{\"image_position\":\"center-center\",\"media_overlay_gradient\":\"\",\"width_medium\":\"1-2\"},\"children\":[{\"type\":\"image\",\"props\":{\"margin\":\"default\",\"image_svg_color\":\"emphasis\",\"image\":\"wp-content\\\/uploads\\\/2021\\\/12\\\/OceanFIND.jpg\"}}]}]}]},{\"type\":\"section\",\"props\":{\"style\":\"default\",\"width\":\"default\",\"vertical_align\":\"middle\",\"title_position\":\"top-left\",\"title_rotation\":\"left\",\"title_breakpoint\":\"xl\",\"image_position\":\"center-center\"},\"children\":[{\"type\":\"row\",\"children\":[{\"type\":\"column\",\"props\":{\"image_position\":\"center-center\",\"media_overlay_gradient\":\"\"},\"children\":[{\"type\":\"text\",\"props\":{\"margin\":\"default\",\"column_breakpoint\":\"m\",\"content\":\"\n\n<p>OceanFIND to kompaktowy system \\u015bledzenia satelitarnego o zasi\\u0119gu 3000 m, przeznaczony dla zagubionych ROV lub podobnych wyporno\\u015bciowych urz\\u0105dze\\u0144 podwodnych. Wykorzystuje on dane pozycjonowania satelitarnego i transceiver Inmarsat IsatData Pro do przekazywania dok\\u0142adnej lokalizacji ROV - lub innego aktywu podwodnego - do jego w\\u0142a\\u015bciciela poprzez dedykowan\\u0105 stron\\u0119 internetow\\u0105.<\\\/p>\\n\n\n<p>System jest automatycznie aktywowany, gdy pozytywnie wyporny ROV wyp\\u0142ynie na powierzchni\\u0119, a w\\u0142a\\u015bciciel zostanie powiadomiony o jego dok\\u0142adnej lokalizacji w ci\\u0105gu godziny od jego przybycia na powierzchni\\u0119.<\\\/p>\\n\n\n<p>OceanFIND jest dostarczany z pakietem baterii, kt\\u00f3ry zapewni kilka tygodni ci\\u0105g\\u0142ej pracy podczas \\u015bledzenia utraconego zasobu. W normalnych warunkach bateria wystarcza na kilka lat, zak\\u0142adaj\\u0105c, \\u017ce nie jest u\\u017cywana w trybie czuwania.<\\\/p>\\n\n\n<p>Aplikacje mobilne s\\u0105 dost\\u0119pne na platformy Apple i Android jako alternatywa dla g\\u0142\\u00f3wnej strony internetowej.<\\\/p>\"}}]}]}]}],\"version\":\"2.6.7\"} --><\/p>\n","protected":false},"excerpt":{"rendered":"<p>System \u015bledzenia ROV OceanTools OceanFIND Pozycjonowanie GPS \/ Glonass \/ Beidou Godzinne aktualizacje pozycji Nieaktywny pod wod\u0105, w celu oszcz\u0119dzania baterii Mo\u017ce zmniejszy\u0107 koszty ubezpieczenia maj\u0105tku Karta katalogowa OceanFIND to kompaktowy system \u015bledzenia satelitarnego o zasi\u0119gu 3000 m, przeznaczony dla zagubionych ROV lub podobnych wyporno\u015bciowych urz\u0105dze\u0144 podwodnych. Wykorzystuje on dane pozycjonowania satelitarnego i transceiver Inmarsat [&hellip;]<\/p>\n","protected":false},"author":10,"featured_media":0,"parent":0,"menu_order":0,"comment_status":"closed","ping_status":"closed","template":"","meta":{"footnotes":""},"class_list":["post-11098","page","type-page","status-publish","hentry"],"yoast_head":"<!-- This site is optimized with the Yoast SEO plugin v27.5 - https:\/\/yoast.com\/product\/yoast-seo-wordpress\/ -->\n<title>System \u015bledzenia ROV OceanTools OceanFIND - ESCORT TECHNOLOGY<\/title>\n<meta name=\"robots\" content=\"index, follow, max-snippet:-1, max-image-preview:large, max-video-preview:-1\" \/>\n<link rel=\"canonical\" href=\"https:\/\/escort-technology.com\/en\/system-sledzenia-rov-oceantools-oceanfind\/\" \/>\n<meta property=\"og:locale\" content=\"en_US\" \/>\n<meta property=\"og:type\" content=\"article\" \/>\n<meta property=\"og:title\" content=\"System \u015bledzenia ROV OceanTools OceanFIND - ESCORT TECHNOLOGY\" \/>\n<meta property=\"og:description\" content=\"System \u015bledzenia ROV OceanTools OceanFIND Pozycjonowanie GPS \/ Glonass \/ Beidou Godzinne aktualizacje pozycji Nieaktywny pod wod\u0105, w celu oszcz\u0119dzania baterii Mo\u017ce zmniejszy\u0107 koszty ubezpieczenia maj\u0105tku Karta katalogowa OceanFIND to kompaktowy system \u015bledzenia satelitarnego o zasi\u0119gu 3000 m, przeznaczony dla zagubionych ROV lub podobnych wyporno\u015bciowych urz\u0105dze\u0144 podwodnych. Wykorzystuje on dane pozycjonowania satelitarnego i transceiver Inmarsat [&hellip;]\" \/>\n<meta property=\"og:url\" content=\"https:\/\/escort-technology.com\/en\/system-sledzenia-rov-oceantools-oceanfind\/\" \/>\n<meta property=\"og:site_name\" content=\"ESCORT TECHNOLOGY\" \/>\n<meta property=\"article:publisher\" content=\"https:\/\/www.facebook.com\/elektronika.morska\/\" \/>\n<meta property=\"article:modified_time\" content=\"2021-12-30T09:39:45+00:00\" \/>\n<meta property=\"og:image\" content=\"https:\/\/escort-technology.com\/wp-content\/uploads\/2021\/12\/OceanFIND.jpg\" \/>\n<meta name=\"twitter:card\" content=\"summary_large_image\" \/>\n<meta name=\"twitter:label1\" content=\"Est. reading time\" \/>\n\t<meta name=\"twitter:data1\" content=\"1 minute\" \/>\n<script type=\"application\/ld+json\" class=\"yoast-schema-graph\">{\"@context\":\"https:\\\/\\\/schema.org\",\"@graph\":[{\"@type\":\"WebPage\",\"@id\":\"https:\\\/\\\/escort-technology.com\\\/system-sledzenia-rov-oceantools-oceanfind\\\/\",\"url\":\"https:\\\/\\\/escort-technology.com\\\/system-sledzenia-rov-oceantools-oceanfind\\\/\",\"name\":\"System \u015bledzenia ROV OceanTools OceanFIND - ESCORT TECHNOLOGY\",\"isPartOf\":{\"@id\":\"http:\\\/\\\/escort-technology.com\\\/de\\\/#website\"},\"datePublished\":\"2021-12-30T09:34:33+00:00\",\"dateModified\":\"2021-12-30T09:39:45+00:00\",\"breadcrumb\":{\"@id\":\"https:\\\/\\\/escort-technology.com\\\/system-sledzenia-rov-oceantools-oceanfind\\\/#breadcrumb\"},\"inLanguage\":\"en-US\",\"potentialAction\":[{\"@type\":\"ReadAction\",\"target\":[\"https:\\\/\\\/escort-technology.com\\\/system-sledzenia-rov-oceantools-oceanfind\\\/\"]}]},{\"@type\":\"BreadcrumbList\",\"@id\":\"https:\\\/\\\/escort-technology.com\\\/system-sledzenia-rov-oceantools-oceanfind\\\/#breadcrumb\",\"itemListElement\":[{\"@type\":\"ListItem\",\"position\":1,\"name\":\"Strona g\u0142\u00f3wna\",\"item\":\"https:\\\/\\\/escort-technology.com\\\/\"},{\"@type\":\"ListItem\",\"position\":2,\"name\":\"System \u015bledzenia ROV OceanTools OceanFIND\"}]},{\"@type\":\"WebSite\",\"@id\":\"http:\\\/\\\/escort-technology.com\\\/de\\\/#website\",\"url\":\"http:\\\/\\\/escort-technology.com\\\/de\\\/\",\"name\":\"ESCORT TECHNOLOGY\",\"description\":\"Elektronika morska i l\u0105dowa\",\"publisher\":{\"@id\":\"http:\\\/\\\/escort-technology.com\\\/de\\\/#organization\"},\"potentialAction\":[{\"@type\":\"SearchAction\",\"target\":{\"@type\":\"EntryPoint\",\"urlTemplate\":\"http:\\\/\\\/escort-technology.com\\\/de\\\/?s={search_term_string}\"},\"query-input\":{\"@type\":\"PropertyValueSpecification\",\"valueRequired\":true,\"valueName\":\"search_term_string\"}}],\"inLanguage\":\"en-US\"},{\"@type\":\"Organization\",\"@id\":\"http:\\\/\\\/escort-technology.com\\\/de\\\/#organization\",\"name\":\"ESCORT TECHNOLOGY\",\"url\":\"http:\\\/\\\/escort-technology.com\\\/de\\\/\",\"logo\":{\"@type\":\"ImageObject\",\"inLanguage\":\"en-US\",\"@id\":\"http:\\\/\\\/escort-technology.com\\\/de\\\/#\\\/schema\\\/logo\\\/image\\\/\",\"url\":\"https:\\\/\\\/escort-technology.com\\\/wp-content\\\/uploads\\\/logo-1.jpg\",\"contentUrl\":\"https:\\\/\\\/escort-technology.com\\\/wp-content\\\/uploads\\\/logo-1.jpg\",\"width\":600,\"height\":165,\"caption\":\"ESCORT TECHNOLOGY\"},\"image\":{\"@id\":\"http:\\\/\\\/escort-technology.com\\\/de\\\/#\\\/schema\\\/logo\\\/image\\\/\"},\"sameAs\":[\"https:\\\/\\\/www.facebook.com\\\/elektronika.morska\\\/\",\"https:\\\/\\\/www.linkedin.com\\\/company\\\/escort-sp-z-o-o-\\\/\"]}]}<\/script>\n<!-- \/ Yoast SEO plugin. -->","yoast_head_json":{"title":"System \u015bledzenia ROV OceanTools OceanFIND - ESCORT TECHNOLOGY","robots":{"index":"index","follow":"follow","max-snippet":"max-snippet:-1","max-image-preview":"max-image-preview:large","max-video-preview":"max-video-preview:-1"},"canonical":"https:\/\/escort-technology.com\/en\/system-sledzenia-rov-oceantools-oceanfind\/","og_locale":"en_US","og_type":"article","og_title":"System \u015bledzenia ROV OceanTools OceanFIND - ESCORT TECHNOLOGY","og_description":"System \u015bledzenia ROV OceanTools OceanFIND Pozycjonowanie GPS \/ Glonass \/ Beidou Godzinne aktualizacje pozycji Nieaktywny pod wod\u0105, w celu oszcz\u0119dzania baterii Mo\u017ce zmniejszy\u0107 koszty ubezpieczenia maj\u0105tku Karta katalogowa OceanFIND to kompaktowy system \u015bledzenia satelitarnego o zasi\u0119gu 3000 m, przeznaczony dla zagubionych ROV lub podobnych wyporno\u015bciowych urz\u0105dze\u0144 podwodnych. Wykorzystuje on dane pozycjonowania satelitarnego i transceiver Inmarsat [&hellip;]","og_url":"https:\/\/escort-technology.com\/en\/system-sledzenia-rov-oceantools-oceanfind\/","og_site_name":"ESCORT TECHNOLOGY","article_publisher":"https:\/\/www.facebook.com\/elektronika.morska\/","article_modified_time":"2021-12-30T09:39:45+00:00","og_image":[{"url":"https:\/\/escort-technology.com\/wp-content\/uploads\/2021\/12\/OceanFIND.jpg","type":"","width":"","height":""}],"twitter_card":"summary_large_image","twitter_misc":{"Est. reading time":"1 minute"},"schema":{"@context":"https:\/\/schema.org","@graph":[{"@type":"WebPage","@id":"https:\/\/escort-technology.com\/system-sledzenia-rov-oceantools-oceanfind\/","url":"https:\/\/escort-technology.com\/system-sledzenia-rov-oceantools-oceanfind\/","name":"System \u015bledzenia ROV OceanTools OceanFIND - ESCORT TECHNOLOGY","isPartOf":{"@id":"http:\/\/escort-technology.com\/de\/#website"},"datePublished":"2021-12-30T09:34:33+00:00","dateModified":"2021-12-30T09:39:45+00:00","breadcrumb":{"@id":"https:\/\/escort-technology.com\/system-sledzenia-rov-oceantools-oceanfind\/#breadcrumb"},"inLanguage":"en-US","potentialAction":[{"@type":"ReadAction","target":["https:\/\/escort-technology.com\/system-sledzenia-rov-oceantools-oceanfind\/"]}]},{"@type":"BreadcrumbList","@id":"https:\/\/escort-technology.com\/system-sledzenia-rov-oceantools-oceanfind\/#breadcrumb","itemListElement":[{"@type":"ListItem","position":1,"name":"Strona g\u0142\u00f3wna","item":"https:\/\/escort-technology.com\/"},{"@type":"ListItem","position":2,"name":"System \u015bledzenia ROV OceanTools OceanFIND"}]},{"@type":"WebSite","@id":"http:\/\/escort-technology.com\/de\/#website","url":"http:\/\/escort-technology.com\/de\/","name":"ESCORT TECHNOLOGY","description":"Onshore and offshore electronics","publisher":{"@id":"http:\/\/escort-technology.com\/de\/#organization"},"potentialAction":[{"@type":"SearchAction","target":{"@type":"EntryPoint","urlTemplate":"http:\/\/escort-technology.com\/de\/?s={search_term_string}"},"query-input":{"@type":"PropertyValueSpecification","valueRequired":true,"valueName":"search_term_string"}}],"inLanguage":"en-US"},{"@type":"Organization","@id":"http:\/\/escort-technology.com\/de\/#organization","name":"ESCORT TECHNOLOGY","url":"http:\/\/escort-technology.com\/de\/","logo":{"@type":"ImageObject","inLanguage":"en-US","@id":"http:\/\/escort-technology.com\/de\/#\/schema\/logo\/image\/","url":"https:\/\/escort-technology.com\/wp-content\/uploads\/logo-1.jpg","contentUrl":"https:\/\/escort-technology.com\/wp-content\/uploads\/logo-1.jpg","width":600,"height":165,"caption":"ESCORT TECHNOLOGY"},"image":{"@id":"http:\/\/escort-technology.com\/de\/#\/schema\/logo\/image\/"},"sameAs":["https:\/\/www.facebook.com\/elektronika.morska\/","https:\/\/www.linkedin.com\/company\/escort-sp-z-o-o-\/"]}]}},"_links":{"self":[{"href":"https:\/\/escort-technology.com\/en\/wp-json\/wp\/v2\/pages\/11098","targetHints":{"allow":["GET"]}}],"collection":[{"href":"https:\/\/escort-technology.com\/en\/wp-json\/wp\/v2\/pages"}],"about":[{"href":"https:\/\/escort-technology.com\/en\/wp-json\/wp\/v2\/types\/page"}],"author":[{"embeddable":true,"href":"https:\/\/escort-technology.com\/en\/wp-json\/wp\/v2\/users\/10"}],"replies":[{"embeddable":true,"href":"https:\/\/escort-technology.com\/en\/wp-json\/wp\/v2\/comments?post=11098"}],"version-history":[{"count":10,"href":"https:\/\/escort-technology.com\/en\/wp-json\/wp\/v2\/pages\/11098\/revisions"}],"predecessor-version":[{"id":11110,"href":"https:\/\/escort-technology.com\/en\/wp-json\/wp\/v2\/pages\/11098\/revisions\/11110"}],"wp:attachment":[{"href":"https:\/\/escort-technology.com\/en\/wp-json\/wp\/v2\/media?parent=11098"}],"curies":[{"name":"wp","href":"https:\/\/api.w.org\/{rel}","templated":true}]}}