{"id":11111,"date":"2021-12-30T10:42:17","date_gmt":"2021-12-30T09:42:17","guid":{"rendered":"https:\/\/escort-technology.com\/?page_id=11111"},"modified":"2021-12-30T10:54:20","modified_gmt":"2021-12-30T09:54:20","slug":"podwodne-stanowiska-elektryczne-i-metrologiczne-oceantools-electrostab-metrostab","status":"publish","type":"page","link":"https:\/\/escort-technology.com\/en\/podwodne-stanowiska-elektryczne-i-metrologiczne-oceantools-electrostab-metrostab\/","title":{"rendered":"Podwodne stanowiska elektryczne i metrologiczne OceanTools ElectroSTAB &#038; MetroSTAB"},"content":{"rendered":"<h1>\n<h1 class=\"uk-article-title\">Podwodne instalacje elektryczne i metrologiczne OceanTools ElectroSTAB &amp; MetroSTAB<\/h1>\n<\/h1>\n<hr>\n<div>\n<p><strong>ElectroSTAB:<\/strong><\/p>\n<ul>\n<li>Szybkoz\u0142\u0105cza elektryczne dla pojazd\u00f3w podwodnych<\/li>\n<li>Do 300V DC\/AC przy 20A \u0142\u0105cznie na z\u0142\u0105cze<\/li>\n<\/ul>\n<p><strong>MetroSTAB:<\/strong><\/p>\n<ul>\n<li>Mocowanie ze stali nierdzewnej umo\u017cliwia obr\u00f3t o 90\u00b0.<\/li>\n<li>Dostarczane z od\u0142\u0105czalnym ko\u0142kiem blokuj\u0105cym ROV<\/li>\n<\/ul>\n<\/div>\n<p>\n    <a href=\"http:\/\/data.oceantools.co.uk\/Datasheets\/ElectroSTAB-MetroSTAB-Subsea-Stabs.pdf\">karta katalogowa <\/a>\n<\/p>\n<p><img decoding=\"async\" src=\"\/wp-content\/uploads\/2021\/12\/MetroSTAB-Stab.jpg\" alt=\"\"><\/p>\n<div>\n<p>ElectroSTAB jest szybkoz\u0142\u0105czem elektrycznym typu &#8222;wet mate&#8221; dla robot\u00f3w podwodnych z wieloma opcjami monta\u017cu wtyczki i gniazda. Funkcjonalna i ekonomiczna konstrukcja posiada po\u0142\u0105czenie dociskowe u\u0142atwiaj\u0105ce dopasowanie. Trwa\u0142a i lekka obudowa z acetalu ogranicza do minimum problemy zwi\u0105zane z korozj\u0105. Wtyczka wet mate mo\u017ce by\u0107 wyposa\u017cona w uchwyt ROV. Dost\u0119pne s\u0105 opcje monta\u017cu ko\u0142nierzowego lub bezko\u0142nierzowego dla wtyku i gniazda.<\/p>\n<p>MetroSTAB to precyzyjnie wykonany ze stali nierdzewnej \u0142\u0105cznik z czterema punktami kardynalnymi do cel\u00f3w metrologicznych. Sk\u0142ada si\u0119 on z m\u0119skiej i \u017ce\u0144skiej cz\u0119\u015bci, kt\u00f3re maj\u0105 oko\u0142o 180 mm wysoko\u015bci, gdy s\u0105 w\u0142\u0105czone, utrzymywane w \u017c\u0105danej orientacji przez zdejmowany przez ROV sworze\u0144 blokuj\u0105cy. Obracaj\u0105c si\u0119 pomi\u0119dzy i blokuj\u0105c w czterech punktach kardynalnych, zamontowany element jest \u0142atwo i bezpiecznie zorientowany zgodnie z wymaganiami.<\/p>\n<\/div>\n<p><!--more--><br \/>\n<!-- {\"type\":\"layout\",\"children\":[{\"type\":\"section\",\"props\":{\"style\":\"default\",\"width\":\"default\",\"vertical_align\":\"middle\",\"title_position\":\"top-left\",\"title_rotation\":\"left\",\"title_breakpoint\":\"xl\",\"image_position\":\"center-center\"},\"children\":[{\"type\":\"row\",\"children\":[{\"type\":\"column\",\"props\":{\"image_position\":\"center-center\",\"media_overlay_gradient\":\"\"},\"children\":[{\"type\":\"headline\",\"props\":{\"title_element\":\"h1\",\"content\":\"\n\n<h1 class=\\\"uk-article-title\\\">Podwodne instalacje elektryczne i metrologiczne OceanTools ElectroSTAB &amp; MetroSTAB<\\\/h1>\"}},{\"type\":\"divider\",\"props\":{\"divider_element\":\"hr\"}}]}]}]},{\"type\":\"section\",\"props\":{\"style\":\"default\",\"width\":\"default\",\"vertical_align\":\"middle\",\"title_position\":\"top-left\",\"title_rotation\":\"left\",\"title_breakpoint\":\"xl\",\"image_position\":\"center-center\"},\"children\":[{\"type\":\"row\",\"props\":{\"layout\":\"1-2,1-2\"},\"children\":[{\"type\":\"column\",\"props\":{\"image_position\":\"center-center\",\"media_overlay_gradient\":\"\",\"width_medium\":\"1-2\"},\"children\":[{\"type\":\"text\",\"props\":{\"margin\":\"default\",\"column_breakpoint\":\"m\",\"content\":\"\n\n<p><strong>ElectroSTAB:<\\\/strong><\\\/p>\\n\n\n<ul>\\n\n\n<li>Szybkoz\\u0142\\u0105cza elektryczne dla pojazd\\u00f3w podwodnych<\\\/li>\\n\n\n<li>Do 300V DC\\\/AC przy 20A \\u0142\\u0105cznie na z\\u0142\\u0105cze<\\\/li>\\n<\\\/ul>\\n\n\n<p><strong>MetroSTAB:<\\\/strong><\\\/p>\\n\n\n<ul>\\n\n\n<li>Mocowanie ze stali nierdzewnej umo\\u017cliwia obr\\u00f3t o 90\\u00b0.<\\\/li>\\n\n\n<li>Dostarczane z od\\u0142\\u0105czalnym ko\\u0142kiem blokuj\\u0105cym ROV<\\\/li>\\n<\\\/ul>\"}},{\"type\":\"button\",\"props\":{\"grid_column_gap\":\"small\",\"grid_row_gap\":\"small\",\"margin\":\"default\",\"text_align\":\"center\"},\"children\":[{\"type\":\"button_item\",\"props\":{\"button_style\":\"default\",\"icon_align\":\"left\",\"content\":\"karta katalogowa \",\"link\":\"http:\\\/\\\/data.oceantools.co.uk\\\/Datasheets\\\/ElectroSTAB-MetroSTAB-Subsea-Stabs.pdf\"}}]}]},{\"type\":\"column\",\"props\":{\"image_position\":\"center-center\",\"media_overlay_gradient\":\"\",\"width_medium\":\"1-2\"},\"children\":[{\"type\":\"image\",\"props\":{\"margin\":\"default\",\"image_svg_color\":\"emphasis\",\"image\":\"wp-content\\\/uploads\\\/2021\\\/12\\\/MetroSTAB-Stab.jpg\"}}]}]}]},{\"type\":\"section\",\"props\":{\"style\":\"default\",\"width\":\"default\",\"vertical_align\":\"middle\",\"title_position\":\"top-left\",\"title_rotation\":\"left\",\"title_breakpoint\":\"xl\",\"image_position\":\"center-center\"},\"children\":[{\"type\":\"row\",\"children\":[{\"type\":\"column\",\"props\":{\"image_position\":\"center-center\",\"media_overlay_gradient\":\"\"},\"children\":[{\"type\":\"text\",\"props\":{\"margin\":\"default\",\"column_breakpoint\":\"m\",\"content\":\"\n\n<p>ElectroSTAB jest szybkoz\\u0142\\u0105czem elektrycznym typu \\\"wet mate\\\" dla robot\\u00f3w podwodnych z wieloma opcjami monta\\u017cu wtyczki i gniazda. Funkcjonalna i ekonomiczna konstrukcja posiada po\\u0142\\u0105czenie dociskowe u\\u0142atwiaj\\u0105ce dopasowanie. Trwa\\u0142a i lekka obudowa z acetalu ogranicza do minimum problemy zwi\\u0105zane z korozj\\u0105. Wtyczka wet mate mo\\u017ce by\\u0107 wyposa\\u017cona w uchwyt ROV. Dost\\u0119pne s\\u0105 opcje monta\\u017cu ko\\u0142nierzowego lub bezko\\u0142nierzowego dla wtyku i gniazda.<\\\/p>\\n\n\n<p>MetroSTAB to precyzyjnie wykonany ze stali nierdzewnej \\u0142\\u0105cznik z czterema punktami kardynalnymi do cel\\u00f3w metrologicznych. Sk\\u0142ada si\\u0119 on z m\\u0119skiej i \\u017ce\\u0144skiej cz\\u0119\\u015bci, kt\\u00f3re maj\\u0105 oko\\u0142o 180 mm wysoko\\u015bci, gdy s\\u0105 w\\u0142\\u0105czone, utrzymywane w \\u017c\\u0105danej orientacji przez zdejmowany przez ROV sworze\\u0144 blokuj\\u0105cy. Obracaj\\u0105c si\\u0119 pomi\\u0119dzy i blokuj\\u0105c w czterech punktach kardynalnych, zamontowany element jest \\u0142atwo i bezpiecznie zorientowany zgodnie z wymaganiami.<\\\/p>\"}}]}]}]}],\"version\":\"2.6.7\"} --><\/p>\n","protected":false},"excerpt":{"rendered":"<p>Podwodne instalacje elektryczne i metrologiczne OceanTools ElectroSTAB &amp; MetroSTAB ElectroSTAB: Szybkoz\u0142\u0105cza elektryczne dla pojazd\u00f3w podwodnych Do 300V DC\/AC przy 20A \u0142\u0105cznie na z\u0142\u0105cze MetroSTAB: Mocowanie ze stali nierdzewnej umo\u017cliwia obr\u00f3t o 90\u00b0. Dostarczane z od\u0142\u0105czalnym ko\u0142kiem blokuj\u0105cym ROV karta katalogowa ElectroSTAB jest szybkoz\u0142\u0105czem elektrycznym typu &#8222;wet mate&#8221; dla robot\u00f3w podwodnych z wieloma opcjami monta\u017cu wtyczki [&hellip;]<\/p>\n","protected":false},"author":10,"featured_media":0,"parent":0,"menu_order":0,"comment_status":"closed","ping_status":"closed","template":"","meta":{"footnotes":""},"class_list":["post-11111","page","type-page","status-publish","hentry"],"yoast_head":"<!-- This site is optimized with the Yoast SEO plugin v27.5 - https:\/\/yoast.com\/product\/yoast-seo-wordpress\/ -->\n<title>Podwodne stanowiska elektryczne i metrologiczne OceanTools ElectroSTAB &amp; MetroSTAB - ESCORT TECHNOLOGY<\/title>\n<meta name=\"robots\" content=\"index, follow, max-snippet:-1, max-image-preview:large, max-video-preview:-1\" \/>\n<link rel=\"canonical\" href=\"https:\/\/escort-technology.com\/en\/podwodne-stanowiska-elektryczne-i-metrologiczne-oceantools-electrostab-metrostab\/\" \/>\n<meta property=\"og:locale\" content=\"en_US\" \/>\n<meta property=\"og:type\" content=\"article\" \/>\n<meta property=\"og:title\" content=\"Podwodne stanowiska elektryczne i metrologiczne OceanTools ElectroSTAB &amp; MetroSTAB - ESCORT TECHNOLOGY\" \/>\n<meta property=\"og:description\" content=\"Podwodne instalacje elektryczne i metrologiczne OceanTools ElectroSTAB &amp; MetroSTAB ElectroSTAB: Szybkoz\u0142\u0105cza elektryczne dla pojazd\u00f3w podwodnych Do 300V DC\/AC przy 20A \u0142\u0105cznie na z\u0142\u0105cze MetroSTAB: Mocowanie ze stali nierdzewnej umo\u017cliwia obr\u00f3t o 90\u00b0. Dostarczane z od\u0142\u0105czalnym ko\u0142kiem blokuj\u0105cym ROV karta katalogowa ElectroSTAB jest szybkoz\u0142\u0105czem elektrycznym typu &#8222;wet mate&#8221; dla robot\u00f3w podwodnych z wieloma opcjami monta\u017cu wtyczki [&hellip;]\" \/>\n<meta property=\"og:url\" content=\"https:\/\/escort-technology.com\/en\/podwodne-stanowiska-elektryczne-i-metrologiczne-oceantools-electrostab-metrostab\/\" \/>\n<meta property=\"og:site_name\" content=\"ESCORT TECHNOLOGY\" \/>\n<meta property=\"article:publisher\" content=\"https:\/\/www.facebook.com\/elektronika.morska\/\" \/>\n<meta property=\"article:modified_time\" content=\"2021-12-30T09:54:20+00:00\" \/>\n<meta property=\"og:image\" content=\"https:\/\/escort-technology.com\/wp-content\/uploads\/2021\/12\/MetroSTAB-Stab.jpg\" \/>\n<meta name=\"twitter:card\" content=\"summary_large_image\" \/>\n<meta name=\"twitter:label1\" content=\"Est. reading time\" \/>\n\t<meta name=\"twitter:data1\" content=\"1 minute\" \/>\n<script type=\"application\/ld+json\" class=\"yoast-schema-graph\">{\"@context\":\"https:\\\/\\\/schema.org\",\"@graph\":[{\"@type\":\"WebPage\",\"@id\":\"https:\\\/\\\/escort-technology.com\\\/podwodne-stanowiska-elektryczne-i-metrologiczne-oceantools-electrostab-metrostab\\\/\",\"url\":\"https:\\\/\\\/escort-technology.com\\\/podwodne-stanowiska-elektryczne-i-metrologiczne-oceantools-electrostab-metrostab\\\/\",\"name\":\"Podwodne stanowiska elektryczne i metrologiczne OceanTools ElectroSTAB & MetroSTAB - ESCORT TECHNOLOGY\",\"isPartOf\":{\"@id\":\"http:\\\/\\\/escort-technology.com\\\/de\\\/#website\"},\"datePublished\":\"2021-12-30T09:42:17+00:00\",\"dateModified\":\"2021-12-30T09:54:20+00:00\",\"breadcrumb\":{\"@id\":\"https:\\\/\\\/escort-technology.com\\\/podwodne-stanowiska-elektryczne-i-metrologiczne-oceantools-electrostab-metrostab\\\/#breadcrumb\"},\"inLanguage\":\"en-US\",\"potentialAction\":[{\"@type\":\"ReadAction\",\"target\":[\"https:\\\/\\\/escort-technology.com\\\/podwodne-stanowiska-elektryczne-i-metrologiczne-oceantools-electrostab-metrostab\\\/\"]}]},{\"@type\":\"BreadcrumbList\",\"@id\":\"https:\\\/\\\/escort-technology.com\\\/podwodne-stanowiska-elektryczne-i-metrologiczne-oceantools-electrostab-metrostab\\\/#breadcrumb\",\"itemListElement\":[{\"@type\":\"ListItem\",\"position\":1,\"name\":\"Strona g\u0142\u00f3wna\",\"item\":\"https:\\\/\\\/escort-technology.com\\\/\"},{\"@type\":\"ListItem\",\"position\":2,\"name\":\"Podwodne stanowiska elektryczne i metrologiczne OceanTools ElectroSTAB &#038; MetroSTAB\"}]},{\"@type\":\"WebSite\",\"@id\":\"http:\\\/\\\/escort-technology.com\\\/de\\\/#website\",\"url\":\"http:\\\/\\\/escort-technology.com\\\/de\\\/\",\"name\":\"ESCORT TECHNOLOGY\",\"description\":\"Elektronika morska i l\u0105dowa\",\"publisher\":{\"@id\":\"http:\\\/\\\/escort-technology.com\\\/de\\\/#organization\"},\"potentialAction\":[{\"@type\":\"SearchAction\",\"target\":{\"@type\":\"EntryPoint\",\"urlTemplate\":\"http:\\\/\\\/escort-technology.com\\\/de\\\/?s={search_term_string}\"},\"query-input\":{\"@type\":\"PropertyValueSpecification\",\"valueRequired\":true,\"valueName\":\"search_term_string\"}}],\"inLanguage\":\"en-US\"},{\"@type\":\"Organization\",\"@id\":\"http:\\\/\\\/escort-technology.com\\\/de\\\/#organization\",\"name\":\"ESCORT TECHNOLOGY\",\"url\":\"http:\\\/\\\/escort-technology.com\\\/de\\\/\",\"logo\":{\"@type\":\"ImageObject\",\"inLanguage\":\"en-US\",\"@id\":\"http:\\\/\\\/escort-technology.com\\\/de\\\/#\\\/schema\\\/logo\\\/image\\\/\",\"url\":\"https:\\\/\\\/escort-technology.com\\\/wp-content\\\/uploads\\\/logo-1.jpg\",\"contentUrl\":\"https:\\\/\\\/escort-technology.com\\\/wp-content\\\/uploads\\\/logo-1.jpg\",\"width\":600,\"height\":165,\"caption\":\"ESCORT TECHNOLOGY\"},\"image\":{\"@id\":\"http:\\\/\\\/escort-technology.com\\\/de\\\/#\\\/schema\\\/logo\\\/image\\\/\"},\"sameAs\":[\"https:\\\/\\\/www.facebook.com\\\/elektronika.morska\\\/\",\"https:\\\/\\\/www.linkedin.com\\\/company\\\/escort-sp-z-o-o-\\\/\"]}]}<\/script>\n<!-- \/ Yoast SEO plugin. -->","yoast_head_json":{"title":"Podwodne stanowiska elektryczne i metrologiczne OceanTools ElectroSTAB & MetroSTAB - ESCORT TECHNOLOGY","robots":{"index":"index","follow":"follow","max-snippet":"max-snippet:-1","max-image-preview":"max-image-preview:large","max-video-preview":"max-video-preview:-1"},"canonical":"https:\/\/escort-technology.com\/en\/podwodne-stanowiska-elektryczne-i-metrologiczne-oceantools-electrostab-metrostab\/","og_locale":"en_US","og_type":"article","og_title":"Podwodne stanowiska elektryczne i metrologiczne OceanTools ElectroSTAB & MetroSTAB - ESCORT TECHNOLOGY","og_description":"Podwodne instalacje elektryczne i metrologiczne OceanTools ElectroSTAB &amp; MetroSTAB ElectroSTAB: Szybkoz\u0142\u0105cza elektryczne dla pojazd\u00f3w podwodnych Do 300V DC\/AC przy 20A \u0142\u0105cznie na z\u0142\u0105cze MetroSTAB: Mocowanie ze stali nierdzewnej umo\u017cliwia obr\u00f3t o 90\u00b0. Dostarczane z od\u0142\u0105czalnym ko\u0142kiem blokuj\u0105cym ROV karta katalogowa ElectroSTAB jest szybkoz\u0142\u0105czem elektrycznym typu &#8222;wet mate&#8221; dla robot\u00f3w podwodnych z wieloma opcjami monta\u017cu wtyczki [&hellip;]","og_url":"https:\/\/escort-technology.com\/en\/podwodne-stanowiska-elektryczne-i-metrologiczne-oceantools-electrostab-metrostab\/","og_site_name":"ESCORT TECHNOLOGY","article_publisher":"https:\/\/www.facebook.com\/elektronika.morska\/","article_modified_time":"2021-12-30T09:54:20+00:00","og_image":[{"url":"https:\/\/escort-technology.com\/wp-content\/uploads\/2021\/12\/MetroSTAB-Stab.jpg","type":"","width":"","height":""}],"twitter_card":"summary_large_image","twitter_misc":{"Est. reading time":"1 minute"},"schema":{"@context":"https:\/\/schema.org","@graph":[{"@type":"WebPage","@id":"https:\/\/escort-technology.com\/podwodne-stanowiska-elektryczne-i-metrologiczne-oceantools-electrostab-metrostab\/","url":"https:\/\/escort-technology.com\/podwodne-stanowiska-elektryczne-i-metrologiczne-oceantools-electrostab-metrostab\/","name":"Podwodne stanowiska elektryczne i metrologiczne OceanTools ElectroSTAB & MetroSTAB - ESCORT TECHNOLOGY","isPartOf":{"@id":"http:\/\/escort-technology.com\/de\/#website"},"datePublished":"2021-12-30T09:42:17+00:00","dateModified":"2021-12-30T09:54:20+00:00","breadcrumb":{"@id":"https:\/\/escort-technology.com\/podwodne-stanowiska-elektryczne-i-metrologiczne-oceantools-electrostab-metrostab\/#breadcrumb"},"inLanguage":"en-US","potentialAction":[{"@type":"ReadAction","target":["https:\/\/escort-technology.com\/podwodne-stanowiska-elektryczne-i-metrologiczne-oceantools-electrostab-metrostab\/"]}]},{"@type":"BreadcrumbList","@id":"https:\/\/escort-technology.com\/podwodne-stanowiska-elektryczne-i-metrologiczne-oceantools-electrostab-metrostab\/#breadcrumb","itemListElement":[{"@type":"ListItem","position":1,"name":"Strona g\u0142\u00f3wna","item":"https:\/\/escort-technology.com\/"},{"@type":"ListItem","position":2,"name":"Podwodne stanowiska elektryczne i metrologiczne OceanTools ElectroSTAB &#038; MetroSTAB"}]},{"@type":"WebSite","@id":"http:\/\/escort-technology.com\/de\/#website","url":"http:\/\/escort-technology.com\/de\/","name":"ESCORT TECHNOLOGY","description":"Onshore and offshore electronics","publisher":{"@id":"http:\/\/escort-technology.com\/de\/#organization"},"potentialAction":[{"@type":"SearchAction","target":{"@type":"EntryPoint","urlTemplate":"http:\/\/escort-technology.com\/de\/?s={search_term_string}"},"query-input":{"@type":"PropertyValueSpecification","valueRequired":true,"valueName":"search_term_string"}}],"inLanguage":"en-US"},{"@type":"Organization","@id":"http:\/\/escort-technology.com\/de\/#organization","name":"ESCORT TECHNOLOGY","url":"http:\/\/escort-technology.com\/de\/","logo":{"@type":"ImageObject","inLanguage":"en-US","@id":"http:\/\/escort-technology.com\/de\/#\/schema\/logo\/image\/","url":"https:\/\/escort-technology.com\/wp-content\/uploads\/logo-1.jpg","contentUrl":"https:\/\/escort-technology.com\/wp-content\/uploads\/logo-1.jpg","width":600,"height":165,"caption":"ESCORT TECHNOLOGY"},"image":{"@id":"http:\/\/escort-technology.com\/de\/#\/schema\/logo\/image\/"},"sameAs":["https:\/\/www.facebook.com\/elektronika.morska\/","https:\/\/www.linkedin.com\/company\/escort-sp-z-o-o-\/"]}]}},"_links":{"self":[{"href":"https:\/\/escort-technology.com\/en\/wp-json\/wp\/v2\/pages\/11111","targetHints":{"allow":["GET"]}}],"collection":[{"href":"https:\/\/escort-technology.com\/en\/wp-json\/wp\/v2\/pages"}],"about":[{"href":"https:\/\/escort-technology.com\/en\/wp-json\/wp\/v2\/types\/page"}],"author":[{"embeddable":true,"href":"https:\/\/escort-technology.com\/en\/wp-json\/wp\/v2\/users\/10"}],"replies":[{"embeddable":true,"href":"https:\/\/escort-technology.com\/en\/wp-json\/wp\/v2\/comments?post=11111"}],"version-history":[{"count":10,"href":"https:\/\/escort-technology.com\/en\/wp-json\/wp\/v2\/pages\/11111\/revisions"}],"predecessor-version":[{"id":11123,"href":"https:\/\/escort-technology.com\/en\/wp-json\/wp\/v2\/pages\/11111\/revisions\/11123"}],"wp:attachment":[{"href":"https:\/\/escort-technology.com\/en\/wp-json\/wp\/v2\/media?parent=11111"}],"curies":[{"name":"wp","href":"https:\/\/api.w.org\/{rel}","templated":true}]}}