{"id":11124,"date":"2021-12-30T10:56:22","date_gmt":"2021-12-30T09:56:22","guid":{"rendered":"https:\/\/escort-technology.com\/?page_id=11124"},"modified":"2021-12-30T11:08:20","modified_gmt":"2021-12-30T10:08:20","slug":"uchwyty-do-narzedzi-rov","status":"publish","type":"page","link":"https:\/\/escort-technology.com\/en\/uchwyty-do-narzedzi-rov\/","title":{"rendered":"Uchwyty do narz\u0119dzi ROV OceanTools"},"content":{"rendered":"<h1>\n<h1 class=\"uk-article-title\">Uchwyty do narz\u0119dzi ROV OceanTools<\/h1>\n<\/h1>\n<hr>\n<div>\n<p>Uchwyty T-bar i Fishtail ze stali nierdzewnej<\/p>\n<ul>\n<li>Warianty T-bar i Fishtail<\/li>\n<li>Opcja monta\u017cu zgodnego z wymogami spr\u0119\u017cysto\u015bci<\/li>\n<li>Stal nierdzewna klasy morskiej<\/li>\n<\/ul>\n<\/div>\n<p><img decoding=\"async\" src=\"\/wp-content\/uploads\/2021\/12\/ROV-Tooling-Handles.jpg\" alt=\"\"><\/p>\n<div>\n<p>Uchwyty narz\u0119dziowe OceanTools ROV s\u0105 dost\u0119pne w standardowych wersjach &#8222;Fishtail&#8221; i &#8222;T-bar&#8221;, aby dopasowa\u0107 si\u0119 do szerokiego zakresu zastosowa\u0144. Mog\u0105 by\u0107 dostarczane z systemem monta\u017cu sta\u0142ego lub uniwersalnego.<\/p>\n<p>Spr\u0119\u017cysty zgodny system mocowania pozwala na niewielkie ruchy w ROV, z my\u015bl\u0105 o dw\u00f3ch celach. Po pierwsze, pozwala to sondom lub czujnikom pozosta\u0107 w kontakcie z konstrukcj\u0105 podwodn\u0105, gdy ROV zmaga si\u0119 z pr\u0105dami itp. Po drugie, zapobiega uszkodzeniu oprzyrz\u0105dowania lub infrastruktury podwodnej, absorbuj\u0105c niewielkie ruchy.<\/p>\n<\/div>\n<p><!--more--><br \/>\n<!-- {\"type\":\"layout\",\"children\":[{\"type\":\"section\",\"props\":{\"style\":\"default\",\"width\":\"default\",\"vertical_align\":\"middle\",\"title_position\":\"top-left\",\"title_rotation\":\"left\",\"title_breakpoint\":\"xl\",\"image_position\":\"center-center\"},\"children\":[{\"type\":\"row\",\"children\":[{\"type\":\"column\",\"props\":{\"image_position\":\"center-center\",\"media_overlay_gradient\":\"\"},\"children\":[{\"type\":\"headline\",\"props\":{\"title_element\":\"h1\",\"content\":\"\n\n<h1 class=\\\"uk-article-title\\\">Uchwyty do narz\\u0119dzi ROV OceanTools<\\\/h1>\"}},{\"type\":\"divider\",\"props\":{\"divider_element\":\"hr\"}}]}]}]},{\"type\":\"section\",\"props\":{\"style\":\"default\",\"width\":\"default\",\"vertical_align\":\"middle\",\"title_position\":\"top-left\",\"title_rotation\":\"left\",\"title_breakpoint\":\"xl\",\"image_position\":\"center-center\"},\"children\":[{\"type\":\"row\",\"props\":{\"layout\":\"1-2,1-2\"},\"children\":[{\"type\":\"column\",\"props\":{\"image_position\":\"center-center\",\"media_overlay_gradient\":\"\",\"width_medium\":\"1-2\"},\"children\":[{\"type\":\"text\",\"props\":{\"margin\":\"default\",\"column_breakpoint\":\"m\",\"content\":\"\n\n<p>Uchwyty T-bar i Fishtail ze stali nierdzewnej<\\\/p>\\n\n\n<ul>\\n\n\n<li>Warianty T-bar i Fishtail<\\\/li>\\n\n\n<li>Opcja monta\\u017cu zgodnego z wymogami spr\\u0119\\u017cysto\\u015bci<\\\/li>\\n\n\n<li>Stal nierdzewna klasy morskiej<\\\/li>\\n<\\\/ul>\"}}]},{\"type\":\"column\",\"props\":{\"image_position\":\"center-center\",\"media_overlay_gradient\":\"\",\"width_medium\":\"1-2\"},\"children\":[{\"type\":\"image\",\"props\":{\"margin\":\"default\",\"image_svg_color\":\"emphasis\",\"image\":\"wp-content\\\/uploads\\\/2021\\\/12\\\/ROV-Tooling-Handles.jpg\"}}]}]}]},{\"type\":\"section\",\"props\":{\"style\":\"default\",\"width\":\"default\",\"vertical_align\":\"middle\",\"title_position\":\"top-left\",\"title_rotation\":\"left\",\"title_breakpoint\":\"xl\",\"image_position\":\"center-center\"},\"children\":[{\"type\":\"row\",\"children\":[{\"type\":\"column\",\"props\":{\"image_position\":\"center-center\",\"media_overlay_gradient\":\"\"},\"children\":[{\"type\":\"text\",\"props\":{\"margin\":\"default\",\"column_breakpoint\":\"m\",\"content\":\"\n\n<p>Uchwyty narz\\u0119dziowe OceanTools ROV s\\u0105 dost\\u0119pne w standardowych wersjach \\\"Fishtail\\\" i \\\"T-bar\\\", aby dopasowa\\u0107 si\\u0119 do szerokiego zakresu zastosowa\\u0144. Mog\\u0105 by\\u0107 dostarczane z systemem monta\\u017cu sta\\u0142ego lub uniwersalnego.<\\\/p>\\n\n\n<p>Spr\\u0119\\u017cysty zgodny system mocowania pozwala na niewielkie ruchy w ROV, z my\\u015bl\\u0105 o dw\\u00f3ch celach. Po pierwsze, pozwala to sondom lub czujnikom pozosta\\u0107 w kontakcie z konstrukcj\\u0105 podwodn\\u0105, gdy ROV zmaga si\\u0119 z pr\\u0105dami itp. Po drugie, zapobiega uszkodzeniu oprzyrz\\u0105dowania lub infrastruktury podwodnej, absorbuj\\u0105c niewielkie ruchy.<\\\/p>\"}}]}]}]}],\"version\":\"2.6.7\"} --><\/p>\n","protected":false},"excerpt":{"rendered":"<p>Uchwyty do narz\u0119dzi ROV OceanTools Uchwyty T-bar i Fishtail ze stali nierdzewnej Warianty T-bar i Fishtail Opcja monta\u017cu zgodnego z wymogami spr\u0119\u017cysto\u015bci Stal nierdzewna klasy morskiej Uchwyty narz\u0119dziowe OceanTools ROV s\u0105 dost\u0119pne w standardowych wersjach &#8222;Fishtail&#8221; i &#8222;T-bar&#8221;, aby dopasowa\u0107 si\u0119 do szerokiego zakresu zastosowa\u0144. Mog\u0105 by\u0107 dostarczane z systemem monta\u017cu sta\u0142ego lub uniwersalnego. Spr\u0119\u017cysty [&hellip;]<\/p>\n","protected":false},"author":10,"featured_media":0,"parent":0,"menu_order":0,"comment_status":"closed","ping_status":"closed","template":"","meta":{"footnotes":""},"class_list":["post-11124","page","type-page","status-publish","hentry"],"yoast_head":"<!-- This site is optimized with the Yoast SEO plugin v27.6 - https:\/\/yoast.com\/product\/yoast-seo-wordpress\/ -->\n<title>Uchwyty do narz\u0119dzi ROV OceanTools - ESCORT TECHNOLOGY<\/title>\n<meta name=\"robots\" content=\"index, follow, max-snippet:-1, max-image-preview:large, max-video-preview:-1\" \/>\n<link rel=\"canonical\" href=\"https:\/\/escort-technology.com\/en\/uchwyty-do-narzedzi-rov\/\" \/>\n<meta property=\"og:locale\" content=\"en_US\" \/>\n<meta property=\"og:type\" content=\"article\" \/>\n<meta property=\"og:title\" content=\"Uchwyty do narz\u0119dzi ROV OceanTools - ESCORT TECHNOLOGY\" \/>\n<meta property=\"og:description\" content=\"Uchwyty do narz\u0119dzi ROV OceanTools Uchwyty T-bar i Fishtail ze stali nierdzewnej Warianty T-bar i Fishtail Opcja monta\u017cu zgodnego z wymogami spr\u0119\u017cysto\u015bci Stal nierdzewna klasy morskiej Uchwyty narz\u0119dziowe OceanTools ROV s\u0105 dost\u0119pne w standardowych wersjach &#8222;Fishtail&#8221; i &#8222;T-bar&#8221;, aby dopasowa\u0107 si\u0119 do szerokiego zakresu zastosowa\u0144. Mog\u0105 by\u0107 dostarczane z systemem monta\u017cu sta\u0142ego lub uniwersalnego. Spr\u0119\u017cysty [&hellip;]\" \/>\n<meta property=\"og:url\" content=\"https:\/\/escort-technology.com\/en\/uchwyty-do-narzedzi-rov\/\" \/>\n<meta property=\"og:site_name\" content=\"ESCORT TECHNOLOGY\" \/>\n<meta property=\"article:publisher\" content=\"https:\/\/www.facebook.com\/elektronika.morska\/\" \/>\n<meta property=\"article:modified_time\" content=\"2021-12-30T10:08:20+00:00\" \/>\n<meta property=\"og:image\" content=\"https:\/\/escort-technology.com\/wp-content\/uploads\/2021\/12\/ROV-Tooling-Handles.jpg\" \/>\n<meta name=\"twitter:card\" content=\"summary_large_image\" \/>\n<meta name=\"twitter:label1\" content=\"Est. reading time\" \/>\n\t<meta name=\"twitter:data1\" content=\"1 minute\" \/>\n<script type=\"application\/ld+json\" class=\"yoast-schema-graph\">{\"@context\":\"https:\\\/\\\/schema.org\",\"@graph\":[{\"@type\":\"WebPage\",\"@id\":\"https:\\\/\\\/escort-technology.com\\\/uchwyty-do-narzedzi-rov\\\/\",\"url\":\"https:\\\/\\\/escort-technology.com\\\/uchwyty-do-narzedzi-rov\\\/\",\"name\":\"Uchwyty do narz\u0119dzi ROV OceanTools - ESCORT TECHNOLOGY\",\"isPartOf\":{\"@id\":\"http:\\\/\\\/escort-technology.com\\\/de\\\/#website\"},\"datePublished\":\"2021-12-30T09:56:22+00:00\",\"dateModified\":\"2021-12-30T10:08:20+00:00\",\"breadcrumb\":{\"@id\":\"https:\\\/\\\/escort-technology.com\\\/uchwyty-do-narzedzi-rov\\\/#breadcrumb\"},\"inLanguage\":\"en-US\",\"potentialAction\":[{\"@type\":\"ReadAction\",\"target\":[\"https:\\\/\\\/escort-technology.com\\\/uchwyty-do-narzedzi-rov\\\/\"]}]},{\"@type\":\"BreadcrumbList\",\"@id\":\"https:\\\/\\\/escort-technology.com\\\/uchwyty-do-narzedzi-rov\\\/#breadcrumb\",\"itemListElement\":[{\"@type\":\"ListItem\",\"position\":1,\"name\":\"Strona g\u0142\u00f3wna\",\"item\":\"https:\\\/\\\/escort-technology.com\\\/\"},{\"@type\":\"ListItem\",\"position\":2,\"name\":\"Uchwyty do narz\u0119dzi ROV OceanTools\"}]},{\"@type\":\"WebSite\",\"@id\":\"http:\\\/\\\/escort-technology.com\\\/de\\\/#website\",\"url\":\"http:\\\/\\\/escort-technology.com\\\/de\\\/\",\"name\":\"ESCORT TECHNOLOGY\",\"description\":\"Elektronika morska i l\u0105dowa\",\"publisher\":{\"@id\":\"http:\\\/\\\/escort-technology.com\\\/de\\\/#organization\"},\"potentialAction\":[{\"@type\":\"SearchAction\",\"target\":{\"@type\":\"EntryPoint\",\"urlTemplate\":\"http:\\\/\\\/escort-technology.com\\\/de\\\/?s={search_term_string}\"},\"query-input\":{\"@type\":\"PropertyValueSpecification\",\"valueRequired\":true,\"valueName\":\"search_term_string\"}}],\"inLanguage\":\"en-US\"},{\"@type\":\"Organization\",\"@id\":\"http:\\\/\\\/escort-technology.com\\\/de\\\/#organization\",\"name\":\"ESCORT TECHNOLOGY\",\"url\":\"http:\\\/\\\/escort-technology.com\\\/de\\\/\",\"logo\":{\"@type\":\"ImageObject\",\"inLanguage\":\"en-US\",\"@id\":\"http:\\\/\\\/escort-technology.com\\\/de\\\/#\\\/schema\\\/logo\\\/image\\\/\",\"url\":\"https:\\\/\\\/escort-technology.com\\\/wp-content\\\/uploads\\\/logo-1.jpg\",\"contentUrl\":\"https:\\\/\\\/escort-technology.com\\\/wp-content\\\/uploads\\\/logo-1.jpg\",\"width\":600,\"height\":165,\"caption\":\"ESCORT TECHNOLOGY\"},\"image\":{\"@id\":\"http:\\\/\\\/escort-technology.com\\\/de\\\/#\\\/schema\\\/logo\\\/image\\\/\"},\"sameAs\":[\"https:\\\/\\\/www.facebook.com\\\/elektronika.morska\\\/\",\"https:\\\/\\\/www.linkedin.com\\\/company\\\/escort-sp-z-o-o-\\\/\"]}]}<\/script>\n<!-- \/ Yoast SEO plugin. -->","yoast_head_json":{"title":"Uchwyty do narz\u0119dzi ROV OceanTools - ESCORT TECHNOLOGY","robots":{"index":"index","follow":"follow","max-snippet":"max-snippet:-1","max-image-preview":"max-image-preview:large","max-video-preview":"max-video-preview:-1"},"canonical":"https:\/\/escort-technology.com\/en\/uchwyty-do-narzedzi-rov\/","og_locale":"en_US","og_type":"article","og_title":"Uchwyty do narz\u0119dzi ROV OceanTools - ESCORT TECHNOLOGY","og_description":"Uchwyty do narz\u0119dzi ROV OceanTools Uchwyty T-bar i Fishtail ze stali nierdzewnej Warianty T-bar i Fishtail Opcja monta\u017cu zgodnego z wymogami spr\u0119\u017cysto\u015bci Stal nierdzewna klasy morskiej Uchwyty narz\u0119dziowe OceanTools ROV s\u0105 dost\u0119pne w standardowych wersjach &#8222;Fishtail&#8221; i &#8222;T-bar&#8221;, aby dopasowa\u0107 si\u0119 do szerokiego zakresu zastosowa\u0144. Mog\u0105 by\u0107 dostarczane z systemem monta\u017cu sta\u0142ego lub uniwersalnego. Spr\u0119\u017cysty [&hellip;]","og_url":"https:\/\/escort-technology.com\/en\/uchwyty-do-narzedzi-rov\/","og_site_name":"ESCORT TECHNOLOGY","article_publisher":"https:\/\/www.facebook.com\/elektronika.morska\/","article_modified_time":"2021-12-30T10:08:20+00:00","og_image":[{"url":"https:\/\/escort-technology.com\/wp-content\/uploads\/2021\/12\/ROV-Tooling-Handles.jpg","type":"","width":"","height":""}],"twitter_card":"summary_large_image","twitter_misc":{"Est. reading time":"1 minute"},"schema":{"@context":"https:\/\/schema.org","@graph":[{"@type":"WebPage","@id":"https:\/\/escort-technology.com\/uchwyty-do-narzedzi-rov\/","url":"https:\/\/escort-technology.com\/uchwyty-do-narzedzi-rov\/","name":"Uchwyty do narz\u0119dzi ROV OceanTools - ESCORT TECHNOLOGY","isPartOf":{"@id":"http:\/\/escort-technology.com\/de\/#website"},"datePublished":"2021-12-30T09:56:22+00:00","dateModified":"2021-12-30T10:08:20+00:00","breadcrumb":{"@id":"https:\/\/escort-technology.com\/uchwyty-do-narzedzi-rov\/#breadcrumb"},"inLanguage":"en-US","potentialAction":[{"@type":"ReadAction","target":["https:\/\/escort-technology.com\/uchwyty-do-narzedzi-rov\/"]}]},{"@type":"BreadcrumbList","@id":"https:\/\/escort-technology.com\/uchwyty-do-narzedzi-rov\/#breadcrumb","itemListElement":[{"@type":"ListItem","position":1,"name":"Strona g\u0142\u00f3wna","item":"https:\/\/escort-technology.com\/"},{"@type":"ListItem","position":2,"name":"Uchwyty do narz\u0119dzi ROV OceanTools"}]},{"@type":"WebSite","@id":"http:\/\/escort-technology.com\/de\/#website","url":"http:\/\/escort-technology.com\/de\/","name":"ESCORT TECHNOLOGY","description":"Onshore and offshore electronics","publisher":{"@id":"http:\/\/escort-technology.com\/de\/#organization"},"potentialAction":[{"@type":"SearchAction","target":{"@type":"EntryPoint","urlTemplate":"http:\/\/escort-technology.com\/de\/?s={search_term_string}"},"query-input":{"@type":"PropertyValueSpecification","valueRequired":true,"valueName":"search_term_string"}}],"inLanguage":"en-US"},{"@type":"Organization","@id":"http:\/\/escort-technology.com\/de\/#organization","name":"ESCORT TECHNOLOGY","url":"http:\/\/escort-technology.com\/de\/","logo":{"@type":"ImageObject","inLanguage":"en-US","@id":"http:\/\/escort-technology.com\/de\/#\/schema\/logo\/image\/","url":"https:\/\/escort-technology.com\/wp-content\/uploads\/logo-1.jpg","contentUrl":"https:\/\/escort-technology.com\/wp-content\/uploads\/logo-1.jpg","width":600,"height":165,"caption":"ESCORT TECHNOLOGY"},"image":{"@id":"http:\/\/escort-technology.com\/de\/#\/schema\/logo\/image\/"},"sameAs":["https:\/\/www.facebook.com\/elektronika.morska\/","https:\/\/www.linkedin.com\/company\/escort-sp-z-o-o-\/"]}]}},"_links":{"self":[{"href":"https:\/\/escort-technology.com\/en\/wp-json\/wp\/v2\/pages\/11124","targetHints":{"allow":["GET"]}}],"collection":[{"href":"https:\/\/escort-technology.com\/en\/wp-json\/wp\/v2\/pages"}],"about":[{"href":"https:\/\/escort-technology.com\/en\/wp-json\/wp\/v2\/types\/page"}],"author":[{"embeddable":true,"href":"https:\/\/escort-technology.com\/en\/wp-json\/wp\/v2\/users\/10"}],"replies":[{"embeddable":true,"href":"https:\/\/escort-technology.com\/en\/wp-json\/wp\/v2\/comments?post=11124"}],"version-history":[{"count":11,"href":"https:\/\/escort-technology.com\/en\/wp-json\/wp\/v2\/pages\/11124\/revisions"}],"predecessor-version":[{"id":11137,"href":"https:\/\/escort-technology.com\/en\/wp-json\/wp\/v2\/pages\/11124\/revisions\/11137"}],"wp:attachment":[{"href":"https:\/\/escort-technology.com\/en\/wp-json\/wp\/v2\/media?parent=11124"}],"curies":[{"name":"wp","href":"https:\/\/api.w.org\/{rel}","templated":true}]}}