{"id":11138,"date":"2021-12-30T11:11:18","date_gmt":"2021-12-30T10:11:18","guid":{"rendered":"https:\/\/escort-technology.com\/?page_id=11138"},"modified":"2021-12-30T11:23:29","modified_gmt":"2021-12-30T10:23:29","slug":"lina-prowadzaca-i-kotwice-podnoszace-obslugiwane-przez-rov","status":"publish","type":"page","link":"https:\/\/escort-technology.com\/en\/lina-prowadzaca-i-kotwice-podnoszace-obslugiwane-przez-rov\/","title":{"rendered":"Lina prowadz\u0105ca i kotwice podnosz\u0105ce obs\u0142ugiwane przez ROV"},"content":{"rendered":"<h1>\n<h1 class=\"uk-article-title\">Lina prowadz\u0105ca i kotwice podnosz\u0105ce obs\u0142ugiwane przez ROV<\/h1>\n<\/h1>\n<hr>\n<div>\n<ul>\n<li>Pasuje do ka\u017cdego standardowego 3&#8243; pr\u0119ta prowadz\u0105cego API<\/li>\n<li>Sworze\u0144 \u015bcinany umo\u017cliwiaj\u0105cy awaryjne odzyskiwanie<\/li>\n<li>Konstrukcja ze stali nierdzewnej z certyfikatem CE<\/li>\n<\/ul>\n<\/div>\n<p>\n    <a href=\"http:\/\/data.oceantools.co.uk\/Datasheets\/Wepco-Guidewire-Lifting-Anchors.pdf\">Karta katalogowa<\/a>\n<\/p>\n<p><img decoding=\"async\" src=\"\/wp-content\/uploads\/2021\/12\/Wepco-Lifting-Anchor.jpg\" alt=\"\"><\/p>\n<div>\n<p>Firma OceanTools jest brytyjskim dystrybutorem w zakresie sprzeda\u017cy, wynajmu, wsparcia i remont\u00f3w standardowych kotwic z lin\u0105 prowadz\u0105c\u0105 i kotwic podnosz\u0105cych firmy Wepco z siedzib\u0105 w Stavanger. Kotwice s\u0105 \u0142atwo instalowane i wyci\u0105gane z ka\u017cdego standardowego 3&#8243; pr\u0119ta prowadz\u0105cego API przy u\u017cyciu manipulatora ROV.<\/p>\n<\/div>\n<p><!--more--><br \/>\n<!-- {\"type\":\"layout\",\"children\":[{\"type\":\"section\",\"props\":{\"style\":\"default\",\"width\":\"default\",\"vertical_align\":\"middle\",\"title_position\":\"top-left\",\"title_rotation\":\"left\",\"title_breakpoint\":\"xl\",\"image_position\":\"center-center\"},\"children\":[{\"type\":\"row\",\"children\":[{\"type\":\"column\",\"props\":{\"image_position\":\"center-center\",\"media_overlay_gradient\":\"\"},\"children\":[{\"type\":\"headline\",\"props\":{\"title_element\":\"h1\",\"content\":\"\n\n<h1 class=\\\"uk-article-title\\\">Lina prowadz\\u0105ca i kotwice podnosz\\u0105ce obs\\u0142ugiwane przez ROV<\\\/h1>\"}},{\"type\":\"divider\",\"props\":{\"divider_element\":\"hr\"}}]}]}]},{\"type\":\"section\",\"props\":{\"style\":\"default\",\"width\":\"default\",\"vertical_align\":\"middle\",\"title_position\":\"top-left\",\"title_rotation\":\"left\",\"title_breakpoint\":\"xl\",\"image_position\":\"center-center\"},\"children\":[{\"type\":\"row\",\"props\":{\"layout\":\"1-2,1-2\"},\"children\":[{\"type\":\"column\",\"props\":{\"image_position\":\"center-center\",\"media_overlay_gradient\":\"\",\"width_medium\":\"1-2\"},\"children\":[{\"type\":\"text\",\"props\":{\"margin\":\"default\",\"column_breakpoint\":\"m\",\"content\":\"\n\n<ul>\\n\n\n<li>Pasuje do ka\\u017cdego standardowego 3\\\" pr\\u0119ta prowadz\\u0105cego API<\\\/li>\\n\n\n<li>Sworze\\u0144 \\u015bcinany umo\\u017cliwiaj\\u0105cy awaryjne odzyskiwanie<\\\/li>\\n\n\n<li>Konstrukcja ze stali nierdzewnej z certyfikatem CE<\\\/li>\\n<\\\/ul>\"}},{\"type\":\"button\",\"props\":{\"grid_column_gap\":\"small\",\"grid_row_gap\":\"small\",\"margin\":\"default\",\"text_align\":\"center\"},\"children\":[{\"type\":\"button_item\",\"props\":{\"button_style\":\"default\",\"icon_align\":\"left\",\"content\":\"Karta katalogowa\",\"link\":\"http:\\\/\\\/data.oceantools.co.uk\\\/Datasheets\\\/Wepco-Guidewire-Lifting-Anchors.pdf\"}}]}]},{\"type\":\"column\",\"props\":{\"image_position\":\"center-center\",\"media_overlay_gradient\":\"\",\"width_medium\":\"1-2\"},\"children\":[{\"type\":\"image\",\"props\":{\"margin\":\"default\",\"image_svg_color\":\"emphasis\",\"image\":\"wp-content\\\/uploads\\\/2021\\\/12\\\/Wepco-Lifting-Anchor.jpg\"}}]}]}]},{\"type\":\"section\",\"props\":{\"style\":\"default\",\"width\":\"default\",\"vertical_align\":\"middle\",\"title_position\":\"top-left\",\"title_rotation\":\"left\",\"title_breakpoint\":\"xl\",\"image_position\":\"center-center\"},\"children\":[{\"type\":\"row\",\"children\":[{\"type\":\"column\",\"props\":{\"image_position\":\"center-center\",\"media_overlay_gradient\":\"\"},\"children\":[{\"type\":\"text\",\"props\":{\"margin\":\"default\",\"column_breakpoint\":\"m\",\"content\":\"\n\n<p>Firma OceanTools jest brytyjskim dystrybutorem w zakresie sprzeda\\u017cy, wynajmu, wsparcia i remont\\u00f3w standardowych kotwic z lin\\u0105 prowadz\\u0105c\\u0105 i kotwic podnosz\\u0105cych firmy Wepco z siedzib\\u0105 w Stavanger. Kotwice s\\u0105 \\u0142atwo instalowane i wyci\\u0105gane z ka\\u017cdego standardowego 3\\\" pr\\u0119ta prowadz\\u0105cego API przy u\\u017cyciu manipulatora ROV.<\\\/p>\"}}]}]}]}],\"version\":\"2.6.7\"} --><\/p>\n","protected":false},"excerpt":{"rendered":"<p>Lina prowadz\u0105ca i kotwice podnosz\u0105ce obs\u0142ugiwane przez ROV Pasuje do ka\u017cdego standardowego 3&#8243; pr\u0119ta prowadz\u0105cego API Sworze\u0144 \u015bcinany umo\u017cliwiaj\u0105cy awaryjne odzyskiwanie Konstrukcja ze stali nierdzewnej z certyfikatem CE Karta katalogowa Firma OceanTools jest brytyjskim dystrybutorem w zakresie sprzeda\u017cy, wynajmu, wsparcia i remont\u00f3w standardowych kotwic z lin\u0105 prowadz\u0105c\u0105 i kotwic podnosz\u0105cych firmy Wepco z siedzib\u0105 w [&hellip;]<\/p>\n","protected":false},"author":10,"featured_media":0,"parent":0,"menu_order":0,"comment_status":"closed","ping_status":"closed","template":"","meta":{"footnotes":""},"class_list":["post-11138","page","type-page","status-publish","hentry"],"yoast_head":"<!-- This site is optimized with the Yoast SEO plugin v27.6 - https:\/\/yoast.com\/product\/yoast-seo-wordpress\/ -->\n<title>Lina prowadz\u0105ca i kotwice podnosz\u0105ce obs\u0142ugiwane przez ROV - ESCORT TECHNOLOGY<\/title>\n<meta name=\"robots\" content=\"index, follow, max-snippet:-1, max-image-preview:large, max-video-preview:-1\" \/>\n<link rel=\"canonical\" href=\"https:\/\/escort-technology.com\/en\/lina-prowadzaca-i-kotwice-podnoszace-obslugiwane-przez-rov\/\" \/>\n<meta property=\"og:locale\" content=\"en_US\" \/>\n<meta property=\"og:type\" content=\"article\" \/>\n<meta property=\"og:title\" content=\"Lina prowadz\u0105ca i kotwice podnosz\u0105ce obs\u0142ugiwane przez ROV - ESCORT TECHNOLOGY\" \/>\n<meta property=\"og:description\" content=\"Lina prowadz\u0105ca i kotwice podnosz\u0105ce obs\u0142ugiwane przez ROV Pasuje do ka\u017cdego standardowego 3&#8243; pr\u0119ta prowadz\u0105cego API Sworze\u0144 \u015bcinany umo\u017cliwiaj\u0105cy awaryjne odzyskiwanie Konstrukcja ze stali nierdzewnej z certyfikatem CE Karta katalogowa Firma OceanTools jest brytyjskim dystrybutorem w zakresie sprzeda\u017cy, wynajmu, wsparcia i remont\u00f3w standardowych kotwic z lin\u0105 prowadz\u0105c\u0105 i kotwic podnosz\u0105cych firmy Wepco z siedzib\u0105 w [&hellip;]\" \/>\n<meta property=\"og:url\" content=\"https:\/\/escort-technology.com\/en\/lina-prowadzaca-i-kotwice-podnoszace-obslugiwane-przez-rov\/\" \/>\n<meta property=\"og:site_name\" content=\"ESCORT TECHNOLOGY\" \/>\n<meta property=\"article:publisher\" content=\"https:\/\/www.facebook.com\/elektronika.morska\/\" \/>\n<meta property=\"article:modified_time\" content=\"2021-12-30T10:23:29+00:00\" \/>\n<meta property=\"og:image\" content=\"https:\/\/escort-technology.com\/wp-content\/uploads\/2021\/12\/Wepco-Lifting-Anchor.jpg\" \/>\n<meta name=\"twitter:card\" content=\"summary_large_image\" \/>\n<script type=\"application\/ld+json\" class=\"yoast-schema-graph\">{\"@context\":\"https:\\\/\\\/schema.org\",\"@graph\":[{\"@type\":\"WebPage\",\"@id\":\"https:\\\/\\\/escort-technology.com\\\/lina-prowadzaca-i-kotwice-podnoszace-obslugiwane-przez-rov\\\/\",\"url\":\"https:\\\/\\\/escort-technology.com\\\/lina-prowadzaca-i-kotwice-podnoszace-obslugiwane-przez-rov\\\/\",\"name\":\"Lina prowadz\u0105ca i kotwice podnosz\u0105ce obs\u0142ugiwane przez ROV - ESCORT TECHNOLOGY\",\"isPartOf\":{\"@id\":\"http:\\\/\\\/escort-technology.com\\\/de\\\/#website\"},\"datePublished\":\"2021-12-30T10:11:18+00:00\",\"dateModified\":\"2021-12-30T10:23:29+00:00\",\"breadcrumb\":{\"@id\":\"https:\\\/\\\/escort-technology.com\\\/lina-prowadzaca-i-kotwice-podnoszace-obslugiwane-przez-rov\\\/#breadcrumb\"},\"inLanguage\":\"en-US\",\"potentialAction\":[{\"@type\":\"ReadAction\",\"target\":[\"https:\\\/\\\/escort-technology.com\\\/lina-prowadzaca-i-kotwice-podnoszace-obslugiwane-przez-rov\\\/\"]}]},{\"@type\":\"BreadcrumbList\",\"@id\":\"https:\\\/\\\/escort-technology.com\\\/lina-prowadzaca-i-kotwice-podnoszace-obslugiwane-przez-rov\\\/#breadcrumb\",\"itemListElement\":[{\"@type\":\"ListItem\",\"position\":1,\"name\":\"Strona g\u0142\u00f3wna\",\"item\":\"https:\\\/\\\/escort-technology.com\\\/\"},{\"@type\":\"ListItem\",\"position\":2,\"name\":\"Lina prowadz\u0105ca i kotwice podnosz\u0105ce obs\u0142ugiwane przez ROV\"}]},{\"@type\":\"WebSite\",\"@id\":\"http:\\\/\\\/escort-technology.com\\\/de\\\/#website\",\"url\":\"http:\\\/\\\/escort-technology.com\\\/de\\\/\",\"name\":\"ESCORT TECHNOLOGY\",\"description\":\"Elektronika morska i l\u0105dowa\",\"publisher\":{\"@id\":\"http:\\\/\\\/escort-technology.com\\\/de\\\/#organization\"},\"potentialAction\":[{\"@type\":\"SearchAction\",\"target\":{\"@type\":\"EntryPoint\",\"urlTemplate\":\"http:\\\/\\\/escort-technology.com\\\/de\\\/?s={search_term_string}\"},\"query-input\":{\"@type\":\"PropertyValueSpecification\",\"valueRequired\":true,\"valueName\":\"search_term_string\"}}],\"inLanguage\":\"en-US\"},{\"@type\":\"Organization\",\"@id\":\"http:\\\/\\\/escort-technology.com\\\/de\\\/#organization\",\"name\":\"ESCORT TECHNOLOGY\",\"url\":\"http:\\\/\\\/escort-technology.com\\\/de\\\/\",\"logo\":{\"@type\":\"ImageObject\",\"inLanguage\":\"en-US\",\"@id\":\"http:\\\/\\\/escort-technology.com\\\/de\\\/#\\\/schema\\\/logo\\\/image\\\/\",\"url\":\"https:\\\/\\\/escort-technology.com\\\/wp-content\\\/uploads\\\/logo-1.jpg\",\"contentUrl\":\"https:\\\/\\\/escort-technology.com\\\/wp-content\\\/uploads\\\/logo-1.jpg\",\"width\":600,\"height\":165,\"caption\":\"ESCORT TECHNOLOGY\"},\"image\":{\"@id\":\"http:\\\/\\\/escort-technology.com\\\/de\\\/#\\\/schema\\\/logo\\\/image\\\/\"},\"sameAs\":[\"https:\\\/\\\/www.facebook.com\\\/elektronika.morska\\\/\",\"https:\\\/\\\/www.linkedin.com\\\/company\\\/escort-sp-z-o-o-\\\/\"]}]}<\/script>\n<!-- \/ Yoast SEO plugin. -->","yoast_head_json":{"title":"Lina prowadz\u0105ca i kotwice podnosz\u0105ce obs\u0142ugiwane przez ROV - ESCORT TECHNOLOGY","robots":{"index":"index","follow":"follow","max-snippet":"max-snippet:-1","max-image-preview":"max-image-preview:large","max-video-preview":"max-video-preview:-1"},"canonical":"https:\/\/escort-technology.com\/en\/lina-prowadzaca-i-kotwice-podnoszace-obslugiwane-przez-rov\/","og_locale":"en_US","og_type":"article","og_title":"Lina prowadz\u0105ca i kotwice podnosz\u0105ce obs\u0142ugiwane przez ROV - ESCORT TECHNOLOGY","og_description":"Lina prowadz\u0105ca i kotwice podnosz\u0105ce obs\u0142ugiwane przez ROV Pasuje do ka\u017cdego standardowego 3&#8243; pr\u0119ta prowadz\u0105cego API Sworze\u0144 \u015bcinany umo\u017cliwiaj\u0105cy awaryjne odzyskiwanie Konstrukcja ze stali nierdzewnej z certyfikatem CE Karta katalogowa Firma OceanTools jest brytyjskim dystrybutorem w zakresie sprzeda\u017cy, wynajmu, wsparcia i remont\u00f3w standardowych kotwic z lin\u0105 prowadz\u0105c\u0105 i kotwic podnosz\u0105cych firmy Wepco z siedzib\u0105 w [&hellip;]","og_url":"https:\/\/escort-technology.com\/en\/lina-prowadzaca-i-kotwice-podnoszace-obslugiwane-przez-rov\/","og_site_name":"ESCORT TECHNOLOGY","article_publisher":"https:\/\/www.facebook.com\/elektronika.morska\/","article_modified_time":"2021-12-30T10:23:29+00:00","og_image":[{"url":"https:\/\/escort-technology.com\/wp-content\/uploads\/2021\/12\/Wepco-Lifting-Anchor.jpg","type":"","width":"","height":""}],"twitter_card":"summary_large_image","schema":{"@context":"https:\/\/schema.org","@graph":[{"@type":"WebPage","@id":"https:\/\/escort-technology.com\/lina-prowadzaca-i-kotwice-podnoszace-obslugiwane-przez-rov\/","url":"https:\/\/escort-technology.com\/lina-prowadzaca-i-kotwice-podnoszace-obslugiwane-przez-rov\/","name":"Lina prowadz\u0105ca i kotwice podnosz\u0105ce obs\u0142ugiwane przez ROV - ESCORT TECHNOLOGY","isPartOf":{"@id":"http:\/\/escort-technology.com\/de\/#website"},"datePublished":"2021-12-30T10:11:18+00:00","dateModified":"2021-12-30T10:23:29+00:00","breadcrumb":{"@id":"https:\/\/escort-technology.com\/lina-prowadzaca-i-kotwice-podnoszace-obslugiwane-przez-rov\/#breadcrumb"},"inLanguage":"en-US","potentialAction":[{"@type":"ReadAction","target":["https:\/\/escort-technology.com\/lina-prowadzaca-i-kotwice-podnoszace-obslugiwane-przez-rov\/"]}]},{"@type":"BreadcrumbList","@id":"https:\/\/escort-technology.com\/lina-prowadzaca-i-kotwice-podnoszace-obslugiwane-przez-rov\/#breadcrumb","itemListElement":[{"@type":"ListItem","position":1,"name":"Strona g\u0142\u00f3wna","item":"https:\/\/escort-technology.com\/"},{"@type":"ListItem","position":2,"name":"Lina prowadz\u0105ca i kotwice podnosz\u0105ce obs\u0142ugiwane przez ROV"}]},{"@type":"WebSite","@id":"http:\/\/escort-technology.com\/de\/#website","url":"http:\/\/escort-technology.com\/de\/","name":"ESCORT TECHNOLOGY","description":"Onshore and offshore electronics","publisher":{"@id":"http:\/\/escort-technology.com\/de\/#organization"},"potentialAction":[{"@type":"SearchAction","target":{"@type":"EntryPoint","urlTemplate":"http:\/\/escort-technology.com\/de\/?s={search_term_string}"},"query-input":{"@type":"PropertyValueSpecification","valueRequired":true,"valueName":"search_term_string"}}],"inLanguage":"en-US"},{"@type":"Organization","@id":"http:\/\/escort-technology.com\/de\/#organization","name":"ESCORT TECHNOLOGY","url":"http:\/\/escort-technology.com\/de\/","logo":{"@type":"ImageObject","inLanguage":"en-US","@id":"http:\/\/escort-technology.com\/de\/#\/schema\/logo\/image\/","url":"https:\/\/escort-technology.com\/wp-content\/uploads\/logo-1.jpg","contentUrl":"https:\/\/escort-technology.com\/wp-content\/uploads\/logo-1.jpg","width":600,"height":165,"caption":"ESCORT TECHNOLOGY"},"image":{"@id":"http:\/\/escort-technology.com\/de\/#\/schema\/logo\/image\/"},"sameAs":["https:\/\/www.facebook.com\/elektronika.morska\/","https:\/\/www.linkedin.com\/company\/escort-sp-z-o-o-\/"]}]}},"_links":{"self":[{"href":"https:\/\/escort-technology.com\/en\/wp-json\/wp\/v2\/pages\/11138","targetHints":{"allow":["GET"]}}],"collection":[{"href":"https:\/\/escort-technology.com\/en\/wp-json\/wp\/v2\/pages"}],"about":[{"href":"https:\/\/escort-technology.com\/en\/wp-json\/wp\/v2\/types\/page"}],"author":[{"embeddable":true,"href":"https:\/\/escort-technology.com\/en\/wp-json\/wp\/v2\/users\/10"}],"replies":[{"embeddable":true,"href":"https:\/\/escort-technology.com\/en\/wp-json\/wp\/v2\/comments?post=11138"}],"version-history":[{"count":9,"href":"https:\/\/escort-technology.com\/en\/wp-json\/wp\/v2\/pages\/11138\/revisions"}],"predecessor-version":[{"id":11149,"href":"https:\/\/escort-technology.com\/en\/wp-json\/wp\/v2\/pages\/11138\/revisions\/11149"}],"wp:attachment":[{"href":"https:\/\/escort-technology.com\/en\/wp-json\/wp\/v2\/media?parent=11138"}],"curies":[{"name":"wp","href":"https:\/\/api.w.org\/{rel}","templated":true}]}}