{"id":12543,"date":"2023-05-23T11:48:53","date_gmt":"2023-05-23T09:48:53","guid":{"rendered":"https:\/\/escort-technology.com\/?page_id=12543"},"modified":"2023-05-23T12:03:06","modified_gmt":"2023-05-23T10:03:06","slug":"robot-podwodny-tmi-orion-s-rov","status":"publish","type":"page","link":"https:\/\/escort-technology.com\/en\/robot-podwodny-tmi-orion-s-rov\/","title":{"rendered":"Robot podwodny TMI Orion S-ROV"},"content":{"rendered":"<h1>\n<h1 class=\"uk-article-title\">Robot podwodny TMI Orion S-ROV<\/h1>\n<\/h1>\n<hr>\n<p><img decoding=\"async\" src=\"\/wp-content\/uploads\/2023\/05\/TMI-Orion_S-ROV_W.jpg\" alt=\"\"><\/p>\n<div>\n<h3>Podwodna platforma modu\u0142owa do inspekcji, pomiar\u00f3w i prac podwodnych.<\/h3>\n<\/div>\n<div>\n<p>S-ROV to konfigurowalna i rozszerzalna platforma do podwodnej inspekcji, pomiar\u00f3w i prac podwodnych.<br \/>Dodatkowe akcesoria i czujniki tworz\u0105 rozwi\u0105zania dostosowane do szerokiego zakresu potrzeb klient\u00f3w.<\/p>\n<\/div>\n<p>\n    <a href=\"\/wp-content\/uploads\/2023\/05\/TMI-Orion-DS-SROV-EN.pdf\">Broszura <\/a>\n<\/p>\n<p><iframe src=\"https:\/\/youtu.be\/iGlefAtEZYM\"><\/iframe><br \/>\n<iframe src=\"https:\/\/youtu.be\/PPq5vO92874\"><\/iframe><br \/>\n<iframe src=\"https:\/\/youtu.be\/2SiQ1A8Y6PA\"><\/iframe><\/p>\n<h1>\n<h2>Zastosowania<\/h2>\n<\/h1>\n<div>\n<ul>\n<li>Podwodna inspekcja wideo HD,<\/li>\n<li>Podwodne wideo 4K,<\/li>\n<li>Badanie i inspekcja zap\u00f3r,<\/li>\n<li>Obs\u0142uga i wsparcie akwakultury,<\/li>\n<li>Dla spo\u0142eczno\u015bci naukowej &#8211; \u015arodowisko &#8211; Energia &#8211; Akwakultura&#8230;<\/li>\n<\/ul>\n<\/div>\n<h1>\n<h2>Cechy specjalne<\/h2>\n<h3><\/h3>\n<\/h1>\n<div>\n<ul>\n<li>Profesjonalny koncentrator do integracji i \u0142\u0105czenia szerokiej gamy modu\u0142\u00f3w i czujnik\u00f3w firmy TMI-Orion lub innych producent\u00f3w,<\/li>\n<li>8 p\u0119dnik\u00f3w,<\/li>\n<li>Z przodu: Transmisja obrazu z kamery IP Full HD do Surface Control Unit,<\/li>\n<li>Z ty\u0142u (opcjonalnie): Kamera wideo IP FullHD z transmisj\u0105 do Surface Control Unit, z tylnym o\u015bwietleniem LED,<\/li>\n<li>Wbudowany akumulator lub zasilanie bezpo\u015brednio z powierzchni,<\/li>\n<li>Komunikacja miedziana lub \u015bwiat\u0142owodowa,<\/li>\n<li>\u0141atwa konserwacja i modernizacja,<\/li>\n<li>Niezawodno\u015b\u0107 i wytrzyma\u0142o\u015b\u0107.<\/li>\n<\/ul>\n<\/div>\n<p><!--more--><br \/>\n<!-- {\"type\":\"layout\",\"children\":[{\"type\":\"section\",\"props\":{\"image_position\":\"center-center\",\"style\":\"default\",\"title_breakpoint\":\"xl\",\"title_position\":\"top-left\",\"title_rotation\":\"left\",\"vertical_align\":\"middle\",\"width\":\"default\"},\"children\":[{\"type\":\"row\",\"children\":[{\"type\":\"column\",\"props\":{\"image_position\":\"center-center\",\"media_overlay_gradient\":\"\",\"position_sticky_breakpoint\":\"m\"},\"children\":[{\"type\":\"headline\",\"props\":{\"content\":\"\n\n<h1 class=\\\"uk-article-title\\\">Robot podwodny TMI Orion S-ROV<\\\/h1>\",\"title_element\":\"h1\"}},{\"type\":\"divider\",\"props\":{\"divider_element\":\"hr\"}}]}]},{\"type\":\"row\",\"props\":{\"layout\":\"1-2,1-2\"},\"children\":[{\"type\":\"column\",\"props\":{\"image_position\":\"center-center\",\"media_overlay_gradient\":\"\",\"position_sticky_breakpoint\":\"m\",\"width_medium\":\"1-2\"},\"children\":[{\"type\":\"image\",\"props\":{\"image\":\"wp-content\\\/uploads\\\/2023\\\/05\\\/TMI-Orion_S-ROV_W.jpg\",\"image_svg_color\":\"emphasis\",\"margin\":\"default\"}}]},{\"type\":\"column\",\"props\":{\"image_position\":\"center-center\",\"media_overlay_gradient\":\"\",\"position_sticky_breakpoint\":\"m\",\"width_medium\":\"1-2\"},\"children\":[{\"type\":\"text\",\"props\":{\"column_breakpoint\":\"m\",\"content\":\"\n\n<h3>Podwodna platforma modu\\u0142owa do inspekcji, pomiar\\u00f3w i prac podwodnych.<\\\/h3>\",\"margin\":\"default\"}},{\"type\":\"text\",\"props\":{\"column_breakpoint\":\"m\",\"content\":\"\n\n<p>S-ROV to konfigurowalna i rozszerzalna platforma do podwodnej inspekcji, pomiar\\u00f3w i prac podwodnych.<br \\\/>Dodatkowe akcesoria i czujniki tworz\\u0105 rozwi\\u0105zania dostosowane do szerokiego zakresu potrzeb klient\\u00f3w.<\\\/p>\",\"margin\":\"default\"}},{\"type\":\"button\",\"props\":{\"grid_column_gap\":\"small\",\"grid_row_gap\":\"small\",\"margin\":\"default\",\"text_align\":\"center\"},\"children\":[{\"type\":\"button_item\",\"props\":{\"button_style\":\"default\",\"content\":\"Broszura \",\"icon_align\":\"left\",\"link\":\"wp-content\\\/uploads\\\/2023\\\/05\\\/TMI-Orion-DS-SROV-EN.pdf\"}}]}]}]},{\"type\":\"row\",\"props\":{\"layout\":\"1-3,1-3,1-3\"},\"children\":[{\"type\":\"column\",\"props\":{\"image_position\":\"center-center\",\"media_overlay_gradient\":\"\",\"position_sticky_breakpoint\":\"m\",\"width_medium\":\"1-3\"},\"children\":[{\"type\":\"video\",\"props\":{\"margin\":\"default\",\"video\":\"https:\\\/\\\/youtu.be\\\/iGlefAtEZYM\",\"video_controls\":true}}]},{\"type\":\"column\",\"props\":{\"image_position\":\"center-center\",\"media_overlay_gradient\":\"\",\"position_sticky_breakpoint\":\"m\",\"width_medium\":\"1-3\"},\"children\":[{\"type\":\"video\",\"props\":{\"margin\":\"default\",\"video\":\"https:\\\/\\\/youtu.be\\\/PPq5vO92874\",\"video_controls\":true}}]},{\"type\":\"column\",\"props\":{\"image_position\":\"center-center\",\"media_overlay_gradient\":\"\",\"position_sticky_breakpoint\":\"m\",\"width_medium\":\"1-3\"},\"children\":[{\"type\":\"video\",\"props\":{\"margin\":\"default\",\"video\":\"https:\\\/\\\/youtu.be\\\/2SiQ1A8Y6PA\",\"video_controls\":true}}]}]},{\"type\":\"row\",\"children\":[{\"type\":\"column\",\"props\":{\"image_position\":\"center-center\",\"media_overlay_gradient\":\"\",\"position_sticky_breakpoint\":\"m\"},\"children\":[{\"type\":\"headline\",\"props\":{\"content\":\"\n\n<h2>Zastosowania<\\\/h2>\",\"title_element\":\"h1\"}},{\"type\":\"text\",\"props\":{\"column_breakpoint\":\"m\",\"content\":\"\n\n<ul>\\n\n\n<li>Podwodna inspekcja wideo HD,<\\\/li>\\n\n\n<li>Podwodne wideo 4K,<\\\/li>\\n\n\n<li>Badanie i inspekcja zap\\u00f3r,<\\\/li>\\n\n\n<li>Obs\\u0142uga i wsparcie akwakultury,<\\\/li>\\n\n\n<li>Dla spo\\u0142eczno\\u015bci naukowej - \\u015arodowisko - Energia - Akwakultura...<\\\/li>\\n<\\\/ul>\",\"margin\":\"default\"}},{\"type\":\"headline\",\"props\":{\"content\":\"\n\n<h2>Cechy specjalne<\\\/h2>\\n\n\n<h3><\\\/h3>\",\"title_element\":\"h1\"}},{\"type\":\"text\",\"props\":{\"column_breakpoint\":\"m\",\"content\":\"\n\n<ul>\\n\n\n<li>Profesjonalny koncentrator do integracji i \\u0142\\u0105czenia szerokiej gamy modu\\u0142\\u00f3w i czujnik\\u00f3w firmy TMI-Orion lub innych producent\\u00f3w,<\\\/li>\\n\n\n<li>8 p\\u0119dnik\\u00f3w,<\\\/li>\\n\n\n<li>Z przodu: Transmisja obrazu z kamery IP Full HD do Surface Control Unit,<\\\/li>\\n\n\n<li>Z ty\\u0142u (opcjonalnie): Kamera wideo IP FullHD z transmisj\\u0105 do Surface Control Unit, z tylnym o\\u015bwietleniem LED,<\\\/li>\\n\n\n<li>Wbudowany akumulator lub zasilanie bezpo\\u015brednio z powierzchni,<\\\/li>\\n\n\n<li>Komunikacja miedziana lub \\u015bwiat\\u0142owodowa,<\\\/li>\\n\n\n<li>\\u0141atwa konserwacja i modernizacja,<\\\/li>\\n\n\n<li>Niezawodno\\u015b\\u0107 i wytrzyma\\u0142o\\u015b\\u0107.<\\\/li>\\n<\\\/ul>\",\"margin\":\"default\"}}]}]},{\"type\":\"row\",\"children\":[{\"type\":\"column\",\"props\":{\"image_position\":\"center-center\",\"media_overlay_gradient\":\"\",\"position_sticky_breakpoint\":\"m\"},\"children\":[]}]}]}],\"version\":\"3.0.31\"} --><\/p>\n","protected":false},"excerpt":{"rendered":"<p>Robot podwodny TMI Orion S-ROV Podwodna platforma modu\u0142owa do inspekcji, pomiar\u00f3w i prac podwodnych. S-ROV to konfigurowalna i rozszerzalna platforma do podwodnej inspekcji, pomiar\u00f3w i prac podwodnych.Dodatkowe akcesoria i czujniki tworz\u0105 rozwi\u0105zania dostosowane do szerokiego zakresu potrzeb klient\u00f3w. Broszura Zastosowania Podwodna inspekcja wideo HD, Podwodne wideo 4K, Badanie i inspekcja zap\u00f3r, Obs\u0142uga i wsparcie akwakultury, [&hellip;]<\/p>\n","protected":false},"author":10,"featured_media":0,"parent":0,"menu_order":0,"comment_status":"closed","ping_status":"closed","template":"","meta":{"footnotes":""},"class_list":["post-12543","page","type-page","status-publish","hentry"],"yoast_head":"<!-- This site is optimized with the Yoast SEO plugin v27.5 - https:\/\/yoast.com\/product\/yoast-seo-wordpress\/ -->\n<title>Robot podwodny TMI Orion S-ROV - ESCORT TECHNOLOGY<\/title>\n<meta name=\"robots\" content=\"index, follow, max-snippet:-1, max-image-preview:large, max-video-preview:-1\" \/>\n<link rel=\"canonical\" href=\"https:\/\/escort-technology.com\/en\/robot-podwodny-tmi-orion-s-rov\/\" \/>\n<meta property=\"og:locale\" content=\"en_US\" \/>\n<meta property=\"og:type\" content=\"article\" \/>\n<meta property=\"og:title\" content=\"Robot podwodny TMI Orion S-ROV - ESCORT TECHNOLOGY\" \/>\n<meta property=\"og:description\" content=\"Robot podwodny TMI Orion S-ROV Podwodna platforma modu\u0142owa do inspekcji, pomiar\u00f3w i prac podwodnych. S-ROV to konfigurowalna i rozszerzalna platforma do podwodnej inspekcji, pomiar\u00f3w i prac podwodnych.Dodatkowe akcesoria i czujniki tworz\u0105 rozwi\u0105zania dostosowane do szerokiego zakresu potrzeb klient\u00f3w. Broszura Zastosowania Podwodna inspekcja wideo HD, Podwodne wideo 4K, Badanie i inspekcja zap\u00f3r, Obs\u0142uga i wsparcie akwakultury, [&hellip;]\" \/>\n<meta property=\"og:url\" content=\"https:\/\/escort-technology.com\/en\/robot-podwodny-tmi-orion-s-rov\/\" \/>\n<meta property=\"og:site_name\" content=\"ESCORT TECHNOLOGY\" \/>\n<meta property=\"article:publisher\" content=\"https:\/\/www.facebook.com\/elektronika.morska\/\" \/>\n<meta property=\"article:modified_time\" content=\"2023-05-23T10:03:06+00:00\" \/>\n<meta name=\"twitter:card\" content=\"summary_large_image\" \/>\n<meta name=\"twitter:label1\" content=\"Est. reading time\" \/>\n\t<meta name=\"twitter:data1\" content=\"1 minute\" \/>\n<script type=\"application\/ld+json\" class=\"yoast-schema-graph\">{\"@context\":\"https:\\\/\\\/schema.org\",\"@graph\":[{\"@type\":\"WebPage\",\"@id\":\"https:\\\/\\\/escort-technology.com\\\/robot-podwodny-tmi-orion-s-rov\\\/\",\"url\":\"https:\\\/\\\/escort-technology.com\\\/robot-podwodny-tmi-orion-s-rov\\\/\",\"name\":\"Robot podwodny TMI Orion S-ROV - ESCORT TECHNOLOGY\",\"isPartOf\":{\"@id\":\"http:\\\/\\\/escort-technology.com\\\/de\\\/#website\"},\"datePublished\":\"2023-05-23T09:48:53+00:00\",\"dateModified\":\"2023-05-23T10:03:06+00:00\",\"breadcrumb\":{\"@id\":\"https:\\\/\\\/escort-technology.com\\\/robot-podwodny-tmi-orion-s-rov\\\/#breadcrumb\"},\"inLanguage\":\"en-US\",\"potentialAction\":[{\"@type\":\"ReadAction\",\"target\":[\"https:\\\/\\\/escort-technology.com\\\/robot-podwodny-tmi-orion-s-rov\\\/\"]}]},{\"@type\":\"BreadcrumbList\",\"@id\":\"https:\\\/\\\/escort-technology.com\\\/robot-podwodny-tmi-orion-s-rov\\\/#breadcrumb\",\"itemListElement\":[{\"@type\":\"ListItem\",\"position\":1,\"name\":\"Strona g\u0142\u00f3wna\",\"item\":\"https:\\\/\\\/escort-technology.com\\\/\"},{\"@type\":\"ListItem\",\"position\":2,\"name\":\"Robot podwodny TMI Orion S-ROV\"}]},{\"@type\":\"WebSite\",\"@id\":\"http:\\\/\\\/escort-technology.com\\\/de\\\/#website\",\"url\":\"http:\\\/\\\/escort-technology.com\\\/de\\\/\",\"name\":\"ESCORT TECHNOLOGY\",\"description\":\"Elektronika morska i l\u0105dowa\",\"publisher\":{\"@id\":\"http:\\\/\\\/escort-technology.com\\\/de\\\/#organization\"},\"potentialAction\":[{\"@type\":\"SearchAction\",\"target\":{\"@type\":\"EntryPoint\",\"urlTemplate\":\"http:\\\/\\\/escort-technology.com\\\/de\\\/?s={search_term_string}\"},\"query-input\":{\"@type\":\"PropertyValueSpecification\",\"valueRequired\":true,\"valueName\":\"search_term_string\"}}],\"inLanguage\":\"en-US\"},{\"@type\":\"Organization\",\"@id\":\"http:\\\/\\\/escort-technology.com\\\/de\\\/#organization\",\"name\":\"ESCORT TECHNOLOGY\",\"url\":\"http:\\\/\\\/escort-technology.com\\\/de\\\/\",\"logo\":{\"@type\":\"ImageObject\",\"inLanguage\":\"en-US\",\"@id\":\"http:\\\/\\\/escort-technology.com\\\/de\\\/#\\\/schema\\\/logo\\\/image\\\/\",\"url\":\"https:\\\/\\\/escort-technology.com\\\/wp-content\\\/uploads\\\/logo-1.jpg\",\"contentUrl\":\"https:\\\/\\\/escort-technology.com\\\/wp-content\\\/uploads\\\/logo-1.jpg\",\"width\":600,\"height\":165,\"caption\":\"ESCORT TECHNOLOGY\"},\"image\":{\"@id\":\"http:\\\/\\\/escort-technology.com\\\/de\\\/#\\\/schema\\\/logo\\\/image\\\/\"},\"sameAs\":[\"https:\\\/\\\/www.facebook.com\\\/elektronika.morska\\\/\",\"https:\\\/\\\/www.linkedin.com\\\/company\\\/escort-sp-z-o-o-\\\/\"]}]}<\/script>\n<!-- \/ Yoast SEO plugin. -->","yoast_head_json":{"title":"Robot podwodny TMI Orion S-ROV - ESCORT TECHNOLOGY","robots":{"index":"index","follow":"follow","max-snippet":"max-snippet:-1","max-image-preview":"max-image-preview:large","max-video-preview":"max-video-preview:-1"},"canonical":"https:\/\/escort-technology.com\/en\/robot-podwodny-tmi-orion-s-rov\/","og_locale":"en_US","og_type":"article","og_title":"Robot podwodny TMI Orion S-ROV - ESCORT TECHNOLOGY","og_description":"Robot podwodny TMI Orion S-ROV Podwodna platforma modu\u0142owa do inspekcji, pomiar\u00f3w i prac podwodnych. S-ROV to konfigurowalna i rozszerzalna platforma do podwodnej inspekcji, pomiar\u00f3w i prac podwodnych.Dodatkowe akcesoria i czujniki tworz\u0105 rozwi\u0105zania dostosowane do szerokiego zakresu potrzeb klient\u00f3w. Broszura Zastosowania Podwodna inspekcja wideo HD, Podwodne wideo 4K, Badanie i inspekcja zap\u00f3r, Obs\u0142uga i wsparcie akwakultury, [&hellip;]","og_url":"https:\/\/escort-technology.com\/en\/robot-podwodny-tmi-orion-s-rov\/","og_site_name":"ESCORT TECHNOLOGY","article_publisher":"https:\/\/www.facebook.com\/elektronika.morska\/","article_modified_time":"2023-05-23T10:03:06+00:00","twitter_card":"summary_large_image","twitter_misc":{"Est. reading time":"1 minute"},"schema":{"@context":"https:\/\/schema.org","@graph":[{"@type":"WebPage","@id":"https:\/\/escort-technology.com\/robot-podwodny-tmi-orion-s-rov\/","url":"https:\/\/escort-technology.com\/robot-podwodny-tmi-orion-s-rov\/","name":"Robot podwodny TMI Orion S-ROV - ESCORT TECHNOLOGY","isPartOf":{"@id":"http:\/\/escort-technology.com\/de\/#website"},"datePublished":"2023-05-23T09:48:53+00:00","dateModified":"2023-05-23T10:03:06+00:00","breadcrumb":{"@id":"https:\/\/escort-technology.com\/robot-podwodny-tmi-orion-s-rov\/#breadcrumb"},"inLanguage":"en-US","potentialAction":[{"@type":"ReadAction","target":["https:\/\/escort-technology.com\/robot-podwodny-tmi-orion-s-rov\/"]}]},{"@type":"BreadcrumbList","@id":"https:\/\/escort-technology.com\/robot-podwodny-tmi-orion-s-rov\/#breadcrumb","itemListElement":[{"@type":"ListItem","position":1,"name":"Strona g\u0142\u00f3wna","item":"https:\/\/escort-technology.com\/"},{"@type":"ListItem","position":2,"name":"Robot podwodny TMI Orion S-ROV"}]},{"@type":"WebSite","@id":"http:\/\/escort-technology.com\/de\/#website","url":"http:\/\/escort-technology.com\/de\/","name":"ESCORT TECHNOLOGY","description":"Onshore and offshore electronics","publisher":{"@id":"http:\/\/escort-technology.com\/de\/#organization"},"potentialAction":[{"@type":"SearchAction","target":{"@type":"EntryPoint","urlTemplate":"http:\/\/escort-technology.com\/de\/?s={search_term_string}"},"query-input":{"@type":"PropertyValueSpecification","valueRequired":true,"valueName":"search_term_string"}}],"inLanguage":"en-US"},{"@type":"Organization","@id":"http:\/\/escort-technology.com\/de\/#organization","name":"ESCORT TECHNOLOGY","url":"http:\/\/escort-technology.com\/de\/","logo":{"@type":"ImageObject","inLanguage":"en-US","@id":"http:\/\/escort-technology.com\/de\/#\/schema\/logo\/image\/","url":"https:\/\/escort-technology.com\/wp-content\/uploads\/logo-1.jpg","contentUrl":"https:\/\/escort-technology.com\/wp-content\/uploads\/logo-1.jpg","width":600,"height":165,"caption":"ESCORT TECHNOLOGY"},"image":{"@id":"http:\/\/escort-technology.com\/de\/#\/schema\/logo\/image\/"},"sameAs":["https:\/\/www.facebook.com\/elektronika.morska\/","https:\/\/www.linkedin.com\/company\/escort-sp-z-o-o-\/"]}]}},"_links":{"self":[{"href":"https:\/\/escort-technology.com\/en\/wp-json\/wp\/v2\/pages\/12543","targetHints":{"allow":["GET"]}}],"collection":[{"href":"https:\/\/escort-technology.com\/en\/wp-json\/wp\/v2\/pages"}],"about":[{"href":"https:\/\/escort-technology.com\/en\/wp-json\/wp\/v2\/types\/page"}],"author":[{"embeddable":true,"href":"https:\/\/escort-technology.com\/en\/wp-json\/wp\/v2\/users\/10"}],"replies":[{"embeddable":true,"href":"https:\/\/escort-technology.com\/en\/wp-json\/wp\/v2\/comments?post=12543"}],"version-history":[{"count":21,"href":"https:\/\/escort-technology.com\/en\/wp-json\/wp\/v2\/pages\/12543\/revisions"}],"predecessor-version":[{"id":12568,"href":"https:\/\/escort-technology.com\/en\/wp-json\/wp\/v2\/pages\/12543\/revisions\/12568"}],"wp:attachment":[{"href":"https:\/\/escort-technology.com\/en\/wp-json\/wp\/v2\/media?parent=12543"}],"curies":[{"name":"wp","href":"https:\/\/api.w.org\/{rel}","templated":true}]}}