{"id":12862,"date":"2023-06-01T15:26:35","date_gmt":"2023-06-01T13:26:35","guid":{"rendered":"https:\/\/escort-technology.com\/?page_id=12862"},"modified":"2023-06-01T15:46:20","modified_gmt":"2023-06-01T13:46:20","slug":"ai-w-hydrografii","status":"publish","type":"page","link":"https:\/\/escort-technology.com\/en\/aktualnosci\/ai-w-hydrografii\/","title":{"rendered":"AI w hydrografii"},"content":{"rendered":"<h1>Sztuczna Inteligencja (AI) w hydrografii<\/h1>\n<hr>\n<div>\n<p>Firma Geoacoustics producent mi\u0119dzy innymi echosondy interferometrycznej Geoswath+ w najnowszej wersji firmware&#8217;u wykorzysta\u0142a mechanizmy sztucznej inteligencji w celu automatycznego czyszczenia szum\u00f3w powstaj\u0105cych podczas pracy tego typu sondy.<\/p>\n<\/div>\n<div>\n<p>Dla przypomnienia sonda interferometryczna nie generuje fizycznych wi\u0105zek ale nadaje szerok\u0105, poprzeczn\u0105 fal\u0119 akustyczn\u0105, kt\u00f3ra po odbiciu od dna i przeszk\u00f3d odbierana jest przez minimum dwa przetworniki odbiorcze rozmieszczone w sta\u0142ej, znanej odleg\u0142o\u015bci i koncie od siebie. Analiza sygna\u0142u polega na okre\u015bleniu r\u00f3\u017cnicy fazy odebranego sygna\u0142u na poszczeg\u00f3lnych przetwornikach. Okre\u015b\u0142ona r\u00f3\u017cnica fazy powracaj\u0105cego impulsu jest przeliczana na k\u0105t z jakiego sygna\u0142 dotar\u0142 do przetwornika. R\u00f3\u017cnica czasu pomi\u0119dzy emisj\u0105 sygna\u0142u, a powrotem daje podstaw\u0119 do wyliczenia odleg\u0142o\u015bci. Znana odleg\u0142o\u015b\u0107 oraz k\u0105t powracaj\u0105cego sygna\u0142u umo\u017cliwia geometryczne okre\u015blenie g\u0142\u0119boko\u015bci, a przy zastosowaniu systemu pozycjonowania pozwala okre\u015bli\u0107 pozycj\u0119 obliczonej g\u0142\u0119boko\u015bci w pasie przeszukania.<\/p>\n<\/div>\n<p><img decoding=\"async\" src=\"\/wp-content\/uploads\/2023\/06\/gs.png\" alt=\"\"><\/p>\n<div>Geoacoustics Geoswath 4 &#8211; kompletne zestawy nadawczo &#8211; odbiorcze wyposa\u017cone w przetworniki, czujnik ruchu Kongsberg MRU-5 oraz sond\u0119 pomiaru pr\u0119dko\u015bci d\u017awi\u0119ku w wodzie Valeport miniSVS. Wersje 125kHz, 250kHz i 500kHz.<\/div>\n<div>\n<p>Zalet\u0105 system\u00f3w interferometrycznych jest stosunkowo du\u017cy pas pokrycia (swath) na ma\u0142ych g\u0142\u0119boko\u015bciach. R\u00f3\u017cnica jest znaczna je\u015bli przyjmiemy, \u017ce tradycyjna echosonda wielowi\u0105zkowa b\u0119dzie mia\u0142a swath o szeroko\u015bci mniej wi\u0119cej 4x wi\u0119kszej ni\u017c aktualna g\u0142\u0119boko\u015b\u0107 (odleg\u0142o\u015b\u0107 przetwornika od dna), to swath\u00a0 system\u00f3w intereferometrycznych mo\u017ce by\u0107 nawet 12x wi\u0119kszy. Przek\u0142ada si\u0119 to na znaczne oszcz\u0119dno\u015bci zwi\u0105zane z mniejsza ilo\u015bci\u0105 profili do przesondowania. Ma\u0142e rozmiary i waga przetwornik\u00f3w pozwalaj\u0105 na monta\u017c na niewielkich i lekkich jednostkach. Niestety brak fizycznych wi\u0105zek rekompensowany jest przez pr\u00f3bkowanie przychodz\u0105cych danych nawet kilka tysi\u0119cy razy na sekund\u0119. Mo\u017ce to powodowa\u0107 powstawanie szumu, kt\u00f3ry utrudnia czyszczenie danych.<\/p>\n<p>Okaza\u0142o si\u0119, \u017ce r\u00f3\u017cne modele sztucznej inteligencji stosowane ju\u017c powszechnie w \u017cyciu codziennym mog\u0105 przynie\u015b\u0107 korzy\u015b\u0107 tak\u017ce i tutaj. Udost\u0119pniona niedawno przez producenta system\u00f3w Geoswath Plus nowa wersja oprogramowania uk\u0142adowego posiada wbudowany model sieci AI, kt\u00f3ra doskonale sprawdza si\u0119 w automatycznym filtrowaniu punkt\u00f3w w czasie rzeczywistym. Dzi\u0119ki temu obr\u00f3bka danych w postprocesingu staje si\u0119 tylko przyjemn\u0105 formalno\u015bci\u0105.<\/p>\n<p>Testowali\u015bmy to rozwi\u0105zanie ju\u017c u siebie i mo\u017cemy je poleci\u0107 wszystkim obecnym jak i przysz\u0142ym u\u017cytkownik\u00f3w echosond Geoswath 4 zw\u0142aszcza, \u017ce w chwili obecnej upgrade udost\u0119pniany jest bezp\u0142atnie.<\/p>\n<p>Nasza firma s\u0142u\u017cy pomoc\u0105 w przeprowadzeniu procesu aktualizacji.<\/p>\n<p>Wi\u0119cej informacji na stronie producenta:<br \/><a href=\"https:\/\/www.geoacoustics.com\/gs4ai\">https:\/\/www.geoacoustics.com\/gs4ai<\/a><br \/><a href=\"https:\/\/escort-technology.com\/wp-content\/uploads\/2023\/06\/AI-GS-escort.pdf\">Redukcja szum\u00f3w dla systemu GS4<\/a> &#8211; ulotka informacyjna<\/p>\n<\/div>\n<p><!--more--><br \/>\n<!-- {\"type\":\"layout\",\"children\":[{\"type\":\"section\",\"props\":{\"image_position\":\"center-center\",\"style\":\"default\",\"title_breakpoint\":\"xl\",\"title_position\":\"top-left\",\"title_rotation\":\"left\",\"vertical_align\":\"middle\",\"width\":\"default\"},\"children\":[{\"type\":\"row\",\"children\":[{\"type\":\"column\",\"props\":{\"image_position\":\"center-center\",\"position_sticky_breakpoint\":\"m\"},\"children\":[{\"type\":\"headline\",\"props\":{\"content\":\"Sztuczna Inteligencja (AI) w hydrografii\",\"title_element\":\"h1\"}}]}]},{\"type\":\"row\",\"children\":[{\"type\":\"column\",\"props\":{\"image_position\":\"center-center\",\"position_sticky_breakpoint\":\"m\"},\"children\":[{\"type\":\"divider\",\"props\":{\"divider_element\":\"hr\"}}]}]}]},{\"type\":\"section\",\"props\":{\"image_position\":\"center-center\",\"style\":\"default\",\"title_breakpoint\":\"xl\",\"title_position\":\"top-left\",\"title_rotation\":\"left\",\"vertical_align\":\"middle\",\"width\":\"default\"},\"children\":[{\"type\":\"row\",\"props\":{\"layout\":\"1-2,1-2\"},\"children\":[{\"type\":\"column\",\"props\":{\"image_position\":\"center-center\",\"position_sticky_breakpoint\":\"m\",\"width_medium\":\"1-2\"},\"children\":[{\"type\":\"text\",\"props\":{\"column_breakpoint\":\"m\",\"content\":\"\n\n<p>Firma Geoacoustics producent mi\\u0119dzy innymi echosondy interferometrycznej Geoswath+ w najnowszej wersji firmware'u wykorzysta\\u0142a mechanizmy sztucznej inteligencji w celu automatycznego czyszczenia szum\\u00f3w powstaj\\u0105cych podczas pracy tego typu sondy.<\\\/p>\",\"margin\":\"default\"}},{\"type\":\"text\",\"props\":{\"column_breakpoint\":\"m\",\"content\":\"\n\n<p>Dla przypomnienia sonda interferometryczna nie generuje fizycznych wi\\u0105zek ale nadaje szerok\\u0105, poprzeczn\\u0105 fal\\u0119 akustyczn\\u0105, kt\\u00f3ra po odbiciu od dna i przeszk\\u00f3d odbierana jest przez minimum dwa przetworniki odbiorcze rozmieszczone w sta\\u0142ej, znanej odleg\\u0142o\\u015bci i koncie od siebie. Analiza sygna\\u0142u polega na okre\\u015bleniu r\\u00f3\\u017cnicy fazy odebranego sygna\\u0142u na poszczeg\\u00f3lnych przetwornikach. Okre\\u015b\\u0142ona r\\u00f3\\u017cnica fazy powracaj\\u0105cego impulsu jest przeliczana na k\\u0105t z jakiego sygna\\u0142 dotar\\u0142 do przetwornika. R\\u00f3\\u017cnica czasu pomi\\u0119dzy emisj\\u0105 sygna\\u0142u, a powrotem daje podstaw\\u0119 do wyliczenia odleg\\u0142o\\u015bci. Znana odleg\\u0142o\\u015b\\u0107 oraz k\\u0105t powracaj\\u0105cego sygna\\u0142u umo\\u017cliwia geometryczne okre\\u015blenie g\\u0142\\u0119boko\\u015bci, a przy zastosowaniu systemu pozycjonowania pozwala okre\\u015bli\\u0107 pozycj\\u0119 obliczonej g\\u0142\\u0119boko\\u015bci w pasie przeszukania.<\\\/p>\",\"margin\":\"default\"}}]},{\"type\":\"column\",\"props\":{\"image_position\":\"center-center\",\"position_sticky_breakpoint\":\"m\",\"width_medium\":\"1-2\"},\"children\":[{\"type\":\"image\",\"props\":{\"image\":\"wp-content\\\/uploads\\\/2023\\\/06\\\/gs.png\",\"image_svg_color\":\"emphasis\",\"margin\":\"default\"}},{\"type\":\"text\",\"props\":{\"column_breakpoint\":\"m\",\"content\":\"Geoacoustics Geoswath 4 - kompletne zestawy nadawczo - odbiorcze wyposa\\u017cone w przetworniki, czujnik ruchu Kongsberg MRU-5 oraz sond\\u0119 pomiaru pr\\u0119dko\\u015bci d\\u017awi\\u0119ku w wodzie Valeport miniSVS. Wersje 125kHz, 250kHz i 500kHz.\",\"margin\":\"default\"}}]}]}]},{\"type\":\"section\",\"props\":{\"image_position\":\"center-center\",\"style\":\"default\",\"title_breakpoint\":\"xl\",\"title_position\":\"top-left\",\"title_rotation\":\"left\",\"vertical_align\":\"middle\",\"width\":\"default\"},\"children\":[{\"type\":\"row\",\"children\":[{\"type\":\"column\",\"props\":{\"image_position\":\"center-center\",\"position_sticky_breakpoint\":\"m\"},\"children\":[{\"type\":\"text\",\"props\":{\"column_breakpoint\":\"m\",\"content\":\"\n\n<p>Zalet\\u0105 system\\u00f3w interferometrycznych jest stosunkowo du\\u017cy pas pokrycia (swath) na ma\\u0142ych g\\u0142\\u0119boko\\u015bciach. R\\u00f3\\u017cnica jest znaczna je\\u015bli przyjmiemy, \\u017ce tradycyjna echosonda wielowi\\u0105zkowa b\\u0119dzie mia\\u0142a swath o szeroko\\u015bci mniej wi\\u0119cej 4x wi\\u0119kszej ni\\u017c aktualna g\\u0142\\u0119boko\\u015b\\u0107 (odleg\\u0142o\\u015b\\u0107 przetwornika od dna), to swath\\u00a0 system\\u00f3w intereferometrycznych mo\\u017ce by\\u0107 nawet 12x wi\\u0119kszy. Przek\\u0142ada si\\u0119 to na znaczne oszcz\\u0119dno\\u015bci zwi\\u0105zane z mniejsza ilo\\u015bci\\u0105 profili do przesondowania. Ma\\u0142e rozmiary i waga przetwornik\\u00f3w pozwalaj\\u0105 na monta\\u017c na niewielkich i lekkich jednostkach. Niestety brak fizycznych wi\\u0105zek rekompensowany jest przez pr\\u00f3bkowanie przychodz\\u0105cych danych nawet kilka tysi\\u0119cy razy na sekund\\u0119. Mo\\u017ce to powodowa\\u0107 powstawanie szumu, kt\\u00f3ry utrudnia czyszczenie danych.<\\\/p>\\n\n\n<p>Okaza\\u0142o si\\u0119, \\u017ce r\\u00f3\\u017cne modele sztucznej inteligencji stosowane ju\\u017c powszechnie w \\u017cyciu codziennym mog\\u0105 przynie\\u015b\\u0107 korzy\\u015b\\u0107 tak\\u017ce i tutaj. Udost\\u0119pniona niedawno przez producenta system\\u00f3w Geoswath Plus nowa wersja oprogramowania uk\\u0142adowego posiada wbudowany model sieci AI, kt\\u00f3ra doskonale sprawdza si\\u0119 w automatycznym filtrowaniu punkt\\u00f3w w czasie rzeczywistym. Dzi\\u0119ki temu obr\\u00f3bka danych w postprocesingu staje si\\u0119 tylko przyjemn\\u0105 formalno\\u015bci\\u0105.<\\\/p>\\n\n\n<p>Testowali\\u015bmy to rozwi\\u0105zanie ju\\u017c u siebie i mo\\u017cemy je poleci\\u0107 wszystkim obecnym jak i przysz\\u0142ym u\\u017cytkownik\\u00f3w echosond Geoswath 4 zw\\u0142aszcza, \\u017ce w chwili obecnej upgrade udost\\u0119pniany jest bezp\\u0142atnie.<\\\/p>\\n\n\n<p>Nasza firma s\\u0142u\\u017cy pomoc\\u0105 w przeprowadzeniu procesu aktualizacji.<\\\/p>\\n\n\n<p>Wi\\u0119cej informacji na stronie producenta:<br \\\/><a href=\\\"https:\\\/\\\/www.geoacoustics.com\\\/gs4ai\\\">https:\\\/\\\/www.geoacoustics.com\\\/gs4ai<\\\/a><br \\\/><a href=\\\"https:\\\/\\\/escort-technology.com\\\/wp-content\\\/uploads\\\/2023\\\/06\\\/AI-GS-escort.pdf\\\">Redukcja szum\\u00f3w dla systemu GS4<\\\/a> - ulotka informacyjna<\\\/p>\",\"margin\":\"default\"}}]}]}]}],\"version\":\"4.0.3\"} --><\/p>\n","protected":false},"excerpt":{"rendered":"<p>Sztuczna Inteligencja (AI) w hydrografii Firma Geoacoustics producent mi\u0119dzy innymi echosondy interferometrycznej Geoswath+ w najnowszej wersji firmware&#8217;u wykorzysta\u0142a mechanizmy sztucznej inteligencji w celu automatycznego czyszczenia szum\u00f3w powstaj\u0105cych podczas pracy tego typu sondy. Dla przypomnienia sonda interferometryczna nie generuje fizycznych wi\u0105zek ale nadaje szerok\u0105, poprzeczn\u0105 fal\u0119 akustyczn\u0105, kt\u00f3ra po odbiciu od dna i przeszk\u00f3d odbierana jest [&hellip;]<\/p>\n","protected":false},"author":3,"featured_media":0,"parent":5674,"menu_order":0,"comment_status":"closed","ping_status":"closed","template":"","meta":{"footnotes":""},"class_list":["post-12862","page","type-page","status-publish","hentry"],"yoast_head":"<!-- This site is optimized with the Yoast SEO plugin v27.5 - https:\/\/yoast.com\/product\/yoast-seo-wordpress\/ -->\n<title>AI w hydrografii - ESCORT TECHNOLOGY<\/title>\n<meta name=\"robots\" content=\"index, follow, max-snippet:-1, max-image-preview:large, max-video-preview:-1\" \/>\n<link rel=\"canonical\" href=\"https:\/\/escort-technology.com\/en\/aktualnosci\/ai-w-hydrografii\/\" \/>\n<meta property=\"og:locale\" content=\"en_US\" \/>\n<meta property=\"og:type\" content=\"article\" \/>\n<meta property=\"og:title\" content=\"AI w hydrografii - ESCORT TECHNOLOGY\" \/>\n<meta property=\"og:description\" content=\"Sztuczna Inteligencja (AI) w hydrografii Firma Geoacoustics producent mi\u0119dzy innymi echosondy interferometrycznej Geoswath+ w najnowszej wersji firmware&#8217;u wykorzysta\u0142a mechanizmy sztucznej inteligencji w celu automatycznego czyszczenia szum\u00f3w powstaj\u0105cych podczas pracy tego typu sondy. Dla przypomnienia sonda interferometryczna nie generuje fizycznych wi\u0105zek ale nadaje szerok\u0105, poprzeczn\u0105 fal\u0119 akustyczn\u0105, kt\u00f3ra po odbiciu od dna i przeszk\u00f3d odbierana jest [&hellip;]\" \/>\n<meta property=\"og:url\" content=\"https:\/\/escort-technology.com\/en\/aktualnosci\/ai-w-hydrografii\/\" \/>\n<meta property=\"og:site_name\" content=\"ESCORT TECHNOLOGY\" \/>\n<meta property=\"article:publisher\" content=\"https:\/\/www.facebook.com\/elektronika.morska\/\" \/>\n<meta property=\"article:modified_time\" content=\"2023-06-01T13:46:20+00:00\" \/>\n<meta name=\"twitter:card\" content=\"summary_large_image\" \/>\n<meta name=\"twitter:label1\" content=\"Est. reading time\" \/>\n\t<meta name=\"twitter:data1\" content=\"2 minutes\" \/>\n<script type=\"application\/ld+json\" class=\"yoast-schema-graph\">{\"@context\":\"https:\\\/\\\/schema.org\",\"@graph\":[{\"@type\":\"WebPage\",\"@id\":\"https:\\\/\\\/escort-technology.com\\\/aktualnosci\\\/ai-w-hydrografii\\\/\",\"url\":\"https:\\\/\\\/escort-technology.com\\\/aktualnosci\\\/ai-w-hydrografii\\\/\",\"name\":\"AI w hydrografii - ESCORT TECHNOLOGY\",\"isPartOf\":{\"@id\":\"http:\\\/\\\/escort-technology.com\\\/de\\\/#website\"},\"datePublished\":\"2023-06-01T13:26:35+00:00\",\"dateModified\":\"2023-06-01T13:46:20+00:00\",\"breadcrumb\":{\"@id\":\"https:\\\/\\\/escort-technology.com\\\/aktualnosci\\\/ai-w-hydrografii\\\/#breadcrumb\"},\"inLanguage\":\"en-US\",\"potentialAction\":[{\"@type\":\"ReadAction\",\"target\":[\"https:\\\/\\\/escort-technology.com\\\/aktualnosci\\\/ai-w-hydrografii\\\/\"]}]},{\"@type\":\"BreadcrumbList\",\"@id\":\"https:\\\/\\\/escort-technology.com\\\/aktualnosci\\\/ai-w-hydrografii\\\/#breadcrumb\",\"itemListElement\":[{\"@type\":\"ListItem\",\"position\":1,\"name\":\"Strona g\u0142\u00f3wna\",\"item\":\"https:\\\/\\\/escort-technology.com\\\/\"},{\"@type\":\"ListItem\",\"position\":2,\"name\":\"Aktualno\u015bci\",\"item\":\"https:\\\/\\\/escort-technology.com\\\/aktualnosci\\\/\"},{\"@type\":\"ListItem\",\"position\":3,\"name\":\"AI w hydrografii\"}]},{\"@type\":\"WebSite\",\"@id\":\"http:\\\/\\\/escort-technology.com\\\/de\\\/#website\",\"url\":\"http:\\\/\\\/escort-technology.com\\\/de\\\/\",\"name\":\"ESCORT TECHNOLOGY\",\"description\":\"Elektronika morska i l\u0105dowa\",\"publisher\":{\"@id\":\"http:\\\/\\\/escort-technology.com\\\/de\\\/#organization\"},\"potentialAction\":[{\"@type\":\"SearchAction\",\"target\":{\"@type\":\"EntryPoint\",\"urlTemplate\":\"http:\\\/\\\/escort-technology.com\\\/de\\\/?s={search_term_string}\"},\"query-input\":{\"@type\":\"PropertyValueSpecification\",\"valueRequired\":true,\"valueName\":\"search_term_string\"}}],\"inLanguage\":\"en-US\"},{\"@type\":\"Organization\",\"@id\":\"http:\\\/\\\/escort-technology.com\\\/de\\\/#organization\",\"name\":\"ESCORT TECHNOLOGY\",\"url\":\"http:\\\/\\\/escort-technology.com\\\/de\\\/\",\"logo\":{\"@type\":\"ImageObject\",\"inLanguage\":\"en-US\",\"@id\":\"http:\\\/\\\/escort-technology.com\\\/de\\\/#\\\/schema\\\/logo\\\/image\\\/\",\"url\":\"https:\\\/\\\/escort-technology.com\\\/wp-content\\\/uploads\\\/logo-1.jpg\",\"contentUrl\":\"https:\\\/\\\/escort-technology.com\\\/wp-content\\\/uploads\\\/logo-1.jpg\",\"width\":600,\"height\":165,\"caption\":\"ESCORT TECHNOLOGY\"},\"image\":{\"@id\":\"http:\\\/\\\/escort-technology.com\\\/de\\\/#\\\/schema\\\/logo\\\/image\\\/\"},\"sameAs\":[\"https:\\\/\\\/www.facebook.com\\\/elektronika.morska\\\/\",\"https:\\\/\\\/www.linkedin.com\\\/company\\\/escort-sp-z-o-o-\\\/\"]}]}<\/script>\n<!-- \/ Yoast SEO plugin. -->","yoast_head_json":{"title":"AI w hydrografii - ESCORT TECHNOLOGY","robots":{"index":"index","follow":"follow","max-snippet":"max-snippet:-1","max-image-preview":"max-image-preview:large","max-video-preview":"max-video-preview:-1"},"canonical":"https:\/\/escort-technology.com\/en\/aktualnosci\/ai-w-hydrografii\/","og_locale":"en_US","og_type":"article","og_title":"AI w hydrografii - ESCORT TECHNOLOGY","og_description":"Sztuczna Inteligencja (AI) w hydrografii Firma Geoacoustics producent mi\u0119dzy innymi echosondy interferometrycznej Geoswath+ w najnowszej wersji firmware&#8217;u wykorzysta\u0142a mechanizmy sztucznej inteligencji w celu automatycznego czyszczenia szum\u00f3w powstaj\u0105cych podczas pracy tego typu sondy. Dla przypomnienia sonda interferometryczna nie generuje fizycznych wi\u0105zek ale nadaje szerok\u0105, poprzeczn\u0105 fal\u0119 akustyczn\u0105, kt\u00f3ra po odbiciu od dna i przeszk\u00f3d odbierana jest [&hellip;]","og_url":"https:\/\/escort-technology.com\/en\/aktualnosci\/ai-w-hydrografii\/","og_site_name":"ESCORT TECHNOLOGY","article_publisher":"https:\/\/www.facebook.com\/elektronika.morska\/","article_modified_time":"2023-06-01T13:46:20+00:00","twitter_card":"summary_large_image","twitter_misc":{"Est. reading time":"2 minutes"},"schema":{"@context":"https:\/\/schema.org","@graph":[{"@type":"WebPage","@id":"https:\/\/escort-technology.com\/aktualnosci\/ai-w-hydrografii\/","url":"https:\/\/escort-technology.com\/aktualnosci\/ai-w-hydrografii\/","name":"AI w hydrografii - ESCORT TECHNOLOGY","isPartOf":{"@id":"http:\/\/escort-technology.com\/de\/#website"},"datePublished":"2023-06-01T13:26:35+00:00","dateModified":"2023-06-01T13:46:20+00:00","breadcrumb":{"@id":"https:\/\/escort-technology.com\/aktualnosci\/ai-w-hydrografii\/#breadcrumb"},"inLanguage":"en-US","potentialAction":[{"@type":"ReadAction","target":["https:\/\/escort-technology.com\/aktualnosci\/ai-w-hydrografii\/"]}]},{"@type":"BreadcrumbList","@id":"https:\/\/escort-technology.com\/aktualnosci\/ai-w-hydrografii\/#breadcrumb","itemListElement":[{"@type":"ListItem","position":1,"name":"Strona g\u0142\u00f3wna","item":"https:\/\/escort-technology.com\/"},{"@type":"ListItem","position":2,"name":"Aktualno\u015bci","item":"https:\/\/escort-technology.com\/aktualnosci\/"},{"@type":"ListItem","position":3,"name":"AI w hydrografii"}]},{"@type":"WebSite","@id":"http:\/\/escort-technology.com\/de\/#website","url":"http:\/\/escort-technology.com\/de\/","name":"ESCORT TECHNOLOGY","description":"Onshore and offshore electronics","publisher":{"@id":"http:\/\/escort-technology.com\/de\/#organization"},"potentialAction":[{"@type":"SearchAction","target":{"@type":"EntryPoint","urlTemplate":"http:\/\/escort-technology.com\/de\/?s={search_term_string}"},"query-input":{"@type":"PropertyValueSpecification","valueRequired":true,"valueName":"search_term_string"}}],"inLanguage":"en-US"},{"@type":"Organization","@id":"http:\/\/escort-technology.com\/de\/#organization","name":"ESCORT TECHNOLOGY","url":"http:\/\/escort-technology.com\/de\/","logo":{"@type":"ImageObject","inLanguage":"en-US","@id":"http:\/\/escort-technology.com\/de\/#\/schema\/logo\/image\/","url":"https:\/\/escort-technology.com\/wp-content\/uploads\/logo-1.jpg","contentUrl":"https:\/\/escort-technology.com\/wp-content\/uploads\/logo-1.jpg","width":600,"height":165,"caption":"ESCORT TECHNOLOGY"},"image":{"@id":"http:\/\/escort-technology.com\/de\/#\/schema\/logo\/image\/"},"sameAs":["https:\/\/www.facebook.com\/elektronika.morska\/","https:\/\/www.linkedin.com\/company\/escort-sp-z-o-o-\/"]}]}},"_links":{"self":[{"href":"https:\/\/escort-technology.com\/en\/wp-json\/wp\/v2\/pages\/12862","targetHints":{"allow":["GET"]}}],"collection":[{"href":"https:\/\/escort-technology.com\/en\/wp-json\/wp\/v2\/pages"}],"about":[{"href":"https:\/\/escort-technology.com\/en\/wp-json\/wp\/v2\/types\/page"}],"author":[{"embeddable":true,"href":"https:\/\/escort-technology.com\/en\/wp-json\/wp\/v2\/users\/3"}],"replies":[{"embeddable":true,"href":"https:\/\/escort-technology.com\/en\/wp-json\/wp\/v2\/comments?post=12862"}],"version-history":[{"count":15,"href":"https:\/\/escort-technology.com\/en\/wp-json\/wp\/v2\/pages\/12862\/revisions"}],"predecessor-version":[{"id":12886,"href":"https:\/\/escort-technology.com\/en\/wp-json\/wp\/v2\/pages\/12862\/revisions\/12886"}],"up":[{"embeddable":true,"href":"https:\/\/escort-technology.com\/en\/wp-json\/wp\/v2\/pages\/5674"}],"wp:attachment":[{"href":"https:\/\/escort-technology.com\/en\/wp-json\/wp\/v2\/media?parent=12862"}],"curies":[{"name":"wp","href":"https:\/\/api.w.org\/{rel}","templated":true}]}}