{"id":14774,"date":"2026-01-28T09:43:05","date_gmt":"2026-01-28T08:43:05","guid":{"rendered":"https:\/\/escort-technology.com\/?page_id=14774"},"modified":"2026-01-28T12:25:34","modified_gmt":"2026-01-28T11:25:34","slug":"naprawa-kablolin","status":"publish","type":"page","link":"https:\/\/escort-technology.com\/en\/naprawa-kablolin\/","title":{"rendered":"Naprawa kablolin"},"content":{"rendered":"<h1>\n<h1 style=\"text-align: center;\"><strong>DIAGNOSTYKA I NAPRAWA KABLOLIN<\/strong><\/h1>\n<\/h1>\n<div>\n<p data-start=\"340\" data-end=\"584\">Oferujemy <strong data-start=\"350\" data-end=\"410\">profesjonaln\u0105 napraw\u0119 kablolin<\/strong>, wykorzystywanych w systemach hydroakustycznych, w tym w zestawach z sondami SVP\/CTD, sonarami oraz innymi urz\u0105dzeniami pomiarowymi.<\/p>\n<p data-start=\"586\" data-end=\"927\">Kabloliny stosowane w \u015brodowisku morskim nara\u017cone s\u0105 na intensywne obci\u0105\u017cenia mechaniczne, dzia\u0142anie wody morskiej, zmienne temperatury oraz napr\u0119\u017cenia podczas pracy. Dzi\u0119ki specjalistycznemu zapleczu technicznemu oraz do\u015bwiadczeniu w serwisie urz\u0105dze\u0144 morskich zapewniamy <strong data-start=\"859\" data-end=\"926\">skuteczne i trwa\u0142e przywr\u00f3cenie pe\u0142nej funkcjonalno\u015bci kablolin<\/strong>.<\/p>\n<h3 data-start=\"934\" data-end=\"954\"><strong data-start=\"938\" data-end=\"954\">Zakres us\u0142ug<\/strong><\/h3>\n<p data-start=\"956\" data-end=\"983\">&#x1f527; <strong data-start=\"959\" data-end=\"983\">Diagnostyka kablolin<\/strong><\/p>\n<ul data-start=\"984\" data-end=\"1175\">\n<li data-start=\"984\" data-end=\"1047\">\n<p data-start=\"986\" data-end=\"1047\">lokalizacja uszkodze\u0144 przewod\u00f3w, ekran\u00f3w i \u017cy\u0142 sygna\u0142owych,<\/p>\n<\/li>\n<li data-start=\"1048\" data-end=\"1112\">\n<p data-start=\"1050\" data-end=\"1112\">kontrola ci\u0105g\u0142o\u015bci, rezystancji i parametr\u00f3w transmisyjnych,<\/p>\n<\/li>\n<li data-start=\"1113\" data-end=\"1175\">\n<p data-start=\"1115\" data-end=\"1175\">ocena stanu mechanicznego pow\u0142ok i element\u00f3w wzmacniaj\u0105cych.<\/p>\n<\/li>\n<\/ul>\n<p data-start=\"1177\" data-end=\"1217\">&#x1f529; <strong data-start=\"1180\" data-end=\"1217\">Naprawy mechaniczne i elektryczne<\/strong><\/p>\n<ul data-start=\"1218\" data-end=\"1458\">\n<li data-start=\"1218\" data-end=\"1271\">\n<p data-start=\"1220\" data-end=\"1271\">naprawa i wymiana uszkodzonych odcink\u00f3w kablolin,<\/p>\n<\/li>\n<li data-start=\"1272\" data-end=\"1327\">\n<p data-start=\"1274\" data-end=\"1327\">rekonstrukcja po\u0142\u0105cze\u0144 elektrycznych i ekranowania,<\/p>\n<\/li>\n<li data-start=\"1328\" data-end=\"1393\">\n<p data-start=\"1330\" data-end=\"1393\">regeneracja pow\u0142ok zewn\u0119trznych odpornych na warunki morskie,<\/p>\n<\/li>\n<li data-start=\"1394\" data-end=\"1458\">\n<p data-start=\"1396\" data-end=\"1458\">uszczelnianie po\u0142\u0105cze\u0144 i zabezpieczenie przed penetracj\u0105 wody.<\/p>\n<\/li>\n<\/ul>\n<p data-start=\"1460\" data-end=\"1487\">&#x1f50c; <strong data-start=\"1463\" data-end=\"1487\">Z\u0142\u0105cza i zako\u0144czenia<\/strong><\/p>\n<ul data-start=\"1488\" data-end=\"1656\">\n<li data-start=\"1488\" data-end=\"1541\">\n<p data-start=\"1490\" data-end=\"1541\">wymiana i regeneracja z\u0142\u0105czy (mokrych i suchych),<\/p>\n<\/li>\n<li data-start=\"1542\" data-end=\"1589\">\n<p data-start=\"1544\" data-end=\"1589\">hermetyzacja i testy szczelno\u015bci zako\u0144cze\u0144,<\/p>\n<\/li>\n<li data-start=\"1590\" data-end=\"1656\">\n<p data-start=\"1592\" data-end=\"1656\">dostosowanie zako\u0144cze\u0144 do konkretnego typu sondy lub urz\u0105dzenia.<\/p>\n<\/li>\n<\/ul>\n<p data-start=\"1658\" data-end=\"1682\">&#x1f9ea; <strong data-start=\"1661\" data-end=\"1682\">Testy po naprawie<\/strong><\/p>\n<ul data-start=\"1683\" data-end=\"1846\">\n<li data-start=\"1683\" data-end=\"1730\">\n<p data-start=\"1685\" data-end=\"1730\">testy ci\u0105g\u0142o\u015bci i parametr\u00f3w elektrycznych,<\/p>\n<\/li>\n<li data-start=\"1731\" data-end=\"1790\">\n<p data-start=\"1733\" data-end=\"1790\">pr\u00f3by funkcjonalne w zestawie z urz\u0105dzeniem pomiarowym,<\/p>\n<\/li>\n<li data-start=\"1791\" data-end=\"1846\">\n<p data-start=\"1793\" data-end=\"1846\">raport techniczny potwierdzaj\u0105cy sprawno\u015b\u0107 kabloliny.<\/p>\n<\/li>\n<\/ul>\n<\/div>\n<p><img decoding=\"async\" src=\"\/wp-content\/uploads\/2024\/04\/SubConn-Nano_AT6F_6.jpg\" alt=\"serwis ROV\"><\/p>\n<hr>\n<div>\n<h3 data-start=\"2520\" data-end=\"2546\"><strong data-start=\"2524\" data-end=\"2546\">Zapytanie i wycena<\/strong><\/h3>\n<p data-start=\"2548\" data-end=\"2746\">Ka\u017cda naprawa kabloliny jest wyceniana indywidualnie, po wykonaniu wst\u0119pnej diagnostyki technicznej.<br data-start=\"2648\" data-end=\"2651\" \/>Zapraszamy do kontaktu w celu om\u00f3wienia zakresu prac, terminu realizacji oraz warunk\u00f3w serwisu.<\/p>\n<p data-start=\"2548\" data-end=\"2746\"><img decoding=\"async\" draggable=\"false\" role=\"img\" class=\"emoji\" alt=\"&#x260e;\" src=\"https:\/\/s.w.org\/images\/core\/emoji\/17.0.2\/svg\/260e.svg\" \/><span>\u00a0<\/span><strong data-start=\"3775\" data-end=\"3787\">Telefon:<\/strong><span>\u00a0+48 603 659 295<\/span><br data-start=\"3804\" data-end=\"3807\" \/><img decoding=\"async\" draggable=\"false\" role=\"img\" class=\"emoji\" alt=\"&#x1f4e7;\" src=\"https:\/\/s.w.org\/images\/core\/emoji\/17.0.2\/svg\/1f4e7.svg\" \/><span>\u00a0<\/span><strong data-start=\"3810\" data-end=\"3821\">E-mail:<\/strong><span>\u00a0<\/span><em data-start=\"3822\" data-end=\"3849\"><span id=\"eeb-25935-712470\">service@escort.com.pl<\/span><\/em><br data-start=\"3849\" data-end=\"3852\" \/><img decoding=\"async\" draggable=\"false\" role=\"img\" class=\"emoji\" alt=\"&#x1f4cd;\" src=\"https:\/\/s.w.org\/images\/core\/emoji\/17.0.2\/svg\/1f4cd.svg\" \/><span>\u00a0<\/span><strong data-start=\"3855\" data-end=\"3868\">Siedziba:<\/strong><span>\u00a0Szczecin, Gda\u0144sk<\/span><\/p>\n<\/div>\n<p><!--more--><br \/>\n<!-- {\"type\":\"layout\",\"children\":[{\"type\":\"section\",\"props\":{\"image\":\"wp-content\\\/uploads\\\/2024\\\/12\\\/jeremy-bishop-G9i_plbfDgk-unsplash-scaled.jpg\",\"image_position\":\"center-center\",\"style\":\"secondary\",\"title_breakpoint\":\"xl\",\"title_position\":\"top-left\",\"title_rotation\":\"left\",\"vertical_align\":\"middle\",\"width\":\"default\"},\"children\":[{\"type\":\"row\",\"children\":[{\"type\":\"column\",\"props\":{\"image_position\":\"center-center\",\"position_sticky_breakpoint\":\"m\"},\"children\":[{\"type\":\"headline\",\"props\":{\"content\":\"\n\n<h1 style=\\\"text-align: center;\\\"><strong>DIAGNOSTYKA I NAPRAWA KABLOLIN<\\\/strong><\\\/h1>\",\"title_element\":\"h1\"}}]}]}]},{\"type\":\"section\",\"props\":{\"image_position\":\"center-center\",\"style\":\"default\",\"title_breakpoint\":\"xl\",\"title_position\":\"top-left\",\"title_rotation\":\"left\",\"vertical_align\":\"middle\",\"width\":\"default\"},\"children\":[{\"type\":\"row\",\"children\":[{\"type\":\"column\",\"props\":{\"image_position\":\"center-center\",\"position_sticky_breakpoint\":\"m\",\"width_medium\":\"1-2\"},\"children\":[{\"type\":\"text\",\"props\":{\"column_breakpoint\":\"m\",\"content\":\"\n\n<p data-start=\\\"340\\\" data-end=\\\"584\\\">Oferujemy <strong data-start=\\\"350\\\" data-end=\\\"410\\\">profesjonaln\\u0105 napraw\\u0119 kablolin<\\\/strong>, wykorzystywanych w systemach hydroakustycznych, w tym w zestawach z sondami SVP\\\/CTD, sonarami oraz innymi urz\\u0105dzeniami pomiarowymi.<\\\/p>\\n\n\n<p data-start=\\\"586\\\" data-end=\\\"927\\\">Kabloliny stosowane w \\u015brodowisku morskim nara\\u017cone s\\u0105 na intensywne obci\\u0105\\u017cenia mechaniczne, dzia\\u0142anie wody morskiej, zmienne temperatury oraz napr\\u0119\\u017cenia podczas pracy. Dzi\\u0119ki specjalistycznemu zapleczu technicznemu oraz do\\u015bwiadczeniu w serwisie urz\\u0105dze\\u0144 morskich zapewniamy <strong data-start=\\\"859\\\" data-end=\\\"926\\\">skuteczne i trwa\\u0142e przywr\\u00f3cenie pe\\u0142nej funkcjonalno\\u015bci kablolin<\\\/strong>.<br \\\/><br \\\/><\\\/p>\\n\n\n<h3 data-start=\\\"934\\\" data-end=\\\"954\\\"><strong data-start=\\\"938\\\" data-end=\\\"954\\\">Zakres us\\u0142ug<\\\/strong><\\\/h3>\\n\n\n<p data-start=\\\"956\\\" data-end=\\\"983\\\">\\ud83d\\udd27 <strong data-start=\\\"959\\\" data-end=\\\"983\\\">Diagnostyka kablolin<\\\/strong><\\\/p>\\n\n\n<ul data-start=\\\"984\\\" data-end=\\\"1175\\\">\\n\n\n<li data-start=\\\"984\\\" data-end=\\\"1047\\\">\\n\n\n<p data-start=\\\"986\\\" data-end=\\\"1047\\\">lokalizacja uszkodze\\u0144 przewod\\u00f3w, ekran\\u00f3w i \\u017cy\\u0142 sygna\\u0142owych,<\\\/p>\\n<\\\/li>\\n\n\n<li data-start=\\\"1048\\\" data-end=\\\"1112\\\">\\n\n\n<p data-start=\\\"1050\\\" data-end=\\\"1112\\\">kontrola ci\\u0105g\\u0142o\\u015bci, rezystancji i parametr\\u00f3w transmisyjnych,<\\\/p>\\n<\\\/li>\\n\n\n<li data-start=\\\"1113\\\" data-end=\\\"1175\\\">\\n\n\n<p data-start=\\\"1115\\\" data-end=\\\"1175\\\">ocena stanu mechanicznego pow\\u0142ok i element\\u00f3w wzmacniaj\\u0105cych.<\\\/p>\\n<\\\/li>\\n<\\\/ul>\\n\n\n<p data-start=\\\"1177\\\" data-end=\\\"1217\\\">\\ud83d\\udd29 <strong data-start=\\\"1180\\\" data-end=\\\"1217\\\">Naprawy mechaniczne i elektryczne<\\\/strong><\\\/p>\\n\n\n<ul data-start=\\\"1218\\\" data-end=\\\"1458\\\">\\n\n\n<li data-start=\\\"1218\\\" data-end=\\\"1271\\\">\\n\n\n<p data-start=\\\"1220\\\" data-end=\\\"1271\\\">naprawa i wymiana uszkodzonych odcink\\u00f3w kablolin,<\\\/p>\\n<\\\/li>\\n\n\n<li data-start=\\\"1272\\\" data-end=\\\"1327\\\">\\n\n\n<p data-start=\\\"1274\\\" data-end=\\\"1327\\\">rekonstrukcja po\\u0142\\u0105cze\\u0144 elektrycznych i ekranowania,<\\\/p>\\n<\\\/li>\\n\n\n<li data-start=\\\"1328\\\" data-end=\\\"1393\\\">\\n\n\n<p data-start=\\\"1330\\\" data-end=\\\"1393\\\">regeneracja pow\\u0142ok zewn\\u0119trznych odpornych na warunki morskie,<\\\/p>\\n<\\\/li>\\n\n\n<li data-start=\\\"1394\\\" data-end=\\\"1458\\\">\\n\n\n<p data-start=\\\"1396\\\" data-end=\\\"1458\\\">uszczelnianie po\\u0142\\u0105cze\\u0144 i zabezpieczenie przed penetracj\\u0105 wody.<\\\/p>\\n<\\\/li>\\n<\\\/ul>\\n\n\n<p data-start=\\\"1460\\\" data-end=\\\"1487\\\">\\ud83d\\udd0c <strong data-start=\\\"1463\\\" data-end=\\\"1487\\\">Z\\u0142\\u0105cza i zako\\u0144czenia<\\\/strong><\\\/p>\\n\n\n<ul data-start=\\\"1488\\\" data-end=\\\"1656\\\">\\n\n\n<li data-start=\\\"1488\\\" data-end=\\\"1541\\\">\\n\n\n<p data-start=\\\"1490\\\" data-end=\\\"1541\\\">wymiana i regeneracja z\\u0142\\u0105czy (mokrych i suchych),<\\\/p>\\n<\\\/li>\\n\n\n<li data-start=\\\"1542\\\" data-end=\\\"1589\\\">\\n\n\n<p data-start=\\\"1544\\\" data-end=\\\"1589\\\">hermetyzacja i testy szczelno\\u015bci zako\\u0144cze\\u0144,<\\\/p>\\n<\\\/li>\\n\n\n<li data-start=\\\"1590\\\" data-end=\\\"1656\\\">\\n\n\n<p data-start=\\\"1592\\\" data-end=\\\"1656\\\">dostosowanie zako\\u0144cze\\u0144 do konkretnego typu sondy lub urz\\u0105dzenia.<\\\/p>\\n<\\\/li>\\n<\\\/ul>\\n\n\n<p data-start=\\\"1658\\\" data-end=\\\"1682\\\">\\ud83e\\uddea <strong data-start=\\\"1661\\\" data-end=\\\"1682\\\">Testy po naprawie<\\\/strong><\\\/p>\\n\n\n<ul data-start=\\\"1683\\\" data-end=\\\"1846\\\">\\n\n\n<li data-start=\\\"1683\\\" data-end=\\\"1730\\\">\\n\n\n<p data-start=\\\"1685\\\" data-end=\\\"1730\\\">testy ci\\u0105g\\u0142o\\u015bci i parametr\\u00f3w elektrycznych,<\\\/p>\\n<\\\/li>\\n\n\n<li data-start=\\\"1731\\\" data-end=\\\"1790\\\">\\n\n\n<p data-start=\\\"1733\\\" data-end=\\\"1790\\\">pr\\u00f3by funkcjonalne w zestawie z urz\\u0105dzeniem pomiarowym,<\\\/p>\\n<\\\/li>\\n\n\n<li data-start=\\\"1791\\\" data-end=\\\"1846\\\">\\n\n\n<p data-start=\\\"1793\\\" data-end=\\\"1846\\\">raport techniczny potwierdzaj\\u0105cy sprawno\\u015b\\u0107 kabloliny.<\\\/p>\\n<\\\/li>\\n<\\\/ul>\",\"margin\":\"default\"}}]},{\"type\":\"column\",\"props\":{\"image_position\":\"center-center\",\"position_sticky_breakpoint\":\"m\",\"width_medium\":\"1-2\"},\"children\":[{\"type\":\"image\",\"props\":{\"image\":\"wp-content\\\/uploads\\\/2024\\\/04\\\/SubConn-Nano_AT6F_6.jpg\",\"image_alt\":\"serwis ROV\",\"image_svg_color\":\"emphasis\",\"margin\":\"default\"}}]}],\"props\":{\"layout\":\"1-2,1-2\"}}]},{\"type\":\"section\",\"props\":{\"image_position\":\"center-center\",\"style\":\"default\",\"title_breakpoint\":\"xl\",\"title_position\":\"top-left\",\"title_rotation\":\"left\",\"vertical_align\":\"middle\",\"width\":\"default\"},\"children\":[{\"type\":\"row\",\"children\":[{\"type\":\"column\",\"props\":{\"image_position\":\"center-center\",\"position_sticky_breakpoint\":\"m\"},\"children\":[{\"type\":\"divider\",\"props\":{\"divider_element\":\"hr\"}},{\"type\":\"text\",\"props\":{\"column_breakpoint\":\"m\",\"content\":\"\n\n<h3 data-start=\\\"2520\\\" data-end=\\\"2546\\\"><strong data-start=\\\"2524\\\" data-end=\\\"2546\\\">Zapytanie i wycena<\\\/strong><\\\/h3>\\n\n\n<p data-start=\\\"2548\\\" data-end=\\\"2746\\\">Ka\\u017cda naprawa kabloliny jest wyceniana indywidualnie, po wykonaniu wst\\u0119pnej diagnostyki technicznej.<br data-start=\\\"2648\\\" data-end=\\\"2651\\\" \\\/>Zapraszamy do kontaktu w celu om\\u00f3wienia zakresu prac, terminu realizacji oraz warunk\\u00f3w serwisu.<\\\/p>\\n\n\n<p data-start=\\\"2548\\\" data-end=\\\"2746\\\"><img draggable=\\\"false\\\" role=\\\"img\\\" class=\\\"emoji\\\" alt=\\\"\\u260e\\\" src=\\\"https:\\\/\\\/s.w.org\\\/images\\\/core\\\/emoji\\\/17.0.2\\\/svg\\\/260e.svg\\\" \\\/><span>\\u00a0<\\\/span><strong data-start=\\\"3775\\\" data-end=\\\"3787\\\">Telefon:<\\\/strong><span>\\u00a0+48 603 659 295<\\\/span><br data-start=\\\"3804\\\" data-end=\\\"3807\\\" \\\/><img draggable=\\\"false\\\" role=\\\"img\\\" class=\\\"emoji\\\" alt=\\\"\\ud83d\\udce7\\\" src=\\\"https:\\\/\\\/s.w.org\\\/images\\\/core\\\/emoji\\\/17.0.2\\\/svg\\\/1f4e7.svg\\\" \\\/><span>\\u00a0<\\\/span><strong data-start=\\\"3810\\\" data-end=\\\"3821\\\">E-mail:<\\\/strong><span>\\u00a0<\\\/span><em data-start=\\\"3822\\\" data-end=\\\"3849\\\"><span id=\\\"eeb-25935-712470\\\">service@escort.com.pl<\\\/span><\\\/em><br data-start=\\\"3849\\\" data-end=\\\"3852\\\" \\\/><img draggable=\\\"false\\\" role=\\\"img\\\" class=\\\"emoji\\\" alt=\\\"\\ud83d\\udccd\\\" src=\\\"https:\\\/\\\/s.w.org\\\/images\\\/core\\\/emoji\\\/17.0.2\\\/svg\\\/1f4cd.svg\\\" \\\/><span>\\u00a0<\\\/span><strong data-start=\\\"3855\\\" data-end=\\\"3868\\\">Siedziba:<\\\/strong><span>\\u00a0Szczecin, Gda\\u0144sk<\\\/span><\\\/p>\",\"margin\":\"default\"}}]}]}]}],\"version\":\"4.0.13\"} --><\/p>\n","protected":false},"excerpt":{"rendered":"<p>DIAGNOSTYKA I NAPRAWA KABLOLIN Oferujemy profesjonaln\u0105 napraw\u0119 kablolin, wykorzystywanych w systemach hydroakustycznych, w tym w zestawach z sondami SVP\/CTD, sonarami oraz innymi urz\u0105dzeniami pomiarowymi. Kabloliny stosowane w \u015brodowisku morskim nara\u017cone s\u0105 na intensywne obci\u0105\u017cenia mechaniczne, dzia\u0142anie wody morskiej, zmienne temperatury oraz napr\u0119\u017cenia podczas pracy. Dzi\u0119ki specjalistycznemu zapleczu technicznemu oraz do\u015bwiadczeniu w serwisie urz\u0105dze\u0144 morskich zapewniamy [&hellip;]<\/p>\n","protected":false},"author":6,"featured_media":0,"parent":0,"menu_order":0,"comment_status":"closed","ping_status":"closed","template":"","meta":{"footnotes":""},"class_list":["post-14774","page","type-page","status-publish","hentry"],"yoast_head":"<!-- This site is optimized with the Yoast SEO plugin v27.6 - https:\/\/yoast.com\/product\/yoast-seo-wordpress\/ -->\n<title>Naprawa kablolin - ESCORT TECHNOLOGY<\/title>\n<meta name=\"robots\" content=\"index, follow, max-snippet:-1, max-image-preview:large, max-video-preview:-1\" \/>\n<link rel=\"canonical\" href=\"https:\/\/escort-technology.com\/en\/naprawa-kablolin\/\" \/>\n<meta property=\"og:locale\" content=\"en_US\" \/>\n<meta property=\"og:type\" content=\"article\" \/>\n<meta property=\"og:title\" content=\"Naprawa kablolin - ESCORT TECHNOLOGY\" \/>\n<meta property=\"og:description\" content=\"DIAGNOSTYKA I NAPRAWA KABLOLIN Oferujemy profesjonaln\u0105 napraw\u0119 kablolin, wykorzystywanych w systemach hydroakustycznych, w tym w zestawach z sondami SVP\/CTD, sonarami oraz innymi urz\u0105dzeniami pomiarowymi. Kabloliny stosowane w \u015brodowisku morskim nara\u017cone s\u0105 na intensywne obci\u0105\u017cenia mechaniczne, dzia\u0142anie wody morskiej, zmienne temperatury oraz napr\u0119\u017cenia podczas pracy. Dzi\u0119ki specjalistycznemu zapleczu technicznemu oraz do\u015bwiadczeniu w serwisie urz\u0105dze\u0144 morskich zapewniamy [&hellip;]\" \/>\n<meta property=\"og:url\" content=\"https:\/\/escort-technology.com\/en\/naprawa-kablolin\/\" \/>\n<meta property=\"og:site_name\" content=\"ESCORT TECHNOLOGY\" \/>\n<meta property=\"article:publisher\" content=\"https:\/\/www.facebook.com\/elektronika.morska\/\" \/>\n<meta property=\"article:modified_time\" content=\"2026-01-28T11:25:34+00:00\" \/>\n<meta property=\"og:image\" content=\"https:\/\/s.w.org\/images\/core\/emoji\/17.0.2\/svg\/260e.svg\" \/>\n<meta name=\"twitter:card\" content=\"summary_large_image\" \/>\n<script type=\"application\/ld+json\" class=\"yoast-schema-graph\">{\"@context\":\"https:\\\/\\\/schema.org\",\"@graph\":[{\"@type\":\"WebPage\",\"@id\":\"https:\\\/\\\/escort-technology.com\\\/naprawa-kablolin\\\/\",\"url\":\"https:\\\/\\\/escort-technology.com\\\/naprawa-kablolin\\\/\",\"name\":\"Naprawa kablolin - ESCORT TECHNOLOGY\",\"isPartOf\":{\"@id\":\"http:\\\/\\\/escort-technology.com\\\/de\\\/#website\"},\"primaryImageOfPage\":{\"@id\":\"https:\\\/\\\/escort-technology.com\\\/naprawa-kablolin\\\/#primaryimage\"},\"image\":{\"@id\":\"https:\\\/\\\/escort-technology.com\\\/naprawa-kablolin\\\/#primaryimage\"},\"thumbnailUrl\":\"https:\\\/\\\/s.w.org\\\/images\\\/core\\\/emoji\\\/17.0.2\\\/svg\\\/260e.svg\",\"datePublished\":\"2026-01-28T08:43:05+00:00\",\"dateModified\":\"2026-01-28T11:25:34+00:00\",\"breadcrumb\":{\"@id\":\"https:\\\/\\\/escort-technology.com\\\/naprawa-kablolin\\\/#breadcrumb\"},\"inLanguage\":\"en-US\",\"potentialAction\":[{\"@type\":\"ReadAction\",\"target\":[\"https:\\\/\\\/escort-technology.com\\\/naprawa-kablolin\\\/\"]}]},{\"@type\":\"ImageObject\",\"inLanguage\":\"en-US\",\"@id\":\"https:\\\/\\\/escort-technology.com\\\/naprawa-kablolin\\\/#primaryimage\",\"url\":\"https:\\\/\\\/s.w.org\\\/images\\\/core\\\/emoji\\\/17.0.2\\\/svg\\\/260e.svg\",\"contentUrl\":\"https:\\\/\\\/s.w.org\\\/images\\\/core\\\/emoji\\\/17.0.2\\\/svg\\\/260e.svg\"},{\"@type\":\"BreadcrumbList\",\"@id\":\"https:\\\/\\\/escort-technology.com\\\/naprawa-kablolin\\\/#breadcrumb\",\"itemListElement\":[{\"@type\":\"ListItem\",\"position\":1,\"name\":\"Strona g\u0142\u00f3wna\",\"item\":\"https:\\\/\\\/escort-technology.com\\\/\"},{\"@type\":\"ListItem\",\"position\":2,\"name\":\"Naprawa kablolin\"}]},{\"@type\":\"WebSite\",\"@id\":\"http:\\\/\\\/escort-technology.com\\\/de\\\/#website\",\"url\":\"http:\\\/\\\/escort-technology.com\\\/de\\\/\",\"name\":\"ESCORT TECHNOLOGY\",\"description\":\"Elektronika morska i l\u0105dowa\",\"publisher\":{\"@id\":\"http:\\\/\\\/escort-technology.com\\\/de\\\/#organization\"},\"potentialAction\":[{\"@type\":\"SearchAction\",\"target\":{\"@type\":\"EntryPoint\",\"urlTemplate\":\"http:\\\/\\\/escort-technology.com\\\/de\\\/?s={search_term_string}\"},\"query-input\":{\"@type\":\"PropertyValueSpecification\",\"valueRequired\":true,\"valueName\":\"search_term_string\"}}],\"inLanguage\":\"en-US\"},{\"@type\":\"Organization\",\"@id\":\"http:\\\/\\\/escort-technology.com\\\/de\\\/#organization\",\"name\":\"ESCORT TECHNOLOGY\",\"url\":\"http:\\\/\\\/escort-technology.com\\\/de\\\/\",\"logo\":{\"@type\":\"ImageObject\",\"inLanguage\":\"en-US\",\"@id\":\"http:\\\/\\\/escort-technology.com\\\/de\\\/#\\\/schema\\\/logo\\\/image\\\/\",\"url\":\"https:\\\/\\\/escort-technology.com\\\/wp-content\\\/uploads\\\/logo-1.jpg\",\"contentUrl\":\"https:\\\/\\\/escort-technology.com\\\/wp-content\\\/uploads\\\/logo-1.jpg\",\"width\":600,\"height\":165,\"caption\":\"ESCORT TECHNOLOGY\"},\"image\":{\"@id\":\"http:\\\/\\\/escort-technology.com\\\/de\\\/#\\\/schema\\\/logo\\\/image\\\/\"},\"sameAs\":[\"https:\\\/\\\/www.facebook.com\\\/elektronika.morska\\\/\",\"https:\\\/\\\/www.linkedin.com\\\/company\\\/escort-sp-z-o-o-\\\/\"]}]}<\/script>\n<!-- \/ Yoast SEO plugin. -->","yoast_head_json":{"title":"Naprawa kablolin - ESCORT TECHNOLOGY","robots":{"index":"index","follow":"follow","max-snippet":"max-snippet:-1","max-image-preview":"max-image-preview:large","max-video-preview":"max-video-preview:-1"},"canonical":"https:\/\/escort-technology.com\/en\/naprawa-kablolin\/","og_locale":"en_US","og_type":"article","og_title":"Naprawa kablolin - ESCORT TECHNOLOGY","og_description":"DIAGNOSTYKA I NAPRAWA KABLOLIN Oferujemy profesjonaln\u0105 napraw\u0119 kablolin, wykorzystywanych w systemach hydroakustycznych, w tym w zestawach z sondami SVP\/CTD, sonarami oraz innymi urz\u0105dzeniami pomiarowymi. Kabloliny stosowane w \u015brodowisku morskim nara\u017cone s\u0105 na intensywne obci\u0105\u017cenia mechaniczne, dzia\u0142anie wody morskiej, zmienne temperatury oraz napr\u0119\u017cenia podczas pracy. Dzi\u0119ki specjalistycznemu zapleczu technicznemu oraz do\u015bwiadczeniu w serwisie urz\u0105dze\u0144 morskich zapewniamy [&hellip;]","og_url":"https:\/\/escort-technology.com\/en\/naprawa-kablolin\/","og_site_name":"ESCORT TECHNOLOGY","article_publisher":"https:\/\/www.facebook.com\/elektronika.morska\/","article_modified_time":"2026-01-28T11:25:34+00:00","og_image":[{"url":"https:\/\/s.w.org\/images\/core\/emoji\/17.0.2\/svg\/260e.svg","type":"","width":"","height":""}],"twitter_card":"summary_large_image","schema":{"@context":"https:\/\/schema.org","@graph":[{"@type":"WebPage","@id":"https:\/\/escort-technology.com\/naprawa-kablolin\/","url":"https:\/\/escort-technology.com\/naprawa-kablolin\/","name":"Naprawa kablolin - ESCORT TECHNOLOGY","isPartOf":{"@id":"http:\/\/escort-technology.com\/de\/#website"},"primaryImageOfPage":{"@id":"https:\/\/escort-technology.com\/naprawa-kablolin\/#primaryimage"},"image":{"@id":"https:\/\/escort-technology.com\/naprawa-kablolin\/#primaryimage"},"thumbnailUrl":"https:\/\/s.w.org\/images\/core\/emoji\/17.0.2\/svg\/260e.svg","datePublished":"2026-01-28T08:43:05+00:00","dateModified":"2026-01-28T11:25:34+00:00","breadcrumb":{"@id":"https:\/\/escort-technology.com\/naprawa-kablolin\/#breadcrumb"},"inLanguage":"en-US","potentialAction":[{"@type":"ReadAction","target":["https:\/\/escort-technology.com\/naprawa-kablolin\/"]}]},{"@type":"ImageObject","inLanguage":"en-US","@id":"https:\/\/escort-technology.com\/naprawa-kablolin\/#primaryimage","url":"https:\/\/s.w.org\/images\/core\/emoji\/17.0.2\/svg\/260e.svg","contentUrl":"https:\/\/s.w.org\/images\/core\/emoji\/17.0.2\/svg\/260e.svg"},{"@type":"BreadcrumbList","@id":"https:\/\/escort-technology.com\/naprawa-kablolin\/#breadcrumb","itemListElement":[{"@type":"ListItem","position":1,"name":"Strona g\u0142\u00f3wna","item":"https:\/\/escort-technology.com\/"},{"@type":"ListItem","position":2,"name":"Naprawa kablolin"}]},{"@type":"WebSite","@id":"http:\/\/escort-technology.com\/de\/#website","url":"http:\/\/escort-technology.com\/de\/","name":"ESCORT TECHNOLOGY","description":"Onshore and offshore electronics","publisher":{"@id":"http:\/\/escort-technology.com\/de\/#organization"},"potentialAction":[{"@type":"SearchAction","target":{"@type":"EntryPoint","urlTemplate":"http:\/\/escort-technology.com\/de\/?s={search_term_string}"},"query-input":{"@type":"PropertyValueSpecification","valueRequired":true,"valueName":"search_term_string"}}],"inLanguage":"en-US"},{"@type":"Organization","@id":"http:\/\/escort-technology.com\/de\/#organization","name":"ESCORT TECHNOLOGY","url":"http:\/\/escort-technology.com\/de\/","logo":{"@type":"ImageObject","inLanguage":"en-US","@id":"http:\/\/escort-technology.com\/de\/#\/schema\/logo\/image\/","url":"https:\/\/escort-technology.com\/wp-content\/uploads\/logo-1.jpg","contentUrl":"https:\/\/escort-technology.com\/wp-content\/uploads\/logo-1.jpg","width":600,"height":165,"caption":"ESCORT TECHNOLOGY"},"image":{"@id":"http:\/\/escort-technology.com\/de\/#\/schema\/logo\/image\/"},"sameAs":["https:\/\/www.facebook.com\/elektronika.morska\/","https:\/\/www.linkedin.com\/company\/escort-sp-z-o-o-\/"]}]}},"_links":{"self":[{"href":"https:\/\/escort-technology.com\/en\/wp-json\/wp\/v2\/pages\/14774","targetHints":{"allow":["GET"]}}],"collection":[{"href":"https:\/\/escort-technology.com\/en\/wp-json\/wp\/v2\/pages"}],"about":[{"href":"https:\/\/escort-technology.com\/en\/wp-json\/wp\/v2\/types\/page"}],"author":[{"embeddable":true,"href":"https:\/\/escort-technology.com\/en\/wp-json\/wp\/v2\/users\/6"}],"replies":[{"embeddable":true,"href":"https:\/\/escort-technology.com\/en\/wp-json\/wp\/v2\/comments?post=14774"}],"version-history":[{"count":3,"href":"https:\/\/escort-technology.com\/en\/wp-json\/wp\/v2\/pages\/14774\/revisions"}],"predecessor-version":[{"id":14816,"href":"https:\/\/escort-technology.com\/en\/wp-json\/wp\/v2\/pages\/14774\/revisions\/14816"}],"wp:attachment":[{"href":"https:\/\/escort-technology.com\/en\/wp-json\/wp\/v2\/media?parent=14774"}],"curies":[{"name":"wp","href":"https:\/\/api.w.org\/{rel}","templated":true}]}}