{"id":14788,"date":"2026-01-28T10:18:55","date_gmt":"2026-01-28T09:18:55","guid":{"rendered":"https:\/\/escort-technology.com\/?page_id=14788"},"modified":"2026-01-28T12:26:35","modified_gmt":"2026-01-28T11:26:35","slug":"serwis-radarow-morskich","status":"publish","type":"page","link":"https:\/\/escort-technology.com\/en\/serwis-radarow-morskich\/","title":{"rendered":"SERWIS RADAR\u00d3W MORSKICH"},"content":{"rendered":"<h1>\n<h1 style=\"text-align: center;\"><strong>NAPRAWA I SERWIS RADAR\u00d3W MORSKICH<\/strong><o:p><\/o:p><\/h1>\n<\/h1>\n<div>\n<p>Firma <strong>ESCORT Technology<\/strong> \u015bwiadczy kompleksowe us\u0142ugi w zakresie <strong>naprawy, konserwacji i modernizacji radar\u00f3w<\/strong> wykorzystywanych w systemach nawigacyjnych, obserwacyjnych oraz dozoru obszaru morskiego.<\/p>\n<\/p>\n<\/div>\n<div>\n<p><strong>Dlaczego warto wybra\u0107 ESCORT Technology?<\/strong><\/p>\n<ul>\n<li><strong>Wyspecjalizowany zesp\u00f3\u0142 serwisowy<\/strong> z do\u015bwiadczeniem w pracy na jednostkach morskich i \u015br\u00f3dl\u0105dowych<\/li>\n<li><strong>Dost\u0119p do dokumentacji serwisowej oraz cz\u0119\u015bci oryginalnych i zamiennik\u00f3w<\/strong><\/li>\n<li><strong>Mo\u017cliwo\u015b\u0107 serwisu mobilnego w portach, bazach i na jednostkach p\u0142ywaj\u0105cych<\/strong><\/li>\n<li><strong>Pe\u0142na dokumentacja techniczna i raporty po serwisie<\/strong><\/li>\n<li><strong>Obs\u0142uga gwarancyjna i pogwarancyjna<\/strong><\/li>\n<\/ul>\n<p><img decoding=\"async\" draggable=\"false\" role=\"img\" class=\"emoji\" alt=\"&#x260e;\" src=\"https:\/\/s.w.org\/images\/core\/emoji\/17.0.2\/svg\/260e.svg\" \/><span>\u00a0<\/span><strong data-start=\"3775\" data-end=\"3787\">Telefon:<\/strong><span>\u00a0+48 603 659 295<\/span><br data-start=\"3804\" data-end=\"3807\" \/><img decoding=\"async\" draggable=\"false\" role=\"img\" class=\"emoji\" alt=\"&#x1f4e7;\" src=\"https:\/\/s.w.org\/images\/core\/emoji\/17.0.2\/svg\/1f4e7.svg\" \/><span>\u00a0<\/span><strong data-start=\"3810\" data-end=\"3821\">E-mail:<\/strong><span>\u00a0<\/span><em data-start=\"3822\" data-end=\"3849\"><span id=\"eeb-25935-712470\"><span id=\"eeb-598475-709653\">service@escort.com.pl<\/span><\/span><\/em><br data-start=\"3849\" data-end=\"3852\" \/><img decoding=\"async\" draggable=\"false\" role=\"img\" class=\"emoji\" alt=\"&#x1f4cd;\" src=\"https:\/\/s.w.org\/images\/core\/emoji\/17.0.2\/svg\/1f4cd.svg\" \/><span>\u00a0<\/span><strong data-start=\"3855\" data-end=\"3868\">Siedziba:<\/strong><span>\u00a0Szczecin, Gda\u0144sk<\/span><\/p>\n<\/div>\n<p><img decoding=\"async\" src=\"\/wp-content\/uploads\/2026\/01\/DSC00114.jpg\" alt=\"radar\"><\/p>\n<p><!--more--><br \/>\n<!-- {\"type\":\"layout\",\"children\":[{\"type\":\"section\",\"props\":{\"image\":\"wp-content\\\/uploads\\\/2024\\\/12\\\/jeremy-bishop-G9i_plbfDgk-unsplash-scaled.jpg\",\"image_position\":\"center-center\",\"style\":\"secondary\",\"title_breakpoint\":\"xl\",\"title_position\":\"top-left\",\"title_rotation\":\"left\",\"vertical_align\":\"middle\",\"width\":\"default\"},\"children\":[{\"type\":\"row\",\"children\":[{\"type\":\"column\",\"props\":{\"image_position\":\"center-center\",\"position_sticky_breakpoint\":\"m\"},\"children\":[{\"type\":\"headline\",\"props\":{\"content\":\"\n\n<h1 style=\\\"text-align: center;\\\"><strong>NAPRAWA I SERWIS RADAR\\u00d3W MORSKICH<\\\/strong><o:p><\\\/o:p><\\\/h1>\",\"title_element\":\"h1\"}}]}]}]},{\"type\":\"section\",\"props\":{\"image_position\":\"center-center\",\"style\":\"default\",\"title_breakpoint\":\"xl\",\"title_position\":\"top-left\",\"title_rotation\":\"left\",\"vertical_align\":\"middle\",\"width\":\"default\"},\"children\":[{\"type\":\"row\",\"children\":[{\"type\":\"column\",\"props\":{\"image_position\":\"center-center\",\"position_sticky_breakpoint\":\"m\",\"width_medium\":\"1-2\"},\"children\":[{\"type\":\"text\",\"props\":{\"column_breakpoint\":\"m\",\"content\":\"\n\n<p>Firma <strong>ESCORT Technology<\\\/strong> \\u015bwiadczy kompleksowe us\\u0142ugi w zakresie <strong>naprawy, konserwacji i modernizacji radar\\u00f3w<\\\/strong> wykorzystywanych w systemach nawigacyjnych, obserwacyjnych oraz dozoru obszaru morskiego.<\\\/p>\\n\n\n<p><\\\/p>\",\"margin\":\"default\"}},{\"type\":\"text\",\"props\":{\"column_breakpoint\":\"m\",\"content\":\"\n\n<p><strong>Dlaczego warto wybra\\u0107 ESCORT Technology?<\\\/strong><\\\/p>\\n\n\n<ul>\\n\n\n<li><strong>Wyspecjalizowany zesp\\u00f3\\u0142 serwisowy<\\\/strong> z do\\u015bwiadczeniem w pracy na jednostkach morskich i \\u015br\\u00f3dl\\u0105dowych<\\\/li>\\n\n\n<li><strong>Dost\\u0119p do dokumentacji serwisowej oraz cz\\u0119\\u015bci oryginalnych i zamiennik\\u00f3w<\\\/strong><\\\/li>\\n\n\n<li><strong>Mo\\u017cliwo\\u015b\\u0107 serwisu mobilnego w portach, bazach i na jednostkach p\\u0142ywaj\\u0105cych<\\\/strong><\\\/li>\\n\n\n<li><strong>Pe\\u0142na dokumentacja techniczna i raporty po serwisie<\\\/strong><\\\/li>\\n\n\n<li><strong>Obs\\u0142uga gwarancyjna i pogwarancyjna<\\\/strong><\\\/li>\\n<\\\/ul>\\n\n\n<p><img decoding=\\\"async\\\" draggable=\\\"false\\\" role=\\\"img\\\" class=\\\"emoji\\\" alt=\\\"\\u260e\\\" src=\\\"https:\\\/\\\/s.w.org\\\/images\\\/core\\\/emoji\\\/17.0.2\\\/svg\\\/260e.svg\\\" \\\/><span>\\u00a0<\\\/span><strong data-start=\\\"3775\\\" data-end=\\\"3787\\\">Telefon:<\\\/strong><span>\\u00a0+48 603 659 295<\\\/span><br data-start=\\\"3804\\\" data-end=\\\"3807\\\" \\\/><img decoding=\\\"async\\\" draggable=\\\"false\\\" role=\\\"img\\\" class=\\\"emoji\\\" alt=\\\"\\ud83d\\udce7\\\" src=\\\"https:\\\/\\\/s.w.org\\\/images\\\/core\\\/emoji\\\/17.0.2\\\/svg\\\/1f4e7.svg\\\" \\\/><span>\\u00a0<\\\/span><strong data-start=\\\"3810\\\" data-end=\\\"3821\\\">E-mail:<\\\/strong><span>\\u00a0<\\\/span><em data-start=\\\"3822\\\" data-end=\\\"3849\\\"><span id=\\\"eeb-25935-712470\\\"><span id=\\\"eeb-598475-709653\\\">service@escort.com.pl<\\\/span><\\\/span><\\\/em><br data-start=\\\"3849\\\" data-end=\\\"3852\\\" \\\/><img decoding=\\\"async\\\" draggable=\\\"false\\\" role=\\\"img\\\" class=\\\"emoji\\\" alt=\\\"\\ud83d\\udccd\\\" src=\\\"https:\\\/\\\/s.w.org\\\/images\\\/core\\\/emoji\\\/17.0.2\\\/svg\\\/1f4cd.svg\\\" \\\/><span>\\u00a0<\\\/span><strong data-start=\\\"3855\\\" data-end=\\\"3868\\\">Siedziba:<\\\/strong><span>\\u00a0Szczecin, Gda\\u0144sk<\\\/span><\\\/p>\",\"margin\":\"default\"}}]},{\"type\":\"column\",\"props\":{\"image_position\":\"center-center\",\"position_sticky_breakpoint\":\"m\",\"width_medium\":\"1-2\"},\"children\":[{\"type\":\"image\",\"props\":{\"image\":\"wp-content\\\/uploads\\\/2026\\\/01\\\/DSC00114.jpg\",\"image_alt\":\"radar\",\"image_svg_color\":\"emphasis\",\"margin\":\"default\"}}]}],\"props\":{\"layout\":\"1-2,1-2\"}}]}],\"version\":\"4.0.13\"} --><\/p>\n","protected":false},"excerpt":{"rendered":"<p>NAPRAWA I SERWIS RADAR\u00d3W MORSKICH Firma ESCORT Technology \u015bwiadczy kompleksowe us\u0142ugi w zakresie naprawy, konserwacji i modernizacji radar\u00f3w wykorzystywanych w systemach nawigacyjnych, obserwacyjnych oraz dozoru obszaru morskiego. Dlaczego warto wybra\u0107 ESCORT Technology? Wyspecjalizowany zesp\u00f3\u0142 serwisowy z do\u015bwiadczeniem w pracy na jednostkach morskich i \u015br\u00f3dl\u0105dowych Dost\u0119p do dokumentacji serwisowej oraz cz\u0119\u015bci oryginalnych i zamiennik\u00f3w Mo\u017cliwo\u015b\u0107 serwisu [&hellip;]<\/p>\n","protected":false},"author":6,"featured_media":0,"parent":0,"menu_order":0,"comment_status":"closed","ping_status":"closed","template":"","meta":{"footnotes":""},"class_list":["post-14788","page","type-page","status-publish","hentry"],"yoast_head":"<!-- This site is optimized with the Yoast SEO plugin v27.6 - https:\/\/yoast.com\/product\/yoast-seo-wordpress\/ -->\n<title>SERWIS RADAR\u00d3W MORSKICH - ESCORT TECHNOLOGY<\/title>\n<meta name=\"robots\" content=\"index, follow, max-snippet:-1, max-image-preview:large, max-video-preview:-1\" \/>\n<link rel=\"canonical\" href=\"https:\/\/escort-technology.com\/en\/serwis-radarow-morskich\/\" \/>\n<meta property=\"og:locale\" content=\"en_US\" \/>\n<meta property=\"og:type\" content=\"article\" \/>\n<meta property=\"og:title\" content=\"SERWIS RADAR\u00d3W MORSKICH - ESCORT TECHNOLOGY\" \/>\n<meta property=\"og:description\" content=\"NAPRAWA I SERWIS RADAR\u00d3W MORSKICH Firma ESCORT Technology \u015bwiadczy kompleksowe us\u0142ugi w zakresie naprawy, konserwacji i modernizacji radar\u00f3w wykorzystywanych w systemach nawigacyjnych, obserwacyjnych oraz dozoru obszaru morskiego. Dlaczego warto wybra\u0107 ESCORT Technology? Wyspecjalizowany zesp\u00f3\u0142 serwisowy z do\u015bwiadczeniem w pracy na jednostkach morskich i \u015br\u00f3dl\u0105dowych Dost\u0119p do dokumentacji serwisowej oraz cz\u0119\u015bci oryginalnych i zamiennik\u00f3w Mo\u017cliwo\u015b\u0107 serwisu [&hellip;]\" \/>\n<meta property=\"og:url\" content=\"https:\/\/escort-technology.com\/en\/serwis-radarow-morskich\/\" \/>\n<meta property=\"og:site_name\" content=\"ESCORT TECHNOLOGY\" \/>\n<meta property=\"article:publisher\" content=\"https:\/\/www.facebook.com\/elektronika.morska\/\" \/>\n<meta property=\"article:modified_time\" content=\"2026-01-28T11:26:35+00:00\" \/>\n<meta property=\"og:image\" content=\"https:\/\/s.w.org\/images\/core\/emoji\/17.0.2\/svg\/260e.svg\" \/>\n<meta name=\"twitter:card\" content=\"summary_large_image\" \/>\n<script type=\"application\/ld+json\" class=\"yoast-schema-graph\">{\"@context\":\"https:\\\/\\\/schema.org\",\"@graph\":[{\"@type\":\"WebPage\",\"@id\":\"https:\\\/\\\/escort-technology.com\\\/serwis-radarow-morskich\\\/\",\"url\":\"https:\\\/\\\/escort-technology.com\\\/serwis-radarow-morskich\\\/\",\"name\":\"SERWIS RADAR\u00d3W MORSKICH - ESCORT TECHNOLOGY\",\"isPartOf\":{\"@id\":\"http:\\\/\\\/escort-technology.com\\\/de\\\/#website\"},\"primaryImageOfPage\":{\"@id\":\"https:\\\/\\\/escort-technology.com\\\/serwis-radarow-morskich\\\/#primaryimage\"},\"image\":{\"@id\":\"https:\\\/\\\/escort-technology.com\\\/serwis-radarow-morskich\\\/#primaryimage\"},\"thumbnailUrl\":\"https:\\\/\\\/s.w.org\\\/images\\\/core\\\/emoji\\\/17.0.2\\\/svg\\\/260e.svg\",\"datePublished\":\"2026-01-28T09:18:55+00:00\",\"dateModified\":\"2026-01-28T11:26:35+00:00\",\"breadcrumb\":{\"@id\":\"https:\\\/\\\/escort-technology.com\\\/serwis-radarow-morskich\\\/#breadcrumb\"},\"inLanguage\":\"en-US\",\"potentialAction\":[{\"@type\":\"ReadAction\",\"target\":[\"https:\\\/\\\/escort-technology.com\\\/serwis-radarow-morskich\\\/\"]}]},{\"@type\":\"ImageObject\",\"inLanguage\":\"en-US\",\"@id\":\"https:\\\/\\\/escort-technology.com\\\/serwis-radarow-morskich\\\/#primaryimage\",\"url\":\"https:\\\/\\\/s.w.org\\\/images\\\/core\\\/emoji\\\/17.0.2\\\/svg\\\/260e.svg\",\"contentUrl\":\"https:\\\/\\\/s.w.org\\\/images\\\/core\\\/emoji\\\/17.0.2\\\/svg\\\/260e.svg\"},{\"@type\":\"BreadcrumbList\",\"@id\":\"https:\\\/\\\/escort-technology.com\\\/serwis-radarow-morskich\\\/#breadcrumb\",\"itemListElement\":[{\"@type\":\"ListItem\",\"position\":1,\"name\":\"Strona g\u0142\u00f3wna\",\"item\":\"https:\\\/\\\/escort-technology.com\\\/\"},{\"@type\":\"ListItem\",\"position\":2,\"name\":\"SERWIS RADAR\u00d3W MORSKICH\"}]},{\"@type\":\"WebSite\",\"@id\":\"http:\\\/\\\/escort-technology.com\\\/de\\\/#website\",\"url\":\"http:\\\/\\\/escort-technology.com\\\/de\\\/\",\"name\":\"ESCORT TECHNOLOGY\",\"description\":\"Elektronika morska i l\u0105dowa\",\"publisher\":{\"@id\":\"http:\\\/\\\/escort-technology.com\\\/de\\\/#organization\"},\"potentialAction\":[{\"@type\":\"SearchAction\",\"target\":{\"@type\":\"EntryPoint\",\"urlTemplate\":\"http:\\\/\\\/escort-technology.com\\\/de\\\/?s={search_term_string}\"},\"query-input\":{\"@type\":\"PropertyValueSpecification\",\"valueRequired\":true,\"valueName\":\"search_term_string\"}}],\"inLanguage\":\"en-US\"},{\"@type\":\"Organization\",\"@id\":\"http:\\\/\\\/escort-technology.com\\\/de\\\/#organization\",\"name\":\"ESCORT TECHNOLOGY\",\"url\":\"http:\\\/\\\/escort-technology.com\\\/de\\\/\",\"logo\":{\"@type\":\"ImageObject\",\"inLanguage\":\"en-US\",\"@id\":\"http:\\\/\\\/escort-technology.com\\\/de\\\/#\\\/schema\\\/logo\\\/image\\\/\",\"url\":\"https:\\\/\\\/escort-technology.com\\\/wp-content\\\/uploads\\\/logo-1.jpg\",\"contentUrl\":\"https:\\\/\\\/escort-technology.com\\\/wp-content\\\/uploads\\\/logo-1.jpg\",\"width\":600,\"height\":165,\"caption\":\"ESCORT TECHNOLOGY\"},\"image\":{\"@id\":\"http:\\\/\\\/escort-technology.com\\\/de\\\/#\\\/schema\\\/logo\\\/image\\\/\"},\"sameAs\":[\"https:\\\/\\\/www.facebook.com\\\/elektronika.morska\\\/\",\"https:\\\/\\\/www.linkedin.com\\\/company\\\/escort-sp-z-o-o-\\\/\"]}]}<\/script>\n<!-- \/ Yoast SEO plugin. -->","yoast_head_json":{"title":"SERWIS RADAR\u00d3W MORSKICH - ESCORT TECHNOLOGY","robots":{"index":"index","follow":"follow","max-snippet":"max-snippet:-1","max-image-preview":"max-image-preview:large","max-video-preview":"max-video-preview:-1"},"canonical":"https:\/\/escort-technology.com\/en\/serwis-radarow-morskich\/","og_locale":"en_US","og_type":"article","og_title":"SERWIS RADAR\u00d3W MORSKICH - ESCORT TECHNOLOGY","og_description":"NAPRAWA I SERWIS RADAR\u00d3W MORSKICH Firma ESCORT Technology \u015bwiadczy kompleksowe us\u0142ugi w zakresie naprawy, konserwacji i modernizacji radar\u00f3w wykorzystywanych w systemach nawigacyjnych, obserwacyjnych oraz dozoru obszaru morskiego. Dlaczego warto wybra\u0107 ESCORT Technology? Wyspecjalizowany zesp\u00f3\u0142 serwisowy z do\u015bwiadczeniem w pracy na jednostkach morskich i \u015br\u00f3dl\u0105dowych Dost\u0119p do dokumentacji serwisowej oraz cz\u0119\u015bci oryginalnych i zamiennik\u00f3w Mo\u017cliwo\u015b\u0107 serwisu [&hellip;]","og_url":"https:\/\/escort-technology.com\/en\/serwis-radarow-morskich\/","og_site_name":"ESCORT TECHNOLOGY","article_publisher":"https:\/\/www.facebook.com\/elektronika.morska\/","article_modified_time":"2026-01-28T11:26:35+00:00","og_image":[{"url":"https:\/\/s.w.org\/images\/core\/emoji\/17.0.2\/svg\/260e.svg","type":"","width":"","height":""}],"twitter_card":"summary_large_image","schema":{"@context":"https:\/\/schema.org","@graph":[{"@type":"WebPage","@id":"https:\/\/escort-technology.com\/serwis-radarow-morskich\/","url":"https:\/\/escort-technology.com\/serwis-radarow-morskich\/","name":"SERWIS RADAR\u00d3W MORSKICH - ESCORT TECHNOLOGY","isPartOf":{"@id":"http:\/\/escort-technology.com\/de\/#website"},"primaryImageOfPage":{"@id":"https:\/\/escort-technology.com\/serwis-radarow-morskich\/#primaryimage"},"image":{"@id":"https:\/\/escort-technology.com\/serwis-radarow-morskich\/#primaryimage"},"thumbnailUrl":"https:\/\/s.w.org\/images\/core\/emoji\/17.0.2\/svg\/260e.svg","datePublished":"2026-01-28T09:18:55+00:00","dateModified":"2026-01-28T11:26:35+00:00","breadcrumb":{"@id":"https:\/\/escort-technology.com\/serwis-radarow-morskich\/#breadcrumb"},"inLanguage":"en-US","potentialAction":[{"@type":"ReadAction","target":["https:\/\/escort-technology.com\/serwis-radarow-morskich\/"]}]},{"@type":"ImageObject","inLanguage":"en-US","@id":"https:\/\/escort-technology.com\/serwis-radarow-morskich\/#primaryimage","url":"https:\/\/s.w.org\/images\/core\/emoji\/17.0.2\/svg\/260e.svg","contentUrl":"https:\/\/s.w.org\/images\/core\/emoji\/17.0.2\/svg\/260e.svg"},{"@type":"BreadcrumbList","@id":"https:\/\/escort-technology.com\/serwis-radarow-morskich\/#breadcrumb","itemListElement":[{"@type":"ListItem","position":1,"name":"Strona g\u0142\u00f3wna","item":"https:\/\/escort-technology.com\/"},{"@type":"ListItem","position":2,"name":"SERWIS RADAR\u00d3W MORSKICH"}]},{"@type":"WebSite","@id":"http:\/\/escort-technology.com\/de\/#website","url":"http:\/\/escort-technology.com\/de\/","name":"ESCORT TECHNOLOGY","description":"Onshore and offshore electronics","publisher":{"@id":"http:\/\/escort-technology.com\/de\/#organization"},"potentialAction":[{"@type":"SearchAction","target":{"@type":"EntryPoint","urlTemplate":"http:\/\/escort-technology.com\/de\/?s={search_term_string}"},"query-input":{"@type":"PropertyValueSpecification","valueRequired":true,"valueName":"search_term_string"}}],"inLanguage":"en-US"},{"@type":"Organization","@id":"http:\/\/escort-technology.com\/de\/#organization","name":"ESCORT TECHNOLOGY","url":"http:\/\/escort-technology.com\/de\/","logo":{"@type":"ImageObject","inLanguage":"en-US","@id":"http:\/\/escort-technology.com\/de\/#\/schema\/logo\/image\/","url":"https:\/\/escort-technology.com\/wp-content\/uploads\/logo-1.jpg","contentUrl":"https:\/\/escort-technology.com\/wp-content\/uploads\/logo-1.jpg","width":600,"height":165,"caption":"ESCORT TECHNOLOGY"},"image":{"@id":"http:\/\/escort-technology.com\/de\/#\/schema\/logo\/image\/"},"sameAs":["https:\/\/www.facebook.com\/elektronika.morska\/","https:\/\/www.linkedin.com\/company\/escort-sp-z-o-o-\/"]}]}},"_links":{"self":[{"href":"https:\/\/escort-technology.com\/en\/wp-json\/wp\/v2\/pages\/14788","targetHints":{"allow":["GET"]}}],"collection":[{"href":"https:\/\/escort-technology.com\/en\/wp-json\/wp\/v2\/pages"}],"about":[{"href":"https:\/\/escort-technology.com\/en\/wp-json\/wp\/v2\/types\/page"}],"author":[{"embeddable":true,"href":"https:\/\/escort-technology.com\/en\/wp-json\/wp\/v2\/users\/6"}],"replies":[{"embeddable":true,"href":"https:\/\/escort-technology.com\/en\/wp-json\/wp\/v2\/comments?post=14788"}],"version-history":[{"count":9,"href":"https:\/\/escort-technology.com\/en\/wp-json\/wp\/v2\/pages\/14788\/revisions"}],"predecessor-version":[{"id":14817,"href":"https:\/\/escort-technology.com\/en\/wp-json\/wp\/v2\/pages\/14788\/revisions\/14817"}],"wp:attachment":[{"href":"https:\/\/escort-technology.com\/en\/wp-json\/wp\/v2\/media?parent=14788"}],"curies":[{"name":"wp","href":"https:\/\/api.w.org\/{rel}","templated":true}]}}