{"id":1491,"date":"2018-02-28T08:24:48","date_gmt":"2018-02-28T08:24:48","guid":{"rendered":"http:\/\/escort-technology.com\/?page_id=1491"},"modified":"2023-07-27T12:25:54","modified_gmt":"2023-07-27T10:25:54","slug":"pulsar-2","status":"publish","type":"page","link":"https:\/\/escort-technology.com\/en\/pulsar-2\/","title":{"rendered":"PULSAR"},"content":{"rendered":"<h1>\n<h2>PulSAR- HOLOWANY SONAR BOCZNY WYSOKIEJ ROZDZIELCZO\u015aCI<\/h2>\n<\/h1>\n<p><img decoding=\"async\" src=\"\/wp-content\/uploads\/2023\/07\/7b395b_ac4f940c5438464886aaddbea0212669_mv2.jpg\" alt=\"\"><\/p>\n<p>\n    <a href=\"https:\/\/www.geoacoustics.com\/products-main-pulsar\">Karta katalogowa <\/a>\n<\/p>\n<div>\n<p><strong>ZALETY \u00a0 \u00a0 \u00a0<\/strong><\/p>\n<ul>\n<li>\u0141atwe przygotowanie i operowanie<\/li>\n<li>Mocna obudowa \u201eholowanej rybki\u201d<\/li>\n<li>Bryzgoszczelny interfejs (IP66)<\/li>\n<li>Cz\u0119stotliwo\u015b\u0107 od 550kHz \u2013 1000kHz<\/li>\n<li>Mo\u017cliwo\u015b\u0107 pracy impulsowej CW<br \/>oraz CHIRP (FM)<\/li>\n<li>Kablolina holownicza<\/li>\n<li>B\u0119ben ze slip ringiem + korba r\u0119czna<\/li>\n<li>Program do akwizycji oraz przetwarzania<br \/>danych sonarowych<\/li>\n<\/ul>\n<\/div>\n<div>\n<p style=\"text-align: left;\">Sonar boczny PulSAR jest sonarem holowanym przeznaczonym do obrazowania dna w bardzo wysokiej rozdzielczo\u015bci. Zestaw stanowi\u0105 dwa szerokopasmowe kompozytowe przetworniki zamkni\u0119te we wzmocnionej obudowie \u201eholowanej rybki&#8221;, interfejs pok\u0142adowy oraz kablolina nawini\u0119ta na rozwijany r\u0119cznie b\u0119ben. Sonar jest w stanie wykry\u0107 bardzo ma\u0142e obiekty na stosunkowo du\u017cych zakresach pracy i stanowi idealne rozwi\u0105zanie dla operacji poszukiwania i ratowania, prowadzenia inspekcji podwodnych oraz naukowych i in\u017cynieryjnych prac badawczych.<\/p>\n<table>\n<tbody>\n<tr>\n<td>\n<p>System pracuje na cz\u0119stotliwo\u015bciach od 550kHz do 1 MHz. W ca\u0142ym zakresie cz\u0119stotliwo\u015bci mo\u017cliwe jest wykorzystanie pracy impulsowej CW (Continuous Wave) oraz pracy z modulacj\u0105 cz\u0119stotliwo\u015bci FM (CHIRP) znacznie zwi\u0119kszaj\u0105cej rozdzielczo\u015b\u0107 zakresow\u0105 sonaru oraz redukcj\u0119 zak\u0142\u00f3ce\u0144. Zestaw zawiera kompaktow\u0105 \u201eholowana rybk\u0119&#8221; z obudow\u0105 wykonan\u0105 ze stali nierdzewnej z dwoma szerokopasmowymi przetwornikami, pok\u0142adowy interfejs zasilaj\u0105co-steruj\u0105cy wraz z przewodem pok\u0142adowym, b\u0119ben z pier\u015bcieniem \u015blizgowym (tzw. slip ring) umo\u017cliwiaj\u0105cy r\u0119czne wydawanie i zwijanie kabloliny do holowania \u201erybki&#8221; o d\u0142ugo\u015bci od 100m do 300m oraz zintegrowany GPS zdatny do odbieranie poprawek r\u00f3\u017cnicowych z systemu SBAS. Mo\u017cliwe jest r\u00f3wnie\u017c pod\u0142\u0105czenie do komputera zewn\u0119trznego sygna\u0142u GPS za pomoc\u0105 portu szeregowego RS232. System zosta\u0142 specjalnie zaprojektowany do wykorzystania go na ma\u0142ych otwarto pok\u0142adowych jednostkach (posiada stopie\u0144 ochronny IP66). Mo\u017ce by\u0107 zasilany z napi\u0119cia pr\u0105du zmiennego 230V lub napi\u0119cia pr\u0105du sta\u0142ego akumulatora 24V.<\/p>\n<p>System dostarczany jest wraz z oprogramowaniem uruchamianym na komputerze przeno\u015bnym operatora. Wymiana danych pomi\u0119dzy interfejsem a komputerem odbywa si\u0119 za pomoc\u0105 przewodu sieciowego LAN. Program umo\u017cliwia przetwarzanie surowych danych sonarowych oraz ich wy\u015bwietlanie, posiada r\u00f3wnie\u017c w standardzie modu\u0142 plotera nawigacyjnego wspomagaj\u0105cego poszukiwanie i prowadzenie pracy w terenie. Mo\u017cliwy jest zapis danych w formacie smb, xtf oraz export do plik\u00f3w GeoTIFF. System jest prosty w obs\u0142udze, umo\u017cliwia szybk\u0105 mobilizacj\u0119 oraz intuicyjn\u0105 prac\u0119 z oprogramowaniem, dzi\u0119ki czemu jest bardzo dobrym rozwi\u0105zaniem dla prowadzenia operacji SAR, podwodnych prac in\u017cynieryjnych. Wysoka rozdzielczo\u015b\u0107 osi\u0105gana przez system skutkuje mo\u017cliwo\u015bci\u0105 szczeg\u00f3\u0142owego obrazowania obiekt\u00f3w znajduj\u0105cych si\u0119 na dnie akwen\u00f3w wodnych. Jest r\u00f3wnie\u017c doskona\u0142ym narz\u0119dziem do wykorzystania przez naukowc\u00f3w, geolog\u00f3w, geofizyk\u00f3w oraz archeolog\u00f3w.<\/p>\n<\/td>\n<\/tr>\n<\/tbody>\n<\/table>\n<p style=\"text-align: justify;\">\n<p style=\"text-align: center;\">\n<p style=\"text-align: justify;\">\n<\/div>\n<p><!--more--><br \/>\n<!-- {\"type\":\"layout\",\"children\":[{\"name\":\"opis elektroniki\",\"type\":\"section\",\"props\":{\"animation\":\"slide-top-medium\",\"header_overlay\":\"light\",\"height_viewport\":false,\"image_fixed\":false,\"image_position\":\"bottom-center\",\"image_size\":\"cover\",\"overlap\":true,\"padding\":\"none\",\"padding_remove_top\":false,\"style\":\"default\",\"title_breakpoint\":\"xl\",\"title_position\":\"top-left\",\"title_rotation\":\"left\",\"vertical_align\":\"middle\",\"width\":\"large\"},\"children\":[{\"type\":\"row\",\"children\":[{\"type\":\"column\",\"props\":{\"image_position\":\"center-center\",\"position_sticky_breakpoint\":\"m\",\"width_medium\":\"1-1\"},\"children\":[{\"type\":\"headline\",\"props\":{\"content\":\"\n\n<h2>PulSAR- HOLOWANY SONAR BOCZNY WYSOKIEJ ROZDZIELCZO\\u015aCI<\\\/h2>\",\"title_element\":\"h1\"}},{\"type\":\"image\",\"props\":{\"image\":\"wp-content\\\/uploads\\\/2023\\\/07\\\/7b395b_ac4f940c5438464886aaddbea0212669_mv2.jpg\",\"image_svg_color\":\"emphasis\",\"margin\":\"default\",\"text_align\":\"center\"}}]}]},{\"type\":\"row\",\"children\":[{\"type\":\"column\",\"props\":{\"image_position\":\"center-center\",\"position_sticky_breakpoint\":\"m\"},\"children\":[{\"type\":\"button\",\"props\":{\"grid_column_gap\":\"small\",\"grid_row_gap\":\"small\",\"margin\":\"default\",\"text_align\":\"center\"},\"children\":[{\"type\":\"button_item\",\"props\":{\"button_style\":\"default\",\"content\":\"Karta katalogowa \",\"icon_align\":\"left\",\"link\":\"https:\\\/\\\/www.geoacoustics.com\\\/products-main-pulsar\"}}]},{\"type\":\"text\",\"props\":{\"column_breakpoint\":\"m\",\"content\":\"\n\n<p><strong>ZALETY \\u00a0 \\u00a0 \\u00a0<\\\/strong><\\\/p>\\n\n\n<ul>\\n\n\n<li>\\u0141atwe przygotowanie i operowanie<\\\/li>\\n\n\n<li>Mocna obudowa \\u201eholowanej rybki\\u201d<\\\/li>\\n\n\n<li>Bryzgoszczelny interfejs (IP66)<\\\/li>\\n\n\n<li>Cz\\u0119stotliwo\\u015b\\u0107 od 550kHz \\u2013 1000kHz<\\\/li>\\n\n\n<li>Mo\\u017cliwo\\u015b\\u0107 pracy impulsowej CW<br \\\/>oraz CHIRP (FM)<\\\/li>\\n\n\n<li>Kablolina holownicza<\\\/li>\\n\n\n<li>B\\u0119ben ze slip ringiem + korba r\\u0119czna<\\\/li>\\n\n\n<li>Program do akwizycji oraz przetwarzania<br \\\/>danych sonarowych<\\\/li>\\n<\\\/ul>\",\"margin\":\"default\",\"text_align\":\"center\"}}]}]},{\"type\":\"row\",\"children\":[{\"type\":\"column\",\"props\":{\"image_position\":\"center-center\",\"position_sticky_breakpoint\":\"m\"},\"children\":[{\"type\":\"text\",\"props\":{\"column_breakpoint\":\"m\",\"content\":\"\n\n<p style=\\\"text-align: left;\\\">Sonar boczny PulSAR jest sonarem holowanym przeznaczonym do obrazowania dna w bardzo wysokiej rozdzielczo\\u015bci. Zestaw stanowi\\u0105 dwa szerokopasmowe kompozytowe przetworniki zamkni\\u0119te we wzmocnionej obudowie \\u201eholowanej rybki\\\", interfejs pok\\u0142adowy oraz kablolina nawini\\u0119ta na rozwijany r\\u0119cznie b\\u0119ben. Sonar jest w stanie wykry\\u0107 bardzo ma\\u0142e obiekty na stosunkowo du\\u017cych zakresach pracy i stanowi idealne rozwi\\u0105zanie dla operacji poszukiwania i ratowania, prowadzenia inspekcji podwodnych oraz naukowych i in\\u017cynieryjnych prac badawczych.<\\\/p>\\n\n\n<table>\\n\n\n<tbody>\\n\n\n<tr>\\n\n\n<td>\\n\n\n<p>System pracuje na cz\\u0119stotliwo\\u015bciach od 550kHz do 1 MHz. W ca\\u0142ym zakresie cz\\u0119stotliwo\\u015bci mo\\u017cliwe jest wykorzystanie pracy impulsowej CW (Continuous Wave) oraz pracy z modulacj\\u0105 cz\\u0119stotliwo\\u015bci FM (CHIRP) znacznie zwi\\u0119kszaj\\u0105cej rozdzielczo\\u015b\\u0107 zakresow\\u0105 sonaru oraz redukcj\\u0119 zak\\u0142\\u00f3ce\\u0144. Zestaw zawiera kompaktow\\u0105 \\u201eholowana rybk\\u0119\\\" z obudow\\u0105 wykonan\\u0105 ze stali nierdzewnej z dwoma szerokopasmowymi przetwornikami, pok\\u0142adowy interfejs zasilaj\\u0105co-steruj\\u0105cy wraz z przewodem pok\\u0142adowym, b\\u0119ben z pier\\u015bcieniem \\u015blizgowym (tzw. slip ring) umo\\u017cliwiaj\\u0105cy r\\u0119czne wydawanie i zwijanie kabloliny do holowania \\u201erybki\\\" o d\\u0142ugo\\u015bci od 100m do 300m oraz zintegrowany GPS zdatny do odbieranie poprawek r\\u00f3\\u017cnicowych z systemu SBAS. Mo\\u017cliwe jest r\\u00f3wnie\\u017c pod\\u0142\\u0105czenie do komputera zewn\\u0119trznego sygna\\u0142u GPS za pomoc\\u0105 portu szeregowego RS232. System zosta\\u0142 specjalnie zaprojektowany do wykorzystania go na ma\\u0142ych otwarto pok\\u0142adowych jednostkach (posiada stopie\\u0144 ochronny IP66). Mo\\u017ce by\\u0107 zasilany z napi\\u0119cia pr\\u0105du zmiennego 230V lub napi\\u0119cia pr\\u0105du sta\\u0142ego akumulatora 24V.<\\\/p>\\n\n\n<p>System dostarczany jest wraz z oprogramowaniem uruchamianym na komputerze przeno\\u015bnym operatora. Wymiana danych pomi\\u0119dzy interfejsem a komputerem odbywa si\\u0119 za pomoc\\u0105 przewodu sieciowego LAN. Program umo\\u017cliwia przetwarzanie surowych danych sonarowych oraz ich wy\\u015bwietlanie, posiada r\\u00f3wnie\\u017c w standardzie modu\\u0142 plotera nawigacyjnego wspomagaj\\u0105cego poszukiwanie i prowadzenie pracy w terenie. Mo\\u017cliwy jest zapis danych w formacie smb, xtf oraz export do plik\\u00f3w GeoTIFF. System jest prosty w obs\\u0142udze, umo\\u017cliwia szybk\\u0105 mobilizacj\\u0119 oraz intuicyjn\\u0105 prac\\u0119 z oprogramowaniem, dzi\\u0119ki czemu jest bardzo dobrym rozwi\\u0105zaniem dla prowadzenia operacji SAR, podwodnych prac in\\u017cynieryjnych. Wysoka rozdzielczo\\u015b\\u0107 osi\\u0105gana przez system skutkuje mo\\u017cliwo\\u015bci\\u0105 szczeg\\u00f3\\u0142owego obrazowania obiekt\\u00f3w znajduj\\u0105cych si\\u0119 na dnie akwen\\u00f3w wodnych. Jest r\\u00f3wnie\\u017c doskona\\u0142ym narz\\u0119dziem do wykorzystania przez naukowc\\u00f3w, geolog\\u00f3w, geofizyk\\u00f3w oraz archeolog\\u00f3w.<\\\/p>\\n<\\\/td>\\n<\\\/tr>\\n<\\\/tbody>\\n<\\\/table>\\n\n\n<p style=\\\"text-align: justify;\\\"><\\\/p>\\n\n\n<p style=\\\"text-align: center;\\\"><\\\/p>\\n\n\n<p style=\\\"text-align: justify;\\\"><\\\/p>\",\"margin\":\"large\",\"text_align\":\"justify\"}}]}]}]}],\"version\":\"4.0.3\"} --><\/p>\n","protected":false},"excerpt":{"rendered":"<p>PulSAR- HOLOWANY SONAR BOCZNY WYSOKIEJ ROZDZIELCZO\u015aCI Karta katalogowa ZALETY \u00a0 \u00a0 \u00a0 \u0141atwe przygotowanie i operowanie Mocna obudowa \u201eholowanej rybki\u201d Bryzgoszczelny interfejs (IP66) Cz\u0119stotliwo\u015b\u0107 od 550kHz \u2013 1000kHz Mo\u017cliwo\u015b\u0107 pracy impulsowej CWoraz CHIRP (FM) Kablolina holownicza B\u0119ben ze slip ringiem + korba r\u0119czna Program do akwizycji oraz przetwarzaniadanych sonarowych Sonar boczny PulSAR jest sonarem holowanym [&hellip;]<\/p>\n","protected":false},"author":1,"featured_media":0,"parent":0,"menu_order":0,"comment_status":"closed","ping_status":"closed","template":"","meta":{"footnotes":""},"class_list":["post-1491","page","type-page","status-publish","hentry"],"yoast_head":"<!-- This site is optimized with the Yoast SEO plugin v27.6 - https:\/\/yoast.com\/product\/yoast-seo-wordpress\/ -->\n<title>PULSAR - ESCORT TECHNOLOGY<\/title>\n<meta name=\"robots\" content=\"index, follow, max-snippet:-1, max-image-preview:large, max-video-preview:-1\" \/>\n<link rel=\"canonical\" href=\"https:\/\/escort-technology.com\/en\/pulsar-2\/\" \/>\n<meta property=\"og:locale\" content=\"en_US\" \/>\n<meta property=\"og:type\" content=\"article\" \/>\n<meta property=\"og:title\" content=\"PULSAR - ESCORT TECHNOLOGY\" \/>\n<meta property=\"og:description\" content=\"PulSAR- HOLOWANY SONAR BOCZNY WYSOKIEJ ROZDZIELCZO\u015aCI Karta katalogowa ZALETY \u00a0 \u00a0 \u00a0 \u0141atwe przygotowanie i operowanie Mocna obudowa \u201eholowanej rybki\u201d Bryzgoszczelny interfejs (IP66) Cz\u0119stotliwo\u015b\u0107 od 550kHz \u2013 1000kHz Mo\u017cliwo\u015b\u0107 pracy impulsowej CWoraz CHIRP (FM) Kablolina holownicza B\u0119ben ze slip ringiem + korba r\u0119czna Program do akwizycji oraz przetwarzaniadanych sonarowych Sonar boczny PulSAR jest sonarem holowanym [&hellip;]\" \/>\n<meta property=\"og:url\" content=\"https:\/\/escort-technology.com\/en\/pulsar-2\/\" \/>\n<meta property=\"og:site_name\" content=\"ESCORT TECHNOLOGY\" \/>\n<meta property=\"article:publisher\" content=\"https:\/\/www.facebook.com\/elektronika.morska\/\" \/>\n<meta property=\"article:modified_time\" content=\"2023-07-27T10:25:54+00:00\" \/>\n<meta name=\"twitter:card\" content=\"summary_large_image\" \/>\n<meta name=\"twitter:label1\" content=\"Est. reading time\" \/>\n\t<meta name=\"twitter:data1\" content=\"2 minutes\" \/>\n<script type=\"application\/ld+json\" class=\"yoast-schema-graph\">{\"@context\":\"https:\\\/\\\/schema.org\",\"@graph\":[{\"@type\":\"WebPage\",\"@id\":\"https:\\\/\\\/escort-technology.com\\\/en\\\/pulsar-2\\\/\",\"url\":\"https:\\\/\\\/escort-technology.com\\\/en\\\/pulsar-2\\\/\",\"name\":\"PULSAR - ESCORT TECHNOLOGY\",\"isPartOf\":{\"@id\":\"http:\\\/\\\/escort-technology.com\\\/de\\\/#website\"},\"datePublished\":\"2018-02-28T08:24:48+00:00\",\"dateModified\":\"2023-07-27T10:25:54+00:00\",\"breadcrumb\":{\"@id\":\"https:\\\/\\\/escort-technology.com\\\/en\\\/pulsar-2\\\/#breadcrumb\"},\"inLanguage\":\"en-US\",\"potentialAction\":[{\"@type\":\"ReadAction\",\"target\":[\"https:\\\/\\\/escort-technology.com\\\/en\\\/pulsar-2\\\/\"]}]},{\"@type\":\"BreadcrumbList\",\"@id\":\"https:\\\/\\\/escort-technology.com\\\/en\\\/pulsar-2\\\/#breadcrumb\",\"itemListElement\":[{\"@type\":\"ListItem\",\"position\":1,\"name\":\"Strona g\u0142\u00f3wna\",\"item\":\"https:\\\/\\\/escort-technology.com\\\/\"},{\"@type\":\"ListItem\",\"position\":2,\"name\":\"PULSAR\"}]},{\"@type\":\"WebSite\",\"@id\":\"http:\\\/\\\/escort-technology.com\\\/de\\\/#website\",\"url\":\"http:\\\/\\\/escort-technology.com\\\/de\\\/\",\"name\":\"ESCORT TECHNOLOGY\",\"description\":\"Elektronika morska i l\u0105dowa\",\"publisher\":{\"@id\":\"http:\\\/\\\/escort-technology.com\\\/de\\\/#organization\"},\"potentialAction\":[{\"@type\":\"SearchAction\",\"target\":{\"@type\":\"EntryPoint\",\"urlTemplate\":\"http:\\\/\\\/escort-technology.com\\\/de\\\/?s={search_term_string}\"},\"query-input\":{\"@type\":\"PropertyValueSpecification\",\"valueRequired\":true,\"valueName\":\"search_term_string\"}}],\"inLanguage\":\"en-US\"},{\"@type\":\"Organization\",\"@id\":\"http:\\\/\\\/escort-technology.com\\\/de\\\/#organization\",\"name\":\"ESCORT TECHNOLOGY\",\"url\":\"http:\\\/\\\/escort-technology.com\\\/de\\\/\",\"logo\":{\"@type\":\"ImageObject\",\"inLanguage\":\"en-US\",\"@id\":\"http:\\\/\\\/escort-technology.com\\\/de\\\/#\\\/schema\\\/logo\\\/image\\\/\",\"url\":\"https:\\\/\\\/escort-technology.com\\\/wp-content\\\/uploads\\\/logo-1.jpg\",\"contentUrl\":\"https:\\\/\\\/escort-technology.com\\\/wp-content\\\/uploads\\\/logo-1.jpg\",\"width\":600,\"height\":165,\"caption\":\"ESCORT TECHNOLOGY\"},\"image\":{\"@id\":\"http:\\\/\\\/escort-technology.com\\\/de\\\/#\\\/schema\\\/logo\\\/image\\\/\"},\"sameAs\":[\"https:\\\/\\\/www.facebook.com\\\/elektronika.morska\\\/\",\"https:\\\/\\\/www.linkedin.com\\\/company\\\/escort-sp-z-o-o-\\\/\"]}]}<\/script>\n<!-- \/ Yoast SEO plugin. -->","yoast_head_json":{"title":"PULSAR - ESCORT TECHNOLOGY","robots":{"index":"index","follow":"follow","max-snippet":"max-snippet:-1","max-image-preview":"max-image-preview:large","max-video-preview":"max-video-preview:-1"},"canonical":"https:\/\/escort-technology.com\/en\/pulsar-2\/","og_locale":"en_US","og_type":"article","og_title":"PULSAR - ESCORT TECHNOLOGY","og_description":"PulSAR- HOLOWANY SONAR BOCZNY WYSOKIEJ ROZDZIELCZO\u015aCI Karta katalogowa ZALETY \u00a0 \u00a0 \u00a0 \u0141atwe przygotowanie i operowanie Mocna obudowa \u201eholowanej rybki\u201d Bryzgoszczelny interfejs (IP66) Cz\u0119stotliwo\u015b\u0107 od 550kHz \u2013 1000kHz Mo\u017cliwo\u015b\u0107 pracy impulsowej CWoraz CHIRP (FM) Kablolina holownicza B\u0119ben ze slip ringiem + korba r\u0119czna Program do akwizycji oraz przetwarzaniadanych sonarowych Sonar boczny PulSAR jest sonarem holowanym [&hellip;]","og_url":"https:\/\/escort-technology.com\/en\/pulsar-2\/","og_site_name":"ESCORT TECHNOLOGY","article_publisher":"https:\/\/www.facebook.com\/elektronika.morska\/","article_modified_time":"2023-07-27T10:25:54+00:00","twitter_card":"summary_large_image","twitter_misc":{"Est. reading time":"2 minutes"},"schema":{"@context":"https:\/\/schema.org","@graph":[{"@type":"WebPage","@id":"https:\/\/escort-technology.com\/en\/pulsar-2\/","url":"https:\/\/escort-technology.com\/en\/pulsar-2\/","name":"PULSAR - ESCORT TECHNOLOGY","isPartOf":{"@id":"http:\/\/escort-technology.com\/de\/#website"},"datePublished":"2018-02-28T08:24:48+00:00","dateModified":"2023-07-27T10:25:54+00:00","breadcrumb":{"@id":"https:\/\/escort-technology.com\/en\/pulsar-2\/#breadcrumb"},"inLanguage":"en-US","potentialAction":[{"@type":"ReadAction","target":["https:\/\/escort-technology.com\/en\/pulsar-2\/"]}]},{"@type":"BreadcrumbList","@id":"https:\/\/escort-technology.com\/en\/pulsar-2\/#breadcrumb","itemListElement":[{"@type":"ListItem","position":1,"name":"Strona g\u0142\u00f3wna","item":"https:\/\/escort-technology.com\/"},{"@type":"ListItem","position":2,"name":"PULSAR"}]},{"@type":"WebSite","@id":"http:\/\/escort-technology.com\/de\/#website","url":"http:\/\/escort-technology.com\/de\/","name":"ESCORT TECHNOLOGY","description":"Onshore and offshore electronics","publisher":{"@id":"http:\/\/escort-technology.com\/de\/#organization"},"potentialAction":[{"@type":"SearchAction","target":{"@type":"EntryPoint","urlTemplate":"http:\/\/escort-technology.com\/de\/?s={search_term_string}"},"query-input":{"@type":"PropertyValueSpecification","valueRequired":true,"valueName":"search_term_string"}}],"inLanguage":"en-US"},{"@type":"Organization","@id":"http:\/\/escort-technology.com\/de\/#organization","name":"ESCORT TECHNOLOGY","url":"http:\/\/escort-technology.com\/de\/","logo":{"@type":"ImageObject","inLanguage":"en-US","@id":"http:\/\/escort-technology.com\/de\/#\/schema\/logo\/image\/","url":"https:\/\/escort-technology.com\/wp-content\/uploads\/logo-1.jpg","contentUrl":"https:\/\/escort-technology.com\/wp-content\/uploads\/logo-1.jpg","width":600,"height":165,"caption":"ESCORT TECHNOLOGY"},"image":{"@id":"http:\/\/escort-technology.com\/de\/#\/schema\/logo\/image\/"},"sameAs":["https:\/\/www.facebook.com\/elektronika.morska\/","https:\/\/www.linkedin.com\/company\/escort-sp-z-o-o-\/"]}]}},"_links":{"self":[{"href":"https:\/\/escort-technology.com\/en\/wp-json\/wp\/v2\/pages\/1491","targetHints":{"allow":["GET"]}}],"collection":[{"href":"https:\/\/escort-technology.com\/en\/wp-json\/wp\/v2\/pages"}],"about":[{"href":"https:\/\/escort-technology.com\/en\/wp-json\/wp\/v2\/types\/page"}],"author":[{"embeddable":true,"href":"https:\/\/escort-technology.com\/en\/wp-json\/wp\/v2\/users\/1"}],"replies":[{"embeddable":true,"href":"https:\/\/escort-technology.com\/en\/wp-json\/wp\/v2\/comments?post=1491"}],"version-history":[{"count":16,"href":"https:\/\/escort-technology.com\/en\/wp-json\/wp\/v2\/pages\/1491\/revisions"}],"predecessor-version":[{"id":13155,"href":"https:\/\/escort-technology.com\/en\/wp-json\/wp\/v2\/pages\/1491\/revisions\/13155"}],"wp:attachment":[{"href":"https:\/\/escort-technology.com\/en\/wp-json\/wp\/v2\/media?parent=1491"}],"curies":[{"name":"wp","href":"https:\/\/api.w.org\/{rel}","templated":true}]}}