{"id":1512,"date":"2018-02-28T08:50:03","date_gmt":"2018-02-28T08:50:03","guid":{"rendered":"http:\/\/escort-technology.com\/?page_id=1512"},"modified":"2018-03-07T09:39:37","modified_gmt":"2018-03-07T09:39:37","slug":"targi-baltexpo-2017","status":"publish","type":"page","link":"https:\/\/escort-technology.com\/en\/targi-baltexpo-2017\/","title":{"rendered":"BALTEXPO 2017 fair"},"content":{"rendered":"<p>Targi BALTEXPO 2017<\/p>\n<p>\u00a0\u00a0\u00a0\u00a0\u00a0\u00a0\u00a0\u00a0\u00a0\u00a0\u00a0\u00a0\u00a0\u00a0\u00a0\u00a0\u00a0\u00a0\u00a0\u00a0\u00a0\u00a0\u00a0\u00a0\u00a0\u00a0\u00a0\u00a0\u00a0\u00a0\u00a0\u00a0\u00a0\u00a0\u00a0\u00a0\u00a0\u00a0\u00a0\u00a0\u00a0\u00a0\u00a0\u00a0\u00a0\u00a0\u00a0\u00a0\u00a0\u00a0<br \/>\nMi\u0119dzynarodowe Targi Morskie BALTEXPO\u00a0to najwi\u0119ksze w Polsce i jedno z najbardziej presti\u017cowych w Europie wydarze\u0144 po\u015bwi\u0119conych gospodarce morskiej, organizowane co dwa lata nieprzerwanie od 1982 roku.<br \/>\nKa\u017cda edycja BALTEXPO, organizowana z du\u017cym poparciem i pod patronatem odpowiedzialnych za ten sektor gospodarki organ\u00f3w administracji rz\u0105dowej, samorz\u0105d\u00f3w i organizacji bran\u017cowych, cieszy si\u0119 du\u017cym zainteresowaniem jako wydarzenie, na kt\u00f3rym prezentowany jest dorobek i oferta przedsi\u0119biorstw, klastr\u00f3w oraz instytut\u00f3w naukowo-badawczych z obszar\u00f3w przemys\u0142u stoczniowego; offshore; infrastruktury port\u00f3w i przemys\u0142u morskiego; transportu i logistyki morskiej; \u017ceglugi; bezpiecze\u0144stwa wybrze\u017ca, port\u00f3w i \u017ceglugi oraz ochrony \u015brodowiska.\u00a0Targom towarzyszy bogaty program konferencji po\u015bwi\u0119conych tej tematyce.<br \/>\nTematyka targ\u00f3w BALTEXPO 2017 obejmuje g\u0142\u00f3wne obszary gospodarki morskiej:<\/p>\n<p>Przemys\u0142 okr\u0119towy<br \/>\nOffshore<br \/>\nInfrastruktura port\u00f3w i przemys\u0142u morskiego<br \/>\nLogistyka w transporcie morskim<br \/>\n\u017begluga morska i przybrze\u017cna<br \/>\n\u017begluga \u015br\u00f3dl\u0105dowa i gospodarka wodna<br \/>\nBezpiecze\u0144stwo i ochrona port\u00f3w i \u017ceglugi<br \/>\nOchrona \u015brodowiska<br \/>\nEdukacja i crewing<br \/>\nMedia<\/p>\n<p>W 2017 roku w\u015br\u00f3d najciekawszych wydarze\u0144 towarzysz\u0105cych odbywaj\u0105cych si\u0119 w ramach BALTEXPO 2017 znajd\u0105 si\u0119:<\/p>\n<p>Debata otwarcia\u00a0z udzia\u0142em ministr\u00f3w resort\u00f3w odpowiedzialnych za gospodark\u0119 morsk\u0105 z kraj\u00f3w Basenu Morza Ba\u0142tyckiego, po\u015bwi\u0119cona mi\u0119dzynarodowym relacjom gospodarczym, narodowym specjalizacjom oraz ochronie \u015brodowiska naturalnego.<br \/>\nKonferencje i seminaria po\u015bwi\u0119cone rozwojowi przemys\u0142u okr\u0119towego, w tym rozwi\u0105zaniom w obszarze tzw. green shipping oraz \u017ceglugi bliskiego zasi\u0119gu.<br \/>\nCentrum Innowacji i Zaawansowanych Technologii\u00a0&#8211; cz\u0119\u015b\u0107 targ\u00f3w BALTEXPO stwarzaj\u0105ca mo\u017cliwo\u015b\u0107 zaprezentowania najnowocze\u015bniejszych rozwi\u0105za\u0144, produkt\u00f3w, ofert wsp\u00f3\u0142pracy, potencja\u0142u i osi\u0105gni\u0119\u0107 w skondensowanej formie zach\u0119caj\u0105cej do odwiedzenia stoiska, w przestrzeni dost\u0119pnej dla wszystkich uczestnik\u00f3w.<br \/>\nStrefa Inwestora\u00a0&#8211; cz\u0119\u015b\u0107 targ\u00f3w BALTEXPO po\u015bwi\u0119cona w ca\u0142o\u015bci inwestorom i inwestycjom, a tak\u017ce kompendium wiedzy w zakresie najbardziej aktualnych lokalnych, regionalnych i ponadregionalnych inicjatyw i ofert dla potencjalnych inwestor\u00f3w, realizowanych przez samorz\u0105dy, zarz\u0105dy port\u00f3w, specjalne strefy ekonomiczne oraz inne podmioty publiczne i prywatne.<br \/>\nKonferencje i seminaria po\u015bwi\u0119cone infrastrukturze i logistyce\u00a0opartej na wykorzystaniu port\u00f3w morskich, w tym transportowi intermodalnemu, roli korytarzy TEN-T w rozwoju gospodarki morskiej, budowie infrastruktury na rzecz rozwoju logistyki i przemys\u0142\u00f3w morskich.<br \/>\nStrefa Praktyk i Pracy\u00a0&#8211; \u017ar\u00f3d\u0142o informacji dla os\u00f3b poszukuj\u0105cych zatrudnienia w licznych ga\u0142\u0119ziach gospodarki morskiej i obszarach powi\u0105zanych z gospodark\u0105 morsk\u0105 oraz zdecydowanych na podniesienie swoich kwalifikacji na wszystkich poziomach zaawansowania &#8211; zar\u00f3wno do\u015bwiadczonych pracownik\u00f3w, jak i student\u00f3w oraz absolwent\u00f3w.<br \/>\nNordic &amp; Central Europe Maritime Ties &#8211; Business Mixer\u00a0&#8211; spotkanie networkingowe najwy\u017cszych rang\u0105 przedstawicieli morskich \u015brodowisk biznesowych kraj\u00f3w Europy P\u00f3\u0142nocnej i \u015arodkowej. Strefa dyskusji na temat istniej\u0105cych i mo\u017cliwych form wsp\u00f3\u0142pracy mi\u0119dzy przedsi\u0119biorcami.<br \/>\nKonferencja po\u015bwi\u0119cona bezpiecze\u0144stwu port\u00f3w i \u017ceglugi.<\/p>\n<p>Zapraszamy do odwiedzenia naszego stoiska o numerze 2.03.\u00a0<\/p>\n<p><!-- {\"name\":\"\",\"type\":\"layout\",\"children\":[{\"name\":\"opis elektroniki\",\"type\":\"section\",\"props\":{\"width\":\"default\",\"padding\":\"none\",\"style\":\"default\",\"text_color\":\"\",\"media\":\"\",\"height_viewport\":false,\"header_overlay\":\"light\",\"animation\":\"slide-top-medium\",\"padding_remove_top\":false,\"image_size\":\"cover\",\"image\":\"\",\"image_position\":\"bottom-center\",\"image_fixed\":false,\"class\":\"\",\"overlap\":true,\"vertical_align\":\"middle\",\"title_position\":\"top-left\",\"title_rotation\":\"left\",\"title_breakpoint\":\"xl\"},\"children\":[{\"name\":\"\",\"type\":\"row\",\"props\":{\"fixed_width\":\"large\",\"breakpoint\":\"m\",\"layout\":\"1-1\"},\"children\":[{\"name\":\"\",\"type\":\"column\",\"props\":{\"widths\":[\"1-1\"],\"image_position\":\"center-center\"},\"children\":[{\"name\":\"\",\"type\":\"headline\",\"props\":{\"title_element\":\"h1\",\"content\":\"\n\n<h2>Targi BALTEXPO 2017<\\\/h2>\"}}]}]},{\"name\":\"\",\"type\":\"row\",\"props\":{\"fixed_width\":\"large\",\"breakpoint\":\"m\",\"layout\":\",,,|1-2,1-2,1-2,1-2\"},\"children\":[{\"name\":\"\",\"type\":\"column\",\"props\":{\"widths\":[\"\",\"1-2\"],\"image_position\":\"center-center\"},\"children\":[{\"name\":\"\",\"type\":\"image\",\"props\":{\"margin\":\"default\",\"image\":\"wp-content\\\/uploads\\\/t3.jpg\"}}]},{\"name\":\"\",\"type\":\"column\",\"props\":{\"widths\":[\"\",\"1-2\"],\"image_position\":\"center-center\"},\"children\":[{\"name\":\"\",\"type\":\"image\",\"props\":{\"margin\":\"default\",\"image\":\"wp-content\\\/uploads\\\/t1.jpg\"}}]},{\"name\":\"\",\"type\":\"column\",\"props\":{\"widths\":[\"\",\"1-2\"],\"image_position\":\"center-center\"},\"children\":[{\"name\":\"\",\"type\":\"image\",\"props\":{\"margin\":\"default\",\"image\":\"wp-content\\\/uploads\\\/t2.jpg\"}}]},{\"name\":\"\",\"type\":\"column\",\"props\":{\"widths\":[\"\",\"1-2\"],\"image_position\":\"center-center\"},\"children\":[{\"name\":\"\",\"type\":\"image\",\"props\":{\"margin\":\"default\",\"image\":\"wp-content\\\/uploads\\\/t4.jpg\"}}]}]},{\"name\":\"\",\"type\":\"row\",\"props\":{\"fixed_width\":\"large\",\"breakpoint\":\"m\",\"layout\":\"1-1\"},\"children\":[{\"name\":\"\",\"type\":\"column\",\"props\":{\"widths\":[\"1-1\"],\"image_position\":\"center-center\"},\"children\":[{\"name\":\"\",\"type\":\"text\",\"props\":{\"margin\":\"default\",\"column_breakpoint\":\"m\",\"content\":\"\n\n<p>\\u00a0\\u00a0\\u00a0\\u00a0\\u00a0\\u00a0\\u00a0\\u00a0\\u00a0\\u00a0\\u00a0\\u00a0\\u00a0\\u00a0\\u00a0\\u00a0\\u00a0\\u00a0\\u00a0\\u00a0\\u00a0\\u00a0\\u00a0\\u00a0\\u00a0\\u00a0\\u00a0\\u00a0\\u00a0\\u00a0\\u00a0\\u00a0\\u00a0\\u00a0\\u00a0\\u00a0\\u00a0\\u00a0\\u00a0\\u00a0\\u00a0\\u00a0\\u00a0\\u00a0\\u00a0\\u00a0\\u00a0\\u00a0\\u00a0\\u00a0 <\\\/p>\\n\n\n<p><strong>Mi\\u0119dzynarodowe Targi Morskie BALTEXPO<\\\/strong>\\u00a0to najwi\\u0119ksze w Polsce i jedno z najbardziej presti\\u017cowych w Europie wydarze\\u0144 po\\u015bwi\\u0119conych gospodarce morskiej, organizowane co dwa lata nieprzerwanie od 1982 roku.<\\\/p>\\n\n\n<p>Ka\\u017cda edycja BALTEXPO, organizowana z du\\u017cym poparciem i pod patronatem odpowiedzialnych za ten sektor gospodarki organ\\u00f3w administracji rz\\u0105dowej, samorz\\u0105d\\u00f3w i organizacji bran\\u017cowych, cieszy si\\u0119 du\\u017cym zainteresowaniem jako wydarzenie, na kt\\u00f3rym prezentowany jest dorobek i oferta przedsi\\u0119biorstw, klastr\\u00f3w oraz instytut\\u00f3w naukowo-badawczych z obszar\\u00f3w przemys\\u0142u stoczniowego; offshore; infrastruktury port\\u00f3w i przemys\\u0142u morskiego; transportu i logistyki morskiej; \\u017ceglugi; bezpiecze\\u0144stwa wybrze\\u017ca, port\\u00f3w i \\u017ceglugi oraz ochrony \\u015brodowiska.\\u00a0<strong>Targom towarzyszy bogaty program konferencji po\\u015bwi\\u0119conych tej tematyce.<\\\/strong><\\\/p>\\n\n\n<p><strong data-redactor-tag=\\\"b\\\">Tematyka targ\\u00f3w BALTEXPO 2017 obejmuje g\\u0142\\u00f3wne obszary gospodarki morskiej:<\\\/strong><\\\/p>\\n\n\n<ul>\\n\n\n<li><strong>Przemys\\u0142 okr\\u0119towy<\\\/strong><\\\/li>\\n\n\n<li><strong>Offshore<\\\/strong><\\\/li>\\n\n\n<li><strong>Infrastruktura port\\u00f3w i przemys\\u0142u morskiego<\\\/strong><\\\/li>\\n\n\n<li><strong>Logistyka w transporcie morskim<\\\/strong><\\\/li>\\n\n\n<li><strong>\\u017begluga morska i przybrze\\u017cna<\\\/strong><\\\/li>\\n\n\n<li><strong>\\u017begluga \\u015br\\u00f3dl\\u0105dowa i gospodarka wodna<\\\/strong><\\\/li>\\n\n\n<li><strong>Bezpiecze\\u0144stwo i ochrona port\\u00f3w i \\u017ceglugi<\\\/strong><\\\/li>\\n\n\n<li><strong>Ochrona \\u015brodowiska<\\\/strong><\\\/li>\\n\n\n<li><strong>Edukacja i crewing<\\\/strong><\\\/li>\\n\n\n<li><strong>Media<\\\/strong><\\\/li>\\n<\\\/ul>\\n\n\n<p><strong>W 2017 roku w\\u015br\\u00f3d najciekawszych wydarze\\u0144 towarzysz\\u0105cych odbywaj\\u0105cych si\\u0119 w ramach BALTEXPO 2017 znajd\\u0105 si\\u0119:<\\\/strong><\\\/p>\\n\n\n<ul>\\n\n\n<li><strong>Debata otwarcia\\u00a0<\\\/strong>z udzia\\u0142em ministr\\u00f3w resort\\u00f3w odpowiedzialnych za gospodark\\u0119 morsk\\u0105 z kraj\\u00f3w Basenu Morza Ba\\u0142tyckiego, po\\u015bwi\\u0119cona mi\\u0119dzynarodowym relacjom gospodarczym, narodowym specjalizacjom oraz ochronie \\u015brodowiska naturalnego.<\\\/li>\\n\n\n<li><strong>Konferencje i seminaria po\\u015bwi\\u0119cone rozwojowi przemys\\u0142u okr\\u0119towego<\\\/strong>, w tym rozwi\\u0105zaniom w obszarze tzw. green shipping oraz \\u017ceglugi bliskiego zasi\\u0119gu.<\\\/li>\\n\n\n<li><strong>Centrum Innowacji i Zaawansowanych Technologii<\\\/strong>\\u00a0- cz\\u0119\\u015b\\u0107 targ\\u00f3w BALTEXPO stwarzaj\\u0105ca mo\\u017cliwo\\u015b\\u0107 zaprezentowania najnowocze\\u015bniejszych rozwi\\u0105za\\u0144, produkt\\u00f3w, ofert wsp\\u00f3\\u0142pracy, potencja\\u0142u i osi\\u0105gni\\u0119\\u0107 w skondensowanej formie zach\\u0119caj\\u0105cej do odwiedzenia stoiska, w przestrzeni dost\\u0119pnej dla wszystkich uczestnik\\u00f3w.<\\\/li>\\n\n\n<li><strong>Strefa Inwestora<\\\/strong>\\u00a0- cz\\u0119\\u015b\\u0107 targ\\u00f3w BALTEXPO po\\u015bwi\\u0119cona w ca\\u0142o\\u015bci inwestorom i inwestycjom, a tak\\u017ce kompendium wiedzy w zakresie najbardziej aktualnych lokalnych, regionalnych i ponadregionalnych inicjatyw i ofert dla potencjalnych inwestor\\u00f3w, realizowanych przez samorz\\u0105dy, zarz\\u0105dy port\\u00f3w, specjalne strefy ekonomiczne oraz inne podmioty publiczne i prywatne.<\\\/li>\\n\n\n<li><strong>Konferencje i seminaria po\\u015bwi\\u0119cone infrastrukturze i logistyce<\\\/strong>\\u00a0opartej na wykorzystaniu port\\u00f3w morskich, w tym transportowi intermodalnemu, roli korytarzy TEN-T w rozwoju gospodarki morskiej, budowie infrastruktury na rzecz rozwoju logistyki i przemys\\u0142\\u00f3w morskich.<\\\/li>\\n\n\n<li><strong>Strefa Praktyk i Pracy<\\\/strong>\\u00a0- \\u017ar\\u00f3d\\u0142o informacji dla os\\u00f3b poszukuj\\u0105cych zatrudnienia w licznych ga\\u0142\\u0119ziach gospodarki morskiej i obszarach powi\\u0105zanych z gospodark\\u0105 morsk\\u0105 oraz zdecydowanych na podniesienie swoich kwalifikacji na wszystkich poziomach zaawansowania - zar\\u00f3wno do\\u015bwiadczonych pracownik\\u00f3w, jak i student\\u00f3w oraz absolwent\\u00f3w.<\\\/li>\\n\n\n<li><strong>Nordic &amp; Central Europe Maritime Ties - Business Mixer<\\\/strong>\\u00a0- spotkanie networkingowe najwy\\u017cszych rang\\u0105 przedstawicieli morskich \\u015brodowisk biznesowych kraj\\u00f3w Europy P\\u00f3\\u0142nocnej i \\u015arodkowej. Strefa dyskusji na temat istniej\\u0105cych i mo\\u017cliwych form wsp\\u00f3\\u0142pracy mi\\u0119dzy przedsi\\u0119biorcami.<\\\/li>\\n\n\n<li><strong>Konferencja po\\u015bwi\\u0119cona bezpiecze\\u0144stwu port\\u00f3w i \\u017ceglugi.<\\\/strong><\\\/li>\\n<\\\/ul>\\n\n\n<p>Zapraszamy do odwiedzenia naszego stoiska o numerze 2.03.\\u00a0<\\\/p>\",\"text_align\":\"justify\"}}]}]}]}]} --><\/p>\n","protected":false},"excerpt":{"rendered":"<p>Targi BALTEXPO 2017 \u00a0\u00a0\u00a0\u00a0\u00a0\u00a0\u00a0\u00a0\u00a0\u00a0\u00a0\u00a0\u00a0\u00a0\u00a0\u00a0\u00a0\u00a0\u00a0\u00a0\u00a0\u00a0\u00a0\u00a0\u00a0\u00a0\u00a0\u00a0\u00a0\u00a0\u00a0\u00a0\u00a0\u00a0\u00a0\u00a0\u00a0\u00a0\u00a0\u00a0\u00a0\u00a0\u00a0\u00a0\u00a0\u00a0\u00a0\u00a0\u00a0\u00a0 Mi\u0119dzynarodowe Targi Morskie BALTEXPO\u00a0to najwi\u0119ksze w Polsce i jedno z najbardziej presti\u017cowych w Europie wydarze\u0144 po\u015bwi\u0119conych gospodarce morskiej, organizowane co dwa lata nieprzerwanie od 1982 roku. Ka\u017cda edycja BALTEXPO, organizowana z du\u017cym poparciem i pod patronatem odpowiedzialnych za ten sektor gospodarki organ\u00f3w administracji rz\u0105dowej, samorz\u0105d\u00f3w i organizacji bran\u017cowych, cieszy si\u0119 du\u017cym [&hellip;]<\/p>\n","protected":false},"author":1,"featured_media":0,"parent":0,"menu_order":0,"comment_status":"closed","ping_status":"closed","template":"","meta":{"footnotes":""},"class_list":["post-1512","page","type-page","status-publish","hentry"],"yoast_head":"<!-- This site is optimized with the Yoast SEO plugin v27.5 - https:\/\/yoast.com\/product\/yoast-seo-wordpress\/ -->\n<title>Targi BALTEXPO 2017 - ESCORT TECHNOLOGY<\/title>\n<meta name=\"robots\" content=\"index, follow, max-snippet:-1, max-image-preview:large, max-video-preview:-1\" \/>\n<link rel=\"canonical\" href=\"https:\/\/escort-technology.com\/en\/targi-baltexpo-2017\/\" \/>\n<meta property=\"og:locale\" content=\"en_US\" \/>\n<meta property=\"og:type\" content=\"article\" \/>\n<meta property=\"og:title\" content=\"Targi BALTEXPO 2017 - ESCORT TECHNOLOGY\" \/>\n<meta property=\"og:description\" content=\"Targi BALTEXPO 2017 \u00a0\u00a0\u00a0\u00a0\u00a0\u00a0\u00a0\u00a0\u00a0\u00a0\u00a0\u00a0\u00a0\u00a0\u00a0\u00a0\u00a0\u00a0\u00a0\u00a0\u00a0\u00a0\u00a0\u00a0\u00a0\u00a0\u00a0\u00a0\u00a0\u00a0\u00a0\u00a0\u00a0\u00a0\u00a0\u00a0\u00a0\u00a0\u00a0\u00a0\u00a0\u00a0\u00a0\u00a0\u00a0\u00a0\u00a0\u00a0\u00a0\u00a0 Mi\u0119dzynarodowe Targi Morskie BALTEXPO\u00a0to najwi\u0119ksze w Polsce i jedno z najbardziej presti\u017cowych w Europie wydarze\u0144 po\u015bwi\u0119conych gospodarce morskiej, organizowane co dwa lata nieprzerwanie od 1982 roku. Ka\u017cda edycja BALTEXPO, organizowana z du\u017cym poparciem i pod patronatem odpowiedzialnych za ten sektor gospodarki organ\u00f3w administracji rz\u0105dowej, samorz\u0105d\u00f3w i organizacji bran\u017cowych, cieszy si\u0119 du\u017cym [&hellip;]\" \/>\n<meta property=\"og:url\" content=\"https:\/\/escort-technology.com\/en\/targi-baltexpo-2017\/\" \/>\n<meta property=\"og:site_name\" content=\"ESCORT TECHNOLOGY\" \/>\n<meta property=\"article:publisher\" content=\"https:\/\/www.facebook.com\/elektronika.morska\/\" \/>\n<meta property=\"article:modified_time\" content=\"2018-03-07T09:39:37+00:00\" \/>\n<meta name=\"twitter:card\" content=\"summary_large_image\" \/>\n<meta name=\"twitter:label1\" content=\"Est. reading time\" \/>\n\t<meta name=\"twitter:data1\" content=\"2 minutes\" \/>\n<script type=\"application\/ld+json\" class=\"yoast-schema-graph\">{\"@context\":\"https:\\\/\\\/schema.org\",\"@graph\":[{\"@type\":\"WebPage\",\"@id\":\"https:\\\/\\\/escort-technology.com\\\/en\\\/targi-baltexpo-2017\\\/\",\"url\":\"https:\\\/\\\/escort-technology.com\\\/en\\\/targi-baltexpo-2017\\\/\",\"name\":\"Targi BALTEXPO 2017 - ESCORT TECHNOLOGY\",\"isPartOf\":{\"@id\":\"http:\\\/\\\/escort-technology.com\\\/de\\\/#website\"},\"datePublished\":\"2018-02-28T08:50:03+00:00\",\"dateModified\":\"2018-03-07T09:39:37+00:00\",\"breadcrumb\":{\"@id\":\"https:\\\/\\\/escort-technology.com\\\/en\\\/targi-baltexpo-2017\\\/#breadcrumb\"},\"inLanguage\":\"en-US\",\"potentialAction\":[{\"@type\":\"ReadAction\",\"target\":[\"https:\\\/\\\/escort-technology.com\\\/en\\\/targi-baltexpo-2017\\\/\"]}]},{\"@type\":\"BreadcrumbList\",\"@id\":\"https:\\\/\\\/escort-technology.com\\\/en\\\/targi-baltexpo-2017\\\/#breadcrumb\",\"itemListElement\":[{\"@type\":\"ListItem\",\"position\":1,\"name\":\"Strona g\u0142\u00f3wna\",\"item\":\"https:\\\/\\\/escort-technology.com\\\/\"},{\"@type\":\"ListItem\",\"position\":2,\"name\":\"Targi BALTEXPO 2017\"}]},{\"@type\":\"WebSite\",\"@id\":\"http:\\\/\\\/escort-technology.com\\\/de\\\/#website\",\"url\":\"http:\\\/\\\/escort-technology.com\\\/de\\\/\",\"name\":\"ESCORT TECHNOLOGY\",\"description\":\"Elektronika morska i l\u0105dowa\",\"publisher\":{\"@id\":\"http:\\\/\\\/escort-technology.com\\\/de\\\/#organization\"},\"potentialAction\":[{\"@type\":\"SearchAction\",\"target\":{\"@type\":\"EntryPoint\",\"urlTemplate\":\"http:\\\/\\\/escort-technology.com\\\/de\\\/?s={search_term_string}\"},\"query-input\":{\"@type\":\"PropertyValueSpecification\",\"valueRequired\":true,\"valueName\":\"search_term_string\"}}],\"inLanguage\":\"en-US\"},{\"@type\":\"Organization\",\"@id\":\"http:\\\/\\\/escort-technology.com\\\/de\\\/#organization\",\"name\":\"ESCORT TECHNOLOGY\",\"url\":\"http:\\\/\\\/escort-technology.com\\\/de\\\/\",\"logo\":{\"@type\":\"ImageObject\",\"inLanguage\":\"en-US\",\"@id\":\"http:\\\/\\\/escort-technology.com\\\/de\\\/#\\\/schema\\\/logo\\\/image\\\/\",\"url\":\"https:\\\/\\\/escort-technology.com\\\/wp-content\\\/uploads\\\/logo-1.jpg\",\"contentUrl\":\"https:\\\/\\\/escort-technology.com\\\/wp-content\\\/uploads\\\/logo-1.jpg\",\"width\":600,\"height\":165,\"caption\":\"ESCORT TECHNOLOGY\"},\"image\":{\"@id\":\"http:\\\/\\\/escort-technology.com\\\/de\\\/#\\\/schema\\\/logo\\\/image\\\/\"},\"sameAs\":[\"https:\\\/\\\/www.facebook.com\\\/elektronika.morska\\\/\",\"https:\\\/\\\/www.linkedin.com\\\/company\\\/escort-sp-z-o-o-\\\/\"]}]}<\/script>\n<!-- \/ Yoast SEO plugin. -->","yoast_head_json":{"title":"Targi BALTEXPO 2017 - ESCORT TECHNOLOGY","robots":{"index":"index","follow":"follow","max-snippet":"max-snippet:-1","max-image-preview":"max-image-preview:large","max-video-preview":"max-video-preview:-1"},"canonical":"https:\/\/escort-technology.com\/en\/targi-baltexpo-2017\/","og_locale":"en_US","og_type":"article","og_title":"Targi BALTEXPO 2017 - ESCORT TECHNOLOGY","og_description":"Targi BALTEXPO 2017 \u00a0\u00a0\u00a0\u00a0\u00a0\u00a0\u00a0\u00a0\u00a0\u00a0\u00a0\u00a0\u00a0\u00a0\u00a0\u00a0\u00a0\u00a0\u00a0\u00a0\u00a0\u00a0\u00a0\u00a0\u00a0\u00a0\u00a0\u00a0\u00a0\u00a0\u00a0\u00a0\u00a0\u00a0\u00a0\u00a0\u00a0\u00a0\u00a0\u00a0\u00a0\u00a0\u00a0\u00a0\u00a0\u00a0\u00a0\u00a0\u00a0\u00a0 Mi\u0119dzynarodowe Targi Morskie BALTEXPO\u00a0to najwi\u0119ksze w Polsce i jedno z najbardziej presti\u017cowych w Europie wydarze\u0144 po\u015bwi\u0119conych gospodarce morskiej, organizowane co dwa lata nieprzerwanie od 1982 roku. Ka\u017cda edycja BALTEXPO, organizowana z du\u017cym poparciem i pod patronatem odpowiedzialnych za ten sektor gospodarki organ\u00f3w administracji rz\u0105dowej, samorz\u0105d\u00f3w i organizacji bran\u017cowych, cieszy si\u0119 du\u017cym [&hellip;]","og_url":"https:\/\/escort-technology.com\/en\/targi-baltexpo-2017\/","og_site_name":"ESCORT TECHNOLOGY","article_publisher":"https:\/\/www.facebook.com\/elektronika.morska\/","article_modified_time":"2018-03-07T09:39:37+00:00","twitter_card":"summary_large_image","twitter_misc":{"Est. reading time":"2 minutes"},"schema":{"@context":"https:\/\/schema.org","@graph":[{"@type":"WebPage","@id":"https:\/\/escort-technology.com\/en\/targi-baltexpo-2017\/","url":"https:\/\/escort-technology.com\/en\/targi-baltexpo-2017\/","name":"Targi BALTEXPO 2017 - ESCORT TECHNOLOGY","isPartOf":{"@id":"http:\/\/escort-technology.com\/de\/#website"},"datePublished":"2018-02-28T08:50:03+00:00","dateModified":"2018-03-07T09:39:37+00:00","breadcrumb":{"@id":"https:\/\/escort-technology.com\/en\/targi-baltexpo-2017\/#breadcrumb"},"inLanguage":"en-US","potentialAction":[{"@type":"ReadAction","target":["https:\/\/escort-technology.com\/en\/targi-baltexpo-2017\/"]}]},{"@type":"BreadcrumbList","@id":"https:\/\/escort-technology.com\/en\/targi-baltexpo-2017\/#breadcrumb","itemListElement":[{"@type":"ListItem","position":1,"name":"Strona g\u0142\u00f3wna","item":"https:\/\/escort-technology.com\/"},{"@type":"ListItem","position":2,"name":"Targi BALTEXPO 2017"}]},{"@type":"WebSite","@id":"http:\/\/escort-technology.com\/de\/#website","url":"http:\/\/escort-technology.com\/de\/","name":"ESCORT TECHNOLOGY","description":"Onshore and offshore electronics","publisher":{"@id":"http:\/\/escort-technology.com\/de\/#organization"},"potentialAction":[{"@type":"SearchAction","target":{"@type":"EntryPoint","urlTemplate":"http:\/\/escort-technology.com\/de\/?s={search_term_string}"},"query-input":{"@type":"PropertyValueSpecification","valueRequired":true,"valueName":"search_term_string"}}],"inLanguage":"en-US"},{"@type":"Organization","@id":"http:\/\/escort-technology.com\/de\/#organization","name":"ESCORT TECHNOLOGY","url":"http:\/\/escort-technology.com\/de\/","logo":{"@type":"ImageObject","inLanguage":"en-US","@id":"http:\/\/escort-technology.com\/de\/#\/schema\/logo\/image\/","url":"https:\/\/escort-technology.com\/wp-content\/uploads\/logo-1.jpg","contentUrl":"https:\/\/escort-technology.com\/wp-content\/uploads\/logo-1.jpg","width":600,"height":165,"caption":"ESCORT TECHNOLOGY"},"image":{"@id":"http:\/\/escort-technology.com\/de\/#\/schema\/logo\/image\/"},"sameAs":["https:\/\/www.facebook.com\/elektronika.morska\/","https:\/\/www.linkedin.com\/company\/escort-sp-z-o-o-\/"]}]}},"_links":{"self":[{"href":"https:\/\/escort-technology.com\/en\/wp-json\/wp\/v2\/pages\/1512","targetHints":{"allow":["GET"]}}],"collection":[{"href":"https:\/\/escort-technology.com\/en\/wp-json\/wp\/v2\/pages"}],"about":[{"href":"https:\/\/escort-technology.com\/en\/wp-json\/wp\/v2\/types\/page"}],"author":[{"embeddable":true,"href":"https:\/\/escort-technology.com\/en\/wp-json\/wp\/v2\/users\/1"}],"replies":[{"embeddable":true,"href":"https:\/\/escort-technology.com\/en\/wp-json\/wp\/v2\/comments?post=1512"}],"version-history":[{"count":4,"href":"https:\/\/escort-technology.com\/en\/wp-json\/wp\/v2\/pages\/1512\/revisions"}],"predecessor-version":[{"id":1821,"href":"https:\/\/escort-technology.com\/en\/wp-json\/wp\/v2\/pages\/1512\/revisions\/1821"}],"wp:attachment":[{"href":"https:\/\/escort-technology.com\/en\/wp-json\/wp\/v2\/media?parent=1512"}],"curies":[{"name":"wp","href":"https:\/\/api.w.org\/{rel}","templated":true}]}}