{"id":1598,"date":"2018-03-01T10:04:18","date_gmt":"2018-03-01T10:04:18","guid":{"rendered":"http:\/\/escort-technology.com\/?page_id=1598"},"modified":"2025-03-24T16:19:07","modified_gmt":"2025-03-24T15:19:07","slug":"serwis","status":"publish","type":"page","link":"https:\/\/escort-technology.com\/en\/serwis\/","title":{"rendered":"Service"},"content":{"rendered":"<h1>\n<h1 style=\"text-align: left;\">Serwis<\/h1>\n<\/h1>\n<div>\n<p>Zapewniamy kompleksow\u0105 obs\u0142ug\u0119 gwarancyjn\u0105 i pogwarancyjn\u0105 sprz\u0119tu nawigacyjnego i radiokomunikacyjnego. Oferujemy instalacj\u0119, przegl\u0105dy, naprawy oraz serwis urz\u0105dze\u0144 takich jak radary, echosondy, stacje nawigacyjne, GMDSS, kompasy, VDR, AIS, GPS, ECDIS, sonary i inne. Specjalizujemy si\u0119 w testowaniu, kalibracji i serwisie urz\u0105dze\u0144 hydrograficznych, w tym echosond jednowi\u0105zkowych, echosond wielowi\u0105zkowych, sond CTD, sonaru oraz czujnik\u00f3w ruchu. Dodatkowo zajmujemy si\u0119 serwisem i napraw\u0105 o\u015bwietlenia nawigacyjnego. Posiadamy uznanie Towarzystwa Klasyfikacyjnego <strong>PRS<\/strong> oraz wdro\u017cony System Zarz\u0105dzania Jako\u015bci\u0105 <strong>ISO 9001:2015<\/strong> i <strong>AQAP 2110:2016<\/strong>, co potwierdza nasz\u0105 wysok\u0105 jako\u015b\u0107 us\u0142ug.<\/p>\n<\/div>\n<hr>\n<div>\n<p>Zapraszamy do kontaktu:<\/p>\n<table border=\"0\" width=\"500\">\n<tbody>\n<tr>\n<td><strong>Szczecin<\/strong><\/td>\n<td>+48 91 43 10 416<\/td>\n<td><a href=\"mailto:service@escort.com.pl\">service@escort.com.pl<\/a><\/td>\n<\/tr>\n<tr>\n<td><strong>Gda\u0144sk<\/strong><\/td>\n<td>+48 58 34 18 459<\/td>\n<td><a href=\"mailto:gdansk@escort.com.pl\">gdansk@escort.com.pl<\/a><\/td>\n<\/tr>\n<tr>\n<td>\u00a0<\/td>\n<td colspan=\"2\">\u00a0<\/td>\n<\/tr>\n<\/tbody>\n<\/table>\n<\/div>\n<p><video src=\"\/wp-content\/uploads\/SERWIS.mp4\" poster=\"\"><\/video><\/p>\n<ul>\n<li>\n<p>        <img decoding=\"async\" src=\"\/wp-content\/uploads\/P1100662-scaled.jpg\" alt=\"\"><\/p>\n<\/li>\n<li>\n<p>        <img decoding=\"async\" src=\"\/wp-content\/uploads\/Stary_7.jpg\" alt=\"\"><\/p>\n<\/li>\n<li>\n<p>        <img decoding=\"async\" src=\"\/wp-content\/uploads\/IMG_4275-scaled.jpg\" alt=\"\"><\/p>\n<\/li>\n<li>\n<p>        <img decoding=\"async\" src=\"\/wp-content\/uploads\/24092012237.jpg\" alt=\"\"><\/p>\n<\/li>\n<li>\n<p>        <img decoding=\"async\" src=\"\/wp-content\/uploads\/ST_01.jpg\" alt=\"\"><\/p>\n<\/li>\n<li>\n<p>        <img decoding=\"async\" src=\"\/wp-content\/uploads\/20151106_100908-scaled.jpg\" alt=\"\"><\/p>\n<\/li>\n<li>\n<p>        <img decoding=\"async\" src=\"\/wp-content\/uploads\/2012-11-02-10.41.46.jpg\" alt=\"\"><\/p>\n<\/li>\n<li>\n<p>        <img decoding=\"async\" src=\"\/wp-content\/uploads\/20190701_143601-scaled.jpg\" alt=\"\"><\/p>\n<\/li>\n<li>\n<p>        <img decoding=\"async\" src=\"\/wp-content\/uploads\/IMG_20170714_203246-scaled.jpg\" alt=\"\"><\/p>\n<\/li>\n<\/ul>\n<p><!--more--><br \/>\n<!-- {\"type\":\"layout\",\"children\":[{\"name\":\"sprzedaz\",\"type\":\"section\",\"props\":{\"animation\":\"slide-top-medium\",\"image_position\":\"center-center\",\"image_size\":\"cover\",\"overlap\":false,\"padding\":\"xsmall\",\"padding_remove_top\":false,\"style\":\"default\",\"title_breakpoint\":\"xl\",\"title_position\":\"top-left\",\"title_rotation\":\"left\",\"vertical_align\":\"middle\",\"width\":\"large\"},\"children\":[{\"type\":\"row\",\"props\":{\"width\":\"xlarge\"},\"children\":[{\"type\":\"column\",\"props\":{\"image_position\":\"center-center\",\"position_sticky_breakpoint\":\"m\",\"width_medium\":\"1-1\"},\"children\":[{\"type\":\"headline\",\"props\":{\"content\":\"\n\n<h1 style=\\\"text-align: left;\\\">Serwis<\\\/h1>\",\"title_decoration\":\"line\",\"title_element\":\"h1\"}}]}]},{\"type\":\"row\",\"props\":{\"layout\":\"1-2,1-2\"},\"children\":[{\"type\":\"column\",\"props\":{\"image_position\":\"center-center\",\"position_sticky_breakpoint\":\"m\",\"width_medium\":\"1-2\"},\"children\":[{\"type\":\"text\",\"props\":{\"column_breakpoint\":\"m\",\"content\":\"\n\n<p>Zapewniamy kompleksow\\u0105 obs\\u0142ug\\u0119 gwarancyjn\\u0105 i pogwarancyjn\\u0105 sprz\\u0119tu nawigacyjnego i radiokomunikacyjnego. Oferujemy instalacj\\u0119, przegl\\u0105dy, naprawy oraz serwis urz\\u0105dze\\u0144 takich jak radary, echosondy, stacje nawigacyjne, GMDSS, kompasy, VDR, AIS, GPS, ECDIS, sonary i inne. Specjalizujemy si\\u0119 w testowaniu, kalibracji i serwisie urz\\u0105dze\\u0144 hydrograficznych, w tym echosond jednowi\\u0105zkowych, echosond wielowi\\u0105zkowych, sond CTD, sonaru oraz czujnik\\u00f3w ruchu. Dodatkowo zajmujemy si\\u0119 serwisem i napraw\\u0105 o\\u015bwietlenia nawigacyjnego. Posiadamy uznanie Towarzystwa Klasyfikacyjnego <strong>PRS<\\\/strong> oraz wdro\\u017cony System Zarz\\u0105dzania Jako\\u015bci\\u0105 <strong>ISO 9001:2015<\\\/strong> i <strong>AQAP 2110:2016<\\\/strong>, co potwierdza nasz\\u0105 wysok\\u0105 jako\\u015b\\u0107 us\\u0142ug.<\\\/p>\",\"margin\":\"default\",\"text_align\":\"justify\"}},{\"type\":\"divider\",\"props\":{\"divider_element\":\"hr\"}},{\"type\":\"text\",\"props\":{\"column_breakpoint\":\"m\",\"content\":\"\n\n<p>Zapraszamy do kontaktu:<\\\/p>\\n\n\n<table border=\\\"0\\\" width=\\\"500\\\">\\n\n\n<tbody>\\n\n\n<tr>\\n\n\n<td><strong>Szczecin<\\\/strong><\\\/td>\\n\n\n<td>+48 91 43 10 416<\\\/td>\\n\n\n<td><a href=\\\"mailto:service@escort.com.pl\\\">service@escort.com.pl<\\\/a><\\\/td>\\n<\\\/tr>\\n\n\n<tr>\\n\n\n<td><strong>Gda\\u0144sk<\\\/strong><\\\/td>\\n\n\n<td>+48 58 34 18 459<\\\/td>\\n\n\n<td><a href=\\\"mailto:gdansk@escort.com.pl\\\">gdansk@escort.com.pl<\\\/a><\\\/td>\\n<\\\/tr>\\n\n\n<tr>\\n\n\n<td>\\u00a0<\\\/td>\\n\n\n<td colspan=\\\"2\\\">\\u00a0<\\\/td>\\n<\\\/tr>\\n<\\\/tbody>\\n<\\\/table>\",\"margin\":\"default\"}}]},{\"type\":\"column\",\"props\":{\"image_position\":\"center-center\",\"position_sticky_breakpoint\":\"m\",\"width_medium\":\"1-2\"},\"children\":[{\"type\":\"video\",\"props\":{\"margin\":\"default\",\"video\":\"wp-content\\\/uploads\\\/SERWIS.mp4\",\"video_autoplay\":true,\"video_controls\":false,\"video_loop\":true}},{\"type\":\"slideshow\",\"props\":{\"link_style\":\"default\",\"link_text\":\"Read more\",\"margin\":\"default\",\"meta_align\":\"below-title\",\"meta_element\":\"div\",\"meta_style\":\"text-meta\",\"nav\":\"dotnav\",\"nav_align\":\"center\",\"nav_breakpoint\":\"s\",\"nav_position\":\"bottom-center\",\"nav_position_margin\":\"medium\",\"overlay_animation\":\"parallax\",\"overlay_position\":\"center-left\",\"show_content\":true,\"show_link\":true,\"show_meta\":true,\"show_thumbnail\":true,\"show_title\":true,\"slidenav\":\"default\",\"slidenav_breakpoint\":\"s\",\"slidenav_margin\":\"medium\",\"slidenav_outside_breakpoint\":\"xl\",\"slideshow_autoplay\":true,\"slideshow_autoplay_interval\":5,\"slideshow_autoplay_pause\":false,\"slideshow_min_height\":300,\"slideshow_velocity\":0.2,\"thumbnav_height\":\"75\",\"thumbnav_svg_color\":\"emphasis\",\"thumbnav_width\":\"100\",\"title_element\":\"h3\"},\"children\":[{\"type\":\"slideshow_item\",\"props\":{\"image\":\"wp-content\\\/uploads\\\/P1100662-scaled.jpg\"}},{\"type\":\"slideshow_item\",\"props\":{\"image\":\"wp-content\\\/uploads\\\/Stary_7.jpg\",\"title\":\"\"}},{\"type\":\"slideshow_item\",\"props\":{\"image\":\"wp-content\\\/uploads\\\/IMG_4275-scaled.jpg\",\"title\":\"\"}},{\"type\":\"slideshow_item\",\"props\":{\"image\":\"wp-content\\\/uploads\\\/24092012237.jpg\",\"title\":\"\"}},{\"type\":\"slideshow_item\",\"props\":{\"image\":\"wp-content\\\/uploads\\\/ST_01.jpg\",\"title\":\"\"}},{\"type\":\"slideshow_item\",\"props\":{\"image\":\"wp-content\\\/uploads\\\/20151106_100908-scaled.jpg\",\"title\":\"\"}},{\"type\":\"slideshow_item\",\"props\":{\"image\":\"wp-content\\\/uploads\\\/2012-11-02-10.41.46.jpg\",\"title\":\"\"}},{\"type\":\"slideshow_item\",\"props\":{\"image\":\"wp-content\\\/uploads\\\/20190701_143601-scaled.jpg\",\"title\":\"\"}},{\"type\":\"slideshow_item\",\"props\":{\"image\":\"wp-content\\\/uploads\\\/IMG_20170714_203246-scaled.jpg\"}}]}]}]}]}],\"version\":\"4.0.13\"} --><\/p>\n","protected":false},"excerpt":{"rendered":"<p>Serwis Zapewniamy kompleksow\u0105 obs\u0142ug\u0119 gwarancyjn\u0105 i pogwarancyjn\u0105 sprz\u0119tu nawigacyjnego i radiokomunikacyjnego. Oferujemy instalacj\u0119, przegl\u0105dy, naprawy oraz serwis urz\u0105dze\u0144 takich jak radary, echosondy, stacje nawigacyjne, GMDSS, kompasy, VDR, AIS, GPS, ECDIS, sonary i inne. Specjalizujemy si\u0119 w testowaniu, kalibracji i serwisie urz\u0105dze\u0144 hydrograficznych, w tym echosond jednowi\u0105zkowych, echosond wielowi\u0105zkowych, sond CTD, sonaru oraz czujnik\u00f3w ruchu. Dodatkowo [&hellip;]<\/p>\n","protected":false},"author":1,"featured_media":0,"parent":0,"menu_order":0,"comment_status":"closed","ping_status":"closed","template":"","meta":{"footnotes":""},"class_list":["post-1598","page","type-page","status-publish","hentry"],"yoast_head":"<!-- This site is optimized with the Yoast SEO plugin v27.5 - https:\/\/yoast.com\/product\/yoast-seo-wordpress\/ -->\n<title>Serwis elektroniki morskiej oferowanej przez firm\u0119 Escort<\/title>\n<meta name=\"description\" content=\"Oferujemy serwis gwarancyjny i pogwarancyjny elektroniki okr\u0119towej oraz jachtowej, a tak\u017ce urz\u0105dze\u0144 radiokomunikacyjnych. Szczeg\u00f3\u0142y dost\u0119pne na naszej stronie!\" \/>\n<meta name=\"robots\" content=\"index, follow, max-snippet:-1, max-image-preview:large, max-video-preview:-1\" \/>\n<link rel=\"canonical\" href=\"https:\/\/escort-technology.com\/en\/serwis\/\" \/>\n<meta property=\"og:locale\" content=\"en_US\" \/>\n<meta property=\"og:type\" content=\"article\" \/>\n<meta property=\"og:title\" content=\"Serwis elektroniki morskiej oferowanej przez firm\u0119 Escort\" \/>\n<meta property=\"og:description\" content=\"Oferujemy serwis gwarancyjny i pogwarancyjny elektroniki okr\u0119towej oraz jachtowej, a tak\u017ce urz\u0105dze\u0144 radiokomunikacyjnych. Szczeg\u00f3\u0142y dost\u0119pne na naszej stronie!\" \/>\n<meta property=\"og:url\" content=\"https:\/\/escort-technology.com\/en\/serwis\/\" \/>\n<meta property=\"og:site_name\" content=\"ESCORT TECHNOLOGY\" \/>\n<meta property=\"article:publisher\" content=\"https:\/\/www.facebook.com\/elektronika.morska\/\" \/>\n<meta property=\"article:modified_time\" content=\"2025-03-24T15:19:07+00:00\" \/>\n<meta name=\"twitter:card\" content=\"summary_large_image\" \/>\n<meta name=\"twitter:label1\" content=\"Est. reading time\" \/>\n\t<meta name=\"twitter:data1\" content=\"1 minute\" \/>\n<script type=\"application\/ld+json\" class=\"yoast-schema-graph\">{\"@context\":\"https:\\\/\\\/schema.org\",\"@graph\":[{\"@type\":\"WebPage\",\"@id\":\"https:\\\/\\\/escort-technology.com\\\/serwis\\\/\",\"url\":\"https:\\\/\\\/escort-technology.com\\\/serwis\\\/\",\"name\":\"Serwis elektroniki morskiej oferowanej przez firm\u0119 Escort\",\"isPartOf\":{\"@id\":\"http:\\\/\\\/escort-technology.com\\\/de\\\/#website\"},\"datePublished\":\"2018-03-01T10:04:18+00:00\",\"dateModified\":\"2025-03-24T15:19:07+00:00\",\"description\":\"Oferujemy serwis gwarancyjny i pogwarancyjny elektroniki okr\u0119towej oraz jachtowej, a tak\u017ce urz\u0105dze\u0144 radiokomunikacyjnych. Szczeg\u00f3\u0142y dost\u0119pne na naszej stronie!\",\"breadcrumb\":{\"@id\":\"https:\\\/\\\/escort-technology.com\\\/serwis\\\/#breadcrumb\"},\"inLanguage\":\"en-US\",\"potentialAction\":[{\"@type\":\"ReadAction\",\"target\":[\"https:\\\/\\\/escort-technology.com\\\/serwis\\\/\"]}]},{\"@type\":\"BreadcrumbList\",\"@id\":\"https:\\\/\\\/escort-technology.com\\\/serwis\\\/#breadcrumb\",\"itemListElement\":[{\"@type\":\"ListItem\",\"position\":1,\"name\":\"Strona g\u0142\u00f3wna\",\"item\":\"https:\\\/\\\/escort-technology.com\\\/\"},{\"@type\":\"ListItem\",\"position\":2,\"name\":\"Serwis\"}]},{\"@type\":\"WebSite\",\"@id\":\"http:\\\/\\\/escort-technology.com\\\/de\\\/#website\",\"url\":\"http:\\\/\\\/escort-technology.com\\\/de\\\/\",\"name\":\"ESCORT TECHNOLOGY\",\"description\":\"Elektronika morska i l\u0105dowa\",\"publisher\":{\"@id\":\"http:\\\/\\\/escort-technology.com\\\/de\\\/#organization\"},\"potentialAction\":[{\"@type\":\"SearchAction\",\"target\":{\"@type\":\"EntryPoint\",\"urlTemplate\":\"http:\\\/\\\/escort-technology.com\\\/de\\\/?s={search_term_string}\"},\"query-input\":{\"@type\":\"PropertyValueSpecification\",\"valueRequired\":true,\"valueName\":\"search_term_string\"}}],\"inLanguage\":\"en-US\"},{\"@type\":\"Organization\",\"@id\":\"http:\\\/\\\/escort-technology.com\\\/de\\\/#organization\",\"name\":\"ESCORT TECHNOLOGY\",\"url\":\"http:\\\/\\\/escort-technology.com\\\/de\\\/\",\"logo\":{\"@type\":\"ImageObject\",\"inLanguage\":\"en-US\",\"@id\":\"http:\\\/\\\/escort-technology.com\\\/de\\\/#\\\/schema\\\/logo\\\/image\\\/\",\"url\":\"https:\\\/\\\/escort-technology.com\\\/wp-content\\\/uploads\\\/logo-1.jpg\",\"contentUrl\":\"https:\\\/\\\/escort-technology.com\\\/wp-content\\\/uploads\\\/logo-1.jpg\",\"width\":600,\"height\":165,\"caption\":\"ESCORT TECHNOLOGY\"},\"image\":{\"@id\":\"http:\\\/\\\/escort-technology.com\\\/de\\\/#\\\/schema\\\/logo\\\/image\\\/\"},\"sameAs\":[\"https:\\\/\\\/www.facebook.com\\\/elektronika.morska\\\/\",\"https:\\\/\\\/www.linkedin.com\\\/company\\\/escort-sp-z-o-o-\\\/\"]}]}<\/script>\n<!-- \/ Yoast SEO plugin. -->","yoast_head_json":{"title":"Serwis elektroniki morskiej oferowanej przez firm\u0119 Escort","description":"Oferujemy serwis gwarancyjny i pogwarancyjny elektroniki okr\u0119towej oraz jachtowej, a tak\u017ce urz\u0105dze\u0144 radiokomunikacyjnych. Szczeg\u00f3\u0142y dost\u0119pne na naszej stronie!","robots":{"index":"index","follow":"follow","max-snippet":"max-snippet:-1","max-image-preview":"max-image-preview:large","max-video-preview":"max-video-preview:-1"},"canonical":"https:\/\/escort-technology.com\/en\/serwis\/","og_locale":"en_US","og_type":"article","og_title":"Serwis elektroniki morskiej oferowanej przez firm\u0119 Escort","og_description":"Oferujemy serwis gwarancyjny i pogwarancyjny elektroniki okr\u0119towej oraz jachtowej, a tak\u017ce urz\u0105dze\u0144 radiokomunikacyjnych. Szczeg\u00f3\u0142y dost\u0119pne na naszej stronie!","og_url":"https:\/\/escort-technology.com\/en\/serwis\/","og_site_name":"ESCORT TECHNOLOGY","article_publisher":"https:\/\/www.facebook.com\/elektronika.morska\/","article_modified_time":"2025-03-24T15:19:07+00:00","twitter_card":"summary_large_image","twitter_misc":{"Est. reading time":"1 minute"},"schema":{"@context":"https:\/\/schema.org","@graph":[{"@type":"WebPage","@id":"https:\/\/escort-technology.com\/serwis\/","url":"https:\/\/escort-technology.com\/serwis\/","name":"Serwis elektroniki morskiej oferowanej przez firm\u0119 Escort","isPartOf":{"@id":"http:\/\/escort-technology.com\/de\/#website"},"datePublished":"2018-03-01T10:04:18+00:00","dateModified":"2025-03-24T15:19:07+00:00","description":"Oferujemy serwis gwarancyjny i pogwarancyjny elektroniki okr\u0119towej oraz jachtowej, a tak\u017ce urz\u0105dze\u0144 radiokomunikacyjnych. Szczeg\u00f3\u0142y dost\u0119pne na naszej stronie!","breadcrumb":{"@id":"https:\/\/escort-technology.com\/serwis\/#breadcrumb"},"inLanguage":"en-US","potentialAction":[{"@type":"ReadAction","target":["https:\/\/escort-technology.com\/serwis\/"]}]},{"@type":"BreadcrumbList","@id":"https:\/\/escort-technology.com\/serwis\/#breadcrumb","itemListElement":[{"@type":"ListItem","position":1,"name":"Strona g\u0142\u00f3wna","item":"https:\/\/escort-technology.com\/"},{"@type":"ListItem","position":2,"name":"Serwis"}]},{"@type":"WebSite","@id":"http:\/\/escort-technology.com\/de\/#website","url":"http:\/\/escort-technology.com\/de\/","name":"ESCORT TECHNOLOGY","description":"Onshore and offshore electronics","publisher":{"@id":"http:\/\/escort-technology.com\/de\/#organization"},"potentialAction":[{"@type":"SearchAction","target":{"@type":"EntryPoint","urlTemplate":"http:\/\/escort-technology.com\/de\/?s={search_term_string}"},"query-input":{"@type":"PropertyValueSpecification","valueRequired":true,"valueName":"search_term_string"}}],"inLanguage":"en-US"},{"@type":"Organization","@id":"http:\/\/escort-technology.com\/de\/#organization","name":"ESCORT TECHNOLOGY","url":"http:\/\/escort-technology.com\/de\/","logo":{"@type":"ImageObject","inLanguage":"en-US","@id":"http:\/\/escort-technology.com\/de\/#\/schema\/logo\/image\/","url":"https:\/\/escort-technology.com\/wp-content\/uploads\/logo-1.jpg","contentUrl":"https:\/\/escort-technology.com\/wp-content\/uploads\/logo-1.jpg","width":600,"height":165,"caption":"ESCORT TECHNOLOGY"},"image":{"@id":"http:\/\/escort-technology.com\/de\/#\/schema\/logo\/image\/"},"sameAs":["https:\/\/www.facebook.com\/elektronika.morska\/","https:\/\/www.linkedin.com\/company\/escort-sp-z-o-o-\/"]}]}},"_links":{"self":[{"href":"https:\/\/escort-technology.com\/en\/wp-json\/wp\/v2\/pages\/1598","targetHints":{"allow":["GET"]}}],"collection":[{"href":"https:\/\/escort-technology.com\/en\/wp-json\/wp\/v2\/pages"}],"about":[{"href":"https:\/\/escort-technology.com\/en\/wp-json\/wp\/v2\/types\/page"}],"author":[{"embeddable":true,"href":"https:\/\/escort-technology.com\/en\/wp-json\/wp\/v2\/users\/1"}],"replies":[{"embeddable":true,"href":"https:\/\/escort-technology.com\/en\/wp-json\/wp\/v2\/comments?post=1598"}],"version-history":[{"count":41,"href":"https:\/\/escort-technology.com\/en\/wp-json\/wp\/v2\/pages\/1598\/revisions"}],"predecessor-version":[{"id":14532,"href":"https:\/\/escort-technology.com\/en\/wp-json\/wp\/v2\/pages\/1598\/revisions\/14532"}],"wp:attachment":[{"href":"https:\/\/escort-technology.com\/en\/wp-json\/wp\/v2\/media?parent=1598"}],"curies":[{"name":"wp","href":"https:\/\/api.w.org\/{rel}","templated":true}]}}