{"id":188,"date":"2017-12-20T22:11:19","date_gmt":"2017-12-20T22:11:19","guid":{"rendered":"http:\/\/escort-technology.com\/?page_id=188"},"modified":"2025-09-12T16:14:20","modified_gmt":"2025-09-12T14:14:20","slug":"oferty-pracy","status":"publish","type":"page","link":"https:\/\/escort-technology.com\/en\/oferty-pracy\/","title":{"rendered":"Job offers"},"content":{"rendered":"<h1>Oferty pracy<\/h1>\n<div>\n<p style=\"text-align: justify;\"><strong>ESCORT Technology Sp. z o.o. <\/strong> to firma dzia\u0142aj\u0105ca na Polskim rynku od 30 lat. Ca\u0142y okres dzia\u0142ania firmy to sta\u0142y wzrost sprzeda\u017cy produkt\u00f3w i us\u0142ug oraz ci\u0105g\u0142y rozw\u00f3j. Profesjonalna i do\u015bwiadczona kadra pracownicza oraz indywidualne podej\u015bcie do ka\u017cdego klienta w znacznym stopniu przyczyniaj\u0105 si\u0119 do dynamicznego rozwoju sp\u00f3\u0142ki. Jeste\u015bmy autoryzowanym dystrybutorem \u015bwiatowych lider\u00f3w w bran\u017cy elektroniki morskiej, hydroakustyki i monitoringu podwodnego. Prowadzimy autoryzowane szkolenia z wykorzystania i obs\u0142ugi produkt\u00f3w takich firm jak Kongsberg, QPS, MacArtney i wiele innych. Posiadamy w\u0142asny serwis, a naszym klientom udzielamy pe\u0142nego wsparcia technicznego.<\/p>\n<p style=\"text-align: justify;\">Dok\u0142adamy wszelkich stara\u0144, aby jako\u015b\u0107 naszych us\u0142ug by\u0142a na najwy\u017cszym poziomie.<\/p>\n<p style=\"text-align: justify;\">Nasz zesp\u00f3\u0142 to m\u0142odzi ludzie o ponadprzeci\u0119tnych kwalifikacjach, pasji oraz zami\u0142owaniu, do tego co robi\u0105.<br \/>Je\u015bli chcesz do\u0142\u0105czy\u0107 do naszego zespo\u0142u prze\u015blij aplikacje zawieraj\u0105c\u0105 CV i list motywacyjny w j\u0119zyku polskim lub angielskim\u00a0 na adres e-mail: <a href=\"mailto:rekrutacja@escort.com.pl\">rekrutacja@escort.com.pl<\/a><\/p>\n<p style=\"text-align: justify;\">Skontaktujemy si\u0119 z wybranymi kandydatami. Prosimy o zapoznanie si\u0119 z ofert\u0105 naszej firmy.<\/p>\n<\/div>\n<h1>\n<h2>Specjalista elektronik \/ Specjalista elektryk<\/h2>\n<h2><\/h2>\n<\/h1>\n<div>\n<p>Firma Escort Technology Sp. z o.o. poszukuje pracownika do dzia\u0142u serwisu w Szczecinie.<\/p>\n<p><strong>Lokalizacja bazowa:<\/strong> Szczecin i okolice + wyjazdy krajowe i zagraniczne.<br \/><strong>Zatrudnienie:<\/strong> Umowa o prac\u0119 \/ B2B<br \/><strong>Wynagrodzenie:<\/strong> Od 7.000 z\u0142 brutto wzwy\u017c<\/p>\n<\/p>\n<p><strong>Wymagania:<\/strong><\/p>\n<ul>\n<li>Wykszta\u0142cenie minimum \u015brednie techniczne (elektronika, elektryka, automatyka, mechatronika),<\/li>\n<li>Umiej\u0119tno\u015bci manualne potrzebne przy monta\u017cach urz\u0105dze\u0144 elektronicznych i elektrycznych,<\/li>\n<li>Znajomo\u015b\u0107 podstaw elektroniki, elektryki, mechaniki i informatyki,<\/li>\n<li>Obs\u0142uga podstawowych narz\u0119dzi pomiarowych (multimetr, oscyloskop, mierniki c\u0119gowe, tester sieci),<\/li>\n<li>Umiej\u0119tno\u015b\u0107\u00a0lutowanie, naprawy p\u0142yt PCB, wymiana podzespo\u0142\u00f3w,<\/li>\n<li>Umiej\u0119tno\u015b\u0107 wykonywania okablowania, instalacji, \u0142\u0105czenia komponent\u00f3w,<\/li>\n<li>Znajomo\u015b\u0107 j. angielskiego na poziomie komunikatywnym,<\/li>\n<li>Umiej\u0119tno\u015b\u0107 czytania dokumentacji technicznej i serwisowej,<\/li>\n<li>Umiej\u0119tno\u015b\u0107 pracy samodzielnej i w zespole, gotowo\u015b\u0107 do wyjazd\u00f3w zagranicznych,<\/li>\n<li>Dyspozycyjno\u015b\u0107, komunikatywno\u015b\u0107, sumienno\u015b\u0107, punktualno\u015b\u0107, konsekwencja w d\u0105\u017ceniu do wyznaczonego celu,<\/li>\n<li>Prawo jazdy kat. B.<\/li>\n<\/ul>\n<p><strong>Firma zapewnia:<\/strong><\/p>\n<ul>\n<li>Atrakcyjne wynagrodzenie adekwatne do do\u015bwiadczenia, kwalifikacji zawodowych \u00a0i \u00a0zaanga\u017cowania,<\/li>\n<li>Stabilne \u015brodowisko pracy- zatrudnienie na podstawie umowy o prac\u0119 na czas nieokre\u015blony,<\/li>\n<li>Szkolenia zagraniczne u producent\u00f3w urz\u0105dze\u0144,<\/li>\n<li>Ciekaw\u0105 prac\u0119 nad powstaj\u0105cymi w firmie nowymi systemami elektronicznymi,<\/li>\n<li>Kontakt z najnowszymi technologiami w zakresie urz\u0105dze\u0144 nawigacyjnych oraz system\u00f3w s\u0142u\u017c\u0105cych do prowadzenia r\u00f3\u017cnego typu bada\u0144 podwodnych,<\/li>\n<li>Bogate mo\u017cliwo\u015bci rozwoju, przyjazn\u0105 atmosfer\u0119 pracy.<\/li>\n<\/ul>\n<p>Osoby zainteresowane og\u0142oszeniem prosimy o z\u0142o\u017cenie aplikacji osobi\u015bcie lub przes\u0142anie na adres e-mail: <a href=\"mailto:rekrutacja@escort.com.pl\">rekrutacja@escort.com.pl<\/a><\/p>\n<p>Skontaktujemy si\u0119 tylko z wybranymi kandydatami. Prosimy o zapoznanie si\u0119 z ofert\u0105 naszej firmy.<\/p>\n<\/div>\n<div>\n<p><strong>Kontakt:<\/strong><\/p>\n<p>Escort Technology Sp. z o.o.<br \/>Gen. Dezyderego Ch\u0142apowskiego 8<br \/>70-103 Szczecin<br \/>tel.: 91 4310408 \/ 91 4310418<br \/>tel. centrala: +48 91 4310400<br \/>fax.: +48 91 482 4777<\/p>\n<p style=\"text-align: justify;\"><em>Prosimy o dopisanie klauzuli: Wyra\u017cam zgod\u0119 na przetwarzanie moich danych osobowych zawartych w niniejszej ofercie pracy dla potrzeb niezb\u0119dnych do realizacji obecnego procesu rekrutacji oraz przysz\u0142ych proces\u00f3w rekrutacyjnych prowadzonych przez Escort Technology Sp. z o.o., zgodnie z postanowieniami Ustawy z dnia 29.08.1997 roku o Ochronie Danych Osobowych (tekst jednolity: Dz. U. z 2002 r. Nr 101, poz. 926 ze zm.). Przekazuj\u0119 moje dane dobrowolnie maj\u0105c \u015bwiadomo\u015b\u0107, \u017ce w ka\u017cdej chwili przys\u0142uguje mi prawo do ich wgl\u0105du oraz poprawiania lub ca\u0142kowitego usuni\u0119cia. \u017b\u0105danie usuni\u0119cia danych oznacza rezygnacj\u0119 z dalszego udzia\u0142u w procesach rekrutacyjnych i spowoduje niezw\u0142oczne usuni\u0119cie moich danych.&#8221;<\/p>\n<p><\/em><\/p>\n<p><strong>Zapraszamy serdecznie !<\/strong><\/p>\n<\/div>\n<p><!--more--><br \/>\n<!-- {\"type\":\"layout\",\"children\":[{\"name\":\"2\",\"type\":\"section\",\"props\":{\"animation\":\"slide-top-medium\",\"header_overlay\":\"light\",\"height_viewport\":false,\"image_fixed\":false,\"image_position\":\"bottom-center\",\"image_size\":\"cover\",\"overlap\":true,\"padding\":\"xsmall\",\"padding_remove_bottom\":true,\"padding_remove_top\":true,\"style\":\"default\",\"title_breakpoint\":\"xl\",\"title_position\":\"top-left\",\"title_rotation\":\"left\",\"vertical_align\":\"middle\",\"width\":\"large\"},\"children\":[{\"type\":\"row\",\"props\":{\"column_gap\":\"large\",\"margin\":\"large\",\"row_gap\":\"large\",\"vertical_align\":true},\"children\":[{\"type\":\"column\",\"props\":{\"image_position\":\"center-center\",\"position_sticky_breakpoint\":\"m\",\"vertical_align\":\"middle\",\"width_medium\":\"1-1\"},\"children\":[{\"type\":\"headline\",\"props\":{\"content\":\"Oferty pracy\",\"title_element\":\"h1\"}}]}]},{\"type\":\"row\",\"children\":[{\"type\":\"column\",\"props\":{\"image_position\":\"center-center\",\"position_sticky_breakpoint\":\"m\",\"width_medium\":\"1-1\"},\"children\":[{\"type\":\"text\",\"props\":{\"column_breakpoint\":\"m\",\"content\":\"\n\n<p style=\\\"text-align: justify;\\\"><strong>ESCORT Technology Sp. z o.o. <\\\/strong> to firma dzia\\u0142aj\\u0105ca na Polskim rynku od 30 lat. Ca\\u0142y okres dzia\\u0142ania firmy to sta\\u0142y wzrost sprzeda\\u017cy produkt\\u00f3w i us\\u0142ug oraz ci\\u0105g\\u0142y rozw\\u00f3j. Profesjonalna i do\\u015bwiadczona kadra pracownicza oraz indywidualne podej\\u015bcie do ka\\u017cdego klienta w znacznym stopniu przyczyniaj\\u0105 si\\u0119 do dynamicznego rozwoju sp\\u00f3\\u0142ki. Jeste\\u015bmy autoryzowanym dystrybutorem \\u015bwiatowych lider\\u00f3w w bran\\u017cy elektroniki morskiej, hydroakustyki i monitoringu podwodnego. Prowadzimy autoryzowane szkolenia z wykorzystania i obs\\u0142ugi produkt\\u00f3w takich firm jak Kongsberg, QPS, MacArtney i wiele innych. Posiadamy w\\u0142asny serwis, a naszym klientom udzielamy pe\\u0142nego wsparcia technicznego.<\\\/p>\\n\n\n<p style=\\\"text-align: justify;\\\">Dok\\u0142adamy wszelkich stara\\u0144, aby jako\\u015b\\u0107 naszych us\\u0142ug by\\u0142a na najwy\\u017cszym poziomie.<\\\/p>\\n\n\n<p style=\\\"text-align: justify;\\\">Nasz zesp\\u00f3\\u0142 to m\\u0142odzi ludzie o ponadprzeci\\u0119tnych kwalifikacjach, pasji oraz zami\\u0142owaniu, do tego co robi\\u0105.<br \\\/>Je\\u015bli chcesz do\\u0142\\u0105czy\\u0107 do naszego zespo\\u0142u prze\\u015blij aplikacje zawieraj\\u0105c\\u0105 CV i list motywacyjny w j\\u0119zyku polskim lub angielskim\\u00a0 na adres e-mail: <a href=\\\"mailto:rekrutacja@escort.com.pl\\\">rekrutacja@escort.com.pl<\\\/a><\\\/p>\\n\n\n<p style=\\\"text-align: justify;\\\">Skontaktujemy si\\u0119 z wybranymi kandydatami. Prosimy o zapoznanie si\\u0119 z ofert\\u0105 naszej firmy.<\\\/p>\",\"margin\":\"default\"}}]}]},{\"type\":\"row\",\"children\":[{\"type\":\"column\",\"props\":{\"image_position\":\"center-center\",\"position_sticky_breakpoint\":\"m\"},\"children\":[{\"type\":\"headline\",\"props\":{\"content\":\"\n\n<h2>Specjalista elektronik \\\/ Specjalista elektryk<\\\/h2>\\n\n\n<h2><\\\/h2>\",\"title_element\":\"h1\"}}]}]},{\"type\":\"row\",\"children\":[{\"type\":\"column\",\"props\":{\"image_position\":\"center-center\",\"position_sticky_breakpoint\":\"m\"},\"children\":[{\"type\":\"text\",\"props\":{\"column_breakpoint\":\"m\",\"content\":\"\n\n<p>Firma Escort Technology Sp. z o.o. poszukuje pracownika do dzia\\u0142u serwisu w Szczecinie.<\\\/p>\\n\n\n<p><strong>Lokalizacja bazowa:<\\\/strong> Szczecin i okolice + wyjazdy krajowe i zagraniczne.<br \\\/><strong>Zatrudnienie:<\\\/strong> Umowa o prac\\u0119 \\\/ B2B<br \\\/><strong>Wynagrodzenie:<\\\/strong> Od 7.000 z\\u0142 brutto wzwy\\u017c<\\\/p>\\n\n\n<p><\\\/p>\\n\n\n<p><strong>Wymagania:<\\\/strong><\\\/p>\\n\n\n<ul>\\n\n\n<li>Wykszta\\u0142cenie minimum \\u015brednie techniczne (elektronika, elektryka, automatyka, mechatronika),<\\\/li>\\n\n\n<li>Umiej\\u0119tno\\u015bci manualne potrzebne przy monta\\u017cach urz\\u0105dze\\u0144 elektronicznych i elektrycznych,<\\\/li>\\n\n\n<li>Znajomo\\u015b\\u0107 podstaw elektroniki, elektryki, mechaniki i informatyki,<\\\/li>\\n\n\n<li>Obs\\u0142uga podstawowych narz\\u0119dzi pomiarowych (multimetr, oscyloskop, mierniki c\\u0119gowe, tester sieci),<\\\/li>\\n\n\n<li>Umiej\\u0119tno\\u015b\\u0107\\u00a0lutowanie, naprawy p\\u0142yt PCB, wymiana podzespo\\u0142\\u00f3w,<\\\/li>\\n\n\n<li>Umiej\\u0119tno\\u015b\\u0107 wykonywania okablowania, instalacji, \\u0142\\u0105czenia komponent\\u00f3w,<\\\/li>\\n\n\n<li>Znajomo\\u015b\\u0107 j. angielskiego na poziomie komunikatywnym,<\\\/li>\\n\n\n<li>Umiej\\u0119tno\\u015b\\u0107 czytania dokumentacji technicznej i serwisowej,<\\\/li>\\n\n\n<li>Umiej\\u0119tno\\u015b\\u0107 pracy samodzielnej i w zespole, gotowo\\u015b\\u0107 do wyjazd\\u00f3w zagranicznych,<\\\/li>\\n\n\n<li>Dyspozycyjno\\u015b\\u0107, komunikatywno\\u015b\\u0107, sumienno\\u015b\\u0107, punktualno\\u015b\\u0107, konsekwencja w d\\u0105\\u017ceniu do wyznaczonego celu,<\\\/li>\\n\n\n<li>Prawo jazdy kat. B.<\\\/li>\\n<\\\/ul>\\n\n\n<p><strong>Firma zapewnia:<\\\/strong><\\\/p>\\n\n\n<ul>\\n\n\n<li>Atrakcyjne wynagrodzenie adekwatne do do\\u015bwiadczenia, kwalifikacji zawodowych \\u00a0i \\u00a0zaanga\\u017cowania,<\\\/li>\\n\n\n<li>Stabilne \\u015brodowisko pracy- zatrudnienie na podstawie umowy o prac\\u0119 na czas nieokre\\u015blony,<\\\/li>\\n\n\n<li>Szkolenia zagraniczne u producent\\u00f3w urz\\u0105dze\\u0144,<\\\/li>\\n\n\n<li>Ciekaw\\u0105 prac\\u0119 nad powstaj\\u0105cymi w firmie nowymi systemami elektronicznymi,<\\\/li>\\n\n\n<li>Kontakt z najnowszymi technologiami w zakresie urz\\u0105dze\\u0144 nawigacyjnych oraz system\\u00f3w s\\u0142u\\u017c\\u0105cych do prowadzenia r\\u00f3\\u017cnego typu bada\\u0144 podwodnych,<\\\/li>\\n\n\n<li>Bogate mo\\u017cliwo\\u015bci rozwoju, przyjazn\\u0105 atmosfer\\u0119 pracy.<\\\/li>\\n<\\\/ul>\\n\n\n<p>Osoby zainteresowane og\\u0142oszeniem prosimy o z\\u0142o\\u017cenie aplikacji osobi\\u015bcie lub przes\\u0142anie na adres e-mail: <a href=\\\"mailto:rekrutacja@escort.com.pl\\\">rekrutacja@escort.com.pl<\\\/a><\\\/p>\\n\n\n<p>Skontaktujemy si\\u0119 tylko z wybranymi kandydatami. Prosimy o zapoznanie si\\u0119 z ofert\\u0105 naszej firmy.<\\\/p>\",\"margin\":\"default\"}}]}]},{\"type\":\"row\",\"children\":[{\"type\":\"column\",\"props\":{\"image_position\":\"center-center\",\"position_sticky_breakpoint\":\"m\"}}]},{\"type\":\"row\",\"props\":{\"margin\":\"large\"},\"children\":[{\"type\":\"column\",\"props\":{\"image_position\":\"center-center\",\"position_sticky_breakpoint\":\"m\",\"width_medium\":\"1-1\"},\"children\":[{\"type\":\"divider\",\"props\":{\"block_align\":\"center\",\"divider_align\":\"center\",\"divider_align_fallback\":\"center\",\"divider_element\":\"div\",\"divider_style\":\"icon\",\"maxwidth\":\"medium\"}},{\"type\":\"text\",\"props\":{\"column_breakpoint\":\"m\",\"content\":\"\n\n<p><strong>Kontakt:<\\\/strong><\\\/p>\\n\n\n<p>Escort Technology Sp. z o.o.<br \\\/>Gen. Dezyderego Ch\\u0142apowskiego 8<br \\\/>70-103 Szczecin<br \\\/>tel.: 91 4310408 \\\/ 91 4310418<br \\\/>tel. centrala: +48 91 4310400<br \\\/>fax.: +48 91 482 4777<\\\/p>\\n\n\n<p style=\\\"text-align: justify;\\\"><em>Prosimy o dopisanie klauzuli: Wyra\\u017cam zgod\\u0119 na przetwarzanie moich danych osobowych zawartych w niniejszej ofercie pracy dla potrzeb niezb\\u0119dnych do realizacji obecnego procesu rekrutacji oraz przysz\\u0142ych proces\\u00f3w rekrutacyjnych prowadzonych przez Escort Technology Sp. z o.o., zgodnie z postanowieniami Ustawy z dnia 29.08.1997 roku o Ochronie Danych Osobowych (tekst jednolity: Dz. U. z 2002 r. Nr 101, poz. 926 ze zm.). Przekazuj\\u0119 moje dane dobrowolnie maj\\u0105c \\u015bwiadomo\\u015b\\u0107, \\u017ce w ka\\u017cdej chwili przys\\u0142uguje mi prawo do ich wgl\\u0105du oraz poprawiania lub ca\\u0142kowitego usuni\\u0119cia. \\u017b\\u0105danie usuni\\u0119cia danych oznacza rezygnacj\\u0119 z dalszego udzia\\u0142u w procesach rekrutacyjnych i spowoduje niezw\\u0142oczne usuni\\u0119cie moich danych.\\\"<br \\\/><br \\\/><\\\/em><\\\/p>\\n\n\n<p><strong>Zapraszamy serdecznie !<\\\/strong><\\\/p>\",\"margin\":\"remove-vertical\",\"margin_remove_bottom\":true,\"margin_remove_top\":true}}]}]}]}],\"version\":\"4.0.13\"} --><\/p>\n","protected":false},"excerpt":{"rendered":"<p>Oferty pracy ESCORT Technology Sp. z o.o. to firma dzia\u0142aj\u0105ca na Polskim rynku od 30 lat. Ca\u0142y okres dzia\u0142ania firmy to sta\u0142y wzrost sprzeda\u017cy produkt\u00f3w i us\u0142ug oraz ci\u0105g\u0142y rozw\u00f3j. Profesjonalna i do\u015bwiadczona kadra pracownicza oraz indywidualne podej\u015bcie do ka\u017cdego klienta w znacznym stopniu przyczyniaj\u0105 si\u0119 do dynamicznego rozwoju sp\u00f3\u0142ki. Jeste\u015bmy autoryzowanym dystrybutorem \u015bwiatowych lider\u00f3w [&hellip;]<\/p>\n","protected":false},"author":1,"featured_media":0,"parent":0,"menu_order":0,"comment_status":"closed","ping_status":"closed","template":"","meta":{"footnotes":""},"class_list":["post-188","page","type-page","status-publish","hentry"],"yoast_head":"<!-- This site is optimized with the Yoast SEO plugin v27.6 - https:\/\/yoast.com\/product\/yoast-seo-wordpress\/ -->\n<title>Oferty Pracy - ESCORT TECHNOLOGY<\/title>\n<meta name=\"robots\" content=\"index, follow, max-snippet:-1, max-image-preview:large, max-video-preview:-1\" \/>\n<link rel=\"canonical\" href=\"https:\/\/escort-technology.com\/en\/oferty-pracy\/\" \/>\n<meta property=\"og:locale\" content=\"en_US\" \/>\n<meta property=\"og:type\" content=\"article\" \/>\n<meta property=\"og:title\" content=\"Oferty Pracy - ESCORT TECHNOLOGY\" \/>\n<meta property=\"og:description\" content=\"Oferty pracy ESCORT Technology Sp. z o.o. to firma dzia\u0142aj\u0105ca na Polskim rynku od 30 lat. Ca\u0142y okres dzia\u0142ania firmy to sta\u0142y wzrost sprzeda\u017cy produkt\u00f3w i us\u0142ug oraz ci\u0105g\u0142y rozw\u00f3j. Profesjonalna i do\u015bwiadczona kadra pracownicza oraz indywidualne podej\u015bcie do ka\u017cdego klienta w znacznym stopniu przyczyniaj\u0105 si\u0119 do dynamicznego rozwoju sp\u00f3\u0142ki. Jeste\u015bmy autoryzowanym dystrybutorem \u015bwiatowych lider\u00f3w [&hellip;]\" \/>\n<meta property=\"og:url\" content=\"https:\/\/escort-technology.com\/en\/oferty-pracy\/\" \/>\n<meta property=\"og:site_name\" content=\"ESCORT TECHNOLOGY\" \/>\n<meta property=\"article:publisher\" content=\"https:\/\/www.facebook.com\/elektronika.morska\/\" \/>\n<meta property=\"article:modified_time\" content=\"2025-09-12T14:14:20+00:00\" \/>\n<meta name=\"twitter:card\" content=\"summary_large_image\" \/>\n<meta name=\"twitter:label1\" content=\"Est. reading time\" \/>\n\t<meta name=\"twitter:data1\" content=\"3 minutes\" \/>\n<script type=\"application\/ld+json\" class=\"yoast-schema-graph\">{\"@context\":\"https:\\\/\\\/schema.org\",\"@graph\":[{\"@type\":\"WebPage\",\"@id\":\"https:\\\/\\\/escort-technology.com\\\/oferty-pracy\\\/\",\"url\":\"https:\\\/\\\/escort-technology.com\\\/oferty-pracy\\\/\",\"name\":\"Oferty Pracy - ESCORT TECHNOLOGY\",\"isPartOf\":{\"@id\":\"http:\\\/\\\/escort-technology.com\\\/de\\\/#website\"},\"datePublished\":\"2017-12-20T22:11:19+00:00\",\"dateModified\":\"2025-09-12T14:14:20+00:00\",\"breadcrumb\":{\"@id\":\"https:\\\/\\\/escort-technology.com\\\/oferty-pracy\\\/#breadcrumb\"},\"inLanguage\":\"en-US\",\"potentialAction\":[{\"@type\":\"ReadAction\",\"target\":[\"https:\\\/\\\/escort-technology.com\\\/oferty-pracy\\\/\"]}]},{\"@type\":\"BreadcrumbList\",\"@id\":\"https:\\\/\\\/escort-technology.com\\\/oferty-pracy\\\/#breadcrumb\",\"itemListElement\":[{\"@type\":\"ListItem\",\"position\":1,\"name\":\"Strona g\u0142\u00f3wna\",\"item\":\"https:\\\/\\\/escort-technology.com\\\/\"},{\"@type\":\"ListItem\",\"position\":2,\"name\":\"Oferty Pracy\"}]},{\"@type\":\"WebSite\",\"@id\":\"http:\\\/\\\/escort-technology.com\\\/de\\\/#website\",\"url\":\"http:\\\/\\\/escort-technology.com\\\/de\\\/\",\"name\":\"ESCORT TECHNOLOGY\",\"description\":\"Elektronika morska i l\u0105dowa\",\"publisher\":{\"@id\":\"http:\\\/\\\/escort-technology.com\\\/de\\\/#organization\"},\"potentialAction\":[{\"@type\":\"SearchAction\",\"target\":{\"@type\":\"EntryPoint\",\"urlTemplate\":\"http:\\\/\\\/escort-technology.com\\\/de\\\/?s={search_term_string}\"},\"query-input\":{\"@type\":\"PropertyValueSpecification\",\"valueRequired\":true,\"valueName\":\"search_term_string\"}}],\"inLanguage\":\"en-US\"},{\"@type\":\"Organization\",\"@id\":\"http:\\\/\\\/escort-technology.com\\\/de\\\/#organization\",\"name\":\"ESCORT TECHNOLOGY\",\"url\":\"http:\\\/\\\/escort-technology.com\\\/de\\\/\",\"logo\":{\"@type\":\"ImageObject\",\"inLanguage\":\"en-US\",\"@id\":\"http:\\\/\\\/escort-technology.com\\\/de\\\/#\\\/schema\\\/logo\\\/image\\\/\",\"url\":\"https:\\\/\\\/escort-technology.com\\\/wp-content\\\/uploads\\\/logo-1.jpg\",\"contentUrl\":\"https:\\\/\\\/escort-technology.com\\\/wp-content\\\/uploads\\\/logo-1.jpg\",\"width\":600,\"height\":165,\"caption\":\"ESCORT TECHNOLOGY\"},\"image\":{\"@id\":\"http:\\\/\\\/escort-technology.com\\\/de\\\/#\\\/schema\\\/logo\\\/image\\\/\"},\"sameAs\":[\"https:\\\/\\\/www.facebook.com\\\/elektronika.morska\\\/\",\"https:\\\/\\\/www.linkedin.com\\\/company\\\/escort-sp-z-o-o-\\\/\"]}]}<\/script>\n<!-- \/ Yoast SEO plugin. -->","yoast_head_json":{"title":"Oferty Pracy - ESCORT TECHNOLOGY","robots":{"index":"index","follow":"follow","max-snippet":"max-snippet:-1","max-image-preview":"max-image-preview:large","max-video-preview":"max-video-preview:-1"},"canonical":"https:\/\/escort-technology.com\/en\/oferty-pracy\/","og_locale":"en_US","og_type":"article","og_title":"Oferty Pracy - ESCORT TECHNOLOGY","og_description":"Oferty pracy ESCORT Technology Sp. z o.o. to firma dzia\u0142aj\u0105ca na Polskim rynku od 30 lat. Ca\u0142y okres dzia\u0142ania firmy to sta\u0142y wzrost sprzeda\u017cy produkt\u00f3w i us\u0142ug oraz ci\u0105g\u0142y rozw\u00f3j. Profesjonalna i do\u015bwiadczona kadra pracownicza oraz indywidualne podej\u015bcie do ka\u017cdego klienta w znacznym stopniu przyczyniaj\u0105 si\u0119 do dynamicznego rozwoju sp\u00f3\u0142ki. Jeste\u015bmy autoryzowanym dystrybutorem \u015bwiatowych lider\u00f3w [&hellip;]","og_url":"https:\/\/escort-technology.com\/en\/oferty-pracy\/","og_site_name":"ESCORT TECHNOLOGY","article_publisher":"https:\/\/www.facebook.com\/elektronika.morska\/","article_modified_time":"2025-09-12T14:14:20+00:00","twitter_card":"summary_large_image","twitter_misc":{"Est. reading time":"3 minutes"},"schema":{"@context":"https:\/\/schema.org","@graph":[{"@type":"WebPage","@id":"https:\/\/escort-technology.com\/oferty-pracy\/","url":"https:\/\/escort-technology.com\/oferty-pracy\/","name":"Oferty Pracy - ESCORT TECHNOLOGY","isPartOf":{"@id":"http:\/\/escort-technology.com\/de\/#website"},"datePublished":"2017-12-20T22:11:19+00:00","dateModified":"2025-09-12T14:14:20+00:00","breadcrumb":{"@id":"https:\/\/escort-technology.com\/oferty-pracy\/#breadcrumb"},"inLanguage":"en-US","potentialAction":[{"@type":"ReadAction","target":["https:\/\/escort-technology.com\/oferty-pracy\/"]}]},{"@type":"BreadcrumbList","@id":"https:\/\/escort-technology.com\/oferty-pracy\/#breadcrumb","itemListElement":[{"@type":"ListItem","position":1,"name":"Strona g\u0142\u00f3wna","item":"https:\/\/escort-technology.com\/"},{"@type":"ListItem","position":2,"name":"Oferty Pracy"}]},{"@type":"WebSite","@id":"http:\/\/escort-technology.com\/de\/#website","url":"http:\/\/escort-technology.com\/de\/","name":"ESCORT TECHNOLOGY","description":"Onshore and offshore electronics","publisher":{"@id":"http:\/\/escort-technology.com\/de\/#organization"},"potentialAction":[{"@type":"SearchAction","target":{"@type":"EntryPoint","urlTemplate":"http:\/\/escort-technology.com\/de\/?s={search_term_string}"},"query-input":{"@type":"PropertyValueSpecification","valueRequired":true,"valueName":"search_term_string"}}],"inLanguage":"en-US"},{"@type":"Organization","@id":"http:\/\/escort-technology.com\/de\/#organization","name":"ESCORT TECHNOLOGY","url":"http:\/\/escort-technology.com\/de\/","logo":{"@type":"ImageObject","inLanguage":"en-US","@id":"http:\/\/escort-technology.com\/de\/#\/schema\/logo\/image\/","url":"https:\/\/escort-technology.com\/wp-content\/uploads\/logo-1.jpg","contentUrl":"https:\/\/escort-technology.com\/wp-content\/uploads\/logo-1.jpg","width":600,"height":165,"caption":"ESCORT TECHNOLOGY"},"image":{"@id":"http:\/\/escort-technology.com\/de\/#\/schema\/logo\/image\/"},"sameAs":["https:\/\/www.facebook.com\/elektronika.morska\/","https:\/\/www.linkedin.com\/company\/escort-sp-z-o-o-\/"]}]}},"_links":{"self":[{"href":"https:\/\/escort-technology.com\/en\/wp-json\/wp\/v2\/pages\/188","targetHints":{"allow":["GET"]}}],"collection":[{"href":"https:\/\/escort-technology.com\/en\/wp-json\/wp\/v2\/pages"}],"about":[{"href":"https:\/\/escort-technology.com\/en\/wp-json\/wp\/v2\/types\/page"}],"author":[{"embeddable":true,"href":"https:\/\/escort-technology.com\/en\/wp-json\/wp\/v2\/users\/1"}],"replies":[{"embeddable":true,"href":"https:\/\/escort-technology.com\/en\/wp-json\/wp\/v2\/comments?post=188"}],"version-history":[{"count":47,"href":"https:\/\/escort-technology.com\/en\/wp-json\/wp\/v2\/pages\/188\/revisions"}],"predecessor-version":[{"id":14649,"href":"https:\/\/escort-technology.com\/en\/wp-json\/wp\/v2\/pages\/188\/revisions\/14649"}],"wp:attachment":[{"href":"https:\/\/escort-technology.com\/en\/wp-json\/wp\/v2\/media?parent=188"}],"curies":[{"name":"wp","href":"https:\/\/api.w.org\/{rel}","templated":true}]}}